{"id":60332,"date":"2021-10-26T16:39:49","date_gmt":"2021-10-26T14:39:49","guid":{"rendered":"https:\/\/marktxxl.de\/markt\/produkt\/medionic-ionic-pulser-pro-3-starter-set-silbergenerator-neues-modell\/"},"modified":"2023-04-11T02:29:14","modified_gmt":"2023-04-11T00:29:14","slug":"medionic-ionic-pulser-pro-3-starter-set-silbergenerator-neues-modell","status":"publish","type":"product","link":"https:\/\/marktxxl.de\/markt\/produkt\/medionic-ionic-pulser-pro-3-starter-set-silbergenerator-neues-modell\/","title":{"rendered":"Medionic Ionic-Pulser PRO 3 Starter-Set &#8211; Silbergenerator &#8211; Neues Modell"},"content":{"rendered":"<p>EINFACH &amp; SICHER: Die intelligente Elektronik gew\u00e4hrleistet genaue Konzentrationen bis 200ppm und h\u00f6her, ohne Zugabe von Zus\u00e4tzen. Die beiliegende Tabelle hilft Ihnen zur genauen Ermittlung der kolloidalen Silberl\u00f6sung.<br \/>\nZUVERL\u00c4SSIG: Damit der Ionic-Pulser PRO eine lange Lebensdauer erreicht, wurde ganz bewusst auf Regler, Schalter oder dergleichen verzichtet. Das Geh\u00e4use besitzt antistatische Eigenschaften. Die integrierte Elektronik ist zu 100 % vor Feuchtigkeit gesch\u00fctzt ist. Der Ionic-Pulser PRO ist wartungsfrei!<br \/>\nPRAKTISCH: Mit unserem Starter-Set k\u00f6nnen Sie direkt loslegen. Enthalten sind: Ionic Pulser im Hartschalenkoffer, ein Paar Original Silber-Elektroden, Destilliertes Wasser Aquaionic 1000ml (Empfehlung des Hersteller), je eine Braunglasflasche mit 500ml und 250ml Volumen, Braunglas Spr\u00fchflasche 100ml mit hochwertigem Zerst\u00e4uber (0,14 ml je Spr\u00fchsto\u00df), geh\u00e4rtetes Trinkglas 200ml, Kunststofftrichter mit Entl\u00fcftungsrippe und Messbecher.<br \/>\nEINSPARUNG: Durch die neue Kennzeichnung von Anode und Kathoden kann bei teuren Metallen (Gold u.a.) einfach eine preiswerte Kathode (Edelstahl o.\u00e4.) eingesetzt werden, da bei der vorliegenden Gleichstromelektrolyse die Materialabgabe nur \u00fcber die Anode erfolgt.<br \/>\nHINWEIS: Bitte beachten Sie unsere Hinweise zur Herstellung und Lagerung von kolloidalen Silber in der nachfolgenden Produktbeschreibung.<br \/>\n<div class=\"main-cross-sell\" data-asin=\"B01MSJSLDO\">\n\n\t<div class=\"WooZone-cross-sell-loader\">\n\t\t<div>\n\t\t\t<div id=\"floatingBarsG\">\n\t\t\t\t<div class=\"blockG\" id=\"rotateG_01\"><\/div>\n\t\t\t\t<div class=\"blockG\" id=\"rotateG_02\"><\/div>\n\t\t\t\t<div class=\"blockG\" id=\"rotateG_03\"><\/div>\n\t\t\t\t<div class=\"blockG\" id=\"rotateG_04\"><\/div>\n\t\t\t\t<div class=\"blockG\" id=\"rotateG_05\"><\/div>\n\t\t\t\t<div class=\"blockG\" id=\"rotateG_06\"><\/div>\n\t\t\t\t<div class=\"blockG\" id=\"rotateG_07\"><\/div>\n\t\t\t\t<div class=\"blockG\" id=\"rotateG_08\"><\/div>\n\t\t\t<\/div>\n\t\t\t<div class=\"WooZone-cross-sell-loader-text\"><\/div>\n\t\t<\/div>\n\t<\/div>\n\n\t\t\n<\/div>\n<div style=\"clear:both;\"><\/div><\/p>\n","protected":false},"excerpt":{"rendered":"<p>EINFACH &amp; SICHER: Die intelligente Elektronik gew\u00e4hrleistet genaue Konzentrationen bis 200ppm und h\u00f6her, ohne Zugabe von Zus\u00e4tzen. Die beiliegende Tabelle hilft Ihnen zur genauen Ermittlung der kolloidalen Silberl\u00f6sung.<br \/>\nZUVERL\u00c4SSIG: Damit der Ionic-Pulser PRO eine lange Lebensdauer erreicht, wurde ganz bewusst auf Regler, Schalter oder dergleichen verzichtet. Das Geh\u00e4use besitzt antistatische Eigenschaften. Die integrierte Elektronik ist zu 100 % vor Feuchtigkeit gesch\u00fctzt ist. Der Ionic-Pulser PRO ist wartungsfrei!<br \/>\nPRAKTISCH: Mit unserem Starter-Set k\u00f6nnen Sie direkt loslegen. Enthalten sind: Ionic Pulser im Hartschalenkoffer, ein Paar Original Silber-Elektroden, Destilliertes Wasser Aquaionic 1000ml (Empfehlung des Hersteller), je eine Braunglasflasche mit 500ml und 250ml Volumen, Braunglas Spr\u00fchflasche 100ml mit hochwertigem Zerst\u00e4uber (0,14 ml je Spr\u00fchsto\u00df), geh\u00e4rtetes Trinkglas 200ml, Kunststofftrichter mit Entl\u00fcftungsrippe und Messbecher.<\/p>\n","protected":false},"featured_media":60333,"comment_status":"open","ping_status":"closed","template":"","meta":[],"product_brand":[],"product_cat":[566,5908],"product_tag":[],"class_list":{"0":"post-60332","1":"product","2":"type-product","3":"status-publish","4":"has-post-thumbnail","6":"product_cat-drogerie-koerperpflege","7":"product_cat-medizinische-geraete-verbrauchsmaterialien","8":"pa_binding-badartikel","9":"pa_brand-medionic","10":"pa_manufacturer-starrider-elements","11":"pa_size-1-stueck-1er-pack","13":"first","14":"instock","15":"shipping-taxable","16":"purchasable","17":"product-type-simple","18":"customify-col","19":"product-has-gallery"},"yoast_head":"<!-- This site is optimized with the Yoast SEO plugin v27.3 - https:\/\/yoast.com\/product\/yoast-seo-wordpress\/ -->\n<title>Medionic Ionic-Pulser PRO 3 Starter-Set - Silbergenerator - Neues Modell - Markt-XXL<\/title>\n<meta name=\"description\" content=\"Markt-XXL Medionic Ionic-Pulser PRO 3 Starter-Set - Silbergenerator - Neues Modell\" \/>\n<meta name=\"robots\" content=\"index, follow, max-snippet:-1, max-image-preview:large, max-video-preview:-1\" \/>\n<link rel=\"canonical\" href=\"https:\/\/marktxxl.de\/markt\/produkt\/medionic-ionic-pulser-pro-3-starter-set-silbergenerator-neues-modell\/\" \/>\n<meta property=\"og:locale\" content=\"de_DE\" \/>\n<meta property=\"og:type\" content=\"article\" \/>\n<meta property=\"og:title\" content=\"Medionic Ionic-Pulser PRO 3 Starter-Set - Silbergenerator - Neues Modell - Markt-XXL\" \/>\n<meta property=\"og:description\" content=\"Markt-XXL Medionic Ionic-Pulser PRO 3 Starter-Set - Silbergenerator - Neues Modell\" \/>\n<meta property=\"og:url\" content=\"https:\/\/marktxxl.de\/markt\/produkt\/medionic-ionic-pulser-pro-3-starter-set-silbergenerator-neues-modell\/\" \/>\n<meta property=\"og:site_name\" content=\"Markt-XXL\" \/>\n<meta property=\"article:modified_time\" content=\"2023-04-11T00:29:14+00:00\" \/>\n<meta property=\"og:image\" content=\"https:\/\/m.media-amazon.com\/images\/I\/41ntwbzeNyL._SL500_.jpg\" \/>\n\t<meta property=\"og:image:width\" content=\"500\" \/>\n\t<meta property=\"og:image:height\" content=\"500\" \/>\n\t<meta property=\"og:image:type\" content=\"image\/jpeg\" \/>\n<meta name=\"twitter:card\" content=\"summary_large_image\" \/>\n<meta name=\"twitter:label1\" content=\"Gesch\u00e4tzte Lesezeit\" \/>\n\t<meta name=\"twitter:data1\" content=\"1\u00a0Minute\" \/>\n<script type=\"application\/ld+json\" class=\"yoast-schema-graph\">{\"@context\":\"https:\\\/\\\/schema.org\",\"@graph\":[{\"@type\":\"WebPage\",\"@id\":\"https:\\\/\\\/marktxxl.de\\\/markt\\\/produkt\\\/medionic-ionic-pulser-pro-3-starter-set-silbergenerator-neues-modell\\\/\",\"url\":\"https:\\\/\\\/marktxxl.de\\\/markt\\\/produkt\\\/medionic-ionic-pulser-pro-3-starter-set-silbergenerator-neues-modell\\\/\",\"name\":\"Medionic Ionic-Pulser PRO 3 Starter-Set - Silbergenerator - Neues Modell - Markt-XXL\",\"isPartOf\":{\"@id\":\"https:\\\/\\\/marktxxl.de\\\/markt\\\/#website\"},\"primaryImageOfPage\":{\"@id\":\"https:\\\/\\\/marktxxl.de\\\/markt\\\/produkt\\\/medionic-ionic-pulser-pro-3-starter-set-silbergenerator-neues-modell\\\/#primaryimage\"},\"image\":{\"@id\":\"https:\\\/\\\/marktxxl.de\\\/markt\\\/produkt\\\/medionic-ionic-pulser-pro-3-starter-set-silbergenerator-neues-modell\\\/#primaryimage\"},\"thumbnailUrl\":\"https:\\\/\\\/m.media-amazon.com\\\/images\\\/I\\\/41ntwbzeNyL._SL500_.jpg\",\"datePublished\":\"2021-10-26T14:39:49+00:00\",\"dateModified\":\"2023-04-11T00:29:14+00:00\",\"description\":\"Markt-XXL Medionic Ionic-Pulser PRO 3 Starter-Set - Silbergenerator - Neues Modell\",\"breadcrumb\":{\"@id\":\"https:\\\/\\\/marktxxl.de\\\/markt\\\/produkt\\\/medionic-ionic-pulser-pro-3-starter-set-silbergenerator-neues-modell\\\/#breadcrumb\"},\"inLanguage\":\"de\",\"potentialAction\":[{\"@type\":\"ReadAction\",\"target\":[\"https:\\\/\\\/marktxxl.de\\\/markt\\\/produkt\\\/medionic-ionic-pulser-pro-3-starter-set-silbergenerator-neues-modell\\\/\"]}]},{\"@type\":\"ImageObject\",\"inLanguage\":\"de\",\"@id\":\"https:\\\/\\\/marktxxl.de\\\/markt\\\/produkt\\\/medionic-ionic-pulser-pro-3-starter-set-silbergenerator-neues-modell\\\/#primaryimage\",\"url\":\"https:\\\/\\\/m.media-amazon.com\\\/images\\\/I\\\/41ntwbzeNyL._SL500_.jpg\",\"contentUrl\":\"https:\\\/\\\/m.media-amazon.com\\\/images\\\/I\\\/41ntwbzeNyL._SL500_.jpg\",\"width\":500,\"height\":500},{\"@type\":\"BreadcrumbList\",\"@id\":\"https:\\\/\\\/marktxxl.de\\\/markt\\\/produkt\\\/medionic-ionic-pulser-pro-3-starter-set-silbergenerator-neues-modell\\\/#breadcrumb\",\"itemListElement\":[{\"@type\":\"ListItem\",\"position\":1,\"name\":\"Startseite\",\"item\":\"https:\\\/\\\/marktxxl.de\\\/markt\\\/\"},{\"@type\":\"ListItem\",\"position\":2,\"name\":\"Markt\",\"item\":\"https:\\\/\\\/marktxxl.de\\\/markt\\\/\"},{\"@type\":\"ListItem\",\"position\":3,\"name\":\"Medionic Ionic-Pulser PRO 3 Starter-Set &#8211; Silbergenerator &#8211; Neues Modell\"}]},{\"@type\":\"WebSite\",\"@id\":\"https:\\\/\\\/marktxxl.de\\\/markt\\\/#website\",\"url\":\"https:\\\/\\\/marktxxl.de\\\/markt\\\/\",\"name\":\"Markt-XXL\",\"description\":\"Ihr Markt Online\",\"publisher\":{\"@id\":\"https:\\\/\\\/marktxxl.de\\\/markt\\\/#organization\"},\"potentialAction\":[{\"@type\":\"SearchAction\",\"target\":{\"@type\":\"EntryPoint\",\"urlTemplate\":\"https:\\\/\\\/marktxxl.de\\\/markt\\\/?s={search_term_string}\"},\"query-input\":{\"@type\":\"PropertyValueSpecification\",\"valueRequired\":true,\"valueName\":\"search_term_string\"}}],\"inLanguage\":\"de\"},{\"@type\":\"Organization\",\"@id\":\"https:\\\/\\\/marktxxl.de\\\/markt\\\/#organization\",\"name\":\"Markt-XXL\",\"url\":\"https:\\\/\\\/marktxxl.de\\\/markt\\\/\",\"logo\":{\"@type\":\"ImageObject\",\"inLanguage\":\"de\",\"@id\":\"https:\\\/\\\/marktxxl.de\\\/markt\\\/#\\\/schema\\\/logo\\\/image\\\/\",\"url\":\"https:\\\/\\\/marktxxl.de\\\/markt\\\/wp-content\\\/uploads\\\/sites\\\/3\\\/2020\\\/12\\\/logo.png\",\"contentUrl\":\"https:\\\/\\\/marktxxl.de\\\/markt\\\/wp-content\\\/uploads\\\/sites\\\/3\\\/2020\\\/12\\\/logo.png\",\"width\":200,\"height\":70,\"caption\":\"Markt-XXL\"},\"image\":{\"@id\":\"https:\\\/\\\/marktxxl.de\\\/markt\\\/#\\\/schema\\\/logo\\\/image\\\/\"}}]}<\/script>\n<!-- \/ Yoast SEO plugin. -->","yoast_head_json":{"title":"Medionic Ionic-Pulser PRO 3 Starter-Set - Silbergenerator - Neues Modell - Markt-XXL","description":"Markt-XXL Medionic Ionic-Pulser PRO 3 Starter-Set - Silbergenerator - Neues Modell","robots":{"index":"index","follow":"follow","max-snippet":"max-snippet:-1","max-image-preview":"max-image-preview:large","max-video-preview":"max-video-preview:-1"},"canonical":"https:\/\/marktxxl.de\/markt\/produkt\/medionic-ionic-pulser-pro-3-starter-set-silbergenerator-neues-modell\/","og_locale":"de_DE","og_type":"article","og_title":"Medionic Ionic-Pulser PRO 3 Starter-Set - Silbergenerator - Neues Modell - Markt-XXL","og_description":"Markt-XXL Medionic Ionic-Pulser PRO 3 Starter-Set - Silbergenerator - Neues Modell","og_url":"https:\/\/marktxxl.de\/markt\/produkt\/medionic-ionic-pulser-pro-3-starter-set-silbergenerator-neues-modell\/","og_site_name":"Markt-XXL","article_modified_time":"2023-04-11T00:29:14+00:00","og_image":[{"width":500,"height":500,"url":"https:\/\/m.media-amazon.com\/images\/I\/41ntwbzeNyL._SL500_.jpg","type":"image\/jpeg"}],"twitter_card":"summary_large_image","twitter_misc":{"Gesch\u00e4tzte Lesezeit":"1\u00a0Minute"},"schema":{"@context":"https:\/\/schema.org","@graph":[{"@type":"WebPage","@id":"https:\/\/marktxxl.de\/markt\/produkt\/medionic-ionic-pulser-pro-3-starter-set-silbergenerator-neues-modell\/","url":"https:\/\/marktxxl.de\/markt\/produkt\/medionic-ionic-pulser-pro-3-starter-set-silbergenerator-neues-modell\/","name":"Medionic Ionic-Pulser PRO 3 Starter-Set - Silbergenerator - Neues Modell - Markt-XXL","isPartOf":{"@id":"https:\/\/marktxxl.de\/markt\/#website"},"primaryImageOfPage":{"@id":"https:\/\/marktxxl.de\/markt\/produkt\/medionic-ionic-pulser-pro-3-starter-set-silbergenerator-neues-modell\/#primaryimage"},"image":{"@id":"https:\/\/marktxxl.de\/markt\/produkt\/medionic-ionic-pulser-pro-3-starter-set-silbergenerator-neues-modell\/#primaryimage"},"thumbnailUrl":"https:\/\/m.media-amazon.com\/images\/I\/41ntwbzeNyL._SL500_.jpg","datePublished":"2021-10-26T14:39:49+00:00","dateModified":"2023-04-11T00:29:14+00:00","description":"Markt-XXL Medionic Ionic-Pulser PRO 3 Starter-Set - Silbergenerator - Neues Modell","breadcrumb":{"@id":"https:\/\/marktxxl.de\/markt\/produkt\/medionic-ionic-pulser-pro-3-starter-set-silbergenerator-neues-modell\/#breadcrumb"},"inLanguage":"de","potentialAction":[{"@type":"ReadAction","target":["https:\/\/marktxxl.de\/markt\/produkt\/medionic-ionic-pulser-pro-3-starter-set-silbergenerator-neues-modell\/"]}]},{"@type":"ImageObject","inLanguage":"de","@id":"https:\/\/marktxxl.de\/markt\/produkt\/medionic-ionic-pulser-pro-3-starter-set-silbergenerator-neues-modell\/#primaryimage","url":"https:\/\/m.media-amazon.com\/images\/I\/41ntwbzeNyL._SL500_.jpg","contentUrl":"https:\/\/m.media-amazon.com\/images\/I\/41ntwbzeNyL._SL500_.jpg","width":500,"height":500},{"@type":"BreadcrumbList","@id":"https:\/\/marktxxl.de\/markt\/produkt\/medionic-ionic-pulser-pro-3-starter-set-silbergenerator-neues-modell\/#breadcrumb","itemListElement":[{"@type":"ListItem","position":1,"name":"Startseite","item":"https:\/\/marktxxl.de\/markt\/"},{"@type":"ListItem","position":2,"name":"Markt","item":"https:\/\/marktxxl.de\/markt\/"},{"@type":"ListItem","position":3,"name":"Medionic Ionic-Pulser PRO 3 Starter-Set &#8211; Silbergenerator &#8211; Neues Modell"}]},{"@type":"WebSite","@id":"https:\/\/marktxxl.de\/markt\/#website","url":"https:\/\/marktxxl.de\/markt\/","name":"Markt-XXL","description":"Ihr Markt Online","publisher":{"@id":"https:\/\/marktxxl.de\/markt\/#organization"},"potentialAction":[{"@type":"SearchAction","target":{"@type":"EntryPoint","urlTemplate":"https:\/\/marktxxl.de\/markt\/?s={search_term_string}"},"query-input":{"@type":"PropertyValueSpecification","valueRequired":true,"valueName":"search_term_string"}}],"inLanguage":"de"},{"@type":"Organization","@id":"https:\/\/marktxxl.de\/markt\/#organization","name":"Markt-XXL","url":"https:\/\/marktxxl.de\/markt\/","logo":{"@type":"ImageObject","inLanguage":"de","@id":"https:\/\/marktxxl.de\/markt\/#\/schema\/logo\/image\/","url":"https:\/\/marktxxl.de\/markt\/wp-content\/uploads\/sites\/3\/2020\/12\/logo.png","contentUrl":"https:\/\/marktxxl.de\/markt\/wp-content\/uploads\/sites\/3\/2020\/12\/logo.png","width":200,"height":70,"caption":"Markt-XXL"},"image":{"@id":"https:\/\/marktxxl.de\/markt\/#\/schema\/logo\/image\/"}}]}},"_links":{"self":[{"href":"https:\/\/marktxxl.de\/markt\/wp-json\/wp\/v2\/product\/60332","targetHints":{"allow":["GET"]}}],"collection":[{"href":"https:\/\/marktxxl.de\/markt\/wp-json\/wp\/v2\/product"}],"about":[{"href":"https:\/\/marktxxl.de\/markt\/wp-json\/wp\/v2\/types\/product"}],"replies":[{"embeddable":true,"href":"https:\/\/marktxxl.de\/markt\/wp-json\/wp\/v2\/comments?post=60332"}],"wp:featuredmedia":[{"embeddable":true,"href":"https:\/\/marktxxl.de\/markt\/wp-json\/wp\/v2\/media\/60333"}],"wp:attachment":[{"href":"https:\/\/marktxxl.de\/markt\/wp-json\/wp\/v2\/media?parent=60332"}],"wp:term":[{"taxonomy":"product_brand","embeddable":true,"href":"https:\/\/marktxxl.de\/markt\/wp-json\/wp\/v2\/product_brand?post=60332"},{"taxonomy":"product_cat","embeddable":true,"href":"https:\/\/marktxxl.de\/markt\/wp-json\/wp\/v2\/product_cat?post=60332"},{"taxonomy":"product_tag","embeddable":true,"href":"https:\/\/marktxxl.de\/markt\/wp-json\/wp\/v2\/product_tag?post=60332"}],"curies":[{"name":"wp","href":"https:\/\/api.w.org\/{rel}","templated":true}]}}