{"id":60300,"date":"2021-10-26T16:39:39","date_gmt":"2021-10-26T14:39:39","guid":{"rendered":"https:\/\/marktxxl.de\/markt\/produkt\/gornation%ef%b8%8f-resistance-bands-tueranker-premium-equipment-fuer-fitness-calisthenics-home-workouts-fitness-baender-einzeln-im-set-tueranker-fuer-den-sport-zuhause\/"},"modified":"2023-04-11T02:29:14","modified_gmt":"2023-04-11T00:29:14","slug":"gornation%ef%b8%8f-resistance-bands-tueranker-premium-equipment-fuer-fitness-calisthenics-home-workouts-fitness-baender-einzeln-im-set-tueranker-fuer-den-sport-zuhause","status":"publish","type":"product","link":"https:\/\/marktxxl.de\/markt\/produkt\/gornation%ef%b8%8f-resistance-bands-tueranker-premium-equipment-fuer-fitness-calisthenics-home-workouts-fitness-baender-einzeln-im-set-tueranker-fuer-den-sport-zuhause\/","title":{"rendered":"GORNATION Resistance Bands &#8211; Widerstandsb\u00e4nder f\u00fcr Fitness, Calisthenics, Krafttraining &amp; Home Gym &#8211; Sets inkl. T\u00fcranker\u2026"},"content":{"rendered":"<p>EFFEKTIVES TRAINING INDOOR &amp; OUTDOOR | Das beliebteste Fitness-Equipment f\u00fcr Workouts zuhause &amp; an der frischen Luft. Einfach zu verstauen &amp; unendlich viele Einsatzm\u00f6glichkeiten f\u00fcr dein Training.<br \/>\nB\u00c4NDER MIT GEWICHTSMARKIERUNGEN | Die Zahlen auf den Resistance Bands lassen dich wissen, wie hoch z.B. der Widerstand bei Bizeps Curls oder die Unterst\u00fctzung bei Pull Ups ist. Das Upgrade f\u00fcr dein Training.<br \/>\nLANGE HALTBARKEIT DURCH ZWEI LAGEN | Das zweifarbige Design &amp; die doppelte Schicht bewirken, dass die Resistance Bands jahrelang dein treues Equipment im Gym, Calisthenics Park &amp; Home Workout bleiben.<br \/>\nROBUSTER T\u00dcRANKER | In Sekundenschnelle an jeder T\u00fcr befestigt mit extra starken N\u00e4hten f\u00fcr Fitnessb\u00e4nder, Schlingentrainer, Therab\u00e4nder &amp; Yogagurte. Geeignet f\u00fcr unz\u00e4hlige Fitness- &amp; Calisthenics-\u00dcbungen.<br \/>\nEINZELN &amp; IM SET ERH\u00c4LTLICH | T\u00fcranker &amp; Resistance Bands sind einzeln mit kleiner Tasche erh\u00e4ltlich oder du entscheidest dich f\u00fcr ein Set mit 3 oder 4 B\u00e4ndern, T\u00fcranker &amp; gro\u00dfer Tasche f\u00fcr deine Workouts.<br \/>\n<div class=\"main-cross-sell\" data-asin=\"B07MK93NSW\">\n\n\t<div class=\"WooZone-cross-sell-loader\">\n\t\t<div>\n\t\t\t<div id=\"floatingBarsG\">\n\t\t\t\t<div class=\"blockG\" id=\"rotateG_01\"><\/div>\n\t\t\t\t<div class=\"blockG\" id=\"rotateG_02\"><\/div>\n\t\t\t\t<div class=\"blockG\" id=\"rotateG_03\"><\/div>\n\t\t\t\t<div class=\"blockG\" id=\"rotateG_04\"><\/div>\n\t\t\t\t<div class=\"blockG\" id=\"rotateG_05\"><\/div>\n\t\t\t\t<div class=\"blockG\" id=\"rotateG_06\"><\/div>\n\t\t\t\t<div class=\"blockG\" id=\"rotateG_07\"><\/div>\n\t\t\t\t<div class=\"blockG\" id=\"rotateG_08\"><\/div>\n\t\t\t<\/div>\n\t\t\t<div class=\"WooZone-cross-sell-loader-text\"><\/div>\n\t\t<\/div>\n\t<\/div>\n\n\t\t\n<\/div>\n<div style=\"clear:both;\"><\/div><\/p>\n","protected":false},"excerpt":{"rendered":"<p>EFFEKTIVES TRAINING INDOOR &amp; OUTDOOR | Das beliebteste Fitness-Equipment f\u00fcr Workouts zuhause &amp; an der frischen Luft. Einfach zu verstauen &amp; unendlich viele Einsatzm\u00f6glichkeiten f\u00fcr dein Training.<br \/>\nB\u00c4NDER MIT GEWICHTSMARKIERUNGEN | Die Zahlen auf den Resistance Bands lassen dich wissen, wie hoch z.B. der Widerstand bei Bizeps Curls oder die Unterst\u00fctzung bei Pull Ups ist. Das Upgrade f\u00fcr dein Training.<br \/>\nLANGE HALTBARKEIT DURCH ZWEI LAGEN | Das zweifarbige Design &amp; die doppelte Schicht bewirken, dass die Resistance Bands jahrelang dein treues Equipment im Gym, Calisthenics Park &amp; Home Workout bleiben.<\/p>\n","protected":false},"featured_media":60308,"comment_status":"open","ping_status":"closed","template":"","meta":[],"product_brand":[],"product_cat":[566,5908],"product_tag":[],"class_list":{"0":"post-60300","1":"product","2":"type-product","3":"status-publish","4":"has-post-thumbnail","6":"product_cat-drogerie-koerperpflege","7":"product_cat-medizinische-geraete-verbrauchsmaterialien","8":"pa_brand-gornation","9":"pa_farbe-1-rot-5-15kg-widerstand","10":"pa_farbe-2-gelb-10-30kg-widerstand","11":"pa_farbe-3-gruen-20-40kg-widerstand","12":"pa_farbe-4-orange-25-60kg-widerstand","13":"pa_farbe-set-3-baender-rot-gelb-gruen","14":"pa_farbe-set-4-baender-rot-gelb-gruen-orange","15":"pa_farbe-tueranker","16":"pa_manufacturer-gornation","18":"first","19":"instock","20":"shipping-taxable","21":"purchasable","22":"product-type-variable","23":"customify-col","24":"product-has-gallery"},"yoast_head":"<!-- This site is optimized with the Yoast SEO plugin v27.4 - https:\/\/yoast.com\/product\/yoast-seo-wordpress\/ -->\n<title>GORNATION Resistance Bands - Widerstandsb\u00e4nder f\u00fcr Fitness, Calisthenics, Krafttraining &amp; Home Gym - Sets inkl. T\u00fcranker\u2026 - Markt-XXL<\/title>\n<meta name=\"description\" content=\"Markt-XXL GORNATION Resistance Bands - Widerstandsb\u00e4nder f\u00fcr Fitness, Calisthenics, Krafttraining &amp; Home Gym - Sets inkl. T\u00fcranker\u2026\" \/>\n<meta name=\"robots\" content=\"index, follow, max-snippet:-1, max-image-preview:large, max-video-preview:-1\" \/>\n<link rel=\"canonical\" href=\"https:\/\/marktxxl.de\/markt\/produkt\/gornation\ufe0f-resistance-bands-tueranker-premium-equipment-fuer-fitness-calisthenics-home-workouts-fitness-baender-einzeln-im-set-tueranker-fuer-den-sport-zuhause\/\" \/>\n<meta property=\"og:locale\" content=\"de_DE\" \/>\n<meta property=\"og:type\" content=\"article\" \/>\n<meta property=\"og:title\" content=\"GORNATION Resistance Bands - Widerstandsb\u00e4nder f\u00fcr Fitness, Calisthenics, Krafttraining &amp; Home Gym - Sets inkl. T\u00fcranker\u2026 - Markt-XXL\" \/>\n<meta property=\"og:description\" content=\"Markt-XXL GORNATION Resistance Bands - Widerstandsb\u00e4nder f\u00fcr Fitness, Calisthenics, Krafttraining &amp; Home Gym - Sets inkl. T\u00fcranker\u2026\" \/>\n<meta property=\"og:url\" content=\"https:\/\/marktxxl.de\/markt\/produkt\/gornation\ufe0f-resistance-bands-tueranker-premium-equipment-fuer-fitness-calisthenics-home-workouts-fitness-baender-einzeln-im-set-tueranker-fuer-den-sport-zuhause\/\" \/>\n<meta property=\"og:site_name\" content=\"Markt-XXL\" \/>\n<meta property=\"article:modified_time\" content=\"2023-04-11T00:29:14+00:00\" \/>\n<meta property=\"og:image\" content=\"https:\/\/m.media-amazon.com\/images\/I\/51UmUHH9wqL._SL500_.jpg\" \/>\n\t<meta property=\"og:image:width\" content=\"500\" \/>\n\t<meta property=\"og:image:height\" content=\"500\" \/>\n\t<meta property=\"og:image:type\" content=\"image\/jpeg\" \/>\n<meta name=\"twitter:card\" content=\"summary_large_image\" \/>\n<meta name=\"twitter:label1\" content=\"Gesch\u00e4tzte Lesezeit\" \/>\n\t<meta name=\"twitter:data1\" content=\"1\u00a0Minute\" \/>\n<script type=\"application\/ld+json\" class=\"yoast-schema-graph\">{\"@context\":\"https:\\\/\\\/schema.org\",\"@graph\":[{\"@type\":\"WebPage\",\"@id\":\"https:\\\/\\\/marktxxl.de\\\/markt\\\/produkt\\\/gornation%ef%b8%8f-resistance-bands-tueranker-premium-equipment-fuer-fitness-calisthenics-home-workouts-fitness-baender-einzeln-im-set-tueranker-fuer-den-sport-zuhause\\\/\",\"url\":\"https:\\\/\\\/marktxxl.de\\\/markt\\\/produkt\\\/gornation%ef%b8%8f-resistance-bands-tueranker-premium-equipment-fuer-fitness-calisthenics-home-workouts-fitness-baender-einzeln-im-set-tueranker-fuer-den-sport-zuhause\\\/\",\"name\":\"GORNATION Resistance Bands - Widerstandsb\u00e4nder f\u00fcr Fitness, Calisthenics, Krafttraining &amp; Home Gym - Sets inkl. T\u00fcranker\u2026 - Markt-XXL\",\"isPartOf\":{\"@id\":\"https:\\\/\\\/marktxxl.de\\\/markt\\\/#website\"},\"primaryImageOfPage\":{\"@id\":\"https:\\\/\\\/marktxxl.de\\\/markt\\\/produkt\\\/gornation%ef%b8%8f-resistance-bands-tueranker-premium-equipment-fuer-fitness-calisthenics-home-workouts-fitness-baender-einzeln-im-set-tueranker-fuer-den-sport-zuhause\\\/#primaryimage\"},\"image\":{\"@id\":\"https:\\\/\\\/marktxxl.de\\\/markt\\\/produkt\\\/gornation%ef%b8%8f-resistance-bands-tueranker-premium-equipment-fuer-fitness-calisthenics-home-workouts-fitness-baender-einzeln-im-set-tueranker-fuer-den-sport-zuhause\\\/#primaryimage\"},\"thumbnailUrl\":\"https:\\\/\\\/m.media-amazon.com\\\/images\\\/I\\\/51UmUHH9wqL._SL500_.jpg\",\"datePublished\":\"2021-10-26T14:39:39+00:00\",\"dateModified\":\"2023-04-11T00:29:14+00:00\",\"description\":\"Markt-XXL GORNATION Resistance Bands - Widerstandsb\u00e4nder f\u00fcr Fitness, Calisthenics, Krafttraining &amp; Home Gym - Sets inkl. T\u00fcranker\u2026\",\"breadcrumb\":{\"@id\":\"https:\\\/\\\/marktxxl.de\\\/markt\\\/produkt\\\/gornation%ef%b8%8f-resistance-bands-tueranker-premium-equipment-fuer-fitness-calisthenics-home-workouts-fitness-baender-einzeln-im-set-tueranker-fuer-den-sport-zuhause\\\/#breadcrumb\"},\"inLanguage\":\"de\",\"potentialAction\":[{\"@type\":\"ReadAction\",\"target\":[\"https:\\\/\\\/marktxxl.de\\\/markt\\\/produkt\\\/gornation%ef%b8%8f-resistance-bands-tueranker-premium-equipment-fuer-fitness-calisthenics-home-workouts-fitness-baender-einzeln-im-set-tueranker-fuer-den-sport-zuhause\\\/\"]}]},{\"@type\":\"ImageObject\",\"inLanguage\":\"de\",\"@id\":\"https:\\\/\\\/marktxxl.de\\\/markt\\\/produkt\\\/gornation%ef%b8%8f-resistance-bands-tueranker-premium-equipment-fuer-fitness-calisthenics-home-workouts-fitness-baender-einzeln-im-set-tueranker-fuer-den-sport-zuhause\\\/#primaryimage\",\"url\":\"https:\\\/\\\/m.media-amazon.com\\\/images\\\/I\\\/51UmUHH9wqL._SL500_.jpg\",\"contentUrl\":\"https:\\\/\\\/m.media-amazon.com\\\/images\\\/I\\\/51UmUHH9wqL._SL500_.jpg\",\"width\":500,\"height\":500},{\"@type\":\"BreadcrumbList\",\"@id\":\"https:\\\/\\\/marktxxl.de\\\/markt\\\/produkt\\\/gornation%ef%b8%8f-resistance-bands-tueranker-premium-equipment-fuer-fitness-calisthenics-home-workouts-fitness-baender-einzeln-im-set-tueranker-fuer-den-sport-zuhause\\\/#breadcrumb\",\"itemListElement\":[{\"@type\":\"ListItem\",\"position\":1,\"name\":\"Startseite\",\"item\":\"https:\\\/\\\/marktxxl.de\\\/markt\\\/\"},{\"@type\":\"ListItem\",\"position\":2,\"name\":\"Markt\",\"item\":\"https:\\\/\\\/marktxxl.de\\\/markt\\\/\"},{\"@type\":\"ListItem\",\"position\":3,\"name\":\"GORNATION Resistance Bands &#8211; Widerstandsb\u00e4nder f\u00fcr Fitness, Calisthenics, Krafttraining &amp; Home Gym &#8211; Sets inkl. T\u00fcranker\u2026\"}]},{\"@type\":\"WebSite\",\"@id\":\"https:\\\/\\\/marktxxl.de\\\/markt\\\/#website\",\"url\":\"https:\\\/\\\/marktxxl.de\\\/markt\\\/\",\"name\":\"Markt-XXL\",\"description\":\"Ihr Markt Online\",\"publisher\":{\"@id\":\"https:\\\/\\\/marktxxl.de\\\/markt\\\/#organization\"},\"potentialAction\":[{\"@type\":\"SearchAction\",\"target\":{\"@type\":\"EntryPoint\",\"urlTemplate\":\"https:\\\/\\\/marktxxl.de\\\/markt\\\/?s={search_term_string}\"},\"query-input\":{\"@type\":\"PropertyValueSpecification\",\"valueRequired\":true,\"valueName\":\"search_term_string\"}}],\"inLanguage\":\"de\"},{\"@type\":\"Organization\",\"@id\":\"https:\\\/\\\/marktxxl.de\\\/markt\\\/#organization\",\"name\":\"Markt-XXL\",\"url\":\"https:\\\/\\\/marktxxl.de\\\/markt\\\/\",\"logo\":{\"@type\":\"ImageObject\",\"inLanguage\":\"de\",\"@id\":\"https:\\\/\\\/marktxxl.de\\\/markt\\\/#\\\/schema\\\/logo\\\/image\\\/\",\"url\":\"https:\\\/\\\/marktxxl.de\\\/markt\\\/wp-content\\\/uploads\\\/sites\\\/3\\\/2020\\\/12\\\/logo.png\",\"contentUrl\":\"https:\\\/\\\/marktxxl.de\\\/markt\\\/wp-content\\\/uploads\\\/sites\\\/3\\\/2020\\\/12\\\/logo.png\",\"width\":200,\"height\":70,\"caption\":\"Markt-XXL\"},\"image\":{\"@id\":\"https:\\\/\\\/marktxxl.de\\\/markt\\\/#\\\/schema\\\/logo\\\/image\\\/\"}}]}<\/script>\n<!-- \/ Yoast SEO plugin. -->","yoast_head_json":{"title":"GORNATION Resistance Bands - Widerstandsb\u00e4nder f\u00fcr Fitness, Calisthenics, Krafttraining &amp; Home Gym - Sets inkl. T\u00fcranker\u2026 - Markt-XXL","description":"Markt-XXL GORNATION Resistance Bands - Widerstandsb\u00e4nder f\u00fcr Fitness, Calisthenics, Krafttraining &amp; Home Gym - Sets inkl. T\u00fcranker\u2026","robots":{"index":"index","follow":"follow","max-snippet":"max-snippet:-1","max-image-preview":"max-image-preview:large","max-video-preview":"max-video-preview:-1"},"canonical":"https:\/\/marktxxl.de\/markt\/produkt\/gornation\ufe0f-resistance-bands-tueranker-premium-equipment-fuer-fitness-calisthenics-home-workouts-fitness-baender-einzeln-im-set-tueranker-fuer-den-sport-zuhause\/","og_locale":"de_DE","og_type":"article","og_title":"GORNATION Resistance Bands - Widerstandsb\u00e4nder f\u00fcr Fitness, Calisthenics, Krafttraining &amp; Home Gym - Sets inkl. T\u00fcranker\u2026 - Markt-XXL","og_description":"Markt-XXL GORNATION Resistance Bands - Widerstandsb\u00e4nder f\u00fcr Fitness, Calisthenics, Krafttraining &amp; Home Gym - Sets inkl. T\u00fcranker\u2026","og_url":"https:\/\/marktxxl.de\/markt\/produkt\/gornation\ufe0f-resistance-bands-tueranker-premium-equipment-fuer-fitness-calisthenics-home-workouts-fitness-baender-einzeln-im-set-tueranker-fuer-den-sport-zuhause\/","og_site_name":"Markt-XXL","article_modified_time":"2023-04-11T00:29:14+00:00","og_image":[{"width":500,"height":500,"url":"https:\/\/m.media-amazon.com\/images\/I\/51UmUHH9wqL._SL500_.jpg","type":"image\/jpeg"}],"twitter_card":"summary_large_image","twitter_misc":{"Gesch\u00e4tzte Lesezeit":"1\u00a0Minute"},"schema":{"@context":"https:\/\/schema.org","@graph":[{"@type":"WebPage","@id":"https:\/\/marktxxl.de\/markt\/produkt\/gornation%ef%b8%8f-resistance-bands-tueranker-premium-equipment-fuer-fitness-calisthenics-home-workouts-fitness-baender-einzeln-im-set-tueranker-fuer-den-sport-zuhause\/","url":"https:\/\/marktxxl.de\/markt\/produkt\/gornation%ef%b8%8f-resistance-bands-tueranker-premium-equipment-fuer-fitness-calisthenics-home-workouts-fitness-baender-einzeln-im-set-tueranker-fuer-den-sport-zuhause\/","name":"GORNATION Resistance Bands - Widerstandsb\u00e4nder f\u00fcr Fitness, Calisthenics, Krafttraining &amp; Home Gym - Sets inkl. T\u00fcranker\u2026 - Markt-XXL","isPartOf":{"@id":"https:\/\/marktxxl.de\/markt\/#website"},"primaryImageOfPage":{"@id":"https:\/\/marktxxl.de\/markt\/produkt\/gornation%ef%b8%8f-resistance-bands-tueranker-premium-equipment-fuer-fitness-calisthenics-home-workouts-fitness-baender-einzeln-im-set-tueranker-fuer-den-sport-zuhause\/#primaryimage"},"image":{"@id":"https:\/\/marktxxl.de\/markt\/produkt\/gornation%ef%b8%8f-resistance-bands-tueranker-premium-equipment-fuer-fitness-calisthenics-home-workouts-fitness-baender-einzeln-im-set-tueranker-fuer-den-sport-zuhause\/#primaryimage"},"thumbnailUrl":"https:\/\/m.media-amazon.com\/images\/I\/51UmUHH9wqL._SL500_.jpg","datePublished":"2021-10-26T14:39:39+00:00","dateModified":"2023-04-11T00:29:14+00:00","description":"Markt-XXL GORNATION Resistance Bands - Widerstandsb\u00e4nder f\u00fcr Fitness, Calisthenics, Krafttraining &amp; Home Gym - Sets inkl. T\u00fcranker\u2026","breadcrumb":{"@id":"https:\/\/marktxxl.de\/markt\/produkt\/gornation%ef%b8%8f-resistance-bands-tueranker-premium-equipment-fuer-fitness-calisthenics-home-workouts-fitness-baender-einzeln-im-set-tueranker-fuer-den-sport-zuhause\/#breadcrumb"},"inLanguage":"de","potentialAction":[{"@type":"ReadAction","target":["https:\/\/marktxxl.de\/markt\/produkt\/gornation%ef%b8%8f-resistance-bands-tueranker-premium-equipment-fuer-fitness-calisthenics-home-workouts-fitness-baender-einzeln-im-set-tueranker-fuer-den-sport-zuhause\/"]}]},{"@type":"ImageObject","inLanguage":"de","@id":"https:\/\/marktxxl.de\/markt\/produkt\/gornation%ef%b8%8f-resistance-bands-tueranker-premium-equipment-fuer-fitness-calisthenics-home-workouts-fitness-baender-einzeln-im-set-tueranker-fuer-den-sport-zuhause\/#primaryimage","url":"https:\/\/m.media-amazon.com\/images\/I\/51UmUHH9wqL._SL500_.jpg","contentUrl":"https:\/\/m.media-amazon.com\/images\/I\/51UmUHH9wqL._SL500_.jpg","width":500,"height":500},{"@type":"BreadcrumbList","@id":"https:\/\/marktxxl.de\/markt\/produkt\/gornation%ef%b8%8f-resistance-bands-tueranker-premium-equipment-fuer-fitness-calisthenics-home-workouts-fitness-baender-einzeln-im-set-tueranker-fuer-den-sport-zuhause\/#breadcrumb","itemListElement":[{"@type":"ListItem","position":1,"name":"Startseite","item":"https:\/\/marktxxl.de\/markt\/"},{"@type":"ListItem","position":2,"name":"Markt","item":"https:\/\/marktxxl.de\/markt\/"},{"@type":"ListItem","position":3,"name":"GORNATION Resistance Bands &#8211; Widerstandsb\u00e4nder f\u00fcr Fitness, Calisthenics, Krafttraining &amp; Home Gym &#8211; Sets inkl. T\u00fcranker\u2026"}]},{"@type":"WebSite","@id":"https:\/\/marktxxl.de\/markt\/#website","url":"https:\/\/marktxxl.de\/markt\/","name":"Markt-XXL","description":"Ihr Markt Online","publisher":{"@id":"https:\/\/marktxxl.de\/markt\/#organization"},"potentialAction":[{"@type":"SearchAction","target":{"@type":"EntryPoint","urlTemplate":"https:\/\/marktxxl.de\/markt\/?s={search_term_string}"},"query-input":{"@type":"PropertyValueSpecification","valueRequired":true,"valueName":"search_term_string"}}],"inLanguage":"de"},{"@type":"Organization","@id":"https:\/\/marktxxl.de\/markt\/#organization","name":"Markt-XXL","url":"https:\/\/marktxxl.de\/markt\/","logo":{"@type":"ImageObject","inLanguage":"de","@id":"https:\/\/marktxxl.de\/markt\/#\/schema\/logo\/image\/","url":"https:\/\/marktxxl.de\/markt\/wp-content\/uploads\/sites\/3\/2020\/12\/logo.png","contentUrl":"https:\/\/marktxxl.de\/markt\/wp-content\/uploads\/sites\/3\/2020\/12\/logo.png","width":200,"height":70,"caption":"Markt-XXL"},"image":{"@id":"https:\/\/marktxxl.de\/markt\/#\/schema\/logo\/image\/"}}]}},"_links":{"self":[{"href":"https:\/\/marktxxl.de\/markt\/wp-json\/wp\/v2\/product\/60300","targetHints":{"allow":["GET"]}}],"collection":[{"href":"https:\/\/marktxxl.de\/markt\/wp-json\/wp\/v2\/product"}],"about":[{"href":"https:\/\/marktxxl.de\/markt\/wp-json\/wp\/v2\/types\/product"}],"replies":[{"embeddable":true,"href":"https:\/\/marktxxl.de\/markt\/wp-json\/wp\/v2\/comments?post=60300"}],"wp:featuredmedia":[{"embeddable":true,"href":"https:\/\/marktxxl.de\/markt\/wp-json\/wp\/v2\/media\/60308"}],"wp:attachment":[{"href":"https:\/\/marktxxl.de\/markt\/wp-json\/wp\/v2\/media?parent=60300"}],"wp:term":[{"taxonomy":"product_brand","embeddable":true,"href":"https:\/\/marktxxl.de\/markt\/wp-json\/wp\/v2\/product_brand?post=60300"},{"taxonomy":"product_cat","embeddable":true,"href":"https:\/\/marktxxl.de\/markt\/wp-json\/wp\/v2\/product_cat?post=60300"},{"taxonomy":"product_tag","embeddable":true,"href":"https:\/\/marktxxl.de\/markt\/wp-json\/wp\/v2\/product_tag?post=60300"}],"curies":[{"name":"wp","href":"https:\/\/api.w.org\/{rel}","templated":true}]}}