{"id":60273,"date":"2021-10-26T16:36:26","date_gmt":"2021-10-26T14:36:26","guid":{"rendered":"https:\/\/marktxxl.de\/markt\/produkt\/wasserstoffperoxid-3-food-grade-i-5-liter-i-stabilisiert-i-kanister-i-pharmazentralnummer-16569647-i-herrlan-qualitaet-i-made-in-germany\/"},"modified":"2023-04-11T02:29:13","modified_gmt":"2023-04-11T00:29:13","slug":"wasserstoffperoxid-3-food-grade-i-5-liter-i-stabilisiert-i-kanister-i-pharmazentralnummer-16569647-i-herrlan-qualitaet-i-made-in-germany","status":"publish","type":"product","link":"https:\/\/marktxxl.de\/markt\/produkt\/wasserstoffperoxid-3-food-grade-i-5-liter-i-stabilisiert-i-kanister-i-pharmazentralnummer-16569647-i-herrlan-qualitaet-i-made-in-germany\/","title":{"rendered":"Wasserstoffperoxid 3% FOOD GRADE I 5 Liter I stabilisiert I Kanister I Pharmazentralnummer-16569647 I Herrlan Qualit\u00e4t I\u2026"},"content":{"rendered":"<p>F\u00fcr den Einsatz im Lebensmittelbereich zertifiziert. Unsere Wasserstoffperoxide sind Sonderanfertigungen und werden erst nach Ihrer Order bzgl. der geforderten Konzentration formuliert, sodass bei Erhalt die rechtlich Eigenschaften und das ausgelobte MHD gew\u00e4hrleistet sind.<br \/>\nMHD 12 Monate &#8211; Herrlan Qualit\u00e4t &#8211; Made in Germany<br \/>\nBiozidprodukte vorsichtig verwenden. Vor Gebrauch stets Etikett und Produktinformationen lesen. BAuA: Reg.-Nr. N-77383<br \/>\nDEN PASSENDEN DIN 51 AUSGIE\u00dfHAHN F\u00dcR DIESE KANISTER FINDEN SIE UNTER &#8220;MEHR&#8221; &gt; &#8220;ZUBEH\u00d6R&#8221; IN UNSEREM AMAZON &#8220;HERRLAN PSM-Store&#8221;.<br \/>\n<div class=\"main-cross-sell\" data-asin=\"B085NW4JVB\">\n\n\t<div class=\"WooZone-cross-sell-loader\">\n\t\t<div>\n\t\t\t<div id=\"floatingBarsG\">\n\t\t\t\t<div class=\"blockG\" id=\"rotateG_01\"><\/div>\n\t\t\t\t<div class=\"blockG\" id=\"rotateG_02\"><\/div>\n\t\t\t\t<div class=\"blockG\" id=\"rotateG_03\"><\/div>\n\t\t\t\t<div class=\"blockG\" id=\"rotateG_04\"><\/div>\n\t\t\t\t<div class=\"blockG\" id=\"rotateG_05\"><\/div>\n\t\t\t\t<div class=\"blockG\" id=\"rotateG_06\"><\/div>\n\t\t\t\t<div class=\"blockG\" id=\"rotateG_07\"><\/div>\n\t\t\t\t<div class=\"blockG\" id=\"rotateG_08\"><\/div>\n\t\t\t<\/div>\n\t\t\t<div class=\"WooZone-cross-sell-loader-text\"><\/div>\n\t\t<\/div>\n\t<\/div>\n\n\t\t\n<\/div>\n<div style=\"clear:both;\"><\/div><\/p>\n","protected":false},"excerpt":{"rendered":"<p>F\u00fcr den Einsatz im Lebensmittelbereich zertifiziert. Unsere Wasserstoffperoxide sind Sonderanfertigungen und werden erst nach Ihrer Order bzgl. der geforderten Konzentration formuliert, sodass bei Erhalt die rechtlich Eigenschaften und das ausgelobte MHD gew\u00e4hrleistet sind.<br \/>\nMHD 12 Monate &#8211; Herrlan Qualit\u00e4t &#8211; Made in Germany<br \/>\nBiozidprodukte vorsichtig verwenden. Vor Gebrauch stets Etikett und Produktinformationen lesen. BAuA: Reg.-Nr. N-77383<\/p>\n","protected":false},"featured_media":60274,"comment_status":"open","ping_status":"closed","template":"","meta":[],"product_brand":[],"product_cat":[566,5908],"product_tag":[],"class_list":{"0":"post-60273","1":"product","2":"type-product","3":"status-publish","4":"has-post-thumbnail","6":"product_cat-drogerie-koerperpflege","7":"product_cat-medizinische-geraete-verbrauchsmaterialien","8":"pa_binding-badartikel","9":"pa_brand-herrlan-psm","10":"pa_manufacturer-herrlan","11":"pa_size-5-l-1er-pack","13":"first","14":"instock","15":"shipping-taxable","16":"purchasable","17":"product-type-simple","18":"customify-col","19":"product-has-gallery"},"yoast_head":"<!-- This site is optimized with the Yoast SEO plugin v27.4 - https:\/\/yoast.com\/product\/yoast-seo-wordpress\/ -->\n<title>Wasserstoffperoxid 3% FOOD GRADE I 5 Liter I stabilisiert I Kanister I Pharmazentralnummer-16569647 I Herrlan Qualit\u00e4t I\u2026 - Markt-XXL<\/title>\n<meta name=\"description\" content=\"Markt-XXL Wasserstoffperoxid 3% FOOD GRADE I 5 Liter I stabilisiert I Kanister I Pharmazentralnummer-16569647 I Herrlan Qualit\u00e4t I\u2026\" \/>\n<meta name=\"robots\" content=\"index, follow, max-snippet:-1, max-image-preview:large, max-video-preview:-1\" \/>\n<link rel=\"canonical\" href=\"https:\/\/marktxxl.de\/markt\/produkt\/wasserstoffperoxid-3-food-grade-i-5-liter-i-stabilisiert-i-kanister-i-pharmazentralnummer-16569647-i-herrlan-qualitaet-i-made-in-germany\/\" \/>\n<meta property=\"og:locale\" content=\"de_DE\" \/>\n<meta property=\"og:type\" content=\"article\" \/>\n<meta property=\"og:title\" content=\"Wasserstoffperoxid 3% FOOD GRADE I 5 Liter I stabilisiert I Kanister I Pharmazentralnummer-16569647 I Herrlan Qualit\u00e4t I\u2026 - Markt-XXL\" \/>\n<meta property=\"og:description\" content=\"Markt-XXL Wasserstoffperoxid 3% FOOD GRADE I 5 Liter I stabilisiert I Kanister I Pharmazentralnummer-16569647 I Herrlan Qualit\u00e4t I\u2026\" \/>\n<meta property=\"og:url\" content=\"https:\/\/marktxxl.de\/markt\/produkt\/wasserstoffperoxid-3-food-grade-i-5-liter-i-stabilisiert-i-kanister-i-pharmazentralnummer-16569647-i-herrlan-qualitaet-i-made-in-germany\/\" \/>\n<meta property=\"og:site_name\" content=\"Markt-XXL\" \/>\n<meta property=\"article:modified_time\" content=\"2023-04-11T00:29:13+00:00\" \/>\n<meta property=\"og:image\" content=\"https:\/\/m.media-amazon.com\/images\/I\/41z+Filtu6L._SL500_.jpg\" \/>\n\t<meta property=\"og:image:width\" content=\"500\" \/>\n\t<meta property=\"og:image:height\" content=\"500\" \/>\n\t<meta property=\"og:image:type\" content=\"image\/jpeg\" \/>\n<meta name=\"twitter:card\" content=\"summary_large_image\" \/>\n<script type=\"application\/ld+json\" class=\"yoast-schema-graph\">{\"@context\":\"https:\\\/\\\/schema.org\",\"@graph\":[{\"@type\":\"WebPage\",\"@id\":\"https:\\\/\\\/marktxxl.de\\\/markt\\\/produkt\\\/wasserstoffperoxid-3-food-grade-i-5-liter-i-stabilisiert-i-kanister-i-pharmazentralnummer-16569647-i-herrlan-qualitaet-i-made-in-germany\\\/\",\"url\":\"https:\\\/\\\/marktxxl.de\\\/markt\\\/produkt\\\/wasserstoffperoxid-3-food-grade-i-5-liter-i-stabilisiert-i-kanister-i-pharmazentralnummer-16569647-i-herrlan-qualitaet-i-made-in-germany\\\/\",\"name\":\"Wasserstoffperoxid 3% FOOD GRADE I 5 Liter I stabilisiert I Kanister I Pharmazentralnummer-16569647 I Herrlan Qualit\u00e4t I\u2026 - Markt-XXL\",\"isPartOf\":{\"@id\":\"https:\\\/\\\/marktxxl.de\\\/markt\\\/#website\"},\"primaryImageOfPage\":{\"@id\":\"https:\\\/\\\/marktxxl.de\\\/markt\\\/produkt\\\/wasserstoffperoxid-3-food-grade-i-5-liter-i-stabilisiert-i-kanister-i-pharmazentralnummer-16569647-i-herrlan-qualitaet-i-made-in-germany\\\/#primaryimage\"},\"image\":{\"@id\":\"https:\\\/\\\/marktxxl.de\\\/markt\\\/produkt\\\/wasserstoffperoxid-3-food-grade-i-5-liter-i-stabilisiert-i-kanister-i-pharmazentralnummer-16569647-i-herrlan-qualitaet-i-made-in-germany\\\/#primaryimage\"},\"thumbnailUrl\":\"https:\\\/\\\/m.media-amazon.com\\\/images\\\/I\\\/41z+Filtu6L._SL500_.jpg\",\"datePublished\":\"2021-10-26T14:36:26+00:00\",\"dateModified\":\"2023-04-11T00:29:13+00:00\",\"description\":\"Markt-XXL Wasserstoffperoxid 3% FOOD GRADE I 5 Liter I stabilisiert I Kanister I Pharmazentralnummer-16569647 I Herrlan Qualit\u00e4t I\u2026\",\"breadcrumb\":{\"@id\":\"https:\\\/\\\/marktxxl.de\\\/markt\\\/produkt\\\/wasserstoffperoxid-3-food-grade-i-5-liter-i-stabilisiert-i-kanister-i-pharmazentralnummer-16569647-i-herrlan-qualitaet-i-made-in-germany\\\/#breadcrumb\"},\"inLanguage\":\"de\",\"potentialAction\":[{\"@type\":\"ReadAction\",\"target\":[\"https:\\\/\\\/marktxxl.de\\\/markt\\\/produkt\\\/wasserstoffperoxid-3-food-grade-i-5-liter-i-stabilisiert-i-kanister-i-pharmazentralnummer-16569647-i-herrlan-qualitaet-i-made-in-germany\\\/\"]}]},{\"@type\":\"ImageObject\",\"inLanguage\":\"de\",\"@id\":\"https:\\\/\\\/marktxxl.de\\\/markt\\\/produkt\\\/wasserstoffperoxid-3-food-grade-i-5-liter-i-stabilisiert-i-kanister-i-pharmazentralnummer-16569647-i-herrlan-qualitaet-i-made-in-germany\\\/#primaryimage\",\"url\":\"https:\\\/\\\/m.media-amazon.com\\\/images\\\/I\\\/41z+Filtu6L._SL500_.jpg\",\"contentUrl\":\"https:\\\/\\\/m.media-amazon.com\\\/images\\\/I\\\/41z+Filtu6L._SL500_.jpg\",\"width\":500,\"height\":500},{\"@type\":\"BreadcrumbList\",\"@id\":\"https:\\\/\\\/marktxxl.de\\\/markt\\\/produkt\\\/wasserstoffperoxid-3-food-grade-i-5-liter-i-stabilisiert-i-kanister-i-pharmazentralnummer-16569647-i-herrlan-qualitaet-i-made-in-germany\\\/#breadcrumb\",\"itemListElement\":[{\"@type\":\"ListItem\",\"position\":1,\"name\":\"Startseite\",\"item\":\"https:\\\/\\\/marktxxl.de\\\/markt\\\/\"},{\"@type\":\"ListItem\",\"position\":2,\"name\":\"Markt\",\"item\":\"https:\\\/\\\/marktxxl.de\\\/markt\\\/\"},{\"@type\":\"ListItem\",\"position\":3,\"name\":\"Wasserstoffperoxid 3% FOOD GRADE I 5 Liter I stabilisiert I Kanister I Pharmazentralnummer-16569647 I Herrlan Qualit\u00e4t I\u2026\"}]},{\"@type\":\"WebSite\",\"@id\":\"https:\\\/\\\/marktxxl.de\\\/markt\\\/#website\",\"url\":\"https:\\\/\\\/marktxxl.de\\\/markt\\\/\",\"name\":\"Markt-XXL\",\"description\":\"Ihr Markt Online\",\"publisher\":{\"@id\":\"https:\\\/\\\/marktxxl.de\\\/markt\\\/#organization\"},\"potentialAction\":[{\"@type\":\"SearchAction\",\"target\":{\"@type\":\"EntryPoint\",\"urlTemplate\":\"https:\\\/\\\/marktxxl.de\\\/markt\\\/?s={search_term_string}\"},\"query-input\":{\"@type\":\"PropertyValueSpecification\",\"valueRequired\":true,\"valueName\":\"search_term_string\"}}],\"inLanguage\":\"de\"},{\"@type\":\"Organization\",\"@id\":\"https:\\\/\\\/marktxxl.de\\\/markt\\\/#organization\",\"name\":\"Markt-XXL\",\"url\":\"https:\\\/\\\/marktxxl.de\\\/markt\\\/\",\"logo\":{\"@type\":\"ImageObject\",\"inLanguage\":\"de\",\"@id\":\"https:\\\/\\\/marktxxl.de\\\/markt\\\/#\\\/schema\\\/logo\\\/image\\\/\",\"url\":\"https:\\\/\\\/marktxxl.de\\\/markt\\\/wp-content\\\/uploads\\\/sites\\\/3\\\/2020\\\/12\\\/logo.png\",\"contentUrl\":\"https:\\\/\\\/marktxxl.de\\\/markt\\\/wp-content\\\/uploads\\\/sites\\\/3\\\/2020\\\/12\\\/logo.png\",\"width\":200,\"height\":70,\"caption\":\"Markt-XXL\"},\"image\":{\"@id\":\"https:\\\/\\\/marktxxl.de\\\/markt\\\/#\\\/schema\\\/logo\\\/image\\\/\"}}]}<\/script>\n<!-- \/ Yoast SEO plugin. -->","yoast_head_json":{"title":"Wasserstoffperoxid 3% FOOD GRADE I 5 Liter I stabilisiert I Kanister I Pharmazentralnummer-16569647 I Herrlan Qualit\u00e4t I\u2026 - Markt-XXL","description":"Markt-XXL Wasserstoffperoxid 3% FOOD GRADE I 5 Liter I stabilisiert I Kanister I Pharmazentralnummer-16569647 I Herrlan Qualit\u00e4t I\u2026","robots":{"index":"index","follow":"follow","max-snippet":"max-snippet:-1","max-image-preview":"max-image-preview:large","max-video-preview":"max-video-preview:-1"},"canonical":"https:\/\/marktxxl.de\/markt\/produkt\/wasserstoffperoxid-3-food-grade-i-5-liter-i-stabilisiert-i-kanister-i-pharmazentralnummer-16569647-i-herrlan-qualitaet-i-made-in-germany\/","og_locale":"de_DE","og_type":"article","og_title":"Wasserstoffperoxid 3% FOOD GRADE I 5 Liter I stabilisiert I Kanister I Pharmazentralnummer-16569647 I Herrlan Qualit\u00e4t I\u2026 - Markt-XXL","og_description":"Markt-XXL Wasserstoffperoxid 3% FOOD GRADE I 5 Liter I stabilisiert I Kanister I Pharmazentralnummer-16569647 I Herrlan Qualit\u00e4t I\u2026","og_url":"https:\/\/marktxxl.de\/markt\/produkt\/wasserstoffperoxid-3-food-grade-i-5-liter-i-stabilisiert-i-kanister-i-pharmazentralnummer-16569647-i-herrlan-qualitaet-i-made-in-germany\/","og_site_name":"Markt-XXL","article_modified_time":"2023-04-11T00:29:13+00:00","og_image":[{"width":500,"height":500,"url":"https:\/\/m.media-amazon.com\/images\/I\/41z+Filtu6L._SL500_.jpg","type":"image\/jpeg"}],"twitter_card":"summary_large_image","schema":{"@context":"https:\/\/schema.org","@graph":[{"@type":"WebPage","@id":"https:\/\/marktxxl.de\/markt\/produkt\/wasserstoffperoxid-3-food-grade-i-5-liter-i-stabilisiert-i-kanister-i-pharmazentralnummer-16569647-i-herrlan-qualitaet-i-made-in-germany\/","url":"https:\/\/marktxxl.de\/markt\/produkt\/wasserstoffperoxid-3-food-grade-i-5-liter-i-stabilisiert-i-kanister-i-pharmazentralnummer-16569647-i-herrlan-qualitaet-i-made-in-germany\/","name":"Wasserstoffperoxid 3% FOOD GRADE I 5 Liter I stabilisiert I Kanister I Pharmazentralnummer-16569647 I Herrlan Qualit\u00e4t I\u2026 - Markt-XXL","isPartOf":{"@id":"https:\/\/marktxxl.de\/markt\/#website"},"primaryImageOfPage":{"@id":"https:\/\/marktxxl.de\/markt\/produkt\/wasserstoffperoxid-3-food-grade-i-5-liter-i-stabilisiert-i-kanister-i-pharmazentralnummer-16569647-i-herrlan-qualitaet-i-made-in-germany\/#primaryimage"},"image":{"@id":"https:\/\/marktxxl.de\/markt\/produkt\/wasserstoffperoxid-3-food-grade-i-5-liter-i-stabilisiert-i-kanister-i-pharmazentralnummer-16569647-i-herrlan-qualitaet-i-made-in-germany\/#primaryimage"},"thumbnailUrl":"https:\/\/m.media-amazon.com\/images\/I\/41z+Filtu6L._SL500_.jpg","datePublished":"2021-10-26T14:36:26+00:00","dateModified":"2023-04-11T00:29:13+00:00","description":"Markt-XXL Wasserstoffperoxid 3% FOOD GRADE I 5 Liter I stabilisiert I Kanister I Pharmazentralnummer-16569647 I Herrlan Qualit\u00e4t I\u2026","breadcrumb":{"@id":"https:\/\/marktxxl.de\/markt\/produkt\/wasserstoffperoxid-3-food-grade-i-5-liter-i-stabilisiert-i-kanister-i-pharmazentralnummer-16569647-i-herrlan-qualitaet-i-made-in-germany\/#breadcrumb"},"inLanguage":"de","potentialAction":[{"@type":"ReadAction","target":["https:\/\/marktxxl.de\/markt\/produkt\/wasserstoffperoxid-3-food-grade-i-5-liter-i-stabilisiert-i-kanister-i-pharmazentralnummer-16569647-i-herrlan-qualitaet-i-made-in-germany\/"]}]},{"@type":"ImageObject","inLanguage":"de","@id":"https:\/\/marktxxl.de\/markt\/produkt\/wasserstoffperoxid-3-food-grade-i-5-liter-i-stabilisiert-i-kanister-i-pharmazentralnummer-16569647-i-herrlan-qualitaet-i-made-in-germany\/#primaryimage","url":"https:\/\/m.media-amazon.com\/images\/I\/41z+Filtu6L._SL500_.jpg","contentUrl":"https:\/\/m.media-amazon.com\/images\/I\/41z+Filtu6L._SL500_.jpg","width":500,"height":500},{"@type":"BreadcrumbList","@id":"https:\/\/marktxxl.de\/markt\/produkt\/wasserstoffperoxid-3-food-grade-i-5-liter-i-stabilisiert-i-kanister-i-pharmazentralnummer-16569647-i-herrlan-qualitaet-i-made-in-germany\/#breadcrumb","itemListElement":[{"@type":"ListItem","position":1,"name":"Startseite","item":"https:\/\/marktxxl.de\/markt\/"},{"@type":"ListItem","position":2,"name":"Markt","item":"https:\/\/marktxxl.de\/markt\/"},{"@type":"ListItem","position":3,"name":"Wasserstoffperoxid 3% FOOD GRADE I 5 Liter I stabilisiert I Kanister I Pharmazentralnummer-16569647 I Herrlan Qualit\u00e4t I\u2026"}]},{"@type":"WebSite","@id":"https:\/\/marktxxl.de\/markt\/#website","url":"https:\/\/marktxxl.de\/markt\/","name":"Markt-XXL","description":"Ihr Markt Online","publisher":{"@id":"https:\/\/marktxxl.de\/markt\/#organization"},"potentialAction":[{"@type":"SearchAction","target":{"@type":"EntryPoint","urlTemplate":"https:\/\/marktxxl.de\/markt\/?s={search_term_string}"},"query-input":{"@type":"PropertyValueSpecification","valueRequired":true,"valueName":"search_term_string"}}],"inLanguage":"de"},{"@type":"Organization","@id":"https:\/\/marktxxl.de\/markt\/#organization","name":"Markt-XXL","url":"https:\/\/marktxxl.de\/markt\/","logo":{"@type":"ImageObject","inLanguage":"de","@id":"https:\/\/marktxxl.de\/markt\/#\/schema\/logo\/image\/","url":"https:\/\/marktxxl.de\/markt\/wp-content\/uploads\/sites\/3\/2020\/12\/logo.png","contentUrl":"https:\/\/marktxxl.de\/markt\/wp-content\/uploads\/sites\/3\/2020\/12\/logo.png","width":200,"height":70,"caption":"Markt-XXL"},"image":{"@id":"https:\/\/marktxxl.de\/markt\/#\/schema\/logo\/image\/"}}]}},"_links":{"self":[{"href":"https:\/\/marktxxl.de\/markt\/wp-json\/wp\/v2\/product\/60273","targetHints":{"allow":["GET"]}}],"collection":[{"href":"https:\/\/marktxxl.de\/markt\/wp-json\/wp\/v2\/product"}],"about":[{"href":"https:\/\/marktxxl.de\/markt\/wp-json\/wp\/v2\/types\/product"}],"replies":[{"embeddable":true,"href":"https:\/\/marktxxl.de\/markt\/wp-json\/wp\/v2\/comments?post=60273"}],"wp:featuredmedia":[{"embeddable":true,"href":"https:\/\/marktxxl.de\/markt\/wp-json\/wp\/v2\/media\/60274"}],"wp:attachment":[{"href":"https:\/\/marktxxl.de\/markt\/wp-json\/wp\/v2\/media?parent=60273"}],"wp:term":[{"taxonomy":"product_brand","embeddable":true,"href":"https:\/\/marktxxl.de\/markt\/wp-json\/wp\/v2\/product_brand?post=60273"},{"taxonomy":"product_cat","embeddable":true,"href":"https:\/\/marktxxl.de\/markt\/wp-json\/wp\/v2\/product_cat?post=60273"},{"taxonomy":"product_tag","embeddable":true,"href":"https:\/\/marktxxl.de\/markt\/wp-json\/wp\/v2\/product_tag?post=60273"}],"curies":[{"name":"wp","href":"https:\/\/api.w.org\/{rel}","templated":true}]}}