{"id":60227,"date":"2021-10-26T16:33:39","date_gmt":"2021-10-26T14:33:39","guid":{"rendered":"https:\/\/marktxxl.de\/markt\/produkt\/elite-tech-gear-mikrofaser-reinigungstuecher-6er-pack-perfekt-fuer-die-reinigung-von-brillen-lcd-bildschirmen-tablets-und-anderen-empfindlichen-oberflaechen-5-grosse-152-x-178-cm-und-1-uebergr\/"},"modified":"2023-04-09T01:59:37","modified_gmt":"2023-04-08T23:59:37","slug":"elite-tech-gear-mikrofaser-reinigungstuecher-6er-pack-perfekt-fuer-die-reinigung-von-brillen-lcd-bildschirmen-tablets-und-anderen-empfindlichen-oberflaechen-5-grosse-152-x-178-cm-und-1-uebergr","status":"publish","type":"product","link":"https:\/\/marktxxl.de\/markt\/produkt\/elite-tech-gear-mikrofaser-reinigungstuecher-6er-pack-perfekt-fuer-die-reinigung-von-brillen-lcd-bildschirmen-tablets-und-anderen-empfindlichen-oberflaechen-5-grosse-152-x-178-cm-und-1-uebergr\/","title":{"rendered":"EliteTechGear Mikrofaser-Reinigungst\u00fccher (6 St\u00fcck), perfekt f\u00fcr die Reinigung von Brillen, LCD-Bildschirmen, Tablets\u2026"},"content":{"rendered":"<p>Sicher &amp; effektiv. Premium Qualit\u00e4t Ultra feine Mikrofaser Reinigungst\u00fccher zerkratzt nicht das Ger\u00e4t Bildschirme, Streifen oder Flecken und sind eine sichere und effektive Weise zu reinigen Ihre empfindliche Oberfl\u00e4chen verlassen Sie Crystal Clear. Diese machen gro\u00dfe coole Geschenke f\u00fcr Familie, Freunde und Kollegen.<br \/>\nBequem. Erleben Sie Ihre 6er Pack Set ist perfekt f\u00fcr Ihre Consumer Electronics Zubeh\u00f6r und bedeutet, dass Sie haben ein Reinigungstuch jederzeit und \u00fcberall Sie es brauchen macht sie so sehr einfach und praktisch zu reinigen Zelle Handy, Digital Kamera, Brillen, Sonnenbrillen, LCD-TV-Bildschirme.<br \/>\nInternational products have separate terms, are sold from abroad and may differ from local products, including fit, age ratings, and language of product, labeling or instructions.<br \/>\n<div class=\"main-cross-sell\" data-asin=\"B00GMRCAC6\">\n\n\t<div class=\"WooZone-cross-sell-loader\">\n\t\t<div>\n\t\t\t<div id=\"floatingBarsG\">\n\t\t\t\t<div class=\"blockG\" id=\"rotateG_01\"><\/div>\n\t\t\t\t<div class=\"blockG\" id=\"rotateG_02\"><\/div>\n\t\t\t\t<div class=\"blockG\" id=\"rotateG_03\"><\/div>\n\t\t\t\t<div class=\"blockG\" id=\"rotateG_04\"><\/div>\n\t\t\t\t<div class=\"blockG\" id=\"rotateG_05\"><\/div>\n\t\t\t\t<div class=\"blockG\" id=\"rotateG_06\"><\/div>\n\t\t\t\t<div class=\"blockG\" id=\"rotateG_07\"><\/div>\n\t\t\t\t<div class=\"blockG\" id=\"rotateG_08\"><\/div>\n\t\t\t<\/div>\n\t\t\t<div class=\"WooZone-cross-sell-loader-text\"><\/div>\n\t\t<\/div>\n\t<\/div>\n\n\t\t\n<\/div>\n<div style=\"clear:both;\"><\/div><\/p>\n","protected":false},"excerpt":{"rendered":"<p>Sicher &amp; effektiv. Premium Qualit\u00e4t Ultra feine Mikrofaser Reinigungst\u00fccher zerkratzt nicht das Ger\u00e4t Bildschirme, Streifen oder Flecken und sind eine sichere und effektive Weise zu reinigen Ihre empfindliche Oberfl\u00e4chen verlassen Sie Crystal Clear. Diese machen gro\u00dfe coole Geschenke f\u00fcr Familie, Freunde und Kollegen.<br \/>\nBequem. Erleben Sie Ihre 6er Pack Set ist perfekt f\u00fcr Ihre Consumer Electronics Zubeh\u00f6r und bedeutet, dass Sie haben ein Reinigungstuch jederzeit und \u00fcberall Sie es brauchen macht sie so sehr einfach und praktisch zu reinigen Zelle Handy, Digital Kamera, Brillen, Sonnenbrillen, LCD-TV-Bildschirme.<br \/>\nInternational products have separate terms, are sold from abroad and may differ from local products, including fit, age ratings, and language of product, labeling or instructions.<\/p>\n","protected":false},"featured_media":60228,"comment_status":"open","ping_status":"closed","template":"","meta":[],"product_brand":[],"product_cat":[566,5775],"product_tag":[],"class_list":{"0":"post-60227","1":"product","2":"type-product","3":"status-publish","4":"has-post-thumbnail","6":"product_cat-drogerie-koerperpflege","7":"product_cat-kontaktlinsen-brillen","8":"pa_binding-buerobedarf-schreibwaren","9":"pa_brand-unbekannt","10":"pa_color-6er-pack","11":"pa_height-0-8-zoll","12":"pa_length-6-zoll","13":"pa_manufacturer-elite-tech-gear","14":"pa_model-etg-mcc-6-pack-product-bundle","15":"pa_size-6-pack","16":"pa_width-2-6-zoll","18":"first","19":"instock","20":"shipping-taxable","21":"purchasable","22":"product-type-simple","23":"customify-col","24":"product-has-gallery"},"yoast_head":"<!-- This site is optimized with the Yoast SEO plugin v27.3 - https:\/\/yoast.com\/product\/yoast-seo-wordpress\/ -->\n<title>EliteTechGear Mikrofaser-Reinigungst\u00fccher (6 St\u00fcck), perfekt f\u00fcr die Reinigung von Brillen, LCD-Bildschirmen, Tablets\u2026 - Markt-XXL<\/title>\n<meta name=\"description\" content=\"Markt-XXL EliteTechGear Mikrofaser-Reinigungst\u00fccher (6 St\u00fcck), perfekt f\u00fcr die Reinigung von Brillen, LCD-Bildschirmen, Tablets\u2026\" \/>\n<meta name=\"robots\" content=\"index, follow, max-snippet:-1, max-image-preview:large, max-video-preview:-1\" \/>\n<link rel=\"canonical\" href=\"https:\/\/marktxxl.de\/markt\/produkt\/elite-tech-gear-mikrofaser-reinigungstuecher-6er-pack-perfekt-fuer-die-reinigung-von-brillen-lcd-bildschirmen-tablets-und-anderen-empfindlichen-oberflaechen-5-grosse-152-x-178-cm-und-1-uebergr\/\" \/>\n<meta property=\"og:locale\" content=\"de_DE\" \/>\n<meta property=\"og:type\" content=\"article\" \/>\n<meta property=\"og:title\" content=\"EliteTechGear Mikrofaser-Reinigungst\u00fccher (6 St\u00fcck), perfekt f\u00fcr die Reinigung von Brillen, LCD-Bildschirmen, Tablets\u2026 - Markt-XXL\" \/>\n<meta property=\"og:description\" content=\"Markt-XXL EliteTechGear Mikrofaser-Reinigungst\u00fccher (6 St\u00fcck), perfekt f\u00fcr die Reinigung von Brillen, LCD-Bildschirmen, Tablets\u2026\" \/>\n<meta property=\"og:url\" content=\"https:\/\/marktxxl.de\/markt\/produkt\/elite-tech-gear-mikrofaser-reinigungstuecher-6er-pack-perfekt-fuer-die-reinigung-von-brillen-lcd-bildschirmen-tablets-und-anderen-empfindlichen-oberflaechen-5-grosse-152-x-178-cm-und-1-uebergr\/\" \/>\n<meta property=\"og:site_name\" content=\"Markt-XXL\" \/>\n<meta property=\"article:modified_time\" content=\"2023-04-08T23:59:37+00:00\" \/>\n<meta property=\"og:image\" content=\"https:\/\/m.media-amazon.com\/images\/I\/41cOZXL1pXL._SL500_.jpg\" \/>\n\t<meta property=\"og:image:width\" content=\"500\" \/>\n\t<meta property=\"og:image:height\" content=\"500\" \/>\n\t<meta property=\"og:image:type\" content=\"image\/jpeg\" \/>\n<meta name=\"twitter:card\" content=\"summary_large_image\" \/>\n<meta name=\"twitter:label1\" content=\"Gesch\u00e4tzte Lesezeit\" \/>\n\t<meta name=\"twitter:data1\" content=\"1\u00a0Minute\" \/>\n<script type=\"application\/ld+json\" class=\"yoast-schema-graph\">{\"@context\":\"https:\\\/\\\/schema.org\",\"@graph\":[{\"@type\":\"WebPage\",\"@id\":\"https:\\\/\\\/marktxxl.de\\\/markt\\\/produkt\\\/elite-tech-gear-mikrofaser-reinigungstuecher-6er-pack-perfekt-fuer-die-reinigung-von-brillen-lcd-bildschirmen-tablets-und-anderen-empfindlichen-oberflaechen-5-grosse-152-x-178-cm-und-1-uebergr\\\/\",\"url\":\"https:\\\/\\\/marktxxl.de\\\/markt\\\/produkt\\\/elite-tech-gear-mikrofaser-reinigungstuecher-6er-pack-perfekt-fuer-die-reinigung-von-brillen-lcd-bildschirmen-tablets-und-anderen-empfindlichen-oberflaechen-5-grosse-152-x-178-cm-und-1-uebergr\\\/\",\"name\":\"EliteTechGear Mikrofaser-Reinigungst\u00fccher (6 St\u00fcck), perfekt f\u00fcr die Reinigung von Brillen, LCD-Bildschirmen, Tablets\u2026 - Markt-XXL\",\"isPartOf\":{\"@id\":\"https:\\\/\\\/marktxxl.de\\\/markt\\\/#website\"},\"primaryImageOfPage\":{\"@id\":\"https:\\\/\\\/marktxxl.de\\\/markt\\\/produkt\\\/elite-tech-gear-mikrofaser-reinigungstuecher-6er-pack-perfekt-fuer-die-reinigung-von-brillen-lcd-bildschirmen-tablets-und-anderen-empfindlichen-oberflaechen-5-grosse-152-x-178-cm-und-1-uebergr\\\/#primaryimage\"},\"image\":{\"@id\":\"https:\\\/\\\/marktxxl.de\\\/markt\\\/produkt\\\/elite-tech-gear-mikrofaser-reinigungstuecher-6er-pack-perfekt-fuer-die-reinigung-von-brillen-lcd-bildschirmen-tablets-und-anderen-empfindlichen-oberflaechen-5-grosse-152-x-178-cm-und-1-uebergr\\\/#primaryimage\"},\"thumbnailUrl\":\"https:\\\/\\\/m.media-amazon.com\\\/images\\\/I\\\/41cOZXL1pXL._SL500_.jpg\",\"datePublished\":\"2021-10-26T14:33:39+00:00\",\"dateModified\":\"2023-04-08T23:59:37+00:00\",\"description\":\"Markt-XXL EliteTechGear Mikrofaser-Reinigungst\u00fccher (6 St\u00fcck), perfekt f\u00fcr die Reinigung von Brillen, LCD-Bildschirmen, Tablets\u2026\",\"breadcrumb\":{\"@id\":\"https:\\\/\\\/marktxxl.de\\\/markt\\\/produkt\\\/elite-tech-gear-mikrofaser-reinigungstuecher-6er-pack-perfekt-fuer-die-reinigung-von-brillen-lcd-bildschirmen-tablets-und-anderen-empfindlichen-oberflaechen-5-grosse-152-x-178-cm-und-1-uebergr\\\/#breadcrumb\"},\"inLanguage\":\"de\",\"potentialAction\":[{\"@type\":\"ReadAction\",\"target\":[\"https:\\\/\\\/marktxxl.de\\\/markt\\\/produkt\\\/elite-tech-gear-mikrofaser-reinigungstuecher-6er-pack-perfekt-fuer-die-reinigung-von-brillen-lcd-bildschirmen-tablets-und-anderen-empfindlichen-oberflaechen-5-grosse-152-x-178-cm-und-1-uebergr\\\/\"]}]},{\"@type\":\"ImageObject\",\"inLanguage\":\"de\",\"@id\":\"https:\\\/\\\/marktxxl.de\\\/markt\\\/produkt\\\/elite-tech-gear-mikrofaser-reinigungstuecher-6er-pack-perfekt-fuer-die-reinigung-von-brillen-lcd-bildschirmen-tablets-und-anderen-empfindlichen-oberflaechen-5-grosse-152-x-178-cm-und-1-uebergr\\\/#primaryimage\",\"url\":\"https:\\\/\\\/m.media-amazon.com\\\/images\\\/I\\\/41cOZXL1pXL._SL500_.jpg\",\"contentUrl\":\"https:\\\/\\\/m.media-amazon.com\\\/images\\\/I\\\/41cOZXL1pXL._SL500_.jpg\",\"width\":500,\"height\":500},{\"@type\":\"BreadcrumbList\",\"@id\":\"https:\\\/\\\/marktxxl.de\\\/markt\\\/produkt\\\/elite-tech-gear-mikrofaser-reinigungstuecher-6er-pack-perfekt-fuer-die-reinigung-von-brillen-lcd-bildschirmen-tablets-und-anderen-empfindlichen-oberflaechen-5-grosse-152-x-178-cm-und-1-uebergr\\\/#breadcrumb\",\"itemListElement\":[{\"@type\":\"ListItem\",\"position\":1,\"name\":\"Startseite\",\"item\":\"https:\\\/\\\/marktxxl.de\\\/markt\\\/\"},{\"@type\":\"ListItem\",\"position\":2,\"name\":\"Markt\",\"item\":\"https:\\\/\\\/marktxxl.de\\\/markt\\\/\"},{\"@type\":\"ListItem\",\"position\":3,\"name\":\"EliteTechGear Mikrofaser-Reinigungst\u00fccher (6 St\u00fcck), perfekt f\u00fcr die Reinigung von Brillen, LCD-Bildschirmen, Tablets\u2026\"}]},{\"@type\":\"WebSite\",\"@id\":\"https:\\\/\\\/marktxxl.de\\\/markt\\\/#website\",\"url\":\"https:\\\/\\\/marktxxl.de\\\/markt\\\/\",\"name\":\"Markt-XXL\",\"description\":\"Ihr Markt Online\",\"publisher\":{\"@id\":\"https:\\\/\\\/marktxxl.de\\\/markt\\\/#organization\"},\"potentialAction\":[{\"@type\":\"SearchAction\",\"target\":{\"@type\":\"EntryPoint\",\"urlTemplate\":\"https:\\\/\\\/marktxxl.de\\\/markt\\\/?s={search_term_string}\"},\"query-input\":{\"@type\":\"PropertyValueSpecification\",\"valueRequired\":true,\"valueName\":\"search_term_string\"}}],\"inLanguage\":\"de\"},{\"@type\":\"Organization\",\"@id\":\"https:\\\/\\\/marktxxl.de\\\/markt\\\/#organization\",\"name\":\"Markt-XXL\",\"url\":\"https:\\\/\\\/marktxxl.de\\\/markt\\\/\",\"logo\":{\"@type\":\"ImageObject\",\"inLanguage\":\"de\",\"@id\":\"https:\\\/\\\/marktxxl.de\\\/markt\\\/#\\\/schema\\\/logo\\\/image\\\/\",\"url\":\"https:\\\/\\\/marktxxl.de\\\/markt\\\/wp-content\\\/uploads\\\/sites\\\/3\\\/2020\\\/12\\\/logo.png\",\"contentUrl\":\"https:\\\/\\\/marktxxl.de\\\/markt\\\/wp-content\\\/uploads\\\/sites\\\/3\\\/2020\\\/12\\\/logo.png\",\"width\":200,\"height\":70,\"caption\":\"Markt-XXL\"},\"image\":{\"@id\":\"https:\\\/\\\/marktxxl.de\\\/markt\\\/#\\\/schema\\\/logo\\\/image\\\/\"}}]}<\/script>\n<!-- \/ Yoast SEO plugin. -->","yoast_head_json":{"title":"EliteTechGear Mikrofaser-Reinigungst\u00fccher (6 St\u00fcck), perfekt f\u00fcr die Reinigung von Brillen, LCD-Bildschirmen, Tablets\u2026 - Markt-XXL","description":"Markt-XXL EliteTechGear Mikrofaser-Reinigungst\u00fccher (6 St\u00fcck), perfekt f\u00fcr die Reinigung von Brillen, LCD-Bildschirmen, Tablets\u2026","robots":{"index":"index","follow":"follow","max-snippet":"max-snippet:-1","max-image-preview":"max-image-preview:large","max-video-preview":"max-video-preview:-1"},"canonical":"https:\/\/marktxxl.de\/markt\/produkt\/elite-tech-gear-mikrofaser-reinigungstuecher-6er-pack-perfekt-fuer-die-reinigung-von-brillen-lcd-bildschirmen-tablets-und-anderen-empfindlichen-oberflaechen-5-grosse-152-x-178-cm-und-1-uebergr\/","og_locale":"de_DE","og_type":"article","og_title":"EliteTechGear Mikrofaser-Reinigungst\u00fccher (6 St\u00fcck), perfekt f\u00fcr die Reinigung von Brillen, LCD-Bildschirmen, Tablets\u2026 - Markt-XXL","og_description":"Markt-XXL EliteTechGear Mikrofaser-Reinigungst\u00fccher (6 St\u00fcck), perfekt f\u00fcr die Reinigung von Brillen, LCD-Bildschirmen, Tablets\u2026","og_url":"https:\/\/marktxxl.de\/markt\/produkt\/elite-tech-gear-mikrofaser-reinigungstuecher-6er-pack-perfekt-fuer-die-reinigung-von-brillen-lcd-bildschirmen-tablets-und-anderen-empfindlichen-oberflaechen-5-grosse-152-x-178-cm-und-1-uebergr\/","og_site_name":"Markt-XXL","article_modified_time":"2023-04-08T23:59:37+00:00","og_image":[{"width":500,"height":500,"url":"https:\/\/m.media-amazon.com\/images\/I\/41cOZXL1pXL._SL500_.jpg","type":"image\/jpeg"}],"twitter_card":"summary_large_image","twitter_misc":{"Gesch\u00e4tzte Lesezeit":"1\u00a0Minute"},"schema":{"@context":"https:\/\/schema.org","@graph":[{"@type":"WebPage","@id":"https:\/\/marktxxl.de\/markt\/produkt\/elite-tech-gear-mikrofaser-reinigungstuecher-6er-pack-perfekt-fuer-die-reinigung-von-brillen-lcd-bildschirmen-tablets-und-anderen-empfindlichen-oberflaechen-5-grosse-152-x-178-cm-und-1-uebergr\/","url":"https:\/\/marktxxl.de\/markt\/produkt\/elite-tech-gear-mikrofaser-reinigungstuecher-6er-pack-perfekt-fuer-die-reinigung-von-brillen-lcd-bildschirmen-tablets-und-anderen-empfindlichen-oberflaechen-5-grosse-152-x-178-cm-und-1-uebergr\/","name":"EliteTechGear Mikrofaser-Reinigungst\u00fccher (6 St\u00fcck), perfekt f\u00fcr die Reinigung von Brillen, LCD-Bildschirmen, Tablets\u2026 - Markt-XXL","isPartOf":{"@id":"https:\/\/marktxxl.de\/markt\/#website"},"primaryImageOfPage":{"@id":"https:\/\/marktxxl.de\/markt\/produkt\/elite-tech-gear-mikrofaser-reinigungstuecher-6er-pack-perfekt-fuer-die-reinigung-von-brillen-lcd-bildschirmen-tablets-und-anderen-empfindlichen-oberflaechen-5-grosse-152-x-178-cm-und-1-uebergr\/#primaryimage"},"image":{"@id":"https:\/\/marktxxl.de\/markt\/produkt\/elite-tech-gear-mikrofaser-reinigungstuecher-6er-pack-perfekt-fuer-die-reinigung-von-brillen-lcd-bildschirmen-tablets-und-anderen-empfindlichen-oberflaechen-5-grosse-152-x-178-cm-und-1-uebergr\/#primaryimage"},"thumbnailUrl":"https:\/\/m.media-amazon.com\/images\/I\/41cOZXL1pXL._SL500_.jpg","datePublished":"2021-10-26T14:33:39+00:00","dateModified":"2023-04-08T23:59:37+00:00","description":"Markt-XXL EliteTechGear Mikrofaser-Reinigungst\u00fccher (6 St\u00fcck), perfekt f\u00fcr die Reinigung von Brillen, LCD-Bildschirmen, Tablets\u2026","breadcrumb":{"@id":"https:\/\/marktxxl.de\/markt\/produkt\/elite-tech-gear-mikrofaser-reinigungstuecher-6er-pack-perfekt-fuer-die-reinigung-von-brillen-lcd-bildschirmen-tablets-und-anderen-empfindlichen-oberflaechen-5-grosse-152-x-178-cm-und-1-uebergr\/#breadcrumb"},"inLanguage":"de","potentialAction":[{"@type":"ReadAction","target":["https:\/\/marktxxl.de\/markt\/produkt\/elite-tech-gear-mikrofaser-reinigungstuecher-6er-pack-perfekt-fuer-die-reinigung-von-brillen-lcd-bildschirmen-tablets-und-anderen-empfindlichen-oberflaechen-5-grosse-152-x-178-cm-und-1-uebergr\/"]}]},{"@type":"ImageObject","inLanguage":"de","@id":"https:\/\/marktxxl.de\/markt\/produkt\/elite-tech-gear-mikrofaser-reinigungstuecher-6er-pack-perfekt-fuer-die-reinigung-von-brillen-lcd-bildschirmen-tablets-und-anderen-empfindlichen-oberflaechen-5-grosse-152-x-178-cm-und-1-uebergr\/#primaryimage","url":"https:\/\/m.media-amazon.com\/images\/I\/41cOZXL1pXL._SL500_.jpg","contentUrl":"https:\/\/m.media-amazon.com\/images\/I\/41cOZXL1pXL._SL500_.jpg","width":500,"height":500},{"@type":"BreadcrumbList","@id":"https:\/\/marktxxl.de\/markt\/produkt\/elite-tech-gear-mikrofaser-reinigungstuecher-6er-pack-perfekt-fuer-die-reinigung-von-brillen-lcd-bildschirmen-tablets-und-anderen-empfindlichen-oberflaechen-5-grosse-152-x-178-cm-und-1-uebergr\/#breadcrumb","itemListElement":[{"@type":"ListItem","position":1,"name":"Startseite","item":"https:\/\/marktxxl.de\/markt\/"},{"@type":"ListItem","position":2,"name":"Markt","item":"https:\/\/marktxxl.de\/markt\/"},{"@type":"ListItem","position":3,"name":"EliteTechGear Mikrofaser-Reinigungst\u00fccher (6 St\u00fcck), perfekt f\u00fcr die Reinigung von Brillen, LCD-Bildschirmen, Tablets\u2026"}]},{"@type":"WebSite","@id":"https:\/\/marktxxl.de\/markt\/#website","url":"https:\/\/marktxxl.de\/markt\/","name":"Markt-XXL","description":"Ihr Markt Online","publisher":{"@id":"https:\/\/marktxxl.de\/markt\/#organization"},"potentialAction":[{"@type":"SearchAction","target":{"@type":"EntryPoint","urlTemplate":"https:\/\/marktxxl.de\/markt\/?s={search_term_string}"},"query-input":{"@type":"PropertyValueSpecification","valueRequired":true,"valueName":"search_term_string"}}],"inLanguage":"de"},{"@type":"Organization","@id":"https:\/\/marktxxl.de\/markt\/#organization","name":"Markt-XXL","url":"https:\/\/marktxxl.de\/markt\/","logo":{"@type":"ImageObject","inLanguage":"de","@id":"https:\/\/marktxxl.de\/markt\/#\/schema\/logo\/image\/","url":"https:\/\/marktxxl.de\/markt\/wp-content\/uploads\/sites\/3\/2020\/12\/logo.png","contentUrl":"https:\/\/marktxxl.de\/markt\/wp-content\/uploads\/sites\/3\/2020\/12\/logo.png","width":200,"height":70,"caption":"Markt-XXL"},"image":{"@id":"https:\/\/marktxxl.de\/markt\/#\/schema\/logo\/image\/"}}]}},"_links":{"self":[{"href":"https:\/\/marktxxl.de\/markt\/wp-json\/wp\/v2\/product\/60227","targetHints":{"allow":["GET"]}}],"collection":[{"href":"https:\/\/marktxxl.de\/markt\/wp-json\/wp\/v2\/product"}],"about":[{"href":"https:\/\/marktxxl.de\/markt\/wp-json\/wp\/v2\/types\/product"}],"replies":[{"embeddable":true,"href":"https:\/\/marktxxl.de\/markt\/wp-json\/wp\/v2\/comments?post=60227"}],"wp:featuredmedia":[{"embeddable":true,"href":"https:\/\/marktxxl.de\/markt\/wp-json\/wp\/v2\/media\/60228"}],"wp:attachment":[{"href":"https:\/\/marktxxl.de\/markt\/wp-json\/wp\/v2\/media?parent=60227"}],"wp:term":[{"taxonomy":"product_brand","embeddable":true,"href":"https:\/\/marktxxl.de\/markt\/wp-json\/wp\/v2\/product_brand?post=60227"},{"taxonomy":"product_cat","embeddable":true,"href":"https:\/\/marktxxl.de\/markt\/wp-json\/wp\/v2\/product_cat?post=60227"},{"taxonomy":"product_tag","embeddable":true,"href":"https:\/\/marktxxl.de\/markt\/wp-json\/wp\/v2\/product_tag?post=60227"}],"curies":[{"name":"wp","href":"https:\/\/api.w.org\/{rel}","templated":true}]}}