{"id":59829,"date":"2021-10-26T16:12:26","date_gmt":"2021-10-26T14:12:26","guid":{"rendered":"https:\/\/marktxxl.de\/markt\/produkt\/uwell-caliburn-g-spule-08-ohm-4-stueck-packung-nikotinfrei\/"},"modified":"2023-04-09T01:59:28","modified_gmt":"2023-04-08T23:59:28","slug":"uwell-caliburn-g-spule-08-ohm-4-stueck-packung-nikotinfrei","status":"publish","type":"product","link":"https:\/\/marktxxl.de\/markt\/produkt\/uwell-caliburn-g-spule-08-ohm-4-stueck-packung-nikotinfrei\/","title":{"rendered":"Uwell Caliburn-G-Spule, 0,8 Ohm, 4 St\u00fcck\/Packung (nikotinfrei)"},"content":{"rendered":"<p>Die Caliburn-G-Spulen von Uwell sind mit Netzdraht im Inneren und mit Bio-Baumwolle f\u00fcr eine l\u00e4ngere Lebensdauer \u00fcberzogen. Sie erhitzen den E-Saft gleichm\u00e4\u00dfig, zerst\u00e4uben den Saft vollst\u00e4ndig und bringen Ihnen den vollen und originellen Geschmack.<br \/>\nProduktdetails: Spulen: UN2 netzartiges H. Widerstand: 0,8 Ohm. Wattleistung: 13-18 W, 4 St\u00fcck pro Packung, passend f\u00fcr Uwell-Caliburn-G-Pod-System.<br \/>\nSpezifikationen: Spulen: UN2 netzartiges H. Widerstand: 0,8 Ohm. Wattleistung: 13-18 W, 4 St\u00fcck pro Packung, passend f\u00fcr Uwell-Caliburn-G-Pod-System.<br \/>\nLieferumfang: 4 x Caliburn-G-Ersatz-Spulen.<br \/>\n(Bitte beachten Sie, dass die Caliburn-G-Spulen speziell f\u00fcr die Verwendung mit dem Caliburn-G-Pod-Kit entwickelt wurden und nicht mit anderen Ger\u00e4ten kompatibel sind.)<br \/>\n<div class=\"main-cross-sell\" data-asin=\"B08KS6YHRW\">\n\n\t<div class=\"WooZone-cross-sell-loader\">\n\t\t<div>\n\t\t\t<div id=\"floatingBarsG\">\n\t\t\t\t<div class=\"blockG\" id=\"rotateG_01\"><\/div>\n\t\t\t\t<div class=\"blockG\" id=\"rotateG_02\"><\/div>\n\t\t\t\t<div class=\"blockG\" id=\"rotateG_03\"><\/div>\n\t\t\t\t<div class=\"blockG\" id=\"rotateG_04\"><\/div>\n\t\t\t\t<div class=\"blockG\" id=\"rotateG_05\"><\/div>\n\t\t\t\t<div class=\"blockG\" id=\"rotateG_06\"><\/div>\n\t\t\t\t<div class=\"blockG\" id=\"rotateG_07\"><\/div>\n\t\t\t\t<div class=\"blockG\" id=\"rotateG_08\"><\/div>\n\t\t\t<\/div>\n\t\t\t<div class=\"WooZone-cross-sell-loader-text\"><\/div>\n\t\t<\/div>\n\t<\/div>\n\n\t\t\n<\/div>\n<div style=\"clear:both;\"><\/div><\/p>\n","protected":false},"excerpt":{"rendered":"<p>Die Caliburn-G-Spulen von Uwell sind mit Netzdraht im Inneren und mit Bio-Baumwolle f\u00fcr eine l\u00e4ngere Lebensdauer \u00fcberzogen. Sie erhitzen den E-Saft gleichm\u00e4\u00dfig, zerst\u00e4uben den Saft vollst\u00e4ndig und bringen Ihnen den vollen und originellen Geschmack.<br \/>\nProduktdetails: Spulen: UN2 netzartiges H. Widerstand: 0,8 Ohm. Wattleistung: 13-18 W, 4 St\u00fcck pro Packung, passend f\u00fcr Uwell-Caliburn-G-Pod-System.<br \/>\nSpezifikationen: Spulen: UN2 netzartiges H. Widerstand: 0,8 Ohm. Wattleistung: 13-18 W, 4 St\u00fcck pro Packung, passend f\u00fcr Uwell-Caliburn-G-Pod-System.<\/p>\n","protected":false},"featured_media":59830,"comment_status":"open","ping_status":"closed","template":"","meta":[],"product_brand":[],"product_cat":[566,5626],"product_tag":[],"class_list":{"0":"post-59829","1":"product","2":"type-product","3":"status-publish","4":"has-post-thumbnail","6":"product_cat-drogerie-koerperpflege","7":"product_cat-elektronische-zigaretten-shishas-zubehoer","8":"pa_binding-badartikel","9":"pa_brand-uwell","10":"pa_height-3-93700787-zoll","11":"pa_length-3-93700787-zoll","12":"pa_manufacturer-uwell","13":"pa_size-4-stueck-1er-pack","14":"pa_width-3-93700787-zoll","16":"first","17":"instock","18":"shipping-taxable","19":"purchasable","20":"product-type-simple","21":"customify-col","22":"product-has-gallery"},"yoast_head":"<!-- This site is optimized with the Yoast SEO plugin v27.3 - https:\/\/yoast.com\/product\/yoast-seo-wordpress\/ -->\n<title>Uwell Caliburn-G-Spule, 0,8 Ohm, 4 St\u00fcck\/Packung (nikotinfrei) - Markt-XXL<\/title>\n<meta name=\"description\" content=\"Markt-XXL Uwell Caliburn-G-Spule, 0,8 Ohm, 4 St\u00fcck\/Packung (nikotinfrei)\" \/>\n<meta name=\"robots\" content=\"index, follow, max-snippet:-1, max-image-preview:large, max-video-preview:-1\" \/>\n<link rel=\"canonical\" href=\"https:\/\/marktxxl.de\/markt\/produkt\/uwell-caliburn-g-spule-08-ohm-4-stueck-packung-nikotinfrei\/\" \/>\n<meta property=\"og:locale\" content=\"de_DE\" \/>\n<meta property=\"og:type\" content=\"article\" \/>\n<meta property=\"og:title\" content=\"Uwell Caliburn-G-Spule, 0,8 Ohm, 4 St\u00fcck\/Packung (nikotinfrei) - Markt-XXL\" \/>\n<meta property=\"og:description\" content=\"Markt-XXL Uwell Caliburn-G-Spule, 0,8 Ohm, 4 St\u00fcck\/Packung (nikotinfrei)\" \/>\n<meta property=\"og:url\" content=\"https:\/\/marktxxl.de\/markt\/produkt\/uwell-caliburn-g-spule-08-ohm-4-stueck-packung-nikotinfrei\/\" \/>\n<meta property=\"og:site_name\" content=\"Markt-XXL\" \/>\n<meta property=\"article:modified_time\" content=\"2023-04-08T23:59:28+00:00\" \/>\n<meta property=\"og:image\" content=\"https:\/\/m.media-amazon.com\/images\/I\/31Kew7yHx7L._SL500_.jpg\" \/>\n\t<meta property=\"og:image:width\" content=\"500\" \/>\n\t<meta property=\"og:image:height\" content=\"357\" \/>\n\t<meta property=\"og:image:type\" content=\"image\/jpeg\" \/>\n<meta name=\"twitter:card\" content=\"summary_large_image\" \/>\n<meta name=\"twitter:label1\" content=\"Gesch\u00e4tzte Lesezeit\" \/>\n\t<meta name=\"twitter:data1\" content=\"1\u00a0Minute\" \/>\n<script type=\"application\/ld+json\" class=\"yoast-schema-graph\">{\"@context\":\"https:\\\/\\\/schema.org\",\"@graph\":[{\"@type\":\"WebPage\",\"@id\":\"https:\\\/\\\/marktxxl.de\\\/markt\\\/produkt\\\/uwell-caliburn-g-spule-08-ohm-4-stueck-packung-nikotinfrei\\\/\",\"url\":\"https:\\\/\\\/marktxxl.de\\\/markt\\\/produkt\\\/uwell-caliburn-g-spule-08-ohm-4-stueck-packung-nikotinfrei\\\/\",\"name\":\"Uwell Caliburn-G-Spule, 0,8 Ohm, 4 St\u00fcck\\\/Packung (nikotinfrei) - Markt-XXL\",\"isPartOf\":{\"@id\":\"https:\\\/\\\/marktxxl.de\\\/markt\\\/#website\"},\"primaryImageOfPage\":{\"@id\":\"https:\\\/\\\/marktxxl.de\\\/markt\\\/produkt\\\/uwell-caliburn-g-spule-08-ohm-4-stueck-packung-nikotinfrei\\\/#primaryimage\"},\"image\":{\"@id\":\"https:\\\/\\\/marktxxl.de\\\/markt\\\/produkt\\\/uwell-caliburn-g-spule-08-ohm-4-stueck-packung-nikotinfrei\\\/#primaryimage\"},\"thumbnailUrl\":\"https:\\\/\\\/m.media-amazon.com\\\/images\\\/I\\\/31Kew7yHx7L._SL500_.jpg\",\"datePublished\":\"2021-10-26T14:12:26+00:00\",\"dateModified\":\"2023-04-08T23:59:28+00:00\",\"description\":\"Markt-XXL Uwell Caliburn-G-Spule, 0,8 Ohm, 4 St\u00fcck\\\/Packung (nikotinfrei)\",\"breadcrumb\":{\"@id\":\"https:\\\/\\\/marktxxl.de\\\/markt\\\/produkt\\\/uwell-caliburn-g-spule-08-ohm-4-stueck-packung-nikotinfrei\\\/#breadcrumb\"},\"inLanguage\":\"de\",\"potentialAction\":[{\"@type\":\"ReadAction\",\"target\":[\"https:\\\/\\\/marktxxl.de\\\/markt\\\/produkt\\\/uwell-caliburn-g-spule-08-ohm-4-stueck-packung-nikotinfrei\\\/\"]}]},{\"@type\":\"ImageObject\",\"inLanguage\":\"de\",\"@id\":\"https:\\\/\\\/marktxxl.de\\\/markt\\\/produkt\\\/uwell-caliburn-g-spule-08-ohm-4-stueck-packung-nikotinfrei\\\/#primaryimage\",\"url\":\"https:\\\/\\\/m.media-amazon.com\\\/images\\\/I\\\/31Kew7yHx7L._SL500_.jpg\",\"contentUrl\":\"https:\\\/\\\/m.media-amazon.com\\\/images\\\/I\\\/31Kew7yHx7L._SL500_.jpg\",\"width\":500,\"height\":357},{\"@type\":\"BreadcrumbList\",\"@id\":\"https:\\\/\\\/marktxxl.de\\\/markt\\\/produkt\\\/uwell-caliburn-g-spule-08-ohm-4-stueck-packung-nikotinfrei\\\/#breadcrumb\",\"itemListElement\":[{\"@type\":\"ListItem\",\"position\":1,\"name\":\"Startseite\",\"item\":\"https:\\\/\\\/marktxxl.de\\\/markt\\\/\"},{\"@type\":\"ListItem\",\"position\":2,\"name\":\"Markt\",\"item\":\"https:\\\/\\\/marktxxl.de\\\/markt\\\/\"},{\"@type\":\"ListItem\",\"position\":3,\"name\":\"Uwell Caliburn-G-Spule, 0,8 Ohm, 4 St\u00fcck\\\/Packung (nikotinfrei)\"}]},{\"@type\":\"WebSite\",\"@id\":\"https:\\\/\\\/marktxxl.de\\\/markt\\\/#website\",\"url\":\"https:\\\/\\\/marktxxl.de\\\/markt\\\/\",\"name\":\"Markt-XXL\",\"description\":\"Ihr Markt Online\",\"publisher\":{\"@id\":\"https:\\\/\\\/marktxxl.de\\\/markt\\\/#organization\"},\"potentialAction\":[{\"@type\":\"SearchAction\",\"target\":{\"@type\":\"EntryPoint\",\"urlTemplate\":\"https:\\\/\\\/marktxxl.de\\\/markt\\\/?s={search_term_string}\"},\"query-input\":{\"@type\":\"PropertyValueSpecification\",\"valueRequired\":true,\"valueName\":\"search_term_string\"}}],\"inLanguage\":\"de\"},{\"@type\":\"Organization\",\"@id\":\"https:\\\/\\\/marktxxl.de\\\/markt\\\/#organization\",\"name\":\"Markt-XXL\",\"url\":\"https:\\\/\\\/marktxxl.de\\\/markt\\\/\",\"logo\":{\"@type\":\"ImageObject\",\"inLanguage\":\"de\",\"@id\":\"https:\\\/\\\/marktxxl.de\\\/markt\\\/#\\\/schema\\\/logo\\\/image\\\/\",\"url\":\"https:\\\/\\\/marktxxl.de\\\/markt\\\/wp-content\\\/uploads\\\/sites\\\/3\\\/2020\\\/12\\\/logo.png\",\"contentUrl\":\"https:\\\/\\\/marktxxl.de\\\/markt\\\/wp-content\\\/uploads\\\/sites\\\/3\\\/2020\\\/12\\\/logo.png\",\"width\":200,\"height\":70,\"caption\":\"Markt-XXL\"},\"image\":{\"@id\":\"https:\\\/\\\/marktxxl.de\\\/markt\\\/#\\\/schema\\\/logo\\\/image\\\/\"}}]}<\/script>\n<!-- \/ Yoast SEO plugin. -->","yoast_head_json":{"title":"Uwell Caliburn-G-Spule, 0,8 Ohm, 4 St\u00fcck\/Packung (nikotinfrei) - Markt-XXL","description":"Markt-XXL Uwell Caliburn-G-Spule, 0,8 Ohm, 4 St\u00fcck\/Packung (nikotinfrei)","robots":{"index":"index","follow":"follow","max-snippet":"max-snippet:-1","max-image-preview":"max-image-preview:large","max-video-preview":"max-video-preview:-1"},"canonical":"https:\/\/marktxxl.de\/markt\/produkt\/uwell-caliburn-g-spule-08-ohm-4-stueck-packung-nikotinfrei\/","og_locale":"de_DE","og_type":"article","og_title":"Uwell Caliburn-G-Spule, 0,8 Ohm, 4 St\u00fcck\/Packung (nikotinfrei) - Markt-XXL","og_description":"Markt-XXL Uwell Caliburn-G-Spule, 0,8 Ohm, 4 St\u00fcck\/Packung (nikotinfrei)","og_url":"https:\/\/marktxxl.de\/markt\/produkt\/uwell-caliburn-g-spule-08-ohm-4-stueck-packung-nikotinfrei\/","og_site_name":"Markt-XXL","article_modified_time":"2023-04-08T23:59:28+00:00","og_image":[{"width":500,"height":357,"url":"https:\/\/m.media-amazon.com\/images\/I\/31Kew7yHx7L._SL500_.jpg","type":"image\/jpeg"}],"twitter_card":"summary_large_image","twitter_misc":{"Gesch\u00e4tzte Lesezeit":"1\u00a0Minute"},"schema":{"@context":"https:\/\/schema.org","@graph":[{"@type":"WebPage","@id":"https:\/\/marktxxl.de\/markt\/produkt\/uwell-caliburn-g-spule-08-ohm-4-stueck-packung-nikotinfrei\/","url":"https:\/\/marktxxl.de\/markt\/produkt\/uwell-caliburn-g-spule-08-ohm-4-stueck-packung-nikotinfrei\/","name":"Uwell Caliburn-G-Spule, 0,8 Ohm, 4 St\u00fcck\/Packung (nikotinfrei) - Markt-XXL","isPartOf":{"@id":"https:\/\/marktxxl.de\/markt\/#website"},"primaryImageOfPage":{"@id":"https:\/\/marktxxl.de\/markt\/produkt\/uwell-caliburn-g-spule-08-ohm-4-stueck-packung-nikotinfrei\/#primaryimage"},"image":{"@id":"https:\/\/marktxxl.de\/markt\/produkt\/uwell-caliburn-g-spule-08-ohm-4-stueck-packung-nikotinfrei\/#primaryimage"},"thumbnailUrl":"https:\/\/m.media-amazon.com\/images\/I\/31Kew7yHx7L._SL500_.jpg","datePublished":"2021-10-26T14:12:26+00:00","dateModified":"2023-04-08T23:59:28+00:00","description":"Markt-XXL Uwell Caliburn-G-Spule, 0,8 Ohm, 4 St\u00fcck\/Packung (nikotinfrei)","breadcrumb":{"@id":"https:\/\/marktxxl.de\/markt\/produkt\/uwell-caliburn-g-spule-08-ohm-4-stueck-packung-nikotinfrei\/#breadcrumb"},"inLanguage":"de","potentialAction":[{"@type":"ReadAction","target":["https:\/\/marktxxl.de\/markt\/produkt\/uwell-caliburn-g-spule-08-ohm-4-stueck-packung-nikotinfrei\/"]}]},{"@type":"ImageObject","inLanguage":"de","@id":"https:\/\/marktxxl.de\/markt\/produkt\/uwell-caliburn-g-spule-08-ohm-4-stueck-packung-nikotinfrei\/#primaryimage","url":"https:\/\/m.media-amazon.com\/images\/I\/31Kew7yHx7L._SL500_.jpg","contentUrl":"https:\/\/m.media-amazon.com\/images\/I\/31Kew7yHx7L._SL500_.jpg","width":500,"height":357},{"@type":"BreadcrumbList","@id":"https:\/\/marktxxl.de\/markt\/produkt\/uwell-caliburn-g-spule-08-ohm-4-stueck-packung-nikotinfrei\/#breadcrumb","itemListElement":[{"@type":"ListItem","position":1,"name":"Startseite","item":"https:\/\/marktxxl.de\/markt\/"},{"@type":"ListItem","position":2,"name":"Markt","item":"https:\/\/marktxxl.de\/markt\/"},{"@type":"ListItem","position":3,"name":"Uwell Caliburn-G-Spule, 0,8 Ohm, 4 St\u00fcck\/Packung (nikotinfrei)"}]},{"@type":"WebSite","@id":"https:\/\/marktxxl.de\/markt\/#website","url":"https:\/\/marktxxl.de\/markt\/","name":"Markt-XXL","description":"Ihr Markt Online","publisher":{"@id":"https:\/\/marktxxl.de\/markt\/#organization"},"potentialAction":[{"@type":"SearchAction","target":{"@type":"EntryPoint","urlTemplate":"https:\/\/marktxxl.de\/markt\/?s={search_term_string}"},"query-input":{"@type":"PropertyValueSpecification","valueRequired":true,"valueName":"search_term_string"}}],"inLanguage":"de"},{"@type":"Organization","@id":"https:\/\/marktxxl.de\/markt\/#organization","name":"Markt-XXL","url":"https:\/\/marktxxl.de\/markt\/","logo":{"@type":"ImageObject","inLanguage":"de","@id":"https:\/\/marktxxl.de\/markt\/#\/schema\/logo\/image\/","url":"https:\/\/marktxxl.de\/markt\/wp-content\/uploads\/sites\/3\/2020\/12\/logo.png","contentUrl":"https:\/\/marktxxl.de\/markt\/wp-content\/uploads\/sites\/3\/2020\/12\/logo.png","width":200,"height":70,"caption":"Markt-XXL"},"image":{"@id":"https:\/\/marktxxl.de\/markt\/#\/schema\/logo\/image\/"}}]}},"_links":{"self":[{"href":"https:\/\/marktxxl.de\/markt\/wp-json\/wp\/v2\/product\/59829","targetHints":{"allow":["GET"]}}],"collection":[{"href":"https:\/\/marktxxl.de\/markt\/wp-json\/wp\/v2\/product"}],"about":[{"href":"https:\/\/marktxxl.de\/markt\/wp-json\/wp\/v2\/types\/product"}],"replies":[{"embeddable":true,"href":"https:\/\/marktxxl.de\/markt\/wp-json\/wp\/v2\/comments?post=59829"}],"wp:featuredmedia":[{"embeddable":true,"href":"https:\/\/marktxxl.de\/markt\/wp-json\/wp\/v2\/media\/59830"}],"wp:attachment":[{"href":"https:\/\/marktxxl.de\/markt\/wp-json\/wp\/v2\/media?parent=59829"}],"wp:term":[{"taxonomy":"product_brand","embeddable":true,"href":"https:\/\/marktxxl.de\/markt\/wp-json\/wp\/v2\/product_brand?post=59829"},{"taxonomy":"product_cat","embeddable":true,"href":"https:\/\/marktxxl.de\/markt\/wp-json\/wp\/v2\/product_cat?post=59829"},{"taxonomy":"product_tag","embeddable":true,"href":"https:\/\/marktxxl.de\/markt\/wp-json\/wp\/v2\/product_tag?post=59829"}],"curies":[{"name":"wp","href":"https:\/\/api.w.org\/{rel}","templated":true}]}}