{"id":59773,"date":"2021-10-26T16:11:16","date_gmt":"2021-10-26T14:11:16","guid":{"rendered":"https:\/\/marktxxl.de\/markt\/produkt\/ergobag-pack-super-reflektbaer-glow-ergonomischer-schulrucksack-set-6-teilig-20-liter-1-100-g-schwarz\/"},"modified":"2023-04-09T01:59:27","modified_gmt":"2023-04-08T23:59:27","slug":"ergobag-pack-super-reflektbaer-glow-ergonomischer-schulrucksack-set-6-teilig-20-liter-1-100-g-schwarz","status":"publish","type":"product","link":"https:\/\/marktxxl.de\/markt\/produkt\/ergobag-pack-super-reflektbaer-glow-ergonomischer-schulrucksack-set-6-teilig-20-liter-1-100-g-schwarz\/","title":{"rendered":"ergobag pack Set ergonomischer Schulrucksack, Set 6-teilig"},"content":{"rendered":"<p>Ergonomie: Mit H\u00fcftgurt und gr\u00f6\u00dfenverstellbarem R\u00fcckenteil wird das Gewicht der Schultasche optimal auf die stabilere H\u00fcfte verlagert.<br \/>\nIndividualit\u00e4t: Mit dem Klettie-Set l\u00e4sst sich der Schulrucksack ganz individuell gestalten und versch\u00f6nern.<br \/>\nSichtbarkeit: Schultaschen sind rundherum gro\u00dfz\u00fcgig mit Reflektoren ausgestattet und erstrahlen auch bei Dunkelheit.<br \/>\nNachhaltigkeit: Unsere Umwelt liegt uns am Herzen. Deshalb verarbeiten wir Textilien, die zu 100% aus recycelten PET-Flaschen hergestellt werden.<br \/>\n6-teiliges Set: Das Set beinhaltet den Schulrucksack, einen Sportrucksack, 5 Monster Kletties, DIN A4 Heftebox, Federm\u00e4ppchen und ein Schlamperm\u00e4ppchen.<br \/>\n<div class=\"main-cross-sell\" data-asin=\"B07VSYF9PQ\">\n\n\t<div class=\"WooZone-cross-sell-loader\">\n\t\t<div>\n\t\t\t<div id=\"floatingBarsG\">\n\t\t\t\t<div class=\"blockG\" id=\"rotateG_01\"><\/div>\n\t\t\t\t<div class=\"blockG\" id=\"rotateG_02\"><\/div>\n\t\t\t\t<div class=\"blockG\" id=\"rotateG_03\"><\/div>\n\t\t\t\t<div class=\"blockG\" id=\"rotateG_04\"><\/div>\n\t\t\t\t<div class=\"blockG\" id=\"rotateG_05\"><\/div>\n\t\t\t\t<div class=\"blockG\" id=\"rotateG_06\"><\/div>\n\t\t\t\t<div class=\"blockG\" id=\"rotateG_07\"><\/div>\n\t\t\t\t<div class=\"blockG\" id=\"rotateG_08\"><\/div>\n\t\t\t<\/div>\n\t\t\t<div class=\"WooZone-cross-sell-loader-text\"><\/div>\n\t\t<\/div>\n\t<\/div>\n\n\t\t\n<\/div>\n<div style=\"clear:both;\"><\/div><\/p>\n","protected":false},"excerpt":{"rendered":"<p>Ergonomie: Mit H\u00fcftgurt und gr\u00f6\u00dfenverstellbarem R\u00fcckenteil wird das Gewicht der Schultasche optimal auf die stabilere H\u00fcfte verlagert.<br \/>\nIndividualit\u00e4t: Mit dem Klettie-Set l\u00e4sst sich der Schulrucksack ganz individuell gestalten und versch\u00f6nern.<br \/>\nSichtbarkeit: Schultaschen sind rundherum gro\u00dfz\u00fcgig mit Reflektoren ausgestattet und erstrahlen auch bei Dunkelheit.<\/p>\n","protected":false},"featured_media":59774,"comment_status":"open","ping_status":"closed","template":"","meta":[],"product_brand":[],"product_cat":[504,8631],"product_tag":[],"class_list":{"0":"post-59773","1":"product","2":"type-product","3":"status-publish","4":"has-post-thumbnail","6":"product_cat-buerobedarf-schreibwaren","7":"product_cat-schul-unibedarf","8":"pa_binding-luggage","9":"pa_brand-ergobag","10":"pa_color-super-reflektbaer-glow","11":"pa_height-13-779527545-zoll","12":"pa_length-8-661417314-zoll","13":"pa_manufacturer-ergobag","14":"pa_model-erg-set-001-9z6","15":"pa_size-einheitsgroesse","16":"pa_weight-2-425084882-pfund","17":"pa_width-9-842519675-zoll","19":"first","20":"instock","21":"shipping-taxable","22":"purchasable","23":"product-type-simple","24":"customify-col","25":"product-has-gallery"},"yoast_head":"<!-- This site is optimized with the Yoast SEO plugin v27.3 - https:\/\/yoast.com\/product\/yoast-seo-wordpress\/ -->\n<title>ergobag pack Set ergonomischer Schulrucksack, Set 6-teilig - Markt-XXL<\/title>\n<meta name=\"description\" content=\"Markt-XXL ergobag pack Set ergonomischer Schulrucksack, Set 6-teilig\" \/>\n<meta name=\"robots\" content=\"index, follow, max-snippet:-1, max-image-preview:large, max-video-preview:-1\" \/>\n<link rel=\"canonical\" href=\"https:\/\/marktxxl.de\/markt\/produkt\/ergobag-pack-super-reflektbaer-glow-ergonomischer-schulrucksack-set-6-teilig-20-liter-1-100-g-schwarz\/\" \/>\n<meta property=\"og:locale\" content=\"de_DE\" \/>\n<meta property=\"og:type\" content=\"article\" \/>\n<meta property=\"og:title\" content=\"ergobag pack Set ergonomischer Schulrucksack, Set 6-teilig - Markt-XXL\" \/>\n<meta property=\"og:description\" content=\"Markt-XXL ergobag pack Set ergonomischer Schulrucksack, Set 6-teilig\" \/>\n<meta property=\"og:url\" content=\"https:\/\/marktxxl.de\/markt\/produkt\/ergobag-pack-super-reflektbaer-glow-ergonomischer-schulrucksack-set-6-teilig-20-liter-1-100-g-schwarz\/\" \/>\n<meta property=\"og:site_name\" content=\"Markt-XXL\" \/>\n<meta property=\"article:modified_time\" content=\"2023-04-08T23:59:27+00:00\" \/>\n<meta property=\"og:image\" content=\"https:\/\/m.media-amazon.com\/images\/I\/41OlQyR5tUL._SL500_.jpg\" \/>\n\t<meta property=\"og:image:width\" content=\"500\" \/>\n\t<meta property=\"og:image:height\" content=\"500\" \/>\n\t<meta property=\"og:image:type\" content=\"image\/jpeg\" \/>\n<meta name=\"twitter:card\" content=\"summary_large_image\" \/>\n<script type=\"application\/ld+json\" class=\"yoast-schema-graph\">{\"@context\":\"https:\\\/\\\/schema.org\",\"@graph\":[{\"@type\":\"WebPage\",\"@id\":\"https:\\\/\\\/marktxxl.de\\\/markt\\\/produkt\\\/ergobag-pack-super-reflektbaer-glow-ergonomischer-schulrucksack-set-6-teilig-20-liter-1-100-g-schwarz\\\/\",\"url\":\"https:\\\/\\\/marktxxl.de\\\/markt\\\/produkt\\\/ergobag-pack-super-reflektbaer-glow-ergonomischer-schulrucksack-set-6-teilig-20-liter-1-100-g-schwarz\\\/\",\"name\":\"ergobag pack Set ergonomischer Schulrucksack, Set 6-teilig - Markt-XXL\",\"isPartOf\":{\"@id\":\"https:\\\/\\\/marktxxl.de\\\/markt\\\/#website\"},\"primaryImageOfPage\":{\"@id\":\"https:\\\/\\\/marktxxl.de\\\/markt\\\/produkt\\\/ergobag-pack-super-reflektbaer-glow-ergonomischer-schulrucksack-set-6-teilig-20-liter-1-100-g-schwarz\\\/#primaryimage\"},\"image\":{\"@id\":\"https:\\\/\\\/marktxxl.de\\\/markt\\\/produkt\\\/ergobag-pack-super-reflektbaer-glow-ergonomischer-schulrucksack-set-6-teilig-20-liter-1-100-g-schwarz\\\/#primaryimage\"},\"thumbnailUrl\":\"https:\\\/\\\/m.media-amazon.com\\\/images\\\/I\\\/41OlQyR5tUL._SL500_.jpg\",\"datePublished\":\"2021-10-26T14:11:16+00:00\",\"dateModified\":\"2023-04-08T23:59:27+00:00\",\"description\":\"Markt-XXL ergobag pack Set ergonomischer Schulrucksack, Set 6-teilig\",\"breadcrumb\":{\"@id\":\"https:\\\/\\\/marktxxl.de\\\/markt\\\/produkt\\\/ergobag-pack-super-reflektbaer-glow-ergonomischer-schulrucksack-set-6-teilig-20-liter-1-100-g-schwarz\\\/#breadcrumb\"},\"inLanguage\":\"de\",\"potentialAction\":[{\"@type\":\"ReadAction\",\"target\":[\"https:\\\/\\\/marktxxl.de\\\/markt\\\/produkt\\\/ergobag-pack-super-reflektbaer-glow-ergonomischer-schulrucksack-set-6-teilig-20-liter-1-100-g-schwarz\\\/\"]}]},{\"@type\":\"ImageObject\",\"inLanguage\":\"de\",\"@id\":\"https:\\\/\\\/marktxxl.de\\\/markt\\\/produkt\\\/ergobag-pack-super-reflektbaer-glow-ergonomischer-schulrucksack-set-6-teilig-20-liter-1-100-g-schwarz\\\/#primaryimage\",\"url\":\"https:\\\/\\\/m.media-amazon.com\\\/images\\\/I\\\/41OlQyR5tUL._SL500_.jpg\",\"contentUrl\":\"https:\\\/\\\/m.media-amazon.com\\\/images\\\/I\\\/41OlQyR5tUL._SL500_.jpg\",\"width\":500,\"height\":500},{\"@type\":\"BreadcrumbList\",\"@id\":\"https:\\\/\\\/marktxxl.de\\\/markt\\\/produkt\\\/ergobag-pack-super-reflektbaer-glow-ergonomischer-schulrucksack-set-6-teilig-20-liter-1-100-g-schwarz\\\/#breadcrumb\",\"itemListElement\":[{\"@type\":\"ListItem\",\"position\":1,\"name\":\"Startseite\",\"item\":\"https:\\\/\\\/marktxxl.de\\\/markt\\\/\"},{\"@type\":\"ListItem\",\"position\":2,\"name\":\"Markt\",\"item\":\"https:\\\/\\\/marktxxl.de\\\/markt\\\/\"},{\"@type\":\"ListItem\",\"position\":3,\"name\":\"ergobag pack Set ergonomischer Schulrucksack, Set 6-teilig\"}]},{\"@type\":\"WebSite\",\"@id\":\"https:\\\/\\\/marktxxl.de\\\/markt\\\/#website\",\"url\":\"https:\\\/\\\/marktxxl.de\\\/markt\\\/\",\"name\":\"Markt-XXL\",\"description\":\"Ihr Markt Online\",\"publisher\":{\"@id\":\"https:\\\/\\\/marktxxl.de\\\/markt\\\/#organization\"},\"potentialAction\":[{\"@type\":\"SearchAction\",\"target\":{\"@type\":\"EntryPoint\",\"urlTemplate\":\"https:\\\/\\\/marktxxl.de\\\/markt\\\/?s={search_term_string}\"},\"query-input\":{\"@type\":\"PropertyValueSpecification\",\"valueRequired\":true,\"valueName\":\"search_term_string\"}}],\"inLanguage\":\"de\"},{\"@type\":\"Organization\",\"@id\":\"https:\\\/\\\/marktxxl.de\\\/markt\\\/#organization\",\"name\":\"Markt-XXL\",\"url\":\"https:\\\/\\\/marktxxl.de\\\/markt\\\/\",\"logo\":{\"@type\":\"ImageObject\",\"inLanguage\":\"de\",\"@id\":\"https:\\\/\\\/marktxxl.de\\\/markt\\\/#\\\/schema\\\/logo\\\/image\\\/\",\"url\":\"https:\\\/\\\/marktxxl.de\\\/markt\\\/wp-content\\\/uploads\\\/sites\\\/3\\\/2020\\\/12\\\/logo.png\",\"contentUrl\":\"https:\\\/\\\/marktxxl.de\\\/markt\\\/wp-content\\\/uploads\\\/sites\\\/3\\\/2020\\\/12\\\/logo.png\",\"width\":200,\"height\":70,\"caption\":\"Markt-XXL\"},\"image\":{\"@id\":\"https:\\\/\\\/marktxxl.de\\\/markt\\\/#\\\/schema\\\/logo\\\/image\\\/\"}}]}<\/script>\n<!-- \/ Yoast SEO plugin. -->","yoast_head_json":{"title":"ergobag pack Set ergonomischer Schulrucksack, Set 6-teilig - Markt-XXL","description":"Markt-XXL ergobag pack Set ergonomischer Schulrucksack, Set 6-teilig","robots":{"index":"index","follow":"follow","max-snippet":"max-snippet:-1","max-image-preview":"max-image-preview:large","max-video-preview":"max-video-preview:-1"},"canonical":"https:\/\/marktxxl.de\/markt\/produkt\/ergobag-pack-super-reflektbaer-glow-ergonomischer-schulrucksack-set-6-teilig-20-liter-1-100-g-schwarz\/","og_locale":"de_DE","og_type":"article","og_title":"ergobag pack Set ergonomischer Schulrucksack, Set 6-teilig - Markt-XXL","og_description":"Markt-XXL ergobag pack Set ergonomischer Schulrucksack, Set 6-teilig","og_url":"https:\/\/marktxxl.de\/markt\/produkt\/ergobag-pack-super-reflektbaer-glow-ergonomischer-schulrucksack-set-6-teilig-20-liter-1-100-g-schwarz\/","og_site_name":"Markt-XXL","article_modified_time":"2023-04-08T23:59:27+00:00","og_image":[{"width":500,"height":500,"url":"https:\/\/m.media-amazon.com\/images\/I\/41OlQyR5tUL._SL500_.jpg","type":"image\/jpeg"}],"twitter_card":"summary_large_image","schema":{"@context":"https:\/\/schema.org","@graph":[{"@type":"WebPage","@id":"https:\/\/marktxxl.de\/markt\/produkt\/ergobag-pack-super-reflektbaer-glow-ergonomischer-schulrucksack-set-6-teilig-20-liter-1-100-g-schwarz\/","url":"https:\/\/marktxxl.de\/markt\/produkt\/ergobag-pack-super-reflektbaer-glow-ergonomischer-schulrucksack-set-6-teilig-20-liter-1-100-g-schwarz\/","name":"ergobag pack Set ergonomischer Schulrucksack, Set 6-teilig - Markt-XXL","isPartOf":{"@id":"https:\/\/marktxxl.de\/markt\/#website"},"primaryImageOfPage":{"@id":"https:\/\/marktxxl.de\/markt\/produkt\/ergobag-pack-super-reflektbaer-glow-ergonomischer-schulrucksack-set-6-teilig-20-liter-1-100-g-schwarz\/#primaryimage"},"image":{"@id":"https:\/\/marktxxl.de\/markt\/produkt\/ergobag-pack-super-reflektbaer-glow-ergonomischer-schulrucksack-set-6-teilig-20-liter-1-100-g-schwarz\/#primaryimage"},"thumbnailUrl":"https:\/\/m.media-amazon.com\/images\/I\/41OlQyR5tUL._SL500_.jpg","datePublished":"2021-10-26T14:11:16+00:00","dateModified":"2023-04-08T23:59:27+00:00","description":"Markt-XXL ergobag pack Set ergonomischer Schulrucksack, Set 6-teilig","breadcrumb":{"@id":"https:\/\/marktxxl.de\/markt\/produkt\/ergobag-pack-super-reflektbaer-glow-ergonomischer-schulrucksack-set-6-teilig-20-liter-1-100-g-schwarz\/#breadcrumb"},"inLanguage":"de","potentialAction":[{"@type":"ReadAction","target":["https:\/\/marktxxl.de\/markt\/produkt\/ergobag-pack-super-reflektbaer-glow-ergonomischer-schulrucksack-set-6-teilig-20-liter-1-100-g-schwarz\/"]}]},{"@type":"ImageObject","inLanguage":"de","@id":"https:\/\/marktxxl.de\/markt\/produkt\/ergobag-pack-super-reflektbaer-glow-ergonomischer-schulrucksack-set-6-teilig-20-liter-1-100-g-schwarz\/#primaryimage","url":"https:\/\/m.media-amazon.com\/images\/I\/41OlQyR5tUL._SL500_.jpg","contentUrl":"https:\/\/m.media-amazon.com\/images\/I\/41OlQyR5tUL._SL500_.jpg","width":500,"height":500},{"@type":"BreadcrumbList","@id":"https:\/\/marktxxl.de\/markt\/produkt\/ergobag-pack-super-reflektbaer-glow-ergonomischer-schulrucksack-set-6-teilig-20-liter-1-100-g-schwarz\/#breadcrumb","itemListElement":[{"@type":"ListItem","position":1,"name":"Startseite","item":"https:\/\/marktxxl.de\/markt\/"},{"@type":"ListItem","position":2,"name":"Markt","item":"https:\/\/marktxxl.de\/markt\/"},{"@type":"ListItem","position":3,"name":"ergobag pack Set ergonomischer Schulrucksack, Set 6-teilig"}]},{"@type":"WebSite","@id":"https:\/\/marktxxl.de\/markt\/#website","url":"https:\/\/marktxxl.de\/markt\/","name":"Markt-XXL","description":"Ihr Markt Online","publisher":{"@id":"https:\/\/marktxxl.de\/markt\/#organization"},"potentialAction":[{"@type":"SearchAction","target":{"@type":"EntryPoint","urlTemplate":"https:\/\/marktxxl.de\/markt\/?s={search_term_string}"},"query-input":{"@type":"PropertyValueSpecification","valueRequired":true,"valueName":"search_term_string"}}],"inLanguage":"de"},{"@type":"Organization","@id":"https:\/\/marktxxl.de\/markt\/#organization","name":"Markt-XXL","url":"https:\/\/marktxxl.de\/markt\/","logo":{"@type":"ImageObject","inLanguage":"de","@id":"https:\/\/marktxxl.de\/markt\/#\/schema\/logo\/image\/","url":"https:\/\/marktxxl.de\/markt\/wp-content\/uploads\/sites\/3\/2020\/12\/logo.png","contentUrl":"https:\/\/marktxxl.de\/markt\/wp-content\/uploads\/sites\/3\/2020\/12\/logo.png","width":200,"height":70,"caption":"Markt-XXL"},"image":{"@id":"https:\/\/marktxxl.de\/markt\/#\/schema\/logo\/image\/"}}]}},"_links":{"self":[{"href":"https:\/\/marktxxl.de\/markt\/wp-json\/wp\/v2\/product\/59773","targetHints":{"allow":["GET"]}}],"collection":[{"href":"https:\/\/marktxxl.de\/markt\/wp-json\/wp\/v2\/product"}],"about":[{"href":"https:\/\/marktxxl.de\/markt\/wp-json\/wp\/v2\/types\/product"}],"replies":[{"embeddable":true,"href":"https:\/\/marktxxl.de\/markt\/wp-json\/wp\/v2\/comments?post=59773"}],"wp:featuredmedia":[{"embeddable":true,"href":"https:\/\/marktxxl.de\/markt\/wp-json\/wp\/v2\/media\/59774"}],"wp:attachment":[{"href":"https:\/\/marktxxl.de\/markt\/wp-json\/wp\/v2\/media?parent=59773"}],"wp:term":[{"taxonomy":"product_brand","embeddable":true,"href":"https:\/\/marktxxl.de\/markt\/wp-json\/wp\/v2\/product_brand?post=59773"},{"taxonomy":"product_cat","embeddable":true,"href":"https:\/\/marktxxl.de\/markt\/wp-json\/wp\/v2\/product_cat?post=59773"},{"taxonomy":"product_tag","embeddable":true,"href":"https:\/\/marktxxl.de\/markt\/wp-json\/wp\/v2\/product_tag?post=59773"}],"curies":[{"name":"wp","href":"https:\/\/api.w.org\/{rel}","templated":true}]}}