{"id":59684,"date":"2021-10-26T16:10:45","date_gmt":"2021-10-26T14:10:45","guid":{"rendered":"https:\/\/marktxxl.de\/markt\/produkt\/stylebutton-design-your-own-button-anstecker-schulkinder-geschenk-fuer-schultuete-zum-schulanfang-einschulung-2021-56-mm\/"},"modified":"2023-04-11T02:27:19","modified_gmt":"2023-04-11T00:27:19","slug":"stylebutton-design-your-own-button-anstecker-schulkinder-geschenk-fuer-schultuete-zum-schulanfang-einschulung-2021-56-mm","status":"publish","type":"product","link":"https:\/\/marktxxl.de\/markt\/produkt\/stylebutton-design-your-own-button-anstecker-schulkinder-geschenk-fuer-schultuete-zum-schulanfang-einschulung-2021-56-mm\/","title":{"rendered":"stylebutton design your own Button Anstecker Schulkinder Geschenk f\u00fcr Schult\u00fcte zum Schulanfang\/Einschulung 2023 56 mm"},"content":{"rendered":"<p>\u2714 Die GESCHENKIDEE ZUM START IN DIE SCHULZEIT &#8211; ein farbenfroher Button als Geschenk f\u00fcr die Zuckert\u00fcte. Das Schulkind wird ihn m\u00e4chtig stolz an der Kleidung oder dem Ranzen tragen.<br \/>\n\u2714 NICHT ZU \u00dcBERSEHEN &#8211; mit einem Durchmesser von 56 mm ist der Button auch aus der Ferne noch gut am Ranzen des ABC-Sch\u00fctzen zu sehen.<br \/>\n\u2714 \u00dcBERRAGENDE QUALIT\u00c4T &#8211; Nach dem Druck in Echtfotoqualit\u00e4t und dem Verpressen durchl\u00e4uft jeder Ansteckbutton eine strenge Qualit\u00e4tskontrolle. Bei dieser wird jeder Button einzeln von Hand \u00fcberpr\u00fcft, bevor er an unsere Kunden versandt wird! Damit jeder Schulanf\u00e4nger ein perfektes Exemplar in seiner Schult\u00fcte findet.<br \/>\n\u2714 SCHNELLER VERSAND &#8211; Die einzigartigen Pins sind ein absoluter Hingucker bei der Schuleinf\u00fchrung \/ Einschulung! Damit sie m\u00f6glichst schnell bei Dir sind, versenden wir sp\u00e4testens am folgenden Werktag nach Deiner Bestellung. (Lieferzeit 1-2 Tage innerhalb Deutschlands)<br \/>\n\u2665 HINWEIS: Auf Wunsch kann auch ein INDIVIDUELLER AUFDRUCK oder die Erg\u00e4nzung des Namens des M\u00e4dchen oder Jungen erfolgen. Dazu bitte VOR DEM KAUF mit uns (stylebutton) in Kontakt treten.<br \/>\n<div class=\"main-cross-sell\" data-asin=\"B087RL43CT\">\n\n\t<div class=\"WooZone-cross-sell-loader\">\n\t\t<div>\n\t\t\t<div id=\"floatingBarsG\">\n\t\t\t\t<div class=\"blockG\" id=\"rotateG_01\"><\/div>\n\t\t\t\t<div class=\"blockG\" id=\"rotateG_02\"><\/div>\n\t\t\t\t<div class=\"blockG\" id=\"rotateG_03\"><\/div>\n\t\t\t\t<div class=\"blockG\" id=\"rotateG_04\"><\/div>\n\t\t\t\t<div class=\"blockG\" id=\"rotateG_05\"><\/div>\n\t\t\t\t<div class=\"blockG\" id=\"rotateG_06\"><\/div>\n\t\t\t\t<div class=\"blockG\" id=\"rotateG_07\"><\/div>\n\t\t\t\t<div class=\"blockG\" id=\"rotateG_08\"><\/div>\n\t\t\t<\/div>\n\t\t\t<div class=\"WooZone-cross-sell-loader-text\"><\/div>\n\t\t<\/div>\n\t<\/div>\n\n\t\t\n<\/div>\n<div style=\"clear:both;\"><\/div><\/p>\n","protected":false},"excerpt":{"rendered":"<p>\u2714 Die GESCHENKIDEE ZUM START IN DIE SCHULZEIT &#8211; ein farbenfroher Button als Geschenk f\u00fcr die Zuckert\u00fcte. Das Schulkind wird ihn m\u00e4chtig stolz an der Kleidung oder dem Ranzen tragen.<br \/>\n\u2714 NICHT ZU \u00dcBERSEHEN &#8211; mit einem Durchmesser von 56 mm ist der Button auch aus der Ferne noch gut am Ranzen des ABC-Sch\u00fctzen zu sehen.<br \/>\n\u2714 \u00dcBERRAGENDE QUALIT\u00c4T &#8211; Nach dem Druck in Echtfotoqualit\u00e4t und dem Verpressen durchl\u00e4uft jeder Ansteckbutton eine strenge Qualit\u00e4tskontrolle. Bei dieser wird jeder Button einzeln von Hand \u00fcberpr\u00fcft, bevor er an unsere Kunden versandt wird! Damit jeder Schulanf\u00e4nger ein perfektes Exemplar in seiner Schult\u00fcte findet.<\/p>\n","protected":false},"featured_media":59695,"comment_status":"open","ping_status":"closed","template":"","meta":[],"product_brand":[],"product_cat":[504,8631],"product_tag":[],"class_list":{"0":"post-59684","1":"product","2":"type-product","3":"status-publish","4":"has-post-thumbnail","6":"product_cat-buerobedarf-schreibwaren","7":"product_cat-schul-unibedarf","8":"pa_binding-textilien","9":"pa_brand-stylebutton-design-your-own","10":"pa_farbe-1-einhorn-pink","11":"pa_farbe-10-schulkind-bunt","12":"pa_farbe-2-einhorn-gruen","13":"pa_farbe-3-tafel-endlich-schulkind","14":"pa_farbe-4-hurra-maedchen-gruen","15":"pa_farbe-5-hurra-maedchen-rosa","16":"pa_farbe-6-hurra-junge-gruen","17":"pa_farbe-7-hurra-junge-hellblau","18":"pa_farbe-8-hurra-maedchen-magenta","19":"pa_farbe-9-hurra-maedchen-gelb","20":"pa_size-l","21":"pa_weight-0-0220462262-pfund","23":"first","24":"instock","25":"shipping-taxable","26":"purchasable","27":"product-type-variable","28":"customify-col","29":"product-has-gallery"},"yoast_head":"<!-- This site is optimized with the Yoast SEO plugin v27.4 - https:\/\/yoast.com\/product\/yoast-seo-wordpress\/ -->\n<title>stylebutton design your own Button Anstecker Schulkinder Geschenk f\u00fcr Schult\u00fcte zum Schulanfang\/Einschulung 2023 56 mm - Markt-XXL<\/title>\n<meta name=\"description\" content=\"Markt-XXL stylebutton design your own Button Anstecker Schulkinder Geschenk f\u00fcr Schult\u00fcte zum Schulanfang\/Einschulung 2023 56 mm\" \/>\n<meta name=\"robots\" content=\"index, follow, max-snippet:-1, max-image-preview:large, max-video-preview:-1\" \/>\n<link rel=\"canonical\" href=\"https:\/\/marktxxl.de\/markt\/produkt\/stylebutton-design-your-own-button-anstecker-schulkinder-geschenk-fuer-schultuete-zum-schulanfang-einschulung-2021-56-mm\/\" \/>\n<meta property=\"og:locale\" content=\"de_DE\" \/>\n<meta property=\"og:type\" content=\"article\" \/>\n<meta property=\"og:title\" content=\"stylebutton design your own Button Anstecker Schulkinder Geschenk f\u00fcr Schult\u00fcte zum Schulanfang\/Einschulung 2023 56 mm - Markt-XXL\" \/>\n<meta property=\"og:description\" content=\"Markt-XXL stylebutton design your own Button Anstecker Schulkinder Geschenk f\u00fcr Schult\u00fcte zum Schulanfang\/Einschulung 2023 56 mm\" \/>\n<meta property=\"og:url\" content=\"https:\/\/marktxxl.de\/markt\/produkt\/stylebutton-design-your-own-button-anstecker-schulkinder-geschenk-fuer-schultuete-zum-schulanfang-einschulung-2021-56-mm\/\" \/>\n<meta property=\"og:site_name\" content=\"Markt-XXL\" \/>\n<meta property=\"article:modified_time\" content=\"2023-04-11T00:27:19+00:00\" \/>\n<meta property=\"og:image\" content=\"https:\/\/m.media-amazon.com\/images\/I\/51EXh9XJkmL._SL500_.jpg\" \/>\n\t<meta property=\"og:image:width\" content=\"500\" \/>\n\t<meta property=\"og:image:height\" content=\"500\" \/>\n\t<meta property=\"og:image:type\" content=\"image\/jpeg\" \/>\n<meta name=\"twitter:card\" content=\"summary_large_image\" \/>\n<meta name=\"twitter:label1\" content=\"Gesch\u00e4tzte Lesezeit\" \/>\n\t<meta name=\"twitter:data1\" content=\"1\u00a0Minute\" \/>\n<script type=\"application\/ld+json\" class=\"yoast-schema-graph\">{\"@context\":\"https:\\\/\\\/schema.org\",\"@graph\":[{\"@type\":\"WebPage\",\"@id\":\"https:\\\/\\\/marktxxl.de\\\/markt\\\/produkt\\\/stylebutton-design-your-own-button-anstecker-schulkinder-geschenk-fuer-schultuete-zum-schulanfang-einschulung-2021-56-mm\\\/\",\"url\":\"https:\\\/\\\/marktxxl.de\\\/markt\\\/produkt\\\/stylebutton-design-your-own-button-anstecker-schulkinder-geschenk-fuer-schultuete-zum-schulanfang-einschulung-2021-56-mm\\\/\",\"name\":\"stylebutton design your own Button Anstecker Schulkinder Geschenk f\u00fcr Schult\u00fcte zum Schulanfang\\\/Einschulung 2023 56 mm - Markt-XXL\",\"isPartOf\":{\"@id\":\"https:\\\/\\\/marktxxl.de\\\/markt\\\/#website\"},\"primaryImageOfPage\":{\"@id\":\"https:\\\/\\\/marktxxl.de\\\/markt\\\/produkt\\\/stylebutton-design-your-own-button-anstecker-schulkinder-geschenk-fuer-schultuete-zum-schulanfang-einschulung-2021-56-mm\\\/#primaryimage\"},\"image\":{\"@id\":\"https:\\\/\\\/marktxxl.de\\\/markt\\\/produkt\\\/stylebutton-design-your-own-button-anstecker-schulkinder-geschenk-fuer-schultuete-zum-schulanfang-einschulung-2021-56-mm\\\/#primaryimage\"},\"thumbnailUrl\":\"https:\\\/\\\/m.media-amazon.com\\\/images\\\/I\\\/51EXh9XJkmL._SL500_.jpg\",\"datePublished\":\"2021-10-26T14:10:45+00:00\",\"dateModified\":\"2023-04-11T00:27:19+00:00\",\"description\":\"Markt-XXL stylebutton design your own Button Anstecker Schulkinder Geschenk f\u00fcr Schult\u00fcte zum Schulanfang\\\/Einschulung 2023 56 mm\",\"breadcrumb\":{\"@id\":\"https:\\\/\\\/marktxxl.de\\\/markt\\\/produkt\\\/stylebutton-design-your-own-button-anstecker-schulkinder-geschenk-fuer-schultuete-zum-schulanfang-einschulung-2021-56-mm\\\/#breadcrumb\"},\"inLanguage\":\"de\",\"potentialAction\":[{\"@type\":\"ReadAction\",\"target\":[\"https:\\\/\\\/marktxxl.de\\\/markt\\\/produkt\\\/stylebutton-design-your-own-button-anstecker-schulkinder-geschenk-fuer-schultuete-zum-schulanfang-einschulung-2021-56-mm\\\/\"]}]},{\"@type\":\"ImageObject\",\"inLanguage\":\"de\",\"@id\":\"https:\\\/\\\/marktxxl.de\\\/markt\\\/produkt\\\/stylebutton-design-your-own-button-anstecker-schulkinder-geschenk-fuer-schultuete-zum-schulanfang-einschulung-2021-56-mm\\\/#primaryimage\",\"url\":\"https:\\\/\\\/m.media-amazon.com\\\/images\\\/I\\\/51EXh9XJkmL._SL500_.jpg\",\"contentUrl\":\"https:\\\/\\\/m.media-amazon.com\\\/images\\\/I\\\/51EXh9XJkmL._SL500_.jpg\",\"width\":500,\"height\":500},{\"@type\":\"BreadcrumbList\",\"@id\":\"https:\\\/\\\/marktxxl.de\\\/markt\\\/produkt\\\/stylebutton-design-your-own-button-anstecker-schulkinder-geschenk-fuer-schultuete-zum-schulanfang-einschulung-2021-56-mm\\\/#breadcrumb\",\"itemListElement\":[{\"@type\":\"ListItem\",\"position\":1,\"name\":\"Startseite\",\"item\":\"https:\\\/\\\/marktxxl.de\\\/markt\\\/\"},{\"@type\":\"ListItem\",\"position\":2,\"name\":\"Markt\",\"item\":\"https:\\\/\\\/marktxxl.de\\\/markt\\\/\"},{\"@type\":\"ListItem\",\"position\":3,\"name\":\"stylebutton design your own Button Anstecker Schulkinder Geschenk f\u00fcr Schult\u00fcte zum Schulanfang\\\/Einschulung 2023 56 mm\"}]},{\"@type\":\"WebSite\",\"@id\":\"https:\\\/\\\/marktxxl.de\\\/markt\\\/#website\",\"url\":\"https:\\\/\\\/marktxxl.de\\\/markt\\\/\",\"name\":\"Markt-XXL\",\"description\":\"Ihr Markt Online\",\"publisher\":{\"@id\":\"https:\\\/\\\/marktxxl.de\\\/markt\\\/#organization\"},\"potentialAction\":[{\"@type\":\"SearchAction\",\"target\":{\"@type\":\"EntryPoint\",\"urlTemplate\":\"https:\\\/\\\/marktxxl.de\\\/markt\\\/?s={search_term_string}\"},\"query-input\":{\"@type\":\"PropertyValueSpecification\",\"valueRequired\":true,\"valueName\":\"search_term_string\"}}],\"inLanguage\":\"de\"},{\"@type\":\"Organization\",\"@id\":\"https:\\\/\\\/marktxxl.de\\\/markt\\\/#organization\",\"name\":\"Markt-XXL\",\"url\":\"https:\\\/\\\/marktxxl.de\\\/markt\\\/\",\"logo\":{\"@type\":\"ImageObject\",\"inLanguage\":\"de\",\"@id\":\"https:\\\/\\\/marktxxl.de\\\/markt\\\/#\\\/schema\\\/logo\\\/image\\\/\",\"url\":\"https:\\\/\\\/marktxxl.de\\\/markt\\\/wp-content\\\/uploads\\\/sites\\\/3\\\/2020\\\/12\\\/logo.png\",\"contentUrl\":\"https:\\\/\\\/marktxxl.de\\\/markt\\\/wp-content\\\/uploads\\\/sites\\\/3\\\/2020\\\/12\\\/logo.png\",\"width\":200,\"height\":70,\"caption\":\"Markt-XXL\"},\"image\":{\"@id\":\"https:\\\/\\\/marktxxl.de\\\/markt\\\/#\\\/schema\\\/logo\\\/image\\\/\"}}]}<\/script>\n<!-- \/ Yoast SEO plugin. -->","yoast_head_json":{"title":"stylebutton design your own Button Anstecker Schulkinder Geschenk f\u00fcr Schult\u00fcte zum Schulanfang\/Einschulung 2023 56 mm - Markt-XXL","description":"Markt-XXL stylebutton design your own Button Anstecker Schulkinder Geschenk f\u00fcr Schult\u00fcte zum Schulanfang\/Einschulung 2023 56 mm","robots":{"index":"index","follow":"follow","max-snippet":"max-snippet:-1","max-image-preview":"max-image-preview:large","max-video-preview":"max-video-preview:-1"},"canonical":"https:\/\/marktxxl.de\/markt\/produkt\/stylebutton-design-your-own-button-anstecker-schulkinder-geschenk-fuer-schultuete-zum-schulanfang-einschulung-2021-56-mm\/","og_locale":"de_DE","og_type":"article","og_title":"stylebutton design your own Button Anstecker Schulkinder Geschenk f\u00fcr Schult\u00fcte zum Schulanfang\/Einschulung 2023 56 mm - Markt-XXL","og_description":"Markt-XXL stylebutton design your own Button Anstecker Schulkinder Geschenk f\u00fcr Schult\u00fcte zum Schulanfang\/Einschulung 2023 56 mm","og_url":"https:\/\/marktxxl.de\/markt\/produkt\/stylebutton-design-your-own-button-anstecker-schulkinder-geschenk-fuer-schultuete-zum-schulanfang-einschulung-2021-56-mm\/","og_site_name":"Markt-XXL","article_modified_time":"2023-04-11T00:27:19+00:00","og_image":[{"width":500,"height":500,"url":"https:\/\/m.media-amazon.com\/images\/I\/51EXh9XJkmL._SL500_.jpg","type":"image\/jpeg"}],"twitter_card":"summary_large_image","twitter_misc":{"Gesch\u00e4tzte Lesezeit":"1\u00a0Minute"},"schema":{"@context":"https:\/\/schema.org","@graph":[{"@type":"WebPage","@id":"https:\/\/marktxxl.de\/markt\/produkt\/stylebutton-design-your-own-button-anstecker-schulkinder-geschenk-fuer-schultuete-zum-schulanfang-einschulung-2021-56-mm\/","url":"https:\/\/marktxxl.de\/markt\/produkt\/stylebutton-design-your-own-button-anstecker-schulkinder-geschenk-fuer-schultuete-zum-schulanfang-einschulung-2021-56-mm\/","name":"stylebutton design your own Button Anstecker Schulkinder Geschenk f\u00fcr Schult\u00fcte zum Schulanfang\/Einschulung 2023 56 mm - Markt-XXL","isPartOf":{"@id":"https:\/\/marktxxl.de\/markt\/#website"},"primaryImageOfPage":{"@id":"https:\/\/marktxxl.de\/markt\/produkt\/stylebutton-design-your-own-button-anstecker-schulkinder-geschenk-fuer-schultuete-zum-schulanfang-einschulung-2021-56-mm\/#primaryimage"},"image":{"@id":"https:\/\/marktxxl.de\/markt\/produkt\/stylebutton-design-your-own-button-anstecker-schulkinder-geschenk-fuer-schultuete-zum-schulanfang-einschulung-2021-56-mm\/#primaryimage"},"thumbnailUrl":"https:\/\/m.media-amazon.com\/images\/I\/51EXh9XJkmL._SL500_.jpg","datePublished":"2021-10-26T14:10:45+00:00","dateModified":"2023-04-11T00:27:19+00:00","description":"Markt-XXL stylebutton design your own Button Anstecker Schulkinder Geschenk f\u00fcr Schult\u00fcte zum Schulanfang\/Einschulung 2023 56 mm","breadcrumb":{"@id":"https:\/\/marktxxl.de\/markt\/produkt\/stylebutton-design-your-own-button-anstecker-schulkinder-geschenk-fuer-schultuete-zum-schulanfang-einschulung-2021-56-mm\/#breadcrumb"},"inLanguage":"de","potentialAction":[{"@type":"ReadAction","target":["https:\/\/marktxxl.de\/markt\/produkt\/stylebutton-design-your-own-button-anstecker-schulkinder-geschenk-fuer-schultuete-zum-schulanfang-einschulung-2021-56-mm\/"]}]},{"@type":"ImageObject","inLanguage":"de","@id":"https:\/\/marktxxl.de\/markt\/produkt\/stylebutton-design-your-own-button-anstecker-schulkinder-geschenk-fuer-schultuete-zum-schulanfang-einschulung-2021-56-mm\/#primaryimage","url":"https:\/\/m.media-amazon.com\/images\/I\/51EXh9XJkmL._SL500_.jpg","contentUrl":"https:\/\/m.media-amazon.com\/images\/I\/51EXh9XJkmL._SL500_.jpg","width":500,"height":500},{"@type":"BreadcrumbList","@id":"https:\/\/marktxxl.de\/markt\/produkt\/stylebutton-design-your-own-button-anstecker-schulkinder-geschenk-fuer-schultuete-zum-schulanfang-einschulung-2021-56-mm\/#breadcrumb","itemListElement":[{"@type":"ListItem","position":1,"name":"Startseite","item":"https:\/\/marktxxl.de\/markt\/"},{"@type":"ListItem","position":2,"name":"Markt","item":"https:\/\/marktxxl.de\/markt\/"},{"@type":"ListItem","position":3,"name":"stylebutton design your own Button Anstecker Schulkinder Geschenk f\u00fcr Schult\u00fcte zum Schulanfang\/Einschulung 2023 56 mm"}]},{"@type":"WebSite","@id":"https:\/\/marktxxl.de\/markt\/#website","url":"https:\/\/marktxxl.de\/markt\/","name":"Markt-XXL","description":"Ihr Markt Online","publisher":{"@id":"https:\/\/marktxxl.de\/markt\/#organization"},"potentialAction":[{"@type":"SearchAction","target":{"@type":"EntryPoint","urlTemplate":"https:\/\/marktxxl.de\/markt\/?s={search_term_string}"},"query-input":{"@type":"PropertyValueSpecification","valueRequired":true,"valueName":"search_term_string"}}],"inLanguage":"de"},{"@type":"Organization","@id":"https:\/\/marktxxl.de\/markt\/#organization","name":"Markt-XXL","url":"https:\/\/marktxxl.de\/markt\/","logo":{"@type":"ImageObject","inLanguage":"de","@id":"https:\/\/marktxxl.de\/markt\/#\/schema\/logo\/image\/","url":"https:\/\/marktxxl.de\/markt\/wp-content\/uploads\/sites\/3\/2020\/12\/logo.png","contentUrl":"https:\/\/marktxxl.de\/markt\/wp-content\/uploads\/sites\/3\/2020\/12\/logo.png","width":200,"height":70,"caption":"Markt-XXL"},"image":{"@id":"https:\/\/marktxxl.de\/markt\/#\/schema\/logo\/image\/"}}]}},"_links":{"self":[{"href":"https:\/\/marktxxl.de\/markt\/wp-json\/wp\/v2\/product\/59684","targetHints":{"allow":["GET"]}}],"collection":[{"href":"https:\/\/marktxxl.de\/markt\/wp-json\/wp\/v2\/product"}],"about":[{"href":"https:\/\/marktxxl.de\/markt\/wp-json\/wp\/v2\/types\/product"}],"replies":[{"embeddable":true,"href":"https:\/\/marktxxl.de\/markt\/wp-json\/wp\/v2\/comments?post=59684"}],"wp:featuredmedia":[{"embeddable":true,"href":"https:\/\/marktxxl.de\/markt\/wp-json\/wp\/v2\/media\/59695"}],"wp:attachment":[{"href":"https:\/\/marktxxl.de\/markt\/wp-json\/wp\/v2\/media?parent=59684"}],"wp:term":[{"taxonomy":"product_brand","embeddable":true,"href":"https:\/\/marktxxl.de\/markt\/wp-json\/wp\/v2\/product_brand?post=59684"},{"taxonomy":"product_cat","embeddable":true,"href":"https:\/\/marktxxl.de\/markt\/wp-json\/wp\/v2\/product_cat?post=59684"},{"taxonomy":"product_tag","embeddable":true,"href":"https:\/\/marktxxl.de\/markt\/wp-json\/wp\/v2\/product_tag?post=59684"}],"curies":[{"name":"wp","href":"https:\/\/api.w.org\/{rel}","templated":true}]}}