{"id":59674,"date":"2021-10-26T16:06:29","date_gmt":"2021-10-26T14:06:29","guid":{"rendered":"https:\/\/marktxxl.de\/markt\/produkt\/satch-unisex-kinder-pack-rucksack-pink-pink-bermuda\/"},"modified":"2023-04-11T02:27:18","modified_gmt":"2023-04-11T00:27:18","slug":"satch-unisex-kinder-pack-rucksack-pink-pink-bermuda","status":"publish","type":"product","link":"https:\/\/marktxxl.de\/markt\/produkt\/satch-unisex-kinder-pack-rucksack-pink-pink-bermuda\/","title":{"rendered":"SATCH Unisex-Kinder Pack Rucksack Pink (Pink Bermuda)"},"content":{"rendered":"<p>sinnvolle Details<br \/>\nOb Kopfh\u00f6rerausgang, Schnalle zum Komprimieren des Gewichts oder kleine Einschubtasche an der Front: am satch pack gibt es viele sinnvolle Details zu entdecken.<br \/>\npraktische Fronttasche<br \/>\nAlles am richtigen Platz: Im Organizerfach sorgen der Schl\u00fcsselring mit langem Band, Stifteschlaufen und zwei Rei\u00dfverschlusstaschen f\u00fcr einen guten \u00dcberblick. Mit gepolsterten Handy- und Tabletf\u00e4chern.<br \/>\ndurchdachte Innenaufteilung<br \/>\n<div class=\"main-cross-sell\" data-asin=\"B0757MS7GC\">\n\n\t<div class=\"WooZone-cross-sell-loader\">\n\t\t<div>\n\t\t\t<div id=\"floatingBarsG\">\n\t\t\t\t<div class=\"blockG\" id=\"rotateG_01\"><\/div>\n\t\t\t\t<div class=\"blockG\" id=\"rotateG_02\"><\/div>\n\t\t\t\t<div class=\"blockG\" id=\"rotateG_03\"><\/div>\n\t\t\t\t<div class=\"blockG\" id=\"rotateG_04\"><\/div>\n\t\t\t\t<div class=\"blockG\" id=\"rotateG_05\"><\/div>\n\t\t\t\t<div class=\"blockG\" id=\"rotateG_06\"><\/div>\n\t\t\t\t<div class=\"blockG\" id=\"rotateG_07\"><\/div>\n\t\t\t\t<div class=\"blockG\" id=\"rotateG_08\"><\/div>\n\t\t\t<\/div>\n\t\t\t<div class=\"WooZone-cross-sell-loader-text\"><\/div>\n\t\t<\/div>\n\t<\/div>\n\n\t\t\n<\/div>\n<div style=\"clear:both;\"><\/div><\/p>\n","protected":false},"excerpt":{"rendered":"<p>sinnvolle Details<br \/>\nOb Kopfh\u00f6rerausgang, Schnalle zum Komprimieren des Gewichts oder kleine Einschubtasche an der Front: am satch pack gibt es viele sinnvolle Details zu entdecken.<br \/>\npraktische Fronttasche<\/p>\n","protected":false},"featured_media":59675,"comment_status":"open","ping_status":"closed","template":"","meta":[],"product_brand":[],"product_cat":[504,8631],"product_tag":[],"class_list":{"0":"post-59674","1":"product","2":"type-product","3":"status-publish","4":"has-post-thumbnail","6":"product_cat-buerobedarf-schreibwaren","7":"product_cat-schul-unibedarf","8":"pa_binding-luggage","9":"pa_brand-satch","10":"pa_color-pink-pink-bermuda","11":"pa_height-8-661417314-zoll","12":"pa_length-11-81102361-zoll","13":"pa_manufacturer-satch","14":"pa_model-sat-sin-001-9k8","15":"pa_size-45x22x30-cm-b-x-h-x-t","16":"pa_weight-2-645547144-pfund","17":"pa_width-17-716535415-zoll","19":"first","20":"instock","21":"shipping-taxable","22":"purchasable","23":"product-type-simple","24":"customify-col","25":"product-has-gallery"},"yoast_head":"<!-- This site is optimized with the Yoast SEO plugin v27.3 - https:\/\/yoast.com\/product\/yoast-seo-wordpress\/ -->\n<title>SATCH Unisex-Kinder Pack Rucksack Pink (Pink Bermuda) - Markt-XXL<\/title>\n<meta name=\"description\" content=\"Markt-XXL SATCH Unisex-Kinder Pack Rucksack Pink (Pink Bermuda)\" \/>\n<meta name=\"robots\" content=\"index, follow, max-snippet:-1, max-image-preview:large, max-video-preview:-1\" \/>\n<link rel=\"canonical\" href=\"https:\/\/marktxxl.de\/markt\/produkt\/satch-unisex-kinder-pack-rucksack-pink-pink-bermuda\/\" \/>\n<meta property=\"og:locale\" content=\"de_DE\" \/>\n<meta property=\"og:type\" content=\"article\" \/>\n<meta property=\"og:title\" content=\"SATCH Unisex-Kinder Pack Rucksack Pink (Pink Bermuda) - Markt-XXL\" \/>\n<meta property=\"og:description\" content=\"Markt-XXL SATCH Unisex-Kinder Pack Rucksack Pink (Pink Bermuda)\" \/>\n<meta property=\"og:url\" content=\"https:\/\/marktxxl.de\/markt\/produkt\/satch-unisex-kinder-pack-rucksack-pink-pink-bermuda\/\" \/>\n<meta property=\"og:site_name\" content=\"Markt-XXL\" \/>\n<meta property=\"article:modified_time\" content=\"2023-04-11T00:27:18+00:00\" \/>\n<meta property=\"og:image\" content=\"https:\/\/m.media-amazon.com\/images\/I\/41b3vSawsuL._SL500_.jpg\" \/>\n\t<meta property=\"og:image:width\" content=\"500\" \/>\n\t<meta property=\"og:image:height\" content=\"500\" \/>\n\t<meta property=\"og:image:type\" content=\"image\/jpeg\" \/>\n<meta name=\"twitter:card\" content=\"summary_large_image\" \/>\n<script type=\"application\/ld+json\" class=\"yoast-schema-graph\">{\"@context\":\"https:\\\/\\\/schema.org\",\"@graph\":[{\"@type\":\"WebPage\",\"@id\":\"https:\\\/\\\/marktxxl.de\\\/markt\\\/produkt\\\/satch-unisex-kinder-pack-rucksack-pink-pink-bermuda\\\/\",\"url\":\"https:\\\/\\\/marktxxl.de\\\/markt\\\/produkt\\\/satch-unisex-kinder-pack-rucksack-pink-pink-bermuda\\\/\",\"name\":\"SATCH Unisex-Kinder Pack Rucksack Pink (Pink Bermuda) - Markt-XXL\",\"isPartOf\":{\"@id\":\"https:\\\/\\\/marktxxl.de\\\/markt\\\/#website\"},\"primaryImageOfPage\":{\"@id\":\"https:\\\/\\\/marktxxl.de\\\/markt\\\/produkt\\\/satch-unisex-kinder-pack-rucksack-pink-pink-bermuda\\\/#primaryimage\"},\"image\":{\"@id\":\"https:\\\/\\\/marktxxl.de\\\/markt\\\/produkt\\\/satch-unisex-kinder-pack-rucksack-pink-pink-bermuda\\\/#primaryimage\"},\"thumbnailUrl\":\"https:\\\/\\\/m.media-amazon.com\\\/images\\\/I\\\/41b3vSawsuL._SL500_.jpg\",\"datePublished\":\"2021-10-26T14:06:29+00:00\",\"dateModified\":\"2023-04-11T00:27:18+00:00\",\"description\":\"Markt-XXL SATCH Unisex-Kinder Pack Rucksack Pink (Pink Bermuda)\",\"breadcrumb\":{\"@id\":\"https:\\\/\\\/marktxxl.de\\\/markt\\\/produkt\\\/satch-unisex-kinder-pack-rucksack-pink-pink-bermuda\\\/#breadcrumb\"},\"inLanguage\":\"de\",\"potentialAction\":[{\"@type\":\"ReadAction\",\"target\":[\"https:\\\/\\\/marktxxl.de\\\/markt\\\/produkt\\\/satch-unisex-kinder-pack-rucksack-pink-pink-bermuda\\\/\"]}]},{\"@type\":\"ImageObject\",\"inLanguage\":\"de\",\"@id\":\"https:\\\/\\\/marktxxl.de\\\/markt\\\/produkt\\\/satch-unisex-kinder-pack-rucksack-pink-pink-bermuda\\\/#primaryimage\",\"url\":\"https:\\\/\\\/m.media-amazon.com\\\/images\\\/I\\\/41b3vSawsuL._SL500_.jpg\",\"contentUrl\":\"https:\\\/\\\/m.media-amazon.com\\\/images\\\/I\\\/41b3vSawsuL._SL500_.jpg\",\"width\":500,\"height\":500},{\"@type\":\"BreadcrumbList\",\"@id\":\"https:\\\/\\\/marktxxl.de\\\/markt\\\/produkt\\\/satch-unisex-kinder-pack-rucksack-pink-pink-bermuda\\\/#breadcrumb\",\"itemListElement\":[{\"@type\":\"ListItem\",\"position\":1,\"name\":\"Startseite\",\"item\":\"https:\\\/\\\/marktxxl.de\\\/markt\\\/\"},{\"@type\":\"ListItem\",\"position\":2,\"name\":\"Markt\",\"item\":\"https:\\\/\\\/marktxxl.de\\\/markt\\\/\"},{\"@type\":\"ListItem\",\"position\":3,\"name\":\"SATCH Unisex-Kinder Pack Rucksack Pink (Pink Bermuda)\"}]},{\"@type\":\"WebSite\",\"@id\":\"https:\\\/\\\/marktxxl.de\\\/markt\\\/#website\",\"url\":\"https:\\\/\\\/marktxxl.de\\\/markt\\\/\",\"name\":\"Markt-XXL\",\"description\":\"Ihr Markt Online\",\"publisher\":{\"@id\":\"https:\\\/\\\/marktxxl.de\\\/markt\\\/#organization\"},\"potentialAction\":[{\"@type\":\"SearchAction\",\"target\":{\"@type\":\"EntryPoint\",\"urlTemplate\":\"https:\\\/\\\/marktxxl.de\\\/markt\\\/?s={search_term_string}\"},\"query-input\":{\"@type\":\"PropertyValueSpecification\",\"valueRequired\":true,\"valueName\":\"search_term_string\"}}],\"inLanguage\":\"de\"},{\"@type\":\"Organization\",\"@id\":\"https:\\\/\\\/marktxxl.de\\\/markt\\\/#organization\",\"name\":\"Markt-XXL\",\"url\":\"https:\\\/\\\/marktxxl.de\\\/markt\\\/\",\"logo\":{\"@type\":\"ImageObject\",\"inLanguage\":\"de\",\"@id\":\"https:\\\/\\\/marktxxl.de\\\/markt\\\/#\\\/schema\\\/logo\\\/image\\\/\",\"url\":\"https:\\\/\\\/marktxxl.de\\\/markt\\\/wp-content\\\/uploads\\\/sites\\\/3\\\/2020\\\/12\\\/logo.png\",\"contentUrl\":\"https:\\\/\\\/marktxxl.de\\\/markt\\\/wp-content\\\/uploads\\\/sites\\\/3\\\/2020\\\/12\\\/logo.png\",\"width\":200,\"height\":70,\"caption\":\"Markt-XXL\"},\"image\":{\"@id\":\"https:\\\/\\\/marktxxl.de\\\/markt\\\/#\\\/schema\\\/logo\\\/image\\\/\"}}]}<\/script>\n<!-- \/ Yoast SEO plugin. -->","yoast_head_json":{"title":"SATCH Unisex-Kinder Pack Rucksack Pink (Pink Bermuda) - Markt-XXL","description":"Markt-XXL SATCH Unisex-Kinder Pack Rucksack Pink (Pink Bermuda)","robots":{"index":"index","follow":"follow","max-snippet":"max-snippet:-1","max-image-preview":"max-image-preview:large","max-video-preview":"max-video-preview:-1"},"canonical":"https:\/\/marktxxl.de\/markt\/produkt\/satch-unisex-kinder-pack-rucksack-pink-pink-bermuda\/","og_locale":"de_DE","og_type":"article","og_title":"SATCH Unisex-Kinder Pack Rucksack Pink (Pink Bermuda) - Markt-XXL","og_description":"Markt-XXL SATCH Unisex-Kinder Pack Rucksack Pink (Pink Bermuda)","og_url":"https:\/\/marktxxl.de\/markt\/produkt\/satch-unisex-kinder-pack-rucksack-pink-pink-bermuda\/","og_site_name":"Markt-XXL","article_modified_time":"2023-04-11T00:27:18+00:00","og_image":[{"width":500,"height":500,"url":"https:\/\/m.media-amazon.com\/images\/I\/41b3vSawsuL._SL500_.jpg","type":"image\/jpeg"}],"twitter_card":"summary_large_image","schema":{"@context":"https:\/\/schema.org","@graph":[{"@type":"WebPage","@id":"https:\/\/marktxxl.de\/markt\/produkt\/satch-unisex-kinder-pack-rucksack-pink-pink-bermuda\/","url":"https:\/\/marktxxl.de\/markt\/produkt\/satch-unisex-kinder-pack-rucksack-pink-pink-bermuda\/","name":"SATCH Unisex-Kinder Pack Rucksack Pink (Pink Bermuda) - Markt-XXL","isPartOf":{"@id":"https:\/\/marktxxl.de\/markt\/#website"},"primaryImageOfPage":{"@id":"https:\/\/marktxxl.de\/markt\/produkt\/satch-unisex-kinder-pack-rucksack-pink-pink-bermuda\/#primaryimage"},"image":{"@id":"https:\/\/marktxxl.de\/markt\/produkt\/satch-unisex-kinder-pack-rucksack-pink-pink-bermuda\/#primaryimage"},"thumbnailUrl":"https:\/\/m.media-amazon.com\/images\/I\/41b3vSawsuL._SL500_.jpg","datePublished":"2021-10-26T14:06:29+00:00","dateModified":"2023-04-11T00:27:18+00:00","description":"Markt-XXL SATCH Unisex-Kinder Pack Rucksack Pink (Pink Bermuda)","breadcrumb":{"@id":"https:\/\/marktxxl.de\/markt\/produkt\/satch-unisex-kinder-pack-rucksack-pink-pink-bermuda\/#breadcrumb"},"inLanguage":"de","potentialAction":[{"@type":"ReadAction","target":["https:\/\/marktxxl.de\/markt\/produkt\/satch-unisex-kinder-pack-rucksack-pink-pink-bermuda\/"]}]},{"@type":"ImageObject","inLanguage":"de","@id":"https:\/\/marktxxl.de\/markt\/produkt\/satch-unisex-kinder-pack-rucksack-pink-pink-bermuda\/#primaryimage","url":"https:\/\/m.media-amazon.com\/images\/I\/41b3vSawsuL._SL500_.jpg","contentUrl":"https:\/\/m.media-amazon.com\/images\/I\/41b3vSawsuL._SL500_.jpg","width":500,"height":500},{"@type":"BreadcrumbList","@id":"https:\/\/marktxxl.de\/markt\/produkt\/satch-unisex-kinder-pack-rucksack-pink-pink-bermuda\/#breadcrumb","itemListElement":[{"@type":"ListItem","position":1,"name":"Startseite","item":"https:\/\/marktxxl.de\/markt\/"},{"@type":"ListItem","position":2,"name":"Markt","item":"https:\/\/marktxxl.de\/markt\/"},{"@type":"ListItem","position":3,"name":"SATCH Unisex-Kinder Pack Rucksack Pink (Pink Bermuda)"}]},{"@type":"WebSite","@id":"https:\/\/marktxxl.de\/markt\/#website","url":"https:\/\/marktxxl.de\/markt\/","name":"Markt-XXL","description":"Ihr Markt Online","publisher":{"@id":"https:\/\/marktxxl.de\/markt\/#organization"},"potentialAction":[{"@type":"SearchAction","target":{"@type":"EntryPoint","urlTemplate":"https:\/\/marktxxl.de\/markt\/?s={search_term_string}"},"query-input":{"@type":"PropertyValueSpecification","valueRequired":true,"valueName":"search_term_string"}}],"inLanguage":"de"},{"@type":"Organization","@id":"https:\/\/marktxxl.de\/markt\/#organization","name":"Markt-XXL","url":"https:\/\/marktxxl.de\/markt\/","logo":{"@type":"ImageObject","inLanguage":"de","@id":"https:\/\/marktxxl.de\/markt\/#\/schema\/logo\/image\/","url":"https:\/\/marktxxl.de\/markt\/wp-content\/uploads\/sites\/3\/2020\/12\/logo.png","contentUrl":"https:\/\/marktxxl.de\/markt\/wp-content\/uploads\/sites\/3\/2020\/12\/logo.png","width":200,"height":70,"caption":"Markt-XXL"},"image":{"@id":"https:\/\/marktxxl.de\/markt\/#\/schema\/logo\/image\/"}}]}},"_links":{"self":[{"href":"https:\/\/marktxxl.de\/markt\/wp-json\/wp\/v2\/product\/59674","targetHints":{"allow":["GET"]}}],"collection":[{"href":"https:\/\/marktxxl.de\/markt\/wp-json\/wp\/v2\/product"}],"about":[{"href":"https:\/\/marktxxl.de\/markt\/wp-json\/wp\/v2\/types\/product"}],"replies":[{"embeddable":true,"href":"https:\/\/marktxxl.de\/markt\/wp-json\/wp\/v2\/comments?post=59674"}],"wp:featuredmedia":[{"embeddable":true,"href":"https:\/\/marktxxl.de\/markt\/wp-json\/wp\/v2\/media\/59675"}],"wp:attachment":[{"href":"https:\/\/marktxxl.de\/markt\/wp-json\/wp\/v2\/media?parent=59674"}],"wp:term":[{"taxonomy":"product_brand","embeddable":true,"href":"https:\/\/marktxxl.de\/markt\/wp-json\/wp\/v2\/product_brand?post=59674"},{"taxonomy":"product_cat","embeddable":true,"href":"https:\/\/marktxxl.de\/markt\/wp-json\/wp\/v2\/product_cat?post=59674"},{"taxonomy":"product_tag","embeddable":true,"href":"https:\/\/marktxxl.de\/markt\/wp-json\/wp\/v2\/product_tag?post=59674"}],"curies":[{"name":"wp","href":"https:\/\/api.w.org\/{rel}","templated":true}]}}