{"id":59639,"date":"2021-10-26T16:06:09","date_gmt":"2021-10-26T14:06:09","guid":{"rendered":"https:\/\/marktxxl.de\/markt\/produkt\/edx-education-mathematikwuerfel-75166-100-stueck-verbindungswuerfel-fuer-fruehe-mathematik\/"},"modified":"2023-04-11T02:27:18","modified_gmt":"2023-04-11T00:27:18","slug":"edx-education-mathematikwuerfel-75166-100-stueck-verbindungswuerfel-fuer-fruehe-mathematik","status":"publish","type":"product","link":"https:\/\/marktxxl.de\/markt\/produkt\/edx-education-mathematikwuerfel-75166-100-stueck-verbindungswuerfel-fuer-fruehe-mathematik\/","title":{"rendered":"edx education 75166 Math Cubes &#8211; Set of 100 -Fidget Linking Cubes for Early Maths &#8211; Connecting Manipulative"},"content":{"rendered":"<p>Cleveres Design \u2013 Diese Mathematikw\u00fcrfel verf\u00fcgen \u00fcber ein weiches Klicken beim Verbinden, wodurch sie ideal f\u00fcr Kinder ab 3 Jahren sind.<br \/>\nInspirieren Sie das Lernen \u2013 F\u00fcnf der Seiten enthalten eine andere geometrische Form, um anspruchsvollere Konstruktions-, Kunst- und Mathematikaktivit\u00e4ten zu schaffen: Kreis, Quadrat, Dreieck, F\u00fcnfeck und Sechseck.<br \/>\nEnth\u00e4lt 10 Farben \u2013 beobachten Sie, wie Ihr Nachwuchs die Kunst der Muster erlernt oder Farben anwenden kann, um Mathematikkonzepte wie Addition und Subtraktion mit diesem Set aus 100 Bauw\u00fcrfeln zu lernen.<br \/>\nHochwertige Materialien \u2013 Hergestellt aus weichem Kunststoff. Diese Verbindungsw\u00fcrfel f\u00fchlen sich warm an und verbinden sich mit einem sanften Klick, was f\u00fcr Kinder angenehm zu h\u00f6ren ist.<br \/>\nFr\u00fche Dampfaktivit\u00e4t \u2013 Geben Sie Ihrem Kind einen lustigen Einstieg in das Z\u00e4hlen und Sortieren, Bau, Kreativit\u00e4t und Rechen! Zeigen Sie ihnen, wie Sie Sequenzierung und Muster verwenden, um fr\u00fche mathematische F\u00e4higkeiten aufzubauen.<br \/>\nFr\u00fche Mathematik beibringen: Verwenden Sie diese enthaltenen Aktivit\u00e4tsleiter, um mathematische Konzepte beizubringen: Zahlenprobleme, Algebra, Geometrie, Messung, Probleml\u00f6sung und Denken.<br \/>\n<div class=\"main-cross-sell\" data-asin=\"B07V25W3K5\">\n\n\t<div class=\"WooZone-cross-sell-loader\">\n\t\t<div>\n\t\t\t<div id=\"floatingBarsG\">\n\t\t\t\t<div class=\"blockG\" id=\"rotateG_01\"><\/div>\n\t\t\t\t<div class=\"blockG\" id=\"rotateG_02\"><\/div>\n\t\t\t\t<div class=\"blockG\" id=\"rotateG_03\"><\/div>\n\t\t\t\t<div class=\"blockG\" id=\"rotateG_04\"><\/div>\n\t\t\t\t<div class=\"blockG\" id=\"rotateG_05\"><\/div>\n\t\t\t\t<div class=\"blockG\" id=\"rotateG_06\"><\/div>\n\t\t\t\t<div class=\"blockG\" id=\"rotateG_07\"><\/div>\n\t\t\t\t<div class=\"blockG\" id=\"rotateG_08\"><\/div>\n\t\t\t<\/div>\n\t\t\t<div class=\"WooZone-cross-sell-loader-text\"><\/div>\n\t\t<\/div>\n\t<\/div>\n\n\t\t\n<\/div>\n<div style=\"clear:both;\"><\/div><\/p>\n","protected":false},"excerpt":{"rendered":"<p>Cleveres Design \u2013 Diese Mathematikw\u00fcrfel verf\u00fcgen \u00fcber ein weiches Klicken beim Verbinden, wodurch sie ideal f\u00fcr Kinder ab 3 Jahren sind.<br \/>\nInspirieren Sie das Lernen \u2013 F\u00fcnf der Seiten enthalten eine andere geometrische Form, um anspruchsvollere Konstruktions-, Kunst- und Mathematikaktivit\u00e4ten zu schaffen: Kreis, Quadrat, Dreieck, F\u00fcnfeck und Sechseck.<br \/>\nEnth\u00e4lt 10 Farben \u2013 beobachten Sie, wie Ihr Nachwuchs die Kunst der Muster erlernt oder Farben anwenden kann, um Mathematikkonzepte wie Addition und Subtraktion mit diesem Set aus 100 Bauw\u00fcrfeln zu lernen.<\/p>\n","protected":false},"featured_media":59640,"comment_status":"open","ping_status":"closed","template":"","meta":[],"product_brand":[],"product_cat":[504,8631],"product_tag":[],"class_list":{"0":"post-59639","1":"product","2":"type-product","3":"status-publish","4":"has-post-thumbnail","6":"product_cat-buerobedarf-schreibwaren","7":"product_cat-schul-unibedarf","8":"pa_binding-buerobedarf-schreibwaren","9":"pa_brand-edx-education","10":"pa_height-0-9-zoll","11":"pa_length-8-zoll","12":"pa_manufacturer-edx-education","13":"pa_model-22298","14":"pa_width-8-zoll","16":"first","17":"instock","18":"shipping-taxable","19":"purchasable","20":"product-type-simple","21":"customify-col","22":"product-has-gallery"},"yoast_head":"<!-- This site is optimized with the Yoast SEO plugin v27.4 - https:\/\/yoast.com\/product\/yoast-seo-wordpress\/ -->\n<title>edx education 75166 Math Cubes - Set of 100 -Fidget Linking Cubes for Early Maths - Connecting Manipulative - Markt-XXL<\/title>\n<meta name=\"description\" content=\"Markt-XXL edx education 75166 Math Cubes - Set of 100 -Fidget Linking Cubes for Early Maths - Connecting Manipulative\" \/>\n<meta name=\"robots\" content=\"index, follow, max-snippet:-1, max-image-preview:large, max-video-preview:-1\" \/>\n<link rel=\"canonical\" href=\"https:\/\/marktxxl.de\/markt\/produkt\/edx-education-mathematikwuerfel-75166-100-stueck-verbindungswuerfel-fuer-fruehe-mathematik\/\" \/>\n<meta property=\"og:locale\" content=\"de_DE\" \/>\n<meta property=\"og:type\" content=\"article\" \/>\n<meta property=\"og:title\" content=\"edx education 75166 Math Cubes - Set of 100 -Fidget Linking Cubes for Early Maths - Connecting Manipulative - Markt-XXL\" \/>\n<meta property=\"og:description\" content=\"Markt-XXL edx education 75166 Math Cubes - Set of 100 -Fidget Linking Cubes for Early Maths - Connecting Manipulative\" \/>\n<meta property=\"og:url\" content=\"https:\/\/marktxxl.de\/markt\/produkt\/edx-education-mathematikwuerfel-75166-100-stueck-verbindungswuerfel-fuer-fruehe-mathematik\/\" \/>\n<meta property=\"og:site_name\" content=\"Markt-XXL\" \/>\n<meta property=\"article:modified_time\" content=\"2023-04-11T00:27:18+00:00\" \/>\n<meta property=\"og:image\" content=\"https:\/\/m.media-amazon.com\/images\/I\/51KDwJB6xnL._SL500_.jpg\" \/>\n\t<meta property=\"og:image:width\" content=\"400\" \/>\n\t<meta property=\"og:image:height\" content=\"500\" \/>\n\t<meta property=\"og:image:type\" content=\"image\/jpeg\" \/>\n<meta name=\"twitter:card\" content=\"summary_large_image\" \/>\n<meta name=\"twitter:label1\" content=\"Gesch\u00e4tzte Lesezeit\" \/>\n\t<meta name=\"twitter:data1\" content=\"1\u00a0Minute\" \/>\n<script type=\"application\/ld+json\" class=\"yoast-schema-graph\">{\"@context\":\"https:\\\/\\\/schema.org\",\"@graph\":[{\"@type\":\"WebPage\",\"@id\":\"https:\\\/\\\/marktxxl.de\\\/markt\\\/produkt\\\/edx-education-mathematikwuerfel-75166-100-stueck-verbindungswuerfel-fuer-fruehe-mathematik\\\/\",\"url\":\"https:\\\/\\\/marktxxl.de\\\/markt\\\/produkt\\\/edx-education-mathematikwuerfel-75166-100-stueck-verbindungswuerfel-fuer-fruehe-mathematik\\\/\",\"name\":\"edx education 75166 Math Cubes - Set of 100 -Fidget Linking Cubes for Early Maths - Connecting Manipulative - Markt-XXL\",\"isPartOf\":{\"@id\":\"https:\\\/\\\/marktxxl.de\\\/markt\\\/#website\"},\"primaryImageOfPage\":{\"@id\":\"https:\\\/\\\/marktxxl.de\\\/markt\\\/produkt\\\/edx-education-mathematikwuerfel-75166-100-stueck-verbindungswuerfel-fuer-fruehe-mathematik\\\/#primaryimage\"},\"image\":{\"@id\":\"https:\\\/\\\/marktxxl.de\\\/markt\\\/produkt\\\/edx-education-mathematikwuerfel-75166-100-stueck-verbindungswuerfel-fuer-fruehe-mathematik\\\/#primaryimage\"},\"thumbnailUrl\":\"https:\\\/\\\/m.media-amazon.com\\\/images\\\/I\\\/51KDwJB6xnL._SL500_.jpg\",\"datePublished\":\"2021-10-26T14:06:09+00:00\",\"dateModified\":\"2023-04-11T00:27:18+00:00\",\"description\":\"Markt-XXL edx education 75166 Math Cubes - Set of 100 -Fidget Linking Cubes for Early Maths - Connecting Manipulative\",\"breadcrumb\":{\"@id\":\"https:\\\/\\\/marktxxl.de\\\/markt\\\/produkt\\\/edx-education-mathematikwuerfel-75166-100-stueck-verbindungswuerfel-fuer-fruehe-mathematik\\\/#breadcrumb\"},\"inLanguage\":\"de\",\"potentialAction\":[{\"@type\":\"ReadAction\",\"target\":[\"https:\\\/\\\/marktxxl.de\\\/markt\\\/produkt\\\/edx-education-mathematikwuerfel-75166-100-stueck-verbindungswuerfel-fuer-fruehe-mathematik\\\/\"]}]},{\"@type\":\"ImageObject\",\"inLanguage\":\"de\",\"@id\":\"https:\\\/\\\/marktxxl.de\\\/markt\\\/produkt\\\/edx-education-mathematikwuerfel-75166-100-stueck-verbindungswuerfel-fuer-fruehe-mathematik\\\/#primaryimage\",\"url\":\"https:\\\/\\\/m.media-amazon.com\\\/images\\\/I\\\/51KDwJB6xnL._SL500_.jpg\",\"contentUrl\":\"https:\\\/\\\/m.media-amazon.com\\\/images\\\/I\\\/51KDwJB6xnL._SL500_.jpg\",\"width\":400,\"height\":500},{\"@type\":\"BreadcrumbList\",\"@id\":\"https:\\\/\\\/marktxxl.de\\\/markt\\\/produkt\\\/edx-education-mathematikwuerfel-75166-100-stueck-verbindungswuerfel-fuer-fruehe-mathematik\\\/#breadcrumb\",\"itemListElement\":[{\"@type\":\"ListItem\",\"position\":1,\"name\":\"Startseite\",\"item\":\"https:\\\/\\\/marktxxl.de\\\/markt\\\/\"},{\"@type\":\"ListItem\",\"position\":2,\"name\":\"Markt\",\"item\":\"https:\\\/\\\/marktxxl.de\\\/markt\\\/\"},{\"@type\":\"ListItem\",\"position\":3,\"name\":\"edx education 75166 Math Cubes &#8211; Set of 100 -Fidget Linking Cubes for Early Maths &#8211; Connecting Manipulative\"}]},{\"@type\":\"WebSite\",\"@id\":\"https:\\\/\\\/marktxxl.de\\\/markt\\\/#website\",\"url\":\"https:\\\/\\\/marktxxl.de\\\/markt\\\/\",\"name\":\"Markt-XXL\",\"description\":\"Ihr Markt Online\",\"publisher\":{\"@id\":\"https:\\\/\\\/marktxxl.de\\\/markt\\\/#organization\"},\"potentialAction\":[{\"@type\":\"SearchAction\",\"target\":{\"@type\":\"EntryPoint\",\"urlTemplate\":\"https:\\\/\\\/marktxxl.de\\\/markt\\\/?s={search_term_string}\"},\"query-input\":{\"@type\":\"PropertyValueSpecification\",\"valueRequired\":true,\"valueName\":\"search_term_string\"}}],\"inLanguage\":\"de\"},{\"@type\":\"Organization\",\"@id\":\"https:\\\/\\\/marktxxl.de\\\/markt\\\/#organization\",\"name\":\"Markt-XXL\",\"url\":\"https:\\\/\\\/marktxxl.de\\\/markt\\\/\",\"logo\":{\"@type\":\"ImageObject\",\"inLanguage\":\"de\",\"@id\":\"https:\\\/\\\/marktxxl.de\\\/markt\\\/#\\\/schema\\\/logo\\\/image\\\/\",\"url\":\"https:\\\/\\\/marktxxl.de\\\/markt\\\/wp-content\\\/uploads\\\/sites\\\/3\\\/2020\\\/12\\\/logo.png\",\"contentUrl\":\"https:\\\/\\\/marktxxl.de\\\/markt\\\/wp-content\\\/uploads\\\/sites\\\/3\\\/2020\\\/12\\\/logo.png\",\"width\":200,\"height\":70,\"caption\":\"Markt-XXL\"},\"image\":{\"@id\":\"https:\\\/\\\/marktxxl.de\\\/markt\\\/#\\\/schema\\\/logo\\\/image\\\/\"}}]}<\/script>\n<!-- \/ Yoast SEO plugin. -->","yoast_head_json":{"title":"edx education 75166 Math Cubes - Set of 100 -Fidget Linking Cubes for Early Maths - Connecting Manipulative - Markt-XXL","description":"Markt-XXL edx education 75166 Math Cubes - Set of 100 -Fidget Linking Cubes for Early Maths - Connecting Manipulative","robots":{"index":"index","follow":"follow","max-snippet":"max-snippet:-1","max-image-preview":"max-image-preview:large","max-video-preview":"max-video-preview:-1"},"canonical":"https:\/\/marktxxl.de\/markt\/produkt\/edx-education-mathematikwuerfel-75166-100-stueck-verbindungswuerfel-fuer-fruehe-mathematik\/","og_locale":"de_DE","og_type":"article","og_title":"edx education 75166 Math Cubes - Set of 100 -Fidget Linking Cubes for Early Maths - Connecting Manipulative - Markt-XXL","og_description":"Markt-XXL edx education 75166 Math Cubes - Set of 100 -Fidget Linking Cubes for Early Maths - Connecting Manipulative","og_url":"https:\/\/marktxxl.de\/markt\/produkt\/edx-education-mathematikwuerfel-75166-100-stueck-verbindungswuerfel-fuer-fruehe-mathematik\/","og_site_name":"Markt-XXL","article_modified_time":"2023-04-11T00:27:18+00:00","og_image":[{"width":400,"height":500,"url":"https:\/\/m.media-amazon.com\/images\/I\/51KDwJB6xnL._SL500_.jpg","type":"image\/jpeg"}],"twitter_card":"summary_large_image","twitter_misc":{"Gesch\u00e4tzte Lesezeit":"1\u00a0Minute"},"schema":{"@context":"https:\/\/schema.org","@graph":[{"@type":"WebPage","@id":"https:\/\/marktxxl.de\/markt\/produkt\/edx-education-mathematikwuerfel-75166-100-stueck-verbindungswuerfel-fuer-fruehe-mathematik\/","url":"https:\/\/marktxxl.de\/markt\/produkt\/edx-education-mathematikwuerfel-75166-100-stueck-verbindungswuerfel-fuer-fruehe-mathematik\/","name":"edx education 75166 Math Cubes - Set of 100 -Fidget Linking Cubes for Early Maths - Connecting Manipulative - Markt-XXL","isPartOf":{"@id":"https:\/\/marktxxl.de\/markt\/#website"},"primaryImageOfPage":{"@id":"https:\/\/marktxxl.de\/markt\/produkt\/edx-education-mathematikwuerfel-75166-100-stueck-verbindungswuerfel-fuer-fruehe-mathematik\/#primaryimage"},"image":{"@id":"https:\/\/marktxxl.de\/markt\/produkt\/edx-education-mathematikwuerfel-75166-100-stueck-verbindungswuerfel-fuer-fruehe-mathematik\/#primaryimage"},"thumbnailUrl":"https:\/\/m.media-amazon.com\/images\/I\/51KDwJB6xnL._SL500_.jpg","datePublished":"2021-10-26T14:06:09+00:00","dateModified":"2023-04-11T00:27:18+00:00","description":"Markt-XXL edx education 75166 Math Cubes - Set of 100 -Fidget Linking Cubes for Early Maths - Connecting Manipulative","breadcrumb":{"@id":"https:\/\/marktxxl.de\/markt\/produkt\/edx-education-mathematikwuerfel-75166-100-stueck-verbindungswuerfel-fuer-fruehe-mathematik\/#breadcrumb"},"inLanguage":"de","potentialAction":[{"@type":"ReadAction","target":["https:\/\/marktxxl.de\/markt\/produkt\/edx-education-mathematikwuerfel-75166-100-stueck-verbindungswuerfel-fuer-fruehe-mathematik\/"]}]},{"@type":"ImageObject","inLanguage":"de","@id":"https:\/\/marktxxl.de\/markt\/produkt\/edx-education-mathematikwuerfel-75166-100-stueck-verbindungswuerfel-fuer-fruehe-mathematik\/#primaryimage","url":"https:\/\/m.media-amazon.com\/images\/I\/51KDwJB6xnL._SL500_.jpg","contentUrl":"https:\/\/m.media-amazon.com\/images\/I\/51KDwJB6xnL._SL500_.jpg","width":400,"height":500},{"@type":"BreadcrumbList","@id":"https:\/\/marktxxl.de\/markt\/produkt\/edx-education-mathematikwuerfel-75166-100-stueck-verbindungswuerfel-fuer-fruehe-mathematik\/#breadcrumb","itemListElement":[{"@type":"ListItem","position":1,"name":"Startseite","item":"https:\/\/marktxxl.de\/markt\/"},{"@type":"ListItem","position":2,"name":"Markt","item":"https:\/\/marktxxl.de\/markt\/"},{"@type":"ListItem","position":3,"name":"edx education 75166 Math Cubes &#8211; Set of 100 -Fidget Linking Cubes for Early Maths &#8211; Connecting Manipulative"}]},{"@type":"WebSite","@id":"https:\/\/marktxxl.de\/markt\/#website","url":"https:\/\/marktxxl.de\/markt\/","name":"Markt-XXL","description":"Ihr Markt Online","publisher":{"@id":"https:\/\/marktxxl.de\/markt\/#organization"},"potentialAction":[{"@type":"SearchAction","target":{"@type":"EntryPoint","urlTemplate":"https:\/\/marktxxl.de\/markt\/?s={search_term_string}"},"query-input":{"@type":"PropertyValueSpecification","valueRequired":true,"valueName":"search_term_string"}}],"inLanguage":"de"},{"@type":"Organization","@id":"https:\/\/marktxxl.de\/markt\/#organization","name":"Markt-XXL","url":"https:\/\/marktxxl.de\/markt\/","logo":{"@type":"ImageObject","inLanguage":"de","@id":"https:\/\/marktxxl.de\/markt\/#\/schema\/logo\/image\/","url":"https:\/\/marktxxl.de\/markt\/wp-content\/uploads\/sites\/3\/2020\/12\/logo.png","contentUrl":"https:\/\/marktxxl.de\/markt\/wp-content\/uploads\/sites\/3\/2020\/12\/logo.png","width":200,"height":70,"caption":"Markt-XXL"},"image":{"@id":"https:\/\/marktxxl.de\/markt\/#\/schema\/logo\/image\/"}}]}},"_links":{"self":[{"href":"https:\/\/marktxxl.de\/markt\/wp-json\/wp\/v2\/product\/59639","targetHints":{"allow":["GET"]}}],"collection":[{"href":"https:\/\/marktxxl.de\/markt\/wp-json\/wp\/v2\/product"}],"about":[{"href":"https:\/\/marktxxl.de\/markt\/wp-json\/wp\/v2\/types\/product"}],"replies":[{"embeddable":true,"href":"https:\/\/marktxxl.de\/markt\/wp-json\/wp\/v2\/comments?post=59639"}],"wp:featuredmedia":[{"embeddable":true,"href":"https:\/\/marktxxl.de\/markt\/wp-json\/wp\/v2\/media\/59640"}],"wp:attachment":[{"href":"https:\/\/marktxxl.de\/markt\/wp-json\/wp\/v2\/media?parent=59639"}],"wp:term":[{"taxonomy":"product_brand","embeddable":true,"href":"https:\/\/marktxxl.de\/markt\/wp-json\/wp\/v2\/product_brand?post=59639"},{"taxonomy":"product_cat","embeddable":true,"href":"https:\/\/marktxxl.de\/markt\/wp-json\/wp\/v2\/product_cat?post=59639"},{"taxonomy":"product_tag","embeddable":true,"href":"https:\/\/marktxxl.de\/markt\/wp-json\/wp\/v2\/product_tag?post=59639"}],"curies":[{"name":"wp","href":"https:\/\/api.w.org\/{rel}","templated":true}]}}