{"id":59483,"date":"2021-10-26T16:01:11","date_gmt":"2021-10-26T14:01:11","guid":{"rendered":"https:\/\/marktxxl.de\/markt\/produkt\/buecherkartons-professionell-10-stueck-35-liter-entfaltet-sich-automatisch-selbstschliessend-buecherboxen-doppelte-wellpappe-umzugskartons\/"},"modified":"2023-04-11T02:27:16","modified_gmt":"2023-04-11T00:27:16","slug":"buecherkartons-professionell-10-stueck-35-liter-entfaltet-sich-automatisch-selbstschliessend-buecherboxen-doppelte-wellpappe-umzugskartons","status":"publish","type":"product","link":"https:\/\/marktxxl.de\/markt\/produkt\/buecherkartons-professionell-10-stueck-35-liter-entfaltet-sich-automatisch-selbstschliessend-buecherboxen-doppelte-wellpappe-umzugskartons\/","title":{"rendered":"B\u00fccherkartons Professionell &#8211; 10 St\u00fcck &#8211; 35 Liter &#8211; Entfaltet sich Automatisch &#8211; Selbstschlie\u00dfend &#8211; B\u00fccherboxen\u2026"},"content":{"rendered":"<p>VOLLST\u00c4NDIG AUTOMATISCH: Diese professionelle Bucherkarton ben\u00f6tigt kein Falten und kein Klebeband. Dr\u00fccken Sie die Box von den Seiten und die Box entfaltet sich vollautomatisch. Die Buchbox ist innerhalb einer Sekunde einsatzbereit. Der Umzug k\u00f6nnte nicht einfacher sein.<br \/>\nABMESSUNGEN: Au\u00dfenma\u00dfe Umzugskarton 483 x 320 x 234 mm (L x B x H) &#8211; Fassungsverm\u00f6gen 34 Liter.<br \/>\nHALTBAR: Die doppellagigen Aufbewahrungsboxen aus Karton bestehen aus 100 % recyceltem Karton und k\u00f6nnen mehrfach wiederverwendet werden.<br \/>\nSICHERE VERPACKUNG: Die robuste 2,3 EB Karton-Autolock-Box mit stabilem Boden und Deckeldichtung bietet eine h\u00f6here Belastbarkeit als herk\u00f6mmliche Umzugskartons und garantiert optimale Stapelbarkeit.<br \/>\nQUALIT\u00c4T: Doppelwandige Box mit einer Tragf\u00e4higkeit von 50 kg. Sehen Sie sich das Video an, um zu sehen, wie die Box funktioniert.<br \/>\n<div class=\"main-cross-sell\" data-asin=\"B08K5BBTGD\">\n\n\t<div class=\"WooZone-cross-sell-loader\">\n\t\t<div>\n\t\t\t<div id=\"floatingBarsG\">\n\t\t\t\t<div class=\"blockG\" id=\"rotateG_01\"><\/div>\n\t\t\t\t<div class=\"blockG\" id=\"rotateG_02\"><\/div>\n\t\t\t\t<div class=\"blockG\" id=\"rotateG_03\"><\/div>\n\t\t\t\t<div class=\"blockG\" id=\"rotateG_04\"><\/div>\n\t\t\t\t<div class=\"blockG\" id=\"rotateG_05\"><\/div>\n\t\t\t\t<div class=\"blockG\" id=\"rotateG_06\"><\/div>\n\t\t\t\t<div class=\"blockG\" id=\"rotateG_07\"><\/div>\n\t\t\t\t<div class=\"blockG\" id=\"rotateG_08\"><\/div>\n\t\t\t<\/div>\n\t\t\t<div class=\"WooZone-cross-sell-loader-text\"><\/div>\n\t\t<\/div>\n\t<\/div>\n\n\t\t\n<\/div>\n<div style=\"clear:both;\"><\/div><\/p>\n","protected":false},"excerpt":{"rendered":"<p>VOLLST\u00c4NDIG AUTOMATISCH: Diese professionelle Bucherkarton ben\u00f6tigt kein Falten und kein Klebeband. Dr\u00fccken Sie die Box von den Seiten und die Box entfaltet sich vollautomatisch. Die Buchbox ist innerhalb einer Sekunde einsatzbereit. Der Umzug k\u00f6nnte nicht einfacher sein.<br \/>\nABMESSUNGEN: Au\u00dfenma\u00dfe Umzugskarton 483 x 320 x 234 mm (L x B x H) &#8211; Fassungsverm\u00f6gen 34 Liter.<br \/>\nHALTBAR: Die doppellagigen Aufbewahrungsboxen aus Karton bestehen aus 100 % recyceltem Karton und k\u00f6nnen mehrfach wiederverwendet werden.<\/p>\n","protected":false},"featured_media":59484,"comment_status":"open","ping_status":"closed","template":"","meta":[],"product_brand":[],"product_cat":[504,8703],"product_tag":[],"class_list":{"0":"post-59483","1":"product","2":"type-product","3":"status-publish","4":"has-post-thumbnail","6":"product_cat-buerobedarf-schreibwaren","7":"product_cat-umschlaege-versandzubehoer","8":"pa_brand-umzugskartons-store","9":"pa_color-blau","10":"pa_height-9-21258-zoll","11":"pa_length-19-01571-zoll","12":"pa_manufacturer-umzugskartons-store","13":"pa_model-buecherkartons","14":"pa_width-12-5984-zoll","16":"first","17":"instock","18":"shipping-taxable","19":"purchasable","20":"product-type-simple","21":"customify-col","22":"product-has-gallery"},"yoast_head":"<!-- This site is optimized with the Yoast SEO plugin v27.4 - https:\/\/yoast.com\/product\/yoast-seo-wordpress\/ -->\n<title>B\u00fccherkartons Professionell - 10 St\u00fcck - 35 Liter - Entfaltet sich Automatisch - Selbstschlie\u00dfend - B\u00fccherboxen\u2026 - Markt-XXL<\/title>\n<meta name=\"description\" content=\"Markt-XXL B\u00fccherkartons Professionell - 10 St\u00fcck - 35 Liter - Entfaltet sich Automatisch - Selbstschlie\u00dfend - B\u00fccherboxen\u2026\" \/>\n<meta name=\"robots\" content=\"index, follow, max-snippet:-1, max-image-preview:large, max-video-preview:-1\" \/>\n<link rel=\"canonical\" href=\"https:\/\/marktxxl.de\/markt\/produkt\/buecherkartons-professionell-10-stueck-35-liter-entfaltet-sich-automatisch-selbstschliessend-buecherboxen-doppelte-wellpappe-umzugskartons\/\" \/>\n<meta property=\"og:locale\" content=\"de_DE\" \/>\n<meta property=\"og:type\" content=\"article\" \/>\n<meta property=\"og:title\" content=\"B\u00fccherkartons Professionell - 10 St\u00fcck - 35 Liter - Entfaltet sich Automatisch - Selbstschlie\u00dfend - B\u00fccherboxen\u2026 - Markt-XXL\" \/>\n<meta property=\"og:description\" content=\"Markt-XXL B\u00fccherkartons Professionell - 10 St\u00fcck - 35 Liter - Entfaltet sich Automatisch - Selbstschlie\u00dfend - B\u00fccherboxen\u2026\" \/>\n<meta property=\"og:url\" content=\"https:\/\/marktxxl.de\/markt\/produkt\/buecherkartons-professionell-10-stueck-35-liter-entfaltet-sich-automatisch-selbstschliessend-buecherboxen-doppelte-wellpappe-umzugskartons\/\" \/>\n<meta property=\"og:site_name\" content=\"Markt-XXL\" \/>\n<meta property=\"article:modified_time\" content=\"2023-04-11T00:27:16+00:00\" \/>\n<meta property=\"og:image\" content=\"https:\/\/m.media-amazon.com\/images\/I\/41zuay92eiL._SL500_.jpg\" \/>\n\t<meta property=\"og:image:width\" content=\"500\" \/>\n\t<meta property=\"og:image:height\" content=\"500\" \/>\n\t<meta property=\"og:image:type\" content=\"image\/jpeg\" \/>\n<meta name=\"twitter:card\" content=\"summary_large_image\" \/>\n<meta name=\"twitter:label1\" content=\"Gesch\u00e4tzte Lesezeit\" \/>\n\t<meta name=\"twitter:data1\" content=\"1\u00a0Minute\" \/>\n<script type=\"application\/ld+json\" class=\"yoast-schema-graph\">{\"@context\":\"https:\\\/\\\/schema.org\",\"@graph\":[{\"@type\":\"WebPage\",\"@id\":\"https:\\\/\\\/marktxxl.de\\\/markt\\\/produkt\\\/buecherkartons-professionell-10-stueck-35-liter-entfaltet-sich-automatisch-selbstschliessend-buecherboxen-doppelte-wellpappe-umzugskartons\\\/\",\"url\":\"https:\\\/\\\/marktxxl.de\\\/markt\\\/produkt\\\/buecherkartons-professionell-10-stueck-35-liter-entfaltet-sich-automatisch-selbstschliessend-buecherboxen-doppelte-wellpappe-umzugskartons\\\/\",\"name\":\"B\u00fccherkartons Professionell - 10 St\u00fcck - 35 Liter - Entfaltet sich Automatisch - Selbstschlie\u00dfend - B\u00fccherboxen\u2026 - Markt-XXL\",\"isPartOf\":{\"@id\":\"https:\\\/\\\/marktxxl.de\\\/markt\\\/#website\"},\"primaryImageOfPage\":{\"@id\":\"https:\\\/\\\/marktxxl.de\\\/markt\\\/produkt\\\/buecherkartons-professionell-10-stueck-35-liter-entfaltet-sich-automatisch-selbstschliessend-buecherboxen-doppelte-wellpappe-umzugskartons\\\/#primaryimage\"},\"image\":{\"@id\":\"https:\\\/\\\/marktxxl.de\\\/markt\\\/produkt\\\/buecherkartons-professionell-10-stueck-35-liter-entfaltet-sich-automatisch-selbstschliessend-buecherboxen-doppelte-wellpappe-umzugskartons\\\/#primaryimage\"},\"thumbnailUrl\":\"https:\\\/\\\/m.media-amazon.com\\\/images\\\/I\\\/41zuay92eiL._SL500_.jpg\",\"datePublished\":\"2021-10-26T14:01:11+00:00\",\"dateModified\":\"2023-04-11T00:27:16+00:00\",\"description\":\"Markt-XXL B\u00fccherkartons Professionell - 10 St\u00fcck - 35 Liter - Entfaltet sich Automatisch - Selbstschlie\u00dfend - B\u00fccherboxen\u2026\",\"breadcrumb\":{\"@id\":\"https:\\\/\\\/marktxxl.de\\\/markt\\\/produkt\\\/buecherkartons-professionell-10-stueck-35-liter-entfaltet-sich-automatisch-selbstschliessend-buecherboxen-doppelte-wellpappe-umzugskartons\\\/#breadcrumb\"},\"inLanguage\":\"de\",\"potentialAction\":[{\"@type\":\"ReadAction\",\"target\":[\"https:\\\/\\\/marktxxl.de\\\/markt\\\/produkt\\\/buecherkartons-professionell-10-stueck-35-liter-entfaltet-sich-automatisch-selbstschliessend-buecherboxen-doppelte-wellpappe-umzugskartons\\\/\"]}]},{\"@type\":\"ImageObject\",\"inLanguage\":\"de\",\"@id\":\"https:\\\/\\\/marktxxl.de\\\/markt\\\/produkt\\\/buecherkartons-professionell-10-stueck-35-liter-entfaltet-sich-automatisch-selbstschliessend-buecherboxen-doppelte-wellpappe-umzugskartons\\\/#primaryimage\",\"url\":\"https:\\\/\\\/m.media-amazon.com\\\/images\\\/I\\\/41zuay92eiL._SL500_.jpg\",\"contentUrl\":\"https:\\\/\\\/m.media-amazon.com\\\/images\\\/I\\\/41zuay92eiL._SL500_.jpg\",\"width\":500,\"height\":500},{\"@type\":\"BreadcrumbList\",\"@id\":\"https:\\\/\\\/marktxxl.de\\\/markt\\\/produkt\\\/buecherkartons-professionell-10-stueck-35-liter-entfaltet-sich-automatisch-selbstschliessend-buecherboxen-doppelte-wellpappe-umzugskartons\\\/#breadcrumb\",\"itemListElement\":[{\"@type\":\"ListItem\",\"position\":1,\"name\":\"Startseite\",\"item\":\"https:\\\/\\\/marktxxl.de\\\/markt\\\/\"},{\"@type\":\"ListItem\",\"position\":2,\"name\":\"Markt\",\"item\":\"https:\\\/\\\/marktxxl.de\\\/markt\\\/\"},{\"@type\":\"ListItem\",\"position\":3,\"name\":\"B\u00fccherkartons Professionell &#8211; 10 St\u00fcck &#8211; 35 Liter &#8211; Entfaltet sich Automatisch &#8211; Selbstschlie\u00dfend &#8211; B\u00fccherboxen\u2026\"}]},{\"@type\":\"WebSite\",\"@id\":\"https:\\\/\\\/marktxxl.de\\\/markt\\\/#website\",\"url\":\"https:\\\/\\\/marktxxl.de\\\/markt\\\/\",\"name\":\"Markt-XXL\",\"description\":\"Ihr Markt Online\",\"publisher\":{\"@id\":\"https:\\\/\\\/marktxxl.de\\\/markt\\\/#organization\"},\"potentialAction\":[{\"@type\":\"SearchAction\",\"target\":{\"@type\":\"EntryPoint\",\"urlTemplate\":\"https:\\\/\\\/marktxxl.de\\\/markt\\\/?s={search_term_string}\"},\"query-input\":{\"@type\":\"PropertyValueSpecification\",\"valueRequired\":true,\"valueName\":\"search_term_string\"}}],\"inLanguage\":\"de\"},{\"@type\":\"Organization\",\"@id\":\"https:\\\/\\\/marktxxl.de\\\/markt\\\/#organization\",\"name\":\"Markt-XXL\",\"url\":\"https:\\\/\\\/marktxxl.de\\\/markt\\\/\",\"logo\":{\"@type\":\"ImageObject\",\"inLanguage\":\"de\",\"@id\":\"https:\\\/\\\/marktxxl.de\\\/markt\\\/#\\\/schema\\\/logo\\\/image\\\/\",\"url\":\"https:\\\/\\\/marktxxl.de\\\/markt\\\/wp-content\\\/uploads\\\/sites\\\/3\\\/2020\\\/12\\\/logo.png\",\"contentUrl\":\"https:\\\/\\\/marktxxl.de\\\/markt\\\/wp-content\\\/uploads\\\/sites\\\/3\\\/2020\\\/12\\\/logo.png\",\"width\":200,\"height\":70,\"caption\":\"Markt-XXL\"},\"image\":{\"@id\":\"https:\\\/\\\/marktxxl.de\\\/markt\\\/#\\\/schema\\\/logo\\\/image\\\/\"}}]}<\/script>\n<!-- \/ Yoast SEO plugin. -->","yoast_head_json":{"title":"B\u00fccherkartons Professionell - 10 St\u00fcck - 35 Liter - Entfaltet sich Automatisch - Selbstschlie\u00dfend - B\u00fccherboxen\u2026 - Markt-XXL","description":"Markt-XXL B\u00fccherkartons Professionell - 10 St\u00fcck - 35 Liter - Entfaltet sich Automatisch - Selbstschlie\u00dfend - B\u00fccherboxen\u2026","robots":{"index":"index","follow":"follow","max-snippet":"max-snippet:-1","max-image-preview":"max-image-preview:large","max-video-preview":"max-video-preview:-1"},"canonical":"https:\/\/marktxxl.de\/markt\/produkt\/buecherkartons-professionell-10-stueck-35-liter-entfaltet-sich-automatisch-selbstschliessend-buecherboxen-doppelte-wellpappe-umzugskartons\/","og_locale":"de_DE","og_type":"article","og_title":"B\u00fccherkartons Professionell - 10 St\u00fcck - 35 Liter - Entfaltet sich Automatisch - Selbstschlie\u00dfend - B\u00fccherboxen\u2026 - Markt-XXL","og_description":"Markt-XXL B\u00fccherkartons Professionell - 10 St\u00fcck - 35 Liter - Entfaltet sich Automatisch - Selbstschlie\u00dfend - B\u00fccherboxen\u2026","og_url":"https:\/\/marktxxl.de\/markt\/produkt\/buecherkartons-professionell-10-stueck-35-liter-entfaltet-sich-automatisch-selbstschliessend-buecherboxen-doppelte-wellpappe-umzugskartons\/","og_site_name":"Markt-XXL","article_modified_time":"2023-04-11T00:27:16+00:00","og_image":[{"width":500,"height":500,"url":"https:\/\/m.media-amazon.com\/images\/I\/41zuay92eiL._SL500_.jpg","type":"image\/jpeg"}],"twitter_card":"summary_large_image","twitter_misc":{"Gesch\u00e4tzte Lesezeit":"1\u00a0Minute"},"schema":{"@context":"https:\/\/schema.org","@graph":[{"@type":"WebPage","@id":"https:\/\/marktxxl.de\/markt\/produkt\/buecherkartons-professionell-10-stueck-35-liter-entfaltet-sich-automatisch-selbstschliessend-buecherboxen-doppelte-wellpappe-umzugskartons\/","url":"https:\/\/marktxxl.de\/markt\/produkt\/buecherkartons-professionell-10-stueck-35-liter-entfaltet-sich-automatisch-selbstschliessend-buecherboxen-doppelte-wellpappe-umzugskartons\/","name":"B\u00fccherkartons Professionell - 10 St\u00fcck - 35 Liter - Entfaltet sich Automatisch - Selbstschlie\u00dfend - B\u00fccherboxen\u2026 - Markt-XXL","isPartOf":{"@id":"https:\/\/marktxxl.de\/markt\/#website"},"primaryImageOfPage":{"@id":"https:\/\/marktxxl.de\/markt\/produkt\/buecherkartons-professionell-10-stueck-35-liter-entfaltet-sich-automatisch-selbstschliessend-buecherboxen-doppelte-wellpappe-umzugskartons\/#primaryimage"},"image":{"@id":"https:\/\/marktxxl.de\/markt\/produkt\/buecherkartons-professionell-10-stueck-35-liter-entfaltet-sich-automatisch-selbstschliessend-buecherboxen-doppelte-wellpappe-umzugskartons\/#primaryimage"},"thumbnailUrl":"https:\/\/m.media-amazon.com\/images\/I\/41zuay92eiL._SL500_.jpg","datePublished":"2021-10-26T14:01:11+00:00","dateModified":"2023-04-11T00:27:16+00:00","description":"Markt-XXL B\u00fccherkartons Professionell - 10 St\u00fcck - 35 Liter - Entfaltet sich Automatisch - Selbstschlie\u00dfend - B\u00fccherboxen\u2026","breadcrumb":{"@id":"https:\/\/marktxxl.de\/markt\/produkt\/buecherkartons-professionell-10-stueck-35-liter-entfaltet-sich-automatisch-selbstschliessend-buecherboxen-doppelte-wellpappe-umzugskartons\/#breadcrumb"},"inLanguage":"de","potentialAction":[{"@type":"ReadAction","target":["https:\/\/marktxxl.de\/markt\/produkt\/buecherkartons-professionell-10-stueck-35-liter-entfaltet-sich-automatisch-selbstschliessend-buecherboxen-doppelte-wellpappe-umzugskartons\/"]}]},{"@type":"ImageObject","inLanguage":"de","@id":"https:\/\/marktxxl.de\/markt\/produkt\/buecherkartons-professionell-10-stueck-35-liter-entfaltet-sich-automatisch-selbstschliessend-buecherboxen-doppelte-wellpappe-umzugskartons\/#primaryimage","url":"https:\/\/m.media-amazon.com\/images\/I\/41zuay92eiL._SL500_.jpg","contentUrl":"https:\/\/m.media-amazon.com\/images\/I\/41zuay92eiL._SL500_.jpg","width":500,"height":500},{"@type":"BreadcrumbList","@id":"https:\/\/marktxxl.de\/markt\/produkt\/buecherkartons-professionell-10-stueck-35-liter-entfaltet-sich-automatisch-selbstschliessend-buecherboxen-doppelte-wellpappe-umzugskartons\/#breadcrumb","itemListElement":[{"@type":"ListItem","position":1,"name":"Startseite","item":"https:\/\/marktxxl.de\/markt\/"},{"@type":"ListItem","position":2,"name":"Markt","item":"https:\/\/marktxxl.de\/markt\/"},{"@type":"ListItem","position":3,"name":"B\u00fccherkartons Professionell &#8211; 10 St\u00fcck &#8211; 35 Liter &#8211; Entfaltet sich Automatisch &#8211; Selbstschlie\u00dfend &#8211; B\u00fccherboxen\u2026"}]},{"@type":"WebSite","@id":"https:\/\/marktxxl.de\/markt\/#website","url":"https:\/\/marktxxl.de\/markt\/","name":"Markt-XXL","description":"Ihr Markt Online","publisher":{"@id":"https:\/\/marktxxl.de\/markt\/#organization"},"potentialAction":[{"@type":"SearchAction","target":{"@type":"EntryPoint","urlTemplate":"https:\/\/marktxxl.de\/markt\/?s={search_term_string}"},"query-input":{"@type":"PropertyValueSpecification","valueRequired":true,"valueName":"search_term_string"}}],"inLanguage":"de"},{"@type":"Organization","@id":"https:\/\/marktxxl.de\/markt\/#organization","name":"Markt-XXL","url":"https:\/\/marktxxl.de\/markt\/","logo":{"@type":"ImageObject","inLanguage":"de","@id":"https:\/\/marktxxl.de\/markt\/#\/schema\/logo\/image\/","url":"https:\/\/marktxxl.de\/markt\/wp-content\/uploads\/sites\/3\/2020\/12\/logo.png","contentUrl":"https:\/\/marktxxl.de\/markt\/wp-content\/uploads\/sites\/3\/2020\/12\/logo.png","width":200,"height":70,"caption":"Markt-XXL"},"image":{"@id":"https:\/\/marktxxl.de\/markt\/#\/schema\/logo\/image\/"}}]}},"_links":{"self":[{"href":"https:\/\/marktxxl.de\/markt\/wp-json\/wp\/v2\/product\/59483","targetHints":{"allow":["GET"]}}],"collection":[{"href":"https:\/\/marktxxl.de\/markt\/wp-json\/wp\/v2\/product"}],"about":[{"href":"https:\/\/marktxxl.de\/markt\/wp-json\/wp\/v2\/types\/product"}],"replies":[{"embeddable":true,"href":"https:\/\/marktxxl.de\/markt\/wp-json\/wp\/v2\/comments?post=59483"}],"wp:featuredmedia":[{"embeddable":true,"href":"https:\/\/marktxxl.de\/markt\/wp-json\/wp\/v2\/media\/59484"}],"wp:attachment":[{"href":"https:\/\/marktxxl.de\/markt\/wp-json\/wp\/v2\/media?parent=59483"}],"wp:term":[{"taxonomy":"product_brand","embeddable":true,"href":"https:\/\/marktxxl.de\/markt\/wp-json\/wp\/v2\/product_brand?post=59483"},{"taxonomy":"product_cat","embeddable":true,"href":"https:\/\/marktxxl.de\/markt\/wp-json\/wp\/v2\/product_cat?post=59483"},{"taxonomy":"product_tag","embeddable":true,"href":"https:\/\/marktxxl.de\/markt\/wp-json\/wp\/v2\/product_tag?post=59483"}],"curies":[{"name":"wp","href":"https:\/\/api.w.org\/{rel}","templated":true}]}}