{"id":59371,"date":"2021-10-26T15:54:48","date_gmt":"2021-10-26T13:54:48","guid":{"rendered":"https:\/\/marktxxl.de\/markt\/produkt\/120-mini-dankeschoen-fuer-ihre-bestellung-visitenkarten-einkaufen-dankeskarten-dankeskarten-an-kunden-blumendesign-wertschaetzungskarten-fuer-kleinunternehmer-verkaeufer-35-x-2-zoll\/"},"modified":"2023-04-11T02:27:14","modified_gmt":"2023-04-11T00:27:14","slug":"120-mini-dankeschoen-fuer-ihre-bestellung-visitenkarten-einkaufen-dankeskarten-dankeskarten-an-kunden-blumendesign-wertschaetzungskarten-fuer-kleinunternehmer-verkaeufer-35-x-2-zoll","status":"publish","type":"product","link":"https:\/\/marktxxl.de\/markt\/produkt\/120-mini-dankeschoen-fuer-ihre-bestellung-visitenkarten-einkaufen-dankeskarten-dankeskarten-an-kunden-blumendesign-wertschaetzungskarten-fuer-kleinunternehmer-verkaeufer-35-x-2-zoll\/","title":{"rendered":"120 Mini Dankesch\u00f6n f\u00fcr Ihre Bestellung Visitenkarten Einkaufen Dankeskarten Dankeskarten an Kunden Blumendesign\u2026"},"content":{"rendered":"<p>Lieferumfang: Das Set von Visitenkarten enth\u00e4lt 120 St\u00fcck Dankeskarten mit 2 verschiedenen Motiven; jede Karte misst ca. 8,8 x 5 cm; die Postkartenr\u00fcckseite ist leer, damit Sie Ihre Wertsch\u00e4tzungsw\u00f6rter schreiben k\u00f6nnen.<br \/>\nHochwertiges Material: Die Mini-Dankeskarten sind aus hochwertigem, dickem Karton f\u00fcr Eleganz und extra stabil, verhindert ein Biegen bei der Lieferung; glatte Oberfl\u00e4che, die gute Haptik und Lichtechtheit bringt, hinterl\u00e4sst Ihren Kunden einen guten Eindruck \u00fcber Ihre Produkte.<br \/>\nStilvolles Design: Das rosa Blumenmuster mit goldfarbenen Worten sieht elegant und stilvoll aus. Die Dankesbotschaft ist aufgedruckt, dass Sie Ihr Gesch\u00e4ft unterst\u00fctzen, danke f\u00fcr Ihre Bestellungen, kann Ihre aufrichtige Wertsch\u00e4tzung f\u00fcr Ihre Karten ausdr\u00fccken.<br \/>\nDankeskarten f\u00fcr Kunden: Diese Dankeskarten sind gro\u00dfartig, um Danke und Sorgfalt an Kunden auszudr\u00fccken, sehr geeignet f\u00fcr kleine Unternehmer, Online-Verkaufsverk\u00e4ufer, um Kunden zu geben, lassen Sie Ihre Produkte durchdachter aussehen und zeigen Sie Ihr Herzen.<br \/>\nVielseitig verwendbar: Diese Dankeskarten sind speziell f\u00fcr Gesch\u00e4fte entworfen. Die leere R\u00fcckseite erm\u00f6glicht es Ihnen, Ihren Gesch\u00e4ftsstandort zu stempeln, Ihre Gesch\u00e4ftslogos hinzuzuf\u00fcgen oder mit einer Notiz oder Unterschrift zu personalisieren. Sie k\u00f6nnen die Karten im Paket mit Produkten versenden, um Dankbarkeit zu zeigen.<br \/>\n<div class=\"main-cross-sell\" data-asin=\"B08FFJ95P8\">\n\n\t<div class=\"WooZone-cross-sell-loader\">\n\t\t<div>\n\t\t\t<div id=\"floatingBarsG\">\n\t\t\t\t<div class=\"blockG\" id=\"rotateG_01\"><\/div>\n\t\t\t\t<div class=\"blockG\" id=\"rotateG_02\"><\/div>\n\t\t\t\t<div class=\"blockG\" id=\"rotateG_03\"><\/div>\n\t\t\t\t<div class=\"blockG\" id=\"rotateG_04\"><\/div>\n\t\t\t\t<div class=\"blockG\" id=\"rotateG_05\"><\/div>\n\t\t\t\t<div class=\"blockG\" id=\"rotateG_06\"><\/div>\n\t\t\t\t<div class=\"blockG\" id=\"rotateG_07\"><\/div>\n\t\t\t\t<div class=\"blockG\" id=\"rotateG_08\"><\/div>\n\t\t\t<\/div>\n\t\t\t<div class=\"WooZone-cross-sell-loader-text\"><\/div>\n\t\t<\/div>\n\t<\/div>\n\n\t\t\n<\/div>\n<div style=\"clear:both;\"><\/div><\/p>\n","protected":false},"excerpt":{"rendered":"<p>Lieferumfang: Das Set von Visitenkarten enth\u00e4lt 120 St\u00fcck Dankeskarten mit 2 verschiedenen Motiven; jede Karte misst ca. 8,8 x 5 cm; die Postkartenr\u00fcckseite ist leer, damit Sie Ihre Wertsch\u00e4tzungsw\u00f6rter schreiben k\u00f6nnen.<br \/>\nHochwertiges Material: Die Mini-Dankeskarten sind aus hochwertigem, dickem Karton f\u00fcr Eleganz und extra stabil, verhindert ein Biegen bei der Lieferung; glatte Oberfl\u00e4che, die gute Haptik und Lichtechtheit bringt, hinterl\u00e4sst Ihren Kunden einen guten Eindruck \u00fcber Ihre Produkte.<br \/>\nStilvolles Design: Das rosa Blumenmuster mit goldfarbenen Worten sieht elegant und stilvoll aus. Die Dankesbotschaft ist aufgedruckt, dass Sie Ihr Gesch\u00e4ft unterst\u00fctzen, danke f\u00fcr Ihre Bestellungen, kann Ihre aufrichtige Wertsch\u00e4tzung f\u00fcr Ihre Karten ausdr\u00fccken.<\/p>\n","protected":false},"featured_media":59372,"comment_status":"open","ping_status":"closed","template":"","meta":[],"product_brand":[],"product_cat":[504,8527],"product_tag":[],"class_list":{"0":"post-59371","1":"product","2":"type-product","3":"status-publish","4":"has-post-thumbnail","6":"product_cat-buerobedarf-schreibwaren","7":"product_cat-papierprodukte","8":"pa_brand-outus","9":"pa_brand-thames-hudson","10":"pa_height-0-5118110231-zoll","11":"pa_length-3-4645669256-zoll","12":"pa_manufacturer-outus","13":"pa_weight-0-2866009406-pfund","14":"pa_width-1-968503935-zoll","16":"first","17":"instock","18":"shipping-taxable","19":"purchasable","20":"product-type-simple","21":"customify-col","22":"product-has-gallery"},"yoast_head":"<!-- This site is optimized with the Yoast SEO plugin v27.3 - https:\/\/yoast.com\/product\/yoast-seo-wordpress\/ -->\n<title>120 Mini Dankesch\u00f6n f\u00fcr Ihre Bestellung Visitenkarten Einkaufen Dankeskarten Dankeskarten an Kunden Blumendesign\u2026 - Markt-XXL<\/title>\n<meta name=\"description\" content=\"Markt-XXL 120 Mini Dankesch\u00f6n f\u00fcr Ihre Bestellung Visitenkarten Einkaufen Dankeskarten Dankeskarten an Kunden Blumendesign\u2026\" \/>\n<meta name=\"robots\" content=\"index, follow, max-snippet:-1, max-image-preview:large, max-video-preview:-1\" \/>\n<link rel=\"canonical\" href=\"https:\/\/marktxxl.de\/markt\/produkt\/120-mini-dankeschoen-fuer-ihre-bestellung-visitenkarten-einkaufen-dankeskarten-dankeskarten-an-kunden-blumendesign-wertschaetzungskarten-fuer-kleinunternehmer-verkaeufer-35-x-2-zoll\/\" \/>\n<meta property=\"og:locale\" content=\"de_DE\" \/>\n<meta property=\"og:type\" content=\"article\" \/>\n<meta property=\"og:title\" content=\"120 Mini Dankesch\u00f6n f\u00fcr Ihre Bestellung Visitenkarten Einkaufen Dankeskarten Dankeskarten an Kunden Blumendesign\u2026 - Markt-XXL\" \/>\n<meta property=\"og:description\" content=\"Markt-XXL 120 Mini Dankesch\u00f6n f\u00fcr Ihre Bestellung Visitenkarten Einkaufen Dankeskarten Dankeskarten an Kunden Blumendesign\u2026\" \/>\n<meta property=\"og:url\" content=\"https:\/\/marktxxl.de\/markt\/produkt\/120-mini-dankeschoen-fuer-ihre-bestellung-visitenkarten-einkaufen-dankeskarten-dankeskarten-an-kunden-blumendesign-wertschaetzungskarten-fuer-kleinunternehmer-verkaeufer-35-x-2-zoll\/\" \/>\n<meta property=\"og:site_name\" content=\"Markt-XXL\" \/>\n<meta property=\"article:modified_time\" content=\"2023-04-11T00:27:14+00:00\" \/>\n<meta property=\"og:image\" content=\"https:\/\/m.media-amazon.com\/images\/I\/51TcCK0JDqL._SL500_.jpg\" \/>\n\t<meta property=\"og:image:width\" content=\"500\" \/>\n\t<meta property=\"og:image:height\" content=\"500\" \/>\n\t<meta property=\"og:image:type\" content=\"image\/jpeg\" \/>\n<meta name=\"twitter:card\" content=\"summary_large_image\" \/>\n<meta name=\"twitter:label1\" content=\"Gesch\u00e4tzte Lesezeit\" \/>\n\t<meta name=\"twitter:data1\" content=\"1\u00a0Minute\" \/>\n<script type=\"application\/ld+json\" class=\"yoast-schema-graph\">{\"@context\":\"https:\\\/\\\/schema.org\",\"@graph\":[{\"@type\":\"WebPage\",\"@id\":\"https:\\\/\\\/marktxxl.de\\\/markt\\\/produkt\\\/120-mini-dankeschoen-fuer-ihre-bestellung-visitenkarten-einkaufen-dankeskarten-dankeskarten-an-kunden-blumendesign-wertschaetzungskarten-fuer-kleinunternehmer-verkaeufer-35-x-2-zoll\\\/\",\"url\":\"https:\\\/\\\/marktxxl.de\\\/markt\\\/produkt\\\/120-mini-dankeschoen-fuer-ihre-bestellung-visitenkarten-einkaufen-dankeskarten-dankeskarten-an-kunden-blumendesign-wertschaetzungskarten-fuer-kleinunternehmer-verkaeufer-35-x-2-zoll\\\/\",\"name\":\"120 Mini Dankesch\u00f6n f\u00fcr Ihre Bestellung Visitenkarten Einkaufen Dankeskarten Dankeskarten an Kunden Blumendesign\u2026 - Markt-XXL\",\"isPartOf\":{\"@id\":\"https:\\\/\\\/marktxxl.de\\\/markt\\\/#website\"},\"primaryImageOfPage\":{\"@id\":\"https:\\\/\\\/marktxxl.de\\\/markt\\\/produkt\\\/120-mini-dankeschoen-fuer-ihre-bestellung-visitenkarten-einkaufen-dankeskarten-dankeskarten-an-kunden-blumendesign-wertschaetzungskarten-fuer-kleinunternehmer-verkaeufer-35-x-2-zoll\\\/#primaryimage\"},\"image\":{\"@id\":\"https:\\\/\\\/marktxxl.de\\\/markt\\\/produkt\\\/120-mini-dankeschoen-fuer-ihre-bestellung-visitenkarten-einkaufen-dankeskarten-dankeskarten-an-kunden-blumendesign-wertschaetzungskarten-fuer-kleinunternehmer-verkaeufer-35-x-2-zoll\\\/#primaryimage\"},\"thumbnailUrl\":\"https:\\\/\\\/m.media-amazon.com\\\/images\\\/I\\\/51TcCK0JDqL._SL500_.jpg\",\"datePublished\":\"2021-10-26T13:54:48+00:00\",\"dateModified\":\"2023-04-11T00:27:14+00:00\",\"description\":\"Markt-XXL 120 Mini Dankesch\u00f6n f\u00fcr Ihre Bestellung Visitenkarten Einkaufen Dankeskarten Dankeskarten an Kunden Blumendesign\u2026\",\"breadcrumb\":{\"@id\":\"https:\\\/\\\/marktxxl.de\\\/markt\\\/produkt\\\/120-mini-dankeschoen-fuer-ihre-bestellung-visitenkarten-einkaufen-dankeskarten-dankeskarten-an-kunden-blumendesign-wertschaetzungskarten-fuer-kleinunternehmer-verkaeufer-35-x-2-zoll\\\/#breadcrumb\"},\"inLanguage\":\"de\",\"potentialAction\":[{\"@type\":\"ReadAction\",\"target\":[\"https:\\\/\\\/marktxxl.de\\\/markt\\\/produkt\\\/120-mini-dankeschoen-fuer-ihre-bestellung-visitenkarten-einkaufen-dankeskarten-dankeskarten-an-kunden-blumendesign-wertschaetzungskarten-fuer-kleinunternehmer-verkaeufer-35-x-2-zoll\\\/\"]}]},{\"@type\":\"ImageObject\",\"inLanguage\":\"de\",\"@id\":\"https:\\\/\\\/marktxxl.de\\\/markt\\\/produkt\\\/120-mini-dankeschoen-fuer-ihre-bestellung-visitenkarten-einkaufen-dankeskarten-dankeskarten-an-kunden-blumendesign-wertschaetzungskarten-fuer-kleinunternehmer-verkaeufer-35-x-2-zoll\\\/#primaryimage\",\"url\":\"https:\\\/\\\/m.media-amazon.com\\\/images\\\/I\\\/51TcCK0JDqL._SL500_.jpg\",\"contentUrl\":\"https:\\\/\\\/m.media-amazon.com\\\/images\\\/I\\\/51TcCK0JDqL._SL500_.jpg\",\"width\":500,\"height\":500},{\"@type\":\"BreadcrumbList\",\"@id\":\"https:\\\/\\\/marktxxl.de\\\/markt\\\/produkt\\\/120-mini-dankeschoen-fuer-ihre-bestellung-visitenkarten-einkaufen-dankeskarten-dankeskarten-an-kunden-blumendesign-wertschaetzungskarten-fuer-kleinunternehmer-verkaeufer-35-x-2-zoll\\\/#breadcrumb\",\"itemListElement\":[{\"@type\":\"ListItem\",\"position\":1,\"name\":\"Startseite\",\"item\":\"https:\\\/\\\/marktxxl.de\\\/markt\\\/\"},{\"@type\":\"ListItem\",\"position\":2,\"name\":\"Markt\",\"item\":\"https:\\\/\\\/marktxxl.de\\\/markt\\\/\"},{\"@type\":\"ListItem\",\"position\":3,\"name\":\"120 Mini Dankesch\u00f6n f\u00fcr Ihre Bestellung Visitenkarten Einkaufen Dankeskarten Dankeskarten an Kunden Blumendesign\u2026\"}]},{\"@type\":\"WebSite\",\"@id\":\"https:\\\/\\\/marktxxl.de\\\/markt\\\/#website\",\"url\":\"https:\\\/\\\/marktxxl.de\\\/markt\\\/\",\"name\":\"Markt-XXL\",\"description\":\"Ihr Markt Online\",\"publisher\":{\"@id\":\"https:\\\/\\\/marktxxl.de\\\/markt\\\/#organization\"},\"potentialAction\":[{\"@type\":\"SearchAction\",\"target\":{\"@type\":\"EntryPoint\",\"urlTemplate\":\"https:\\\/\\\/marktxxl.de\\\/markt\\\/?s={search_term_string}\"},\"query-input\":{\"@type\":\"PropertyValueSpecification\",\"valueRequired\":true,\"valueName\":\"search_term_string\"}}],\"inLanguage\":\"de\"},{\"@type\":\"Organization\",\"@id\":\"https:\\\/\\\/marktxxl.de\\\/markt\\\/#organization\",\"name\":\"Markt-XXL\",\"url\":\"https:\\\/\\\/marktxxl.de\\\/markt\\\/\",\"logo\":{\"@type\":\"ImageObject\",\"inLanguage\":\"de\",\"@id\":\"https:\\\/\\\/marktxxl.de\\\/markt\\\/#\\\/schema\\\/logo\\\/image\\\/\",\"url\":\"https:\\\/\\\/marktxxl.de\\\/markt\\\/wp-content\\\/uploads\\\/sites\\\/3\\\/2020\\\/12\\\/logo.png\",\"contentUrl\":\"https:\\\/\\\/marktxxl.de\\\/markt\\\/wp-content\\\/uploads\\\/sites\\\/3\\\/2020\\\/12\\\/logo.png\",\"width\":200,\"height\":70,\"caption\":\"Markt-XXL\"},\"image\":{\"@id\":\"https:\\\/\\\/marktxxl.de\\\/markt\\\/#\\\/schema\\\/logo\\\/image\\\/\"}}]}<\/script>\n<!-- \/ Yoast SEO plugin. -->","yoast_head_json":{"title":"120 Mini Dankesch\u00f6n f\u00fcr Ihre Bestellung Visitenkarten Einkaufen Dankeskarten Dankeskarten an Kunden Blumendesign\u2026 - Markt-XXL","description":"Markt-XXL 120 Mini Dankesch\u00f6n f\u00fcr Ihre Bestellung Visitenkarten Einkaufen Dankeskarten Dankeskarten an Kunden Blumendesign\u2026","robots":{"index":"index","follow":"follow","max-snippet":"max-snippet:-1","max-image-preview":"max-image-preview:large","max-video-preview":"max-video-preview:-1"},"canonical":"https:\/\/marktxxl.de\/markt\/produkt\/120-mini-dankeschoen-fuer-ihre-bestellung-visitenkarten-einkaufen-dankeskarten-dankeskarten-an-kunden-blumendesign-wertschaetzungskarten-fuer-kleinunternehmer-verkaeufer-35-x-2-zoll\/","og_locale":"de_DE","og_type":"article","og_title":"120 Mini Dankesch\u00f6n f\u00fcr Ihre Bestellung Visitenkarten Einkaufen Dankeskarten Dankeskarten an Kunden Blumendesign\u2026 - Markt-XXL","og_description":"Markt-XXL 120 Mini Dankesch\u00f6n f\u00fcr Ihre Bestellung Visitenkarten Einkaufen Dankeskarten Dankeskarten an Kunden Blumendesign\u2026","og_url":"https:\/\/marktxxl.de\/markt\/produkt\/120-mini-dankeschoen-fuer-ihre-bestellung-visitenkarten-einkaufen-dankeskarten-dankeskarten-an-kunden-blumendesign-wertschaetzungskarten-fuer-kleinunternehmer-verkaeufer-35-x-2-zoll\/","og_site_name":"Markt-XXL","article_modified_time":"2023-04-11T00:27:14+00:00","og_image":[{"width":500,"height":500,"url":"https:\/\/m.media-amazon.com\/images\/I\/51TcCK0JDqL._SL500_.jpg","type":"image\/jpeg"}],"twitter_card":"summary_large_image","twitter_misc":{"Gesch\u00e4tzte Lesezeit":"1\u00a0Minute"},"schema":{"@context":"https:\/\/schema.org","@graph":[{"@type":"WebPage","@id":"https:\/\/marktxxl.de\/markt\/produkt\/120-mini-dankeschoen-fuer-ihre-bestellung-visitenkarten-einkaufen-dankeskarten-dankeskarten-an-kunden-blumendesign-wertschaetzungskarten-fuer-kleinunternehmer-verkaeufer-35-x-2-zoll\/","url":"https:\/\/marktxxl.de\/markt\/produkt\/120-mini-dankeschoen-fuer-ihre-bestellung-visitenkarten-einkaufen-dankeskarten-dankeskarten-an-kunden-blumendesign-wertschaetzungskarten-fuer-kleinunternehmer-verkaeufer-35-x-2-zoll\/","name":"120 Mini Dankesch\u00f6n f\u00fcr Ihre Bestellung Visitenkarten Einkaufen Dankeskarten Dankeskarten an Kunden Blumendesign\u2026 - Markt-XXL","isPartOf":{"@id":"https:\/\/marktxxl.de\/markt\/#website"},"primaryImageOfPage":{"@id":"https:\/\/marktxxl.de\/markt\/produkt\/120-mini-dankeschoen-fuer-ihre-bestellung-visitenkarten-einkaufen-dankeskarten-dankeskarten-an-kunden-blumendesign-wertschaetzungskarten-fuer-kleinunternehmer-verkaeufer-35-x-2-zoll\/#primaryimage"},"image":{"@id":"https:\/\/marktxxl.de\/markt\/produkt\/120-mini-dankeschoen-fuer-ihre-bestellung-visitenkarten-einkaufen-dankeskarten-dankeskarten-an-kunden-blumendesign-wertschaetzungskarten-fuer-kleinunternehmer-verkaeufer-35-x-2-zoll\/#primaryimage"},"thumbnailUrl":"https:\/\/m.media-amazon.com\/images\/I\/51TcCK0JDqL._SL500_.jpg","datePublished":"2021-10-26T13:54:48+00:00","dateModified":"2023-04-11T00:27:14+00:00","description":"Markt-XXL 120 Mini Dankesch\u00f6n f\u00fcr Ihre Bestellung Visitenkarten Einkaufen Dankeskarten Dankeskarten an Kunden Blumendesign\u2026","breadcrumb":{"@id":"https:\/\/marktxxl.de\/markt\/produkt\/120-mini-dankeschoen-fuer-ihre-bestellung-visitenkarten-einkaufen-dankeskarten-dankeskarten-an-kunden-blumendesign-wertschaetzungskarten-fuer-kleinunternehmer-verkaeufer-35-x-2-zoll\/#breadcrumb"},"inLanguage":"de","potentialAction":[{"@type":"ReadAction","target":["https:\/\/marktxxl.de\/markt\/produkt\/120-mini-dankeschoen-fuer-ihre-bestellung-visitenkarten-einkaufen-dankeskarten-dankeskarten-an-kunden-blumendesign-wertschaetzungskarten-fuer-kleinunternehmer-verkaeufer-35-x-2-zoll\/"]}]},{"@type":"ImageObject","inLanguage":"de","@id":"https:\/\/marktxxl.de\/markt\/produkt\/120-mini-dankeschoen-fuer-ihre-bestellung-visitenkarten-einkaufen-dankeskarten-dankeskarten-an-kunden-blumendesign-wertschaetzungskarten-fuer-kleinunternehmer-verkaeufer-35-x-2-zoll\/#primaryimage","url":"https:\/\/m.media-amazon.com\/images\/I\/51TcCK0JDqL._SL500_.jpg","contentUrl":"https:\/\/m.media-amazon.com\/images\/I\/51TcCK0JDqL._SL500_.jpg","width":500,"height":500},{"@type":"BreadcrumbList","@id":"https:\/\/marktxxl.de\/markt\/produkt\/120-mini-dankeschoen-fuer-ihre-bestellung-visitenkarten-einkaufen-dankeskarten-dankeskarten-an-kunden-blumendesign-wertschaetzungskarten-fuer-kleinunternehmer-verkaeufer-35-x-2-zoll\/#breadcrumb","itemListElement":[{"@type":"ListItem","position":1,"name":"Startseite","item":"https:\/\/marktxxl.de\/markt\/"},{"@type":"ListItem","position":2,"name":"Markt","item":"https:\/\/marktxxl.de\/markt\/"},{"@type":"ListItem","position":3,"name":"120 Mini Dankesch\u00f6n f\u00fcr Ihre Bestellung Visitenkarten Einkaufen Dankeskarten Dankeskarten an Kunden Blumendesign\u2026"}]},{"@type":"WebSite","@id":"https:\/\/marktxxl.de\/markt\/#website","url":"https:\/\/marktxxl.de\/markt\/","name":"Markt-XXL","description":"Ihr Markt Online","publisher":{"@id":"https:\/\/marktxxl.de\/markt\/#organization"},"potentialAction":[{"@type":"SearchAction","target":{"@type":"EntryPoint","urlTemplate":"https:\/\/marktxxl.de\/markt\/?s={search_term_string}"},"query-input":{"@type":"PropertyValueSpecification","valueRequired":true,"valueName":"search_term_string"}}],"inLanguage":"de"},{"@type":"Organization","@id":"https:\/\/marktxxl.de\/markt\/#organization","name":"Markt-XXL","url":"https:\/\/marktxxl.de\/markt\/","logo":{"@type":"ImageObject","inLanguage":"de","@id":"https:\/\/marktxxl.de\/markt\/#\/schema\/logo\/image\/","url":"https:\/\/marktxxl.de\/markt\/wp-content\/uploads\/sites\/3\/2020\/12\/logo.png","contentUrl":"https:\/\/marktxxl.de\/markt\/wp-content\/uploads\/sites\/3\/2020\/12\/logo.png","width":200,"height":70,"caption":"Markt-XXL"},"image":{"@id":"https:\/\/marktxxl.de\/markt\/#\/schema\/logo\/image\/"}}]}},"_links":{"self":[{"href":"https:\/\/marktxxl.de\/markt\/wp-json\/wp\/v2\/product\/59371","targetHints":{"allow":["GET"]}}],"collection":[{"href":"https:\/\/marktxxl.de\/markt\/wp-json\/wp\/v2\/product"}],"about":[{"href":"https:\/\/marktxxl.de\/markt\/wp-json\/wp\/v2\/types\/product"}],"replies":[{"embeddable":true,"href":"https:\/\/marktxxl.de\/markt\/wp-json\/wp\/v2\/comments?post=59371"}],"wp:featuredmedia":[{"embeddable":true,"href":"https:\/\/marktxxl.de\/markt\/wp-json\/wp\/v2\/media\/59372"}],"wp:attachment":[{"href":"https:\/\/marktxxl.de\/markt\/wp-json\/wp\/v2\/media?parent=59371"}],"wp:term":[{"taxonomy":"product_brand","embeddable":true,"href":"https:\/\/marktxxl.de\/markt\/wp-json\/wp\/v2\/product_brand?post=59371"},{"taxonomy":"product_cat","embeddable":true,"href":"https:\/\/marktxxl.de\/markt\/wp-json\/wp\/v2\/product_cat?post=59371"},{"taxonomy":"product_tag","embeddable":true,"href":"https:\/\/marktxxl.de\/markt\/wp-json\/wp\/v2\/product_tag?post=59371"}],"curies":[{"name":"wp","href":"https:\/\/api.w.org\/{rel}","templated":true}]}}