{"id":59362,"date":"2021-10-26T15:51:36","date_gmt":"2021-10-26T13:51:36","guid":{"rendered":"https:\/\/marktxxl.de\/markt\/produkt\/sizzix-thinlits-stanzformen\/"},"modified":"2023-04-11T02:27:13","modified_gmt":"2023-04-11T00:27:13","slug":"sizzix-thinlits-stanzformen","status":"publish","type":"product","link":"https:\/\/marktxxl.de\/markt\/produkt\/sizzix-thinlits-stanzformen\/","title":{"rendered":"Sizzix Thinlits Stanzschablone Set 11 Stk 664428, Clarence, Colorize von Tim Holtz, Mehrfarben, Einheitsgr\u00f6\u00dfe"},"content":{"rendered":"<p>Feiern Sie die Saison Nordischen Winterstil! Das Thinlits Set von Tim Holtz ist ein kantenloses Muster, mit dem Sie endlos stanzen k\u00f6nnen, um Hintergr\u00fcnde jeder Gr\u00f6\u00dfe zu erstellen. Die Negativform eignet sich auch hervorragend f\u00fcr Schablonen und Masken. Diese Schablone wird die Weihnachtskartenherstellung und andere Projekte auf viele verschiedene Arten beleben.<br \/>\nMit Thinlits Stanzformen k\u00f6nnen Sie komplexe Designs aus einem Bogen Papier, einer Karte, aus Metallfolie, Pergament, Schrumpf- oder Schablonenfolie ausschneiden.<br \/>\nThinlits Stanzformen gibt es in zahlreichen sch\u00f6nen Formen und Gr\u00f6\u00dfen, um Ihren Bastelarbeiten mit Papier und Schablonen das gewisse Etwas zu verleihen.<br \/>\nKompatibel mit Sizzix Big Shot, Sizzix Big Shot Express, Sizzix Big Shot Foldaway, Sizzix Big Shot Plus und Sizzix Big Shot Pro.<br \/>\n14cm x 10.8cm<br \/>\n<div class=\"main-cross-sell\" data-asin=\"B07RSSFSH2\">\n\n\t<div class=\"WooZone-cross-sell-loader\">\n\t\t<div>\n\t\t\t<div id=\"floatingBarsG\">\n\t\t\t\t<div class=\"blockG\" id=\"rotateG_01\"><\/div>\n\t\t\t\t<div class=\"blockG\" id=\"rotateG_02\"><\/div>\n\t\t\t\t<div class=\"blockG\" id=\"rotateG_03\"><\/div>\n\t\t\t\t<div class=\"blockG\" id=\"rotateG_04\"><\/div>\n\t\t\t\t<div class=\"blockG\" id=\"rotateG_05\"><\/div>\n\t\t\t\t<div class=\"blockG\" id=\"rotateG_06\"><\/div>\n\t\t\t\t<div class=\"blockG\" id=\"rotateG_07\"><\/div>\n\t\t\t\t<div class=\"blockG\" id=\"rotateG_08\"><\/div>\n\t\t\t<\/div>\n\t\t\t<div class=\"WooZone-cross-sell-loader-text\"><\/div>\n\t\t<\/div>\n\t<\/div>\n\n\t\t\n<\/div>\n<div style=\"clear:both;\"><\/div><\/p>\n","protected":false},"excerpt":{"rendered":"<p>Feiern Sie die Saison Nordischen Winterstil! Das Thinlits Set von Tim Holtz ist ein kantenloses Muster, mit dem Sie endlos stanzen k\u00f6nnen, um Hintergr\u00fcnde jeder Gr\u00f6\u00dfe zu erstellen. Die Negativform eignet sich auch hervorragend f\u00fcr Schablonen und Masken. Diese Schablone wird die Weihnachtskartenherstellung und andere Projekte auf viele verschiedene Arten beleben.<br \/>\nMit Thinlits Stanzformen k\u00f6nnen Sie komplexe Designs aus einem Bogen Papier, einer Karte, aus Metallfolie, Pergament, Schrumpf- oder Schablonenfolie ausschneiden.<br \/>\nThinlits Stanzformen gibt es in zahlreichen sch\u00f6nen Formen und Gr\u00f6\u00dfen, um Ihren Bastelarbeiten mit Papier und Schablonen das gewisse Etwas zu verleihen.<\/p>\n","protected":false},"featured_media":59363,"comment_status":"open","ping_status":"closed","template":"","meta":[],"product_brand":[],"product_cat":[504,8482],"product_tag":[],"class_list":{"0":"post-59362","1":"product","2":"type-product","3":"status-publish","4":"has-post-thumbnail","6":"product_cat-buerobedarf-schreibwaren","7":"product_cat-kuenstler-bastelbedarf","8":"pa_binding-haushaltswaren","9":"pa_brand-sizzix","10":"pa_color-mehrfarben","11":"pa_height-0-25-zoll","12":"pa_length-7-5-zoll","13":"pa_manufacturer-ellison","14":"pa_model-22237","15":"pa_size-einheitsgroesse","16":"pa_warranty-6-jahre-garantie","17":"pa_weight-0-0881849048-pfund","18":"pa_width-5-7-zoll","20":"first","21":"instock","22":"shipping-taxable","23":"purchasable","24":"product-type-simple","25":"customify-col","26":"product-has-gallery"},"yoast_head":"<!-- This site is optimized with the Yoast SEO plugin v27.3 - https:\/\/yoast.com\/product\/yoast-seo-wordpress\/ -->\n<title>Sizzix Thinlits Stanzschablone Set 11 Stk 664428, Clarence, Colorize von Tim Holtz, Mehrfarben, Einheitsgr\u00f6\u00dfe - Markt-XXL<\/title>\n<meta name=\"description\" content=\"Markt-XXL Sizzix Thinlits Stanzschablone Set 11 Stk 664428, Clarence, Colorize von Tim Holtz, Mehrfarben, Einheitsgr\u00f6\u00dfe\" \/>\n<meta name=\"robots\" content=\"index, follow, max-snippet:-1, max-image-preview:large, max-video-preview:-1\" \/>\n<link rel=\"canonical\" href=\"https:\/\/marktxxl.de\/markt\/produkt\/sizzix-thinlits-stanzformen\/\" \/>\n<meta property=\"og:locale\" content=\"de_DE\" \/>\n<meta property=\"og:type\" content=\"article\" \/>\n<meta property=\"og:title\" content=\"Sizzix Thinlits Stanzschablone Set 11 Stk 664428, Clarence, Colorize von Tim Holtz, Mehrfarben, Einheitsgr\u00f6\u00dfe - Markt-XXL\" \/>\n<meta property=\"og:description\" content=\"Markt-XXL Sizzix Thinlits Stanzschablone Set 11 Stk 664428, Clarence, Colorize von Tim Holtz, Mehrfarben, Einheitsgr\u00f6\u00dfe\" \/>\n<meta property=\"og:url\" content=\"https:\/\/marktxxl.de\/markt\/produkt\/sizzix-thinlits-stanzformen\/\" \/>\n<meta property=\"og:site_name\" content=\"Markt-XXL\" \/>\n<meta property=\"article:modified_time\" content=\"2023-04-11T00:27:13+00:00\" \/>\n<meta property=\"og:image\" content=\"https:\/\/m.media-amazon.com\/images\/I\/51GjVdSB2NL._SL500_.jpg\" \/>\n\t<meta property=\"og:image:width\" content=\"500\" \/>\n\t<meta property=\"og:image:height\" content=\"500\" \/>\n\t<meta property=\"og:image:type\" content=\"image\/jpeg\" \/>\n<meta name=\"twitter:card\" content=\"summary_large_image\" \/>\n<meta name=\"twitter:label1\" content=\"Gesch\u00e4tzte Lesezeit\" \/>\n\t<meta name=\"twitter:data1\" content=\"1\u00a0Minute\" \/>\n<script type=\"application\/ld+json\" class=\"yoast-schema-graph\">{\"@context\":\"https:\\\/\\\/schema.org\",\"@graph\":[{\"@type\":\"WebPage\",\"@id\":\"https:\\\/\\\/marktxxl.de\\\/markt\\\/produkt\\\/sizzix-thinlits-stanzformen\\\/\",\"url\":\"https:\\\/\\\/marktxxl.de\\\/markt\\\/produkt\\\/sizzix-thinlits-stanzformen\\\/\",\"name\":\"Sizzix Thinlits Stanzschablone Set 11 Stk 664428, Clarence, Colorize von Tim Holtz, Mehrfarben, Einheitsgr\u00f6\u00dfe - Markt-XXL\",\"isPartOf\":{\"@id\":\"https:\\\/\\\/marktxxl.de\\\/markt\\\/#website\"},\"primaryImageOfPage\":{\"@id\":\"https:\\\/\\\/marktxxl.de\\\/markt\\\/produkt\\\/sizzix-thinlits-stanzformen\\\/#primaryimage\"},\"image\":{\"@id\":\"https:\\\/\\\/marktxxl.de\\\/markt\\\/produkt\\\/sizzix-thinlits-stanzformen\\\/#primaryimage\"},\"thumbnailUrl\":\"https:\\\/\\\/m.media-amazon.com\\\/images\\\/I\\\/51GjVdSB2NL._SL500_.jpg\",\"datePublished\":\"2021-10-26T13:51:36+00:00\",\"dateModified\":\"2023-04-11T00:27:13+00:00\",\"description\":\"Markt-XXL Sizzix Thinlits Stanzschablone Set 11 Stk 664428, Clarence, Colorize von Tim Holtz, Mehrfarben, Einheitsgr\u00f6\u00dfe\",\"breadcrumb\":{\"@id\":\"https:\\\/\\\/marktxxl.de\\\/markt\\\/produkt\\\/sizzix-thinlits-stanzformen\\\/#breadcrumb\"},\"inLanguage\":\"de\",\"potentialAction\":[{\"@type\":\"ReadAction\",\"target\":[\"https:\\\/\\\/marktxxl.de\\\/markt\\\/produkt\\\/sizzix-thinlits-stanzformen\\\/\"]}]},{\"@type\":\"ImageObject\",\"inLanguage\":\"de\",\"@id\":\"https:\\\/\\\/marktxxl.de\\\/markt\\\/produkt\\\/sizzix-thinlits-stanzformen\\\/#primaryimage\",\"url\":\"https:\\\/\\\/m.media-amazon.com\\\/images\\\/I\\\/51GjVdSB2NL._SL500_.jpg\",\"contentUrl\":\"https:\\\/\\\/m.media-amazon.com\\\/images\\\/I\\\/51GjVdSB2NL._SL500_.jpg\",\"width\":500,\"height\":500},{\"@type\":\"BreadcrumbList\",\"@id\":\"https:\\\/\\\/marktxxl.de\\\/markt\\\/produkt\\\/sizzix-thinlits-stanzformen\\\/#breadcrumb\",\"itemListElement\":[{\"@type\":\"ListItem\",\"position\":1,\"name\":\"Startseite\",\"item\":\"https:\\\/\\\/marktxxl.de\\\/markt\\\/\"},{\"@type\":\"ListItem\",\"position\":2,\"name\":\"Markt\",\"item\":\"https:\\\/\\\/marktxxl.de\\\/markt\\\/\"},{\"@type\":\"ListItem\",\"position\":3,\"name\":\"Sizzix Thinlits Stanzschablone Set 11 Stk 664428, Clarence, Colorize von Tim Holtz, Mehrfarben, Einheitsgr\u00f6\u00dfe\"}]},{\"@type\":\"WebSite\",\"@id\":\"https:\\\/\\\/marktxxl.de\\\/markt\\\/#website\",\"url\":\"https:\\\/\\\/marktxxl.de\\\/markt\\\/\",\"name\":\"Markt-XXL\",\"description\":\"Ihr Markt Online\",\"publisher\":{\"@id\":\"https:\\\/\\\/marktxxl.de\\\/markt\\\/#organization\"},\"potentialAction\":[{\"@type\":\"SearchAction\",\"target\":{\"@type\":\"EntryPoint\",\"urlTemplate\":\"https:\\\/\\\/marktxxl.de\\\/markt\\\/?s={search_term_string}\"},\"query-input\":{\"@type\":\"PropertyValueSpecification\",\"valueRequired\":true,\"valueName\":\"search_term_string\"}}],\"inLanguage\":\"de\"},{\"@type\":\"Organization\",\"@id\":\"https:\\\/\\\/marktxxl.de\\\/markt\\\/#organization\",\"name\":\"Markt-XXL\",\"url\":\"https:\\\/\\\/marktxxl.de\\\/markt\\\/\",\"logo\":{\"@type\":\"ImageObject\",\"inLanguage\":\"de\",\"@id\":\"https:\\\/\\\/marktxxl.de\\\/markt\\\/#\\\/schema\\\/logo\\\/image\\\/\",\"url\":\"https:\\\/\\\/marktxxl.de\\\/markt\\\/wp-content\\\/uploads\\\/sites\\\/3\\\/2020\\\/12\\\/logo.png\",\"contentUrl\":\"https:\\\/\\\/marktxxl.de\\\/markt\\\/wp-content\\\/uploads\\\/sites\\\/3\\\/2020\\\/12\\\/logo.png\",\"width\":200,\"height\":70,\"caption\":\"Markt-XXL\"},\"image\":{\"@id\":\"https:\\\/\\\/marktxxl.de\\\/markt\\\/#\\\/schema\\\/logo\\\/image\\\/\"}}]}<\/script>\n<!-- \/ Yoast SEO plugin. -->","yoast_head_json":{"title":"Sizzix Thinlits Stanzschablone Set 11 Stk 664428, Clarence, Colorize von Tim Holtz, Mehrfarben, Einheitsgr\u00f6\u00dfe - Markt-XXL","description":"Markt-XXL Sizzix Thinlits Stanzschablone Set 11 Stk 664428, Clarence, Colorize von Tim Holtz, Mehrfarben, Einheitsgr\u00f6\u00dfe","robots":{"index":"index","follow":"follow","max-snippet":"max-snippet:-1","max-image-preview":"max-image-preview:large","max-video-preview":"max-video-preview:-1"},"canonical":"https:\/\/marktxxl.de\/markt\/produkt\/sizzix-thinlits-stanzformen\/","og_locale":"de_DE","og_type":"article","og_title":"Sizzix Thinlits Stanzschablone Set 11 Stk 664428, Clarence, Colorize von Tim Holtz, Mehrfarben, Einheitsgr\u00f6\u00dfe - Markt-XXL","og_description":"Markt-XXL Sizzix Thinlits Stanzschablone Set 11 Stk 664428, Clarence, Colorize von Tim Holtz, Mehrfarben, Einheitsgr\u00f6\u00dfe","og_url":"https:\/\/marktxxl.de\/markt\/produkt\/sizzix-thinlits-stanzformen\/","og_site_name":"Markt-XXL","article_modified_time":"2023-04-11T00:27:13+00:00","og_image":[{"width":500,"height":500,"url":"https:\/\/m.media-amazon.com\/images\/I\/51GjVdSB2NL._SL500_.jpg","type":"image\/jpeg"}],"twitter_card":"summary_large_image","twitter_misc":{"Gesch\u00e4tzte Lesezeit":"1\u00a0Minute"},"schema":{"@context":"https:\/\/schema.org","@graph":[{"@type":"WebPage","@id":"https:\/\/marktxxl.de\/markt\/produkt\/sizzix-thinlits-stanzformen\/","url":"https:\/\/marktxxl.de\/markt\/produkt\/sizzix-thinlits-stanzformen\/","name":"Sizzix Thinlits Stanzschablone Set 11 Stk 664428, Clarence, Colorize von Tim Holtz, Mehrfarben, Einheitsgr\u00f6\u00dfe - Markt-XXL","isPartOf":{"@id":"https:\/\/marktxxl.de\/markt\/#website"},"primaryImageOfPage":{"@id":"https:\/\/marktxxl.de\/markt\/produkt\/sizzix-thinlits-stanzformen\/#primaryimage"},"image":{"@id":"https:\/\/marktxxl.de\/markt\/produkt\/sizzix-thinlits-stanzformen\/#primaryimage"},"thumbnailUrl":"https:\/\/m.media-amazon.com\/images\/I\/51GjVdSB2NL._SL500_.jpg","datePublished":"2021-10-26T13:51:36+00:00","dateModified":"2023-04-11T00:27:13+00:00","description":"Markt-XXL Sizzix Thinlits Stanzschablone Set 11 Stk 664428, Clarence, Colorize von Tim Holtz, Mehrfarben, Einheitsgr\u00f6\u00dfe","breadcrumb":{"@id":"https:\/\/marktxxl.de\/markt\/produkt\/sizzix-thinlits-stanzformen\/#breadcrumb"},"inLanguage":"de","potentialAction":[{"@type":"ReadAction","target":["https:\/\/marktxxl.de\/markt\/produkt\/sizzix-thinlits-stanzformen\/"]}]},{"@type":"ImageObject","inLanguage":"de","@id":"https:\/\/marktxxl.de\/markt\/produkt\/sizzix-thinlits-stanzformen\/#primaryimage","url":"https:\/\/m.media-amazon.com\/images\/I\/51GjVdSB2NL._SL500_.jpg","contentUrl":"https:\/\/m.media-amazon.com\/images\/I\/51GjVdSB2NL._SL500_.jpg","width":500,"height":500},{"@type":"BreadcrumbList","@id":"https:\/\/marktxxl.de\/markt\/produkt\/sizzix-thinlits-stanzformen\/#breadcrumb","itemListElement":[{"@type":"ListItem","position":1,"name":"Startseite","item":"https:\/\/marktxxl.de\/markt\/"},{"@type":"ListItem","position":2,"name":"Markt","item":"https:\/\/marktxxl.de\/markt\/"},{"@type":"ListItem","position":3,"name":"Sizzix Thinlits Stanzschablone Set 11 Stk 664428, Clarence, Colorize von Tim Holtz, Mehrfarben, Einheitsgr\u00f6\u00dfe"}]},{"@type":"WebSite","@id":"https:\/\/marktxxl.de\/markt\/#website","url":"https:\/\/marktxxl.de\/markt\/","name":"Markt-XXL","description":"Ihr Markt Online","publisher":{"@id":"https:\/\/marktxxl.de\/markt\/#organization"},"potentialAction":[{"@type":"SearchAction","target":{"@type":"EntryPoint","urlTemplate":"https:\/\/marktxxl.de\/markt\/?s={search_term_string}"},"query-input":{"@type":"PropertyValueSpecification","valueRequired":true,"valueName":"search_term_string"}}],"inLanguage":"de"},{"@type":"Organization","@id":"https:\/\/marktxxl.de\/markt\/#organization","name":"Markt-XXL","url":"https:\/\/marktxxl.de\/markt\/","logo":{"@type":"ImageObject","inLanguage":"de","@id":"https:\/\/marktxxl.de\/markt\/#\/schema\/logo\/image\/","url":"https:\/\/marktxxl.de\/markt\/wp-content\/uploads\/sites\/3\/2020\/12\/logo.png","contentUrl":"https:\/\/marktxxl.de\/markt\/wp-content\/uploads\/sites\/3\/2020\/12\/logo.png","width":200,"height":70,"caption":"Markt-XXL"},"image":{"@id":"https:\/\/marktxxl.de\/markt\/#\/schema\/logo\/image\/"}}]}},"_links":{"self":[{"href":"https:\/\/marktxxl.de\/markt\/wp-json\/wp\/v2\/product\/59362","targetHints":{"allow":["GET"]}}],"collection":[{"href":"https:\/\/marktxxl.de\/markt\/wp-json\/wp\/v2\/product"}],"about":[{"href":"https:\/\/marktxxl.de\/markt\/wp-json\/wp\/v2\/types\/product"}],"replies":[{"embeddable":true,"href":"https:\/\/marktxxl.de\/markt\/wp-json\/wp\/v2\/comments?post=59362"}],"wp:featuredmedia":[{"embeddable":true,"href":"https:\/\/marktxxl.de\/markt\/wp-json\/wp\/v2\/media\/59363"}],"wp:attachment":[{"href":"https:\/\/marktxxl.de\/markt\/wp-json\/wp\/v2\/media?parent=59362"}],"wp:term":[{"taxonomy":"product_brand","embeddable":true,"href":"https:\/\/marktxxl.de\/markt\/wp-json\/wp\/v2\/product_brand?post=59362"},{"taxonomy":"product_cat","embeddable":true,"href":"https:\/\/marktxxl.de\/markt\/wp-json\/wp\/v2\/product_cat?post=59362"},{"taxonomy":"product_tag","embeddable":true,"href":"https:\/\/marktxxl.de\/markt\/wp-json\/wp\/v2\/product_tag?post=59362"}],"curies":[{"name":"wp","href":"https:\/\/api.w.org\/{rel}","templated":true}]}}