{"id":59343,"date":"2021-10-26T15:51:27","date_gmt":"2021-10-26T13:51:27","guid":{"rendered":"https:\/\/marktxxl.de\/markt\/produkt\/giantarm-led-leuchttisch-a3-ultraduenne-einstellbare-helligkeit-tragbares-lichtpad-mit-usb-anschluss-kann-zum-zeichnen-und-kopieren-verwendet-werden\/"},"modified":"2023-04-11T02:27:13","modified_gmt":"2023-04-11T00:27:13","slug":"giantarm-led-leuchttisch-a3-ultraduenne-einstellbare-helligkeit-tragbares-lichtpad-mit-usb-anschluss-kann-zum-zeichnen-und-kopieren-verwendet-werden","status":"publish","type":"product","link":"https:\/\/marktxxl.de\/markt\/produkt\/giantarm-led-leuchttisch-a3-ultraduenne-einstellbare-helligkeit-tragbares-lichtpad-mit-usb-anschluss-kann-zum-zeichnen-und-kopieren-verwendet-werden\/","title":{"rendered":"GIANTARM LED Leuchttisch A3, ultrad\u00fcnne einstellbare Helligkeit, tragbares Lichtpad mit USB Anschluss, kann zum Zeichnen\u2026"},"content":{"rendered":"<p>\u2764 Es verf\u00fcgt \u00fcber 6 Helligkeitsstufen und ein stufenloses Dimmen. Sie k\u00f6nnen das Licht des Zeichenbretts problemlos zum Skizzieren, Kopieren, Architekturdesign, zweidimensionale Animation, Kalligraphie, Industriedesign, Scrapbooking und f\u00fcr andere berufliche Aktivit\u00e4ten verwenden.<br \/>\n\u2764 Das Zeichenbrett realisiert eine super gro\u00dfe Gr\u00f6\u00dfe von 42,9 * 34,8 cm und eine super d\u00fcnne Dicke von 7 mm und ist leicht (2,05 lb), so dass es sehr leicht zu tragen ist. Solange es an einen Standard-USB-Anschluss f\u00fcr die Stromversorgung angeschlossen ist, k\u00f6nnen Sie den kreativen Prozess wann und wo immer m\u00f6glich genie\u00dfen.<br \/>\n\u2764 Das transparente Skalenlineal ist auf einen Blick klar. Das Zeichenbrett wird mit einem superstarken Magnetclip geliefert, mit dem das Papier bequem und schnell geklemmt und nach Belieben f\u00fcr verschiedene Papiere angepasst werden kann, wodurch Ihre Werkbank \u00fcbersichtlicher wird.<br \/>\n\u2764 Einfache Tastenbedienung, auch Kinder k\u00f6nnen loslegen. Wir haben au\u00dferdem 4 Anti-Rutsch-Aufkleber f\u00fcr die Unterseite des Zeichenbretts konfiguriert, die bei bequemer Verwendung auf dem Desktop befestigt werden k\u00f6nnen.<br \/>\n\u2764 Ausgezeichnete Qualit\u00e4tssicherung. Wir versprechen, dass Sie uns kontaktieren k\u00f6nnen, wenn das Produkt innerhalb eines Jahres als nicht vom Menschen verursachter Schaden eingestuft wird und bei normalem Gebrauch ein Problem auftritt, um eine R\u00fcckgabe- und R\u00fcckerstattungsgarantie zu erhalten.<br \/>\n<div class=\"main-cross-sell\" data-asin=\"B08SBND6LP\">\n\n\t<div class=\"WooZone-cross-sell-loader\">\n\t\t<div>\n\t\t\t<div id=\"floatingBarsG\">\n\t\t\t\t<div class=\"blockG\" id=\"rotateG_01\"><\/div>\n\t\t\t\t<div class=\"blockG\" id=\"rotateG_02\"><\/div>\n\t\t\t\t<div class=\"blockG\" id=\"rotateG_03\"><\/div>\n\t\t\t\t<div class=\"blockG\" id=\"rotateG_04\"><\/div>\n\t\t\t\t<div class=\"blockG\" id=\"rotateG_05\"><\/div>\n\t\t\t\t<div class=\"blockG\" id=\"rotateG_06\"><\/div>\n\t\t\t\t<div class=\"blockG\" id=\"rotateG_07\"><\/div>\n\t\t\t\t<div class=\"blockG\" id=\"rotateG_08\"><\/div>\n\t\t\t<\/div>\n\t\t\t<div class=\"WooZone-cross-sell-loader-text\"><\/div>\n\t\t<\/div>\n\t<\/div>\n\n\t\t\n<\/div>\n<div style=\"clear:both;\"><\/div><\/p>\n","protected":false},"excerpt":{"rendered":"<p>\u2764 Es verf\u00fcgt \u00fcber 6 Helligkeitsstufen und ein stufenloses Dimmen. Sie k\u00f6nnen das Licht des Zeichenbretts problemlos zum Skizzieren, Kopieren, Architekturdesign, zweidimensionale Animation, Kalligraphie, Industriedesign, Scrapbooking und f\u00fcr andere berufliche Aktivit\u00e4ten verwenden.<br \/>\n\u2764 Das Zeichenbrett realisiert eine super gro\u00dfe Gr\u00f6\u00dfe von 42,9 * 34,8 cm und eine super d\u00fcnne Dicke von 7 mm und ist leicht (2,05 lb), so dass es sehr leicht zu tragen ist. Solange es an einen Standard-USB-Anschluss f\u00fcr die Stromversorgung angeschlossen ist, k\u00f6nnen Sie den kreativen Prozess wann und wo immer m\u00f6glich genie\u00dfen.<br \/>\n\u2764 Das transparente Skalenlineal ist auf einen Blick klar. Das Zeichenbrett wird mit einem superstarken Magnetclip geliefert, mit dem das Papier bequem und schnell geklemmt und nach Belieben f\u00fcr verschiedene Papiere angepasst werden kann, wodurch Ihre Werkbank \u00fcbersichtlicher wird.<\/p>\n","protected":false},"featured_media":59344,"comment_status":"open","ping_status":"closed","template":"","meta":[],"product_brand":[],"product_cat":[504,8482],"product_tag":[],"class_list":{"0":"post-59343","1":"product","2":"type-product","3":"status-publish","4":"has-post-thumbnail","6":"product_cat-buerobedarf-schreibwaren","7":"product_cat-kuenstler-bastelbedarf","8":"pa_brand-giantarm","9":"pa_height-1-37795-zoll","10":"pa_length-17-83461-zoll","11":"pa_manufacturer-giantarm","12":"pa_size-4293487mm","13":"pa_weight-2-0502990366-pfund","14":"pa_width-13-89761-zoll","16":"first","17":"instock","18":"shipping-taxable","19":"purchasable","20":"product-type-simple","21":"customify-col","22":"product-has-gallery"},"yoast_head":"<!-- This site is optimized with the Yoast SEO plugin v27.4 - https:\/\/yoast.com\/product\/yoast-seo-wordpress\/ -->\n<title>GIANTARM LED Leuchttisch A3, ultrad\u00fcnne einstellbare Helligkeit, tragbares Lichtpad mit USB Anschluss, kann zum Zeichnen\u2026 - Markt-XXL<\/title>\n<meta name=\"description\" content=\"Markt-XXL GIANTARM LED Leuchttisch A3, ultrad\u00fcnne einstellbare Helligkeit, tragbares Lichtpad mit USB Anschluss, kann zum Zeichnen\u2026\" \/>\n<meta name=\"robots\" content=\"index, follow, max-snippet:-1, max-image-preview:large, max-video-preview:-1\" \/>\n<link rel=\"canonical\" href=\"https:\/\/marktxxl.de\/markt\/produkt\/giantarm-led-leuchttisch-a3-ultraduenne-einstellbare-helligkeit-tragbares-lichtpad-mit-usb-anschluss-kann-zum-zeichnen-und-kopieren-verwendet-werden\/\" \/>\n<meta property=\"og:locale\" content=\"de_DE\" \/>\n<meta property=\"og:type\" content=\"article\" \/>\n<meta property=\"og:title\" content=\"GIANTARM LED Leuchttisch A3, ultrad\u00fcnne einstellbare Helligkeit, tragbares Lichtpad mit USB Anschluss, kann zum Zeichnen\u2026 - Markt-XXL\" \/>\n<meta property=\"og:description\" content=\"Markt-XXL GIANTARM LED Leuchttisch A3, ultrad\u00fcnne einstellbare Helligkeit, tragbares Lichtpad mit USB Anschluss, kann zum Zeichnen\u2026\" \/>\n<meta property=\"og:url\" content=\"https:\/\/marktxxl.de\/markt\/produkt\/giantarm-led-leuchttisch-a3-ultraduenne-einstellbare-helligkeit-tragbares-lichtpad-mit-usb-anschluss-kann-zum-zeichnen-und-kopieren-verwendet-werden\/\" \/>\n<meta property=\"og:site_name\" content=\"Markt-XXL\" \/>\n<meta property=\"article:modified_time\" content=\"2023-04-11T00:27:13+00:00\" \/>\n<meta property=\"og:image\" content=\"https:\/\/m.media-amazon.com\/images\/I\/51erXiLzz3L._SL500_.jpg\" \/>\n\t<meta property=\"og:image:width\" content=\"500\" \/>\n\t<meta property=\"og:image:height\" content=\"500\" \/>\n\t<meta property=\"og:image:type\" content=\"image\/jpeg\" \/>\n<meta name=\"twitter:card\" content=\"summary_large_image\" \/>\n<meta name=\"twitter:label1\" content=\"Gesch\u00e4tzte Lesezeit\" \/>\n\t<meta name=\"twitter:data1\" content=\"1\u00a0Minute\" \/>\n<script type=\"application\/ld+json\" class=\"yoast-schema-graph\">{\"@context\":\"https:\\\/\\\/schema.org\",\"@graph\":[{\"@type\":\"WebPage\",\"@id\":\"https:\\\/\\\/marktxxl.de\\\/markt\\\/produkt\\\/giantarm-led-leuchttisch-a3-ultraduenne-einstellbare-helligkeit-tragbares-lichtpad-mit-usb-anschluss-kann-zum-zeichnen-und-kopieren-verwendet-werden\\\/\",\"url\":\"https:\\\/\\\/marktxxl.de\\\/markt\\\/produkt\\\/giantarm-led-leuchttisch-a3-ultraduenne-einstellbare-helligkeit-tragbares-lichtpad-mit-usb-anschluss-kann-zum-zeichnen-und-kopieren-verwendet-werden\\\/\",\"name\":\"GIANTARM LED Leuchttisch A3, ultrad\u00fcnne einstellbare Helligkeit, tragbares Lichtpad mit USB Anschluss, kann zum Zeichnen\u2026 - Markt-XXL\",\"isPartOf\":{\"@id\":\"https:\\\/\\\/marktxxl.de\\\/markt\\\/#website\"},\"primaryImageOfPage\":{\"@id\":\"https:\\\/\\\/marktxxl.de\\\/markt\\\/produkt\\\/giantarm-led-leuchttisch-a3-ultraduenne-einstellbare-helligkeit-tragbares-lichtpad-mit-usb-anschluss-kann-zum-zeichnen-und-kopieren-verwendet-werden\\\/#primaryimage\"},\"image\":{\"@id\":\"https:\\\/\\\/marktxxl.de\\\/markt\\\/produkt\\\/giantarm-led-leuchttisch-a3-ultraduenne-einstellbare-helligkeit-tragbares-lichtpad-mit-usb-anschluss-kann-zum-zeichnen-und-kopieren-verwendet-werden\\\/#primaryimage\"},\"thumbnailUrl\":\"https:\\\/\\\/m.media-amazon.com\\\/images\\\/I\\\/51erXiLzz3L._SL500_.jpg\",\"datePublished\":\"2021-10-26T13:51:27+00:00\",\"dateModified\":\"2023-04-11T00:27:13+00:00\",\"description\":\"Markt-XXL GIANTARM LED Leuchttisch A3, ultrad\u00fcnne einstellbare Helligkeit, tragbares Lichtpad mit USB Anschluss, kann zum Zeichnen\u2026\",\"breadcrumb\":{\"@id\":\"https:\\\/\\\/marktxxl.de\\\/markt\\\/produkt\\\/giantarm-led-leuchttisch-a3-ultraduenne-einstellbare-helligkeit-tragbares-lichtpad-mit-usb-anschluss-kann-zum-zeichnen-und-kopieren-verwendet-werden\\\/#breadcrumb\"},\"inLanguage\":\"de\",\"potentialAction\":[{\"@type\":\"ReadAction\",\"target\":[\"https:\\\/\\\/marktxxl.de\\\/markt\\\/produkt\\\/giantarm-led-leuchttisch-a3-ultraduenne-einstellbare-helligkeit-tragbares-lichtpad-mit-usb-anschluss-kann-zum-zeichnen-und-kopieren-verwendet-werden\\\/\"]}]},{\"@type\":\"ImageObject\",\"inLanguage\":\"de\",\"@id\":\"https:\\\/\\\/marktxxl.de\\\/markt\\\/produkt\\\/giantarm-led-leuchttisch-a3-ultraduenne-einstellbare-helligkeit-tragbares-lichtpad-mit-usb-anschluss-kann-zum-zeichnen-und-kopieren-verwendet-werden\\\/#primaryimage\",\"url\":\"https:\\\/\\\/m.media-amazon.com\\\/images\\\/I\\\/51erXiLzz3L._SL500_.jpg\",\"contentUrl\":\"https:\\\/\\\/m.media-amazon.com\\\/images\\\/I\\\/51erXiLzz3L._SL500_.jpg\",\"width\":500,\"height\":500},{\"@type\":\"BreadcrumbList\",\"@id\":\"https:\\\/\\\/marktxxl.de\\\/markt\\\/produkt\\\/giantarm-led-leuchttisch-a3-ultraduenne-einstellbare-helligkeit-tragbares-lichtpad-mit-usb-anschluss-kann-zum-zeichnen-und-kopieren-verwendet-werden\\\/#breadcrumb\",\"itemListElement\":[{\"@type\":\"ListItem\",\"position\":1,\"name\":\"Startseite\",\"item\":\"https:\\\/\\\/marktxxl.de\\\/markt\\\/\"},{\"@type\":\"ListItem\",\"position\":2,\"name\":\"Markt\",\"item\":\"https:\\\/\\\/marktxxl.de\\\/markt\\\/\"},{\"@type\":\"ListItem\",\"position\":3,\"name\":\"GIANTARM LED Leuchttisch A3, ultrad\u00fcnne einstellbare Helligkeit, tragbares Lichtpad mit USB Anschluss, kann zum Zeichnen\u2026\"}]},{\"@type\":\"WebSite\",\"@id\":\"https:\\\/\\\/marktxxl.de\\\/markt\\\/#website\",\"url\":\"https:\\\/\\\/marktxxl.de\\\/markt\\\/\",\"name\":\"Markt-XXL\",\"description\":\"Ihr Markt Online\",\"publisher\":{\"@id\":\"https:\\\/\\\/marktxxl.de\\\/markt\\\/#organization\"},\"potentialAction\":[{\"@type\":\"SearchAction\",\"target\":{\"@type\":\"EntryPoint\",\"urlTemplate\":\"https:\\\/\\\/marktxxl.de\\\/markt\\\/?s={search_term_string}\"},\"query-input\":{\"@type\":\"PropertyValueSpecification\",\"valueRequired\":true,\"valueName\":\"search_term_string\"}}],\"inLanguage\":\"de\"},{\"@type\":\"Organization\",\"@id\":\"https:\\\/\\\/marktxxl.de\\\/markt\\\/#organization\",\"name\":\"Markt-XXL\",\"url\":\"https:\\\/\\\/marktxxl.de\\\/markt\\\/\",\"logo\":{\"@type\":\"ImageObject\",\"inLanguage\":\"de\",\"@id\":\"https:\\\/\\\/marktxxl.de\\\/markt\\\/#\\\/schema\\\/logo\\\/image\\\/\",\"url\":\"https:\\\/\\\/marktxxl.de\\\/markt\\\/wp-content\\\/uploads\\\/sites\\\/3\\\/2020\\\/12\\\/logo.png\",\"contentUrl\":\"https:\\\/\\\/marktxxl.de\\\/markt\\\/wp-content\\\/uploads\\\/sites\\\/3\\\/2020\\\/12\\\/logo.png\",\"width\":200,\"height\":70,\"caption\":\"Markt-XXL\"},\"image\":{\"@id\":\"https:\\\/\\\/marktxxl.de\\\/markt\\\/#\\\/schema\\\/logo\\\/image\\\/\"}}]}<\/script>\n<!-- \/ Yoast SEO plugin. -->","yoast_head_json":{"title":"GIANTARM LED Leuchttisch A3, ultrad\u00fcnne einstellbare Helligkeit, tragbares Lichtpad mit USB Anschluss, kann zum Zeichnen\u2026 - Markt-XXL","description":"Markt-XXL GIANTARM LED Leuchttisch A3, ultrad\u00fcnne einstellbare Helligkeit, tragbares Lichtpad mit USB Anschluss, kann zum Zeichnen\u2026","robots":{"index":"index","follow":"follow","max-snippet":"max-snippet:-1","max-image-preview":"max-image-preview:large","max-video-preview":"max-video-preview:-1"},"canonical":"https:\/\/marktxxl.de\/markt\/produkt\/giantarm-led-leuchttisch-a3-ultraduenne-einstellbare-helligkeit-tragbares-lichtpad-mit-usb-anschluss-kann-zum-zeichnen-und-kopieren-verwendet-werden\/","og_locale":"de_DE","og_type":"article","og_title":"GIANTARM LED Leuchttisch A3, ultrad\u00fcnne einstellbare Helligkeit, tragbares Lichtpad mit USB Anschluss, kann zum Zeichnen\u2026 - Markt-XXL","og_description":"Markt-XXL GIANTARM LED Leuchttisch A3, ultrad\u00fcnne einstellbare Helligkeit, tragbares Lichtpad mit USB Anschluss, kann zum Zeichnen\u2026","og_url":"https:\/\/marktxxl.de\/markt\/produkt\/giantarm-led-leuchttisch-a3-ultraduenne-einstellbare-helligkeit-tragbares-lichtpad-mit-usb-anschluss-kann-zum-zeichnen-und-kopieren-verwendet-werden\/","og_site_name":"Markt-XXL","article_modified_time":"2023-04-11T00:27:13+00:00","og_image":[{"width":500,"height":500,"url":"https:\/\/m.media-amazon.com\/images\/I\/51erXiLzz3L._SL500_.jpg","type":"image\/jpeg"}],"twitter_card":"summary_large_image","twitter_misc":{"Gesch\u00e4tzte Lesezeit":"1\u00a0Minute"},"schema":{"@context":"https:\/\/schema.org","@graph":[{"@type":"WebPage","@id":"https:\/\/marktxxl.de\/markt\/produkt\/giantarm-led-leuchttisch-a3-ultraduenne-einstellbare-helligkeit-tragbares-lichtpad-mit-usb-anschluss-kann-zum-zeichnen-und-kopieren-verwendet-werden\/","url":"https:\/\/marktxxl.de\/markt\/produkt\/giantarm-led-leuchttisch-a3-ultraduenne-einstellbare-helligkeit-tragbares-lichtpad-mit-usb-anschluss-kann-zum-zeichnen-und-kopieren-verwendet-werden\/","name":"GIANTARM LED Leuchttisch A3, ultrad\u00fcnne einstellbare Helligkeit, tragbares Lichtpad mit USB Anschluss, kann zum Zeichnen\u2026 - Markt-XXL","isPartOf":{"@id":"https:\/\/marktxxl.de\/markt\/#website"},"primaryImageOfPage":{"@id":"https:\/\/marktxxl.de\/markt\/produkt\/giantarm-led-leuchttisch-a3-ultraduenne-einstellbare-helligkeit-tragbares-lichtpad-mit-usb-anschluss-kann-zum-zeichnen-und-kopieren-verwendet-werden\/#primaryimage"},"image":{"@id":"https:\/\/marktxxl.de\/markt\/produkt\/giantarm-led-leuchttisch-a3-ultraduenne-einstellbare-helligkeit-tragbares-lichtpad-mit-usb-anschluss-kann-zum-zeichnen-und-kopieren-verwendet-werden\/#primaryimage"},"thumbnailUrl":"https:\/\/m.media-amazon.com\/images\/I\/51erXiLzz3L._SL500_.jpg","datePublished":"2021-10-26T13:51:27+00:00","dateModified":"2023-04-11T00:27:13+00:00","description":"Markt-XXL GIANTARM LED Leuchttisch A3, ultrad\u00fcnne einstellbare Helligkeit, tragbares Lichtpad mit USB Anschluss, kann zum Zeichnen\u2026","breadcrumb":{"@id":"https:\/\/marktxxl.de\/markt\/produkt\/giantarm-led-leuchttisch-a3-ultraduenne-einstellbare-helligkeit-tragbares-lichtpad-mit-usb-anschluss-kann-zum-zeichnen-und-kopieren-verwendet-werden\/#breadcrumb"},"inLanguage":"de","potentialAction":[{"@type":"ReadAction","target":["https:\/\/marktxxl.de\/markt\/produkt\/giantarm-led-leuchttisch-a3-ultraduenne-einstellbare-helligkeit-tragbares-lichtpad-mit-usb-anschluss-kann-zum-zeichnen-und-kopieren-verwendet-werden\/"]}]},{"@type":"ImageObject","inLanguage":"de","@id":"https:\/\/marktxxl.de\/markt\/produkt\/giantarm-led-leuchttisch-a3-ultraduenne-einstellbare-helligkeit-tragbares-lichtpad-mit-usb-anschluss-kann-zum-zeichnen-und-kopieren-verwendet-werden\/#primaryimage","url":"https:\/\/m.media-amazon.com\/images\/I\/51erXiLzz3L._SL500_.jpg","contentUrl":"https:\/\/m.media-amazon.com\/images\/I\/51erXiLzz3L._SL500_.jpg","width":500,"height":500},{"@type":"BreadcrumbList","@id":"https:\/\/marktxxl.de\/markt\/produkt\/giantarm-led-leuchttisch-a3-ultraduenne-einstellbare-helligkeit-tragbares-lichtpad-mit-usb-anschluss-kann-zum-zeichnen-und-kopieren-verwendet-werden\/#breadcrumb","itemListElement":[{"@type":"ListItem","position":1,"name":"Startseite","item":"https:\/\/marktxxl.de\/markt\/"},{"@type":"ListItem","position":2,"name":"Markt","item":"https:\/\/marktxxl.de\/markt\/"},{"@type":"ListItem","position":3,"name":"GIANTARM LED Leuchttisch A3, ultrad\u00fcnne einstellbare Helligkeit, tragbares Lichtpad mit USB Anschluss, kann zum Zeichnen\u2026"}]},{"@type":"WebSite","@id":"https:\/\/marktxxl.de\/markt\/#website","url":"https:\/\/marktxxl.de\/markt\/","name":"Markt-XXL","description":"Ihr Markt Online","publisher":{"@id":"https:\/\/marktxxl.de\/markt\/#organization"},"potentialAction":[{"@type":"SearchAction","target":{"@type":"EntryPoint","urlTemplate":"https:\/\/marktxxl.de\/markt\/?s={search_term_string}"},"query-input":{"@type":"PropertyValueSpecification","valueRequired":true,"valueName":"search_term_string"}}],"inLanguage":"de"},{"@type":"Organization","@id":"https:\/\/marktxxl.de\/markt\/#organization","name":"Markt-XXL","url":"https:\/\/marktxxl.de\/markt\/","logo":{"@type":"ImageObject","inLanguage":"de","@id":"https:\/\/marktxxl.de\/markt\/#\/schema\/logo\/image\/","url":"https:\/\/marktxxl.de\/markt\/wp-content\/uploads\/sites\/3\/2020\/12\/logo.png","contentUrl":"https:\/\/marktxxl.de\/markt\/wp-content\/uploads\/sites\/3\/2020\/12\/logo.png","width":200,"height":70,"caption":"Markt-XXL"},"image":{"@id":"https:\/\/marktxxl.de\/markt\/#\/schema\/logo\/image\/"}}]}},"_links":{"self":[{"href":"https:\/\/marktxxl.de\/markt\/wp-json\/wp\/v2\/product\/59343","targetHints":{"allow":["GET"]}}],"collection":[{"href":"https:\/\/marktxxl.de\/markt\/wp-json\/wp\/v2\/product"}],"about":[{"href":"https:\/\/marktxxl.de\/markt\/wp-json\/wp\/v2\/types\/product"}],"replies":[{"embeddable":true,"href":"https:\/\/marktxxl.de\/markt\/wp-json\/wp\/v2\/comments?post=59343"}],"wp:featuredmedia":[{"embeddable":true,"href":"https:\/\/marktxxl.de\/markt\/wp-json\/wp\/v2\/media\/59344"}],"wp:attachment":[{"href":"https:\/\/marktxxl.de\/markt\/wp-json\/wp\/v2\/media?parent=59343"}],"wp:term":[{"taxonomy":"product_brand","embeddable":true,"href":"https:\/\/marktxxl.de\/markt\/wp-json\/wp\/v2\/product_brand?post=59343"},{"taxonomy":"product_cat","embeddable":true,"href":"https:\/\/marktxxl.de\/markt\/wp-json\/wp\/v2\/product_cat?post=59343"},{"taxonomy":"product_tag","embeddable":true,"href":"https:\/\/marktxxl.de\/markt\/wp-json\/wp\/v2\/product_tag?post=59343"}],"curies":[{"name":"wp","href":"https:\/\/api.w.org\/{rel}","templated":true}]}}