{"id":58924,"date":"2021-10-26T15:33:22","date_gmt":"2021-10-26T13:33:22","guid":{"rendered":"https:\/\/marktxxl.de\/markt\/produkt\/boyata-laptop-staender-ergonomischer-aluminium-verstellbare-hoehe-computerstaender-kompatibel-mit-macbook-air-pro-dell-hp-lenovo-mehr-10-17-laptops\/"},"modified":"2023-04-11T02:26:22","modified_gmt":"2023-04-11T00:26:22","slug":"boyata-laptop-staender-ergonomischer-aluminium-verstellbare-hoehe-computerstaender-kompatibel-mit-macbook-air-pro-dell-hp-lenovo-mehr-10-17-laptops","status":"publish","type":"product","link":"https:\/\/marktxxl.de\/markt\/produkt\/boyata-laptop-staender-ergonomischer-aluminium-verstellbare-hoehe-computerstaender-kompatibel-mit-macbook-air-pro-dell-hp-lenovo-mehr-10-17-laptops\/","title":{"rendered":"BoYata Laptopst\u00e4nder, h\u00f6henverstellbarer Laptop-Riser, bel\u00fcfteter Aluminium-Notebookhalter f\u00fcr Schreibtisch, kompatibel\u2026"},"content":{"rendered":"<p>\u3010H\u00d6HE EINSTELLBAR\u3011Der BoYata-Laptopst\u00e4nder kann die H\u00f6he von 3,9 Zoll auf 7,4 Zoll einstellen. Der Stand kann die Arbeits- und Lernbed\u00fcrfnisse von Menschen unterschiedlicher Gr\u00f6\u00dfe erf\u00fcllen. Sie k\u00f6nnen es \u00fcber den Knopf auf der R\u00fcckseite des St\u00e4nders auf die gew\u00fcnschte H\u00f6he einstellen.<br \/>\n\u3010STABIL UND SCHUTZIG\u3011Der St\u00e4nder besteht aus zwei 3-mm-Metallgrundplatten und einer St\u00fctzstange, die recht robust ist und bis zu 22 Pfund Gewicht tr\u00e4gt. Gro\u00dfe 4 Gummipads an der Ober- und Unterseite halten Ihren Laptop stabil und sch\u00fctzen Ihr Ger\u00e4t maximal vor Kratzern und Rutschen.<br \/>\n\u3010VOLL ERGONOMISCH\u3011Mit dem BoYata-Laptopst\u00e4nder k\u00f6nnen Sie Ihren Laptop in eine perfekte Desktop-Workstation verwandeln. Reduziert die Belastung von Nacken und R\u00fccken, die durch stundenlanges Sitzen am Schreibtisch entsteht.<br \/>\n\u3010AUSGEZEICHNETE W\u00c4RMEDIAAIPATION\u3011Die U-f\u00f6rmige Struktur der Halterung verringert die Kontaktfl\u00e4che zum Computer, bietet mehr Platz f\u00fcr die W\u00e4rmeableitung und sorgt f\u00fcr mehr Luftzirkulation als flach auf dem Tisch, wodurch der Laptop abgek\u00fchlt wird.<br \/>\n\u3010BREITE KOMPATIBILIT\u00c4T\u3011Der Laptopst\u00e4nder passt auf eine Vielzahl von Laptops, z. B. MacBook \/ Macbook Pro \/ HP \/ ASUS \/ Lenovo \/ Samsung \/ Alienware-Laptops bis zu 17 Zoll usw. BoYata 7 * 24 Online-Support in Bereitschaft. Bitte kontaktieren Sie uns, wenn es Qualit\u00e4tsprobleme gibt.<br \/>\n<div class=\"main-cross-sell\" data-asin=\"B093WHRMD2\">\n\n\t<div class=\"WooZone-cross-sell-loader\">\n\t\t<div>\n\t\t\t<div id=\"floatingBarsG\">\n\t\t\t\t<div class=\"blockG\" id=\"rotateG_01\"><\/div>\n\t\t\t\t<div class=\"blockG\" id=\"rotateG_02\"><\/div>\n\t\t\t\t<div class=\"blockG\" id=\"rotateG_03\"><\/div>\n\t\t\t\t<div class=\"blockG\" id=\"rotateG_04\"><\/div>\n\t\t\t\t<div class=\"blockG\" id=\"rotateG_05\"><\/div>\n\t\t\t\t<div class=\"blockG\" id=\"rotateG_06\"><\/div>\n\t\t\t\t<div class=\"blockG\" id=\"rotateG_07\"><\/div>\n\t\t\t\t<div class=\"blockG\" id=\"rotateG_08\"><\/div>\n\t\t\t<\/div>\n\t\t\t<div class=\"WooZone-cross-sell-loader-text\"><\/div>\n\t\t<\/div>\n\t<\/div>\n\n\t\t\n<\/div>\n<div style=\"clear:both;\"><\/div><\/p>\n","protected":false},"excerpt":{"rendered":"<p>\u3010H\u00d6HE EINSTELLBAR\u3011Der BoYata-Laptopst\u00e4nder kann die H\u00f6he von 3,9 Zoll auf 7,4 Zoll einstellen. Der Stand kann die Arbeits- und Lernbed\u00fcrfnisse von Menschen unterschiedlicher Gr\u00f6\u00dfe erf\u00fcllen. Sie k\u00f6nnen es \u00fcber den Knopf auf der R\u00fcckseite des St\u00e4nders auf die gew\u00fcnschte H\u00f6he einstellen.<br \/>\n\u3010STABIL UND SCHUTZIG\u3011Der St\u00e4nder besteht aus zwei 3-mm-Metallgrundplatten und einer St\u00fctzstange, die recht robust ist und bis zu 22 Pfund Gewicht tr\u00e4gt. Gro\u00dfe 4 Gummipads an der Ober- und Unterseite halten Ihren Laptop stabil und sch\u00fctzen Ihr Ger\u00e4t maximal vor Kratzern und Rutschen.<br \/>\n\u3010VOLL ERGONOMISCH\u3011Mit dem BoYata-Laptopst\u00e4nder k\u00f6nnen Sie Ihren Laptop in eine perfekte Desktop-Workstation verwandeln. Reduziert die Belastung von Nacken und R\u00fccken, die durch stundenlanges Sitzen am Schreibtisch entsteht.<\/p>\n","protected":false},"featured_media":58928,"comment_status":"open","ping_status":"closed","template":"","meta":[],"product_brand":[],"product_cat":[504,8312],"product_tag":[],"class_list":{"0":"post-58924","1":"product","2":"type-product","3":"status-publish","4":"has-post-thumbnail","6":"product_cat-buerobedarf-schreibwaren","7":"product_cat-bueromoebel-beleuchtung","8":"pa_brand-boyata","9":"pa_farbe-grau","10":"pa_farbe-schwarz","11":"pa_farbe-silber","12":"pa_manufacturer-boyata","14":"first","15":"instock","16":"shipping-taxable","17":"purchasable","18":"product-type-variable","19":"customify-col","20":"product-has-gallery"},"yoast_head":"<!-- This site is optimized with the Yoast SEO plugin v27.4 - https:\/\/yoast.com\/product\/yoast-seo-wordpress\/ -->\n<title>BoYata Laptopst\u00e4nder, h\u00f6henverstellbarer Laptop-Riser, bel\u00fcfteter Aluminium-Notebookhalter f\u00fcr Schreibtisch, kompatibel\u2026 - Markt-XXL<\/title>\n<meta name=\"description\" content=\"Markt-XXL BoYata Laptopst\u00e4nder, h\u00f6henverstellbarer Laptop-Riser, bel\u00fcfteter Aluminium-Notebookhalter f\u00fcr Schreibtisch, kompatibel\u2026\" \/>\n<meta name=\"robots\" content=\"index, follow, max-snippet:-1, max-image-preview:large, max-video-preview:-1\" \/>\n<link rel=\"canonical\" href=\"https:\/\/marktxxl.de\/markt\/produkt\/boyata-laptop-staender-ergonomischer-aluminium-verstellbare-hoehe-computerstaender-kompatibel-mit-macbook-air-pro-dell-hp-lenovo-mehr-10-17-laptops\/\" \/>\n<meta property=\"og:locale\" content=\"de_DE\" \/>\n<meta property=\"og:type\" content=\"article\" \/>\n<meta property=\"og:title\" content=\"BoYata Laptopst\u00e4nder, h\u00f6henverstellbarer Laptop-Riser, bel\u00fcfteter Aluminium-Notebookhalter f\u00fcr Schreibtisch, kompatibel\u2026 - Markt-XXL\" \/>\n<meta property=\"og:description\" content=\"Markt-XXL BoYata Laptopst\u00e4nder, h\u00f6henverstellbarer Laptop-Riser, bel\u00fcfteter Aluminium-Notebookhalter f\u00fcr Schreibtisch, kompatibel\u2026\" \/>\n<meta property=\"og:url\" content=\"https:\/\/marktxxl.de\/markt\/produkt\/boyata-laptop-staender-ergonomischer-aluminium-verstellbare-hoehe-computerstaender-kompatibel-mit-macbook-air-pro-dell-hp-lenovo-mehr-10-17-laptops\/\" \/>\n<meta property=\"og:site_name\" content=\"Markt-XXL\" \/>\n<meta property=\"article:modified_time\" content=\"2023-04-11T00:26:22+00:00\" \/>\n<meta property=\"og:image\" content=\"https:\/\/m.media-amazon.com\/images\/I\/31XJmdSrjfS._SL500_.jpg\" \/>\n\t<meta property=\"og:image:width\" content=\"500\" \/>\n\t<meta property=\"og:image:height\" content=\"500\" \/>\n\t<meta property=\"og:image:type\" content=\"image\/jpeg\" \/>\n<meta name=\"twitter:card\" content=\"summary_large_image\" \/>\n<meta name=\"twitter:label1\" content=\"Gesch\u00e4tzte Lesezeit\" \/>\n\t<meta name=\"twitter:data1\" content=\"1\u00a0Minute\" \/>\n<script type=\"application\/ld+json\" class=\"yoast-schema-graph\">{\"@context\":\"https:\\\/\\\/schema.org\",\"@graph\":[{\"@type\":\"WebPage\",\"@id\":\"https:\\\/\\\/marktxxl.de\\\/markt\\\/produkt\\\/boyata-laptop-staender-ergonomischer-aluminium-verstellbare-hoehe-computerstaender-kompatibel-mit-macbook-air-pro-dell-hp-lenovo-mehr-10-17-laptops\\\/\",\"url\":\"https:\\\/\\\/marktxxl.de\\\/markt\\\/produkt\\\/boyata-laptop-staender-ergonomischer-aluminium-verstellbare-hoehe-computerstaender-kompatibel-mit-macbook-air-pro-dell-hp-lenovo-mehr-10-17-laptops\\\/\",\"name\":\"BoYata Laptopst\u00e4nder, h\u00f6henverstellbarer Laptop-Riser, bel\u00fcfteter Aluminium-Notebookhalter f\u00fcr Schreibtisch, kompatibel\u2026 - Markt-XXL\",\"isPartOf\":{\"@id\":\"https:\\\/\\\/marktxxl.de\\\/markt\\\/#website\"},\"primaryImageOfPage\":{\"@id\":\"https:\\\/\\\/marktxxl.de\\\/markt\\\/produkt\\\/boyata-laptop-staender-ergonomischer-aluminium-verstellbare-hoehe-computerstaender-kompatibel-mit-macbook-air-pro-dell-hp-lenovo-mehr-10-17-laptops\\\/#primaryimage\"},\"image\":{\"@id\":\"https:\\\/\\\/marktxxl.de\\\/markt\\\/produkt\\\/boyata-laptop-staender-ergonomischer-aluminium-verstellbare-hoehe-computerstaender-kompatibel-mit-macbook-air-pro-dell-hp-lenovo-mehr-10-17-laptops\\\/#primaryimage\"},\"thumbnailUrl\":\"https:\\\/\\\/m.media-amazon.com\\\/images\\\/I\\\/31XJmdSrjfS._SL500_.jpg\",\"datePublished\":\"2021-10-26T13:33:22+00:00\",\"dateModified\":\"2023-04-11T00:26:22+00:00\",\"description\":\"Markt-XXL BoYata Laptopst\u00e4nder, h\u00f6henverstellbarer Laptop-Riser, bel\u00fcfteter Aluminium-Notebookhalter f\u00fcr Schreibtisch, kompatibel\u2026\",\"breadcrumb\":{\"@id\":\"https:\\\/\\\/marktxxl.de\\\/markt\\\/produkt\\\/boyata-laptop-staender-ergonomischer-aluminium-verstellbare-hoehe-computerstaender-kompatibel-mit-macbook-air-pro-dell-hp-lenovo-mehr-10-17-laptops\\\/#breadcrumb\"},\"inLanguage\":\"de\",\"potentialAction\":[{\"@type\":\"ReadAction\",\"target\":[\"https:\\\/\\\/marktxxl.de\\\/markt\\\/produkt\\\/boyata-laptop-staender-ergonomischer-aluminium-verstellbare-hoehe-computerstaender-kompatibel-mit-macbook-air-pro-dell-hp-lenovo-mehr-10-17-laptops\\\/\"]}]},{\"@type\":\"ImageObject\",\"inLanguage\":\"de\",\"@id\":\"https:\\\/\\\/marktxxl.de\\\/markt\\\/produkt\\\/boyata-laptop-staender-ergonomischer-aluminium-verstellbare-hoehe-computerstaender-kompatibel-mit-macbook-air-pro-dell-hp-lenovo-mehr-10-17-laptops\\\/#primaryimage\",\"url\":\"https:\\\/\\\/m.media-amazon.com\\\/images\\\/I\\\/31XJmdSrjfS._SL500_.jpg\",\"contentUrl\":\"https:\\\/\\\/m.media-amazon.com\\\/images\\\/I\\\/31XJmdSrjfS._SL500_.jpg\",\"width\":500,\"height\":500},{\"@type\":\"BreadcrumbList\",\"@id\":\"https:\\\/\\\/marktxxl.de\\\/markt\\\/produkt\\\/boyata-laptop-staender-ergonomischer-aluminium-verstellbare-hoehe-computerstaender-kompatibel-mit-macbook-air-pro-dell-hp-lenovo-mehr-10-17-laptops\\\/#breadcrumb\",\"itemListElement\":[{\"@type\":\"ListItem\",\"position\":1,\"name\":\"Startseite\",\"item\":\"https:\\\/\\\/marktxxl.de\\\/markt\\\/\"},{\"@type\":\"ListItem\",\"position\":2,\"name\":\"Markt\",\"item\":\"https:\\\/\\\/marktxxl.de\\\/markt\\\/\"},{\"@type\":\"ListItem\",\"position\":3,\"name\":\"BoYata Laptopst\u00e4nder, h\u00f6henverstellbarer Laptop-Riser, bel\u00fcfteter Aluminium-Notebookhalter f\u00fcr Schreibtisch, kompatibel\u2026\"}]},{\"@type\":\"WebSite\",\"@id\":\"https:\\\/\\\/marktxxl.de\\\/markt\\\/#website\",\"url\":\"https:\\\/\\\/marktxxl.de\\\/markt\\\/\",\"name\":\"Markt-XXL\",\"description\":\"Ihr Markt Online\",\"publisher\":{\"@id\":\"https:\\\/\\\/marktxxl.de\\\/markt\\\/#organization\"},\"potentialAction\":[{\"@type\":\"SearchAction\",\"target\":{\"@type\":\"EntryPoint\",\"urlTemplate\":\"https:\\\/\\\/marktxxl.de\\\/markt\\\/?s={search_term_string}\"},\"query-input\":{\"@type\":\"PropertyValueSpecification\",\"valueRequired\":true,\"valueName\":\"search_term_string\"}}],\"inLanguage\":\"de\"},{\"@type\":\"Organization\",\"@id\":\"https:\\\/\\\/marktxxl.de\\\/markt\\\/#organization\",\"name\":\"Markt-XXL\",\"url\":\"https:\\\/\\\/marktxxl.de\\\/markt\\\/\",\"logo\":{\"@type\":\"ImageObject\",\"inLanguage\":\"de\",\"@id\":\"https:\\\/\\\/marktxxl.de\\\/markt\\\/#\\\/schema\\\/logo\\\/image\\\/\",\"url\":\"https:\\\/\\\/marktxxl.de\\\/markt\\\/wp-content\\\/uploads\\\/sites\\\/3\\\/2020\\\/12\\\/logo.png\",\"contentUrl\":\"https:\\\/\\\/marktxxl.de\\\/markt\\\/wp-content\\\/uploads\\\/sites\\\/3\\\/2020\\\/12\\\/logo.png\",\"width\":200,\"height\":70,\"caption\":\"Markt-XXL\"},\"image\":{\"@id\":\"https:\\\/\\\/marktxxl.de\\\/markt\\\/#\\\/schema\\\/logo\\\/image\\\/\"}}]}<\/script>\n<!-- \/ Yoast SEO plugin. -->","yoast_head_json":{"title":"BoYata Laptopst\u00e4nder, h\u00f6henverstellbarer Laptop-Riser, bel\u00fcfteter Aluminium-Notebookhalter f\u00fcr Schreibtisch, kompatibel\u2026 - Markt-XXL","description":"Markt-XXL BoYata Laptopst\u00e4nder, h\u00f6henverstellbarer Laptop-Riser, bel\u00fcfteter Aluminium-Notebookhalter f\u00fcr Schreibtisch, kompatibel\u2026","robots":{"index":"index","follow":"follow","max-snippet":"max-snippet:-1","max-image-preview":"max-image-preview:large","max-video-preview":"max-video-preview:-1"},"canonical":"https:\/\/marktxxl.de\/markt\/produkt\/boyata-laptop-staender-ergonomischer-aluminium-verstellbare-hoehe-computerstaender-kompatibel-mit-macbook-air-pro-dell-hp-lenovo-mehr-10-17-laptops\/","og_locale":"de_DE","og_type":"article","og_title":"BoYata Laptopst\u00e4nder, h\u00f6henverstellbarer Laptop-Riser, bel\u00fcfteter Aluminium-Notebookhalter f\u00fcr Schreibtisch, kompatibel\u2026 - Markt-XXL","og_description":"Markt-XXL BoYata Laptopst\u00e4nder, h\u00f6henverstellbarer Laptop-Riser, bel\u00fcfteter Aluminium-Notebookhalter f\u00fcr Schreibtisch, kompatibel\u2026","og_url":"https:\/\/marktxxl.de\/markt\/produkt\/boyata-laptop-staender-ergonomischer-aluminium-verstellbare-hoehe-computerstaender-kompatibel-mit-macbook-air-pro-dell-hp-lenovo-mehr-10-17-laptops\/","og_site_name":"Markt-XXL","article_modified_time":"2023-04-11T00:26:22+00:00","og_image":[{"width":500,"height":500,"url":"https:\/\/m.media-amazon.com\/images\/I\/31XJmdSrjfS._SL500_.jpg","type":"image\/jpeg"}],"twitter_card":"summary_large_image","twitter_misc":{"Gesch\u00e4tzte Lesezeit":"1\u00a0Minute"},"schema":{"@context":"https:\/\/schema.org","@graph":[{"@type":"WebPage","@id":"https:\/\/marktxxl.de\/markt\/produkt\/boyata-laptop-staender-ergonomischer-aluminium-verstellbare-hoehe-computerstaender-kompatibel-mit-macbook-air-pro-dell-hp-lenovo-mehr-10-17-laptops\/","url":"https:\/\/marktxxl.de\/markt\/produkt\/boyata-laptop-staender-ergonomischer-aluminium-verstellbare-hoehe-computerstaender-kompatibel-mit-macbook-air-pro-dell-hp-lenovo-mehr-10-17-laptops\/","name":"BoYata Laptopst\u00e4nder, h\u00f6henverstellbarer Laptop-Riser, bel\u00fcfteter Aluminium-Notebookhalter f\u00fcr Schreibtisch, kompatibel\u2026 - Markt-XXL","isPartOf":{"@id":"https:\/\/marktxxl.de\/markt\/#website"},"primaryImageOfPage":{"@id":"https:\/\/marktxxl.de\/markt\/produkt\/boyata-laptop-staender-ergonomischer-aluminium-verstellbare-hoehe-computerstaender-kompatibel-mit-macbook-air-pro-dell-hp-lenovo-mehr-10-17-laptops\/#primaryimage"},"image":{"@id":"https:\/\/marktxxl.de\/markt\/produkt\/boyata-laptop-staender-ergonomischer-aluminium-verstellbare-hoehe-computerstaender-kompatibel-mit-macbook-air-pro-dell-hp-lenovo-mehr-10-17-laptops\/#primaryimage"},"thumbnailUrl":"https:\/\/m.media-amazon.com\/images\/I\/31XJmdSrjfS._SL500_.jpg","datePublished":"2021-10-26T13:33:22+00:00","dateModified":"2023-04-11T00:26:22+00:00","description":"Markt-XXL BoYata Laptopst\u00e4nder, h\u00f6henverstellbarer Laptop-Riser, bel\u00fcfteter Aluminium-Notebookhalter f\u00fcr Schreibtisch, kompatibel\u2026","breadcrumb":{"@id":"https:\/\/marktxxl.de\/markt\/produkt\/boyata-laptop-staender-ergonomischer-aluminium-verstellbare-hoehe-computerstaender-kompatibel-mit-macbook-air-pro-dell-hp-lenovo-mehr-10-17-laptops\/#breadcrumb"},"inLanguage":"de","potentialAction":[{"@type":"ReadAction","target":["https:\/\/marktxxl.de\/markt\/produkt\/boyata-laptop-staender-ergonomischer-aluminium-verstellbare-hoehe-computerstaender-kompatibel-mit-macbook-air-pro-dell-hp-lenovo-mehr-10-17-laptops\/"]}]},{"@type":"ImageObject","inLanguage":"de","@id":"https:\/\/marktxxl.de\/markt\/produkt\/boyata-laptop-staender-ergonomischer-aluminium-verstellbare-hoehe-computerstaender-kompatibel-mit-macbook-air-pro-dell-hp-lenovo-mehr-10-17-laptops\/#primaryimage","url":"https:\/\/m.media-amazon.com\/images\/I\/31XJmdSrjfS._SL500_.jpg","contentUrl":"https:\/\/m.media-amazon.com\/images\/I\/31XJmdSrjfS._SL500_.jpg","width":500,"height":500},{"@type":"BreadcrumbList","@id":"https:\/\/marktxxl.de\/markt\/produkt\/boyata-laptop-staender-ergonomischer-aluminium-verstellbare-hoehe-computerstaender-kompatibel-mit-macbook-air-pro-dell-hp-lenovo-mehr-10-17-laptops\/#breadcrumb","itemListElement":[{"@type":"ListItem","position":1,"name":"Startseite","item":"https:\/\/marktxxl.de\/markt\/"},{"@type":"ListItem","position":2,"name":"Markt","item":"https:\/\/marktxxl.de\/markt\/"},{"@type":"ListItem","position":3,"name":"BoYata Laptopst\u00e4nder, h\u00f6henverstellbarer Laptop-Riser, bel\u00fcfteter Aluminium-Notebookhalter f\u00fcr Schreibtisch, kompatibel\u2026"}]},{"@type":"WebSite","@id":"https:\/\/marktxxl.de\/markt\/#website","url":"https:\/\/marktxxl.de\/markt\/","name":"Markt-XXL","description":"Ihr Markt Online","publisher":{"@id":"https:\/\/marktxxl.de\/markt\/#organization"},"potentialAction":[{"@type":"SearchAction","target":{"@type":"EntryPoint","urlTemplate":"https:\/\/marktxxl.de\/markt\/?s={search_term_string}"},"query-input":{"@type":"PropertyValueSpecification","valueRequired":true,"valueName":"search_term_string"}}],"inLanguage":"de"},{"@type":"Organization","@id":"https:\/\/marktxxl.de\/markt\/#organization","name":"Markt-XXL","url":"https:\/\/marktxxl.de\/markt\/","logo":{"@type":"ImageObject","inLanguage":"de","@id":"https:\/\/marktxxl.de\/markt\/#\/schema\/logo\/image\/","url":"https:\/\/marktxxl.de\/markt\/wp-content\/uploads\/sites\/3\/2020\/12\/logo.png","contentUrl":"https:\/\/marktxxl.de\/markt\/wp-content\/uploads\/sites\/3\/2020\/12\/logo.png","width":200,"height":70,"caption":"Markt-XXL"},"image":{"@id":"https:\/\/marktxxl.de\/markt\/#\/schema\/logo\/image\/"}}]}},"_links":{"self":[{"href":"https:\/\/marktxxl.de\/markt\/wp-json\/wp\/v2\/product\/58924","targetHints":{"allow":["GET"]}}],"collection":[{"href":"https:\/\/marktxxl.de\/markt\/wp-json\/wp\/v2\/product"}],"about":[{"href":"https:\/\/marktxxl.de\/markt\/wp-json\/wp\/v2\/types\/product"}],"replies":[{"embeddable":true,"href":"https:\/\/marktxxl.de\/markt\/wp-json\/wp\/v2\/comments?post=58924"}],"wp:featuredmedia":[{"embeddable":true,"href":"https:\/\/marktxxl.de\/markt\/wp-json\/wp\/v2\/media\/58928"}],"wp:attachment":[{"href":"https:\/\/marktxxl.de\/markt\/wp-json\/wp\/v2\/media?parent=58924"}],"wp:term":[{"taxonomy":"product_brand","embeddable":true,"href":"https:\/\/marktxxl.de\/markt\/wp-json\/wp\/v2\/product_brand?post=58924"},{"taxonomy":"product_cat","embeddable":true,"href":"https:\/\/marktxxl.de\/markt\/wp-json\/wp\/v2\/product_cat?post=58924"},{"taxonomy":"product_tag","embeddable":true,"href":"https:\/\/marktxxl.de\/markt\/wp-json\/wp\/v2\/product_tag?post=58924"}],"curies":[{"name":"wp","href":"https:\/\/api.w.org\/{rel}","templated":true}]}}