{"id":58865,"date":"2021-10-26T15:30:36","date_gmt":"2021-10-26T13:30:36","guid":{"rendered":"https:\/\/marktxxl.de\/markt\/produkt\/laptopstaender-ergonomischer-computerstaender-epn-verstellbarer-tragbarer-laptophalter-mit-belueftungsoeffnung-aluminiumlegierung-kompatibel-fuer-macbook-pro-air-samsung-laptops-bis-17-zoll-grau\/"},"modified":"2023-04-11T02:26:21","modified_gmt":"2023-04-11T00:26:21","slug":"laptopstaender-ergonomischer-computerstaender-epn-verstellbarer-tragbarer-laptophalter-mit-belueftungsoeffnung-aluminiumlegierung-kompatibel-fuer-macbook-pro-air-samsung-laptops-bis-17-zoll-grau","status":"publish","type":"product","link":"https:\/\/marktxxl.de\/markt\/produkt\/laptopstaender-ergonomischer-computerstaender-epn-verstellbarer-tragbarer-laptophalter-mit-belueftungsoeffnung-aluminiumlegierung-kompatibel-fuer-macbook-pro-air-samsung-laptops-bis-17-zoll-grau\/","title":{"rendered":"Laptop Stand, EPN Laptop Riser with Heat-Vent to Elevate Laptop, Adjustable Desktop Holder Compatible for MacBook Pro\u2026"},"content":{"rendered":"<p>Ergonomisches Design &#8211; Der verstellbare St\u00e4nder hebt Ihren Laptop um 10,6 Zoll auf eine perfekte Augenh\u00f6he und verhindert, dass Sie sich \u00fcber Ihren Bildschirm beugen, wodurch Nacken- und Schulterschmerzen reduziert werden. Dar\u00fcber hinaus ist die Kante des St\u00e4nders so glatt, dass Sie vor Kratzern gesch\u00fctzt sind.<br \/>\nRobust und faltbar &#8211; Der B\u00fcrocomputerst\u00e4nder besteht aus einer verdickten Aluminiumlegierung, sodass der St\u00e4nder stabiler und weniger wackelig ist. Die rutschfesten Silikonkissen haften fest und sorgen daf\u00fcr, dass Ihr Laptop stabil auf dem St\u00e4nder steht. Und die Gummif\u00fc\u00dfe verhindern, dass der St\u00e4nder auf Ihrem Desktop verrutscht. Und der leichte Laptopst\u00e4nder ist faltbar.<br \/>\nBreite Kompatibilit\u00e4t &#8211; Dieser Laptop-Riser ist mit allen Laptop-Modellen und -Gr\u00f6\u00dfen bis zu 17 Zoll kompatibel, z. B. MacBook Pro \/ Air, Surface-Laptop, Dell XPS, HP, Samsung, Lenovo, Google Pixelbook, Acer, Chromebook und mehr.<br \/>\nL\u00fcftungsdesign &#8211; Der EPN-Laptop-Riser besteht aus einer Aluminiumlegierung, ist robust und rostfrei. Die kratzfeste W\u00e4rmeleitungslegierung und das L\u00fcftungsgeh\u00e4use arbeiten zusammen, um Ihren Computer abzuk\u00fchlen und eine \u00dcberhitzung zu vermeiden.<br \/>\nMehrzweck &amp; Praktisch &#8211; Mehrfachnutzung bei vielen Gelegenheiten wie B\u00fcro, Besprechungsraum, Bibliothek, Caf\u00e9, K\u00fcche und Musikspielhaus f\u00fcr Laptops, Tablets, Projektoren, Men\u00fcs, Musikpartituren, Zeitschriften usw. Ein ausgezeichnetes n\u00fctzliches Geschenk f\u00fcr deine Freunde und Familie.<br \/>\n<div class=\"main-cross-sell\" data-asin=\"B086L32GLB\">\n\n\t<div class=\"WooZone-cross-sell-loader\">\n\t\t<div>\n\t\t\t<div id=\"floatingBarsG\">\n\t\t\t\t<div class=\"blockG\" id=\"rotateG_01\"><\/div>\n\t\t\t\t<div class=\"blockG\" id=\"rotateG_02\"><\/div>\n\t\t\t\t<div class=\"blockG\" id=\"rotateG_03\"><\/div>\n\t\t\t\t<div class=\"blockG\" id=\"rotateG_04\"><\/div>\n\t\t\t\t<div class=\"blockG\" id=\"rotateG_05\"><\/div>\n\t\t\t\t<div class=\"blockG\" id=\"rotateG_06\"><\/div>\n\t\t\t\t<div class=\"blockG\" id=\"rotateG_07\"><\/div>\n\t\t\t\t<div class=\"blockG\" id=\"rotateG_08\"><\/div>\n\t\t\t<\/div>\n\t\t\t<div class=\"WooZone-cross-sell-loader-text\"><\/div>\n\t\t<\/div>\n\t<\/div>\n\n\t\t\n<\/div>\n<div style=\"clear:both;\"><\/div><\/p>\n","protected":false},"excerpt":{"rendered":"<p>Ergonomisches Design &#8211; Der verstellbare St\u00e4nder hebt Ihren Laptop um 10,6 Zoll auf eine perfekte Augenh\u00f6he und verhindert, dass Sie sich \u00fcber Ihren Bildschirm beugen, wodurch Nacken- und Schulterschmerzen reduziert werden. Dar\u00fcber hinaus ist die Kante des St\u00e4nders so glatt, dass Sie vor Kratzern gesch\u00fctzt sind.<br \/>\nRobust und faltbar &#8211; Der B\u00fcrocomputerst\u00e4nder besteht aus einer verdickten Aluminiumlegierung, sodass der St\u00e4nder stabiler und weniger wackelig ist. Die rutschfesten Silikonkissen haften fest und sorgen daf\u00fcr, dass Ihr Laptop stabil auf dem St\u00e4nder steht. Und die Gummif\u00fc\u00dfe verhindern, dass der St\u00e4nder auf Ihrem Desktop verrutscht. Und der leichte Laptopst\u00e4nder ist faltbar.<br \/>\nBreite Kompatibilit\u00e4t &#8211; Dieser Laptop-Riser ist mit allen Laptop-Modellen und -Gr\u00f6\u00dfen bis zu 17 Zoll kompatibel, z. B. MacBook Pro \/ Air, Surface-Laptop, Dell XPS, HP, Samsung, Lenovo, Google Pixelbook, Acer, Chromebook und mehr.<\/p>\n","protected":false},"featured_media":58866,"comment_status":"open","ping_status":"closed","template":"","meta":[],"product_brand":[],"product_cat":[504,8312],"product_tag":[],"class_list":{"0":"post-58865","1":"product","2":"type-product","3":"status-publish","4":"has-post-thumbnail","6":"product_cat-buerobedarf-schreibwaren","7":"product_cat-bueromoebel-beleuchtung","8":"pa_brand-epn","9":"pa_color-space-gray","10":"pa_height-2-24-zoll","11":"pa_length-12-4-zoll","12":"pa_manufacturer-american-epsilon","13":"pa_width-10-23-zoll","15":"first","16":"instock","17":"shipping-taxable","18":"purchasable","19":"product-type-simple","20":"customify-col","21":"product-has-gallery"},"yoast_head":"<!-- This site is optimized with the Yoast SEO plugin v27.4 - https:\/\/yoast.com\/product\/yoast-seo-wordpress\/ -->\n<title>Laptop Stand, EPN Laptop Riser with Heat-Vent to Elevate Laptop, Adjustable Desktop Holder Compatible for MacBook Pro\u2026 - Markt-XXL<\/title>\n<meta name=\"description\" content=\"Markt-XXL Laptop Stand, EPN Laptop Riser with Heat-Vent to Elevate Laptop, Adjustable Desktop Holder Compatible for MacBook Pro\u2026\" \/>\n<meta name=\"robots\" content=\"index, follow, max-snippet:-1, max-image-preview:large, max-video-preview:-1\" \/>\n<link rel=\"canonical\" href=\"https:\/\/marktxxl.de\/markt\/produkt\/laptopstaender-ergonomischer-computerstaender-epn-verstellbarer-tragbarer-laptophalter-mit-belueftungsoeffnung-aluminiumlegierung-kompatibel-fuer-macbook-pro-air-samsung-laptops-bis-17-zoll-grau\/\" \/>\n<meta property=\"og:locale\" content=\"de_DE\" \/>\n<meta property=\"og:type\" content=\"article\" \/>\n<meta property=\"og:title\" content=\"Laptop Stand, EPN Laptop Riser with Heat-Vent to Elevate Laptop, Adjustable Desktop Holder Compatible for MacBook Pro\u2026 - Markt-XXL\" \/>\n<meta property=\"og:description\" content=\"Markt-XXL Laptop Stand, EPN Laptop Riser with Heat-Vent to Elevate Laptop, Adjustable Desktop Holder Compatible for MacBook Pro\u2026\" \/>\n<meta property=\"og:url\" content=\"https:\/\/marktxxl.de\/markt\/produkt\/laptopstaender-ergonomischer-computerstaender-epn-verstellbarer-tragbarer-laptophalter-mit-belueftungsoeffnung-aluminiumlegierung-kompatibel-fuer-macbook-pro-air-samsung-laptops-bis-17-zoll-grau\/\" \/>\n<meta property=\"og:site_name\" content=\"Markt-XXL\" \/>\n<meta property=\"article:modified_time\" content=\"2023-04-11T00:26:21+00:00\" \/>\n<meta property=\"og:image\" content=\"https:\/\/m.media-amazon.com\/images\/I\/41IoHD85AOL._SL500_.jpg\" \/>\n\t<meta property=\"og:image:width\" content=\"500\" \/>\n\t<meta property=\"og:image:height\" content=\"500\" \/>\n\t<meta property=\"og:image:type\" content=\"image\/jpeg\" \/>\n<meta name=\"twitter:card\" content=\"summary_large_image\" \/>\n<meta name=\"twitter:label1\" content=\"Gesch\u00e4tzte Lesezeit\" \/>\n\t<meta name=\"twitter:data1\" content=\"1\u00a0Minute\" \/>\n<script type=\"application\/ld+json\" class=\"yoast-schema-graph\">{\"@context\":\"https:\\\/\\\/schema.org\",\"@graph\":[{\"@type\":\"WebPage\",\"@id\":\"https:\\\/\\\/marktxxl.de\\\/markt\\\/produkt\\\/laptopstaender-ergonomischer-computerstaender-epn-verstellbarer-tragbarer-laptophalter-mit-belueftungsoeffnung-aluminiumlegierung-kompatibel-fuer-macbook-pro-air-samsung-laptops-bis-17-zoll-grau\\\/\",\"url\":\"https:\\\/\\\/marktxxl.de\\\/markt\\\/produkt\\\/laptopstaender-ergonomischer-computerstaender-epn-verstellbarer-tragbarer-laptophalter-mit-belueftungsoeffnung-aluminiumlegierung-kompatibel-fuer-macbook-pro-air-samsung-laptops-bis-17-zoll-grau\\\/\",\"name\":\"Laptop Stand, EPN Laptop Riser with Heat-Vent to Elevate Laptop, Adjustable Desktop Holder Compatible for MacBook Pro\u2026 - Markt-XXL\",\"isPartOf\":{\"@id\":\"https:\\\/\\\/marktxxl.de\\\/markt\\\/#website\"},\"primaryImageOfPage\":{\"@id\":\"https:\\\/\\\/marktxxl.de\\\/markt\\\/produkt\\\/laptopstaender-ergonomischer-computerstaender-epn-verstellbarer-tragbarer-laptophalter-mit-belueftungsoeffnung-aluminiumlegierung-kompatibel-fuer-macbook-pro-air-samsung-laptops-bis-17-zoll-grau\\\/#primaryimage\"},\"image\":{\"@id\":\"https:\\\/\\\/marktxxl.de\\\/markt\\\/produkt\\\/laptopstaender-ergonomischer-computerstaender-epn-verstellbarer-tragbarer-laptophalter-mit-belueftungsoeffnung-aluminiumlegierung-kompatibel-fuer-macbook-pro-air-samsung-laptops-bis-17-zoll-grau\\\/#primaryimage\"},\"thumbnailUrl\":\"https:\\\/\\\/m.media-amazon.com\\\/images\\\/I\\\/41IoHD85AOL._SL500_.jpg\",\"datePublished\":\"2021-10-26T13:30:36+00:00\",\"dateModified\":\"2023-04-11T00:26:21+00:00\",\"description\":\"Markt-XXL Laptop Stand, EPN Laptop Riser with Heat-Vent to Elevate Laptop, Adjustable Desktop Holder Compatible for MacBook Pro\u2026\",\"breadcrumb\":{\"@id\":\"https:\\\/\\\/marktxxl.de\\\/markt\\\/produkt\\\/laptopstaender-ergonomischer-computerstaender-epn-verstellbarer-tragbarer-laptophalter-mit-belueftungsoeffnung-aluminiumlegierung-kompatibel-fuer-macbook-pro-air-samsung-laptops-bis-17-zoll-grau\\\/#breadcrumb\"},\"inLanguage\":\"de\",\"potentialAction\":[{\"@type\":\"ReadAction\",\"target\":[\"https:\\\/\\\/marktxxl.de\\\/markt\\\/produkt\\\/laptopstaender-ergonomischer-computerstaender-epn-verstellbarer-tragbarer-laptophalter-mit-belueftungsoeffnung-aluminiumlegierung-kompatibel-fuer-macbook-pro-air-samsung-laptops-bis-17-zoll-grau\\\/\"]}]},{\"@type\":\"ImageObject\",\"inLanguage\":\"de\",\"@id\":\"https:\\\/\\\/marktxxl.de\\\/markt\\\/produkt\\\/laptopstaender-ergonomischer-computerstaender-epn-verstellbarer-tragbarer-laptophalter-mit-belueftungsoeffnung-aluminiumlegierung-kompatibel-fuer-macbook-pro-air-samsung-laptops-bis-17-zoll-grau\\\/#primaryimage\",\"url\":\"https:\\\/\\\/m.media-amazon.com\\\/images\\\/I\\\/41IoHD85AOL._SL500_.jpg\",\"contentUrl\":\"https:\\\/\\\/m.media-amazon.com\\\/images\\\/I\\\/41IoHD85AOL._SL500_.jpg\",\"width\":500,\"height\":500},{\"@type\":\"BreadcrumbList\",\"@id\":\"https:\\\/\\\/marktxxl.de\\\/markt\\\/produkt\\\/laptopstaender-ergonomischer-computerstaender-epn-verstellbarer-tragbarer-laptophalter-mit-belueftungsoeffnung-aluminiumlegierung-kompatibel-fuer-macbook-pro-air-samsung-laptops-bis-17-zoll-grau\\\/#breadcrumb\",\"itemListElement\":[{\"@type\":\"ListItem\",\"position\":1,\"name\":\"Startseite\",\"item\":\"https:\\\/\\\/marktxxl.de\\\/markt\\\/\"},{\"@type\":\"ListItem\",\"position\":2,\"name\":\"Markt\",\"item\":\"https:\\\/\\\/marktxxl.de\\\/markt\\\/\"},{\"@type\":\"ListItem\",\"position\":3,\"name\":\"Laptop Stand, EPN Laptop Riser with Heat-Vent to Elevate Laptop, Adjustable Desktop Holder Compatible for MacBook Pro\u2026\"}]},{\"@type\":\"WebSite\",\"@id\":\"https:\\\/\\\/marktxxl.de\\\/markt\\\/#website\",\"url\":\"https:\\\/\\\/marktxxl.de\\\/markt\\\/\",\"name\":\"Markt-XXL\",\"description\":\"Ihr Markt Online\",\"publisher\":{\"@id\":\"https:\\\/\\\/marktxxl.de\\\/markt\\\/#organization\"},\"potentialAction\":[{\"@type\":\"SearchAction\",\"target\":{\"@type\":\"EntryPoint\",\"urlTemplate\":\"https:\\\/\\\/marktxxl.de\\\/markt\\\/?s={search_term_string}\"},\"query-input\":{\"@type\":\"PropertyValueSpecification\",\"valueRequired\":true,\"valueName\":\"search_term_string\"}}],\"inLanguage\":\"de\"},{\"@type\":\"Organization\",\"@id\":\"https:\\\/\\\/marktxxl.de\\\/markt\\\/#organization\",\"name\":\"Markt-XXL\",\"url\":\"https:\\\/\\\/marktxxl.de\\\/markt\\\/\",\"logo\":{\"@type\":\"ImageObject\",\"inLanguage\":\"de\",\"@id\":\"https:\\\/\\\/marktxxl.de\\\/markt\\\/#\\\/schema\\\/logo\\\/image\\\/\",\"url\":\"https:\\\/\\\/marktxxl.de\\\/markt\\\/wp-content\\\/uploads\\\/sites\\\/3\\\/2020\\\/12\\\/logo.png\",\"contentUrl\":\"https:\\\/\\\/marktxxl.de\\\/markt\\\/wp-content\\\/uploads\\\/sites\\\/3\\\/2020\\\/12\\\/logo.png\",\"width\":200,\"height\":70,\"caption\":\"Markt-XXL\"},\"image\":{\"@id\":\"https:\\\/\\\/marktxxl.de\\\/markt\\\/#\\\/schema\\\/logo\\\/image\\\/\"}}]}<\/script>\n<!-- \/ Yoast SEO plugin. -->","yoast_head_json":{"title":"Laptop Stand, EPN Laptop Riser with Heat-Vent to Elevate Laptop, Adjustable Desktop Holder Compatible for MacBook Pro\u2026 - Markt-XXL","description":"Markt-XXL Laptop Stand, EPN Laptop Riser with Heat-Vent to Elevate Laptop, Adjustable Desktop Holder Compatible for MacBook Pro\u2026","robots":{"index":"index","follow":"follow","max-snippet":"max-snippet:-1","max-image-preview":"max-image-preview:large","max-video-preview":"max-video-preview:-1"},"canonical":"https:\/\/marktxxl.de\/markt\/produkt\/laptopstaender-ergonomischer-computerstaender-epn-verstellbarer-tragbarer-laptophalter-mit-belueftungsoeffnung-aluminiumlegierung-kompatibel-fuer-macbook-pro-air-samsung-laptops-bis-17-zoll-grau\/","og_locale":"de_DE","og_type":"article","og_title":"Laptop Stand, EPN Laptop Riser with Heat-Vent to Elevate Laptop, Adjustable Desktop Holder Compatible for MacBook Pro\u2026 - Markt-XXL","og_description":"Markt-XXL Laptop Stand, EPN Laptop Riser with Heat-Vent to Elevate Laptop, Adjustable Desktop Holder Compatible for MacBook Pro\u2026","og_url":"https:\/\/marktxxl.de\/markt\/produkt\/laptopstaender-ergonomischer-computerstaender-epn-verstellbarer-tragbarer-laptophalter-mit-belueftungsoeffnung-aluminiumlegierung-kompatibel-fuer-macbook-pro-air-samsung-laptops-bis-17-zoll-grau\/","og_site_name":"Markt-XXL","article_modified_time":"2023-04-11T00:26:21+00:00","og_image":[{"width":500,"height":500,"url":"https:\/\/m.media-amazon.com\/images\/I\/41IoHD85AOL._SL500_.jpg","type":"image\/jpeg"}],"twitter_card":"summary_large_image","twitter_misc":{"Gesch\u00e4tzte Lesezeit":"1\u00a0Minute"},"schema":{"@context":"https:\/\/schema.org","@graph":[{"@type":"WebPage","@id":"https:\/\/marktxxl.de\/markt\/produkt\/laptopstaender-ergonomischer-computerstaender-epn-verstellbarer-tragbarer-laptophalter-mit-belueftungsoeffnung-aluminiumlegierung-kompatibel-fuer-macbook-pro-air-samsung-laptops-bis-17-zoll-grau\/","url":"https:\/\/marktxxl.de\/markt\/produkt\/laptopstaender-ergonomischer-computerstaender-epn-verstellbarer-tragbarer-laptophalter-mit-belueftungsoeffnung-aluminiumlegierung-kompatibel-fuer-macbook-pro-air-samsung-laptops-bis-17-zoll-grau\/","name":"Laptop Stand, EPN Laptop Riser with Heat-Vent to Elevate Laptop, Adjustable Desktop Holder Compatible for MacBook Pro\u2026 - Markt-XXL","isPartOf":{"@id":"https:\/\/marktxxl.de\/markt\/#website"},"primaryImageOfPage":{"@id":"https:\/\/marktxxl.de\/markt\/produkt\/laptopstaender-ergonomischer-computerstaender-epn-verstellbarer-tragbarer-laptophalter-mit-belueftungsoeffnung-aluminiumlegierung-kompatibel-fuer-macbook-pro-air-samsung-laptops-bis-17-zoll-grau\/#primaryimage"},"image":{"@id":"https:\/\/marktxxl.de\/markt\/produkt\/laptopstaender-ergonomischer-computerstaender-epn-verstellbarer-tragbarer-laptophalter-mit-belueftungsoeffnung-aluminiumlegierung-kompatibel-fuer-macbook-pro-air-samsung-laptops-bis-17-zoll-grau\/#primaryimage"},"thumbnailUrl":"https:\/\/m.media-amazon.com\/images\/I\/41IoHD85AOL._SL500_.jpg","datePublished":"2021-10-26T13:30:36+00:00","dateModified":"2023-04-11T00:26:21+00:00","description":"Markt-XXL Laptop Stand, EPN Laptop Riser with Heat-Vent to Elevate Laptop, Adjustable Desktop Holder Compatible for MacBook Pro\u2026","breadcrumb":{"@id":"https:\/\/marktxxl.de\/markt\/produkt\/laptopstaender-ergonomischer-computerstaender-epn-verstellbarer-tragbarer-laptophalter-mit-belueftungsoeffnung-aluminiumlegierung-kompatibel-fuer-macbook-pro-air-samsung-laptops-bis-17-zoll-grau\/#breadcrumb"},"inLanguage":"de","potentialAction":[{"@type":"ReadAction","target":["https:\/\/marktxxl.de\/markt\/produkt\/laptopstaender-ergonomischer-computerstaender-epn-verstellbarer-tragbarer-laptophalter-mit-belueftungsoeffnung-aluminiumlegierung-kompatibel-fuer-macbook-pro-air-samsung-laptops-bis-17-zoll-grau\/"]}]},{"@type":"ImageObject","inLanguage":"de","@id":"https:\/\/marktxxl.de\/markt\/produkt\/laptopstaender-ergonomischer-computerstaender-epn-verstellbarer-tragbarer-laptophalter-mit-belueftungsoeffnung-aluminiumlegierung-kompatibel-fuer-macbook-pro-air-samsung-laptops-bis-17-zoll-grau\/#primaryimage","url":"https:\/\/m.media-amazon.com\/images\/I\/41IoHD85AOL._SL500_.jpg","contentUrl":"https:\/\/m.media-amazon.com\/images\/I\/41IoHD85AOL._SL500_.jpg","width":500,"height":500},{"@type":"BreadcrumbList","@id":"https:\/\/marktxxl.de\/markt\/produkt\/laptopstaender-ergonomischer-computerstaender-epn-verstellbarer-tragbarer-laptophalter-mit-belueftungsoeffnung-aluminiumlegierung-kompatibel-fuer-macbook-pro-air-samsung-laptops-bis-17-zoll-grau\/#breadcrumb","itemListElement":[{"@type":"ListItem","position":1,"name":"Startseite","item":"https:\/\/marktxxl.de\/markt\/"},{"@type":"ListItem","position":2,"name":"Markt","item":"https:\/\/marktxxl.de\/markt\/"},{"@type":"ListItem","position":3,"name":"Laptop Stand, EPN Laptop Riser with Heat-Vent to Elevate Laptop, Adjustable Desktop Holder Compatible for MacBook Pro\u2026"}]},{"@type":"WebSite","@id":"https:\/\/marktxxl.de\/markt\/#website","url":"https:\/\/marktxxl.de\/markt\/","name":"Markt-XXL","description":"Ihr Markt Online","publisher":{"@id":"https:\/\/marktxxl.de\/markt\/#organization"},"potentialAction":[{"@type":"SearchAction","target":{"@type":"EntryPoint","urlTemplate":"https:\/\/marktxxl.de\/markt\/?s={search_term_string}"},"query-input":{"@type":"PropertyValueSpecification","valueRequired":true,"valueName":"search_term_string"}}],"inLanguage":"de"},{"@type":"Organization","@id":"https:\/\/marktxxl.de\/markt\/#organization","name":"Markt-XXL","url":"https:\/\/marktxxl.de\/markt\/","logo":{"@type":"ImageObject","inLanguage":"de","@id":"https:\/\/marktxxl.de\/markt\/#\/schema\/logo\/image\/","url":"https:\/\/marktxxl.de\/markt\/wp-content\/uploads\/sites\/3\/2020\/12\/logo.png","contentUrl":"https:\/\/marktxxl.de\/markt\/wp-content\/uploads\/sites\/3\/2020\/12\/logo.png","width":200,"height":70,"caption":"Markt-XXL"},"image":{"@id":"https:\/\/marktxxl.de\/markt\/#\/schema\/logo\/image\/"}}]}},"_links":{"self":[{"href":"https:\/\/marktxxl.de\/markt\/wp-json\/wp\/v2\/product\/58865","targetHints":{"allow":["GET"]}}],"collection":[{"href":"https:\/\/marktxxl.de\/markt\/wp-json\/wp\/v2\/product"}],"about":[{"href":"https:\/\/marktxxl.de\/markt\/wp-json\/wp\/v2\/types\/product"}],"replies":[{"embeddable":true,"href":"https:\/\/marktxxl.de\/markt\/wp-json\/wp\/v2\/comments?post=58865"}],"wp:featuredmedia":[{"embeddable":true,"href":"https:\/\/marktxxl.de\/markt\/wp-json\/wp\/v2\/media\/58866"}],"wp:attachment":[{"href":"https:\/\/marktxxl.de\/markt\/wp-json\/wp\/v2\/media?parent=58865"}],"wp:term":[{"taxonomy":"product_brand","embeddable":true,"href":"https:\/\/marktxxl.de\/markt\/wp-json\/wp\/v2\/product_brand?post=58865"},{"taxonomy":"product_cat","embeddable":true,"href":"https:\/\/marktxxl.de\/markt\/wp-json\/wp\/v2\/product_cat?post=58865"},{"taxonomy":"product_tag","embeddable":true,"href":"https:\/\/marktxxl.de\/markt\/wp-json\/wp\/v2\/product_tag?post=58865"}],"curies":[{"name":"wp","href":"https:\/\/api.w.org\/{rel}","templated":true}]}}