{"id":58837,"date":"2021-10-26T15:30:23","date_gmt":"2021-10-26T13:30:23","guid":{"rendered":"https:\/\/marktxxl.de\/markt\/produkt\/rangextd-wlan-verstaerker-wifi-repeater-internet-verstaerker-fuer-mehr-wlan-reichweite-wlan-repeater-fuer-bis-zu-10-geraete-geschwindigkeit-300-mbps-2-4-ghz-wlan-verstaerker-wlan-steckdose\/"},"modified":"2023-04-11T02:26:20","modified_gmt":"2023-04-11T00:26:20","slug":"rangextd-wlan-verstaerker-wifi-repeater-internet-verstaerker-fuer-mehr-wlan-reichweite-wlan-repeater-fuer-bis-zu-10-geraete-geschwindigkeit-300-mbps-2-4-ghz-wlan-verstaerker-wlan-steckdose","status":"publish","type":"product","link":"https:\/\/marktxxl.de\/markt\/produkt\/rangextd-wlan-verstaerker-wifi-repeater-internet-verstaerker-fuer-mehr-wlan-reichweite-wlan-repeater-fuer-bis-zu-10-geraete-geschwindigkeit-300-mbps-2-4-ghz-wlan-verstaerker-wlan-steckdose\/","title":{"rendered":"RangeXTD WLAN Repeater &#8211; WLAN Extender mit LAN Anschluss f\u00fcr eine bessere WLAN-Abdeckung daheim | WLAN Repeater gegen\u2026"},"content":{"rendered":"<p>WLAN ROUTER &amp; WLAN VERST\u00c4RKER DER N\u00c4CHSTEN GENERATION &#8211; Der RangeXTD WLAN Verst\u00e4rker ist vollgepackt mit m\u00e4chtigen Funktionen, um Ihren Router und Ihr gesamtes Heim WLAN Netzwerk zu beschleunigen. Streamen und surfen Sie, wie Sie wollen, mit Geschwindigkeiten von bis zu 300 Mbit\/s, 2,4-GHz-Band, dank zwei eingebauten Antennen und einer leicht ablesbaren LED-Signalst\u00e4rke-Anzeige<br \/>\nWLAN VERST\u00c4RKER F\u00dcR STECKDOSE F\u00dcR MEHR WLAN REICHWEITE &#8211; mit diesem WLAN Repeater gibt&#8217;s endlich kein Puffern mehr, keine Verz\u00f6gerungen und keine Funkl\u00f6cher. Fast wie eine WLAN Steckdose oder ein WLAN Stick &#8211; damit erhalten Sie perfektes WLAN bis in die letzte Ecke Ihres Hauses. Der Range XTD Wifi Repeater kommt durch W\u00e4nde hindurch und deckt Ihr ganzes Haus mit super schnellem WLAN und auch LAN ab, sodass Sie von jedem Zimmer aus ohne Unterbrechung streamen, arbeiten und spielen k\u00f6nnen<br \/>\nDER WLAN VERST\u00c4RKER &amp; Wifi EXTENDER, DER EINFACH MEHR KANN &#8211; sorgen Sie f\u00fcr genug Leistung, sobald ein paar mehr Ger\u00e4te mit dem Netz verbunden sind. Verbinden Sie bis zu 10 Ger\u00e4te ohne Einschr\u00e4nkungen bei Ihrer WLAN Geschwindigkeit. Schlie\u00dfen Sie Ihre Ger\u00e4te (Laptop, Spielekonsole usw.) an zwei ultraschnelle Ethernet-LAN-Ports an, um eine maximale LAN Verbindungsgeschwindigkeit zu erhalten<br \/>\nMOBILER WLAN ROUTER, den Sie kinderleicht einrichten k\u00f6nnen &#8211; Schlie\u00dfen Sie Ihren bereits vorhandenen WLAN-Router an und lassen Sie sich innerhalb weniger Minuten verbinden &#8211; Sie ben\u00f6tigen daf\u00fcr keinerlei technische Kenntnisse. Bei diesem WLAN Adapter brauchen Sie kein neues Modem, kein Mesh WLAN, kein Mesh Repeater oder eine Vielzahl von Verst\u00e4rkern und Boostern. Was Sie brauchen, ist lediglich ein Range XTD WLAN Verst\u00e4rker!<br \/>\nDER BESTE WLAN VERST\u00c4RKER UND SIGNALVERST\u00c4RKER F\u00dcR IHR ZUHAUSE UND B\u00dcRO &#8211; der RangeXTD ist ein WLAN &#8211; Repeater und Verst\u00e4rker, sehr kompakt, schlank und unauff\u00e4llig gebaut, sodass er sich Ihrer Inneneinrichtung harmonisch anpasst. Au\u00dferdem verf\u00fcgt er \u00fcber ein einzigartiges Bel\u00fcftungssystem, das ihn vor \u00dcberhitzung sch\u00fctzt. So sind Sie sicher und Ihre Verbindung bleibt stets stabil<br \/>\n<div class=\"main-cross-sell\" data-asin=\"B087D7C96F\">\n\n\t<div class=\"WooZone-cross-sell-loader\">\n\t\t<div>\n\t\t\t<div id=\"floatingBarsG\">\n\t\t\t\t<div class=\"blockG\" id=\"rotateG_01\"><\/div>\n\t\t\t\t<div class=\"blockG\" id=\"rotateG_02\"><\/div>\n\t\t\t\t<div class=\"blockG\" id=\"rotateG_03\"><\/div>\n\t\t\t\t<div class=\"blockG\" id=\"rotateG_04\"><\/div>\n\t\t\t\t<div class=\"blockG\" id=\"rotateG_05\"><\/div>\n\t\t\t\t<div class=\"blockG\" id=\"rotateG_06\"><\/div>\n\t\t\t\t<div class=\"blockG\" id=\"rotateG_07\"><\/div>\n\t\t\t\t<div class=\"blockG\" id=\"rotateG_08\"><\/div>\n\t\t\t<\/div>\n\t\t\t<div class=\"WooZone-cross-sell-loader-text\"><\/div>\n\t\t<\/div>\n\t<\/div>\n\n\t\t\n<\/div>\n<div style=\"clear:both;\"><\/div><\/p>\n","protected":false},"excerpt":{"rendered":"<p>WLAN ROUTER &amp; WLAN VERST\u00c4RKER DER N\u00c4CHSTEN GENERATION &#8211; Der RangeXTD WLAN Verst\u00e4rker ist vollgepackt mit m\u00e4chtigen Funktionen, um Ihren Router und Ihr gesamtes Heim WLAN Netzwerk zu beschleunigen. Streamen und surfen Sie, wie Sie wollen, mit Geschwindigkeiten von bis zu 300 Mbit\/s, 2,4-GHz-Band, dank zwei eingebauten Antennen und einer leicht ablesbaren LED-Signalst\u00e4rke-Anzeige<br \/>\nWLAN VERST\u00c4RKER F\u00dcR STECKDOSE F\u00dcR MEHR WLAN REICHWEITE &#8211; mit diesem WLAN Repeater gibt&#8217;s endlich kein Puffern mehr, keine Verz\u00f6gerungen und keine Funkl\u00f6cher. Fast wie eine WLAN Steckdose oder ein WLAN Stick &#8211; damit erhalten Sie perfektes WLAN bis in die letzte Ecke Ihres Hauses. Der Range XTD Wifi Repeater kommt durch W\u00e4nde hindurch und deckt Ihr ganzes Haus mit super schnellem WLAN und auch LAN ab, sodass Sie von jedem Zimmer aus ohne Unterbrechung streamen, arbeiten und spielen k\u00f6nnen<br \/>\nDER WLAN VERST\u00c4RKER &amp; Wifi EXTENDER, DER EINFACH MEHR KANN &#8211; sorgen Sie f\u00fcr genug Leistung, sobald ein paar mehr Ger\u00e4te mit dem Netz verbunden sind. Verbinden Sie bis zu 10 Ger\u00e4te ohne Einschr\u00e4nkungen bei Ihrer WLAN Geschwindigkeit. Schlie\u00dfen Sie Ihre Ger\u00e4te (Laptop, Spielekonsole usw.) an zwei ultraschnelle Ethernet-LAN-Ports an, um eine maximale LAN Verbindungsgeschwindigkeit zu erhalten<\/p>\n","protected":false},"featured_media":58838,"comment_status":"open","ping_status":"closed","template":"","meta":[],"product_brand":[],"product_cat":[863],"product_tag":[],"class_list":{"0":"post-58837","1":"product","2":"type-product","3":"status-publish","4":"has-post-thumbnail","6":"product_cat-computer-zubehoer","7":"pa_binding-elektronik","8":"pa_brand-rangextd","9":"pa_manufacturer-sctrendy","10":"pa_model-22071","11":"pa_warranty-register-your-warranty-information-provided-in-the-product-instruction-manual","12":"pa_weight-0-47619848592-pfund","14":"first","15":"instock","16":"shipping-taxable","17":"purchasable","18":"product-type-simple","19":"customify-col","20":"product-has-gallery"},"yoast_head":"<!-- This site is optimized with the Yoast SEO plugin v27.4 - https:\/\/yoast.com\/product\/yoast-seo-wordpress\/ -->\n<title>RangeXTD WLAN Repeater - WLAN Extender mit LAN Anschluss f\u00fcr eine bessere WLAN-Abdeckung daheim | WLAN Repeater gegen\u2026 - Markt-XXL<\/title>\n<meta name=\"description\" content=\"Markt-XXL RangeXTD WLAN Repeater - WLAN Extender mit LAN Anschluss f\u00fcr eine bessere WLAN-Abdeckung daheim | WLAN Repeater gegen\u2026\" \/>\n<meta name=\"robots\" content=\"index, follow, max-snippet:-1, max-image-preview:large, max-video-preview:-1\" \/>\n<link rel=\"canonical\" href=\"https:\/\/marktxxl.de\/markt\/produkt\/rangextd-wlan-verstaerker-wifi-repeater-internet-verstaerker-fuer-mehr-wlan-reichweite-wlan-repeater-fuer-bis-zu-10-geraete-geschwindigkeit-300-mbps-2-4-ghz-wlan-verstaerker-wlan-steckdose\/\" \/>\n<meta property=\"og:locale\" content=\"de_DE\" \/>\n<meta property=\"og:type\" content=\"article\" \/>\n<meta property=\"og:title\" content=\"RangeXTD WLAN Repeater - WLAN Extender mit LAN Anschluss f\u00fcr eine bessere WLAN-Abdeckung daheim | WLAN Repeater gegen\u2026 - Markt-XXL\" \/>\n<meta property=\"og:description\" content=\"Markt-XXL RangeXTD WLAN Repeater - WLAN Extender mit LAN Anschluss f\u00fcr eine bessere WLAN-Abdeckung daheim | WLAN Repeater gegen\u2026\" \/>\n<meta property=\"og:url\" content=\"https:\/\/marktxxl.de\/markt\/produkt\/rangextd-wlan-verstaerker-wifi-repeater-internet-verstaerker-fuer-mehr-wlan-reichweite-wlan-repeater-fuer-bis-zu-10-geraete-geschwindigkeit-300-mbps-2-4-ghz-wlan-verstaerker-wlan-steckdose\/\" \/>\n<meta property=\"og:site_name\" content=\"Markt-XXL\" \/>\n<meta property=\"article:modified_time\" content=\"2023-04-11T00:26:20+00:00\" \/>\n<meta property=\"og:image\" content=\"https:\/\/m.media-amazon.com\/images\/I\/41g337YYeyS._SL500_.jpg\" \/>\n\t<meta property=\"og:image:width\" content=\"500\" \/>\n\t<meta property=\"og:image:height\" content=\"500\" \/>\n\t<meta property=\"og:image:type\" content=\"image\/jpeg\" \/>\n<meta name=\"twitter:card\" content=\"summary_large_image\" \/>\n<meta name=\"twitter:label1\" content=\"Gesch\u00e4tzte Lesezeit\" \/>\n\t<meta name=\"twitter:data1\" content=\"2\u00a0Minuten\" \/>\n<script type=\"application\/ld+json\" class=\"yoast-schema-graph\">{\"@context\":\"https:\\\/\\\/schema.org\",\"@graph\":[{\"@type\":\"WebPage\",\"@id\":\"https:\\\/\\\/marktxxl.de\\\/markt\\\/produkt\\\/rangextd-wlan-verstaerker-wifi-repeater-internet-verstaerker-fuer-mehr-wlan-reichweite-wlan-repeater-fuer-bis-zu-10-geraete-geschwindigkeit-300-mbps-2-4-ghz-wlan-verstaerker-wlan-steckdose\\\/\",\"url\":\"https:\\\/\\\/marktxxl.de\\\/markt\\\/produkt\\\/rangextd-wlan-verstaerker-wifi-repeater-internet-verstaerker-fuer-mehr-wlan-reichweite-wlan-repeater-fuer-bis-zu-10-geraete-geschwindigkeit-300-mbps-2-4-ghz-wlan-verstaerker-wlan-steckdose\\\/\",\"name\":\"RangeXTD WLAN Repeater - WLAN Extender mit LAN Anschluss f\u00fcr eine bessere WLAN-Abdeckung daheim | WLAN Repeater gegen\u2026 - Markt-XXL\",\"isPartOf\":{\"@id\":\"https:\\\/\\\/marktxxl.de\\\/markt\\\/#website\"},\"primaryImageOfPage\":{\"@id\":\"https:\\\/\\\/marktxxl.de\\\/markt\\\/produkt\\\/rangextd-wlan-verstaerker-wifi-repeater-internet-verstaerker-fuer-mehr-wlan-reichweite-wlan-repeater-fuer-bis-zu-10-geraete-geschwindigkeit-300-mbps-2-4-ghz-wlan-verstaerker-wlan-steckdose\\\/#primaryimage\"},\"image\":{\"@id\":\"https:\\\/\\\/marktxxl.de\\\/markt\\\/produkt\\\/rangextd-wlan-verstaerker-wifi-repeater-internet-verstaerker-fuer-mehr-wlan-reichweite-wlan-repeater-fuer-bis-zu-10-geraete-geschwindigkeit-300-mbps-2-4-ghz-wlan-verstaerker-wlan-steckdose\\\/#primaryimage\"},\"thumbnailUrl\":\"https:\\\/\\\/m.media-amazon.com\\\/images\\\/I\\\/41g337YYeyS._SL500_.jpg\",\"datePublished\":\"2021-10-26T13:30:23+00:00\",\"dateModified\":\"2023-04-11T00:26:20+00:00\",\"description\":\"Markt-XXL RangeXTD WLAN Repeater - WLAN Extender mit LAN Anschluss f\u00fcr eine bessere WLAN-Abdeckung daheim | WLAN Repeater gegen\u2026\",\"breadcrumb\":{\"@id\":\"https:\\\/\\\/marktxxl.de\\\/markt\\\/produkt\\\/rangextd-wlan-verstaerker-wifi-repeater-internet-verstaerker-fuer-mehr-wlan-reichweite-wlan-repeater-fuer-bis-zu-10-geraete-geschwindigkeit-300-mbps-2-4-ghz-wlan-verstaerker-wlan-steckdose\\\/#breadcrumb\"},\"inLanguage\":\"de\",\"potentialAction\":[{\"@type\":\"ReadAction\",\"target\":[\"https:\\\/\\\/marktxxl.de\\\/markt\\\/produkt\\\/rangextd-wlan-verstaerker-wifi-repeater-internet-verstaerker-fuer-mehr-wlan-reichweite-wlan-repeater-fuer-bis-zu-10-geraete-geschwindigkeit-300-mbps-2-4-ghz-wlan-verstaerker-wlan-steckdose\\\/\"]}]},{\"@type\":\"ImageObject\",\"inLanguage\":\"de\",\"@id\":\"https:\\\/\\\/marktxxl.de\\\/markt\\\/produkt\\\/rangextd-wlan-verstaerker-wifi-repeater-internet-verstaerker-fuer-mehr-wlan-reichweite-wlan-repeater-fuer-bis-zu-10-geraete-geschwindigkeit-300-mbps-2-4-ghz-wlan-verstaerker-wlan-steckdose\\\/#primaryimage\",\"url\":\"https:\\\/\\\/m.media-amazon.com\\\/images\\\/I\\\/41g337YYeyS._SL500_.jpg\",\"contentUrl\":\"https:\\\/\\\/m.media-amazon.com\\\/images\\\/I\\\/41g337YYeyS._SL500_.jpg\",\"width\":500,\"height\":500},{\"@type\":\"BreadcrumbList\",\"@id\":\"https:\\\/\\\/marktxxl.de\\\/markt\\\/produkt\\\/rangextd-wlan-verstaerker-wifi-repeater-internet-verstaerker-fuer-mehr-wlan-reichweite-wlan-repeater-fuer-bis-zu-10-geraete-geschwindigkeit-300-mbps-2-4-ghz-wlan-verstaerker-wlan-steckdose\\\/#breadcrumb\",\"itemListElement\":[{\"@type\":\"ListItem\",\"position\":1,\"name\":\"Startseite\",\"item\":\"https:\\\/\\\/marktxxl.de\\\/markt\\\/\"},{\"@type\":\"ListItem\",\"position\":2,\"name\":\"Markt\",\"item\":\"https:\\\/\\\/marktxxl.de\\\/markt\\\/\"},{\"@type\":\"ListItem\",\"position\":3,\"name\":\"RangeXTD WLAN Repeater &#8211; WLAN Extender mit LAN Anschluss f\u00fcr eine bessere WLAN-Abdeckung daheim | WLAN Repeater gegen\u2026\"}]},{\"@type\":\"WebSite\",\"@id\":\"https:\\\/\\\/marktxxl.de\\\/markt\\\/#website\",\"url\":\"https:\\\/\\\/marktxxl.de\\\/markt\\\/\",\"name\":\"Markt-XXL\",\"description\":\"Ihr Markt Online\",\"publisher\":{\"@id\":\"https:\\\/\\\/marktxxl.de\\\/markt\\\/#organization\"},\"potentialAction\":[{\"@type\":\"SearchAction\",\"target\":{\"@type\":\"EntryPoint\",\"urlTemplate\":\"https:\\\/\\\/marktxxl.de\\\/markt\\\/?s={search_term_string}\"},\"query-input\":{\"@type\":\"PropertyValueSpecification\",\"valueRequired\":true,\"valueName\":\"search_term_string\"}}],\"inLanguage\":\"de\"},{\"@type\":\"Organization\",\"@id\":\"https:\\\/\\\/marktxxl.de\\\/markt\\\/#organization\",\"name\":\"Markt-XXL\",\"url\":\"https:\\\/\\\/marktxxl.de\\\/markt\\\/\",\"logo\":{\"@type\":\"ImageObject\",\"inLanguage\":\"de\",\"@id\":\"https:\\\/\\\/marktxxl.de\\\/markt\\\/#\\\/schema\\\/logo\\\/image\\\/\",\"url\":\"https:\\\/\\\/marktxxl.de\\\/markt\\\/wp-content\\\/uploads\\\/sites\\\/3\\\/2020\\\/12\\\/logo.png\",\"contentUrl\":\"https:\\\/\\\/marktxxl.de\\\/markt\\\/wp-content\\\/uploads\\\/sites\\\/3\\\/2020\\\/12\\\/logo.png\",\"width\":200,\"height\":70,\"caption\":\"Markt-XXL\"},\"image\":{\"@id\":\"https:\\\/\\\/marktxxl.de\\\/markt\\\/#\\\/schema\\\/logo\\\/image\\\/\"}}]}<\/script>\n<!-- \/ Yoast SEO plugin. -->","yoast_head_json":{"title":"RangeXTD WLAN Repeater - WLAN Extender mit LAN Anschluss f\u00fcr eine bessere WLAN-Abdeckung daheim | WLAN Repeater gegen\u2026 - Markt-XXL","description":"Markt-XXL RangeXTD WLAN Repeater - WLAN Extender mit LAN Anschluss f\u00fcr eine bessere WLAN-Abdeckung daheim | WLAN Repeater gegen\u2026","robots":{"index":"index","follow":"follow","max-snippet":"max-snippet:-1","max-image-preview":"max-image-preview:large","max-video-preview":"max-video-preview:-1"},"canonical":"https:\/\/marktxxl.de\/markt\/produkt\/rangextd-wlan-verstaerker-wifi-repeater-internet-verstaerker-fuer-mehr-wlan-reichweite-wlan-repeater-fuer-bis-zu-10-geraete-geschwindigkeit-300-mbps-2-4-ghz-wlan-verstaerker-wlan-steckdose\/","og_locale":"de_DE","og_type":"article","og_title":"RangeXTD WLAN Repeater - WLAN Extender mit LAN Anschluss f\u00fcr eine bessere WLAN-Abdeckung daheim | WLAN Repeater gegen\u2026 - Markt-XXL","og_description":"Markt-XXL RangeXTD WLAN Repeater - WLAN Extender mit LAN Anschluss f\u00fcr eine bessere WLAN-Abdeckung daheim | WLAN Repeater gegen\u2026","og_url":"https:\/\/marktxxl.de\/markt\/produkt\/rangextd-wlan-verstaerker-wifi-repeater-internet-verstaerker-fuer-mehr-wlan-reichweite-wlan-repeater-fuer-bis-zu-10-geraete-geschwindigkeit-300-mbps-2-4-ghz-wlan-verstaerker-wlan-steckdose\/","og_site_name":"Markt-XXL","article_modified_time":"2023-04-11T00:26:20+00:00","og_image":[{"width":500,"height":500,"url":"https:\/\/m.media-amazon.com\/images\/I\/41g337YYeyS._SL500_.jpg","type":"image\/jpeg"}],"twitter_card":"summary_large_image","twitter_misc":{"Gesch\u00e4tzte Lesezeit":"2\u00a0Minuten"},"schema":{"@context":"https:\/\/schema.org","@graph":[{"@type":"WebPage","@id":"https:\/\/marktxxl.de\/markt\/produkt\/rangextd-wlan-verstaerker-wifi-repeater-internet-verstaerker-fuer-mehr-wlan-reichweite-wlan-repeater-fuer-bis-zu-10-geraete-geschwindigkeit-300-mbps-2-4-ghz-wlan-verstaerker-wlan-steckdose\/","url":"https:\/\/marktxxl.de\/markt\/produkt\/rangextd-wlan-verstaerker-wifi-repeater-internet-verstaerker-fuer-mehr-wlan-reichweite-wlan-repeater-fuer-bis-zu-10-geraete-geschwindigkeit-300-mbps-2-4-ghz-wlan-verstaerker-wlan-steckdose\/","name":"RangeXTD WLAN Repeater - WLAN Extender mit LAN Anschluss f\u00fcr eine bessere WLAN-Abdeckung daheim | WLAN Repeater gegen\u2026 - Markt-XXL","isPartOf":{"@id":"https:\/\/marktxxl.de\/markt\/#website"},"primaryImageOfPage":{"@id":"https:\/\/marktxxl.de\/markt\/produkt\/rangextd-wlan-verstaerker-wifi-repeater-internet-verstaerker-fuer-mehr-wlan-reichweite-wlan-repeater-fuer-bis-zu-10-geraete-geschwindigkeit-300-mbps-2-4-ghz-wlan-verstaerker-wlan-steckdose\/#primaryimage"},"image":{"@id":"https:\/\/marktxxl.de\/markt\/produkt\/rangextd-wlan-verstaerker-wifi-repeater-internet-verstaerker-fuer-mehr-wlan-reichweite-wlan-repeater-fuer-bis-zu-10-geraete-geschwindigkeit-300-mbps-2-4-ghz-wlan-verstaerker-wlan-steckdose\/#primaryimage"},"thumbnailUrl":"https:\/\/m.media-amazon.com\/images\/I\/41g337YYeyS._SL500_.jpg","datePublished":"2021-10-26T13:30:23+00:00","dateModified":"2023-04-11T00:26:20+00:00","description":"Markt-XXL RangeXTD WLAN Repeater - WLAN Extender mit LAN Anschluss f\u00fcr eine bessere WLAN-Abdeckung daheim | WLAN Repeater gegen\u2026","breadcrumb":{"@id":"https:\/\/marktxxl.de\/markt\/produkt\/rangextd-wlan-verstaerker-wifi-repeater-internet-verstaerker-fuer-mehr-wlan-reichweite-wlan-repeater-fuer-bis-zu-10-geraete-geschwindigkeit-300-mbps-2-4-ghz-wlan-verstaerker-wlan-steckdose\/#breadcrumb"},"inLanguage":"de","potentialAction":[{"@type":"ReadAction","target":["https:\/\/marktxxl.de\/markt\/produkt\/rangextd-wlan-verstaerker-wifi-repeater-internet-verstaerker-fuer-mehr-wlan-reichweite-wlan-repeater-fuer-bis-zu-10-geraete-geschwindigkeit-300-mbps-2-4-ghz-wlan-verstaerker-wlan-steckdose\/"]}]},{"@type":"ImageObject","inLanguage":"de","@id":"https:\/\/marktxxl.de\/markt\/produkt\/rangextd-wlan-verstaerker-wifi-repeater-internet-verstaerker-fuer-mehr-wlan-reichweite-wlan-repeater-fuer-bis-zu-10-geraete-geschwindigkeit-300-mbps-2-4-ghz-wlan-verstaerker-wlan-steckdose\/#primaryimage","url":"https:\/\/m.media-amazon.com\/images\/I\/41g337YYeyS._SL500_.jpg","contentUrl":"https:\/\/m.media-amazon.com\/images\/I\/41g337YYeyS._SL500_.jpg","width":500,"height":500},{"@type":"BreadcrumbList","@id":"https:\/\/marktxxl.de\/markt\/produkt\/rangextd-wlan-verstaerker-wifi-repeater-internet-verstaerker-fuer-mehr-wlan-reichweite-wlan-repeater-fuer-bis-zu-10-geraete-geschwindigkeit-300-mbps-2-4-ghz-wlan-verstaerker-wlan-steckdose\/#breadcrumb","itemListElement":[{"@type":"ListItem","position":1,"name":"Startseite","item":"https:\/\/marktxxl.de\/markt\/"},{"@type":"ListItem","position":2,"name":"Markt","item":"https:\/\/marktxxl.de\/markt\/"},{"@type":"ListItem","position":3,"name":"RangeXTD WLAN Repeater &#8211; WLAN Extender mit LAN Anschluss f\u00fcr eine bessere WLAN-Abdeckung daheim | WLAN Repeater gegen\u2026"}]},{"@type":"WebSite","@id":"https:\/\/marktxxl.de\/markt\/#website","url":"https:\/\/marktxxl.de\/markt\/","name":"Markt-XXL","description":"Ihr Markt Online","publisher":{"@id":"https:\/\/marktxxl.de\/markt\/#organization"},"potentialAction":[{"@type":"SearchAction","target":{"@type":"EntryPoint","urlTemplate":"https:\/\/marktxxl.de\/markt\/?s={search_term_string}"},"query-input":{"@type":"PropertyValueSpecification","valueRequired":true,"valueName":"search_term_string"}}],"inLanguage":"de"},{"@type":"Organization","@id":"https:\/\/marktxxl.de\/markt\/#organization","name":"Markt-XXL","url":"https:\/\/marktxxl.de\/markt\/","logo":{"@type":"ImageObject","inLanguage":"de","@id":"https:\/\/marktxxl.de\/markt\/#\/schema\/logo\/image\/","url":"https:\/\/marktxxl.de\/markt\/wp-content\/uploads\/sites\/3\/2020\/12\/logo.png","contentUrl":"https:\/\/marktxxl.de\/markt\/wp-content\/uploads\/sites\/3\/2020\/12\/logo.png","width":200,"height":70,"caption":"Markt-XXL"},"image":{"@id":"https:\/\/marktxxl.de\/markt\/#\/schema\/logo\/image\/"}}]}},"_links":{"self":[{"href":"https:\/\/marktxxl.de\/markt\/wp-json\/wp\/v2\/product\/58837","targetHints":{"allow":["GET"]}}],"collection":[{"href":"https:\/\/marktxxl.de\/markt\/wp-json\/wp\/v2\/product"}],"about":[{"href":"https:\/\/marktxxl.de\/markt\/wp-json\/wp\/v2\/types\/product"}],"replies":[{"embeddable":true,"href":"https:\/\/marktxxl.de\/markt\/wp-json\/wp\/v2\/comments?post=58837"}],"wp:featuredmedia":[{"embeddable":true,"href":"https:\/\/marktxxl.de\/markt\/wp-json\/wp\/v2\/media\/58838"}],"wp:attachment":[{"href":"https:\/\/marktxxl.de\/markt\/wp-json\/wp\/v2\/media?parent=58837"}],"wp:term":[{"taxonomy":"product_brand","embeddable":true,"href":"https:\/\/marktxxl.de\/markt\/wp-json\/wp\/v2\/product_brand?post=58837"},{"taxonomy":"product_cat","embeddable":true,"href":"https:\/\/marktxxl.de\/markt\/wp-json\/wp\/v2\/product_cat?post=58837"},{"taxonomy":"product_tag","embeddable":true,"href":"https:\/\/marktxxl.de\/markt\/wp-json\/wp\/v2\/product_tag?post=58837"}],"curies":[{"name":"wp","href":"https:\/\/api.w.org\/{rel}","templated":true}]}}