{"id":58760,"date":"2021-10-26T15:27:08","date_gmt":"2021-10-26T13:27:08","guid":{"rendered":"https:\/\/marktxxl.de\/markt\/produkt\/vicloon-danke-aufkleber-500-stueck-thank-you-label-mit-handschrift-gold-folie-runde-etiketten-selbstklebend-fuer-glaeser-marmelade-geschenktueten-briefumschlag-hochzeit-thanksgiving3-8cm-o\/"},"modified":"2023-04-11T02:26:19","modified_gmt":"2023-04-11T00:26:19","slug":"vicloon-danke-aufkleber-500-stueck-thank-you-label-mit-handschrift-gold-folie-runde-etiketten-selbstklebend-fuer-glaeser-marmelade-geschenktueten-briefumschlag-hochzeit-thanksgiving3-8cm-o","status":"publish","type":"product","link":"https:\/\/marktxxl.de\/markt\/produkt\/vicloon-danke-aufkleber-500-stueck-thank-you-label-mit-handschrift-gold-folie-runde-etiketten-selbstklebend-fuer-glaeser-marmelade-geschenktueten-briefumschlag-hochzeit-thanksgiving3-8cm-o\/","title":{"rendered":"Vicloon Danke Aufkleber, 500 St\u00fcck Thank You Label mit Handschrift Gold Folie, Runde Etiketten Selbstklebend f\u00fcr Gl\u00e4ser\u2026"},"content":{"rendered":"<p>Menge: Sie erhalten 1 Aufkleberrolle mit 500 Aufklebern mit einem Durchmesser von jeweils 3,8 cm. F\u00fcgen Sie Ihren Geschenken, Notizen und Briefen ein einfaches, aber durchdachtes Etikett hinzu, das Ihre sch\u00f6ne pers\u00f6nliche Note sein kann.<br \/>\nEinzigartiges Design: Auf dem Aufkleber sind Buchstaben aus Aluminiumfolie aufgedruckt, die elegant und exquisit aussehen. Es ist speziell f\u00fcr Gesch\u00e4ftsinhaber konzipiert. Das Anbringen exquisiter Aufkleber auf Produkttaschen, Verpackungsschachteln, Umschl\u00e4gen und Quittungen, um den Kunden ihren Dank auszudr\u00fccken, tr\u00e4gt zum Aufbau langfristiger kooperativer Beziehungen bei.<br \/>\nStarke Klebrigkeit: Der Aufkleber ist einfach zu verwenden und h\u00e4lt lange. Sie lassen sich leicht abziehen oder auf Papier kleben. Sie bestehen aus hochwertigen selbstklebenden Materialien und k\u00f6nnen lange Zeit auf jeder Oberfl\u00e4che verwendet werden, ohne herunterzufallen.<br \/>\nWasserdicht und Langlebig: Gedruckt mit ros\u00e9goldener Tinte auf Papier mit glatter Oberfl\u00e4che und einigen modischen bronzierenden Buchstaben und Elementen. Dieser Aufkleber besteht aus hochwertigem PP-Material, das wasserdicht und langlebig ist.<br \/>\nBreite Anwendung: Es kann von kleinen und mittleren Gesch\u00e4ftsinhabern in Online-Einzelh\u00e4ndlern, handgefertigten Gesch\u00e4ftsverpackungen, Geschenkkarten, Sammelalben, Schmuckschatullen, Umschl\u00e4gen, Visitenkarten, Blumenverpackungen, Brotverpackungen usw. verwendet werden.<br \/>\n<div class=\"main-cross-sell\" data-asin=\"B08JFZ6QM8\">\n\n\t<div class=\"WooZone-cross-sell-loader\">\n\t\t<div>\n\t\t\t<div id=\"floatingBarsG\">\n\t\t\t\t<div class=\"blockG\" id=\"rotateG_01\"><\/div>\n\t\t\t\t<div class=\"blockG\" id=\"rotateG_02\"><\/div>\n\t\t\t\t<div class=\"blockG\" id=\"rotateG_03\"><\/div>\n\t\t\t\t<div class=\"blockG\" id=\"rotateG_04\"><\/div>\n\t\t\t\t<div class=\"blockG\" id=\"rotateG_05\"><\/div>\n\t\t\t\t<div class=\"blockG\" id=\"rotateG_06\"><\/div>\n\t\t\t\t<div class=\"blockG\" id=\"rotateG_07\"><\/div>\n\t\t\t\t<div class=\"blockG\" id=\"rotateG_08\"><\/div>\n\t\t\t<\/div>\n\t\t\t<div class=\"WooZone-cross-sell-loader-text\"><\/div>\n\t\t<\/div>\n\t<\/div>\n\n\t\t\n<\/div>\n<div style=\"clear:both;\"><\/div><\/p>\n","protected":false},"excerpt":{"rendered":"<p>Menge: Sie erhalten 1 Aufkleberrolle mit 500 Aufklebern mit einem Durchmesser von jeweils 3,8 cm. F\u00fcgen Sie Ihren Geschenken, Notizen und Briefen ein einfaches, aber durchdachtes Etikett hinzu, das Ihre sch\u00f6ne pers\u00f6nliche Note sein kann.<br \/>\nEinzigartiges Design: Auf dem Aufkleber sind Buchstaben aus Aluminiumfolie aufgedruckt, die elegant und exquisit aussehen. Es ist speziell f\u00fcr Gesch\u00e4ftsinhaber konzipiert. Das Anbringen exquisiter Aufkleber auf Produkttaschen, Verpackungsschachteln, Umschl\u00e4gen und Quittungen, um den Kunden ihren Dank auszudr\u00fccken, tr\u00e4gt zum Aufbau langfristiger kooperativer Beziehungen bei.<br \/>\nStarke Klebrigkeit: Der Aufkleber ist einfach zu verwenden und h\u00e4lt lange. Sie lassen sich leicht abziehen oder auf Papier kleben. Sie bestehen aus hochwertigen selbstklebenden Materialien und k\u00f6nnen lange Zeit auf jeder Oberfl\u00e4che verwendet werden, ohne herunterzufallen.<\/p>\n","protected":false},"featured_media":58761,"comment_status":"open","ping_status":"closed","template":"","meta":[],"product_brand":[],"product_cat":[504,8284],"product_tag":[],"class_list":{"0":"post-58760","1":"product","2":"type-product","3":"status-publish","4":"has-post-thumbnail","6":"product_cat-buerobedarf-schreibwaren","7":"product_cat-bueromaterial","8":"pa_brand-vicloon","9":"pa_manufacturer-vicloon","11":"first","12":"instock","13":"shipping-taxable","14":"purchasable","15":"product-type-simple","16":"customify-col","17":"product-has-gallery"},"yoast_head":"<!-- This site is optimized with the Yoast SEO plugin v27.4 - https:\/\/yoast.com\/product\/yoast-seo-wordpress\/ -->\n<title>Vicloon Danke Aufkleber, 500 St\u00fcck Thank You Label mit Handschrift Gold Folie, Runde Etiketten Selbstklebend f\u00fcr Gl\u00e4ser\u2026 - Markt-XXL<\/title>\n<meta name=\"description\" content=\"Markt-XXL Vicloon Danke Aufkleber, 500 St\u00fcck Thank You Label mit Handschrift Gold Folie, Runde Etiketten Selbstklebend f\u00fcr Gl\u00e4ser\u2026\" \/>\n<meta name=\"robots\" content=\"index, follow, max-snippet:-1, max-image-preview:large, max-video-preview:-1\" \/>\n<link rel=\"canonical\" href=\"https:\/\/marktxxl.de\/markt\/produkt\/vicloon-danke-aufkleber-500-stueck-thank-you-label-mit-handschrift-gold-folie-runde-etiketten-selbstklebend-fuer-glaeser-marmelade-geschenktueten-briefumschlag-hochzeit-thanksgiving3-8cm-o\/\" \/>\n<meta property=\"og:locale\" content=\"de_DE\" \/>\n<meta property=\"og:type\" content=\"article\" \/>\n<meta property=\"og:title\" content=\"Vicloon Danke Aufkleber, 500 St\u00fcck Thank You Label mit Handschrift Gold Folie, Runde Etiketten Selbstklebend f\u00fcr Gl\u00e4ser\u2026 - Markt-XXL\" \/>\n<meta property=\"og:description\" content=\"Markt-XXL Vicloon Danke Aufkleber, 500 St\u00fcck Thank You Label mit Handschrift Gold Folie, Runde Etiketten Selbstklebend f\u00fcr Gl\u00e4ser\u2026\" \/>\n<meta property=\"og:url\" content=\"https:\/\/marktxxl.de\/markt\/produkt\/vicloon-danke-aufkleber-500-stueck-thank-you-label-mit-handschrift-gold-folie-runde-etiketten-selbstklebend-fuer-glaeser-marmelade-geschenktueten-briefumschlag-hochzeit-thanksgiving3-8cm-o\/\" \/>\n<meta property=\"og:site_name\" content=\"Markt-XXL\" \/>\n<meta property=\"article:modified_time\" content=\"2023-04-11T00:26:19+00:00\" \/>\n<meta property=\"og:image\" content=\"https:\/\/m.media-amazon.com\/images\/I\/4124rsJQTiL._SL500_.jpg\" \/>\n\t<meta property=\"og:image:width\" content=\"500\" \/>\n\t<meta property=\"og:image:height\" content=\"500\" \/>\n\t<meta property=\"og:image:type\" content=\"image\/jpeg\" \/>\n<meta name=\"twitter:card\" content=\"summary_large_image\" \/>\n<meta name=\"twitter:label1\" content=\"Gesch\u00e4tzte Lesezeit\" \/>\n\t<meta name=\"twitter:data1\" content=\"1\u00a0Minute\" \/>\n<script type=\"application\/ld+json\" class=\"yoast-schema-graph\">{\"@context\":\"https:\\\/\\\/schema.org\",\"@graph\":[{\"@type\":\"WebPage\",\"@id\":\"https:\\\/\\\/marktxxl.de\\\/markt\\\/produkt\\\/vicloon-danke-aufkleber-500-stueck-thank-you-label-mit-handschrift-gold-folie-runde-etiketten-selbstklebend-fuer-glaeser-marmelade-geschenktueten-briefumschlag-hochzeit-thanksgiving3-8cm-o\\\/\",\"url\":\"https:\\\/\\\/marktxxl.de\\\/markt\\\/produkt\\\/vicloon-danke-aufkleber-500-stueck-thank-you-label-mit-handschrift-gold-folie-runde-etiketten-selbstklebend-fuer-glaeser-marmelade-geschenktueten-briefumschlag-hochzeit-thanksgiving3-8cm-o\\\/\",\"name\":\"Vicloon Danke Aufkleber, 500 St\u00fcck Thank You Label mit Handschrift Gold Folie, Runde Etiketten Selbstklebend f\u00fcr Gl\u00e4ser\u2026 - Markt-XXL\",\"isPartOf\":{\"@id\":\"https:\\\/\\\/marktxxl.de\\\/markt\\\/#website\"},\"primaryImageOfPage\":{\"@id\":\"https:\\\/\\\/marktxxl.de\\\/markt\\\/produkt\\\/vicloon-danke-aufkleber-500-stueck-thank-you-label-mit-handschrift-gold-folie-runde-etiketten-selbstklebend-fuer-glaeser-marmelade-geschenktueten-briefumschlag-hochzeit-thanksgiving3-8cm-o\\\/#primaryimage\"},\"image\":{\"@id\":\"https:\\\/\\\/marktxxl.de\\\/markt\\\/produkt\\\/vicloon-danke-aufkleber-500-stueck-thank-you-label-mit-handschrift-gold-folie-runde-etiketten-selbstklebend-fuer-glaeser-marmelade-geschenktueten-briefumschlag-hochzeit-thanksgiving3-8cm-o\\\/#primaryimage\"},\"thumbnailUrl\":\"https:\\\/\\\/m.media-amazon.com\\\/images\\\/I\\\/4124rsJQTiL._SL500_.jpg\",\"datePublished\":\"2021-10-26T13:27:08+00:00\",\"dateModified\":\"2023-04-11T00:26:19+00:00\",\"description\":\"Markt-XXL Vicloon Danke Aufkleber, 500 St\u00fcck Thank You Label mit Handschrift Gold Folie, Runde Etiketten Selbstklebend f\u00fcr Gl\u00e4ser\u2026\",\"breadcrumb\":{\"@id\":\"https:\\\/\\\/marktxxl.de\\\/markt\\\/produkt\\\/vicloon-danke-aufkleber-500-stueck-thank-you-label-mit-handschrift-gold-folie-runde-etiketten-selbstklebend-fuer-glaeser-marmelade-geschenktueten-briefumschlag-hochzeit-thanksgiving3-8cm-o\\\/#breadcrumb\"},\"inLanguage\":\"de\",\"potentialAction\":[{\"@type\":\"ReadAction\",\"target\":[\"https:\\\/\\\/marktxxl.de\\\/markt\\\/produkt\\\/vicloon-danke-aufkleber-500-stueck-thank-you-label-mit-handschrift-gold-folie-runde-etiketten-selbstklebend-fuer-glaeser-marmelade-geschenktueten-briefumschlag-hochzeit-thanksgiving3-8cm-o\\\/\"]}]},{\"@type\":\"ImageObject\",\"inLanguage\":\"de\",\"@id\":\"https:\\\/\\\/marktxxl.de\\\/markt\\\/produkt\\\/vicloon-danke-aufkleber-500-stueck-thank-you-label-mit-handschrift-gold-folie-runde-etiketten-selbstklebend-fuer-glaeser-marmelade-geschenktueten-briefumschlag-hochzeit-thanksgiving3-8cm-o\\\/#primaryimage\",\"url\":\"https:\\\/\\\/m.media-amazon.com\\\/images\\\/I\\\/4124rsJQTiL._SL500_.jpg\",\"contentUrl\":\"https:\\\/\\\/m.media-amazon.com\\\/images\\\/I\\\/4124rsJQTiL._SL500_.jpg\",\"width\":500,\"height\":500},{\"@type\":\"BreadcrumbList\",\"@id\":\"https:\\\/\\\/marktxxl.de\\\/markt\\\/produkt\\\/vicloon-danke-aufkleber-500-stueck-thank-you-label-mit-handschrift-gold-folie-runde-etiketten-selbstklebend-fuer-glaeser-marmelade-geschenktueten-briefumschlag-hochzeit-thanksgiving3-8cm-o\\\/#breadcrumb\",\"itemListElement\":[{\"@type\":\"ListItem\",\"position\":1,\"name\":\"Startseite\",\"item\":\"https:\\\/\\\/marktxxl.de\\\/markt\\\/\"},{\"@type\":\"ListItem\",\"position\":2,\"name\":\"Markt\",\"item\":\"https:\\\/\\\/marktxxl.de\\\/markt\\\/\"},{\"@type\":\"ListItem\",\"position\":3,\"name\":\"Vicloon Danke Aufkleber, 500 St\u00fcck Thank You Label mit Handschrift Gold Folie, Runde Etiketten Selbstklebend f\u00fcr Gl\u00e4ser\u2026\"}]},{\"@type\":\"WebSite\",\"@id\":\"https:\\\/\\\/marktxxl.de\\\/markt\\\/#website\",\"url\":\"https:\\\/\\\/marktxxl.de\\\/markt\\\/\",\"name\":\"Markt-XXL\",\"description\":\"Ihr Markt Online\",\"publisher\":{\"@id\":\"https:\\\/\\\/marktxxl.de\\\/markt\\\/#organization\"},\"potentialAction\":[{\"@type\":\"SearchAction\",\"target\":{\"@type\":\"EntryPoint\",\"urlTemplate\":\"https:\\\/\\\/marktxxl.de\\\/markt\\\/?s={search_term_string}\"},\"query-input\":{\"@type\":\"PropertyValueSpecification\",\"valueRequired\":true,\"valueName\":\"search_term_string\"}}],\"inLanguage\":\"de\"},{\"@type\":\"Organization\",\"@id\":\"https:\\\/\\\/marktxxl.de\\\/markt\\\/#organization\",\"name\":\"Markt-XXL\",\"url\":\"https:\\\/\\\/marktxxl.de\\\/markt\\\/\",\"logo\":{\"@type\":\"ImageObject\",\"inLanguage\":\"de\",\"@id\":\"https:\\\/\\\/marktxxl.de\\\/markt\\\/#\\\/schema\\\/logo\\\/image\\\/\",\"url\":\"https:\\\/\\\/marktxxl.de\\\/markt\\\/wp-content\\\/uploads\\\/sites\\\/3\\\/2020\\\/12\\\/logo.png\",\"contentUrl\":\"https:\\\/\\\/marktxxl.de\\\/markt\\\/wp-content\\\/uploads\\\/sites\\\/3\\\/2020\\\/12\\\/logo.png\",\"width\":200,\"height\":70,\"caption\":\"Markt-XXL\"},\"image\":{\"@id\":\"https:\\\/\\\/marktxxl.de\\\/markt\\\/#\\\/schema\\\/logo\\\/image\\\/\"}}]}<\/script>\n<!-- \/ Yoast SEO plugin. -->","yoast_head_json":{"title":"Vicloon Danke Aufkleber, 500 St\u00fcck Thank You Label mit Handschrift Gold Folie, Runde Etiketten Selbstklebend f\u00fcr Gl\u00e4ser\u2026 - Markt-XXL","description":"Markt-XXL Vicloon Danke Aufkleber, 500 St\u00fcck Thank You Label mit Handschrift Gold Folie, Runde Etiketten Selbstklebend f\u00fcr Gl\u00e4ser\u2026","robots":{"index":"index","follow":"follow","max-snippet":"max-snippet:-1","max-image-preview":"max-image-preview:large","max-video-preview":"max-video-preview:-1"},"canonical":"https:\/\/marktxxl.de\/markt\/produkt\/vicloon-danke-aufkleber-500-stueck-thank-you-label-mit-handschrift-gold-folie-runde-etiketten-selbstklebend-fuer-glaeser-marmelade-geschenktueten-briefumschlag-hochzeit-thanksgiving3-8cm-o\/","og_locale":"de_DE","og_type":"article","og_title":"Vicloon Danke Aufkleber, 500 St\u00fcck Thank You Label mit Handschrift Gold Folie, Runde Etiketten Selbstklebend f\u00fcr Gl\u00e4ser\u2026 - Markt-XXL","og_description":"Markt-XXL Vicloon Danke Aufkleber, 500 St\u00fcck Thank You Label mit Handschrift Gold Folie, Runde Etiketten Selbstklebend f\u00fcr Gl\u00e4ser\u2026","og_url":"https:\/\/marktxxl.de\/markt\/produkt\/vicloon-danke-aufkleber-500-stueck-thank-you-label-mit-handschrift-gold-folie-runde-etiketten-selbstklebend-fuer-glaeser-marmelade-geschenktueten-briefumschlag-hochzeit-thanksgiving3-8cm-o\/","og_site_name":"Markt-XXL","article_modified_time":"2023-04-11T00:26:19+00:00","og_image":[{"width":500,"height":500,"url":"https:\/\/m.media-amazon.com\/images\/I\/4124rsJQTiL._SL500_.jpg","type":"image\/jpeg"}],"twitter_card":"summary_large_image","twitter_misc":{"Gesch\u00e4tzte Lesezeit":"1\u00a0Minute"},"schema":{"@context":"https:\/\/schema.org","@graph":[{"@type":"WebPage","@id":"https:\/\/marktxxl.de\/markt\/produkt\/vicloon-danke-aufkleber-500-stueck-thank-you-label-mit-handschrift-gold-folie-runde-etiketten-selbstklebend-fuer-glaeser-marmelade-geschenktueten-briefumschlag-hochzeit-thanksgiving3-8cm-o\/","url":"https:\/\/marktxxl.de\/markt\/produkt\/vicloon-danke-aufkleber-500-stueck-thank-you-label-mit-handschrift-gold-folie-runde-etiketten-selbstklebend-fuer-glaeser-marmelade-geschenktueten-briefumschlag-hochzeit-thanksgiving3-8cm-o\/","name":"Vicloon Danke Aufkleber, 500 St\u00fcck Thank You Label mit Handschrift Gold Folie, Runde Etiketten Selbstklebend f\u00fcr Gl\u00e4ser\u2026 - Markt-XXL","isPartOf":{"@id":"https:\/\/marktxxl.de\/markt\/#website"},"primaryImageOfPage":{"@id":"https:\/\/marktxxl.de\/markt\/produkt\/vicloon-danke-aufkleber-500-stueck-thank-you-label-mit-handschrift-gold-folie-runde-etiketten-selbstklebend-fuer-glaeser-marmelade-geschenktueten-briefumschlag-hochzeit-thanksgiving3-8cm-o\/#primaryimage"},"image":{"@id":"https:\/\/marktxxl.de\/markt\/produkt\/vicloon-danke-aufkleber-500-stueck-thank-you-label-mit-handschrift-gold-folie-runde-etiketten-selbstklebend-fuer-glaeser-marmelade-geschenktueten-briefumschlag-hochzeit-thanksgiving3-8cm-o\/#primaryimage"},"thumbnailUrl":"https:\/\/m.media-amazon.com\/images\/I\/4124rsJQTiL._SL500_.jpg","datePublished":"2021-10-26T13:27:08+00:00","dateModified":"2023-04-11T00:26:19+00:00","description":"Markt-XXL Vicloon Danke Aufkleber, 500 St\u00fcck Thank You Label mit Handschrift Gold Folie, Runde Etiketten Selbstklebend f\u00fcr Gl\u00e4ser\u2026","breadcrumb":{"@id":"https:\/\/marktxxl.de\/markt\/produkt\/vicloon-danke-aufkleber-500-stueck-thank-you-label-mit-handschrift-gold-folie-runde-etiketten-selbstklebend-fuer-glaeser-marmelade-geschenktueten-briefumschlag-hochzeit-thanksgiving3-8cm-o\/#breadcrumb"},"inLanguage":"de","potentialAction":[{"@type":"ReadAction","target":["https:\/\/marktxxl.de\/markt\/produkt\/vicloon-danke-aufkleber-500-stueck-thank-you-label-mit-handschrift-gold-folie-runde-etiketten-selbstklebend-fuer-glaeser-marmelade-geschenktueten-briefumschlag-hochzeit-thanksgiving3-8cm-o\/"]}]},{"@type":"ImageObject","inLanguage":"de","@id":"https:\/\/marktxxl.de\/markt\/produkt\/vicloon-danke-aufkleber-500-stueck-thank-you-label-mit-handschrift-gold-folie-runde-etiketten-selbstklebend-fuer-glaeser-marmelade-geschenktueten-briefumschlag-hochzeit-thanksgiving3-8cm-o\/#primaryimage","url":"https:\/\/m.media-amazon.com\/images\/I\/4124rsJQTiL._SL500_.jpg","contentUrl":"https:\/\/m.media-amazon.com\/images\/I\/4124rsJQTiL._SL500_.jpg","width":500,"height":500},{"@type":"BreadcrumbList","@id":"https:\/\/marktxxl.de\/markt\/produkt\/vicloon-danke-aufkleber-500-stueck-thank-you-label-mit-handschrift-gold-folie-runde-etiketten-selbstklebend-fuer-glaeser-marmelade-geschenktueten-briefumschlag-hochzeit-thanksgiving3-8cm-o\/#breadcrumb","itemListElement":[{"@type":"ListItem","position":1,"name":"Startseite","item":"https:\/\/marktxxl.de\/markt\/"},{"@type":"ListItem","position":2,"name":"Markt","item":"https:\/\/marktxxl.de\/markt\/"},{"@type":"ListItem","position":3,"name":"Vicloon Danke Aufkleber, 500 St\u00fcck Thank You Label mit Handschrift Gold Folie, Runde Etiketten Selbstklebend f\u00fcr Gl\u00e4ser\u2026"}]},{"@type":"WebSite","@id":"https:\/\/marktxxl.de\/markt\/#website","url":"https:\/\/marktxxl.de\/markt\/","name":"Markt-XXL","description":"Ihr Markt Online","publisher":{"@id":"https:\/\/marktxxl.de\/markt\/#organization"},"potentialAction":[{"@type":"SearchAction","target":{"@type":"EntryPoint","urlTemplate":"https:\/\/marktxxl.de\/markt\/?s={search_term_string}"},"query-input":{"@type":"PropertyValueSpecification","valueRequired":true,"valueName":"search_term_string"}}],"inLanguage":"de"},{"@type":"Organization","@id":"https:\/\/marktxxl.de\/markt\/#organization","name":"Markt-XXL","url":"https:\/\/marktxxl.de\/markt\/","logo":{"@type":"ImageObject","inLanguage":"de","@id":"https:\/\/marktxxl.de\/markt\/#\/schema\/logo\/image\/","url":"https:\/\/marktxxl.de\/markt\/wp-content\/uploads\/sites\/3\/2020\/12\/logo.png","contentUrl":"https:\/\/marktxxl.de\/markt\/wp-content\/uploads\/sites\/3\/2020\/12\/logo.png","width":200,"height":70,"caption":"Markt-XXL"},"image":{"@id":"https:\/\/marktxxl.de\/markt\/#\/schema\/logo\/image\/"}}]}},"_links":{"self":[{"href":"https:\/\/marktxxl.de\/markt\/wp-json\/wp\/v2\/product\/58760","targetHints":{"allow":["GET"]}}],"collection":[{"href":"https:\/\/marktxxl.de\/markt\/wp-json\/wp\/v2\/product"}],"about":[{"href":"https:\/\/marktxxl.de\/markt\/wp-json\/wp\/v2\/types\/product"}],"replies":[{"embeddable":true,"href":"https:\/\/marktxxl.de\/markt\/wp-json\/wp\/v2\/comments?post=58760"}],"wp:featuredmedia":[{"embeddable":true,"href":"https:\/\/marktxxl.de\/markt\/wp-json\/wp\/v2\/media\/58761"}],"wp:attachment":[{"href":"https:\/\/marktxxl.de\/markt\/wp-json\/wp\/v2\/media?parent=58760"}],"wp:term":[{"taxonomy":"product_brand","embeddable":true,"href":"https:\/\/marktxxl.de\/markt\/wp-json\/wp\/v2\/product_brand?post=58760"},{"taxonomy":"product_cat","embeddable":true,"href":"https:\/\/marktxxl.de\/markt\/wp-json\/wp\/v2\/product_cat?post=58760"},{"taxonomy":"product_tag","embeddable":true,"href":"https:\/\/marktxxl.de\/markt\/wp-json\/wp\/v2\/product_tag?post=58760"}],"curies":[{"name":"wp","href":"https:\/\/api.w.org\/{rel}","templated":true}]}}