{"id":58758,"date":"2021-10-26T15:27:06","date_gmt":"2021-10-26T13:27:06","guid":{"rendered":"https:\/\/marktxxl.de\/markt\/produkt\/holzstempel-mit-adresse-herz-etikett-inkl-stempelkissen-abdruckgroesse-ca-5x3-cm\/"},"modified":"2023-04-11T02:26:19","modified_gmt":"2023-04-11T00:26:19","slug":"holzstempel-mit-adresse-herz-etikett-inkl-stempelkissen-abdruckgroesse-ca-5x3-cm","status":"publish","type":"product","link":"https:\/\/marktxxl.de\/markt\/produkt\/holzstempel-mit-adresse-herz-etikett-inkl-stempelkissen-abdruckgroesse-ca-5x3-cm\/","title":{"rendered":"Holzstempel mit Adresse \u00ab HERZ-ETIKETT \u00bb inkl. Stempelkissen &#8211; Abdruckgr\u00f6\u00dfe ca.: 5&#215;3 cm"},"content":{"rendered":"<p>Material: Holz\/Gummi<br \/>\nAbdruckgr\u00f6\u00dfe ca. 50 x 30 mm<br \/>\nKissen 9 x 5 cm schwarz<br \/>\nDer Stempel eignet sich als Geschenk zum Geburtstag, Weihnachten, Ostern, Nikolaus oder einfach als kleine Aufmerksamkeit f\u00fcr Zwischendurch. Nat\u00fcrlich kann der Adressenstempel auch f\u00fcr den Eigenbedarf verwendet werden, um einfach und schnell Ihre Adresse auf ein Brief oder Dokument zu bringen.<br \/>\n<div class=\"main-cross-sell\" data-asin=\"B07661F48N\">\n\n\t<div class=\"WooZone-cross-sell-loader\">\n\t\t<div>\n\t\t\t<div id=\"floatingBarsG\">\n\t\t\t\t<div class=\"blockG\" id=\"rotateG_01\"><\/div>\n\t\t\t\t<div class=\"blockG\" id=\"rotateG_02\"><\/div>\n\t\t\t\t<div class=\"blockG\" id=\"rotateG_03\"><\/div>\n\t\t\t\t<div class=\"blockG\" id=\"rotateG_04\"><\/div>\n\t\t\t\t<div class=\"blockG\" id=\"rotateG_05\"><\/div>\n\t\t\t\t<div class=\"blockG\" id=\"rotateG_06\"><\/div>\n\t\t\t\t<div class=\"blockG\" id=\"rotateG_07\"><\/div>\n\t\t\t\t<div class=\"blockG\" id=\"rotateG_08\"><\/div>\n\t\t\t<\/div>\n\t\t\t<div class=\"WooZone-cross-sell-loader-text\"><\/div>\n\t\t<\/div>\n\t<\/div>\n\n\t\t\n<\/div>\n<div style=\"clear:both;\"><\/div><\/p>\n","protected":false},"excerpt":{"rendered":"<p>Material: Holz\/Gummi<br \/>\nAbdruckgr\u00f6\u00dfe ca. 50 x 30 mm<br \/>\nKissen 9 x 5 cm schwarz<\/p>\n","protected":false},"featured_media":58759,"comment_status":"open","ping_status":"closed","template":"","meta":[],"product_brand":[],"product_cat":[504,8284],"product_tag":[],"class_list":{"0":"post-58758","1":"product","2":"type-product","3":"status-publish","4":"has-post-thumbnail","6":"product_cat-buerobedarf-schreibwaren","7":"product_cat-bueromaterial","8":"pa_binding-buerobedarf-schreibwaren","9":"pa_brand-dekolando","10":"pa_manufacturer-dekolando","11":"pa_model-22052","13":"first","14":"instock","15":"shipping-taxable","16":"purchasable","17":"product-type-simple","18":"customify-col","19":"product-has-gallery"},"yoast_head":"<!-- This site is optimized with the Yoast SEO plugin v27.3 - https:\/\/yoast.com\/product\/yoast-seo-wordpress\/ -->\n<title>Holzstempel mit Adresse \u00ab HERZ-ETIKETT \u00bb inkl. Stempelkissen - Abdruckgr\u00f6\u00dfe ca.: 5x3 cm - Markt-XXL<\/title>\n<meta name=\"description\" content=\"Markt-XXL Holzstempel mit Adresse \u00ab HERZ-ETIKETT \u00bb inkl. Stempelkissen - Abdruckgr\u00f6\u00dfe ca.: 5x3 cm\" \/>\n<meta name=\"robots\" content=\"index, follow, max-snippet:-1, max-image-preview:large, max-video-preview:-1\" \/>\n<link rel=\"canonical\" href=\"https:\/\/marktxxl.de\/markt\/produkt\/holzstempel-mit-adresse-herz-etikett-inkl-stempelkissen-abdruckgroesse-ca-5x3-cm\/\" \/>\n<meta property=\"og:locale\" content=\"de_DE\" \/>\n<meta property=\"og:type\" content=\"article\" \/>\n<meta property=\"og:title\" content=\"Holzstempel mit Adresse \u00ab HERZ-ETIKETT \u00bb inkl. Stempelkissen - Abdruckgr\u00f6\u00dfe ca.: 5x3 cm - Markt-XXL\" \/>\n<meta property=\"og:description\" content=\"Markt-XXL Holzstempel mit Adresse \u00ab HERZ-ETIKETT \u00bb inkl. Stempelkissen - Abdruckgr\u00f6\u00dfe ca.: 5x3 cm\" \/>\n<meta property=\"og:url\" content=\"https:\/\/marktxxl.de\/markt\/produkt\/holzstempel-mit-adresse-herz-etikett-inkl-stempelkissen-abdruckgroesse-ca-5x3-cm\/\" \/>\n<meta property=\"og:site_name\" content=\"Markt-XXL\" \/>\n<meta property=\"article:modified_time\" content=\"2023-04-11T00:26:19+00:00\" \/>\n<meta property=\"og:image\" content=\"https:\/\/m.media-amazon.com\/images\/I\/51Kik-2K4XL._SL500_.jpg\" \/>\n\t<meta property=\"og:image:width\" content=\"500\" \/>\n\t<meta property=\"og:image:height\" content=\"500\" \/>\n\t<meta property=\"og:image:type\" content=\"image\/jpeg\" \/>\n<meta name=\"twitter:card\" content=\"summary_large_image\" \/>\n<script type=\"application\/ld+json\" class=\"yoast-schema-graph\">{\"@context\":\"https:\\\/\\\/schema.org\",\"@graph\":[{\"@type\":\"WebPage\",\"@id\":\"https:\\\/\\\/marktxxl.de\\\/markt\\\/produkt\\\/holzstempel-mit-adresse-herz-etikett-inkl-stempelkissen-abdruckgroesse-ca-5x3-cm\\\/\",\"url\":\"https:\\\/\\\/marktxxl.de\\\/markt\\\/produkt\\\/holzstempel-mit-adresse-herz-etikett-inkl-stempelkissen-abdruckgroesse-ca-5x3-cm\\\/\",\"name\":\"Holzstempel mit Adresse \u00ab HERZ-ETIKETT \u00bb inkl. Stempelkissen - Abdruckgr\u00f6\u00dfe ca.: 5x3 cm - Markt-XXL\",\"isPartOf\":{\"@id\":\"https:\\\/\\\/marktxxl.de\\\/markt\\\/#website\"},\"primaryImageOfPage\":{\"@id\":\"https:\\\/\\\/marktxxl.de\\\/markt\\\/produkt\\\/holzstempel-mit-adresse-herz-etikett-inkl-stempelkissen-abdruckgroesse-ca-5x3-cm\\\/#primaryimage\"},\"image\":{\"@id\":\"https:\\\/\\\/marktxxl.de\\\/markt\\\/produkt\\\/holzstempel-mit-adresse-herz-etikett-inkl-stempelkissen-abdruckgroesse-ca-5x3-cm\\\/#primaryimage\"},\"thumbnailUrl\":\"https:\\\/\\\/m.media-amazon.com\\\/images\\\/I\\\/51Kik-2K4XL._SL500_.jpg\",\"datePublished\":\"2021-10-26T13:27:06+00:00\",\"dateModified\":\"2023-04-11T00:26:19+00:00\",\"description\":\"Markt-XXL Holzstempel mit Adresse \u00ab HERZ-ETIKETT \u00bb inkl. Stempelkissen - Abdruckgr\u00f6\u00dfe ca.: 5x3 cm\",\"breadcrumb\":{\"@id\":\"https:\\\/\\\/marktxxl.de\\\/markt\\\/produkt\\\/holzstempel-mit-adresse-herz-etikett-inkl-stempelkissen-abdruckgroesse-ca-5x3-cm\\\/#breadcrumb\"},\"inLanguage\":\"de\",\"potentialAction\":[{\"@type\":\"ReadAction\",\"target\":[\"https:\\\/\\\/marktxxl.de\\\/markt\\\/produkt\\\/holzstempel-mit-adresse-herz-etikett-inkl-stempelkissen-abdruckgroesse-ca-5x3-cm\\\/\"]}]},{\"@type\":\"ImageObject\",\"inLanguage\":\"de\",\"@id\":\"https:\\\/\\\/marktxxl.de\\\/markt\\\/produkt\\\/holzstempel-mit-adresse-herz-etikett-inkl-stempelkissen-abdruckgroesse-ca-5x3-cm\\\/#primaryimage\",\"url\":\"https:\\\/\\\/m.media-amazon.com\\\/images\\\/I\\\/51Kik-2K4XL._SL500_.jpg\",\"contentUrl\":\"https:\\\/\\\/m.media-amazon.com\\\/images\\\/I\\\/51Kik-2K4XL._SL500_.jpg\",\"width\":500,\"height\":500},{\"@type\":\"BreadcrumbList\",\"@id\":\"https:\\\/\\\/marktxxl.de\\\/markt\\\/produkt\\\/holzstempel-mit-adresse-herz-etikett-inkl-stempelkissen-abdruckgroesse-ca-5x3-cm\\\/#breadcrumb\",\"itemListElement\":[{\"@type\":\"ListItem\",\"position\":1,\"name\":\"Startseite\",\"item\":\"https:\\\/\\\/marktxxl.de\\\/markt\\\/\"},{\"@type\":\"ListItem\",\"position\":2,\"name\":\"Markt\",\"item\":\"https:\\\/\\\/marktxxl.de\\\/markt\\\/\"},{\"@type\":\"ListItem\",\"position\":3,\"name\":\"Holzstempel mit Adresse \u00ab HERZ-ETIKETT \u00bb inkl. Stempelkissen &#8211; Abdruckgr\u00f6\u00dfe ca.: 5&#215;3 cm\"}]},{\"@type\":\"WebSite\",\"@id\":\"https:\\\/\\\/marktxxl.de\\\/markt\\\/#website\",\"url\":\"https:\\\/\\\/marktxxl.de\\\/markt\\\/\",\"name\":\"Markt-XXL\",\"description\":\"Ihr Markt Online\",\"publisher\":{\"@id\":\"https:\\\/\\\/marktxxl.de\\\/markt\\\/#organization\"},\"potentialAction\":[{\"@type\":\"SearchAction\",\"target\":{\"@type\":\"EntryPoint\",\"urlTemplate\":\"https:\\\/\\\/marktxxl.de\\\/markt\\\/?s={search_term_string}\"},\"query-input\":{\"@type\":\"PropertyValueSpecification\",\"valueRequired\":true,\"valueName\":\"search_term_string\"}}],\"inLanguage\":\"de\"},{\"@type\":\"Organization\",\"@id\":\"https:\\\/\\\/marktxxl.de\\\/markt\\\/#organization\",\"name\":\"Markt-XXL\",\"url\":\"https:\\\/\\\/marktxxl.de\\\/markt\\\/\",\"logo\":{\"@type\":\"ImageObject\",\"inLanguage\":\"de\",\"@id\":\"https:\\\/\\\/marktxxl.de\\\/markt\\\/#\\\/schema\\\/logo\\\/image\\\/\",\"url\":\"https:\\\/\\\/marktxxl.de\\\/markt\\\/wp-content\\\/uploads\\\/sites\\\/3\\\/2020\\\/12\\\/logo.png\",\"contentUrl\":\"https:\\\/\\\/marktxxl.de\\\/markt\\\/wp-content\\\/uploads\\\/sites\\\/3\\\/2020\\\/12\\\/logo.png\",\"width\":200,\"height\":70,\"caption\":\"Markt-XXL\"},\"image\":{\"@id\":\"https:\\\/\\\/marktxxl.de\\\/markt\\\/#\\\/schema\\\/logo\\\/image\\\/\"}}]}<\/script>\n<!-- \/ Yoast SEO plugin. -->","yoast_head_json":{"title":"Holzstempel mit Adresse \u00ab HERZ-ETIKETT \u00bb inkl. Stempelkissen - Abdruckgr\u00f6\u00dfe ca.: 5x3 cm - Markt-XXL","description":"Markt-XXL Holzstempel mit Adresse \u00ab HERZ-ETIKETT \u00bb inkl. Stempelkissen - Abdruckgr\u00f6\u00dfe ca.: 5x3 cm","robots":{"index":"index","follow":"follow","max-snippet":"max-snippet:-1","max-image-preview":"max-image-preview:large","max-video-preview":"max-video-preview:-1"},"canonical":"https:\/\/marktxxl.de\/markt\/produkt\/holzstempel-mit-adresse-herz-etikett-inkl-stempelkissen-abdruckgroesse-ca-5x3-cm\/","og_locale":"de_DE","og_type":"article","og_title":"Holzstempel mit Adresse \u00ab HERZ-ETIKETT \u00bb inkl. Stempelkissen - Abdruckgr\u00f6\u00dfe ca.: 5x3 cm - Markt-XXL","og_description":"Markt-XXL Holzstempel mit Adresse \u00ab HERZ-ETIKETT \u00bb inkl. Stempelkissen - Abdruckgr\u00f6\u00dfe ca.: 5x3 cm","og_url":"https:\/\/marktxxl.de\/markt\/produkt\/holzstempel-mit-adresse-herz-etikett-inkl-stempelkissen-abdruckgroesse-ca-5x3-cm\/","og_site_name":"Markt-XXL","article_modified_time":"2023-04-11T00:26:19+00:00","og_image":[{"width":500,"height":500,"url":"https:\/\/m.media-amazon.com\/images\/I\/51Kik-2K4XL._SL500_.jpg","type":"image\/jpeg"}],"twitter_card":"summary_large_image","schema":{"@context":"https:\/\/schema.org","@graph":[{"@type":"WebPage","@id":"https:\/\/marktxxl.de\/markt\/produkt\/holzstempel-mit-adresse-herz-etikett-inkl-stempelkissen-abdruckgroesse-ca-5x3-cm\/","url":"https:\/\/marktxxl.de\/markt\/produkt\/holzstempel-mit-adresse-herz-etikett-inkl-stempelkissen-abdruckgroesse-ca-5x3-cm\/","name":"Holzstempel mit Adresse \u00ab HERZ-ETIKETT \u00bb inkl. Stempelkissen - Abdruckgr\u00f6\u00dfe ca.: 5x3 cm - Markt-XXL","isPartOf":{"@id":"https:\/\/marktxxl.de\/markt\/#website"},"primaryImageOfPage":{"@id":"https:\/\/marktxxl.de\/markt\/produkt\/holzstempel-mit-adresse-herz-etikett-inkl-stempelkissen-abdruckgroesse-ca-5x3-cm\/#primaryimage"},"image":{"@id":"https:\/\/marktxxl.de\/markt\/produkt\/holzstempel-mit-adresse-herz-etikett-inkl-stempelkissen-abdruckgroesse-ca-5x3-cm\/#primaryimage"},"thumbnailUrl":"https:\/\/m.media-amazon.com\/images\/I\/51Kik-2K4XL._SL500_.jpg","datePublished":"2021-10-26T13:27:06+00:00","dateModified":"2023-04-11T00:26:19+00:00","description":"Markt-XXL Holzstempel mit Adresse \u00ab HERZ-ETIKETT \u00bb inkl. Stempelkissen - Abdruckgr\u00f6\u00dfe ca.: 5x3 cm","breadcrumb":{"@id":"https:\/\/marktxxl.de\/markt\/produkt\/holzstempel-mit-adresse-herz-etikett-inkl-stempelkissen-abdruckgroesse-ca-5x3-cm\/#breadcrumb"},"inLanguage":"de","potentialAction":[{"@type":"ReadAction","target":["https:\/\/marktxxl.de\/markt\/produkt\/holzstempel-mit-adresse-herz-etikett-inkl-stempelkissen-abdruckgroesse-ca-5x3-cm\/"]}]},{"@type":"ImageObject","inLanguage":"de","@id":"https:\/\/marktxxl.de\/markt\/produkt\/holzstempel-mit-adresse-herz-etikett-inkl-stempelkissen-abdruckgroesse-ca-5x3-cm\/#primaryimage","url":"https:\/\/m.media-amazon.com\/images\/I\/51Kik-2K4XL._SL500_.jpg","contentUrl":"https:\/\/m.media-amazon.com\/images\/I\/51Kik-2K4XL._SL500_.jpg","width":500,"height":500},{"@type":"BreadcrumbList","@id":"https:\/\/marktxxl.de\/markt\/produkt\/holzstempel-mit-adresse-herz-etikett-inkl-stempelkissen-abdruckgroesse-ca-5x3-cm\/#breadcrumb","itemListElement":[{"@type":"ListItem","position":1,"name":"Startseite","item":"https:\/\/marktxxl.de\/markt\/"},{"@type":"ListItem","position":2,"name":"Markt","item":"https:\/\/marktxxl.de\/markt\/"},{"@type":"ListItem","position":3,"name":"Holzstempel mit Adresse \u00ab HERZ-ETIKETT \u00bb inkl. Stempelkissen &#8211; Abdruckgr\u00f6\u00dfe ca.: 5&#215;3 cm"}]},{"@type":"WebSite","@id":"https:\/\/marktxxl.de\/markt\/#website","url":"https:\/\/marktxxl.de\/markt\/","name":"Markt-XXL","description":"Ihr Markt Online","publisher":{"@id":"https:\/\/marktxxl.de\/markt\/#organization"},"potentialAction":[{"@type":"SearchAction","target":{"@type":"EntryPoint","urlTemplate":"https:\/\/marktxxl.de\/markt\/?s={search_term_string}"},"query-input":{"@type":"PropertyValueSpecification","valueRequired":true,"valueName":"search_term_string"}}],"inLanguage":"de"},{"@type":"Organization","@id":"https:\/\/marktxxl.de\/markt\/#organization","name":"Markt-XXL","url":"https:\/\/marktxxl.de\/markt\/","logo":{"@type":"ImageObject","inLanguage":"de","@id":"https:\/\/marktxxl.de\/markt\/#\/schema\/logo\/image\/","url":"https:\/\/marktxxl.de\/markt\/wp-content\/uploads\/sites\/3\/2020\/12\/logo.png","contentUrl":"https:\/\/marktxxl.de\/markt\/wp-content\/uploads\/sites\/3\/2020\/12\/logo.png","width":200,"height":70,"caption":"Markt-XXL"},"image":{"@id":"https:\/\/marktxxl.de\/markt\/#\/schema\/logo\/image\/"}}]}},"_links":{"self":[{"href":"https:\/\/marktxxl.de\/markt\/wp-json\/wp\/v2\/product\/58758","targetHints":{"allow":["GET"]}}],"collection":[{"href":"https:\/\/marktxxl.de\/markt\/wp-json\/wp\/v2\/product"}],"about":[{"href":"https:\/\/marktxxl.de\/markt\/wp-json\/wp\/v2\/types\/product"}],"replies":[{"embeddable":true,"href":"https:\/\/marktxxl.de\/markt\/wp-json\/wp\/v2\/comments?post=58758"}],"wp:featuredmedia":[{"embeddable":true,"href":"https:\/\/marktxxl.de\/markt\/wp-json\/wp\/v2\/media\/58759"}],"wp:attachment":[{"href":"https:\/\/marktxxl.de\/markt\/wp-json\/wp\/v2\/media?parent=58758"}],"wp:term":[{"taxonomy":"product_brand","embeddable":true,"href":"https:\/\/marktxxl.de\/markt\/wp-json\/wp\/v2\/product_brand?post=58758"},{"taxonomy":"product_cat","embeddable":true,"href":"https:\/\/marktxxl.de\/markt\/wp-json\/wp\/v2\/product_cat?post=58758"},{"taxonomy":"product_tag","embeddable":true,"href":"https:\/\/marktxxl.de\/markt\/wp-json\/wp\/v2\/product_tag?post=58758"}],"curies":[{"name":"wp","href":"https:\/\/api.w.org\/{rel}","templated":true}]}}