{"id":58722,"date":"2021-10-26T15:24:42","date_gmt":"2021-10-26T13:24:42","guid":{"rendered":"https:\/\/marktxxl.de\/markt\/produkt\/2-stueck-schutzfolie-kompatibel-mit-ipad-air-4-109-zoll-2020-und-ipad-pro-11-zoll-2021-2020-2018-9hanti-kratzenultraklarblasenfrei-glas-displayschutzfolie\/"},"modified":"2023-04-11T02:26:19","modified_gmt":"2023-04-11T00:26:19","slug":"2-stueck-schutzfolie-kompatibel-mit-ipad-air-4-109-zoll-2020-und-ipad-pro-11-zoll-2021-2020-2018-9hanti-kratzenultraklarblasenfrei-glas-displayschutzfolie","status":"publish","type":"product","link":"https:\/\/marktxxl.de\/markt\/produkt\/2-stueck-schutzfolie-kompatibel-mit-ipad-air-4-109-zoll-2020-und-ipad-pro-11-zoll-2021-2020-2018-9hanti-kratzenultraklarblasenfrei-glas-displayschutzfolie\/","title":{"rendered":"2 St\u00fcck Schutzfolie Kompatibel mit iPad Air 4 10,9 Zoll 2020 und iPad Pro 11 Zoll 2021\/2020\/2018, 9H,Anti-Kratzen\u2026"},"content":{"rendered":"<p>[ Kompatibilit\u00e4t ] Panzerglas speziell f\u00fcr iPad Air 2020 10,9 Zoll ( 4. Generation ) \/ iPad Pro 11 Zoll 2021 \/ 2020 \/ 2018, Modelle: A2377 A2301 A2459 A2460 A2228 A2068 A2230 A1980 A2013 A1934 A2324 A2072 A2316 A2325. Gilt nicht f\u00fcr andere Ger\u00e4te.<br \/>\n[Maximaler Schutz] 9H H\u00e4rte Hartglas Displayschutzfolie kann Ihren iPad Air 2020 Bildschirm vor unn\u00f6tigen Kratzern sch\u00fctzen. Wie Messer, Schl\u00fcssel und andere harte Materialien.<br \/>\n[Hohe Klarheit] 99,99% Hochtransparenz beh\u00e4lt die urspr\u00fcngliche Helligkeit des Bildschirms und das nat\u00fcrliche visuelle Erlebnis bei; bietet die beste und nat\u00fcrliche, Ansicht f\u00fcr Ihr iPad Pro 11&#8243; 2021\/2020\/2018 und sorgt f\u00fcr eine hohe Aufl\u00f6sung.<br \/>\n[Hohe Empfindlichkeit] Ultrad\u00fcnnes Design, nur 0,3 mm Displayschutz aus geh\u00e4rtetem Glas, empfindliche Ber\u00fchrung, schnelle Reaktion, reibungslose Spiel- und Videowiedergabe.<br \/>\n[Einfache Installation] Blasenfreie Installation, Anti-Schmutz und Fingerabdruckfrei. Ein halbes Jahr Garantie, bieten Ihnen professionellen Kundenservice und 24-Stunden-E-Mail-Support.<br \/>\n<div class=\"main-cross-sell\" data-asin=\"B08YYNK2NX\">\n\n\t<div class=\"WooZone-cross-sell-loader\">\n\t\t<div>\n\t\t\t<div id=\"floatingBarsG\">\n\t\t\t\t<div class=\"blockG\" id=\"rotateG_01\"><\/div>\n\t\t\t\t<div class=\"blockG\" id=\"rotateG_02\"><\/div>\n\t\t\t\t<div class=\"blockG\" id=\"rotateG_03\"><\/div>\n\t\t\t\t<div class=\"blockG\" id=\"rotateG_04\"><\/div>\n\t\t\t\t<div class=\"blockG\" id=\"rotateG_05\"><\/div>\n\t\t\t\t<div class=\"blockG\" id=\"rotateG_06\"><\/div>\n\t\t\t\t<div class=\"blockG\" id=\"rotateG_07\"><\/div>\n\t\t\t\t<div class=\"blockG\" id=\"rotateG_08\"><\/div>\n\t\t\t<\/div>\n\t\t\t<div class=\"WooZone-cross-sell-loader-text\"><\/div>\n\t\t<\/div>\n\t<\/div>\n\n\t\t\n<\/div>\n<div style=\"clear:both;\"><\/div><\/p>\n","protected":false},"excerpt":{"rendered":"<p>[ Kompatibilit\u00e4t ] Panzerglas speziell f\u00fcr iPad Air 2020 10,9 Zoll ( 4. Generation ) \/ iPad Pro 11 Zoll 2021 \/ 2020 \/ 2018, Modelle: A2377 A2301 A2459 A2460 A2228 A2068 A2230 A1980 A2013 A1934 A2324 A2072 A2316 A2325. Gilt nicht f\u00fcr andere Ger\u00e4te.<br \/>\n[Maximaler Schutz] 9H H\u00e4rte Hartglas Displayschutzfolie kann Ihren iPad Air 2020 Bildschirm vor unn\u00f6tigen Kratzern sch\u00fctzen. Wie Messer, Schl\u00fcssel und andere harte Materialien.<br \/>\n[Hohe Klarheit] 99,99% Hochtransparenz beh\u00e4lt die urspr\u00fcngliche Helligkeit des Bildschirms und das nat\u00fcrliche visuelle Erlebnis bei; bietet die beste und nat\u00fcrliche, Ansicht f\u00fcr Ihr iPad Pro 11&#8243; 2021\/2020\/2018 und sorgt f\u00fcr eine hohe Aufl\u00f6sung.<\/p>\n","protected":false},"featured_media":58723,"comment_status":"open","ping_status":"closed","template":"","meta":[],"product_brand":[],"product_cat":[863],"product_tag":[],"class_list":{"0":"post-58722","1":"product","2":"type-product","3":"status-publish","4":"has-post-thumbnail","6":"product_cat-computer-zubehoer","7":"pa_color-transparent","8":"pa_manufacturer-hoursing","9":"pa_model-ipad-air-2020-ipad-pro-11-2021-2020-2018","10":"pa_size-ipad-air-4-ipad-pro-11","12":"first","13":"instock","14":"shipping-taxable","15":"purchasable","16":"product-type-simple","17":"customify-col","18":"product-has-gallery"},"yoast_head":"<!-- This site is optimized with the Yoast SEO plugin v27.4 - https:\/\/yoast.com\/product\/yoast-seo-wordpress\/ -->\n<title>2 St\u00fcck Schutzfolie Kompatibel mit iPad Air 4 10,9 Zoll 2020 und iPad Pro 11 Zoll 2021\/2020\/2018, 9H,Anti-Kratzen\u2026 - Markt-XXL<\/title>\n<meta name=\"description\" content=\"Markt-XXL 2 St\u00fcck Schutzfolie Kompatibel mit iPad Air 4 10,9 Zoll 2020 und iPad Pro 11 Zoll 2021\/2020\/2018, 9H,Anti-Kratzen\u2026\" \/>\n<meta name=\"robots\" content=\"index, follow, max-snippet:-1, max-image-preview:large, max-video-preview:-1\" \/>\n<link rel=\"canonical\" href=\"https:\/\/marktxxl.de\/markt\/produkt\/2-stueck-schutzfolie-kompatibel-mit-ipad-air-4-109-zoll-2020-und-ipad-pro-11-zoll-2021-2020-2018-9hanti-kratzenultraklarblasenfrei-glas-displayschutzfolie\/\" \/>\n<meta property=\"og:locale\" content=\"de_DE\" \/>\n<meta property=\"og:type\" content=\"article\" \/>\n<meta property=\"og:title\" content=\"2 St\u00fcck Schutzfolie Kompatibel mit iPad Air 4 10,9 Zoll 2020 und iPad Pro 11 Zoll 2021\/2020\/2018, 9H,Anti-Kratzen\u2026 - Markt-XXL\" \/>\n<meta property=\"og:description\" content=\"Markt-XXL 2 St\u00fcck Schutzfolie Kompatibel mit iPad Air 4 10,9 Zoll 2020 und iPad Pro 11 Zoll 2021\/2020\/2018, 9H,Anti-Kratzen\u2026\" \/>\n<meta property=\"og:url\" content=\"https:\/\/marktxxl.de\/markt\/produkt\/2-stueck-schutzfolie-kompatibel-mit-ipad-air-4-109-zoll-2020-und-ipad-pro-11-zoll-2021-2020-2018-9hanti-kratzenultraklarblasenfrei-glas-displayschutzfolie\/\" \/>\n<meta property=\"og:site_name\" content=\"Markt-XXL\" \/>\n<meta property=\"article:modified_time\" content=\"2023-04-11T00:26:19+00:00\" \/>\n<meta property=\"og:image\" content=\"https:\/\/m.media-amazon.com\/images\/I\/41a1z8+QwbL._SL500_.jpg\" \/>\n\t<meta property=\"og:image:width\" content=\"500\" \/>\n\t<meta property=\"og:image:height\" content=\"500\" \/>\n\t<meta property=\"og:image:type\" content=\"image\/jpeg\" \/>\n<meta name=\"twitter:card\" content=\"summary_large_image\" \/>\n<meta name=\"twitter:label1\" content=\"Gesch\u00e4tzte Lesezeit\" \/>\n\t<meta name=\"twitter:data1\" content=\"1\u00a0Minute\" \/>\n<script type=\"application\/ld+json\" class=\"yoast-schema-graph\">{\"@context\":\"https:\\\/\\\/schema.org\",\"@graph\":[{\"@type\":\"WebPage\",\"@id\":\"https:\\\/\\\/marktxxl.de\\\/markt\\\/produkt\\\/2-stueck-schutzfolie-kompatibel-mit-ipad-air-4-109-zoll-2020-und-ipad-pro-11-zoll-2021-2020-2018-9hanti-kratzenultraklarblasenfrei-glas-displayschutzfolie\\\/\",\"url\":\"https:\\\/\\\/marktxxl.de\\\/markt\\\/produkt\\\/2-stueck-schutzfolie-kompatibel-mit-ipad-air-4-109-zoll-2020-und-ipad-pro-11-zoll-2021-2020-2018-9hanti-kratzenultraklarblasenfrei-glas-displayschutzfolie\\\/\",\"name\":\"2 St\u00fcck Schutzfolie Kompatibel mit iPad Air 4 10,9 Zoll 2020 und iPad Pro 11 Zoll 2021\\\/2020\\\/2018, 9H,Anti-Kratzen\u2026 - Markt-XXL\",\"isPartOf\":{\"@id\":\"https:\\\/\\\/marktxxl.de\\\/markt\\\/#website\"},\"primaryImageOfPage\":{\"@id\":\"https:\\\/\\\/marktxxl.de\\\/markt\\\/produkt\\\/2-stueck-schutzfolie-kompatibel-mit-ipad-air-4-109-zoll-2020-und-ipad-pro-11-zoll-2021-2020-2018-9hanti-kratzenultraklarblasenfrei-glas-displayschutzfolie\\\/#primaryimage\"},\"image\":{\"@id\":\"https:\\\/\\\/marktxxl.de\\\/markt\\\/produkt\\\/2-stueck-schutzfolie-kompatibel-mit-ipad-air-4-109-zoll-2020-und-ipad-pro-11-zoll-2021-2020-2018-9hanti-kratzenultraklarblasenfrei-glas-displayschutzfolie\\\/#primaryimage\"},\"thumbnailUrl\":\"https:\\\/\\\/m.media-amazon.com\\\/images\\\/I\\\/41a1z8+QwbL._SL500_.jpg\",\"datePublished\":\"2021-10-26T13:24:42+00:00\",\"dateModified\":\"2023-04-11T00:26:19+00:00\",\"description\":\"Markt-XXL 2 St\u00fcck Schutzfolie Kompatibel mit iPad Air 4 10,9 Zoll 2020 und iPad Pro 11 Zoll 2021\\\/2020\\\/2018, 9H,Anti-Kratzen\u2026\",\"breadcrumb\":{\"@id\":\"https:\\\/\\\/marktxxl.de\\\/markt\\\/produkt\\\/2-stueck-schutzfolie-kompatibel-mit-ipad-air-4-109-zoll-2020-und-ipad-pro-11-zoll-2021-2020-2018-9hanti-kratzenultraklarblasenfrei-glas-displayschutzfolie\\\/#breadcrumb\"},\"inLanguage\":\"de\",\"potentialAction\":[{\"@type\":\"ReadAction\",\"target\":[\"https:\\\/\\\/marktxxl.de\\\/markt\\\/produkt\\\/2-stueck-schutzfolie-kompatibel-mit-ipad-air-4-109-zoll-2020-und-ipad-pro-11-zoll-2021-2020-2018-9hanti-kratzenultraklarblasenfrei-glas-displayschutzfolie\\\/\"]}]},{\"@type\":\"ImageObject\",\"inLanguage\":\"de\",\"@id\":\"https:\\\/\\\/marktxxl.de\\\/markt\\\/produkt\\\/2-stueck-schutzfolie-kompatibel-mit-ipad-air-4-109-zoll-2020-und-ipad-pro-11-zoll-2021-2020-2018-9hanti-kratzenultraklarblasenfrei-glas-displayschutzfolie\\\/#primaryimage\",\"url\":\"https:\\\/\\\/m.media-amazon.com\\\/images\\\/I\\\/41a1z8+QwbL._SL500_.jpg\",\"contentUrl\":\"https:\\\/\\\/m.media-amazon.com\\\/images\\\/I\\\/41a1z8+QwbL._SL500_.jpg\",\"width\":500,\"height\":500},{\"@type\":\"BreadcrumbList\",\"@id\":\"https:\\\/\\\/marktxxl.de\\\/markt\\\/produkt\\\/2-stueck-schutzfolie-kompatibel-mit-ipad-air-4-109-zoll-2020-und-ipad-pro-11-zoll-2021-2020-2018-9hanti-kratzenultraklarblasenfrei-glas-displayschutzfolie\\\/#breadcrumb\",\"itemListElement\":[{\"@type\":\"ListItem\",\"position\":1,\"name\":\"Startseite\",\"item\":\"https:\\\/\\\/marktxxl.de\\\/markt\\\/\"},{\"@type\":\"ListItem\",\"position\":2,\"name\":\"Markt\",\"item\":\"https:\\\/\\\/marktxxl.de\\\/markt\\\/\"},{\"@type\":\"ListItem\",\"position\":3,\"name\":\"2 St\u00fcck Schutzfolie Kompatibel mit iPad Air 4 10,9 Zoll 2020 und iPad Pro 11 Zoll 2021\\\/2020\\\/2018, 9H,Anti-Kratzen\u2026\"}]},{\"@type\":\"WebSite\",\"@id\":\"https:\\\/\\\/marktxxl.de\\\/markt\\\/#website\",\"url\":\"https:\\\/\\\/marktxxl.de\\\/markt\\\/\",\"name\":\"Markt-XXL\",\"description\":\"Ihr Markt Online\",\"publisher\":{\"@id\":\"https:\\\/\\\/marktxxl.de\\\/markt\\\/#organization\"},\"potentialAction\":[{\"@type\":\"SearchAction\",\"target\":{\"@type\":\"EntryPoint\",\"urlTemplate\":\"https:\\\/\\\/marktxxl.de\\\/markt\\\/?s={search_term_string}\"},\"query-input\":{\"@type\":\"PropertyValueSpecification\",\"valueRequired\":true,\"valueName\":\"search_term_string\"}}],\"inLanguage\":\"de\"},{\"@type\":\"Organization\",\"@id\":\"https:\\\/\\\/marktxxl.de\\\/markt\\\/#organization\",\"name\":\"Markt-XXL\",\"url\":\"https:\\\/\\\/marktxxl.de\\\/markt\\\/\",\"logo\":{\"@type\":\"ImageObject\",\"inLanguage\":\"de\",\"@id\":\"https:\\\/\\\/marktxxl.de\\\/markt\\\/#\\\/schema\\\/logo\\\/image\\\/\",\"url\":\"https:\\\/\\\/marktxxl.de\\\/markt\\\/wp-content\\\/uploads\\\/sites\\\/3\\\/2020\\\/12\\\/logo.png\",\"contentUrl\":\"https:\\\/\\\/marktxxl.de\\\/markt\\\/wp-content\\\/uploads\\\/sites\\\/3\\\/2020\\\/12\\\/logo.png\",\"width\":200,\"height\":70,\"caption\":\"Markt-XXL\"},\"image\":{\"@id\":\"https:\\\/\\\/marktxxl.de\\\/markt\\\/#\\\/schema\\\/logo\\\/image\\\/\"}}]}<\/script>\n<!-- \/ Yoast SEO plugin. -->","yoast_head_json":{"title":"2 St\u00fcck Schutzfolie Kompatibel mit iPad Air 4 10,9 Zoll 2020 und iPad Pro 11 Zoll 2021\/2020\/2018, 9H,Anti-Kratzen\u2026 - Markt-XXL","description":"Markt-XXL 2 St\u00fcck Schutzfolie Kompatibel mit iPad Air 4 10,9 Zoll 2020 und iPad Pro 11 Zoll 2021\/2020\/2018, 9H,Anti-Kratzen\u2026","robots":{"index":"index","follow":"follow","max-snippet":"max-snippet:-1","max-image-preview":"max-image-preview:large","max-video-preview":"max-video-preview:-1"},"canonical":"https:\/\/marktxxl.de\/markt\/produkt\/2-stueck-schutzfolie-kompatibel-mit-ipad-air-4-109-zoll-2020-und-ipad-pro-11-zoll-2021-2020-2018-9hanti-kratzenultraklarblasenfrei-glas-displayschutzfolie\/","og_locale":"de_DE","og_type":"article","og_title":"2 St\u00fcck Schutzfolie Kompatibel mit iPad Air 4 10,9 Zoll 2020 und iPad Pro 11 Zoll 2021\/2020\/2018, 9H,Anti-Kratzen\u2026 - Markt-XXL","og_description":"Markt-XXL 2 St\u00fcck Schutzfolie Kompatibel mit iPad Air 4 10,9 Zoll 2020 und iPad Pro 11 Zoll 2021\/2020\/2018, 9H,Anti-Kratzen\u2026","og_url":"https:\/\/marktxxl.de\/markt\/produkt\/2-stueck-schutzfolie-kompatibel-mit-ipad-air-4-109-zoll-2020-und-ipad-pro-11-zoll-2021-2020-2018-9hanti-kratzenultraklarblasenfrei-glas-displayschutzfolie\/","og_site_name":"Markt-XXL","article_modified_time":"2023-04-11T00:26:19+00:00","og_image":[{"width":500,"height":500,"url":"https:\/\/m.media-amazon.com\/images\/I\/41a1z8+QwbL._SL500_.jpg","type":"image\/jpeg"}],"twitter_card":"summary_large_image","twitter_misc":{"Gesch\u00e4tzte Lesezeit":"1\u00a0Minute"},"schema":{"@context":"https:\/\/schema.org","@graph":[{"@type":"WebPage","@id":"https:\/\/marktxxl.de\/markt\/produkt\/2-stueck-schutzfolie-kompatibel-mit-ipad-air-4-109-zoll-2020-und-ipad-pro-11-zoll-2021-2020-2018-9hanti-kratzenultraklarblasenfrei-glas-displayschutzfolie\/","url":"https:\/\/marktxxl.de\/markt\/produkt\/2-stueck-schutzfolie-kompatibel-mit-ipad-air-4-109-zoll-2020-und-ipad-pro-11-zoll-2021-2020-2018-9hanti-kratzenultraklarblasenfrei-glas-displayschutzfolie\/","name":"2 St\u00fcck Schutzfolie Kompatibel mit iPad Air 4 10,9 Zoll 2020 und iPad Pro 11 Zoll 2021\/2020\/2018, 9H,Anti-Kratzen\u2026 - Markt-XXL","isPartOf":{"@id":"https:\/\/marktxxl.de\/markt\/#website"},"primaryImageOfPage":{"@id":"https:\/\/marktxxl.de\/markt\/produkt\/2-stueck-schutzfolie-kompatibel-mit-ipad-air-4-109-zoll-2020-und-ipad-pro-11-zoll-2021-2020-2018-9hanti-kratzenultraklarblasenfrei-glas-displayschutzfolie\/#primaryimage"},"image":{"@id":"https:\/\/marktxxl.de\/markt\/produkt\/2-stueck-schutzfolie-kompatibel-mit-ipad-air-4-109-zoll-2020-und-ipad-pro-11-zoll-2021-2020-2018-9hanti-kratzenultraklarblasenfrei-glas-displayschutzfolie\/#primaryimage"},"thumbnailUrl":"https:\/\/m.media-amazon.com\/images\/I\/41a1z8+QwbL._SL500_.jpg","datePublished":"2021-10-26T13:24:42+00:00","dateModified":"2023-04-11T00:26:19+00:00","description":"Markt-XXL 2 St\u00fcck Schutzfolie Kompatibel mit iPad Air 4 10,9 Zoll 2020 und iPad Pro 11 Zoll 2021\/2020\/2018, 9H,Anti-Kratzen\u2026","breadcrumb":{"@id":"https:\/\/marktxxl.de\/markt\/produkt\/2-stueck-schutzfolie-kompatibel-mit-ipad-air-4-109-zoll-2020-und-ipad-pro-11-zoll-2021-2020-2018-9hanti-kratzenultraklarblasenfrei-glas-displayschutzfolie\/#breadcrumb"},"inLanguage":"de","potentialAction":[{"@type":"ReadAction","target":["https:\/\/marktxxl.de\/markt\/produkt\/2-stueck-schutzfolie-kompatibel-mit-ipad-air-4-109-zoll-2020-und-ipad-pro-11-zoll-2021-2020-2018-9hanti-kratzenultraklarblasenfrei-glas-displayschutzfolie\/"]}]},{"@type":"ImageObject","inLanguage":"de","@id":"https:\/\/marktxxl.de\/markt\/produkt\/2-stueck-schutzfolie-kompatibel-mit-ipad-air-4-109-zoll-2020-und-ipad-pro-11-zoll-2021-2020-2018-9hanti-kratzenultraklarblasenfrei-glas-displayschutzfolie\/#primaryimage","url":"https:\/\/m.media-amazon.com\/images\/I\/41a1z8+QwbL._SL500_.jpg","contentUrl":"https:\/\/m.media-amazon.com\/images\/I\/41a1z8+QwbL._SL500_.jpg","width":500,"height":500},{"@type":"BreadcrumbList","@id":"https:\/\/marktxxl.de\/markt\/produkt\/2-stueck-schutzfolie-kompatibel-mit-ipad-air-4-109-zoll-2020-und-ipad-pro-11-zoll-2021-2020-2018-9hanti-kratzenultraklarblasenfrei-glas-displayschutzfolie\/#breadcrumb","itemListElement":[{"@type":"ListItem","position":1,"name":"Startseite","item":"https:\/\/marktxxl.de\/markt\/"},{"@type":"ListItem","position":2,"name":"Markt","item":"https:\/\/marktxxl.de\/markt\/"},{"@type":"ListItem","position":3,"name":"2 St\u00fcck Schutzfolie Kompatibel mit iPad Air 4 10,9 Zoll 2020 und iPad Pro 11 Zoll 2021\/2020\/2018, 9H,Anti-Kratzen\u2026"}]},{"@type":"WebSite","@id":"https:\/\/marktxxl.de\/markt\/#website","url":"https:\/\/marktxxl.de\/markt\/","name":"Markt-XXL","description":"Ihr Markt Online","publisher":{"@id":"https:\/\/marktxxl.de\/markt\/#organization"},"potentialAction":[{"@type":"SearchAction","target":{"@type":"EntryPoint","urlTemplate":"https:\/\/marktxxl.de\/markt\/?s={search_term_string}"},"query-input":{"@type":"PropertyValueSpecification","valueRequired":true,"valueName":"search_term_string"}}],"inLanguage":"de"},{"@type":"Organization","@id":"https:\/\/marktxxl.de\/markt\/#organization","name":"Markt-XXL","url":"https:\/\/marktxxl.de\/markt\/","logo":{"@type":"ImageObject","inLanguage":"de","@id":"https:\/\/marktxxl.de\/markt\/#\/schema\/logo\/image\/","url":"https:\/\/marktxxl.de\/markt\/wp-content\/uploads\/sites\/3\/2020\/12\/logo.png","contentUrl":"https:\/\/marktxxl.de\/markt\/wp-content\/uploads\/sites\/3\/2020\/12\/logo.png","width":200,"height":70,"caption":"Markt-XXL"},"image":{"@id":"https:\/\/marktxxl.de\/markt\/#\/schema\/logo\/image\/"}}]}},"_links":{"self":[{"href":"https:\/\/marktxxl.de\/markt\/wp-json\/wp\/v2\/product\/58722","targetHints":{"allow":["GET"]}}],"collection":[{"href":"https:\/\/marktxxl.de\/markt\/wp-json\/wp\/v2\/product"}],"about":[{"href":"https:\/\/marktxxl.de\/markt\/wp-json\/wp\/v2\/types\/product"}],"replies":[{"embeddable":true,"href":"https:\/\/marktxxl.de\/markt\/wp-json\/wp\/v2\/comments?post=58722"}],"wp:featuredmedia":[{"embeddable":true,"href":"https:\/\/marktxxl.de\/markt\/wp-json\/wp\/v2\/media\/58723"}],"wp:attachment":[{"href":"https:\/\/marktxxl.de\/markt\/wp-json\/wp\/v2\/media?parent=58722"}],"wp:term":[{"taxonomy":"product_brand","embeddable":true,"href":"https:\/\/marktxxl.de\/markt\/wp-json\/wp\/v2\/product_brand?post=58722"},{"taxonomy":"product_cat","embeddable":true,"href":"https:\/\/marktxxl.de\/markt\/wp-json\/wp\/v2\/product_cat?post=58722"},{"taxonomy":"product_tag","embeddable":true,"href":"https:\/\/marktxxl.de\/markt\/wp-json\/wp\/v2\/product_tag?post=58722"}],"curies":[{"name":"wp","href":"https:\/\/api.w.org\/{rel}","templated":true}]}}