{"id":58714,"date":"2021-10-26T15:24:40","date_gmt":"2021-10-26T13:24:40","guid":{"rendered":"https:\/\/marktxxl.de\/markt\/produkt\/asus-dual-nvidia-geforce-rtx-3060-ti-v2-mini-8gb-gddr6-gaming\/"},"modified":"2023-04-11T02:26:19","modified_gmt":"2023-04-11T00:26:19","slug":"asus-dual-nvidia-geforce-rtx-3060-ti-v2-mini-8gb-gddr6-gaming","status":"publish","type":"product","link":"https:\/\/marktxxl.de\/markt\/produkt\/asus-dual-nvidia-geforce-rtx-3060-ti-v2-mini-8gb-gddr6-gaming\/","title":{"rendered":"ASUS Dual GeForce RTX3060 TI 8GB Mini V2 Gaming Grafikkarte (LHR (Lite Hash Rate), Nvidia Ampere, DLSS, PCIe 4.0, 8GB\u2026"},"content":{"rendered":"<p>NVIDIA Ampere Streaming-Multiprozessoren: Die Bausteine f\u00fcr den schnellsten und effizientesten Grafikprozessor der Welt, den brandneuen Ampere SM, liefern einen doppelten FP32-Durchsatz und eine verbesserte Energieeffizienz.<br \/>\nRT-Kerne der 2. Generation: Erlebe den doppelten Durchsatz im Vergleich zu RT-Kernen der 1. Generation, sowie paralleles RT und Shading f\u00fcr eine Raytracing-Performance auf v\u00f6llig neuem Niveau.<br \/>\nTensorkerne der 3. Generation: Erreiche bis zu 2x mehr Durchsatz mit kleineren Strukturen und fortschrittlichen KI-Algorithmen wie DLSS. Diese Kerne liefern eine massive Steigerung der Gaming-Performance und v\u00f6llig neue KI-F\u00e4higkeiten.<br \/>\nDiese GeForce RTX 3060 Grafikkarte mit LHR (Lite Hash Rate) liefert eine ETH-Hash-Rate von 25 MH\/s (gesch\u00e4tzt).<br \/>\nEine Anschlussblende aus Edelstahl ist h\u00e4rter und widerstandsf\u00e4higer gegen Korrosion.<br \/>\nEin 2-Slot-Design maximiert die Kompatibilit\u00e4t und K\u00fchleffizienz f\u00fcr eine \u00fcberragende Performance in kleinen Geh\u00e4usen<br \/>\nDas Axial-Tech-L\u00fcfterdesign bietet eine kleinere L\u00fcfternabe, durch die l\u00e4ngere L\u00fcfterbl\u00e4tter erm\u00f6glicht werden, sowie einen Sperrring, der den abw\u00e4rtsgerichteten Luftdruck erh\u00f6ht.<br \/>\nDie 0dB-Technologie sorgt f\u00fcr eine niedrige Ger\u00e4uschentwicklung bei weniger anspruchsvollen Spielen.<br \/>\n<div class=\"main-cross-sell\" data-asin=\"B098329YN6\">\n\n\t<div class=\"WooZone-cross-sell-loader\">\n\t\t<div>\n\t\t\t<div id=\"floatingBarsG\">\n\t\t\t\t<div class=\"blockG\" id=\"rotateG_01\"><\/div>\n\t\t\t\t<div class=\"blockG\" id=\"rotateG_02\"><\/div>\n\t\t\t\t<div class=\"blockG\" id=\"rotateG_03\"><\/div>\n\t\t\t\t<div class=\"blockG\" id=\"rotateG_04\"><\/div>\n\t\t\t\t<div class=\"blockG\" id=\"rotateG_05\"><\/div>\n\t\t\t\t<div class=\"blockG\" id=\"rotateG_06\"><\/div>\n\t\t\t\t<div class=\"blockG\" id=\"rotateG_07\"><\/div>\n\t\t\t\t<div class=\"blockG\" id=\"rotateG_08\"><\/div>\n\t\t\t<\/div>\n\t\t\t<div class=\"WooZone-cross-sell-loader-text\"><\/div>\n\t\t<\/div>\n\t<\/div>\n\n\t\t\n<\/div>\n<div style=\"clear:both;\"><\/div><\/p>\n","protected":false},"excerpt":{"rendered":"<p>NVIDIA Ampere Streaming-Multiprozessoren: Die Bausteine f\u00fcr den schnellsten und effizientesten Grafikprozessor der Welt, den brandneuen Ampere SM, liefern einen doppelten FP32-Durchsatz und eine verbesserte Energieeffizienz.<br \/>\nRT-Kerne der 2. Generation: Erlebe den doppelten Durchsatz im Vergleich zu RT-Kernen der 1. Generation, sowie paralleles RT und Shading f\u00fcr eine Raytracing-Performance auf v\u00f6llig neuem Niveau.<br \/>\nTensorkerne der 3. Generation: Erreiche bis zu 2x mehr Durchsatz mit kleineren Strukturen und fortschrittlichen KI-Algorithmen wie DLSS. Diese Kerne liefern eine massive Steigerung der Gaming-Performance und v\u00f6llig neue KI-F\u00e4higkeiten.<\/p>\n","protected":false},"featured_media":58715,"comment_status":"open","ping_status":"closed","template":"","meta":[],"product_brand":[],"product_cat":[863],"product_tag":[],"class_list":{"0":"post-58714","1":"product","2":"type-product","3":"status-publish","4":"has-post-thumbnail","6":"product_cat-computer-zubehoer","7":"pa_binding-personal-computers","8":"pa_brand-asus","9":"pa_height-1-4960629906-zoll","10":"pa_languages-menue-franzoesisch","11":"pa_length-7-87401574-zoll","12":"pa_manufacturer-asus","13":"pa_model-90yv0ft3-m0na00","14":"pa_weight-2-0062065842-pfund","15":"pa_width-4-8425196801-zoll","17":"first","18":"instock","19":"shipping-taxable","20":"purchasable","21":"product-type-simple","22":"customify-col","23":"product-has-gallery"},"yoast_head":"<!-- This site is optimized with the Yoast SEO plugin v27.3 - https:\/\/yoast.com\/product\/yoast-seo-wordpress\/ -->\n<title>ASUS Dual GeForce RTX3060 TI 8GB Mini V2 Gaming Grafikkarte (LHR (Lite Hash Rate), Nvidia Ampere, DLSS, PCIe 4.0, 8GB\u2026 - Markt-XXL<\/title>\n<meta name=\"description\" content=\"Markt-XXL ASUS Dual GeForce RTX3060 TI 8GB Mini V2 Gaming Grafikkarte (LHR (Lite Hash Rate), Nvidia Ampere, DLSS, PCIe 4.0, 8GB\u2026\" \/>\n<meta name=\"robots\" content=\"index, follow, max-snippet:-1, max-image-preview:large, max-video-preview:-1\" \/>\n<link rel=\"canonical\" href=\"https:\/\/marktxxl.de\/markt\/produkt\/asus-dual-nvidia-geforce-rtx-3060-ti-v2-mini-8gb-gddr6-gaming\/\" \/>\n<meta property=\"og:locale\" content=\"de_DE\" \/>\n<meta property=\"og:type\" content=\"article\" \/>\n<meta property=\"og:title\" content=\"ASUS Dual GeForce RTX3060 TI 8GB Mini V2 Gaming Grafikkarte (LHR (Lite Hash Rate), Nvidia Ampere, DLSS, PCIe 4.0, 8GB\u2026 - Markt-XXL\" \/>\n<meta property=\"og:description\" content=\"Markt-XXL ASUS Dual GeForce RTX3060 TI 8GB Mini V2 Gaming Grafikkarte (LHR (Lite Hash Rate), Nvidia Ampere, DLSS, PCIe 4.0, 8GB\u2026\" \/>\n<meta property=\"og:url\" content=\"https:\/\/marktxxl.de\/markt\/produkt\/asus-dual-nvidia-geforce-rtx-3060-ti-v2-mini-8gb-gddr6-gaming\/\" \/>\n<meta property=\"og:site_name\" content=\"Markt-XXL\" \/>\n<meta property=\"article:modified_time\" content=\"2023-04-11T00:26:19+00:00\" \/>\n<meta property=\"og:image\" content=\"https:\/\/m.media-amazon.com\/images\/I\/41qhccWXkBS._SL500_.jpg\" \/>\n\t<meta property=\"og:image:width\" content=\"500\" \/>\n\t<meta property=\"og:image:height\" content=\"500\" \/>\n\t<meta property=\"og:image:type\" content=\"image\/jpeg\" \/>\n<meta name=\"twitter:card\" content=\"summary_large_image\" \/>\n<meta name=\"twitter:label1\" content=\"Gesch\u00e4tzte Lesezeit\" \/>\n\t<meta name=\"twitter:data1\" content=\"1\u00a0Minute\" \/>\n<script type=\"application\/ld+json\" class=\"yoast-schema-graph\">{\"@context\":\"https:\\\/\\\/schema.org\",\"@graph\":[{\"@type\":\"WebPage\",\"@id\":\"https:\\\/\\\/marktxxl.de\\\/markt\\\/produkt\\\/asus-dual-nvidia-geforce-rtx-3060-ti-v2-mini-8gb-gddr6-gaming\\\/\",\"url\":\"https:\\\/\\\/marktxxl.de\\\/markt\\\/produkt\\\/asus-dual-nvidia-geforce-rtx-3060-ti-v2-mini-8gb-gddr6-gaming\\\/\",\"name\":\"ASUS Dual GeForce RTX3060 TI 8GB Mini V2 Gaming Grafikkarte (LHR (Lite Hash Rate), Nvidia Ampere, DLSS, PCIe 4.0, 8GB\u2026 - Markt-XXL\",\"isPartOf\":{\"@id\":\"https:\\\/\\\/marktxxl.de\\\/markt\\\/#website\"},\"primaryImageOfPage\":{\"@id\":\"https:\\\/\\\/marktxxl.de\\\/markt\\\/produkt\\\/asus-dual-nvidia-geforce-rtx-3060-ti-v2-mini-8gb-gddr6-gaming\\\/#primaryimage\"},\"image\":{\"@id\":\"https:\\\/\\\/marktxxl.de\\\/markt\\\/produkt\\\/asus-dual-nvidia-geforce-rtx-3060-ti-v2-mini-8gb-gddr6-gaming\\\/#primaryimage\"},\"thumbnailUrl\":\"https:\\\/\\\/m.media-amazon.com\\\/images\\\/I\\\/41qhccWXkBS._SL500_.jpg\",\"datePublished\":\"2021-10-26T13:24:40+00:00\",\"dateModified\":\"2023-04-11T00:26:19+00:00\",\"description\":\"Markt-XXL ASUS Dual GeForce RTX3060 TI 8GB Mini V2 Gaming Grafikkarte (LHR (Lite Hash Rate), Nvidia Ampere, DLSS, PCIe 4.0, 8GB\u2026\",\"breadcrumb\":{\"@id\":\"https:\\\/\\\/marktxxl.de\\\/markt\\\/produkt\\\/asus-dual-nvidia-geforce-rtx-3060-ti-v2-mini-8gb-gddr6-gaming\\\/#breadcrumb\"},\"inLanguage\":\"de\",\"potentialAction\":[{\"@type\":\"ReadAction\",\"target\":[\"https:\\\/\\\/marktxxl.de\\\/markt\\\/produkt\\\/asus-dual-nvidia-geforce-rtx-3060-ti-v2-mini-8gb-gddr6-gaming\\\/\"]}]},{\"@type\":\"ImageObject\",\"inLanguage\":\"de\",\"@id\":\"https:\\\/\\\/marktxxl.de\\\/markt\\\/produkt\\\/asus-dual-nvidia-geforce-rtx-3060-ti-v2-mini-8gb-gddr6-gaming\\\/#primaryimage\",\"url\":\"https:\\\/\\\/m.media-amazon.com\\\/images\\\/I\\\/41qhccWXkBS._SL500_.jpg\",\"contentUrl\":\"https:\\\/\\\/m.media-amazon.com\\\/images\\\/I\\\/41qhccWXkBS._SL500_.jpg\",\"width\":500,\"height\":500},{\"@type\":\"BreadcrumbList\",\"@id\":\"https:\\\/\\\/marktxxl.de\\\/markt\\\/produkt\\\/asus-dual-nvidia-geforce-rtx-3060-ti-v2-mini-8gb-gddr6-gaming\\\/#breadcrumb\",\"itemListElement\":[{\"@type\":\"ListItem\",\"position\":1,\"name\":\"Startseite\",\"item\":\"https:\\\/\\\/marktxxl.de\\\/markt\\\/\"},{\"@type\":\"ListItem\",\"position\":2,\"name\":\"Markt\",\"item\":\"https:\\\/\\\/marktxxl.de\\\/markt\\\/\"},{\"@type\":\"ListItem\",\"position\":3,\"name\":\"ASUS Dual GeForce RTX3060 TI 8GB Mini V2 Gaming Grafikkarte (LHR (Lite Hash Rate), Nvidia Ampere, DLSS, PCIe 4.0, 8GB\u2026\"}]},{\"@type\":\"WebSite\",\"@id\":\"https:\\\/\\\/marktxxl.de\\\/markt\\\/#website\",\"url\":\"https:\\\/\\\/marktxxl.de\\\/markt\\\/\",\"name\":\"Markt-XXL\",\"description\":\"Ihr Markt Online\",\"publisher\":{\"@id\":\"https:\\\/\\\/marktxxl.de\\\/markt\\\/#organization\"},\"potentialAction\":[{\"@type\":\"SearchAction\",\"target\":{\"@type\":\"EntryPoint\",\"urlTemplate\":\"https:\\\/\\\/marktxxl.de\\\/markt\\\/?s={search_term_string}\"},\"query-input\":{\"@type\":\"PropertyValueSpecification\",\"valueRequired\":true,\"valueName\":\"search_term_string\"}}],\"inLanguage\":\"de\"},{\"@type\":\"Organization\",\"@id\":\"https:\\\/\\\/marktxxl.de\\\/markt\\\/#organization\",\"name\":\"Markt-XXL\",\"url\":\"https:\\\/\\\/marktxxl.de\\\/markt\\\/\",\"logo\":{\"@type\":\"ImageObject\",\"inLanguage\":\"de\",\"@id\":\"https:\\\/\\\/marktxxl.de\\\/markt\\\/#\\\/schema\\\/logo\\\/image\\\/\",\"url\":\"https:\\\/\\\/marktxxl.de\\\/markt\\\/wp-content\\\/uploads\\\/sites\\\/3\\\/2020\\\/12\\\/logo.png\",\"contentUrl\":\"https:\\\/\\\/marktxxl.de\\\/markt\\\/wp-content\\\/uploads\\\/sites\\\/3\\\/2020\\\/12\\\/logo.png\",\"width\":200,\"height\":70,\"caption\":\"Markt-XXL\"},\"image\":{\"@id\":\"https:\\\/\\\/marktxxl.de\\\/markt\\\/#\\\/schema\\\/logo\\\/image\\\/\"}}]}<\/script>\n<!-- \/ Yoast SEO plugin. -->","yoast_head_json":{"title":"ASUS Dual GeForce RTX3060 TI 8GB Mini V2 Gaming Grafikkarte (LHR (Lite Hash Rate), Nvidia Ampere, DLSS, PCIe 4.0, 8GB\u2026 - Markt-XXL","description":"Markt-XXL ASUS Dual GeForce RTX3060 TI 8GB Mini V2 Gaming Grafikkarte (LHR (Lite Hash Rate), Nvidia Ampere, DLSS, PCIe 4.0, 8GB\u2026","robots":{"index":"index","follow":"follow","max-snippet":"max-snippet:-1","max-image-preview":"max-image-preview:large","max-video-preview":"max-video-preview:-1"},"canonical":"https:\/\/marktxxl.de\/markt\/produkt\/asus-dual-nvidia-geforce-rtx-3060-ti-v2-mini-8gb-gddr6-gaming\/","og_locale":"de_DE","og_type":"article","og_title":"ASUS Dual GeForce RTX3060 TI 8GB Mini V2 Gaming Grafikkarte (LHR (Lite Hash Rate), Nvidia Ampere, DLSS, PCIe 4.0, 8GB\u2026 - Markt-XXL","og_description":"Markt-XXL ASUS Dual GeForce RTX3060 TI 8GB Mini V2 Gaming Grafikkarte (LHR (Lite Hash Rate), Nvidia Ampere, DLSS, PCIe 4.0, 8GB\u2026","og_url":"https:\/\/marktxxl.de\/markt\/produkt\/asus-dual-nvidia-geforce-rtx-3060-ti-v2-mini-8gb-gddr6-gaming\/","og_site_name":"Markt-XXL","article_modified_time":"2023-04-11T00:26:19+00:00","og_image":[{"width":500,"height":500,"url":"https:\/\/m.media-amazon.com\/images\/I\/41qhccWXkBS._SL500_.jpg","type":"image\/jpeg"}],"twitter_card":"summary_large_image","twitter_misc":{"Gesch\u00e4tzte Lesezeit":"1\u00a0Minute"},"schema":{"@context":"https:\/\/schema.org","@graph":[{"@type":"WebPage","@id":"https:\/\/marktxxl.de\/markt\/produkt\/asus-dual-nvidia-geforce-rtx-3060-ti-v2-mini-8gb-gddr6-gaming\/","url":"https:\/\/marktxxl.de\/markt\/produkt\/asus-dual-nvidia-geforce-rtx-3060-ti-v2-mini-8gb-gddr6-gaming\/","name":"ASUS Dual GeForce RTX3060 TI 8GB Mini V2 Gaming Grafikkarte (LHR (Lite Hash Rate), Nvidia Ampere, DLSS, PCIe 4.0, 8GB\u2026 - Markt-XXL","isPartOf":{"@id":"https:\/\/marktxxl.de\/markt\/#website"},"primaryImageOfPage":{"@id":"https:\/\/marktxxl.de\/markt\/produkt\/asus-dual-nvidia-geforce-rtx-3060-ti-v2-mini-8gb-gddr6-gaming\/#primaryimage"},"image":{"@id":"https:\/\/marktxxl.de\/markt\/produkt\/asus-dual-nvidia-geforce-rtx-3060-ti-v2-mini-8gb-gddr6-gaming\/#primaryimage"},"thumbnailUrl":"https:\/\/m.media-amazon.com\/images\/I\/41qhccWXkBS._SL500_.jpg","datePublished":"2021-10-26T13:24:40+00:00","dateModified":"2023-04-11T00:26:19+00:00","description":"Markt-XXL ASUS Dual GeForce RTX3060 TI 8GB Mini V2 Gaming Grafikkarte (LHR (Lite Hash Rate), Nvidia Ampere, DLSS, PCIe 4.0, 8GB\u2026","breadcrumb":{"@id":"https:\/\/marktxxl.de\/markt\/produkt\/asus-dual-nvidia-geforce-rtx-3060-ti-v2-mini-8gb-gddr6-gaming\/#breadcrumb"},"inLanguage":"de","potentialAction":[{"@type":"ReadAction","target":["https:\/\/marktxxl.de\/markt\/produkt\/asus-dual-nvidia-geforce-rtx-3060-ti-v2-mini-8gb-gddr6-gaming\/"]}]},{"@type":"ImageObject","inLanguage":"de","@id":"https:\/\/marktxxl.de\/markt\/produkt\/asus-dual-nvidia-geforce-rtx-3060-ti-v2-mini-8gb-gddr6-gaming\/#primaryimage","url":"https:\/\/m.media-amazon.com\/images\/I\/41qhccWXkBS._SL500_.jpg","contentUrl":"https:\/\/m.media-amazon.com\/images\/I\/41qhccWXkBS._SL500_.jpg","width":500,"height":500},{"@type":"BreadcrumbList","@id":"https:\/\/marktxxl.de\/markt\/produkt\/asus-dual-nvidia-geforce-rtx-3060-ti-v2-mini-8gb-gddr6-gaming\/#breadcrumb","itemListElement":[{"@type":"ListItem","position":1,"name":"Startseite","item":"https:\/\/marktxxl.de\/markt\/"},{"@type":"ListItem","position":2,"name":"Markt","item":"https:\/\/marktxxl.de\/markt\/"},{"@type":"ListItem","position":3,"name":"ASUS Dual GeForce RTX3060 TI 8GB Mini V2 Gaming Grafikkarte (LHR (Lite Hash Rate), Nvidia Ampere, DLSS, PCIe 4.0, 8GB\u2026"}]},{"@type":"WebSite","@id":"https:\/\/marktxxl.de\/markt\/#website","url":"https:\/\/marktxxl.de\/markt\/","name":"Markt-XXL","description":"Ihr Markt Online","publisher":{"@id":"https:\/\/marktxxl.de\/markt\/#organization"},"potentialAction":[{"@type":"SearchAction","target":{"@type":"EntryPoint","urlTemplate":"https:\/\/marktxxl.de\/markt\/?s={search_term_string}"},"query-input":{"@type":"PropertyValueSpecification","valueRequired":true,"valueName":"search_term_string"}}],"inLanguage":"de"},{"@type":"Organization","@id":"https:\/\/marktxxl.de\/markt\/#organization","name":"Markt-XXL","url":"https:\/\/marktxxl.de\/markt\/","logo":{"@type":"ImageObject","inLanguage":"de","@id":"https:\/\/marktxxl.de\/markt\/#\/schema\/logo\/image\/","url":"https:\/\/marktxxl.de\/markt\/wp-content\/uploads\/sites\/3\/2020\/12\/logo.png","contentUrl":"https:\/\/marktxxl.de\/markt\/wp-content\/uploads\/sites\/3\/2020\/12\/logo.png","width":200,"height":70,"caption":"Markt-XXL"},"image":{"@id":"https:\/\/marktxxl.de\/markt\/#\/schema\/logo\/image\/"}}]}},"_links":{"self":[{"href":"https:\/\/marktxxl.de\/markt\/wp-json\/wp\/v2\/product\/58714","targetHints":{"allow":["GET"]}}],"collection":[{"href":"https:\/\/marktxxl.de\/markt\/wp-json\/wp\/v2\/product"}],"about":[{"href":"https:\/\/marktxxl.de\/markt\/wp-json\/wp\/v2\/types\/product"}],"replies":[{"embeddable":true,"href":"https:\/\/marktxxl.de\/markt\/wp-json\/wp\/v2\/comments?post=58714"}],"wp:featuredmedia":[{"embeddable":true,"href":"https:\/\/marktxxl.de\/markt\/wp-json\/wp\/v2\/media\/58715"}],"wp:attachment":[{"href":"https:\/\/marktxxl.de\/markt\/wp-json\/wp\/v2\/media?parent=58714"}],"wp:term":[{"taxonomy":"product_brand","embeddable":true,"href":"https:\/\/marktxxl.de\/markt\/wp-json\/wp\/v2\/product_brand?post=58714"},{"taxonomy":"product_cat","embeddable":true,"href":"https:\/\/marktxxl.de\/markt\/wp-json\/wp\/v2\/product_cat?post=58714"},{"taxonomy":"product_tag","embeddable":true,"href":"https:\/\/marktxxl.de\/markt\/wp-json\/wp\/v2\/product_tag?post=58714"}],"curies":[{"name":"wp","href":"https:\/\/api.w.org\/{rel}","templated":true}]}}