{"id":58696,"date":"2021-10-26T15:24:37","date_gmt":"2021-10-26T13:24:37","guid":{"rendered":"https:\/\/marktxxl.de\/markt\/produkt\/asus-rog-strix-geforce-rtx3060-ti-8gb-v2-oc-edition-gaming-grafikkarte-lite-hash-rate-lhr-nvidia-ampere-pcie-4-0-2x-hdmi-2-1-3x-displayport-1-4a-rog-strix-rtx3060ti-o8g-v2-gaming\/"},"modified":"2023-04-11T02:26:18","modified_gmt":"2023-04-11T00:26:18","slug":"asus-rog-strix-geforce-rtx3060-ti-8gb-v2-oc-edition-gaming-grafikkarte-lite-hash-rate-lhr-nvidia-ampere-pcie-4-0-2x-hdmi-2-1-3x-displayport-1-4a-rog-strix-rtx3060ti-o8g-v2-gaming","status":"publish","type":"product","link":"https:\/\/marktxxl.de\/markt\/produkt\/asus-rog-strix-geforce-rtx3060-ti-8gb-v2-oc-edition-gaming-grafikkarte-lite-hash-rate-lhr-nvidia-ampere-pcie-4-0-2x-hdmi-2-1-3x-displayport-1-4a-rog-strix-rtx3060ti-o8g-v2-gaming\/","title":{"rendered":"ASUS ROG Strix GeForce RTX3060 TI 8GB V2 OC Edition Gaming Grafikkarte (Lite Hash Rate (LHR), Nvidia Ampere, PCIe 4.0\u2026"},"content":{"rendered":"<p>NVIDIA Ampere Streaming-Multiprozessoren: Die Bausteine f\u00fcr den schnellsten und effizientesten Grafikprozessor der Welt, den brandneuen Ampere SM, liefern einen doppelten FP32-Durchsatz und eine verbesserte Energieeffizienz.<br \/>\nRT-Kerne der 2. Generation: Erlebe den doppelten Durchsatz im Vergleich zu RT-Kernen der 1. Generation, sowie paralleles RT und Shading f\u00fcr eine Raytracing-Performance auf v\u00f6llig neuem Niveau.<br \/>\nTensorkerne der 3. Generation: Erreiche bis zu 2x mehr Durchsatz mit kleineren Strukturen und fortschrittlichen KI-Algorithmen wie DLSS. Diese Kerne liefern eine massive Steigerung der Gaming-Performance und v\u00f6llig neue KI-F\u00e4higkeiten.<br \/>\nDiese GeForce RTX 3060 Ti Grafikkarte mit LHR (Lite Hash Rate) liefert eine ETH-Hash-Rate von 25 MH\/s (gesch\u00e4tzt).<br \/>\nOC-Edition: Boost-Frequenz 1890 MHz (OC-Modus)\/ 1860 MHz (Gaming-Modus)<br \/>\nDas Axial-Tech-L\u00fcfterdesign wurde mit einem gegenl\u00e4ufigen Mittell\u00fcfter optimiert, der f\u00fcr weniger Luftverwirbelungen sorgt.<br \/>\nDas 2,9-Slot-Design vergr\u00f6\u00dfert die K\u00fchlfl\u00e4che im Vergleich zur letzten Generation und sorgt so f\u00fcr mehr thermischen Spielraum als je zuvor.<br \/>\nSuper Alloy Power II beinhaltet Spulen aus hochwertigen Legierungen, Festpolymerkondensatoren und eine Reihe von Hochstrom-Leistungsstufen.<br \/>\nGPU Tweak II bietet intuitive Leistungsoptimierungen, eine Temperatursteuerung und System-Monitoring.<br \/>\n<div class=\"main-cross-sell\" data-asin=\"B09831JZR2\">\n\n\t<div class=\"WooZone-cross-sell-loader\">\n\t\t<div>\n\t\t\t<div id=\"floatingBarsG\">\n\t\t\t\t<div class=\"blockG\" id=\"rotateG_01\"><\/div>\n\t\t\t\t<div class=\"blockG\" id=\"rotateG_02\"><\/div>\n\t\t\t\t<div class=\"blockG\" id=\"rotateG_03\"><\/div>\n\t\t\t\t<div class=\"blockG\" id=\"rotateG_04\"><\/div>\n\t\t\t\t<div class=\"blockG\" id=\"rotateG_05\"><\/div>\n\t\t\t\t<div class=\"blockG\" id=\"rotateG_06\"><\/div>\n\t\t\t\t<div class=\"blockG\" id=\"rotateG_07\"><\/div>\n\t\t\t\t<div class=\"blockG\" id=\"rotateG_08\"><\/div>\n\t\t\t<\/div>\n\t\t\t<div class=\"WooZone-cross-sell-loader-text\"><\/div>\n\t\t<\/div>\n\t<\/div>\n\n\t\t\n<\/div>\n<div style=\"clear:both;\"><\/div><\/p>\n","protected":false},"excerpt":{"rendered":"<p>NVIDIA Ampere Streaming-Multiprozessoren: Die Bausteine f\u00fcr den schnellsten und effizientesten Grafikprozessor der Welt, den brandneuen Ampere SM, liefern einen doppelten FP32-Durchsatz und eine verbesserte Energieeffizienz.<br \/>\nRT-Kerne der 2. Generation: Erlebe den doppelten Durchsatz im Vergleich zu RT-Kernen der 1. Generation, sowie paralleles RT und Shading f\u00fcr eine Raytracing-Performance auf v\u00f6llig neuem Niveau.<br \/>\nTensorkerne der 3. Generation: Erreiche bis zu 2x mehr Durchsatz mit kleineren Strukturen und fortschrittlichen KI-Algorithmen wie DLSS. Diese Kerne liefern eine massive Steigerung der Gaming-Performance und v\u00f6llig neue KI-F\u00e4higkeiten.<\/p>\n","protected":false},"featured_media":58697,"comment_status":"open","ping_status":"closed","template":"","meta":[],"product_brand":[],"product_cat":[863],"product_tag":[],"class_list":{"0":"post-58696","1":"product","2":"type-product","3":"status-publish","4":"has-post-thumbnail","6":"product_cat-computer-zubehoer","7":"pa_binding-elektronik","8":"pa_brand-asustek-video-cards","9":"pa_height-5-515737-zoll","10":"pa_languages-menue-franzoesisch","11":"pa_length-12-539345-zoll","12":"pa_manufacturer-asustek-video-cards","13":"pa_model-90yv0g03-m0na00","14":"pa_warranty-36-monate-herstellergarantie","15":"pa_weight-4-850169764-pfund","16":"pa_width-2-275586-zoll","18":"first","19":"instock","20":"shipping-taxable","21":"purchasable","22":"product-type-simple","23":"customify-col","24":"product-has-gallery"},"yoast_head":"<!-- This site is optimized with the Yoast SEO plugin v27.4 - https:\/\/yoast.com\/product\/yoast-seo-wordpress\/ -->\n<title>ASUS ROG Strix GeForce RTX3060 TI 8GB V2 OC Edition Gaming Grafikkarte (Lite Hash Rate (LHR), Nvidia Ampere, PCIe 4.0\u2026 - Markt-XXL<\/title>\n<meta name=\"description\" content=\"Markt-XXL ASUS ROG Strix GeForce RTX3060 TI 8GB V2 OC Edition Gaming Grafikkarte (Lite Hash Rate (LHR), Nvidia Ampere, PCIe 4.0\u2026\" \/>\n<meta name=\"robots\" content=\"index, follow, max-snippet:-1, max-image-preview:large, max-video-preview:-1\" \/>\n<link rel=\"canonical\" href=\"https:\/\/marktxxl.de\/markt\/produkt\/asus-rog-strix-geforce-rtx3060-ti-8gb-v2-oc-edition-gaming-grafikkarte-lite-hash-rate-lhr-nvidia-ampere-pcie-4-0-2x-hdmi-2-1-3x-displayport-1-4a-rog-strix-rtx3060ti-o8g-v2-gaming\/\" \/>\n<meta property=\"og:locale\" content=\"de_DE\" \/>\n<meta property=\"og:type\" content=\"article\" \/>\n<meta property=\"og:title\" content=\"ASUS ROG Strix GeForce RTX3060 TI 8GB V2 OC Edition Gaming Grafikkarte (Lite Hash Rate (LHR), Nvidia Ampere, PCIe 4.0\u2026 - Markt-XXL\" \/>\n<meta property=\"og:description\" content=\"Markt-XXL ASUS ROG Strix GeForce RTX3060 TI 8GB V2 OC Edition Gaming Grafikkarte (Lite Hash Rate (LHR), Nvidia Ampere, PCIe 4.0\u2026\" \/>\n<meta property=\"og:url\" content=\"https:\/\/marktxxl.de\/markt\/produkt\/asus-rog-strix-geforce-rtx3060-ti-8gb-v2-oc-edition-gaming-grafikkarte-lite-hash-rate-lhr-nvidia-ampere-pcie-4-0-2x-hdmi-2-1-3x-displayport-1-4a-rog-strix-rtx3060ti-o8g-v2-gaming\/\" \/>\n<meta property=\"og:site_name\" content=\"Markt-XXL\" \/>\n<meta property=\"article:modified_time\" content=\"2023-04-11T00:26:18+00:00\" \/>\n<meta property=\"og:image\" content=\"https:\/\/m.media-amazon.com\/images\/I\/51jc6fa29TS._SL500_.jpg\" \/>\n\t<meta property=\"og:image:width\" content=\"500\" \/>\n\t<meta property=\"og:image:height\" content=\"500\" \/>\n\t<meta property=\"og:image:type\" content=\"image\/jpeg\" \/>\n<meta name=\"twitter:card\" content=\"summary_large_image\" \/>\n<meta name=\"twitter:label1\" content=\"Gesch\u00e4tzte Lesezeit\" \/>\n\t<meta name=\"twitter:data1\" content=\"1\u00a0Minute\" \/>\n<script type=\"application\/ld+json\" class=\"yoast-schema-graph\">{\"@context\":\"https:\\\/\\\/schema.org\",\"@graph\":[{\"@type\":\"WebPage\",\"@id\":\"https:\\\/\\\/marktxxl.de\\\/markt\\\/produkt\\\/asus-rog-strix-geforce-rtx3060-ti-8gb-v2-oc-edition-gaming-grafikkarte-lite-hash-rate-lhr-nvidia-ampere-pcie-4-0-2x-hdmi-2-1-3x-displayport-1-4a-rog-strix-rtx3060ti-o8g-v2-gaming\\\/\",\"url\":\"https:\\\/\\\/marktxxl.de\\\/markt\\\/produkt\\\/asus-rog-strix-geforce-rtx3060-ti-8gb-v2-oc-edition-gaming-grafikkarte-lite-hash-rate-lhr-nvidia-ampere-pcie-4-0-2x-hdmi-2-1-3x-displayport-1-4a-rog-strix-rtx3060ti-o8g-v2-gaming\\\/\",\"name\":\"ASUS ROG Strix GeForce RTX3060 TI 8GB V2 OC Edition Gaming Grafikkarte (Lite Hash Rate (LHR), Nvidia Ampere, PCIe 4.0\u2026 - Markt-XXL\",\"isPartOf\":{\"@id\":\"https:\\\/\\\/marktxxl.de\\\/markt\\\/#website\"},\"primaryImageOfPage\":{\"@id\":\"https:\\\/\\\/marktxxl.de\\\/markt\\\/produkt\\\/asus-rog-strix-geforce-rtx3060-ti-8gb-v2-oc-edition-gaming-grafikkarte-lite-hash-rate-lhr-nvidia-ampere-pcie-4-0-2x-hdmi-2-1-3x-displayport-1-4a-rog-strix-rtx3060ti-o8g-v2-gaming\\\/#primaryimage\"},\"image\":{\"@id\":\"https:\\\/\\\/marktxxl.de\\\/markt\\\/produkt\\\/asus-rog-strix-geforce-rtx3060-ti-8gb-v2-oc-edition-gaming-grafikkarte-lite-hash-rate-lhr-nvidia-ampere-pcie-4-0-2x-hdmi-2-1-3x-displayport-1-4a-rog-strix-rtx3060ti-o8g-v2-gaming\\\/#primaryimage\"},\"thumbnailUrl\":\"https:\\\/\\\/m.media-amazon.com\\\/images\\\/I\\\/51jc6fa29TS._SL500_.jpg\",\"datePublished\":\"2021-10-26T13:24:37+00:00\",\"dateModified\":\"2023-04-11T00:26:18+00:00\",\"description\":\"Markt-XXL ASUS ROG Strix GeForce RTX3060 TI 8GB V2 OC Edition Gaming Grafikkarte (Lite Hash Rate (LHR), Nvidia Ampere, PCIe 4.0\u2026\",\"breadcrumb\":{\"@id\":\"https:\\\/\\\/marktxxl.de\\\/markt\\\/produkt\\\/asus-rog-strix-geforce-rtx3060-ti-8gb-v2-oc-edition-gaming-grafikkarte-lite-hash-rate-lhr-nvidia-ampere-pcie-4-0-2x-hdmi-2-1-3x-displayport-1-4a-rog-strix-rtx3060ti-o8g-v2-gaming\\\/#breadcrumb\"},\"inLanguage\":\"de\",\"potentialAction\":[{\"@type\":\"ReadAction\",\"target\":[\"https:\\\/\\\/marktxxl.de\\\/markt\\\/produkt\\\/asus-rog-strix-geforce-rtx3060-ti-8gb-v2-oc-edition-gaming-grafikkarte-lite-hash-rate-lhr-nvidia-ampere-pcie-4-0-2x-hdmi-2-1-3x-displayport-1-4a-rog-strix-rtx3060ti-o8g-v2-gaming\\\/\"]}]},{\"@type\":\"ImageObject\",\"inLanguage\":\"de\",\"@id\":\"https:\\\/\\\/marktxxl.de\\\/markt\\\/produkt\\\/asus-rog-strix-geforce-rtx3060-ti-8gb-v2-oc-edition-gaming-grafikkarte-lite-hash-rate-lhr-nvidia-ampere-pcie-4-0-2x-hdmi-2-1-3x-displayport-1-4a-rog-strix-rtx3060ti-o8g-v2-gaming\\\/#primaryimage\",\"url\":\"https:\\\/\\\/m.media-amazon.com\\\/images\\\/I\\\/51jc6fa29TS._SL500_.jpg\",\"contentUrl\":\"https:\\\/\\\/m.media-amazon.com\\\/images\\\/I\\\/51jc6fa29TS._SL500_.jpg\",\"width\":500,\"height\":500},{\"@type\":\"BreadcrumbList\",\"@id\":\"https:\\\/\\\/marktxxl.de\\\/markt\\\/produkt\\\/asus-rog-strix-geforce-rtx3060-ti-8gb-v2-oc-edition-gaming-grafikkarte-lite-hash-rate-lhr-nvidia-ampere-pcie-4-0-2x-hdmi-2-1-3x-displayport-1-4a-rog-strix-rtx3060ti-o8g-v2-gaming\\\/#breadcrumb\",\"itemListElement\":[{\"@type\":\"ListItem\",\"position\":1,\"name\":\"Startseite\",\"item\":\"https:\\\/\\\/marktxxl.de\\\/markt\\\/\"},{\"@type\":\"ListItem\",\"position\":2,\"name\":\"Markt\",\"item\":\"https:\\\/\\\/marktxxl.de\\\/markt\\\/\"},{\"@type\":\"ListItem\",\"position\":3,\"name\":\"ASUS ROG Strix GeForce RTX3060 TI 8GB V2 OC Edition Gaming Grafikkarte (Lite Hash Rate (LHR), Nvidia Ampere, PCIe 4.0\u2026\"}]},{\"@type\":\"WebSite\",\"@id\":\"https:\\\/\\\/marktxxl.de\\\/markt\\\/#website\",\"url\":\"https:\\\/\\\/marktxxl.de\\\/markt\\\/\",\"name\":\"Markt-XXL\",\"description\":\"Ihr Markt Online\",\"publisher\":{\"@id\":\"https:\\\/\\\/marktxxl.de\\\/markt\\\/#organization\"},\"potentialAction\":[{\"@type\":\"SearchAction\",\"target\":{\"@type\":\"EntryPoint\",\"urlTemplate\":\"https:\\\/\\\/marktxxl.de\\\/markt\\\/?s={search_term_string}\"},\"query-input\":{\"@type\":\"PropertyValueSpecification\",\"valueRequired\":true,\"valueName\":\"search_term_string\"}}],\"inLanguage\":\"de\"},{\"@type\":\"Organization\",\"@id\":\"https:\\\/\\\/marktxxl.de\\\/markt\\\/#organization\",\"name\":\"Markt-XXL\",\"url\":\"https:\\\/\\\/marktxxl.de\\\/markt\\\/\",\"logo\":{\"@type\":\"ImageObject\",\"inLanguage\":\"de\",\"@id\":\"https:\\\/\\\/marktxxl.de\\\/markt\\\/#\\\/schema\\\/logo\\\/image\\\/\",\"url\":\"https:\\\/\\\/marktxxl.de\\\/markt\\\/wp-content\\\/uploads\\\/sites\\\/3\\\/2020\\\/12\\\/logo.png\",\"contentUrl\":\"https:\\\/\\\/marktxxl.de\\\/markt\\\/wp-content\\\/uploads\\\/sites\\\/3\\\/2020\\\/12\\\/logo.png\",\"width\":200,\"height\":70,\"caption\":\"Markt-XXL\"},\"image\":{\"@id\":\"https:\\\/\\\/marktxxl.de\\\/markt\\\/#\\\/schema\\\/logo\\\/image\\\/\"}}]}<\/script>\n<!-- \/ Yoast SEO plugin. -->","yoast_head_json":{"title":"ASUS ROG Strix GeForce RTX3060 TI 8GB V2 OC Edition Gaming Grafikkarte (Lite Hash Rate (LHR), Nvidia Ampere, PCIe 4.0\u2026 - Markt-XXL","description":"Markt-XXL ASUS ROG Strix GeForce RTX3060 TI 8GB V2 OC Edition Gaming Grafikkarte (Lite Hash Rate (LHR), Nvidia Ampere, PCIe 4.0\u2026","robots":{"index":"index","follow":"follow","max-snippet":"max-snippet:-1","max-image-preview":"max-image-preview:large","max-video-preview":"max-video-preview:-1"},"canonical":"https:\/\/marktxxl.de\/markt\/produkt\/asus-rog-strix-geforce-rtx3060-ti-8gb-v2-oc-edition-gaming-grafikkarte-lite-hash-rate-lhr-nvidia-ampere-pcie-4-0-2x-hdmi-2-1-3x-displayport-1-4a-rog-strix-rtx3060ti-o8g-v2-gaming\/","og_locale":"de_DE","og_type":"article","og_title":"ASUS ROG Strix GeForce RTX3060 TI 8GB V2 OC Edition Gaming Grafikkarte (Lite Hash Rate (LHR), Nvidia Ampere, PCIe 4.0\u2026 - Markt-XXL","og_description":"Markt-XXL ASUS ROG Strix GeForce RTX3060 TI 8GB V2 OC Edition Gaming Grafikkarte (Lite Hash Rate (LHR), Nvidia Ampere, PCIe 4.0\u2026","og_url":"https:\/\/marktxxl.de\/markt\/produkt\/asus-rog-strix-geforce-rtx3060-ti-8gb-v2-oc-edition-gaming-grafikkarte-lite-hash-rate-lhr-nvidia-ampere-pcie-4-0-2x-hdmi-2-1-3x-displayport-1-4a-rog-strix-rtx3060ti-o8g-v2-gaming\/","og_site_name":"Markt-XXL","article_modified_time":"2023-04-11T00:26:18+00:00","og_image":[{"width":500,"height":500,"url":"https:\/\/m.media-amazon.com\/images\/I\/51jc6fa29TS._SL500_.jpg","type":"image\/jpeg"}],"twitter_card":"summary_large_image","twitter_misc":{"Gesch\u00e4tzte Lesezeit":"1\u00a0Minute"},"schema":{"@context":"https:\/\/schema.org","@graph":[{"@type":"WebPage","@id":"https:\/\/marktxxl.de\/markt\/produkt\/asus-rog-strix-geforce-rtx3060-ti-8gb-v2-oc-edition-gaming-grafikkarte-lite-hash-rate-lhr-nvidia-ampere-pcie-4-0-2x-hdmi-2-1-3x-displayport-1-4a-rog-strix-rtx3060ti-o8g-v2-gaming\/","url":"https:\/\/marktxxl.de\/markt\/produkt\/asus-rog-strix-geforce-rtx3060-ti-8gb-v2-oc-edition-gaming-grafikkarte-lite-hash-rate-lhr-nvidia-ampere-pcie-4-0-2x-hdmi-2-1-3x-displayport-1-4a-rog-strix-rtx3060ti-o8g-v2-gaming\/","name":"ASUS ROG Strix GeForce RTX3060 TI 8GB V2 OC Edition Gaming Grafikkarte (Lite Hash Rate (LHR), Nvidia Ampere, PCIe 4.0\u2026 - Markt-XXL","isPartOf":{"@id":"https:\/\/marktxxl.de\/markt\/#website"},"primaryImageOfPage":{"@id":"https:\/\/marktxxl.de\/markt\/produkt\/asus-rog-strix-geforce-rtx3060-ti-8gb-v2-oc-edition-gaming-grafikkarte-lite-hash-rate-lhr-nvidia-ampere-pcie-4-0-2x-hdmi-2-1-3x-displayport-1-4a-rog-strix-rtx3060ti-o8g-v2-gaming\/#primaryimage"},"image":{"@id":"https:\/\/marktxxl.de\/markt\/produkt\/asus-rog-strix-geforce-rtx3060-ti-8gb-v2-oc-edition-gaming-grafikkarte-lite-hash-rate-lhr-nvidia-ampere-pcie-4-0-2x-hdmi-2-1-3x-displayport-1-4a-rog-strix-rtx3060ti-o8g-v2-gaming\/#primaryimage"},"thumbnailUrl":"https:\/\/m.media-amazon.com\/images\/I\/51jc6fa29TS._SL500_.jpg","datePublished":"2021-10-26T13:24:37+00:00","dateModified":"2023-04-11T00:26:18+00:00","description":"Markt-XXL ASUS ROG Strix GeForce RTX3060 TI 8GB V2 OC Edition Gaming Grafikkarte (Lite Hash Rate (LHR), Nvidia Ampere, PCIe 4.0\u2026","breadcrumb":{"@id":"https:\/\/marktxxl.de\/markt\/produkt\/asus-rog-strix-geforce-rtx3060-ti-8gb-v2-oc-edition-gaming-grafikkarte-lite-hash-rate-lhr-nvidia-ampere-pcie-4-0-2x-hdmi-2-1-3x-displayport-1-4a-rog-strix-rtx3060ti-o8g-v2-gaming\/#breadcrumb"},"inLanguage":"de","potentialAction":[{"@type":"ReadAction","target":["https:\/\/marktxxl.de\/markt\/produkt\/asus-rog-strix-geforce-rtx3060-ti-8gb-v2-oc-edition-gaming-grafikkarte-lite-hash-rate-lhr-nvidia-ampere-pcie-4-0-2x-hdmi-2-1-3x-displayport-1-4a-rog-strix-rtx3060ti-o8g-v2-gaming\/"]}]},{"@type":"ImageObject","inLanguage":"de","@id":"https:\/\/marktxxl.de\/markt\/produkt\/asus-rog-strix-geforce-rtx3060-ti-8gb-v2-oc-edition-gaming-grafikkarte-lite-hash-rate-lhr-nvidia-ampere-pcie-4-0-2x-hdmi-2-1-3x-displayport-1-4a-rog-strix-rtx3060ti-o8g-v2-gaming\/#primaryimage","url":"https:\/\/m.media-amazon.com\/images\/I\/51jc6fa29TS._SL500_.jpg","contentUrl":"https:\/\/m.media-amazon.com\/images\/I\/51jc6fa29TS._SL500_.jpg","width":500,"height":500},{"@type":"BreadcrumbList","@id":"https:\/\/marktxxl.de\/markt\/produkt\/asus-rog-strix-geforce-rtx3060-ti-8gb-v2-oc-edition-gaming-grafikkarte-lite-hash-rate-lhr-nvidia-ampere-pcie-4-0-2x-hdmi-2-1-3x-displayport-1-4a-rog-strix-rtx3060ti-o8g-v2-gaming\/#breadcrumb","itemListElement":[{"@type":"ListItem","position":1,"name":"Startseite","item":"https:\/\/marktxxl.de\/markt\/"},{"@type":"ListItem","position":2,"name":"Markt","item":"https:\/\/marktxxl.de\/markt\/"},{"@type":"ListItem","position":3,"name":"ASUS ROG Strix GeForce RTX3060 TI 8GB V2 OC Edition Gaming Grafikkarte (Lite Hash Rate (LHR), Nvidia Ampere, PCIe 4.0\u2026"}]},{"@type":"WebSite","@id":"https:\/\/marktxxl.de\/markt\/#website","url":"https:\/\/marktxxl.de\/markt\/","name":"Markt-XXL","description":"Ihr Markt Online","publisher":{"@id":"https:\/\/marktxxl.de\/markt\/#organization"},"potentialAction":[{"@type":"SearchAction","target":{"@type":"EntryPoint","urlTemplate":"https:\/\/marktxxl.de\/markt\/?s={search_term_string}"},"query-input":{"@type":"PropertyValueSpecification","valueRequired":true,"valueName":"search_term_string"}}],"inLanguage":"de"},{"@type":"Organization","@id":"https:\/\/marktxxl.de\/markt\/#organization","name":"Markt-XXL","url":"https:\/\/marktxxl.de\/markt\/","logo":{"@type":"ImageObject","inLanguage":"de","@id":"https:\/\/marktxxl.de\/markt\/#\/schema\/logo\/image\/","url":"https:\/\/marktxxl.de\/markt\/wp-content\/uploads\/sites\/3\/2020\/12\/logo.png","contentUrl":"https:\/\/marktxxl.de\/markt\/wp-content\/uploads\/sites\/3\/2020\/12\/logo.png","width":200,"height":70,"caption":"Markt-XXL"},"image":{"@id":"https:\/\/marktxxl.de\/markt\/#\/schema\/logo\/image\/"}}]}},"_links":{"self":[{"href":"https:\/\/marktxxl.de\/markt\/wp-json\/wp\/v2\/product\/58696","targetHints":{"allow":["GET"]}}],"collection":[{"href":"https:\/\/marktxxl.de\/markt\/wp-json\/wp\/v2\/product"}],"about":[{"href":"https:\/\/marktxxl.de\/markt\/wp-json\/wp\/v2\/types\/product"}],"replies":[{"embeddable":true,"href":"https:\/\/marktxxl.de\/markt\/wp-json\/wp\/v2\/comments?post=58696"}],"wp:featuredmedia":[{"embeddable":true,"href":"https:\/\/marktxxl.de\/markt\/wp-json\/wp\/v2\/media\/58697"}],"wp:attachment":[{"href":"https:\/\/marktxxl.de\/markt\/wp-json\/wp\/v2\/media?parent=58696"}],"wp:term":[{"taxonomy":"product_brand","embeddable":true,"href":"https:\/\/marktxxl.de\/markt\/wp-json\/wp\/v2\/product_brand?post=58696"},{"taxonomy":"product_cat","embeddable":true,"href":"https:\/\/marktxxl.de\/markt\/wp-json\/wp\/v2\/product_cat?post=58696"},{"taxonomy":"product_tag","embeddable":true,"href":"https:\/\/marktxxl.de\/markt\/wp-json\/wp\/v2\/product_tag?post=58696"}],"curies":[{"name":"wp","href":"https:\/\/api.w.org\/{rel}","templated":true}]}}