{"id":58680,"date":"2021-10-26T15:24:32","date_gmt":"2021-10-26T13:24:32","guid":{"rendered":"https:\/\/marktxxl.de\/markt\/produkt\/surface-ladekabel-36w-12v-2-58a-ladegeraet-fuer-microsoft-surface-pro-3-4-5-6-surface-laptop-2-surface-go-surface-book\/"},"modified":"2023-04-11T02:26:18","modified_gmt":"2023-04-11T00:26:18","slug":"surface-ladekabel-36w-12v-2-58a-ladegeraet-fuer-microsoft-surface-pro-3-4-5-6-surface-laptop-2-surface-go-surface-book","status":"publish","type":"product","link":"https:\/\/marktxxl.de\/markt\/produkt\/surface-ladekabel-36w-12v-2-58a-ladegeraet-fuer-microsoft-surface-pro-3-4-5-6-surface-laptop-2-surface-go-surface-book\/","title":{"rendered":"Surface ladekabel, 36W 12V 2.58A Ladeger\u00e4t f\u00fcr Microsoft Surface Pro 3\/4\/5\/6\/Surface Laptop 2\/Surface Go &amp; Surface Book"},"content":{"rendered":"<p>\u3010Surface Ladekabel\u3011Es entwickelt f\u00fcr Surface Pro 6, Surface Pro 5, Surface Pro 4, Surface Pro 3, Surface Go, Surface Laptop 3, Surface Laptop 2, Surface Laptop 1 und Surface Book . (Nicht f\u00fcr Surface Pro 1 und Surface Pro 2 geeignet). Kompatibel mit folgende Surface-Modellen: Surface Book, 2015, i5-6300U \/ i7-6600U; Surface Book 2, 15 Zoll und 13 Zoll, 2017, i7 \/ i5; Surface Laptop, 2017, i5 7200U \/ i7 7660U; 2017 Surface Pro 4, Surface Pro 5.<br \/>\n\u3010Surface Pro Ladekabel\u3011Eingang: AC 100-240 V; Ausgang: 12 V 2.58 A, 36 W. Diese L\u00e4nge eignet sich weit entfernt von der Steckdose auf einem Tisch oder Sofa.<br \/>\n\u3010Surface Ladeger\u00e4t\u3011Die integrierte IC-Chip-Technologie bietet \u00dcberlast-, Kurzschluss-, \u00dcberlast- und W\u00e4rmeschutz. Wir testen jedes Ladeger\u00e4t, um eine dichte und starke magnetische Verbindung sicherzustellen. Wir haben auch ein sehr hochwertiges Material verwendet, um sicherzustellen, dass sich unsere Enden des Netzteils niemals l\u00f6sen und die Dr\u00e4hte intakt bleiben und vor dem Ausfransen gesch\u00fctzt bleiben.<br \/>\n\u3010Surface Netzteil\u3011Garantie: Wir listen nur einen Teil der kompatiblen Laptopmodelle auf.(Bitte \u00fcberpr\u00fcfen Sie Ihren Originaladapter). Bei Fragen kontaltieren Sie uns bitte.<br \/>\n<div class=\"main-cross-sell\" data-asin=\"B091BX9THN\">\n\n\t<div class=\"WooZone-cross-sell-loader\">\n\t\t<div>\n\t\t\t<div id=\"floatingBarsG\">\n\t\t\t\t<div class=\"blockG\" id=\"rotateG_01\"><\/div>\n\t\t\t\t<div class=\"blockG\" id=\"rotateG_02\"><\/div>\n\t\t\t\t<div class=\"blockG\" id=\"rotateG_03\"><\/div>\n\t\t\t\t<div class=\"blockG\" id=\"rotateG_04\"><\/div>\n\t\t\t\t<div class=\"blockG\" id=\"rotateG_05\"><\/div>\n\t\t\t\t<div class=\"blockG\" id=\"rotateG_06\"><\/div>\n\t\t\t\t<div class=\"blockG\" id=\"rotateG_07\"><\/div>\n\t\t\t\t<div class=\"blockG\" id=\"rotateG_08\"><\/div>\n\t\t\t<\/div>\n\t\t\t<div class=\"WooZone-cross-sell-loader-text\"><\/div>\n\t\t<\/div>\n\t<\/div>\n\n\t\t\n<\/div>\n<div style=\"clear:both;\"><\/div><\/p>\n","protected":false},"excerpt":{"rendered":"<p>\u3010Surface Ladekabel\u3011Es entwickelt f\u00fcr Surface Pro 6, Surface Pro 5, Surface Pro 4, Surface Pro 3, Surface Go, Surface Laptop 3, Surface Laptop 2, Surface Laptop 1 und Surface Book . (Nicht f\u00fcr Surface Pro 1 und Surface Pro 2 geeignet). Kompatibel mit folgende Surface-Modellen: Surface Book, 2015, i5-6300U \/ i7-6600U; Surface Book 2, 15 Zoll und 13 Zoll, 2017, i7 \/ i5; Surface Laptop, 2017, i5 7200U \/ i7 7660U; 2017 Surface Pro 4, Surface Pro 5.<br \/>\n\u3010Surface Pro Ladekabel\u3011Eingang: AC 100-240 V; Ausgang: 12 V 2.58 A, 36 W. Diese L\u00e4nge eignet sich weit entfernt von der Steckdose auf einem Tisch oder Sofa.<br \/>\n\u3010Surface Ladeger\u00e4t\u3011Die integrierte IC-Chip-Technologie bietet \u00dcberlast-, Kurzschluss-, \u00dcberlast- und W\u00e4rmeschutz. Wir testen jedes Ladeger\u00e4t, um eine dichte und starke magnetische Verbindung sicherzustellen. Wir haben auch ein sehr hochwertiges Material verwendet, um sicherzustellen, dass sich unsere Enden des Netzteils niemals l\u00f6sen und die Dr\u00e4hte intakt bleiben und vor dem Ausfransen gesch\u00fctzt bleiben.<\/p>\n","protected":false},"featured_media":58681,"comment_status":"open","ping_status":"closed","template":"","meta":[],"product_brand":[],"product_cat":[863],"product_tag":[],"class_list":{"0":"post-58680","1":"product","2":"type-product","3":"status-publish","4":"has-post-thumbnail","6":"product_cat-computer-zubehoer","7":"pa_brand-eletrand","8":"pa_manufacturer-eletrand","10":"first","11":"instock","12":"shipping-taxable","13":"purchasable","14":"product-type-simple","15":"customify-col","16":"product-has-gallery"},"yoast_head":"<!-- This site is optimized with the Yoast SEO plugin v27.4 - https:\/\/yoast.com\/product\/yoast-seo-wordpress\/ -->\n<title>Surface ladekabel, 36W 12V 2.58A Ladeger\u00e4t f\u00fcr Microsoft Surface Pro 3\/4\/5\/6\/Surface Laptop 2\/Surface Go &amp; Surface Book - Markt-XXL<\/title>\n<meta name=\"description\" content=\"Markt-XXL Surface ladekabel, 36W 12V 2.58A Ladeger\u00e4t f\u00fcr Microsoft Surface Pro 3\/4\/5\/6\/Surface Laptop 2\/Surface Go &amp; Surface Book\" \/>\n<meta name=\"robots\" content=\"index, follow, max-snippet:-1, max-image-preview:large, max-video-preview:-1\" \/>\n<link rel=\"canonical\" href=\"https:\/\/marktxxl.de\/markt\/produkt\/surface-ladekabel-36w-12v-2-58a-ladegeraet-fuer-microsoft-surface-pro-3-4-5-6-surface-laptop-2-surface-go-surface-book\/\" \/>\n<meta property=\"og:locale\" content=\"de_DE\" \/>\n<meta property=\"og:type\" content=\"article\" \/>\n<meta property=\"og:title\" content=\"Surface ladekabel, 36W 12V 2.58A Ladeger\u00e4t f\u00fcr Microsoft Surface Pro 3\/4\/5\/6\/Surface Laptop 2\/Surface Go &amp; Surface Book - Markt-XXL\" \/>\n<meta property=\"og:description\" content=\"Markt-XXL Surface ladekabel, 36W 12V 2.58A Ladeger\u00e4t f\u00fcr Microsoft Surface Pro 3\/4\/5\/6\/Surface Laptop 2\/Surface Go &amp; Surface Book\" \/>\n<meta property=\"og:url\" content=\"https:\/\/marktxxl.de\/markt\/produkt\/surface-ladekabel-36w-12v-2-58a-ladegeraet-fuer-microsoft-surface-pro-3-4-5-6-surface-laptop-2-surface-go-surface-book\/\" \/>\n<meta property=\"og:site_name\" content=\"Markt-XXL\" \/>\n<meta property=\"article:modified_time\" content=\"2023-04-11T00:26:18+00:00\" \/>\n<meta property=\"og:image\" content=\"https:\/\/m.media-amazon.com\/images\/I\/41z9N7TODkS._SL500_.jpg\" \/>\n\t<meta property=\"og:image:width\" content=\"500\" \/>\n\t<meta property=\"og:image:height\" content=\"500\" \/>\n\t<meta property=\"og:image:type\" content=\"image\/jpeg\" \/>\n<meta name=\"twitter:card\" content=\"summary_large_image\" \/>\n<meta name=\"twitter:label1\" content=\"Gesch\u00e4tzte Lesezeit\" \/>\n\t<meta name=\"twitter:data1\" content=\"1\u00a0Minute\" \/>\n<script type=\"application\/ld+json\" class=\"yoast-schema-graph\">{\"@context\":\"https:\\\/\\\/schema.org\",\"@graph\":[{\"@type\":\"WebPage\",\"@id\":\"https:\\\/\\\/marktxxl.de\\\/markt\\\/produkt\\\/surface-ladekabel-36w-12v-2-58a-ladegeraet-fuer-microsoft-surface-pro-3-4-5-6-surface-laptop-2-surface-go-surface-book\\\/\",\"url\":\"https:\\\/\\\/marktxxl.de\\\/markt\\\/produkt\\\/surface-ladekabel-36w-12v-2-58a-ladegeraet-fuer-microsoft-surface-pro-3-4-5-6-surface-laptop-2-surface-go-surface-book\\\/\",\"name\":\"Surface ladekabel, 36W 12V 2.58A Ladeger\u00e4t f\u00fcr Microsoft Surface Pro 3\\\/4\\\/5\\\/6\\\/Surface Laptop 2\\\/Surface Go &amp; Surface Book - Markt-XXL\",\"isPartOf\":{\"@id\":\"https:\\\/\\\/marktxxl.de\\\/markt\\\/#website\"},\"primaryImageOfPage\":{\"@id\":\"https:\\\/\\\/marktxxl.de\\\/markt\\\/produkt\\\/surface-ladekabel-36w-12v-2-58a-ladegeraet-fuer-microsoft-surface-pro-3-4-5-6-surface-laptop-2-surface-go-surface-book\\\/#primaryimage\"},\"image\":{\"@id\":\"https:\\\/\\\/marktxxl.de\\\/markt\\\/produkt\\\/surface-ladekabel-36w-12v-2-58a-ladegeraet-fuer-microsoft-surface-pro-3-4-5-6-surface-laptop-2-surface-go-surface-book\\\/#primaryimage\"},\"thumbnailUrl\":\"https:\\\/\\\/m.media-amazon.com\\\/images\\\/I\\\/41z9N7TODkS._SL500_.jpg\",\"datePublished\":\"2021-10-26T13:24:32+00:00\",\"dateModified\":\"2023-04-11T00:26:18+00:00\",\"description\":\"Markt-XXL Surface ladekabel, 36W 12V 2.58A Ladeger\u00e4t f\u00fcr Microsoft Surface Pro 3\\\/4\\\/5\\\/6\\\/Surface Laptop 2\\\/Surface Go &amp; Surface Book\",\"breadcrumb\":{\"@id\":\"https:\\\/\\\/marktxxl.de\\\/markt\\\/produkt\\\/surface-ladekabel-36w-12v-2-58a-ladegeraet-fuer-microsoft-surface-pro-3-4-5-6-surface-laptop-2-surface-go-surface-book\\\/#breadcrumb\"},\"inLanguage\":\"de\",\"potentialAction\":[{\"@type\":\"ReadAction\",\"target\":[\"https:\\\/\\\/marktxxl.de\\\/markt\\\/produkt\\\/surface-ladekabel-36w-12v-2-58a-ladegeraet-fuer-microsoft-surface-pro-3-4-5-6-surface-laptop-2-surface-go-surface-book\\\/\"]}]},{\"@type\":\"ImageObject\",\"inLanguage\":\"de\",\"@id\":\"https:\\\/\\\/marktxxl.de\\\/markt\\\/produkt\\\/surface-ladekabel-36w-12v-2-58a-ladegeraet-fuer-microsoft-surface-pro-3-4-5-6-surface-laptop-2-surface-go-surface-book\\\/#primaryimage\",\"url\":\"https:\\\/\\\/m.media-amazon.com\\\/images\\\/I\\\/41z9N7TODkS._SL500_.jpg\",\"contentUrl\":\"https:\\\/\\\/m.media-amazon.com\\\/images\\\/I\\\/41z9N7TODkS._SL500_.jpg\",\"width\":500,\"height\":500},{\"@type\":\"BreadcrumbList\",\"@id\":\"https:\\\/\\\/marktxxl.de\\\/markt\\\/produkt\\\/surface-ladekabel-36w-12v-2-58a-ladegeraet-fuer-microsoft-surface-pro-3-4-5-6-surface-laptop-2-surface-go-surface-book\\\/#breadcrumb\",\"itemListElement\":[{\"@type\":\"ListItem\",\"position\":1,\"name\":\"Startseite\",\"item\":\"https:\\\/\\\/marktxxl.de\\\/markt\\\/\"},{\"@type\":\"ListItem\",\"position\":2,\"name\":\"Markt\",\"item\":\"https:\\\/\\\/marktxxl.de\\\/markt\\\/\"},{\"@type\":\"ListItem\",\"position\":3,\"name\":\"Surface ladekabel, 36W 12V 2.58A Ladeger\u00e4t f\u00fcr Microsoft Surface Pro 3\\\/4\\\/5\\\/6\\\/Surface Laptop 2\\\/Surface Go &amp; Surface Book\"}]},{\"@type\":\"WebSite\",\"@id\":\"https:\\\/\\\/marktxxl.de\\\/markt\\\/#website\",\"url\":\"https:\\\/\\\/marktxxl.de\\\/markt\\\/\",\"name\":\"Markt-XXL\",\"description\":\"Ihr Markt Online\",\"publisher\":{\"@id\":\"https:\\\/\\\/marktxxl.de\\\/markt\\\/#organization\"},\"potentialAction\":[{\"@type\":\"SearchAction\",\"target\":{\"@type\":\"EntryPoint\",\"urlTemplate\":\"https:\\\/\\\/marktxxl.de\\\/markt\\\/?s={search_term_string}\"},\"query-input\":{\"@type\":\"PropertyValueSpecification\",\"valueRequired\":true,\"valueName\":\"search_term_string\"}}],\"inLanguage\":\"de\"},{\"@type\":\"Organization\",\"@id\":\"https:\\\/\\\/marktxxl.de\\\/markt\\\/#organization\",\"name\":\"Markt-XXL\",\"url\":\"https:\\\/\\\/marktxxl.de\\\/markt\\\/\",\"logo\":{\"@type\":\"ImageObject\",\"inLanguage\":\"de\",\"@id\":\"https:\\\/\\\/marktxxl.de\\\/markt\\\/#\\\/schema\\\/logo\\\/image\\\/\",\"url\":\"https:\\\/\\\/marktxxl.de\\\/markt\\\/wp-content\\\/uploads\\\/sites\\\/3\\\/2020\\\/12\\\/logo.png\",\"contentUrl\":\"https:\\\/\\\/marktxxl.de\\\/markt\\\/wp-content\\\/uploads\\\/sites\\\/3\\\/2020\\\/12\\\/logo.png\",\"width\":200,\"height\":70,\"caption\":\"Markt-XXL\"},\"image\":{\"@id\":\"https:\\\/\\\/marktxxl.de\\\/markt\\\/#\\\/schema\\\/logo\\\/image\\\/\"}}]}<\/script>\n<!-- \/ Yoast SEO plugin. -->","yoast_head_json":{"title":"Surface ladekabel, 36W 12V 2.58A Ladeger\u00e4t f\u00fcr Microsoft Surface Pro 3\/4\/5\/6\/Surface Laptop 2\/Surface Go &amp; Surface Book - Markt-XXL","description":"Markt-XXL Surface ladekabel, 36W 12V 2.58A Ladeger\u00e4t f\u00fcr Microsoft Surface Pro 3\/4\/5\/6\/Surface Laptop 2\/Surface Go &amp; Surface Book","robots":{"index":"index","follow":"follow","max-snippet":"max-snippet:-1","max-image-preview":"max-image-preview:large","max-video-preview":"max-video-preview:-1"},"canonical":"https:\/\/marktxxl.de\/markt\/produkt\/surface-ladekabel-36w-12v-2-58a-ladegeraet-fuer-microsoft-surface-pro-3-4-5-6-surface-laptop-2-surface-go-surface-book\/","og_locale":"de_DE","og_type":"article","og_title":"Surface ladekabel, 36W 12V 2.58A Ladeger\u00e4t f\u00fcr Microsoft Surface Pro 3\/4\/5\/6\/Surface Laptop 2\/Surface Go &amp; Surface Book - Markt-XXL","og_description":"Markt-XXL Surface ladekabel, 36W 12V 2.58A Ladeger\u00e4t f\u00fcr Microsoft Surface Pro 3\/4\/5\/6\/Surface Laptop 2\/Surface Go &amp; Surface Book","og_url":"https:\/\/marktxxl.de\/markt\/produkt\/surface-ladekabel-36w-12v-2-58a-ladegeraet-fuer-microsoft-surface-pro-3-4-5-6-surface-laptop-2-surface-go-surface-book\/","og_site_name":"Markt-XXL","article_modified_time":"2023-04-11T00:26:18+00:00","og_image":[{"width":500,"height":500,"url":"https:\/\/m.media-amazon.com\/images\/I\/41z9N7TODkS._SL500_.jpg","type":"image\/jpeg"}],"twitter_card":"summary_large_image","twitter_misc":{"Gesch\u00e4tzte Lesezeit":"1\u00a0Minute"},"schema":{"@context":"https:\/\/schema.org","@graph":[{"@type":"WebPage","@id":"https:\/\/marktxxl.de\/markt\/produkt\/surface-ladekabel-36w-12v-2-58a-ladegeraet-fuer-microsoft-surface-pro-3-4-5-6-surface-laptop-2-surface-go-surface-book\/","url":"https:\/\/marktxxl.de\/markt\/produkt\/surface-ladekabel-36w-12v-2-58a-ladegeraet-fuer-microsoft-surface-pro-3-4-5-6-surface-laptop-2-surface-go-surface-book\/","name":"Surface ladekabel, 36W 12V 2.58A Ladeger\u00e4t f\u00fcr Microsoft Surface Pro 3\/4\/5\/6\/Surface Laptop 2\/Surface Go &amp; Surface Book - Markt-XXL","isPartOf":{"@id":"https:\/\/marktxxl.de\/markt\/#website"},"primaryImageOfPage":{"@id":"https:\/\/marktxxl.de\/markt\/produkt\/surface-ladekabel-36w-12v-2-58a-ladegeraet-fuer-microsoft-surface-pro-3-4-5-6-surface-laptop-2-surface-go-surface-book\/#primaryimage"},"image":{"@id":"https:\/\/marktxxl.de\/markt\/produkt\/surface-ladekabel-36w-12v-2-58a-ladegeraet-fuer-microsoft-surface-pro-3-4-5-6-surface-laptop-2-surface-go-surface-book\/#primaryimage"},"thumbnailUrl":"https:\/\/m.media-amazon.com\/images\/I\/41z9N7TODkS._SL500_.jpg","datePublished":"2021-10-26T13:24:32+00:00","dateModified":"2023-04-11T00:26:18+00:00","description":"Markt-XXL Surface ladekabel, 36W 12V 2.58A Ladeger\u00e4t f\u00fcr Microsoft Surface Pro 3\/4\/5\/6\/Surface Laptop 2\/Surface Go &amp; Surface Book","breadcrumb":{"@id":"https:\/\/marktxxl.de\/markt\/produkt\/surface-ladekabel-36w-12v-2-58a-ladegeraet-fuer-microsoft-surface-pro-3-4-5-6-surface-laptop-2-surface-go-surface-book\/#breadcrumb"},"inLanguage":"de","potentialAction":[{"@type":"ReadAction","target":["https:\/\/marktxxl.de\/markt\/produkt\/surface-ladekabel-36w-12v-2-58a-ladegeraet-fuer-microsoft-surface-pro-3-4-5-6-surface-laptop-2-surface-go-surface-book\/"]}]},{"@type":"ImageObject","inLanguage":"de","@id":"https:\/\/marktxxl.de\/markt\/produkt\/surface-ladekabel-36w-12v-2-58a-ladegeraet-fuer-microsoft-surface-pro-3-4-5-6-surface-laptop-2-surface-go-surface-book\/#primaryimage","url":"https:\/\/m.media-amazon.com\/images\/I\/41z9N7TODkS._SL500_.jpg","contentUrl":"https:\/\/m.media-amazon.com\/images\/I\/41z9N7TODkS._SL500_.jpg","width":500,"height":500},{"@type":"BreadcrumbList","@id":"https:\/\/marktxxl.de\/markt\/produkt\/surface-ladekabel-36w-12v-2-58a-ladegeraet-fuer-microsoft-surface-pro-3-4-5-6-surface-laptop-2-surface-go-surface-book\/#breadcrumb","itemListElement":[{"@type":"ListItem","position":1,"name":"Startseite","item":"https:\/\/marktxxl.de\/markt\/"},{"@type":"ListItem","position":2,"name":"Markt","item":"https:\/\/marktxxl.de\/markt\/"},{"@type":"ListItem","position":3,"name":"Surface ladekabel, 36W 12V 2.58A Ladeger\u00e4t f\u00fcr Microsoft Surface Pro 3\/4\/5\/6\/Surface Laptop 2\/Surface Go &amp; Surface Book"}]},{"@type":"WebSite","@id":"https:\/\/marktxxl.de\/markt\/#website","url":"https:\/\/marktxxl.de\/markt\/","name":"Markt-XXL","description":"Ihr Markt Online","publisher":{"@id":"https:\/\/marktxxl.de\/markt\/#organization"},"potentialAction":[{"@type":"SearchAction","target":{"@type":"EntryPoint","urlTemplate":"https:\/\/marktxxl.de\/markt\/?s={search_term_string}"},"query-input":{"@type":"PropertyValueSpecification","valueRequired":true,"valueName":"search_term_string"}}],"inLanguage":"de"},{"@type":"Organization","@id":"https:\/\/marktxxl.de\/markt\/#organization","name":"Markt-XXL","url":"https:\/\/marktxxl.de\/markt\/","logo":{"@type":"ImageObject","inLanguage":"de","@id":"https:\/\/marktxxl.de\/markt\/#\/schema\/logo\/image\/","url":"https:\/\/marktxxl.de\/markt\/wp-content\/uploads\/sites\/3\/2020\/12\/logo.png","contentUrl":"https:\/\/marktxxl.de\/markt\/wp-content\/uploads\/sites\/3\/2020\/12\/logo.png","width":200,"height":70,"caption":"Markt-XXL"},"image":{"@id":"https:\/\/marktxxl.de\/markt\/#\/schema\/logo\/image\/"}}]}},"_links":{"self":[{"href":"https:\/\/marktxxl.de\/markt\/wp-json\/wp\/v2\/product\/58680","targetHints":{"allow":["GET"]}}],"collection":[{"href":"https:\/\/marktxxl.de\/markt\/wp-json\/wp\/v2\/product"}],"about":[{"href":"https:\/\/marktxxl.de\/markt\/wp-json\/wp\/v2\/types\/product"}],"replies":[{"embeddable":true,"href":"https:\/\/marktxxl.de\/markt\/wp-json\/wp\/v2\/comments?post=58680"}],"wp:featuredmedia":[{"embeddable":true,"href":"https:\/\/marktxxl.de\/markt\/wp-json\/wp\/v2\/media\/58681"}],"wp:attachment":[{"href":"https:\/\/marktxxl.de\/markt\/wp-json\/wp\/v2\/media?parent=58680"}],"wp:term":[{"taxonomy":"product_brand","embeddable":true,"href":"https:\/\/marktxxl.de\/markt\/wp-json\/wp\/v2\/product_brand?post=58680"},{"taxonomy":"product_cat","embeddable":true,"href":"https:\/\/marktxxl.de\/markt\/wp-json\/wp\/v2\/product_cat?post=58680"},{"taxonomy":"product_tag","embeddable":true,"href":"https:\/\/marktxxl.de\/markt\/wp-json\/wp\/v2\/product_tag?post=58680"}],"curies":[{"name":"wp","href":"https:\/\/api.w.org\/{rel}","templated":true}]}}