{"id":58673,"date":"2021-10-26T15:24:29","date_gmt":"2021-10-26T13:24:29","guid":{"rendered":"https:\/\/marktxxl.de\/markt\/produkt\/wlan-verstaerker-1200-mbit-s-dualband-5-ghz-und-24-ghz-durch-waende-wifi-extender-kompatibel-router-ap-repeater-3-in-1-modus-wlan-repeater-fast-ethernet-port\/"},"modified":"2023-04-11T02:26:18","modified_gmt":"2023-04-11T00:26:18","slug":"wlan-verstaerker-1200-mbit-s-dualband-5-ghz-und-24-ghz-durch-waende-wifi-extender-kompatibel-router-ap-repeater-3-in-1-modus-wlan-repeater-fast-ethernet-port","status":"publish","type":"product","link":"https:\/\/marktxxl.de\/markt\/produkt\/wlan-verstaerker-1200-mbit-s-dualband-5-ghz-und-24-ghz-durch-waende-wifi-extender-kompatibel-router-ap-repeater-3-in-1-modus-wlan-repeater-fast-ethernet-port\/","title":{"rendered":"WLAN Verst\u00e4rker 1200 Mbit\/s Dualband 5 GHz und 2,4 GHz durch W\u00e4nde &#8211; WiFi Extender Kompatibel Router\/AP\/Repeater 3 in 1\u2026"},"content":{"rendered":"<p>[eliminiert WLAN Totzonen] : Der WLAN Reapter Relais Modus erweitert Ihr bisheriges WLAN Netzwerk und kann Ihre WLAN Verbindung auf schwer erreichbare Bereiche erweitern,kompatibel zu allen g\u00e4ngigen WLAN-Routern<br \/>\n[WLAN \u00dcbertragungsgeschwindigkeit von 1200 Mbit \/ s] : Dieser WLAN Extender unterst\u00fctzt WLAN Geschwindigkeiten von bis zu 867MBit\/s 5GHz + 300MBit\/s 2,4GHz Frequenzband<br \/>\n[Einfache Installation und Einrichtung] : Deutsche Installationsanleitung, WPS vereinfacht Ihre Einrichtungsschritte mit einem Klick und wird bequem \u00fcber eine browserbasierte Benutzeroberfl\u00e4che bedient.Das kleine und praktisches wandsteckdosen design machen es einfach, flexibel zu implementieren und zu bewegen<br \/>\n[Starke drahtlose Sicherheit] : Dieser WLAN Booster Ethernet LAN\/WAN Port kann mit jedem kabelgebundenen Ger\u00e4t verbunden werden, ist perfekt kompatibel mit g\u00e4ngigen Routern (IEEE 802.11ac\/n\/g\/b Standard), unterst\u00fctzt APs, Repeater und Router Modelle<br \/>\n[Professionelle After Sales Garantie] : Unsere Produkte verf\u00fcgen \u00fcber ein professionelles After Sales Kundenservice Team, das Ihnen jederzeit zur Verf\u00fcgung steht<br \/>\n<div class=\"main-cross-sell\" data-asin=\"B09HBXD8Z2\">\n\n\t<div class=\"WooZone-cross-sell-loader\">\n\t\t<div>\n\t\t\t<div id=\"floatingBarsG\">\n\t\t\t\t<div class=\"blockG\" id=\"rotateG_01\"><\/div>\n\t\t\t\t<div class=\"blockG\" id=\"rotateG_02\"><\/div>\n\t\t\t\t<div class=\"blockG\" id=\"rotateG_03\"><\/div>\n\t\t\t\t<div class=\"blockG\" id=\"rotateG_04\"><\/div>\n\t\t\t\t<div class=\"blockG\" id=\"rotateG_05\"><\/div>\n\t\t\t\t<div class=\"blockG\" id=\"rotateG_06\"><\/div>\n\t\t\t\t<div class=\"blockG\" id=\"rotateG_07\"><\/div>\n\t\t\t\t<div class=\"blockG\" id=\"rotateG_08\"><\/div>\n\t\t\t<\/div>\n\t\t\t<div class=\"WooZone-cross-sell-loader-text\"><\/div>\n\t\t<\/div>\n\t<\/div>\n\n\t\t\n<\/div>\n<div style=\"clear:both;\"><\/div><\/p>\n","protected":false},"excerpt":{"rendered":"<p>[eliminiert WLAN Totzonen] : Der WLAN Reapter Relais Modus erweitert Ihr bisheriges WLAN Netzwerk und kann Ihre WLAN Verbindung auf schwer erreichbare Bereiche erweitern,kompatibel zu allen g\u00e4ngigen WLAN-Routern<br \/>\n[WLAN \u00dcbertragungsgeschwindigkeit von 1200 Mbit \/ s] : Dieser WLAN Extender unterst\u00fctzt WLAN Geschwindigkeiten von bis zu 867MBit\/s 5GHz + 300MBit\/s 2,4GHz Frequenzband<br \/>\n[Einfache Installation und Einrichtung] : Deutsche Installationsanleitung, WPS vereinfacht Ihre Einrichtungsschritte mit einem Klick und wird bequem \u00fcber eine browserbasierte Benutzeroberfl\u00e4che bedient.Das kleine und praktisches wandsteckdosen design machen es einfach, flexibel zu implementieren und zu bewegen<\/p>\n","protected":false},"featured_media":58674,"comment_status":"open","ping_status":"closed","template":"","meta":[],"product_brand":[],"product_cat":[863],"product_tag":[],"class_list":{"0":"post-58673","1":"product","2":"type-product","3":"status-publish","4":"has-post-thumbnail","6":"product_cat-computer-zubehoer","7":"pa_brand-grt","8":"pa_color-white","9":"pa_manufacturer-grt","10":"pa_warranty-1013","12":"first","13":"instock","14":"shipping-taxable","15":"purchasable","16":"product-type-simple","17":"customify-col","18":"product-has-gallery"},"yoast_head":"<!-- This site is optimized with the Yoast SEO plugin v27.3 - https:\/\/yoast.com\/product\/yoast-seo-wordpress\/ -->\n<title>WLAN Verst\u00e4rker 1200 Mbit\/s Dualband 5 GHz und 2,4 GHz durch W\u00e4nde - WiFi Extender Kompatibel Router\/AP\/Repeater 3 in 1\u2026 - Markt-XXL<\/title>\n<meta name=\"description\" content=\"Markt-XXL WLAN Verst\u00e4rker 1200 Mbit\/s Dualband 5 GHz und 2,4 GHz durch W\u00e4nde - WiFi Extender Kompatibel Router\/AP\/Repeater 3 in 1\u2026\" \/>\n<meta name=\"robots\" content=\"index, follow, max-snippet:-1, max-image-preview:large, max-video-preview:-1\" \/>\n<link rel=\"canonical\" href=\"https:\/\/marktxxl.de\/markt\/produkt\/wlan-verstaerker-1200-mbit-s-dualband-5-ghz-und-24-ghz-durch-waende-wifi-extender-kompatibel-router-ap-repeater-3-in-1-modus-wlan-repeater-fast-ethernet-port\/\" \/>\n<meta property=\"og:locale\" content=\"de_DE\" \/>\n<meta property=\"og:type\" content=\"article\" \/>\n<meta property=\"og:title\" content=\"WLAN Verst\u00e4rker 1200 Mbit\/s Dualband 5 GHz und 2,4 GHz durch W\u00e4nde - WiFi Extender Kompatibel Router\/AP\/Repeater 3 in 1\u2026 - Markt-XXL\" \/>\n<meta property=\"og:description\" content=\"Markt-XXL WLAN Verst\u00e4rker 1200 Mbit\/s Dualband 5 GHz und 2,4 GHz durch W\u00e4nde - WiFi Extender Kompatibel Router\/AP\/Repeater 3 in 1\u2026\" \/>\n<meta property=\"og:url\" content=\"https:\/\/marktxxl.de\/markt\/produkt\/wlan-verstaerker-1200-mbit-s-dualband-5-ghz-und-24-ghz-durch-waende-wifi-extender-kompatibel-router-ap-repeater-3-in-1-modus-wlan-repeater-fast-ethernet-port\/\" \/>\n<meta property=\"og:site_name\" content=\"Markt-XXL\" \/>\n<meta property=\"article:modified_time\" content=\"2023-04-11T00:26:18+00:00\" \/>\n<meta property=\"og:image\" content=\"https:\/\/m.media-amazon.com\/images\/I\/41ZpKXuWVpS._SL500_.jpg\" \/>\n\t<meta property=\"og:image:width\" content=\"498\" \/>\n\t<meta property=\"og:image:height\" content=\"500\" \/>\n\t<meta property=\"og:image:type\" content=\"image\/jpeg\" \/>\n<meta name=\"twitter:card\" content=\"summary_large_image\" \/>\n<meta name=\"twitter:label1\" content=\"Gesch\u00e4tzte Lesezeit\" \/>\n\t<meta name=\"twitter:data1\" content=\"1\u00a0Minute\" \/>\n<script type=\"application\/ld+json\" class=\"yoast-schema-graph\">{\"@context\":\"https:\\\/\\\/schema.org\",\"@graph\":[{\"@type\":\"WebPage\",\"@id\":\"https:\\\/\\\/marktxxl.de\\\/markt\\\/produkt\\\/wlan-verstaerker-1200-mbit-s-dualband-5-ghz-und-24-ghz-durch-waende-wifi-extender-kompatibel-router-ap-repeater-3-in-1-modus-wlan-repeater-fast-ethernet-port\\\/\",\"url\":\"https:\\\/\\\/marktxxl.de\\\/markt\\\/produkt\\\/wlan-verstaerker-1200-mbit-s-dualband-5-ghz-und-24-ghz-durch-waende-wifi-extender-kompatibel-router-ap-repeater-3-in-1-modus-wlan-repeater-fast-ethernet-port\\\/\",\"name\":\"WLAN Verst\u00e4rker 1200 Mbit\\\/s Dualband 5 GHz und 2,4 GHz durch W\u00e4nde - WiFi Extender Kompatibel Router\\\/AP\\\/Repeater 3 in 1\u2026 - Markt-XXL\",\"isPartOf\":{\"@id\":\"https:\\\/\\\/marktxxl.de\\\/markt\\\/#website\"},\"primaryImageOfPage\":{\"@id\":\"https:\\\/\\\/marktxxl.de\\\/markt\\\/produkt\\\/wlan-verstaerker-1200-mbit-s-dualband-5-ghz-und-24-ghz-durch-waende-wifi-extender-kompatibel-router-ap-repeater-3-in-1-modus-wlan-repeater-fast-ethernet-port\\\/#primaryimage\"},\"image\":{\"@id\":\"https:\\\/\\\/marktxxl.de\\\/markt\\\/produkt\\\/wlan-verstaerker-1200-mbit-s-dualband-5-ghz-und-24-ghz-durch-waende-wifi-extender-kompatibel-router-ap-repeater-3-in-1-modus-wlan-repeater-fast-ethernet-port\\\/#primaryimage\"},\"thumbnailUrl\":\"https:\\\/\\\/m.media-amazon.com\\\/images\\\/I\\\/41ZpKXuWVpS._SL500_.jpg\",\"datePublished\":\"2021-10-26T13:24:29+00:00\",\"dateModified\":\"2023-04-11T00:26:18+00:00\",\"description\":\"Markt-XXL WLAN Verst\u00e4rker 1200 Mbit\\\/s Dualband 5 GHz und 2,4 GHz durch W\u00e4nde - WiFi Extender Kompatibel Router\\\/AP\\\/Repeater 3 in 1\u2026\",\"breadcrumb\":{\"@id\":\"https:\\\/\\\/marktxxl.de\\\/markt\\\/produkt\\\/wlan-verstaerker-1200-mbit-s-dualband-5-ghz-und-24-ghz-durch-waende-wifi-extender-kompatibel-router-ap-repeater-3-in-1-modus-wlan-repeater-fast-ethernet-port\\\/#breadcrumb\"},\"inLanguage\":\"de\",\"potentialAction\":[{\"@type\":\"ReadAction\",\"target\":[\"https:\\\/\\\/marktxxl.de\\\/markt\\\/produkt\\\/wlan-verstaerker-1200-mbit-s-dualband-5-ghz-und-24-ghz-durch-waende-wifi-extender-kompatibel-router-ap-repeater-3-in-1-modus-wlan-repeater-fast-ethernet-port\\\/\"]}]},{\"@type\":\"ImageObject\",\"inLanguage\":\"de\",\"@id\":\"https:\\\/\\\/marktxxl.de\\\/markt\\\/produkt\\\/wlan-verstaerker-1200-mbit-s-dualband-5-ghz-und-24-ghz-durch-waende-wifi-extender-kompatibel-router-ap-repeater-3-in-1-modus-wlan-repeater-fast-ethernet-port\\\/#primaryimage\",\"url\":\"https:\\\/\\\/m.media-amazon.com\\\/images\\\/I\\\/41ZpKXuWVpS._SL500_.jpg\",\"contentUrl\":\"https:\\\/\\\/m.media-amazon.com\\\/images\\\/I\\\/41ZpKXuWVpS._SL500_.jpg\",\"width\":498,\"height\":500},{\"@type\":\"BreadcrumbList\",\"@id\":\"https:\\\/\\\/marktxxl.de\\\/markt\\\/produkt\\\/wlan-verstaerker-1200-mbit-s-dualband-5-ghz-und-24-ghz-durch-waende-wifi-extender-kompatibel-router-ap-repeater-3-in-1-modus-wlan-repeater-fast-ethernet-port\\\/#breadcrumb\",\"itemListElement\":[{\"@type\":\"ListItem\",\"position\":1,\"name\":\"Startseite\",\"item\":\"https:\\\/\\\/marktxxl.de\\\/markt\\\/\"},{\"@type\":\"ListItem\",\"position\":2,\"name\":\"Markt\",\"item\":\"https:\\\/\\\/marktxxl.de\\\/markt\\\/\"},{\"@type\":\"ListItem\",\"position\":3,\"name\":\"WLAN Verst\u00e4rker 1200 Mbit\\\/s Dualband 5 GHz und 2,4 GHz durch W\u00e4nde &#8211; WiFi Extender Kompatibel Router\\\/AP\\\/Repeater 3 in 1\u2026\"}]},{\"@type\":\"WebSite\",\"@id\":\"https:\\\/\\\/marktxxl.de\\\/markt\\\/#website\",\"url\":\"https:\\\/\\\/marktxxl.de\\\/markt\\\/\",\"name\":\"Markt-XXL\",\"description\":\"Ihr Markt Online\",\"publisher\":{\"@id\":\"https:\\\/\\\/marktxxl.de\\\/markt\\\/#organization\"},\"potentialAction\":[{\"@type\":\"SearchAction\",\"target\":{\"@type\":\"EntryPoint\",\"urlTemplate\":\"https:\\\/\\\/marktxxl.de\\\/markt\\\/?s={search_term_string}\"},\"query-input\":{\"@type\":\"PropertyValueSpecification\",\"valueRequired\":true,\"valueName\":\"search_term_string\"}}],\"inLanguage\":\"de\"},{\"@type\":\"Organization\",\"@id\":\"https:\\\/\\\/marktxxl.de\\\/markt\\\/#organization\",\"name\":\"Markt-XXL\",\"url\":\"https:\\\/\\\/marktxxl.de\\\/markt\\\/\",\"logo\":{\"@type\":\"ImageObject\",\"inLanguage\":\"de\",\"@id\":\"https:\\\/\\\/marktxxl.de\\\/markt\\\/#\\\/schema\\\/logo\\\/image\\\/\",\"url\":\"https:\\\/\\\/marktxxl.de\\\/markt\\\/wp-content\\\/uploads\\\/sites\\\/3\\\/2020\\\/12\\\/logo.png\",\"contentUrl\":\"https:\\\/\\\/marktxxl.de\\\/markt\\\/wp-content\\\/uploads\\\/sites\\\/3\\\/2020\\\/12\\\/logo.png\",\"width\":200,\"height\":70,\"caption\":\"Markt-XXL\"},\"image\":{\"@id\":\"https:\\\/\\\/marktxxl.de\\\/markt\\\/#\\\/schema\\\/logo\\\/image\\\/\"}}]}<\/script>\n<!-- \/ Yoast SEO plugin. -->","yoast_head_json":{"title":"WLAN Verst\u00e4rker 1200 Mbit\/s Dualband 5 GHz und 2,4 GHz durch W\u00e4nde - WiFi Extender Kompatibel Router\/AP\/Repeater 3 in 1\u2026 - Markt-XXL","description":"Markt-XXL WLAN Verst\u00e4rker 1200 Mbit\/s Dualband 5 GHz und 2,4 GHz durch W\u00e4nde - WiFi Extender Kompatibel Router\/AP\/Repeater 3 in 1\u2026","robots":{"index":"index","follow":"follow","max-snippet":"max-snippet:-1","max-image-preview":"max-image-preview:large","max-video-preview":"max-video-preview:-1"},"canonical":"https:\/\/marktxxl.de\/markt\/produkt\/wlan-verstaerker-1200-mbit-s-dualband-5-ghz-und-24-ghz-durch-waende-wifi-extender-kompatibel-router-ap-repeater-3-in-1-modus-wlan-repeater-fast-ethernet-port\/","og_locale":"de_DE","og_type":"article","og_title":"WLAN Verst\u00e4rker 1200 Mbit\/s Dualband 5 GHz und 2,4 GHz durch W\u00e4nde - WiFi Extender Kompatibel Router\/AP\/Repeater 3 in 1\u2026 - Markt-XXL","og_description":"Markt-XXL WLAN Verst\u00e4rker 1200 Mbit\/s Dualband 5 GHz und 2,4 GHz durch W\u00e4nde - WiFi Extender Kompatibel Router\/AP\/Repeater 3 in 1\u2026","og_url":"https:\/\/marktxxl.de\/markt\/produkt\/wlan-verstaerker-1200-mbit-s-dualband-5-ghz-und-24-ghz-durch-waende-wifi-extender-kompatibel-router-ap-repeater-3-in-1-modus-wlan-repeater-fast-ethernet-port\/","og_site_name":"Markt-XXL","article_modified_time":"2023-04-11T00:26:18+00:00","og_image":[{"width":498,"height":500,"url":"https:\/\/m.media-amazon.com\/images\/I\/41ZpKXuWVpS._SL500_.jpg","type":"image\/jpeg"}],"twitter_card":"summary_large_image","twitter_misc":{"Gesch\u00e4tzte Lesezeit":"1\u00a0Minute"},"schema":{"@context":"https:\/\/schema.org","@graph":[{"@type":"WebPage","@id":"https:\/\/marktxxl.de\/markt\/produkt\/wlan-verstaerker-1200-mbit-s-dualband-5-ghz-und-24-ghz-durch-waende-wifi-extender-kompatibel-router-ap-repeater-3-in-1-modus-wlan-repeater-fast-ethernet-port\/","url":"https:\/\/marktxxl.de\/markt\/produkt\/wlan-verstaerker-1200-mbit-s-dualband-5-ghz-und-24-ghz-durch-waende-wifi-extender-kompatibel-router-ap-repeater-3-in-1-modus-wlan-repeater-fast-ethernet-port\/","name":"WLAN Verst\u00e4rker 1200 Mbit\/s Dualband 5 GHz und 2,4 GHz durch W\u00e4nde - WiFi Extender Kompatibel Router\/AP\/Repeater 3 in 1\u2026 - Markt-XXL","isPartOf":{"@id":"https:\/\/marktxxl.de\/markt\/#website"},"primaryImageOfPage":{"@id":"https:\/\/marktxxl.de\/markt\/produkt\/wlan-verstaerker-1200-mbit-s-dualband-5-ghz-und-24-ghz-durch-waende-wifi-extender-kompatibel-router-ap-repeater-3-in-1-modus-wlan-repeater-fast-ethernet-port\/#primaryimage"},"image":{"@id":"https:\/\/marktxxl.de\/markt\/produkt\/wlan-verstaerker-1200-mbit-s-dualband-5-ghz-und-24-ghz-durch-waende-wifi-extender-kompatibel-router-ap-repeater-3-in-1-modus-wlan-repeater-fast-ethernet-port\/#primaryimage"},"thumbnailUrl":"https:\/\/m.media-amazon.com\/images\/I\/41ZpKXuWVpS._SL500_.jpg","datePublished":"2021-10-26T13:24:29+00:00","dateModified":"2023-04-11T00:26:18+00:00","description":"Markt-XXL WLAN Verst\u00e4rker 1200 Mbit\/s Dualband 5 GHz und 2,4 GHz durch W\u00e4nde - WiFi Extender Kompatibel Router\/AP\/Repeater 3 in 1\u2026","breadcrumb":{"@id":"https:\/\/marktxxl.de\/markt\/produkt\/wlan-verstaerker-1200-mbit-s-dualband-5-ghz-und-24-ghz-durch-waende-wifi-extender-kompatibel-router-ap-repeater-3-in-1-modus-wlan-repeater-fast-ethernet-port\/#breadcrumb"},"inLanguage":"de","potentialAction":[{"@type":"ReadAction","target":["https:\/\/marktxxl.de\/markt\/produkt\/wlan-verstaerker-1200-mbit-s-dualband-5-ghz-und-24-ghz-durch-waende-wifi-extender-kompatibel-router-ap-repeater-3-in-1-modus-wlan-repeater-fast-ethernet-port\/"]}]},{"@type":"ImageObject","inLanguage":"de","@id":"https:\/\/marktxxl.de\/markt\/produkt\/wlan-verstaerker-1200-mbit-s-dualband-5-ghz-und-24-ghz-durch-waende-wifi-extender-kompatibel-router-ap-repeater-3-in-1-modus-wlan-repeater-fast-ethernet-port\/#primaryimage","url":"https:\/\/m.media-amazon.com\/images\/I\/41ZpKXuWVpS._SL500_.jpg","contentUrl":"https:\/\/m.media-amazon.com\/images\/I\/41ZpKXuWVpS._SL500_.jpg","width":498,"height":500},{"@type":"BreadcrumbList","@id":"https:\/\/marktxxl.de\/markt\/produkt\/wlan-verstaerker-1200-mbit-s-dualband-5-ghz-und-24-ghz-durch-waende-wifi-extender-kompatibel-router-ap-repeater-3-in-1-modus-wlan-repeater-fast-ethernet-port\/#breadcrumb","itemListElement":[{"@type":"ListItem","position":1,"name":"Startseite","item":"https:\/\/marktxxl.de\/markt\/"},{"@type":"ListItem","position":2,"name":"Markt","item":"https:\/\/marktxxl.de\/markt\/"},{"@type":"ListItem","position":3,"name":"WLAN Verst\u00e4rker 1200 Mbit\/s Dualband 5 GHz und 2,4 GHz durch W\u00e4nde &#8211; WiFi Extender Kompatibel Router\/AP\/Repeater 3 in 1\u2026"}]},{"@type":"WebSite","@id":"https:\/\/marktxxl.de\/markt\/#website","url":"https:\/\/marktxxl.de\/markt\/","name":"Markt-XXL","description":"Ihr Markt Online","publisher":{"@id":"https:\/\/marktxxl.de\/markt\/#organization"},"potentialAction":[{"@type":"SearchAction","target":{"@type":"EntryPoint","urlTemplate":"https:\/\/marktxxl.de\/markt\/?s={search_term_string}"},"query-input":{"@type":"PropertyValueSpecification","valueRequired":true,"valueName":"search_term_string"}}],"inLanguage":"de"},{"@type":"Organization","@id":"https:\/\/marktxxl.de\/markt\/#organization","name":"Markt-XXL","url":"https:\/\/marktxxl.de\/markt\/","logo":{"@type":"ImageObject","inLanguage":"de","@id":"https:\/\/marktxxl.de\/markt\/#\/schema\/logo\/image\/","url":"https:\/\/marktxxl.de\/markt\/wp-content\/uploads\/sites\/3\/2020\/12\/logo.png","contentUrl":"https:\/\/marktxxl.de\/markt\/wp-content\/uploads\/sites\/3\/2020\/12\/logo.png","width":200,"height":70,"caption":"Markt-XXL"},"image":{"@id":"https:\/\/marktxxl.de\/markt\/#\/schema\/logo\/image\/"}}]}},"_links":{"self":[{"href":"https:\/\/marktxxl.de\/markt\/wp-json\/wp\/v2\/product\/58673","targetHints":{"allow":["GET"]}}],"collection":[{"href":"https:\/\/marktxxl.de\/markt\/wp-json\/wp\/v2\/product"}],"about":[{"href":"https:\/\/marktxxl.de\/markt\/wp-json\/wp\/v2\/types\/product"}],"replies":[{"embeddable":true,"href":"https:\/\/marktxxl.de\/markt\/wp-json\/wp\/v2\/comments?post=58673"}],"wp:featuredmedia":[{"embeddable":true,"href":"https:\/\/marktxxl.de\/markt\/wp-json\/wp\/v2\/media\/58674"}],"wp:attachment":[{"href":"https:\/\/marktxxl.de\/markt\/wp-json\/wp\/v2\/media?parent=58673"}],"wp:term":[{"taxonomy":"product_brand","embeddable":true,"href":"https:\/\/marktxxl.de\/markt\/wp-json\/wp\/v2\/product_brand?post=58673"},{"taxonomy":"product_cat","embeddable":true,"href":"https:\/\/marktxxl.de\/markt\/wp-json\/wp\/v2\/product_cat?post=58673"},{"taxonomy":"product_tag","embeddable":true,"href":"https:\/\/marktxxl.de\/markt\/wp-json\/wp\/v2\/product_tag?post=58673"}],"curies":[{"name":"wp","href":"https:\/\/api.w.org\/{rel}","templated":true}]}}