{"id":58664,"date":"2021-10-26T15:24:26","date_gmt":"2021-10-26T13:24:26","guid":{"rendered":"https:\/\/marktxxl.de\/markt\/produkt\/beleuchtete-tastatur-huelle-mit-touchpad-fuer-neues-ipad-pro-11-zoll-2021-2020-2018-3-2-1-gen-ipad-air-4-10-9-2020-bluetooth-abnehmbare-qwertz-tastatur-mit-trackpad-schwarz\/"},"modified":"2023-04-11T02:26:18","modified_gmt":"2023-04-11T00:26:18","slug":"beleuchtete-tastatur-huelle-mit-touchpad-fuer-neues-ipad-pro-11-zoll-2021-2020-2018-3-2-1-gen-ipad-air-4-10-9-2020-bluetooth-abnehmbare-qwertz-tastatur-mit-trackpad-schwarz","status":"publish","type":"product","link":"https:\/\/marktxxl.de\/markt\/produkt\/beleuchtete-tastatur-huelle-mit-touchpad-fuer-neues-ipad-pro-11-zoll-2021-2020-2018-3-2-1-gen-ipad-air-4-10-9-2020-bluetooth-abnehmbare-qwertz-tastatur-mit-trackpad-schwarz\/","title":{"rendered":"Beleuchtete Tastatur H\u00fclle mit Touchpad f\u00fcr iPad Air 5 2022\/iPad Air 4 2020(10.9 Zoll)\/iPad Pro 11 Zoll 2021\/2020\/2018\u2026"},"content":{"rendered":"<p>Extra Design f\u00fcr iPad Air 4\/iPad Pro 11: Die H\u00fclle mit der Tastatur ist gut kompatibel mit iPad iPad Air 4 2020 (iPad Pro 10.9 Zoll) -Modell A2316\/A2324\/ A2325\/A2072; iPad pro 11 Zoll 2021 3.Gen-Modell A2377 \/A2459 \/A2301 \/A2460; iPad pro 11 2020 2.Gen-Modell A2228\/A2068\/A2231 \/A2230 ; iPad pro 11 2018 1.Gen-Modell A1980\/A2013\/A1979 \/A1934 . Bitte Bitte \u00fcberpr\u00fcfen Sie vor dem Kauf das Model Ihres iPads.<br \/>\nTastatur mit Touchpad &amp; Abnehmbar : Die Wireless Funktastatur verf\u00fcgt \u00fcber eine Touchpad-Maus. Mit dem Trackpad k\u00f6nnen Sie Ihr iPad durch mehrere Gesten besser kontrollieren. Und die Tastatur ist magnetisch mit der H\u00fclle in Verbindung, l\u00e4sst sich leicht abnehmen wenn Sie w\u00fcnschen.<br \/>\nH\u00fclle aus TPU Material: die H\u00fclle besteht aus TPU Material, das sanfter und langlebiger als Plastik ist. Mit dem k\u00f6nnen Sie Ihr iPad einfach in die H\u00fclle einziehen und leicht davon ausziehen, ohne Ihr Tablet zu besch\u00e4digen.<br \/>\nTastatur Beleuchtet &amp; Wiederaufladbar: bei der schnurlosen Tastatur ist 7-farbigen Beleuchtung verf\u00fcgbar, 3 Helligkeit-Stufen lassen sich einstellen. Mit einer gro\u00dfen Kapazit\u00e4t von 650mAh erm\u00f6glicht die Tastatur eine Arbeitszeit bis zu 220 Stunden ohne Beleuchtung, 6 Stunden mit Beleuchtung.<br \/>\nLieferumfang: 1* Bluetooth Tastatur mit Touchpad, 1* TPU H\u00fclle, 1* Type C Ladekabel, 1* Bedienungsanleitung<br \/>\n<div class=\"main-cross-sell\" data-asin=\"B09BJ3ZSC6\">\n\n\t<div class=\"WooZone-cross-sell-loader\">\n\t\t<div>\n\t\t\t<div id=\"floatingBarsG\">\n\t\t\t\t<div class=\"blockG\" id=\"rotateG_01\"><\/div>\n\t\t\t\t<div class=\"blockG\" id=\"rotateG_02\"><\/div>\n\t\t\t\t<div class=\"blockG\" id=\"rotateG_03\"><\/div>\n\t\t\t\t<div class=\"blockG\" id=\"rotateG_04\"><\/div>\n\t\t\t\t<div class=\"blockG\" id=\"rotateG_05\"><\/div>\n\t\t\t\t<div class=\"blockG\" id=\"rotateG_06\"><\/div>\n\t\t\t\t<div class=\"blockG\" id=\"rotateG_07\"><\/div>\n\t\t\t\t<div class=\"blockG\" id=\"rotateG_08\"><\/div>\n\t\t\t<\/div>\n\t\t\t<div class=\"WooZone-cross-sell-loader-text\"><\/div>\n\t\t<\/div>\n\t<\/div>\n\n\t\t\n<\/div>\n<div style=\"clear:both;\"><\/div><\/p>\n","protected":false},"excerpt":{"rendered":"<p>Extra Design f\u00fcr iPad Air 4\/iPad Pro 11: Die H\u00fclle mit der Tastatur ist gut kompatibel mit iPad iPad Air 4 2020 (iPad Pro 10.9 Zoll) -Modell A2316\/A2324\/ A2325\/A2072; iPad pro 11 Zoll 2021 3.Gen-Modell A2377 \/A2459 \/A2301 \/A2460; iPad pro 11 2020 2.Gen-Modell A2228\/A2068\/A2231 \/A2230 ; iPad pro 11 2018 1.Gen-Modell A1980\/A2013\/A1979 \/A1934 . Bitte Bitte \u00fcberpr\u00fcfen Sie vor dem Kauf das Model Ihres iPads.<br \/>\nTastatur mit Touchpad &amp; Abnehmbar : Die Wireless Funktastatur verf\u00fcgt \u00fcber eine Touchpad-Maus. Mit dem Trackpad k\u00f6nnen Sie Ihr iPad durch mehrere Gesten besser kontrollieren. Und die Tastatur ist magnetisch mit der H\u00fclle in Verbindung, l\u00e4sst sich leicht abnehmen wenn Sie w\u00fcnschen.<br \/>\nH\u00fclle aus TPU Material: die H\u00fclle besteht aus TPU Material, das sanfter und langlebiger als Plastik ist. Mit dem k\u00f6nnen Sie Ihr iPad einfach in die H\u00fclle einziehen und leicht davon ausziehen, ohne Ihr Tablet zu besch\u00e4digen.<\/p>\n","protected":false},"featured_media":58665,"comment_status":"open","ping_status":"closed","template":"","meta":[],"product_brand":[],"product_cat":[863],"product_tag":[],"class_list":{"0":"post-58664","1":"product","2":"type-product","3":"status-publish","4":"has-post-thumbnail","6":"product_cat-computer-zubehoer","7":"pa_brand-ashu","8":"pa_manufacturer-ashu","10":"first","11":"instock","12":"shipping-taxable","13":"purchasable","14":"product-type-simple","15":"customify-col","16":"product-has-gallery"},"yoast_head":"<!-- This site is optimized with the Yoast SEO plugin v27.3 - https:\/\/yoast.com\/product\/yoast-seo-wordpress\/ -->\n<title>Beleuchtete Tastatur H\u00fclle mit Touchpad f\u00fcr iPad Air 5 2022\/iPad Air 4 2020(10.9 Zoll)\/iPad Pro 11 Zoll 2021\/2020\/2018\u2026 - Markt-XXL<\/title>\n<meta name=\"description\" content=\"Markt-XXL Beleuchtete Tastatur H\u00fclle mit Touchpad f\u00fcr iPad Air 5 2022\/iPad Air 4 2020(10.9 Zoll)\/iPad Pro 11 Zoll 2021\/2020\/2018\u2026\" \/>\n<meta name=\"robots\" content=\"index, follow, max-snippet:-1, max-image-preview:large, max-video-preview:-1\" \/>\n<link rel=\"canonical\" href=\"https:\/\/marktxxl.de\/markt\/produkt\/beleuchtete-tastatur-huelle-mit-touchpad-fuer-neues-ipad-pro-11-zoll-2021-2020-2018-3-2-1-gen-ipad-air-4-10-9-2020-bluetooth-abnehmbare-qwertz-tastatur-mit-trackpad-schwarz\/\" \/>\n<meta property=\"og:locale\" content=\"de_DE\" \/>\n<meta property=\"og:type\" content=\"article\" \/>\n<meta property=\"og:title\" content=\"Beleuchtete Tastatur H\u00fclle mit Touchpad f\u00fcr iPad Air 5 2022\/iPad Air 4 2020(10.9 Zoll)\/iPad Pro 11 Zoll 2021\/2020\/2018\u2026 - Markt-XXL\" \/>\n<meta property=\"og:description\" content=\"Markt-XXL Beleuchtete Tastatur H\u00fclle mit Touchpad f\u00fcr iPad Air 5 2022\/iPad Air 4 2020(10.9 Zoll)\/iPad Pro 11 Zoll 2021\/2020\/2018\u2026\" \/>\n<meta property=\"og:url\" content=\"https:\/\/marktxxl.de\/markt\/produkt\/beleuchtete-tastatur-huelle-mit-touchpad-fuer-neues-ipad-pro-11-zoll-2021-2020-2018-3-2-1-gen-ipad-air-4-10-9-2020-bluetooth-abnehmbare-qwertz-tastatur-mit-trackpad-schwarz\/\" \/>\n<meta property=\"og:site_name\" content=\"Markt-XXL\" \/>\n<meta property=\"article:modified_time\" content=\"2023-04-11T00:26:18+00:00\" \/>\n<meta property=\"og:image\" content=\"https:\/\/m.media-amazon.com\/images\/I\/41KH-4cK+YL._SL500_.jpg\" \/>\n\t<meta property=\"og:image:width\" content=\"500\" \/>\n\t<meta property=\"og:image:height\" content=\"500\" \/>\n\t<meta property=\"og:image:type\" content=\"image\/jpeg\" \/>\n<meta name=\"twitter:card\" content=\"summary_large_image\" \/>\n<meta name=\"twitter:label1\" content=\"Gesch\u00e4tzte Lesezeit\" \/>\n\t<meta name=\"twitter:data1\" content=\"1\u00a0Minute\" \/>\n<script type=\"application\/ld+json\" class=\"yoast-schema-graph\">{\"@context\":\"https:\\\/\\\/schema.org\",\"@graph\":[{\"@type\":\"WebPage\",\"@id\":\"https:\\\/\\\/marktxxl.de\\\/markt\\\/produkt\\\/beleuchtete-tastatur-huelle-mit-touchpad-fuer-neues-ipad-pro-11-zoll-2021-2020-2018-3-2-1-gen-ipad-air-4-10-9-2020-bluetooth-abnehmbare-qwertz-tastatur-mit-trackpad-schwarz\\\/\",\"url\":\"https:\\\/\\\/marktxxl.de\\\/markt\\\/produkt\\\/beleuchtete-tastatur-huelle-mit-touchpad-fuer-neues-ipad-pro-11-zoll-2021-2020-2018-3-2-1-gen-ipad-air-4-10-9-2020-bluetooth-abnehmbare-qwertz-tastatur-mit-trackpad-schwarz\\\/\",\"name\":\"Beleuchtete Tastatur H\u00fclle mit Touchpad f\u00fcr iPad Air 5 2022\\\/iPad Air 4 2020(10.9 Zoll)\\\/iPad Pro 11 Zoll 2021\\\/2020\\\/2018\u2026 - Markt-XXL\",\"isPartOf\":{\"@id\":\"https:\\\/\\\/marktxxl.de\\\/markt\\\/#website\"},\"primaryImageOfPage\":{\"@id\":\"https:\\\/\\\/marktxxl.de\\\/markt\\\/produkt\\\/beleuchtete-tastatur-huelle-mit-touchpad-fuer-neues-ipad-pro-11-zoll-2021-2020-2018-3-2-1-gen-ipad-air-4-10-9-2020-bluetooth-abnehmbare-qwertz-tastatur-mit-trackpad-schwarz\\\/#primaryimage\"},\"image\":{\"@id\":\"https:\\\/\\\/marktxxl.de\\\/markt\\\/produkt\\\/beleuchtete-tastatur-huelle-mit-touchpad-fuer-neues-ipad-pro-11-zoll-2021-2020-2018-3-2-1-gen-ipad-air-4-10-9-2020-bluetooth-abnehmbare-qwertz-tastatur-mit-trackpad-schwarz\\\/#primaryimage\"},\"thumbnailUrl\":\"https:\\\/\\\/m.media-amazon.com\\\/images\\\/I\\\/41KH-4cK+YL._SL500_.jpg\",\"datePublished\":\"2021-10-26T13:24:26+00:00\",\"dateModified\":\"2023-04-11T00:26:18+00:00\",\"description\":\"Markt-XXL Beleuchtete Tastatur H\u00fclle mit Touchpad f\u00fcr iPad Air 5 2022\\\/iPad Air 4 2020(10.9 Zoll)\\\/iPad Pro 11 Zoll 2021\\\/2020\\\/2018\u2026\",\"breadcrumb\":{\"@id\":\"https:\\\/\\\/marktxxl.de\\\/markt\\\/produkt\\\/beleuchtete-tastatur-huelle-mit-touchpad-fuer-neues-ipad-pro-11-zoll-2021-2020-2018-3-2-1-gen-ipad-air-4-10-9-2020-bluetooth-abnehmbare-qwertz-tastatur-mit-trackpad-schwarz\\\/#breadcrumb\"},\"inLanguage\":\"de\",\"potentialAction\":[{\"@type\":\"ReadAction\",\"target\":[\"https:\\\/\\\/marktxxl.de\\\/markt\\\/produkt\\\/beleuchtete-tastatur-huelle-mit-touchpad-fuer-neues-ipad-pro-11-zoll-2021-2020-2018-3-2-1-gen-ipad-air-4-10-9-2020-bluetooth-abnehmbare-qwertz-tastatur-mit-trackpad-schwarz\\\/\"]}]},{\"@type\":\"ImageObject\",\"inLanguage\":\"de\",\"@id\":\"https:\\\/\\\/marktxxl.de\\\/markt\\\/produkt\\\/beleuchtete-tastatur-huelle-mit-touchpad-fuer-neues-ipad-pro-11-zoll-2021-2020-2018-3-2-1-gen-ipad-air-4-10-9-2020-bluetooth-abnehmbare-qwertz-tastatur-mit-trackpad-schwarz\\\/#primaryimage\",\"url\":\"https:\\\/\\\/m.media-amazon.com\\\/images\\\/I\\\/41KH-4cK+YL._SL500_.jpg\",\"contentUrl\":\"https:\\\/\\\/m.media-amazon.com\\\/images\\\/I\\\/41KH-4cK+YL._SL500_.jpg\",\"width\":500,\"height\":500},{\"@type\":\"BreadcrumbList\",\"@id\":\"https:\\\/\\\/marktxxl.de\\\/markt\\\/produkt\\\/beleuchtete-tastatur-huelle-mit-touchpad-fuer-neues-ipad-pro-11-zoll-2021-2020-2018-3-2-1-gen-ipad-air-4-10-9-2020-bluetooth-abnehmbare-qwertz-tastatur-mit-trackpad-schwarz\\\/#breadcrumb\",\"itemListElement\":[{\"@type\":\"ListItem\",\"position\":1,\"name\":\"Startseite\",\"item\":\"https:\\\/\\\/marktxxl.de\\\/markt\\\/\"},{\"@type\":\"ListItem\",\"position\":2,\"name\":\"Markt\",\"item\":\"https:\\\/\\\/marktxxl.de\\\/markt\\\/\"},{\"@type\":\"ListItem\",\"position\":3,\"name\":\"Beleuchtete Tastatur H\u00fclle mit Touchpad f\u00fcr iPad Air 5 2022\\\/iPad Air 4 2020(10.9 Zoll)\\\/iPad Pro 11 Zoll 2021\\\/2020\\\/2018\u2026\"}]},{\"@type\":\"WebSite\",\"@id\":\"https:\\\/\\\/marktxxl.de\\\/markt\\\/#website\",\"url\":\"https:\\\/\\\/marktxxl.de\\\/markt\\\/\",\"name\":\"Markt-XXL\",\"description\":\"Ihr Markt Online\",\"publisher\":{\"@id\":\"https:\\\/\\\/marktxxl.de\\\/markt\\\/#organization\"},\"potentialAction\":[{\"@type\":\"SearchAction\",\"target\":{\"@type\":\"EntryPoint\",\"urlTemplate\":\"https:\\\/\\\/marktxxl.de\\\/markt\\\/?s={search_term_string}\"},\"query-input\":{\"@type\":\"PropertyValueSpecification\",\"valueRequired\":true,\"valueName\":\"search_term_string\"}}],\"inLanguage\":\"de\"},{\"@type\":\"Organization\",\"@id\":\"https:\\\/\\\/marktxxl.de\\\/markt\\\/#organization\",\"name\":\"Markt-XXL\",\"url\":\"https:\\\/\\\/marktxxl.de\\\/markt\\\/\",\"logo\":{\"@type\":\"ImageObject\",\"inLanguage\":\"de\",\"@id\":\"https:\\\/\\\/marktxxl.de\\\/markt\\\/#\\\/schema\\\/logo\\\/image\\\/\",\"url\":\"https:\\\/\\\/marktxxl.de\\\/markt\\\/wp-content\\\/uploads\\\/sites\\\/3\\\/2020\\\/12\\\/logo.png\",\"contentUrl\":\"https:\\\/\\\/marktxxl.de\\\/markt\\\/wp-content\\\/uploads\\\/sites\\\/3\\\/2020\\\/12\\\/logo.png\",\"width\":200,\"height\":70,\"caption\":\"Markt-XXL\"},\"image\":{\"@id\":\"https:\\\/\\\/marktxxl.de\\\/markt\\\/#\\\/schema\\\/logo\\\/image\\\/\"}}]}<\/script>\n<!-- \/ Yoast SEO plugin. -->","yoast_head_json":{"title":"Beleuchtete Tastatur H\u00fclle mit Touchpad f\u00fcr iPad Air 5 2022\/iPad Air 4 2020(10.9 Zoll)\/iPad Pro 11 Zoll 2021\/2020\/2018\u2026 - Markt-XXL","description":"Markt-XXL Beleuchtete Tastatur H\u00fclle mit Touchpad f\u00fcr iPad Air 5 2022\/iPad Air 4 2020(10.9 Zoll)\/iPad Pro 11 Zoll 2021\/2020\/2018\u2026","robots":{"index":"index","follow":"follow","max-snippet":"max-snippet:-1","max-image-preview":"max-image-preview:large","max-video-preview":"max-video-preview:-1"},"canonical":"https:\/\/marktxxl.de\/markt\/produkt\/beleuchtete-tastatur-huelle-mit-touchpad-fuer-neues-ipad-pro-11-zoll-2021-2020-2018-3-2-1-gen-ipad-air-4-10-9-2020-bluetooth-abnehmbare-qwertz-tastatur-mit-trackpad-schwarz\/","og_locale":"de_DE","og_type":"article","og_title":"Beleuchtete Tastatur H\u00fclle mit Touchpad f\u00fcr iPad Air 5 2022\/iPad Air 4 2020(10.9 Zoll)\/iPad Pro 11 Zoll 2021\/2020\/2018\u2026 - Markt-XXL","og_description":"Markt-XXL Beleuchtete Tastatur H\u00fclle mit Touchpad f\u00fcr iPad Air 5 2022\/iPad Air 4 2020(10.9 Zoll)\/iPad Pro 11 Zoll 2021\/2020\/2018\u2026","og_url":"https:\/\/marktxxl.de\/markt\/produkt\/beleuchtete-tastatur-huelle-mit-touchpad-fuer-neues-ipad-pro-11-zoll-2021-2020-2018-3-2-1-gen-ipad-air-4-10-9-2020-bluetooth-abnehmbare-qwertz-tastatur-mit-trackpad-schwarz\/","og_site_name":"Markt-XXL","article_modified_time":"2023-04-11T00:26:18+00:00","og_image":[{"width":500,"height":500,"url":"https:\/\/m.media-amazon.com\/images\/I\/41KH-4cK+YL._SL500_.jpg","type":"image\/jpeg"}],"twitter_card":"summary_large_image","twitter_misc":{"Gesch\u00e4tzte Lesezeit":"1\u00a0Minute"},"schema":{"@context":"https:\/\/schema.org","@graph":[{"@type":"WebPage","@id":"https:\/\/marktxxl.de\/markt\/produkt\/beleuchtete-tastatur-huelle-mit-touchpad-fuer-neues-ipad-pro-11-zoll-2021-2020-2018-3-2-1-gen-ipad-air-4-10-9-2020-bluetooth-abnehmbare-qwertz-tastatur-mit-trackpad-schwarz\/","url":"https:\/\/marktxxl.de\/markt\/produkt\/beleuchtete-tastatur-huelle-mit-touchpad-fuer-neues-ipad-pro-11-zoll-2021-2020-2018-3-2-1-gen-ipad-air-4-10-9-2020-bluetooth-abnehmbare-qwertz-tastatur-mit-trackpad-schwarz\/","name":"Beleuchtete Tastatur H\u00fclle mit Touchpad f\u00fcr iPad Air 5 2022\/iPad Air 4 2020(10.9 Zoll)\/iPad Pro 11 Zoll 2021\/2020\/2018\u2026 - Markt-XXL","isPartOf":{"@id":"https:\/\/marktxxl.de\/markt\/#website"},"primaryImageOfPage":{"@id":"https:\/\/marktxxl.de\/markt\/produkt\/beleuchtete-tastatur-huelle-mit-touchpad-fuer-neues-ipad-pro-11-zoll-2021-2020-2018-3-2-1-gen-ipad-air-4-10-9-2020-bluetooth-abnehmbare-qwertz-tastatur-mit-trackpad-schwarz\/#primaryimage"},"image":{"@id":"https:\/\/marktxxl.de\/markt\/produkt\/beleuchtete-tastatur-huelle-mit-touchpad-fuer-neues-ipad-pro-11-zoll-2021-2020-2018-3-2-1-gen-ipad-air-4-10-9-2020-bluetooth-abnehmbare-qwertz-tastatur-mit-trackpad-schwarz\/#primaryimage"},"thumbnailUrl":"https:\/\/m.media-amazon.com\/images\/I\/41KH-4cK+YL._SL500_.jpg","datePublished":"2021-10-26T13:24:26+00:00","dateModified":"2023-04-11T00:26:18+00:00","description":"Markt-XXL Beleuchtete Tastatur H\u00fclle mit Touchpad f\u00fcr iPad Air 5 2022\/iPad Air 4 2020(10.9 Zoll)\/iPad Pro 11 Zoll 2021\/2020\/2018\u2026","breadcrumb":{"@id":"https:\/\/marktxxl.de\/markt\/produkt\/beleuchtete-tastatur-huelle-mit-touchpad-fuer-neues-ipad-pro-11-zoll-2021-2020-2018-3-2-1-gen-ipad-air-4-10-9-2020-bluetooth-abnehmbare-qwertz-tastatur-mit-trackpad-schwarz\/#breadcrumb"},"inLanguage":"de","potentialAction":[{"@type":"ReadAction","target":["https:\/\/marktxxl.de\/markt\/produkt\/beleuchtete-tastatur-huelle-mit-touchpad-fuer-neues-ipad-pro-11-zoll-2021-2020-2018-3-2-1-gen-ipad-air-4-10-9-2020-bluetooth-abnehmbare-qwertz-tastatur-mit-trackpad-schwarz\/"]}]},{"@type":"ImageObject","inLanguage":"de","@id":"https:\/\/marktxxl.de\/markt\/produkt\/beleuchtete-tastatur-huelle-mit-touchpad-fuer-neues-ipad-pro-11-zoll-2021-2020-2018-3-2-1-gen-ipad-air-4-10-9-2020-bluetooth-abnehmbare-qwertz-tastatur-mit-trackpad-schwarz\/#primaryimage","url":"https:\/\/m.media-amazon.com\/images\/I\/41KH-4cK+YL._SL500_.jpg","contentUrl":"https:\/\/m.media-amazon.com\/images\/I\/41KH-4cK+YL._SL500_.jpg","width":500,"height":500},{"@type":"BreadcrumbList","@id":"https:\/\/marktxxl.de\/markt\/produkt\/beleuchtete-tastatur-huelle-mit-touchpad-fuer-neues-ipad-pro-11-zoll-2021-2020-2018-3-2-1-gen-ipad-air-4-10-9-2020-bluetooth-abnehmbare-qwertz-tastatur-mit-trackpad-schwarz\/#breadcrumb","itemListElement":[{"@type":"ListItem","position":1,"name":"Startseite","item":"https:\/\/marktxxl.de\/markt\/"},{"@type":"ListItem","position":2,"name":"Markt","item":"https:\/\/marktxxl.de\/markt\/"},{"@type":"ListItem","position":3,"name":"Beleuchtete Tastatur H\u00fclle mit Touchpad f\u00fcr iPad Air 5 2022\/iPad Air 4 2020(10.9 Zoll)\/iPad Pro 11 Zoll 2021\/2020\/2018\u2026"}]},{"@type":"WebSite","@id":"https:\/\/marktxxl.de\/markt\/#website","url":"https:\/\/marktxxl.de\/markt\/","name":"Markt-XXL","description":"Ihr Markt Online","publisher":{"@id":"https:\/\/marktxxl.de\/markt\/#organization"},"potentialAction":[{"@type":"SearchAction","target":{"@type":"EntryPoint","urlTemplate":"https:\/\/marktxxl.de\/markt\/?s={search_term_string}"},"query-input":{"@type":"PropertyValueSpecification","valueRequired":true,"valueName":"search_term_string"}}],"inLanguage":"de"},{"@type":"Organization","@id":"https:\/\/marktxxl.de\/markt\/#organization","name":"Markt-XXL","url":"https:\/\/marktxxl.de\/markt\/","logo":{"@type":"ImageObject","inLanguage":"de","@id":"https:\/\/marktxxl.de\/markt\/#\/schema\/logo\/image\/","url":"https:\/\/marktxxl.de\/markt\/wp-content\/uploads\/sites\/3\/2020\/12\/logo.png","contentUrl":"https:\/\/marktxxl.de\/markt\/wp-content\/uploads\/sites\/3\/2020\/12\/logo.png","width":200,"height":70,"caption":"Markt-XXL"},"image":{"@id":"https:\/\/marktxxl.de\/markt\/#\/schema\/logo\/image\/"}}]}},"_links":{"self":[{"href":"https:\/\/marktxxl.de\/markt\/wp-json\/wp\/v2\/product\/58664","targetHints":{"allow":["GET"]}}],"collection":[{"href":"https:\/\/marktxxl.de\/markt\/wp-json\/wp\/v2\/product"}],"about":[{"href":"https:\/\/marktxxl.de\/markt\/wp-json\/wp\/v2\/types\/product"}],"replies":[{"embeddable":true,"href":"https:\/\/marktxxl.de\/markt\/wp-json\/wp\/v2\/comments?post=58664"}],"wp:featuredmedia":[{"embeddable":true,"href":"https:\/\/marktxxl.de\/markt\/wp-json\/wp\/v2\/media\/58665"}],"wp:attachment":[{"href":"https:\/\/marktxxl.de\/markt\/wp-json\/wp\/v2\/media?parent=58664"}],"wp:term":[{"taxonomy":"product_brand","embeddable":true,"href":"https:\/\/marktxxl.de\/markt\/wp-json\/wp\/v2\/product_brand?post=58664"},{"taxonomy":"product_cat","embeddable":true,"href":"https:\/\/marktxxl.de\/markt\/wp-json\/wp\/v2\/product_cat?post=58664"},{"taxonomy":"product_tag","embeddable":true,"href":"https:\/\/marktxxl.de\/markt\/wp-json\/wp\/v2\/product_tag?post=58664"}],"curies":[{"name":"wp","href":"https:\/\/api.w.org\/{rel}","templated":true}]}}