{"id":58592,"date":"2021-10-26T15:21:54","date_gmt":"2021-10-26T13:21:54","guid":{"rendered":"https:\/\/marktxxl.de\/markt\/produkt\/fitu-work-kompatible-tonerkartusche-ersatz-fuer-brother-tn241-tn245-fuer-dcp-9020cdw-dcp-9015cdw-hl-3140cw-hl-3150cdw-hl-3170cdw-mfc-9130cw-mfc-9140cdn-mfc-9330cdw-mfc-9340cdw-5-packung\/"},"modified":"2023-04-11T02:26:17","modified_gmt":"2023-04-11T00:26:17","slug":"fitu-work-kompatible-tonerkartusche-ersatz-fuer-brother-tn241-tn245-fuer-dcp-9020cdw-dcp-9015cdw-hl-3140cw-hl-3150cdw-hl-3170cdw-mfc-9130cw-mfc-9140cdn-mfc-9330cdw-mfc-9340cdw-5-packung","status":"publish","type":"product","link":"https:\/\/marktxxl.de\/markt\/produkt\/fitu-work-kompatible-tonerkartusche-ersatz-fuer-brother-tn241-tn245-fuer-dcp-9020cdw-dcp-9015cdw-hl-3140cw-hl-3150cdw-hl-3170cdw-mfc-9130cw-mfc-9140cdn-mfc-9330cdw-mfc-9340cdw-5-packung\/","title":{"rendered":"FITU WORK TN241 TN-241 TN-242 TN-245 Toner Kompatibel f\u00fcr Brother MFC 9332CDW Toner Brother DCP 9022CDW Brother MFC\u2026"},"content":{"rendered":"<p>Modell: kompatibel f\u00fcr Brother TN241 TN245 TN242 TN 246 (2x Black, 1x Cyan, 1x Magenta, 1x Yellow)<br \/>\nKompatible Drucker: Brother DCP-9015CDW, DCP-9017CDW, DCP-9020CDW, DCP-9022CDW, HL-3140CW, HL-3142CW, HL-3150CDN, HL-3150CDW, HL-3152CDW, HL-3170CDW, HL-3172CD, 9130CDN MFC-9130CW 9140CD. N, MFC-9142CDN, MFC-9330CDW, MFC-9332CDW, MFC-9340CDW, MFC-9342CDW<br \/>\nFarbe: 2x TN 241 Schwarz, 1x TN 241 Cyan, 1x TN 241Magenta, 1x TN 241 Gelb<br \/>\nSeitenleistung: 2.500 Seiten pro Schwarz, 2.200 Seiten pro Farbe (5 % Deckung bei Letter oder A4)<br \/>\nProduktqualit\u00e4t: aktualisierter Chip, farbbest\u00e4ndiger Toner, stabile Kompatibilit\u00e4t<br \/>\n<div class=\"main-cross-sell\" data-asin=\"B07L3GKZGV\">\n\n\t<div class=\"WooZone-cross-sell-loader\">\n\t\t<div>\n\t\t\t<div id=\"floatingBarsG\">\n\t\t\t\t<div class=\"blockG\" id=\"rotateG_01\"><\/div>\n\t\t\t\t<div class=\"blockG\" id=\"rotateG_02\"><\/div>\n\t\t\t\t<div class=\"blockG\" id=\"rotateG_03\"><\/div>\n\t\t\t\t<div class=\"blockG\" id=\"rotateG_04\"><\/div>\n\t\t\t\t<div class=\"blockG\" id=\"rotateG_05\"><\/div>\n\t\t\t\t<div class=\"blockG\" id=\"rotateG_06\"><\/div>\n\t\t\t\t<div class=\"blockG\" id=\"rotateG_07\"><\/div>\n\t\t\t\t<div class=\"blockG\" id=\"rotateG_08\"><\/div>\n\t\t\t<\/div>\n\t\t\t<div class=\"WooZone-cross-sell-loader-text\"><\/div>\n\t\t<\/div>\n\t<\/div>\n\n\t\t\n<\/div>\n<div style=\"clear:both;\"><\/div><\/p>\n","protected":false},"excerpt":{"rendered":"<p>Modell: kompatibel f\u00fcr Brother TN241 TN245 TN242 TN 246 (2x Black, 1x Cyan, 1x Magenta, 1x Yellow)<br \/>\nKompatible Drucker: Brother DCP-9015CDW, DCP-9017CDW, DCP-9020CDW, DCP-9022CDW, HL-3140CW, HL-3142CW, HL-3150CDN, HL-3150CDW, HL-3152CDW, HL-3170CDW, HL-3172CD, 9130CDN MFC-9130CW 9140CD. N, MFC-9142CDN, MFC-9330CDW, MFC-9332CDW, MFC-9340CDW, MFC-9342CDW<br \/>\nFarbe: 2x TN 241 Schwarz, 1x TN 241 Cyan, 1x TN 241Magenta, 1x TN 241 Gelb<\/p>\n","protected":false},"featured_media":58593,"comment_status":"open","ping_status":"closed","template":"","meta":[],"product_brand":[],"product_cat":[504,8208],"product_tag":[],"class_list":{"0":"post-58592","1":"product","2":"type-product","3":"status-publish","4":"has-post-thumbnail","6":"product_cat-buerobedarf-schreibwaren","7":"product_cat-bueroelektronik","8":"pa_binding-elektronik","9":"pa_brand-fitu-work","10":"pa_color-cyan","11":"pa_manufacturer-fitu-work-compatible-for-brother","12":"pa_model-tn-246bk-tn-246c-tn-246m-tn-246y","14":"first","15":"instock","16":"shipping-taxable","17":"purchasable","18":"product-type-simple","19":"customify-col","20":"product-has-gallery"},"yoast_head":"<!-- This site is optimized with the Yoast SEO plugin v27.4 - https:\/\/yoast.com\/product\/yoast-seo-wordpress\/ -->\n<title>FITU WORK TN241 TN-241 TN-242 TN-245 Toner Kompatibel f\u00fcr Brother MFC 9332CDW Toner Brother DCP 9022CDW Brother MFC\u2026 - Markt-XXL<\/title>\n<meta name=\"description\" content=\"Markt-XXL FITU WORK TN241 TN-241 TN-242 TN-245 Toner Kompatibel f\u00fcr Brother MFC 9332CDW Toner Brother DCP 9022CDW Brother MFC\u2026\" \/>\n<meta name=\"robots\" content=\"index, follow, max-snippet:-1, max-image-preview:large, max-video-preview:-1\" \/>\n<link rel=\"canonical\" href=\"https:\/\/marktxxl.de\/markt\/produkt\/fitu-work-kompatible-tonerkartusche-ersatz-fuer-brother-tn241-tn245-fuer-dcp-9020cdw-dcp-9015cdw-hl-3140cw-hl-3150cdw-hl-3170cdw-mfc-9130cw-mfc-9140cdn-mfc-9330cdw-mfc-9340cdw-5-packung\/\" \/>\n<meta property=\"og:locale\" content=\"de_DE\" \/>\n<meta property=\"og:type\" content=\"article\" \/>\n<meta property=\"og:title\" content=\"FITU WORK TN241 TN-241 TN-242 TN-245 Toner Kompatibel f\u00fcr Brother MFC 9332CDW Toner Brother DCP 9022CDW Brother MFC\u2026 - Markt-XXL\" \/>\n<meta property=\"og:description\" content=\"Markt-XXL FITU WORK TN241 TN-241 TN-242 TN-245 Toner Kompatibel f\u00fcr Brother MFC 9332CDW Toner Brother DCP 9022CDW Brother MFC\u2026\" \/>\n<meta property=\"og:url\" content=\"https:\/\/marktxxl.de\/markt\/produkt\/fitu-work-kompatible-tonerkartusche-ersatz-fuer-brother-tn241-tn245-fuer-dcp-9020cdw-dcp-9015cdw-hl-3140cw-hl-3150cdw-hl-3170cdw-mfc-9130cw-mfc-9140cdn-mfc-9330cdw-mfc-9340cdw-5-packung\/\" \/>\n<meta property=\"og:site_name\" content=\"Markt-XXL\" \/>\n<meta property=\"article:modified_time\" content=\"2023-04-11T00:26:17+00:00\" \/>\n<meta property=\"og:image\" content=\"https:\/\/m.media-amazon.com\/images\/I\/51t2slWW2jL._SL500_.jpg\" \/>\n\t<meta property=\"og:image:width\" content=\"500\" \/>\n\t<meta property=\"og:image:height\" content=\"500\" \/>\n\t<meta property=\"og:image:type\" content=\"image\/jpeg\" \/>\n<meta name=\"twitter:card\" content=\"summary_large_image\" \/>\n<meta name=\"twitter:label1\" content=\"Gesch\u00e4tzte Lesezeit\" \/>\n\t<meta name=\"twitter:data1\" content=\"1\u00a0Minute\" \/>\n<script type=\"application\/ld+json\" class=\"yoast-schema-graph\">{\"@context\":\"https:\\\/\\\/schema.org\",\"@graph\":[{\"@type\":\"WebPage\",\"@id\":\"https:\\\/\\\/marktxxl.de\\\/markt\\\/produkt\\\/fitu-work-kompatible-tonerkartusche-ersatz-fuer-brother-tn241-tn245-fuer-dcp-9020cdw-dcp-9015cdw-hl-3140cw-hl-3150cdw-hl-3170cdw-mfc-9130cw-mfc-9140cdn-mfc-9330cdw-mfc-9340cdw-5-packung\\\/\",\"url\":\"https:\\\/\\\/marktxxl.de\\\/markt\\\/produkt\\\/fitu-work-kompatible-tonerkartusche-ersatz-fuer-brother-tn241-tn245-fuer-dcp-9020cdw-dcp-9015cdw-hl-3140cw-hl-3150cdw-hl-3170cdw-mfc-9130cw-mfc-9140cdn-mfc-9330cdw-mfc-9340cdw-5-packung\\\/\",\"name\":\"FITU WORK TN241 TN-241 TN-242 TN-245 Toner Kompatibel f\u00fcr Brother MFC 9332CDW Toner Brother DCP 9022CDW Brother MFC\u2026 - Markt-XXL\",\"isPartOf\":{\"@id\":\"https:\\\/\\\/marktxxl.de\\\/markt\\\/#website\"},\"primaryImageOfPage\":{\"@id\":\"https:\\\/\\\/marktxxl.de\\\/markt\\\/produkt\\\/fitu-work-kompatible-tonerkartusche-ersatz-fuer-brother-tn241-tn245-fuer-dcp-9020cdw-dcp-9015cdw-hl-3140cw-hl-3150cdw-hl-3170cdw-mfc-9130cw-mfc-9140cdn-mfc-9330cdw-mfc-9340cdw-5-packung\\\/#primaryimage\"},\"image\":{\"@id\":\"https:\\\/\\\/marktxxl.de\\\/markt\\\/produkt\\\/fitu-work-kompatible-tonerkartusche-ersatz-fuer-brother-tn241-tn245-fuer-dcp-9020cdw-dcp-9015cdw-hl-3140cw-hl-3150cdw-hl-3170cdw-mfc-9130cw-mfc-9140cdn-mfc-9330cdw-mfc-9340cdw-5-packung\\\/#primaryimage\"},\"thumbnailUrl\":\"https:\\\/\\\/m.media-amazon.com\\\/images\\\/I\\\/51t2slWW2jL._SL500_.jpg\",\"datePublished\":\"2021-10-26T13:21:54+00:00\",\"dateModified\":\"2023-04-11T00:26:17+00:00\",\"description\":\"Markt-XXL FITU WORK TN241 TN-241 TN-242 TN-245 Toner Kompatibel f\u00fcr Brother MFC 9332CDW Toner Brother DCP 9022CDW Brother MFC\u2026\",\"breadcrumb\":{\"@id\":\"https:\\\/\\\/marktxxl.de\\\/markt\\\/produkt\\\/fitu-work-kompatible-tonerkartusche-ersatz-fuer-brother-tn241-tn245-fuer-dcp-9020cdw-dcp-9015cdw-hl-3140cw-hl-3150cdw-hl-3170cdw-mfc-9130cw-mfc-9140cdn-mfc-9330cdw-mfc-9340cdw-5-packung\\\/#breadcrumb\"},\"inLanguage\":\"de\",\"potentialAction\":[{\"@type\":\"ReadAction\",\"target\":[\"https:\\\/\\\/marktxxl.de\\\/markt\\\/produkt\\\/fitu-work-kompatible-tonerkartusche-ersatz-fuer-brother-tn241-tn245-fuer-dcp-9020cdw-dcp-9015cdw-hl-3140cw-hl-3150cdw-hl-3170cdw-mfc-9130cw-mfc-9140cdn-mfc-9330cdw-mfc-9340cdw-5-packung\\\/\"]}]},{\"@type\":\"ImageObject\",\"inLanguage\":\"de\",\"@id\":\"https:\\\/\\\/marktxxl.de\\\/markt\\\/produkt\\\/fitu-work-kompatible-tonerkartusche-ersatz-fuer-brother-tn241-tn245-fuer-dcp-9020cdw-dcp-9015cdw-hl-3140cw-hl-3150cdw-hl-3170cdw-mfc-9130cw-mfc-9140cdn-mfc-9330cdw-mfc-9340cdw-5-packung\\\/#primaryimage\",\"url\":\"https:\\\/\\\/m.media-amazon.com\\\/images\\\/I\\\/51t2slWW2jL._SL500_.jpg\",\"contentUrl\":\"https:\\\/\\\/m.media-amazon.com\\\/images\\\/I\\\/51t2slWW2jL._SL500_.jpg\",\"width\":500,\"height\":500},{\"@type\":\"BreadcrumbList\",\"@id\":\"https:\\\/\\\/marktxxl.de\\\/markt\\\/produkt\\\/fitu-work-kompatible-tonerkartusche-ersatz-fuer-brother-tn241-tn245-fuer-dcp-9020cdw-dcp-9015cdw-hl-3140cw-hl-3150cdw-hl-3170cdw-mfc-9130cw-mfc-9140cdn-mfc-9330cdw-mfc-9340cdw-5-packung\\\/#breadcrumb\",\"itemListElement\":[{\"@type\":\"ListItem\",\"position\":1,\"name\":\"Startseite\",\"item\":\"https:\\\/\\\/marktxxl.de\\\/markt\\\/\"},{\"@type\":\"ListItem\",\"position\":2,\"name\":\"Markt\",\"item\":\"https:\\\/\\\/marktxxl.de\\\/markt\\\/\"},{\"@type\":\"ListItem\",\"position\":3,\"name\":\"FITU WORK TN241 TN-241 TN-242 TN-245 Toner Kompatibel f\u00fcr Brother MFC 9332CDW Toner Brother DCP 9022CDW Brother MFC\u2026\"}]},{\"@type\":\"WebSite\",\"@id\":\"https:\\\/\\\/marktxxl.de\\\/markt\\\/#website\",\"url\":\"https:\\\/\\\/marktxxl.de\\\/markt\\\/\",\"name\":\"Markt-XXL\",\"description\":\"Ihr Markt Online\",\"publisher\":{\"@id\":\"https:\\\/\\\/marktxxl.de\\\/markt\\\/#organization\"},\"potentialAction\":[{\"@type\":\"SearchAction\",\"target\":{\"@type\":\"EntryPoint\",\"urlTemplate\":\"https:\\\/\\\/marktxxl.de\\\/markt\\\/?s={search_term_string}\"},\"query-input\":{\"@type\":\"PropertyValueSpecification\",\"valueRequired\":true,\"valueName\":\"search_term_string\"}}],\"inLanguage\":\"de\"},{\"@type\":\"Organization\",\"@id\":\"https:\\\/\\\/marktxxl.de\\\/markt\\\/#organization\",\"name\":\"Markt-XXL\",\"url\":\"https:\\\/\\\/marktxxl.de\\\/markt\\\/\",\"logo\":{\"@type\":\"ImageObject\",\"inLanguage\":\"de\",\"@id\":\"https:\\\/\\\/marktxxl.de\\\/markt\\\/#\\\/schema\\\/logo\\\/image\\\/\",\"url\":\"https:\\\/\\\/marktxxl.de\\\/markt\\\/wp-content\\\/uploads\\\/sites\\\/3\\\/2020\\\/12\\\/logo.png\",\"contentUrl\":\"https:\\\/\\\/marktxxl.de\\\/markt\\\/wp-content\\\/uploads\\\/sites\\\/3\\\/2020\\\/12\\\/logo.png\",\"width\":200,\"height\":70,\"caption\":\"Markt-XXL\"},\"image\":{\"@id\":\"https:\\\/\\\/marktxxl.de\\\/markt\\\/#\\\/schema\\\/logo\\\/image\\\/\"}}]}<\/script>\n<!-- \/ Yoast SEO plugin. -->","yoast_head_json":{"title":"FITU WORK TN241 TN-241 TN-242 TN-245 Toner Kompatibel f\u00fcr Brother MFC 9332CDW Toner Brother DCP 9022CDW Brother MFC\u2026 - Markt-XXL","description":"Markt-XXL FITU WORK TN241 TN-241 TN-242 TN-245 Toner Kompatibel f\u00fcr Brother MFC 9332CDW Toner Brother DCP 9022CDW Brother MFC\u2026","robots":{"index":"index","follow":"follow","max-snippet":"max-snippet:-1","max-image-preview":"max-image-preview:large","max-video-preview":"max-video-preview:-1"},"canonical":"https:\/\/marktxxl.de\/markt\/produkt\/fitu-work-kompatible-tonerkartusche-ersatz-fuer-brother-tn241-tn245-fuer-dcp-9020cdw-dcp-9015cdw-hl-3140cw-hl-3150cdw-hl-3170cdw-mfc-9130cw-mfc-9140cdn-mfc-9330cdw-mfc-9340cdw-5-packung\/","og_locale":"de_DE","og_type":"article","og_title":"FITU WORK TN241 TN-241 TN-242 TN-245 Toner Kompatibel f\u00fcr Brother MFC 9332CDW Toner Brother DCP 9022CDW Brother MFC\u2026 - Markt-XXL","og_description":"Markt-XXL FITU WORK TN241 TN-241 TN-242 TN-245 Toner Kompatibel f\u00fcr Brother MFC 9332CDW Toner Brother DCP 9022CDW Brother MFC\u2026","og_url":"https:\/\/marktxxl.de\/markt\/produkt\/fitu-work-kompatible-tonerkartusche-ersatz-fuer-brother-tn241-tn245-fuer-dcp-9020cdw-dcp-9015cdw-hl-3140cw-hl-3150cdw-hl-3170cdw-mfc-9130cw-mfc-9140cdn-mfc-9330cdw-mfc-9340cdw-5-packung\/","og_site_name":"Markt-XXL","article_modified_time":"2023-04-11T00:26:17+00:00","og_image":[{"width":500,"height":500,"url":"https:\/\/m.media-amazon.com\/images\/I\/51t2slWW2jL._SL500_.jpg","type":"image\/jpeg"}],"twitter_card":"summary_large_image","twitter_misc":{"Gesch\u00e4tzte Lesezeit":"1\u00a0Minute"},"schema":{"@context":"https:\/\/schema.org","@graph":[{"@type":"WebPage","@id":"https:\/\/marktxxl.de\/markt\/produkt\/fitu-work-kompatible-tonerkartusche-ersatz-fuer-brother-tn241-tn245-fuer-dcp-9020cdw-dcp-9015cdw-hl-3140cw-hl-3150cdw-hl-3170cdw-mfc-9130cw-mfc-9140cdn-mfc-9330cdw-mfc-9340cdw-5-packung\/","url":"https:\/\/marktxxl.de\/markt\/produkt\/fitu-work-kompatible-tonerkartusche-ersatz-fuer-brother-tn241-tn245-fuer-dcp-9020cdw-dcp-9015cdw-hl-3140cw-hl-3150cdw-hl-3170cdw-mfc-9130cw-mfc-9140cdn-mfc-9330cdw-mfc-9340cdw-5-packung\/","name":"FITU WORK TN241 TN-241 TN-242 TN-245 Toner Kompatibel f\u00fcr Brother MFC 9332CDW Toner Brother DCP 9022CDW Brother MFC\u2026 - Markt-XXL","isPartOf":{"@id":"https:\/\/marktxxl.de\/markt\/#website"},"primaryImageOfPage":{"@id":"https:\/\/marktxxl.de\/markt\/produkt\/fitu-work-kompatible-tonerkartusche-ersatz-fuer-brother-tn241-tn245-fuer-dcp-9020cdw-dcp-9015cdw-hl-3140cw-hl-3150cdw-hl-3170cdw-mfc-9130cw-mfc-9140cdn-mfc-9330cdw-mfc-9340cdw-5-packung\/#primaryimage"},"image":{"@id":"https:\/\/marktxxl.de\/markt\/produkt\/fitu-work-kompatible-tonerkartusche-ersatz-fuer-brother-tn241-tn245-fuer-dcp-9020cdw-dcp-9015cdw-hl-3140cw-hl-3150cdw-hl-3170cdw-mfc-9130cw-mfc-9140cdn-mfc-9330cdw-mfc-9340cdw-5-packung\/#primaryimage"},"thumbnailUrl":"https:\/\/m.media-amazon.com\/images\/I\/51t2slWW2jL._SL500_.jpg","datePublished":"2021-10-26T13:21:54+00:00","dateModified":"2023-04-11T00:26:17+00:00","description":"Markt-XXL FITU WORK TN241 TN-241 TN-242 TN-245 Toner Kompatibel f\u00fcr Brother MFC 9332CDW Toner Brother DCP 9022CDW Brother MFC\u2026","breadcrumb":{"@id":"https:\/\/marktxxl.de\/markt\/produkt\/fitu-work-kompatible-tonerkartusche-ersatz-fuer-brother-tn241-tn245-fuer-dcp-9020cdw-dcp-9015cdw-hl-3140cw-hl-3150cdw-hl-3170cdw-mfc-9130cw-mfc-9140cdn-mfc-9330cdw-mfc-9340cdw-5-packung\/#breadcrumb"},"inLanguage":"de","potentialAction":[{"@type":"ReadAction","target":["https:\/\/marktxxl.de\/markt\/produkt\/fitu-work-kompatible-tonerkartusche-ersatz-fuer-brother-tn241-tn245-fuer-dcp-9020cdw-dcp-9015cdw-hl-3140cw-hl-3150cdw-hl-3170cdw-mfc-9130cw-mfc-9140cdn-mfc-9330cdw-mfc-9340cdw-5-packung\/"]}]},{"@type":"ImageObject","inLanguage":"de","@id":"https:\/\/marktxxl.de\/markt\/produkt\/fitu-work-kompatible-tonerkartusche-ersatz-fuer-brother-tn241-tn245-fuer-dcp-9020cdw-dcp-9015cdw-hl-3140cw-hl-3150cdw-hl-3170cdw-mfc-9130cw-mfc-9140cdn-mfc-9330cdw-mfc-9340cdw-5-packung\/#primaryimage","url":"https:\/\/m.media-amazon.com\/images\/I\/51t2slWW2jL._SL500_.jpg","contentUrl":"https:\/\/m.media-amazon.com\/images\/I\/51t2slWW2jL._SL500_.jpg","width":500,"height":500},{"@type":"BreadcrumbList","@id":"https:\/\/marktxxl.de\/markt\/produkt\/fitu-work-kompatible-tonerkartusche-ersatz-fuer-brother-tn241-tn245-fuer-dcp-9020cdw-dcp-9015cdw-hl-3140cw-hl-3150cdw-hl-3170cdw-mfc-9130cw-mfc-9140cdn-mfc-9330cdw-mfc-9340cdw-5-packung\/#breadcrumb","itemListElement":[{"@type":"ListItem","position":1,"name":"Startseite","item":"https:\/\/marktxxl.de\/markt\/"},{"@type":"ListItem","position":2,"name":"Markt","item":"https:\/\/marktxxl.de\/markt\/"},{"@type":"ListItem","position":3,"name":"FITU WORK TN241 TN-241 TN-242 TN-245 Toner Kompatibel f\u00fcr Brother MFC 9332CDW Toner Brother DCP 9022CDW Brother MFC\u2026"}]},{"@type":"WebSite","@id":"https:\/\/marktxxl.de\/markt\/#website","url":"https:\/\/marktxxl.de\/markt\/","name":"Markt-XXL","description":"Ihr Markt Online","publisher":{"@id":"https:\/\/marktxxl.de\/markt\/#organization"},"potentialAction":[{"@type":"SearchAction","target":{"@type":"EntryPoint","urlTemplate":"https:\/\/marktxxl.de\/markt\/?s={search_term_string}"},"query-input":{"@type":"PropertyValueSpecification","valueRequired":true,"valueName":"search_term_string"}}],"inLanguage":"de"},{"@type":"Organization","@id":"https:\/\/marktxxl.de\/markt\/#organization","name":"Markt-XXL","url":"https:\/\/marktxxl.de\/markt\/","logo":{"@type":"ImageObject","inLanguage":"de","@id":"https:\/\/marktxxl.de\/markt\/#\/schema\/logo\/image\/","url":"https:\/\/marktxxl.de\/markt\/wp-content\/uploads\/sites\/3\/2020\/12\/logo.png","contentUrl":"https:\/\/marktxxl.de\/markt\/wp-content\/uploads\/sites\/3\/2020\/12\/logo.png","width":200,"height":70,"caption":"Markt-XXL"},"image":{"@id":"https:\/\/marktxxl.de\/markt\/#\/schema\/logo\/image\/"}}]}},"_links":{"self":[{"href":"https:\/\/marktxxl.de\/markt\/wp-json\/wp\/v2\/product\/58592","targetHints":{"allow":["GET"]}}],"collection":[{"href":"https:\/\/marktxxl.de\/markt\/wp-json\/wp\/v2\/product"}],"about":[{"href":"https:\/\/marktxxl.de\/markt\/wp-json\/wp\/v2\/types\/product"}],"replies":[{"embeddable":true,"href":"https:\/\/marktxxl.de\/markt\/wp-json\/wp\/v2\/comments?post=58592"}],"wp:featuredmedia":[{"embeddable":true,"href":"https:\/\/marktxxl.de\/markt\/wp-json\/wp\/v2\/media\/58593"}],"wp:attachment":[{"href":"https:\/\/marktxxl.de\/markt\/wp-json\/wp\/v2\/media?parent=58592"}],"wp:term":[{"taxonomy":"product_brand","embeddable":true,"href":"https:\/\/marktxxl.de\/markt\/wp-json\/wp\/v2\/product_brand?post=58592"},{"taxonomy":"product_cat","embeddable":true,"href":"https:\/\/marktxxl.de\/markt\/wp-json\/wp\/v2\/product_cat?post=58592"},{"taxonomy":"product_tag","embeddable":true,"href":"https:\/\/marktxxl.de\/markt\/wp-json\/wp\/v2\/product_tag?post=58592"}],"curies":[{"name":"wp","href":"https:\/\/api.w.org\/{rel}","templated":true}]}}