{"id":58549,"date":"2021-10-26T15:20:46","date_gmt":"2021-10-26T13:20:46","guid":{"rendered":"https:\/\/marktxxl.de\/markt\/produkt\/leitz-index-cosy-a4-pp-pc-bedruckbar-1-5\/"},"modified":"2023-04-11T02:26:17","modified_gmt":"2023-04-11T00:26:17","slug":"leitz-index-cosy-a4-pp-pc-bedruckbar-1-5","status":"publish","type":"product","link":"https:\/\/marktxxl.de\/markt\/produkt\/leitz-index-cosy-a4-pp-pc-bedruckbar-1-5\/","title":{"rendered":"Leitz PC-beschriftbares Register in A4 Format, 1-5, Robust, Mehrfarbig, Cosy-Serie, 12400000"},"content":{"rendered":"<p>Verf\u00fcgt \u00fcber 20 farbige Registerkarten bedruckt 1-20 zum Sortieren und Referenzieren, mit einem vollst\u00e4ndig anpassbaren Vorderblatt bei Verwendung des Druckers<br \/>\nUniversal-Abheftstreifen mit 11 L\u00f6chern f\u00fcr den Einsatz in den meisten Arten von Aktenordnern und Ordnern. Das A4-Maxi-Format sorgt daf\u00fcr, dass die Tabs auch bei Verwendung mit gelochten H\u00fcllen immer noch gut sichtbar sind<br \/>\nHergestellt aus robustem, abwischbarem Kunststoff, um dem t\u00e4glichen Gebrauch standzuhalten, immer wieder wiederverwendbar, einfach das Titelblatt neu drucken, wenn sich der Inhalt \u00e4ndert<br \/>\nKombinieren Sie es mit anderen Produkten der Cosy Range von Leitz, um Wohnstil mit hochwertigen Produkten f\u00fcr ein produktives Arbeitsumfeld zu kombinieren<br \/>\nInhalt: 1 x Leitz Register A4 bedruckbar 1-20, Ma\u00dfe (B x H x T): 245 x 305 x 6 mm, mehrfarbig, Gem\u00fctlichsortiment, Kartonverpackung 1249000<br \/>\n<div class=\"main-cross-sell\" data-asin=\"B08MFV38VS\">\n\n\t<div class=\"WooZone-cross-sell-loader\">\n\t\t<div>\n\t\t\t<div id=\"floatingBarsG\">\n\t\t\t\t<div class=\"blockG\" id=\"rotateG_01\"><\/div>\n\t\t\t\t<div class=\"blockG\" id=\"rotateG_02\"><\/div>\n\t\t\t\t<div class=\"blockG\" id=\"rotateG_03\"><\/div>\n\t\t\t\t<div class=\"blockG\" id=\"rotateG_04\"><\/div>\n\t\t\t\t<div class=\"blockG\" id=\"rotateG_05\"><\/div>\n\t\t\t\t<div class=\"blockG\" id=\"rotateG_06\"><\/div>\n\t\t\t\t<div class=\"blockG\" id=\"rotateG_07\"><\/div>\n\t\t\t\t<div class=\"blockG\" id=\"rotateG_08\"><\/div>\n\t\t\t<\/div>\n\t\t\t<div class=\"WooZone-cross-sell-loader-text\"><\/div>\n\t\t<\/div>\n\t<\/div>\n\n\t\t\n<\/div>\n<div style=\"clear:both;\"><\/div><\/p>\n","protected":false},"excerpt":{"rendered":"<p>Verf\u00fcgt \u00fcber 20 farbige Registerkarten bedruckt 1-20 zum Sortieren und Referenzieren, mit einem vollst\u00e4ndig anpassbaren Vorderblatt bei Verwendung des Druckers<br \/>\nUniversal-Abheftstreifen mit 11 L\u00f6chern f\u00fcr den Einsatz in den meisten Arten von Aktenordnern und Ordnern. Das A4-Maxi-Format sorgt daf\u00fcr, dass die Tabs auch bei Verwendung mit gelochten H\u00fcllen immer noch gut sichtbar sind<br \/>\nHergestellt aus robustem, abwischbarem Kunststoff, um dem t\u00e4glichen Gebrauch standzuhalten, immer wieder wiederverwendbar, einfach das Titelblatt neu drucken, wenn sich der Inhalt \u00e4ndert<\/p>\n","protected":false},"featured_media":58560,"comment_status":"open","ping_status":"closed","template":"","meta":[],"product_brand":[],"product_cat":[504,8284],"product_tag":[],"class_list":{"0":"post-58549","1":"product","2":"type-product","3":"status-publish","4":"has-post-thumbnail","6":"product_cat-buerobedarf-schreibwaren","7":"product_cat-bueromaterial","8":"pa_binding-buerobedarf-schreibwaren","9":"pa_brand-leitz","10":"pa_farbe-10x-mehrfarbig","11":"pa_farbe-5x-mehrfarbig","12":"pa_farbe-mehrfarbig","13":"pa_farbe-schwarz-weiss","14":"pa_groesse-1-10-taben","15":"pa_groesse-1-12-taben","16":"pa_groesse-1-20-taben","17":"pa_groesse-1-5-taben","18":"pa_groesse-1-6-taben","19":"pa_manufacturer-esselte-leitz","20":"pa_stil-wow","22":"first","23":"instock","24":"shipping-taxable","25":"purchasable","26":"product-type-variable","27":"customify-col","28":"product-has-gallery"},"yoast_head":"<!-- This site is optimized with the Yoast SEO plugin v27.4 - https:\/\/yoast.com\/product\/yoast-seo-wordpress\/ -->\n<title>Leitz PC-beschriftbares Register in A4 Format, 1-5, Robust, Mehrfarbig, Cosy-Serie, 12400000 - Markt-XXL<\/title>\n<meta name=\"description\" content=\"Markt-XXL Leitz PC-beschriftbares Register in A4 Format, 1-5, Robust, Mehrfarbig, Cosy-Serie, 12400000\" \/>\n<meta name=\"robots\" content=\"index, follow, max-snippet:-1, max-image-preview:large, max-video-preview:-1\" \/>\n<link rel=\"canonical\" href=\"https:\/\/marktxxl.de\/markt\/produkt\/leitz-index-cosy-a4-pp-pc-bedruckbar-1-5\/\" \/>\n<meta property=\"og:locale\" content=\"de_DE\" \/>\n<meta property=\"og:type\" content=\"article\" \/>\n<meta property=\"og:title\" content=\"Leitz PC-beschriftbares Register in A4 Format, 1-5, Robust, Mehrfarbig, Cosy-Serie, 12400000 - Markt-XXL\" \/>\n<meta property=\"og:description\" content=\"Markt-XXL Leitz PC-beschriftbares Register in A4 Format, 1-5, Robust, Mehrfarbig, Cosy-Serie, 12400000\" \/>\n<meta property=\"og:url\" content=\"https:\/\/marktxxl.de\/markt\/produkt\/leitz-index-cosy-a4-pp-pc-bedruckbar-1-5\/\" \/>\n<meta property=\"og:site_name\" content=\"Markt-XXL\" \/>\n<meta property=\"article:modified_time\" content=\"2023-04-11T00:26:17+00:00\" \/>\n<meta property=\"og:image\" content=\"https:\/\/m.media-amazon.com\/images\/I\/31e7uI-7BRL._SL500_.jpg\" \/>\n\t<meta property=\"og:image:width\" content=\"359\" \/>\n\t<meta property=\"og:image:height\" content=\"500\" \/>\n\t<meta property=\"og:image:type\" content=\"image\/jpeg\" \/>\n<meta name=\"twitter:card\" content=\"summary_large_image\" \/>\n<meta name=\"twitter:label1\" content=\"Gesch\u00e4tzte Lesezeit\" \/>\n\t<meta name=\"twitter:data1\" content=\"1\u00a0Minute\" \/>\n<script type=\"application\/ld+json\" class=\"yoast-schema-graph\">{\"@context\":\"https:\\\/\\\/schema.org\",\"@graph\":[{\"@type\":\"WebPage\",\"@id\":\"https:\\\/\\\/marktxxl.de\\\/markt\\\/produkt\\\/leitz-index-cosy-a4-pp-pc-bedruckbar-1-5\\\/\",\"url\":\"https:\\\/\\\/marktxxl.de\\\/markt\\\/produkt\\\/leitz-index-cosy-a4-pp-pc-bedruckbar-1-5\\\/\",\"name\":\"Leitz PC-beschriftbares Register in A4 Format, 1-5, Robust, Mehrfarbig, Cosy-Serie, 12400000 - Markt-XXL\",\"isPartOf\":{\"@id\":\"https:\\\/\\\/marktxxl.de\\\/markt\\\/#website\"},\"primaryImageOfPage\":{\"@id\":\"https:\\\/\\\/marktxxl.de\\\/markt\\\/produkt\\\/leitz-index-cosy-a4-pp-pc-bedruckbar-1-5\\\/#primaryimage\"},\"image\":{\"@id\":\"https:\\\/\\\/marktxxl.de\\\/markt\\\/produkt\\\/leitz-index-cosy-a4-pp-pc-bedruckbar-1-5\\\/#primaryimage\"},\"thumbnailUrl\":\"https:\\\/\\\/m.media-amazon.com\\\/images\\\/I\\\/31e7uI-7BRL._SL500_.jpg\",\"datePublished\":\"2021-10-26T13:20:46+00:00\",\"dateModified\":\"2023-04-11T00:26:17+00:00\",\"description\":\"Markt-XXL Leitz PC-beschriftbares Register in A4 Format, 1-5, Robust, Mehrfarbig, Cosy-Serie, 12400000\",\"breadcrumb\":{\"@id\":\"https:\\\/\\\/marktxxl.de\\\/markt\\\/produkt\\\/leitz-index-cosy-a4-pp-pc-bedruckbar-1-5\\\/#breadcrumb\"},\"inLanguage\":\"de\",\"potentialAction\":[{\"@type\":\"ReadAction\",\"target\":[\"https:\\\/\\\/marktxxl.de\\\/markt\\\/produkt\\\/leitz-index-cosy-a4-pp-pc-bedruckbar-1-5\\\/\"]}]},{\"@type\":\"ImageObject\",\"inLanguage\":\"de\",\"@id\":\"https:\\\/\\\/marktxxl.de\\\/markt\\\/produkt\\\/leitz-index-cosy-a4-pp-pc-bedruckbar-1-5\\\/#primaryimage\",\"url\":\"https:\\\/\\\/m.media-amazon.com\\\/images\\\/I\\\/31e7uI-7BRL._SL500_.jpg\",\"contentUrl\":\"https:\\\/\\\/m.media-amazon.com\\\/images\\\/I\\\/31e7uI-7BRL._SL500_.jpg\",\"width\":359,\"height\":500},{\"@type\":\"BreadcrumbList\",\"@id\":\"https:\\\/\\\/marktxxl.de\\\/markt\\\/produkt\\\/leitz-index-cosy-a4-pp-pc-bedruckbar-1-5\\\/#breadcrumb\",\"itemListElement\":[{\"@type\":\"ListItem\",\"position\":1,\"name\":\"Startseite\",\"item\":\"https:\\\/\\\/marktxxl.de\\\/markt\\\/\"},{\"@type\":\"ListItem\",\"position\":2,\"name\":\"Markt\",\"item\":\"https:\\\/\\\/marktxxl.de\\\/markt\\\/\"},{\"@type\":\"ListItem\",\"position\":3,\"name\":\"Leitz PC-beschriftbares Register in A4 Format, 1-5, Robust, Mehrfarbig, Cosy-Serie, 12400000\"}]},{\"@type\":\"WebSite\",\"@id\":\"https:\\\/\\\/marktxxl.de\\\/markt\\\/#website\",\"url\":\"https:\\\/\\\/marktxxl.de\\\/markt\\\/\",\"name\":\"Markt-XXL\",\"description\":\"Ihr Markt Online\",\"publisher\":{\"@id\":\"https:\\\/\\\/marktxxl.de\\\/markt\\\/#organization\"},\"potentialAction\":[{\"@type\":\"SearchAction\",\"target\":{\"@type\":\"EntryPoint\",\"urlTemplate\":\"https:\\\/\\\/marktxxl.de\\\/markt\\\/?s={search_term_string}\"},\"query-input\":{\"@type\":\"PropertyValueSpecification\",\"valueRequired\":true,\"valueName\":\"search_term_string\"}}],\"inLanguage\":\"de\"},{\"@type\":\"Organization\",\"@id\":\"https:\\\/\\\/marktxxl.de\\\/markt\\\/#organization\",\"name\":\"Markt-XXL\",\"url\":\"https:\\\/\\\/marktxxl.de\\\/markt\\\/\",\"logo\":{\"@type\":\"ImageObject\",\"inLanguage\":\"de\",\"@id\":\"https:\\\/\\\/marktxxl.de\\\/markt\\\/#\\\/schema\\\/logo\\\/image\\\/\",\"url\":\"https:\\\/\\\/marktxxl.de\\\/markt\\\/wp-content\\\/uploads\\\/sites\\\/3\\\/2020\\\/12\\\/logo.png\",\"contentUrl\":\"https:\\\/\\\/marktxxl.de\\\/markt\\\/wp-content\\\/uploads\\\/sites\\\/3\\\/2020\\\/12\\\/logo.png\",\"width\":200,\"height\":70,\"caption\":\"Markt-XXL\"},\"image\":{\"@id\":\"https:\\\/\\\/marktxxl.de\\\/markt\\\/#\\\/schema\\\/logo\\\/image\\\/\"}}]}<\/script>\n<!-- \/ Yoast SEO plugin. -->","yoast_head_json":{"title":"Leitz PC-beschriftbares Register in A4 Format, 1-5, Robust, Mehrfarbig, Cosy-Serie, 12400000 - Markt-XXL","description":"Markt-XXL Leitz PC-beschriftbares Register in A4 Format, 1-5, Robust, Mehrfarbig, Cosy-Serie, 12400000","robots":{"index":"index","follow":"follow","max-snippet":"max-snippet:-1","max-image-preview":"max-image-preview:large","max-video-preview":"max-video-preview:-1"},"canonical":"https:\/\/marktxxl.de\/markt\/produkt\/leitz-index-cosy-a4-pp-pc-bedruckbar-1-5\/","og_locale":"de_DE","og_type":"article","og_title":"Leitz PC-beschriftbares Register in A4 Format, 1-5, Robust, Mehrfarbig, Cosy-Serie, 12400000 - Markt-XXL","og_description":"Markt-XXL Leitz PC-beschriftbares Register in A4 Format, 1-5, Robust, Mehrfarbig, Cosy-Serie, 12400000","og_url":"https:\/\/marktxxl.de\/markt\/produkt\/leitz-index-cosy-a4-pp-pc-bedruckbar-1-5\/","og_site_name":"Markt-XXL","article_modified_time":"2023-04-11T00:26:17+00:00","og_image":[{"width":359,"height":500,"url":"https:\/\/m.media-amazon.com\/images\/I\/31e7uI-7BRL._SL500_.jpg","type":"image\/jpeg"}],"twitter_card":"summary_large_image","twitter_misc":{"Gesch\u00e4tzte Lesezeit":"1\u00a0Minute"},"schema":{"@context":"https:\/\/schema.org","@graph":[{"@type":"WebPage","@id":"https:\/\/marktxxl.de\/markt\/produkt\/leitz-index-cosy-a4-pp-pc-bedruckbar-1-5\/","url":"https:\/\/marktxxl.de\/markt\/produkt\/leitz-index-cosy-a4-pp-pc-bedruckbar-1-5\/","name":"Leitz PC-beschriftbares Register in A4 Format, 1-5, Robust, Mehrfarbig, Cosy-Serie, 12400000 - Markt-XXL","isPartOf":{"@id":"https:\/\/marktxxl.de\/markt\/#website"},"primaryImageOfPage":{"@id":"https:\/\/marktxxl.de\/markt\/produkt\/leitz-index-cosy-a4-pp-pc-bedruckbar-1-5\/#primaryimage"},"image":{"@id":"https:\/\/marktxxl.de\/markt\/produkt\/leitz-index-cosy-a4-pp-pc-bedruckbar-1-5\/#primaryimage"},"thumbnailUrl":"https:\/\/m.media-amazon.com\/images\/I\/31e7uI-7BRL._SL500_.jpg","datePublished":"2021-10-26T13:20:46+00:00","dateModified":"2023-04-11T00:26:17+00:00","description":"Markt-XXL Leitz PC-beschriftbares Register in A4 Format, 1-5, Robust, Mehrfarbig, Cosy-Serie, 12400000","breadcrumb":{"@id":"https:\/\/marktxxl.de\/markt\/produkt\/leitz-index-cosy-a4-pp-pc-bedruckbar-1-5\/#breadcrumb"},"inLanguage":"de","potentialAction":[{"@type":"ReadAction","target":["https:\/\/marktxxl.de\/markt\/produkt\/leitz-index-cosy-a4-pp-pc-bedruckbar-1-5\/"]}]},{"@type":"ImageObject","inLanguage":"de","@id":"https:\/\/marktxxl.de\/markt\/produkt\/leitz-index-cosy-a4-pp-pc-bedruckbar-1-5\/#primaryimage","url":"https:\/\/m.media-amazon.com\/images\/I\/31e7uI-7BRL._SL500_.jpg","contentUrl":"https:\/\/m.media-amazon.com\/images\/I\/31e7uI-7BRL._SL500_.jpg","width":359,"height":500},{"@type":"BreadcrumbList","@id":"https:\/\/marktxxl.de\/markt\/produkt\/leitz-index-cosy-a4-pp-pc-bedruckbar-1-5\/#breadcrumb","itemListElement":[{"@type":"ListItem","position":1,"name":"Startseite","item":"https:\/\/marktxxl.de\/markt\/"},{"@type":"ListItem","position":2,"name":"Markt","item":"https:\/\/marktxxl.de\/markt\/"},{"@type":"ListItem","position":3,"name":"Leitz PC-beschriftbares Register in A4 Format, 1-5, Robust, Mehrfarbig, Cosy-Serie, 12400000"}]},{"@type":"WebSite","@id":"https:\/\/marktxxl.de\/markt\/#website","url":"https:\/\/marktxxl.de\/markt\/","name":"Markt-XXL","description":"Ihr Markt Online","publisher":{"@id":"https:\/\/marktxxl.de\/markt\/#organization"},"potentialAction":[{"@type":"SearchAction","target":{"@type":"EntryPoint","urlTemplate":"https:\/\/marktxxl.de\/markt\/?s={search_term_string}"},"query-input":{"@type":"PropertyValueSpecification","valueRequired":true,"valueName":"search_term_string"}}],"inLanguage":"de"},{"@type":"Organization","@id":"https:\/\/marktxxl.de\/markt\/#organization","name":"Markt-XXL","url":"https:\/\/marktxxl.de\/markt\/","logo":{"@type":"ImageObject","inLanguage":"de","@id":"https:\/\/marktxxl.de\/markt\/#\/schema\/logo\/image\/","url":"https:\/\/marktxxl.de\/markt\/wp-content\/uploads\/sites\/3\/2020\/12\/logo.png","contentUrl":"https:\/\/marktxxl.de\/markt\/wp-content\/uploads\/sites\/3\/2020\/12\/logo.png","width":200,"height":70,"caption":"Markt-XXL"},"image":{"@id":"https:\/\/marktxxl.de\/markt\/#\/schema\/logo\/image\/"}}]}},"_links":{"self":[{"href":"https:\/\/marktxxl.de\/markt\/wp-json\/wp\/v2\/product\/58549","targetHints":{"allow":["GET"]}}],"collection":[{"href":"https:\/\/marktxxl.de\/markt\/wp-json\/wp\/v2\/product"}],"about":[{"href":"https:\/\/marktxxl.de\/markt\/wp-json\/wp\/v2\/types\/product"}],"replies":[{"embeddable":true,"href":"https:\/\/marktxxl.de\/markt\/wp-json\/wp\/v2\/comments?post=58549"}],"wp:featuredmedia":[{"embeddable":true,"href":"https:\/\/marktxxl.de\/markt\/wp-json\/wp\/v2\/media\/58560"}],"wp:attachment":[{"href":"https:\/\/marktxxl.de\/markt\/wp-json\/wp\/v2\/media?parent=58549"}],"wp:term":[{"taxonomy":"product_brand","embeddable":true,"href":"https:\/\/marktxxl.de\/markt\/wp-json\/wp\/v2\/product_brand?post=58549"},{"taxonomy":"product_cat","embeddable":true,"href":"https:\/\/marktxxl.de\/markt\/wp-json\/wp\/v2\/product_cat?post=58549"},{"taxonomy":"product_tag","embeddable":true,"href":"https:\/\/marktxxl.de\/markt\/wp-json\/wp\/v2\/product_tag?post=58549"}],"curies":[{"name":"wp","href":"https:\/\/api.w.org\/{rel}","templated":true}]}}