{"id":58538,"date":"2021-10-26T15:20:38","date_gmt":"2021-10-26T13:20:38","guid":{"rendered":"https:\/\/marktxxl.de\/markt\/produkt\/afritee-tischunterlage-schreibtischunterlage-pu-leder-tischunterlage-laptop-tischunterlage-wasserdichte-schreibunterlage-fuer-buero-oder-heimbereich-doppelseitig-80-40-cm-90-30-cm\/"},"modified":"2023-04-11T02:26:16","modified_gmt":"2023-04-11T00:26:16","slug":"afritee-tischunterlage-schreibtischunterlage-pu-leder-tischunterlage-laptop-tischunterlage-wasserdichte-schreibunterlage-fuer-buero-oder-heimbereich-doppelseitig-80-40-cm-90-30-cm","status":"publish","type":"product","link":"https:\/\/marktxxl.de\/markt\/produkt\/afritee-tischunterlage-schreibtischunterlage-pu-leder-tischunterlage-laptop-tischunterlage-wasserdichte-schreibunterlage-fuer-buero-oder-heimbereich-doppelseitig-80-40-cm-90-30-cm\/","title":{"rendered":"AFITEE Rutschfeste Schreibtischunterlage,Schreibtischmatte,Nicht klebrig PU-Leder Laptop Tischunterlage, Weich\u2026"},"content":{"rendered":"<p>Hergestellt aus strapazierf\u00e4higem PU-Leder, Ihren Schreibtisch vor Kratzern, Flecken, Hitze und Abrieb zu sch\u00fctzen. Sie bringt Ihrem B\u00fcro noch eine moderne und professionelle Atmosph\u00e4re, wenn Sie sie auf Ihrem Schreibtisch legen.<br \/>\nDie Gr\u00f6\u00dfe der Tischmatte betr\u00e4gt 80 cm x 40 cm \/90 cm x 43 cm, was f\u00fcr einen Laptop, eine Maus und eine Tastatur ausreicht.\u00a0 Ihre komfortable und glatte Oberfl\u00e4che kann als Mauspad und Schreibunterlage verwendet werden. Das rutschfeste Material auch f\u00fcr Stabilit\u00e4t w\u00e4hrend der t\u00e4glichen Gebrauchs.Bei dem Reinigen wischen Sie die Oberfl\u00e4che einfach mit einem feuchten Tuch ab.<br \/>\nWir haben sie die zwei Seiten mit dem gleichen Material aber unterschiedlichen Farben entworfen, und Sie k\u00f6nnen beide Seiten verwenden. rehen Sie das Mauspad einfach um, wenn Sie die Farbe wechseln m\u00f6chten.<\/p>\n<p>\u00a0 \u00a0 \u00a0?Gift &#8211; Es ist ideal f\u00fcr Mitarbeiter und Home Offices, die eine hohe Lebensqualit\u00e4t suchen. Gutes Geschenk f\u00fcr Spiel begeisterte und Studenten.D <\/p>\n<\/p>\n<p>Die glatte Oberfl\u00e4che der Tischmatte erm\u00f6glicht Ihnen das Schreiben, Tippen und Gaming. Die Schreibtischmatte eignet sich sehr gut f\u00fcr den Einsatz im B\u00fcro oder zu Hause.<br \/>\n<div class=\"main-cross-sell\" data-asin=\"B08JJCMXV1\">\n\n\t<div class=\"WooZone-cross-sell-loader\">\n\t\t<div>\n\t\t\t<div id=\"floatingBarsG\">\n\t\t\t\t<div class=\"blockG\" id=\"rotateG_01\"><\/div>\n\t\t\t\t<div class=\"blockG\" id=\"rotateG_02\"><\/div>\n\t\t\t\t<div class=\"blockG\" id=\"rotateG_03\"><\/div>\n\t\t\t\t<div class=\"blockG\" id=\"rotateG_04\"><\/div>\n\t\t\t\t<div class=\"blockG\" id=\"rotateG_05\"><\/div>\n\t\t\t\t<div class=\"blockG\" id=\"rotateG_06\"><\/div>\n\t\t\t\t<div class=\"blockG\" id=\"rotateG_07\"><\/div>\n\t\t\t\t<div class=\"blockG\" id=\"rotateG_08\"><\/div>\n\t\t\t<\/div>\n\t\t\t<div class=\"WooZone-cross-sell-loader-text\"><\/div>\n\t\t<\/div>\n\t<\/div>\n\n\t\t\n<\/div>\n<div style=\"clear:both;\"><\/div><\/p>\n","protected":false},"excerpt":{"rendered":"<p>Hergestellt aus strapazierf\u00e4higem PU-Leder, Ihren Schreibtisch vor Kratzern, Flecken, Hitze und Abrieb zu sch\u00fctzen. Sie bringt Ihrem B\u00fcro noch eine moderne und professionelle Atmosph\u00e4re, wenn Sie sie auf Ihrem Schreibtisch legen.<br \/>\nDie Gr\u00f6\u00dfe der Tischmatte betr\u00e4gt 80 cm x 40 cm \/90 cm x 43 cm, was f\u00fcr einen Laptop, eine Maus und eine Tastatur ausreicht.\u00a0 Ihre komfortable und glatte Oberfl\u00e4che kann als Mauspad und Schreibunterlage verwendet werden. Das rutschfeste Material auch f\u00fcr Stabilit\u00e4t w\u00e4hrend der t\u00e4glichen Gebrauchs.Bei dem Reinigen wischen Sie die Oberfl\u00e4che einfach mit einem feuchten Tuch ab.<br \/>\nWir haben sie die zwei Seiten mit dem gleichen Material aber unterschiedlichen Farben entworfen, und Sie k\u00f6nnen beide Seiten verwenden. rehen Sie das Mauspad einfach um, wenn Sie die Farbe wechseln m\u00f6chten.<\/p>\n","protected":false},"featured_media":58539,"comment_status":"open","ping_status":"closed","template":"","meta":[],"product_brand":[],"product_cat":[504,8284],"product_tag":[],"class_list":{"0":"post-58538","1":"product","2":"type-product","3":"status-publish","4":"has-post-thumbnail","6":"product_cat-buerobedarf-schreibwaren","7":"product_cat-bueromaterial","8":"pa_binding-buerobedarf-schreibwaren","9":"pa_brand-afritee","10":"pa_manufacturer-afritee","12":"first","13":"instock","14":"shipping-taxable","15":"purchasable","16":"product-type-simple","17":"customify-col","18":"product-has-gallery"},"yoast_head":"<!-- This site is optimized with the Yoast SEO plugin v27.4 - https:\/\/yoast.com\/product\/yoast-seo-wordpress\/ -->\n<title>AFITEE Rutschfeste Schreibtischunterlage,Schreibtischmatte,Nicht klebrig PU-Leder Laptop Tischunterlage, Weich\u2026 - Markt-XXL<\/title>\n<meta name=\"description\" content=\"Markt-XXL AFITEE Rutschfeste Schreibtischunterlage,Schreibtischmatte,Nicht klebrig PU-Leder Laptop Tischunterlage, Weich\u2026\" \/>\n<meta name=\"robots\" content=\"index, follow, max-snippet:-1, max-image-preview:large, max-video-preview:-1\" \/>\n<link rel=\"canonical\" href=\"https:\/\/marktxxl.de\/markt\/produkt\/afritee-tischunterlage-schreibtischunterlage-pu-leder-tischunterlage-laptop-tischunterlage-wasserdichte-schreibunterlage-fuer-buero-oder-heimbereich-doppelseitig-80-40-cm-90-30-cm\/\" \/>\n<meta property=\"og:locale\" content=\"de_DE\" \/>\n<meta property=\"og:type\" content=\"article\" \/>\n<meta property=\"og:title\" content=\"AFITEE Rutschfeste Schreibtischunterlage,Schreibtischmatte,Nicht klebrig PU-Leder Laptop Tischunterlage, Weich\u2026 - Markt-XXL\" \/>\n<meta property=\"og:description\" content=\"Markt-XXL AFITEE Rutschfeste Schreibtischunterlage,Schreibtischmatte,Nicht klebrig PU-Leder Laptop Tischunterlage, Weich\u2026\" \/>\n<meta property=\"og:url\" content=\"https:\/\/marktxxl.de\/markt\/produkt\/afritee-tischunterlage-schreibtischunterlage-pu-leder-tischunterlage-laptop-tischunterlage-wasserdichte-schreibunterlage-fuer-buero-oder-heimbereich-doppelseitig-80-40-cm-90-30-cm\/\" \/>\n<meta property=\"og:site_name\" content=\"Markt-XXL\" \/>\n<meta property=\"article:modified_time\" content=\"2023-04-11T00:26:16+00:00\" \/>\n<meta property=\"og:image\" content=\"https:\/\/m.media-amazon.com\/images\/I\/51fQ7NK84nL._SL500_.jpg\" \/>\n\t<meta property=\"og:image:width\" content=\"500\" \/>\n\t<meta property=\"og:image:height\" content=\"500\" \/>\n\t<meta property=\"og:image:type\" content=\"image\/jpeg\" \/>\n<meta name=\"twitter:card\" content=\"summary_large_image\" \/>\n<meta name=\"twitter:label1\" content=\"Gesch\u00e4tzte Lesezeit\" \/>\n\t<meta name=\"twitter:data1\" content=\"1\u00a0Minute\" \/>\n<script type=\"application\/ld+json\" class=\"yoast-schema-graph\">{\"@context\":\"https:\\\/\\\/schema.org\",\"@graph\":[{\"@type\":\"WebPage\",\"@id\":\"https:\\\/\\\/marktxxl.de\\\/markt\\\/produkt\\\/afritee-tischunterlage-schreibtischunterlage-pu-leder-tischunterlage-laptop-tischunterlage-wasserdichte-schreibunterlage-fuer-buero-oder-heimbereich-doppelseitig-80-40-cm-90-30-cm\\\/\",\"url\":\"https:\\\/\\\/marktxxl.de\\\/markt\\\/produkt\\\/afritee-tischunterlage-schreibtischunterlage-pu-leder-tischunterlage-laptop-tischunterlage-wasserdichte-schreibunterlage-fuer-buero-oder-heimbereich-doppelseitig-80-40-cm-90-30-cm\\\/\",\"name\":\"AFITEE Rutschfeste Schreibtischunterlage,Schreibtischmatte,Nicht klebrig PU-Leder Laptop Tischunterlage, Weich\u2026 - Markt-XXL\",\"isPartOf\":{\"@id\":\"https:\\\/\\\/marktxxl.de\\\/markt\\\/#website\"},\"primaryImageOfPage\":{\"@id\":\"https:\\\/\\\/marktxxl.de\\\/markt\\\/produkt\\\/afritee-tischunterlage-schreibtischunterlage-pu-leder-tischunterlage-laptop-tischunterlage-wasserdichte-schreibunterlage-fuer-buero-oder-heimbereich-doppelseitig-80-40-cm-90-30-cm\\\/#primaryimage\"},\"image\":{\"@id\":\"https:\\\/\\\/marktxxl.de\\\/markt\\\/produkt\\\/afritee-tischunterlage-schreibtischunterlage-pu-leder-tischunterlage-laptop-tischunterlage-wasserdichte-schreibunterlage-fuer-buero-oder-heimbereich-doppelseitig-80-40-cm-90-30-cm\\\/#primaryimage\"},\"thumbnailUrl\":\"https:\\\/\\\/m.media-amazon.com\\\/images\\\/I\\\/51fQ7NK84nL._SL500_.jpg\",\"datePublished\":\"2021-10-26T13:20:38+00:00\",\"dateModified\":\"2023-04-11T00:26:16+00:00\",\"description\":\"Markt-XXL AFITEE Rutschfeste Schreibtischunterlage,Schreibtischmatte,Nicht klebrig PU-Leder Laptop Tischunterlage, Weich\u2026\",\"breadcrumb\":{\"@id\":\"https:\\\/\\\/marktxxl.de\\\/markt\\\/produkt\\\/afritee-tischunterlage-schreibtischunterlage-pu-leder-tischunterlage-laptop-tischunterlage-wasserdichte-schreibunterlage-fuer-buero-oder-heimbereich-doppelseitig-80-40-cm-90-30-cm\\\/#breadcrumb\"},\"inLanguage\":\"de\",\"potentialAction\":[{\"@type\":\"ReadAction\",\"target\":[\"https:\\\/\\\/marktxxl.de\\\/markt\\\/produkt\\\/afritee-tischunterlage-schreibtischunterlage-pu-leder-tischunterlage-laptop-tischunterlage-wasserdichte-schreibunterlage-fuer-buero-oder-heimbereich-doppelseitig-80-40-cm-90-30-cm\\\/\"]}]},{\"@type\":\"ImageObject\",\"inLanguage\":\"de\",\"@id\":\"https:\\\/\\\/marktxxl.de\\\/markt\\\/produkt\\\/afritee-tischunterlage-schreibtischunterlage-pu-leder-tischunterlage-laptop-tischunterlage-wasserdichte-schreibunterlage-fuer-buero-oder-heimbereich-doppelseitig-80-40-cm-90-30-cm\\\/#primaryimage\",\"url\":\"https:\\\/\\\/m.media-amazon.com\\\/images\\\/I\\\/51fQ7NK84nL._SL500_.jpg\",\"contentUrl\":\"https:\\\/\\\/m.media-amazon.com\\\/images\\\/I\\\/51fQ7NK84nL._SL500_.jpg\",\"width\":500,\"height\":500},{\"@type\":\"BreadcrumbList\",\"@id\":\"https:\\\/\\\/marktxxl.de\\\/markt\\\/produkt\\\/afritee-tischunterlage-schreibtischunterlage-pu-leder-tischunterlage-laptop-tischunterlage-wasserdichte-schreibunterlage-fuer-buero-oder-heimbereich-doppelseitig-80-40-cm-90-30-cm\\\/#breadcrumb\",\"itemListElement\":[{\"@type\":\"ListItem\",\"position\":1,\"name\":\"Startseite\",\"item\":\"https:\\\/\\\/marktxxl.de\\\/markt\\\/\"},{\"@type\":\"ListItem\",\"position\":2,\"name\":\"Markt\",\"item\":\"https:\\\/\\\/marktxxl.de\\\/markt\\\/\"},{\"@type\":\"ListItem\",\"position\":3,\"name\":\"AFITEE Rutschfeste Schreibtischunterlage,Schreibtischmatte,Nicht klebrig PU-Leder Laptop Tischunterlage, Weich\u2026\"}]},{\"@type\":\"WebSite\",\"@id\":\"https:\\\/\\\/marktxxl.de\\\/markt\\\/#website\",\"url\":\"https:\\\/\\\/marktxxl.de\\\/markt\\\/\",\"name\":\"Markt-XXL\",\"description\":\"Ihr Markt Online\",\"publisher\":{\"@id\":\"https:\\\/\\\/marktxxl.de\\\/markt\\\/#organization\"},\"potentialAction\":[{\"@type\":\"SearchAction\",\"target\":{\"@type\":\"EntryPoint\",\"urlTemplate\":\"https:\\\/\\\/marktxxl.de\\\/markt\\\/?s={search_term_string}\"},\"query-input\":{\"@type\":\"PropertyValueSpecification\",\"valueRequired\":true,\"valueName\":\"search_term_string\"}}],\"inLanguage\":\"de\"},{\"@type\":\"Organization\",\"@id\":\"https:\\\/\\\/marktxxl.de\\\/markt\\\/#organization\",\"name\":\"Markt-XXL\",\"url\":\"https:\\\/\\\/marktxxl.de\\\/markt\\\/\",\"logo\":{\"@type\":\"ImageObject\",\"inLanguage\":\"de\",\"@id\":\"https:\\\/\\\/marktxxl.de\\\/markt\\\/#\\\/schema\\\/logo\\\/image\\\/\",\"url\":\"https:\\\/\\\/marktxxl.de\\\/markt\\\/wp-content\\\/uploads\\\/sites\\\/3\\\/2020\\\/12\\\/logo.png\",\"contentUrl\":\"https:\\\/\\\/marktxxl.de\\\/markt\\\/wp-content\\\/uploads\\\/sites\\\/3\\\/2020\\\/12\\\/logo.png\",\"width\":200,\"height\":70,\"caption\":\"Markt-XXL\"},\"image\":{\"@id\":\"https:\\\/\\\/marktxxl.de\\\/markt\\\/#\\\/schema\\\/logo\\\/image\\\/\"}}]}<\/script>\n<!-- \/ Yoast SEO plugin. -->","yoast_head_json":{"title":"AFITEE Rutschfeste Schreibtischunterlage,Schreibtischmatte,Nicht klebrig PU-Leder Laptop Tischunterlage, Weich\u2026 - Markt-XXL","description":"Markt-XXL AFITEE Rutschfeste Schreibtischunterlage,Schreibtischmatte,Nicht klebrig PU-Leder Laptop Tischunterlage, Weich\u2026","robots":{"index":"index","follow":"follow","max-snippet":"max-snippet:-1","max-image-preview":"max-image-preview:large","max-video-preview":"max-video-preview:-1"},"canonical":"https:\/\/marktxxl.de\/markt\/produkt\/afritee-tischunterlage-schreibtischunterlage-pu-leder-tischunterlage-laptop-tischunterlage-wasserdichte-schreibunterlage-fuer-buero-oder-heimbereich-doppelseitig-80-40-cm-90-30-cm\/","og_locale":"de_DE","og_type":"article","og_title":"AFITEE Rutschfeste Schreibtischunterlage,Schreibtischmatte,Nicht klebrig PU-Leder Laptop Tischunterlage, Weich\u2026 - Markt-XXL","og_description":"Markt-XXL AFITEE Rutschfeste Schreibtischunterlage,Schreibtischmatte,Nicht klebrig PU-Leder Laptop Tischunterlage, Weich\u2026","og_url":"https:\/\/marktxxl.de\/markt\/produkt\/afritee-tischunterlage-schreibtischunterlage-pu-leder-tischunterlage-laptop-tischunterlage-wasserdichte-schreibunterlage-fuer-buero-oder-heimbereich-doppelseitig-80-40-cm-90-30-cm\/","og_site_name":"Markt-XXL","article_modified_time":"2023-04-11T00:26:16+00:00","og_image":[{"width":500,"height":500,"url":"https:\/\/m.media-amazon.com\/images\/I\/51fQ7NK84nL._SL500_.jpg","type":"image\/jpeg"}],"twitter_card":"summary_large_image","twitter_misc":{"Gesch\u00e4tzte Lesezeit":"1\u00a0Minute"},"schema":{"@context":"https:\/\/schema.org","@graph":[{"@type":"WebPage","@id":"https:\/\/marktxxl.de\/markt\/produkt\/afritee-tischunterlage-schreibtischunterlage-pu-leder-tischunterlage-laptop-tischunterlage-wasserdichte-schreibunterlage-fuer-buero-oder-heimbereich-doppelseitig-80-40-cm-90-30-cm\/","url":"https:\/\/marktxxl.de\/markt\/produkt\/afritee-tischunterlage-schreibtischunterlage-pu-leder-tischunterlage-laptop-tischunterlage-wasserdichte-schreibunterlage-fuer-buero-oder-heimbereich-doppelseitig-80-40-cm-90-30-cm\/","name":"AFITEE Rutschfeste Schreibtischunterlage,Schreibtischmatte,Nicht klebrig PU-Leder Laptop Tischunterlage, Weich\u2026 - Markt-XXL","isPartOf":{"@id":"https:\/\/marktxxl.de\/markt\/#website"},"primaryImageOfPage":{"@id":"https:\/\/marktxxl.de\/markt\/produkt\/afritee-tischunterlage-schreibtischunterlage-pu-leder-tischunterlage-laptop-tischunterlage-wasserdichte-schreibunterlage-fuer-buero-oder-heimbereich-doppelseitig-80-40-cm-90-30-cm\/#primaryimage"},"image":{"@id":"https:\/\/marktxxl.de\/markt\/produkt\/afritee-tischunterlage-schreibtischunterlage-pu-leder-tischunterlage-laptop-tischunterlage-wasserdichte-schreibunterlage-fuer-buero-oder-heimbereich-doppelseitig-80-40-cm-90-30-cm\/#primaryimage"},"thumbnailUrl":"https:\/\/m.media-amazon.com\/images\/I\/51fQ7NK84nL._SL500_.jpg","datePublished":"2021-10-26T13:20:38+00:00","dateModified":"2023-04-11T00:26:16+00:00","description":"Markt-XXL AFITEE Rutschfeste Schreibtischunterlage,Schreibtischmatte,Nicht klebrig PU-Leder Laptop Tischunterlage, Weich\u2026","breadcrumb":{"@id":"https:\/\/marktxxl.de\/markt\/produkt\/afritee-tischunterlage-schreibtischunterlage-pu-leder-tischunterlage-laptop-tischunterlage-wasserdichte-schreibunterlage-fuer-buero-oder-heimbereich-doppelseitig-80-40-cm-90-30-cm\/#breadcrumb"},"inLanguage":"de","potentialAction":[{"@type":"ReadAction","target":["https:\/\/marktxxl.de\/markt\/produkt\/afritee-tischunterlage-schreibtischunterlage-pu-leder-tischunterlage-laptop-tischunterlage-wasserdichte-schreibunterlage-fuer-buero-oder-heimbereich-doppelseitig-80-40-cm-90-30-cm\/"]}]},{"@type":"ImageObject","inLanguage":"de","@id":"https:\/\/marktxxl.de\/markt\/produkt\/afritee-tischunterlage-schreibtischunterlage-pu-leder-tischunterlage-laptop-tischunterlage-wasserdichte-schreibunterlage-fuer-buero-oder-heimbereich-doppelseitig-80-40-cm-90-30-cm\/#primaryimage","url":"https:\/\/m.media-amazon.com\/images\/I\/51fQ7NK84nL._SL500_.jpg","contentUrl":"https:\/\/m.media-amazon.com\/images\/I\/51fQ7NK84nL._SL500_.jpg","width":500,"height":500},{"@type":"BreadcrumbList","@id":"https:\/\/marktxxl.de\/markt\/produkt\/afritee-tischunterlage-schreibtischunterlage-pu-leder-tischunterlage-laptop-tischunterlage-wasserdichte-schreibunterlage-fuer-buero-oder-heimbereich-doppelseitig-80-40-cm-90-30-cm\/#breadcrumb","itemListElement":[{"@type":"ListItem","position":1,"name":"Startseite","item":"https:\/\/marktxxl.de\/markt\/"},{"@type":"ListItem","position":2,"name":"Markt","item":"https:\/\/marktxxl.de\/markt\/"},{"@type":"ListItem","position":3,"name":"AFITEE Rutschfeste Schreibtischunterlage,Schreibtischmatte,Nicht klebrig PU-Leder Laptop Tischunterlage, Weich\u2026"}]},{"@type":"WebSite","@id":"https:\/\/marktxxl.de\/markt\/#website","url":"https:\/\/marktxxl.de\/markt\/","name":"Markt-XXL","description":"Ihr Markt Online","publisher":{"@id":"https:\/\/marktxxl.de\/markt\/#organization"},"potentialAction":[{"@type":"SearchAction","target":{"@type":"EntryPoint","urlTemplate":"https:\/\/marktxxl.de\/markt\/?s={search_term_string}"},"query-input":{"@type":"PropertyValueSpecification","valueRequired":true,"valueName":"search_term_string"}}],"inLanguage":"de"},{"@type":"Organization","@id":"https:\/\/marktxxl.de\/markt\/#organization","name":"Markt-XXL","url":"https:\/\/marktxxl.de\/markt\/","logo":{"@type":"ImageObject","inLanguage":"de","@id":"https:\/\/marktxxl.de\/markt\/#\/schema\/logo\/image\/","url":"https:\/\/marktxxl.de\/markt\/wp-content\/uploads\/sites\/3\/2020\/12\/logo.png","contentUrl":"https:\/\/marktxxl.de\/markt\/wp-content\/uploads\/sites\/3\/2020\/12\/logo.png","width":200,"height":70,"caption":"Markt-XXL"},"image":{"@id":"https:\/\/marktxxl.de\/markt\/#\/schema\/logo\/image\/"}}]}},"_links":{"self":[{"href":"https:\/\/marktxxl.de\/markt\/wp-json\/wp\/v2\/product\/58538","targetHints":{"allow":["GET"]}}],"collection":[{"href":"https:\/\/marktxxl.de\/markt\/wp-json\/wp\/v2\/product"}],"about":[{"href":"https:\/\/marktxxl.de\/markt\/wp-json\/wp\/v2\/types\/product"}],"replies":[{"embeddable":true,"href":"https:\/\/marktxxl.de\/markt\/wp-json\/wp\/v2\/comments?post=58538"}],"wp:featuredmedia":[{"embeddable":true,"href":"https:\/\/marktxxl.de\/markt\/wp-json\/wp\/v2\/media\/58539"}],"wp:attachment":[{"href":"https:\/\/marktxxl.de\/markt\/wp-json\/wp\/v2\/media?parent=58538"}],"wp:term":[{"taxonomy":"product_brand","embeddable":true,"href":"https:\/\/marktxxl.de\/markt\/wp-json\/wp\/v2\/product_brand?post=58538"},{"taxonomy":"product_cat","embeddable":true,"href":"https:\/\/marktxxl.de\/markt\/wp-json\/wp\/v2\/product_cat?post=58538"},{"taxonomy":"product_tag","embeddable":true,"href":"https:\/\/marktxxl.de\/markt\/wp-json\/wp\/v2\/product_tag?post=58538"}],"curies":[{"name":"wp","href":"https:\/\/api.w.org\/{rel}","templated":true}]}}