{"id":58516,"date":"2021-10-26T15:20:34","date_gmt":"2021-10-26T13:20:34","guid":{"rendered":"https:\/\/marktxxl.de\/markt\/produkt\/titanwolf-mauspads-xxxl-1200x600\/"},"modified":"2023-04-11T02:25:20","modified_gmt":"2023-04-11T00:25:20","slug":"titanwolf-mauspads-xxxl-1200x600","status":"publish","type":"product","link":"https:\/\/marktxxl.de\/markt\/produkt\/titanwolf-mauspads-xxxl-1200x600\/","title":{"rendered":"Titanwolf &#8211; XXXL \u00dcbergr\u00f6\u00dfe Mauspad 1500x800mm &#8211; XXXL Gro\u00dfformat &#8211; Schreibtischauflage &#8211; gummierte R\u00fcckseite &#8211; rutschfest\u2026"},"content":{"rendered":"<p>Modellbezeichnung: Titanwolf XXXL Speed Gaming-Mauspad (Titanwolf-Markenlogo auf der Mauspad-Oberfl\u00e4che)<br \/>\nVerwendung: Das Titanwolf XXXL Speed Gaming-Mauspad stellt die n\u00e4chste Generation von Pr\u00e4zisions-Gaming dar und richtet sich insbesondere an Gamer, die besonderen Wert auf Geschwindigkeit, Pr\u00e4zision und Komfort legen!<br \/>\nTitanwolf &#8211; Wer mit den W\u00f6lfen jagen will, muss mit den W\u00f6lfen heulen. Titanwolf \u2013 wenn es auf dem Spielfeld brutal wird, wird dir ein treuer Begleiter helfen. Dies gelingt mit Titanwolf perfekt \u2013 einer unserer neuen Marke der Ganz Einfach GmbH. Sei bestens ger\u00fcstet f\u00fcr die n\u00e4chste Gamingsession. Ganz egal, ob Shooter, MMORPGs oder RTS-Games &#8211; mit den Produkten von Titanwolf bist du immer der MVP.<br \/>\nPerfekt kombinierbar mit der Titanwolf &#8211; 16400 dpi USB Gaming Laser Mouse: Lerne weitere Produkte aus dem Gaming-Sortiment der Titanwolf-Marke kennen.<br \/>\nDas Mauspad l\u00e4sst sich mit warmem Wasser abwaschen und kann bei 30-40\u00b0 sogar in der Waschmaschine gereinigt werden. | Mousepad-Abmessungen: 1200 x 600 x 3mm | Gewicht: 1224g | Farbe: schwarz | Material: Textil-Oberfl\u00e4che \/Unterseite gummiert (rutschfest)| Lieferumfang: Titanwolf XXXL Speed Gaming-Mauspad<br \/>\n<div class=\"main-cross-sell\" data-asin=\"B07WMV3P4W\">\n\n\t<div class=\"WooZone-cross-sell-loader\">\n\t\t<div>\n\t\t\t<div id=\"floatingBarsG\">\n\t\t\t\t<div class=\"blockG\" id=\"rotateG_01\"><\/div>\n\t\t\t\t<div class=\"blockG\" id=\"rotateG_02\"><\/div>\n\t\t\t\t<div class=\"blockG\" id=\"rotateG_03\"><\/div>\n\t\t\t\t<div class=\"blockG\" id=\"rotateG_04\"><\/div>\n\t\t\t\t<div class=\"blockG\" id=\"rotateG_05\"><\/div>\n\t\t\t\t<div class=\"blockG\" id=\"rotateG_06\"><\/div>\n\t\t\t\t<div class=\"blockG\" id=\"rotateG_07\"><\/div>\n\t\t\t\t<div class=\"blockG\" id=\"rotateG_08\"><\/div>\n\t\t\t<\/div>\n\t\t\t<div class=\"WooZone-cross-sell-loader-text\"><\/div>\n\t\t<\/div>\n\t<\/div>\n\n\t\t\n<\/div>\n<div style=\"clear:both;\"><\/div><\/p>\n","protected":false},"excerpt":{"rendered":"<p>Modellbezeichnung: Titanwolf XXXL Speed Gaming-Mauspad (Titanwolf-Markenlogo auf der Mauspad-Oberfl\u00e4che)<br \/>\nVerwendung: Das Titanwolf XXXL Speed Gaming-Mauspad stellt die n\u00e4chste Generation von Pr\u00e4zisions-Gaming dar und richtet sich insbesondere an Gamer, die besonderen Wert auf Geschwindigkeit, Pr\u00e4zision und Komfort legen!<br \/>\nTitanwolf &#8211; Wer mit den W\u00f6lfen jagen will, muss mit den W\u00f6lfen heulen. Titanwolf \u2013 wenn es auf dem Spielfeld brutal wird, wird dir ein treuer Begleiter helfen. Dies gelingt mit Titanwolf perfekt \u2013 einer unserer neuen Marke der Ganz Einfach GmbH. Sei bestens ger\u00fcstet f\u00fcr die n\u00e4chste Gamingsession. Ganz egal, ob Shooter, MMORPGs oder RTS-Games &#8211; mit den Produkten von Titanwolf bist du immer der MVP.<\/p>\n","protected":false},"featured_media":58524,"comment_status":"open","ping_status":"closed","template":"","meta":[],"product_brand":[],"product_cat":[504,8284],"product_tag":[],"class_list":{"0":"post-58516","1":"product","2":"type-product","3":"status-publish","4":"has-post-thumbnail","6":"product_cat-buerobedarf-schreibwaren","7":"product_cat-bueromaterial","8":"pa_farbe-lava","9":"pa_farbe-schwarz","10":"pa_farbe-schwarz-2","11":"pa_farbe-weltkarte-deutsch","12":"pa_farbe-weltkarte-englisch","13":"pa_farbe-wolf","14":"pa_farbe-wolf-2","16":"first","17":"instock","18":"shipping-taxable","19":"purchasable","20":"product-type-variable","21":"customify-col","22":"product-has-gallery"},"yoast_head":"<!-- This site is optimized with the Yoast SEO plugin v27.4 - https:\/\/yoast.com\/product\/yoast-seo-wordpress\/ -->\n<title>Titanwolf - XXXL \u00dcbergr\u00f6\u00dfe Mauspad 1500x800mm - XXXL Gro\u00dfformat - Schreibtischauflage - gummierte R\u00fcckseite - rutschfest\u2026 - Markt-XXL<\/title>\n<meta name=\"description\" content=\"Markt-XXL Titanwolf - XXXL \u00dcbergr\u00f6\u00dfe Mauspad 1500x800mm - XXXL Gro\u00dfformat - Schreibtischauflage - gummierte R\u00fcckseite - rutschfest\u2026\" \/>\n<meta name=\"robots\" content=\"index, follow, max-snippet:-1, max-image-preview:large, max-video-preview:-1\" \/>\n<link rel=\"canonical\" href=\"https:\/\/marktxxl.de\/markt\/produkt\/titanwolf-mauspads-xxxl-1200x600\/\" \/>\n<meta property=\"og:locale\" content=\"de_DE\" \/>\n<meta property=\"og:type\" content=\"article\" \/>\n<meta property=\"og:title\" content=\"Titanwolf - XXXL \u00dcbergr\u00f6\u00dfe Mauspad 1500x800mm - XXXL Gro\u00dfformat - Schreibtischauflage - gummierte R\u00fcckseite - rutschfest\u2026 - Markt-XXL\" \/>\n<meta property=\"og:description\" content=\"Markt-XXL Titanwolf - XXXL \u00dcbergr\u00f6\u00dfe Mauspad 1500x800mm - XXXL Gro\u00dfformat - Schreibtischauflage - gummierte R\u00fcckseite - rutschfest\u2026\" \/>\n<meta property=\"og:url\" content=\"https:\/\/marktxxl.de\/markt\/produkt\/titanwolf-mauspads-xxxl-1200x600\/\" \/>\n<meta property=\"og:site_name\" content=\"Markt-XXL\" \/>\n<meta property=\"article:modified_time\" content=\"2023-04-11T00:25:20+00:00\" \/>\n<meta property=\"og:image\" content=\"https:\/\/m.media-amazon.com\/images\/I\/51aeTfXT58L._SL500_.jpg\" \/>\n\t<meta property=\"og:image:width\" content=\"500\" \/>\n\t<meta property=\"og:image:height\" content=\"500\" \/>\n\t<meta property=\"og:image:type\" content=\"image\/jpeg\" \/>\n<meta name=\"twitter:card\" content=\"summary_large_image\" \/>\n<meta name=\"twitter:label1\" content=\"Gesch\u00e4tzte Lesezeit\" \/>\n\t<meta name=\"twitter:data1\" content=\"1\u00a0Minute\" \/>\n<script type=\"application\/ld+json\" class=\"yoast-schema-graph\">{\"@context\":\"https:\\\/\\\/schema.org\",\"@graph\":[{\"@type\":\"WebPage\",\"@id\":\"https:\\\/\\\/marktxxl.de\\\/markt\\\/produkt\\\/titanwolf-mauspads-xxxl-1200x600\\\/\",\"url\":\"https:\\\/\\\/marktxxl.de\\\/markt\\\/produkt\\\/titanwolf-mauspads-xxxl-1200x600\\\/\",\"name\":\"Titanwolf - XXXL \u00dcbergr\u00f6\u00dfe Mauspad 1500x800mm - XXXL Gro\u00dfformat - Schreibtischauflage - gummierte R\u00fcckseite - rutschfest\u2026 - Markt-XXL\",\"isPartOf\":{\"@id\":\"https:\\\/\\\/marktxxl.de\\\/markt\\\/#website\"},\"primaryImageOfPage\":{\"@id\":\"https:\\\/\\\/marktxxl.de\\\/markt\\\/produkt\\\/titanwolf-mauspads-xxxl-1200x600\\\/#primaryimage\"},\"image\":{\"@id\":\"https:\\\/\\\/marktxxl.de\\\/markt\\\/produkt\\\/titanwolf-mauspads-xxxl-1200x600\\\/#primaryimage\"},\"thumbnailUrl\":\"https:\\\/\\\/m.media-amazon.com\\\/images\\\/I\\\/51aeTfXT58L._SL500_.jpg\",\"datePublished\":\"2021-10-26T13:20:34+00:00\",\"dateModified\":\"2023-04-11T00:25:20+00:00\",\"description\":\"Markt-XXL Titanwolf - XXXL \u00dcbergr\u00f6\u00dfe Mauspad 1500x800mm - XXXL Gro\u00dfformat - Schreibtischauflage - gummierte R\u00fcckseite - rutschfest\u2026\",\"breadcrumb\":{\"@id\":\"https:\\\/\\\/marktxxl.de\\\/markt\\\/produkt\\\/titanwolf-mauspads-xxxl-1200x600\\\/#breadcrumb\"},\"inLanguage\":\"de\",\"potentialAction\":[{\"@type\":\"ReadAction\",\"target\":[\"https:\\\/\\\/marktxxl.de\\\/markt\\\/produkt\\\/titanwolf-mauspads-xxxl-1200x600\\\/\"]}]},{\"@type\":\"ImageObject\",\"inLanguage\":\"de\",\"@id\":\"https:\\\/\\\/marktxxl.de\\\/markt\\\/produkt\\\/titanwolf-mauspads-xxxl-1200x600\\\/#primaryimage\",\"url\":\"https:\\\/\\\/m.media-amazon.com\\\/images\\\/I\\\/51aeTfXT58L._SL500_.jpg\",\"contentUrl\":\"https:\\\/\\\/m.media-amazon.com\\\/images\\\/I\\\/51aeTfXT58L._SL500_.jpg\",\"width\":500,\"height\":500},{\"@type\":\"BreadcrumbList\",\"@id\":\"https:\\\/\\\/marktxxl.de\\\/markt\\\/produkt\\\/titanwolf-mauspads-xxxl-1200x600\\\/#breadcrumb\",\"itemListElement\":[{\"@type\":\"ListItem\",\"position\":1,\"name\":\"Startseite\",\"item\":\"https:\\\/\\\/marktxxl.de\\\/markt\\\/\"},{\"@type\":\"ListItem\",\"position\":2,\"name\":\"Markt\",\"item\":\"https:\\\/\\\/marktxxl.de\\\/markt\\\/\"},{\"@type\":\"ListItem\",\"position\":3,\"name\":\"Titanwolf &#8211; XXXL \u00dcbergr\u00f6\u00dfe Mauspad 1500x800mm &#8211; XXXL Gro\u00dfformat &#8211; Schreibtischauflage &#8211; gummierte R\u00fcckseite &#8211; rutschfest\u2026\"}]},{\"@type\":\"WebSite\",\"@id\":\"https:\\\/\\\/marktxxl.de\\\/markt\\\/#website\",\"url\":\"https:\\\/\\\/marktxxl.de\\\/markt\\\/\",\"name\":\"Markt-XXL\",\"description\":\"Ihr Markt Online\",\"publisher\":{\"@id\":\"https:\\\/\\\/marktxxl.de\\\/markt\\\/#organization\"},\"potentialAction\":[{\"@type\":\"SearchAction\",\"target\":{\"@type\":\"EntryPoint\",\"urlTemplate\":\"https:\\\/\\\/marktxxl.de\\\/markt\\\/?s={search_term_string}\"},\"query-input\":{\"@type\":\"PropertyValueSpecification\",\"valueRequired\":true,\"valueName\":\"search_term_string\"}}],\"inLanguage\":\"de\"},{\"@type\":\"Organization\",\"@id\":\"https:\\\/\\\/marktxxl.de\\\/markt\\\/#organization\",\"name\":\"Markt-XXL\",\"url\":\"https:\\\/\\\/marktxxl.de\\\/markt\\\/\",\"logo\":{\"@type\":\"ImageObject\",\"inLanguage\":\"de\",\"@id\":\"https:\\\/\\\/marktxxl.de\\\/markt\\\/#\\\/schema\\\/logo\\\/image\\\/\",\"url\":\"https:\\\/\\\/marktxxl.de\\\/markt\\\/wp-content\\\/uploads\\\/sites\\\/3\\\/2020\\\/12\\\/logo.png\",\"contentUrl\":\"https:\\\/\\\/marktxxl.de\\\/markt\\\/wp-content\\\/uploads\\\/sites\\\/3\\\/2020\\\/12\\\/logo.png\",\"width\":200,\"height\":70,\"caption\":\"Markt-XXL\"},\"image\":{\"@id\":\"https:\\\/\\\/marktxxl.de\\\/markt\\\/#\\\/schema\\\/logo\\\/image\\\/\"}}]}<\/script>\n<!-- \/ Yoast SEO plugin. -->","yoast_head_json":{"title":"Titanwolf - XXXL \u00dcbergr\u00f6\u00dfe Mauspad 1500x800mm - XXXL Gro\u00dfformat - Schreibtischauflage - gummierte R\u00fcckseite - rutschfest\u2026 - Markt-XXL","description":"Markt-XXL Titanwolf - XXXL \u00dcbergr\u00f6\u00dfe Mauspad 1500x800mm - XXXL Gro\u00dfformat - Schreibtischauflage - gummierte R\u00fcckseite - rutschfest\u2026","robots":{"index":"index","follow":"follow","max-snippet":"max-snippet:-1","max-image-preview":"max-image-preview:large","max-video-preview":"max-video-preview:-1"},"canonical":"https:\/\/marktxxl.de\/markt\/produkt\/titanwolf-mauspads-xxxl-1200x600\/","og_locale":"de_DE","og_type":"article","og_title":"Titanwolf - XXXL \u00dcbergr\u00f6\u00dfe Mauspad 1500x800mm - XXXL Gro\u00dfformat - Schreibtischauflage - gummierte R\u00fcckseite - rutschfest\u2026 - Markt-XXL","og_description":"Markt-XXL Titanwolf - XXXL \u00dcbergr\u00f6\u00dfe Mauspad 1500x800mm - XXXL Gro\u00dfformat - Schreibtischauflage - gummierte R\u00fcckseite - rutschfest\u2026","og_url":"https:\/\/marktxxl.de\/markt\/produkt\/titanwolf-mauspads-xxxl-1200x600\/","og_site_name":"Markt-XXL","article_modified_time":"2023-04-11T00:25:20+00:00","og_image":[{"width":500,"height":500,"url":"https:\/\/m.media-amazon.com\/images\/I\/51aeTfXT58L._SL500_.jpg","type":"image\/jpeg"}],"twitter_card":"summary_large_image","twitter_misc":{"Gesch\u00e4tzte Lesezeit":"1\u00a0Minute"},"schema":{"@context":"https:\/\/schema.org","@graph":[{"@type":"WebPage","@id":"https:\/\/marktxxl.de\/markt\/produkt\/titanwolf-mauspads-xxxl-1200x600\/","url":"https:\/\/marktxxl.de\/markt\/produkt\/titanwolf-mauspads-xxxl-1200x600\/","name":"Titanwolf - XXXL \u00dcbergr\u00f6\u00dfe Mauspad 1500x800mm - XXXL Gro\u00dfformat - Schreibtischauflage - gummierte R\u00fcckseite - rutschfest\u2026 - Markt-XXL","isPartOf":{"@id":"https:\/\/marktxxl.de\/markt\/#website"},"primaryImageOfPage":{"@id":"https:\/\/marktxxl.de\/markt\/produkt\/titanwolf-mauspads-xxxl-1200x600\/#primaryimage"},"image":{"@id":"https:\/\/marktxxl.de\/markt\/produkt\/titanwolf-mauspads-xxxl-1200x600\/#primaryimage"},"thumbnailUrl":"https:\/\/m.media-amazon.com\/images\/I\/51aeTfXT58L._SL500_.jpg","datePublished":"2021-10-26T13:20:34+00:00","dateModified":"2023-04-11T00:25:20+00:00","description":"Markt-XXL Titanwolf - XXXL \u00dcbergr\u00f6\u00dfe Mauspad 1500x800mm - XXXL Gro\u00dfformat - Schreibtischauflage - gummierte R\u00fcckseite - rutschfest\u2026","breadcrumb":{"@id":"https:\/\/marktxxl.de\/markt\/produkt\/titanwolf-mauspads-xxxl-1200x600\/#breadcrumb"},"inLanguage":"de","potentialAction":[{"@type":"ReadAction","target":["https:\/\/marktxxl.de\/markt\/produkt\/titanwolf-mauspads-xxxl-1200x600\/"]}]},{"@type":"ImageObject","inLanguage":"de","@id":"https:\/\/marktxxl.de\/markt\/produkt\/titanwolf-mauspads-xxxl-1200x600\/#primaryimage","url":"https:\/\/m.media-amazon.com\/images\/I\/51aeTfXT58L._SL500_.jpg","contentUrl":"https:\/\/m.media-amazon.com\/images\/I\/51aeTfXT58L._SL500_.jpg","width":500,"height":500},{"@type":"BreadcrumbList","@id":"https:\/\/marktxxl.de\/markt\/produkt\/titanwolf-mauspads-xxxl-1200x600\/#breadcrumb","itemListElement":[{"@type":"ListItem","position":1,"name":"Startseite","item":"https:\/\/marktxxl.de\/markt\/"},{"@type":"ListItem","position":2,"name":"Markt","item":"https:\/\/marktxxl.de\/markt\/"},{"@type":"ListItem","position":3,"name":"Titanwolf &#8211; XXXL \u00dcbergr\u00f6\u00dfe Mauspad 1500x800mm &#8211; XXXL Gro\u00dfformat &#8211; Schreibtischauflage &#8211; gummierte R\u00fcckseite &#8211; rutschfest\u2026"}]},{"@type":"WebSite","@id":"https:\/\/marktxxl.de\/markt\/#website","url":"https:\/\/marktxxl.de\/markt\/","name":"Markt-XXL","description":"Ihr Markt Online","publisher":{"@id":"https:\/\/marktxxl.de\/markt\/#organization"},"potentialAction":[{"@type":"SearchAction","target":{"@type":"EntryPoint","urlTemplate":"https:\/\/marktxxl.de\/markt\/?s={search_term_string}"},"query-input":{"@type":"PropertyValueSpecification","valueRequired":true,"valueName":"search_term_string"}}],"inLanguage":"de"},{"@type":"Organization","@id":"https:\/\/marktxxl.de\/markt\/#organization","name":"Markt-XXL","url":"https:\/\/marktxxl.de\/markt\/","logo":{"@type":"ImageObject","inLanguage":"de","@id":"https:\/\/marktxxl.de\/markt\/#\/schema\/logo\/image\/","url":"https:\/\/marktxxl.de\/markt\/wp-content\/uploads\/sites\/3\/2020\/12\/logo.png","contentUrl":"https:\/\/marktxxl.de\/markt\/wp-content\/uploads\/sites\/3\/2020\/12\/logo.png","width":200,"height":70,"caption":"Markt-XXL"},"image":{"@id":"https:\/\/marktxxl.de\/markt\/#\/schema\/logo\/image\/"}}]}},"_links":{"self":[{"href":"https:\/\/marktxxl.de\/markt\/wp-json\/wp\/v2\/product\/58516","targetHints":{"allow":["GET"]}}],"collection":[{"href":"https:\/\/marktxxl.de\/markt\/wp-json\/wp\/v2\/product"}],"about":[{"href":"https:\/\/marktxxl.de\/markt\/wp-json\/wp\/v2\/types\/product"}],"replies":[{"embeddable":true,"href":"https:\/\/marktxxl.de\/markt\/wp-json\/wp\/v2\/comments?post=58516"}],"wp:featuredmedia":[{"embeddable":true,"href":"https:\/\/marktxxl.de\/markt\/wp-json\/wp\/v2\/media\/58524"}],"wp:attachment":[{"href":"https:\/\/marktxxl.de\/markt\/wp-json\/wp\/v2\/media?parent=58516"}],"wp:term":[{"taxonomy":"product_brand","embeddable":true,"href":"https:\/\/marktxxl.de\/markt\/wp-json\/wp\/v2\/product_brand?post=58516"},{"taxonomy":"product_cat","embeddable":true,"href":"https:\/\/marktxxl.de\/markt\/wp-json\/wp\/v2\/product_cat?post=58516"},{"taxonomy":"product_tag","embeddable":true,"href":"https:\/\/marktxxl.de\/markt\/wp-json\/wp\/v2\/product_tag?post=58516"}],"curies":[{"name":"wp","href":"https:\/\/api.w.org\/{rel}","templated":true}]}}