{"id":58473,"date":"2021-10-26T15:16:13","date_gmt":"2021-10-26T13:16:13","guid":{"rendered":"https:\/\/marktxxl.de\/markt\/produkt\/ansio-rotierende-selbstheilende-schneidematte-basteln-quilten-naehen-scrapbooking-stoffen-und-papieren-imperial-13-zoll-x-13-zoll-gruen\/"},"modified":"2023-04-11T02:25:20","modified_gmt":"2023-04-11T00:25:20","slug":"ansio-rotierende-selbstheilende-schneidematte-basteln-quilten-naehen-scrapbooking-stoffen-und-papieren-imperial-13-zoll-x-13-zoll-gruen","status":"publish","type":"product","link":"https:\/\/marktxxl.de\/markt\/produkt\/ansio-rotierende-selbstheilende-schneidematte-basteln-quilten-naehen-scrapbooking-stoffen-und-papieren-imperial-13-zoll-x-13-zoll-gruen\/","title":{"rendered":"ANSIO Rotierende Selbstheilende Schneidematte &#8211; Basteln, Quilten, N\u00e4hen, Scrapbooking, Stoffen und Papieren &#8211; Imperial\u2026"},"content":{"rendered":"<p>Langlebige, selbstheilende, rotierende Schneidematte in der Gr\u00f6\u00dfe 13 x 13 Zoll in attraktiver Gr\u00fcne Farbe mit zus\u00e4tzlichem Griff f\u00fcr rutschfesten Halt<br \/>\nEinseitige imperiale Markierungen in Zoll mit Richtlinien f\u00fcr Winkel, Diagonalen und Kreise mit Radien von 2,4 und 6 Zoll.<br \/>\nKlare Gitterlinien mit Markierungen f\u00fcr 5 Zoll, 1 Zoll, \u00bd Zoll und 1\/8 Zoll<br \/>\nHochgenaue Klasse-I-Messungen f\u00fcr professionelle Ergebnisse. Alle vier Seiten der Matte sind markiert. Hinweis: Diese Matte kann nicht zum Schneiden von Papier oder anderen Materialien mit Messern verwendet werden. Es kann nur mit einem Rollschneider verwendet werden<br \/>\nUmweltfreundlich. Vollst\u00e4ndig recycelbar. Perfekt zum Quilten, Schneiden, N\u00e4hen und f\u00fcr verschiedene andere Bastelaktivit\u00e4ten<br \/>\n<div class=\"main-cross-sell\" data-asin=\"B0795PWDH8\">\n\n\t<div class=\"WooZone-cross-sell-loader\">\n\t\t<div>\n\t\t\t<div id=\"floatingBarsG\">\n\t\t\t\t<div class=\"blockG\" id=\"rotateG_01\"><\/div>\n\t\t\t\t<div class=\"blockG\" id=\"rotateG_02\"><\/div>\n\t\t\t\t<div class=\"blockG\" id=\"rotateG_03\"><\/div>\n\t\t\t\t<div class=\"blockG\" id=\"rotateG_04\"><\/div>\n\t\t\t\t<div class=\"blockG\" id=\"rotateG_05\"><\/div>\n\t\t\t\t<div class=\"blockG\" id=\"rotateG_06\"><\/div>\n\t\t\t\t<div class=\"blockG\" id=\"rotateG_07\"><\/div>\n\t\t\t\t<div class=\"blockG\" id=\"rotateG_08\"><\/div>\n\t\t\t<\/div>\n\t\t\t<div class=\"WooZone-cross-sell-loader-text\"><\/div>\n\t\t<\/div>\n\t<\/div>\n\n\t\t\n<\/div>\n<div style=\"clear:both;\"><\/div><\/p>\n","protected":false},"excerpt":{"rendered":"<p>Langlebige, selbstheilende, rotierende Schneidematte in der Gr\u00f6\u00dfe 13 x 13 Zoll in attraktiver Gr\u00fcne Farbe mit zus\u00e4tzlichem Griff f\u00fcr rutschfesten Halt<br \/>\nEinseitige imperiale Markierungen in Zoll mit Richtlinien f\u00fcr Winkel, Diagonalen und Kreise mit Radien von 2,4 und 6 Zoll.<br \/>\nKlare Gitterlinien mit Markierungen f\u00fcr 5 Zoll, 1 Zoll, \u00bd Zoll und 1\/8 Zoll<\/p>\n","protected":false},"featured_media":58474,"comment_status":"open","ping_status":"closed","template":"","meta":[],"product_brand":[],"product_cat":[504,8284],"product_tag":[],"class_list":{"0":"post-58473","1":"product","2":"type-product","3":"status-publish","4":"has-post-thumbnail","6":"product_cat-buerobedarf-schreibwaren","7":"product_cat-bueromaterial","8":"pa_binding-buerobedarf-schreibwaren","9":"pa_brand-ansio","10":"pa_color-gruen","11":"pa_height-0-5118110231-zoll","12":"pa_length-13-779527545-zoll","13":"pa_manufacturer-ansio","14":"pa_model-abcd","15":"pa_weight-1-4109584768-pfund","16":"pa_width-13-779527545-zoll","18":"first","19":"instock","20":"shipping-taxable","21":"purchasable","22":"product-type-simple","23":"customify-col","24":"product-has-gallery"},"yoast_head":"<!-- This site is optimized with the Yoast SEO plugin v27.4 - https:\/\/yoast.com\/product\/yoast-seo-wordpress\/ -->\n<title>ANSIO Rotierende Selbstheilende Schneidematte - Basteln, Quilten, N\u00e4hen, Scrapbooking, Stoffen und Papieren - Imperial\u2026 - Markt-XXL<\/title>\n<meta name=\"description\" content=\"Markt-XXL ANSIO Rotierende Selbstheilende Schneidematte - Basteln, Quilten, N\u00e4hen, Scrapbooking, Stoffen und Papieren - Imperial\u2026\" \/>\n<meta name=\"robots\" content=\"index, follow, max-snippet:-1, max-image-preview:large, max-video-preview:-1\" \/>\n<link rel=\"canonical\" href=\"https:\/\/marktxxl.de\/markt\/produkt\/ansio-rotierende-selbstheilende-schneidematte-basteln-quilten-naehen-scrapbooking-stoffen-und-papieren-imperial-13-zoll-x-13-zoll-gruen\/\" \/>\n<meta property=\"og:locale\" content=\"de_DE\" \/>\n<meta property=\"og:type\" content=\"article\" \/>\n<meta property=\"og:title\" content=\"ANSIO Rotierende Selbstheilende Schneidematte - Basteln, Quilten, N\u00e4hen, Scrapbooking, Stoffen und Papieren - Imperial\u2026 - Markt-XXL\" \/>\n<meta property=\"og:description\" content=\"Markt-XXL ANSIO Rotierende Selbstheilende Schneidematte - Basteln, Quilten, N\u00e4hen, Scrapbooking, Stoffen und Papieren - Imperial\u2026\" \/>\n<meta property=\"og:url\" content=\"https:\/\/marktxxl.de\/markt\/produkt\/ansio-rotierende-selbstheilende-schneidematte-basteln-quilten-naehen-scrapbooking-stoffen-und-papieren-imperial-13-zoll-x-13-zoll-gruen\/\" \/>\n<meta property=\"og:site_name\" content=\"Markt-XXL\" \/>\n<meta property=\"article:modified_time\" content=\"2023-04-11T00:25:20+00:00\" \/>\n<meta property=\"og:image\" content=\"https:\/\/m.media-amazon.com\/images\/I\/512YdWISOYL._SL500_.jpg\" \/>\n\t<meta property=\"og:image:width\" content=\"500\" \/>\n\t<meta property=\"og:image:height\" content=\"500\" \/>\n\t<meta property=\"og:image:type\" content=\"image\/jpeg\" \/>\n<meta name=\"twitter:card\" content=\"summary_large_image\" \/>\n<meta name=\"twitter:label1\" content=\"Gesch\u00e4tzte Lesezeit\" \/>\n\t<meta name=\"twitter:data1\" content=\"1\u00a0Minute\" \/>\n<script type=\"application\/ld+json\" class=\"yoast-schema-graph\">{\"@context\":\"https:\\\/\\\/schema.org\",\"@graph\":[{\"@type\":\"WebPage\",\"@id\":\"https:\\\/\\\/marktxxl.de\\\/markt\\\/produkt\\\/ansio-rotierende-selbstheilende-schneidematte-basteln-quilten-naehen-scrapbooking-stoffen-und-papieren-imperial-13-zoll-x-13-zoll-gruen\\\/\",\"url\":\"https:\\\/\\\/marktxxl.de\\\/markt\\\/produkt\\\/ansio-rotierende-selbstheilende-schneidematte-basteln-quilten-naehen-scrapbooking-stoffen-und-papieren-imperial-13-zoll-x-13-zoll-gruen\\\/\",\"name\":\"ANSIO Rotierende Selbstheilende Schneidematte - Basteln, Quilten, N\u00e4hen, Scrapbooking, Stoffen und Papieren - Imperial\u2026 - Markt-XXL\",\"isPartOf\":{\"@id\":\"https:\\\/\\\/marktxxl.de\\\/markt\\\/#website\"},\"primaryImageOfPage\":{\"@id\":\"https:\\\/\\\/marktxxl.de\\\/markt\\\/produkt\\\/ansio-rotierende-selbstheilende-schneidematte-basteln-quilten-naehen-scrapbooking-stoffen-und-papieren-imperial-13-zoll-x-13-zoll-gruen\\\/#primaryimage\"},\"image\":{\"@id\":\"https:\\\/\\\/marktxxl.de\\\/markt\\\/produkt\\\/ansio-rotierende-selbstheilende-schneidematte-basteln-quilten-naehen-scrapbooking-stoffen-und-papieren-imperial-13-zoll-x-13-zoll-gruen\\\/#primaryimage\"},\"thumbnailUrl\":\"https:\\\/\\\/m.media-amazon.com\\\/images\\\/I\\\/512YdWISOYL._SL500_.jpg\",\"datePublished\":\"2021-10-26T13:16:13+00:00\",\"dateModified\":\"2023-04-11T00:25:20+00:00\",\"description\":\"Markt-XXL ANSIO Rotierende Selbstheilende Schneidematte - Basteln, Quilten, N\u00e4hen, Scrapbooking, Stoffen und Papieren - Imperial\u2026\",\"breadcrumb\":{\"@id\":\"https:\\\/\\\/marktxxl.de\\\/markt\\\/produkt\\\/ansio-rotierende-selbstheilende-schneidematte-basteln-quilten-naehen-scrapbooking-stoffen-und-papieren-imperial-13-zoll-x-13-zoll-gruen\\\/#breadcrumb\"},\"inLanguage\":\"de\",\"potentialAction\":[{\"@type\":\"ReadAction\",\"target\":[\"https:\\\/\\\/marktxxl.de\\\/markt\\\/produkt\\\/ansio-rotierende-selbstheilende-schneidematte-basteln-quilten-naehen-scrapbooking-stoffen-und-papieren-imperial-13-zoll-x-13-zoll-gruen\\\/\"]}]},{\"@type\":\"ImageObject\",\"inLanguage\":\"de\",\"@id\":\"https:\\\/\\\/marktxxl.de\\\/markt\\\/produkt\\\/ansio-rotierende-selbstheilende-schneidematte-basteln-quilten-naehen-scrapbooking-stoffen-und-papieren-imperial-13-zoll-x-13-zoll-gruen\\\/#primaryimage\",\"url\":\"https:\\\/\\\/m.media-amazon.com\\\/images\\\/I\\\/512YdWISOYL._SL500_.jpg\",\"contentUrl\":\"https:\\\/\\\/m.media-amazon.com\\\/images\\\/I\\\/512YdWISOYL._SL500_.jpg\",\"width\":500,\"height\":500},{\"@type\":\"BreadcrumbList\",\"@id\":\"https:\\\/\\\/marktxxl.de\\\/markt\\\/produkt\\\/ansio-rotierende-selbstheilende-schneidematte-basteln-quilten-naehen-scrapbooking-stoffen-und-papieren-imperial-13-zoll-x-13-zoll-gruen\\\/#breadcrumb\",\"itemListElement\":[{\"@type\":\"ListItem\",\"position\":1,\"name\":\"Startseite\",\"item\":\"https:\\\/\\\/marktxxl.de\\\/markt\\\/\"},{\"@type\":\"ListItem\",\"position\":2,\"name\":\"Markt\",\"item\":\"https:\\\/\\\/marktxxl.de\\\/markt\\\/\"},{\"@type\":\"ListItem\",\"position\":3,\"name\":\"ANSIO Rotierende Selbstheilende Schneidematte &#8211; Basteln, Quilten, N\u00e4hen, Scrapbooking, Stoffen und Papieren &#8211; Imperial\u2026\"}]},{\"@type\":\"WebSite\",\"@id\":\"https:\\\/\\\/marktxxl.de\\\/markt\\\/#website\",\"url\":\"https:\\\/\\\/marktxxl.de\\\/markt\\\/\",\"name\":\"Markt-XXL\",\"description\":\"Ihr Markt Online\",\"publisher\":{\"@id\":\"https:\\\/\\\/marktxxl.de\\\/markt\\\/#organization\"},\"potentialAction\":[{\"@type\":\"SearchAction\",\"target\":{\"@type\":\"EntryPoint\",\"urlTemplate\":\"https:\\\/\\\/marktxxl.de\\\/markt\\\/?s={search_term_string}\"},\"query-input\":{\"@type\":\"PropertyValueSpecification\",\"valueRequired\":true,\"valueName\":\"search_term_string\"}}],\"inLanguage\":\"de\"},{\"@type\":\"Organization\",\"@id\":\"https:\\\/\\\/marktxxl.de\\\/markt\\\/#organization\",\"name\":\"Markt-XXL\",\"url\":\"https:\\\/\\\/marktxxl.de\\\/markt\\\/\",\"logo\":{\"@type\":\"ImageObject\",\"inLanguage\":\"de\",\"@id\":\"https:\\\/\\\/marktxxl.de\\\/markt\\\/#\\\/schema\\\/logo\\\/image\\\/\",\"url\":\"https:\\\/\\\/marktxxl.de\\\/markt\\\/wp-content\\\/uploads\\\/sites\\\/3\\\/2020\\\/12\\\/logo.png\",\"contentUrl\":\"https:\\\/\\\/marktxxl.de\\\/markt\\\/wp-content\\\/uploads\\\/sites\\\/3\\\/2020\\\/12\\\/logo.png\",\"width\":200,\"height\":70,\"caption\":\"Markt-XXL\"},\"image\":{\"@id\":\"https:\\\/\\\/marktxxl.de\\\/markt\\\/#\\\/schema\\\/logo\\\/image\\\/\"}}]}<\/script>\n<!-- \/ Yoast SEO plugin. -->","yoast_head_json":{"title":"ANSIO Rotierende Selbstheilende Schneidematte - Basteln, Quilten, N\u00e4hen, Scrapbooking, Stoffen und Papieren - Imperial\u2026 - Markt-XXL","description":"Markt-XXL ANSIO Rotierende Selbstheilende Schneidematte - Basteln, Quilten, N\u00e4hen, Scrapbooking, Stoffen und Papieren - Imperial\u2026","robots":{"index":"index","follow":"follow","max-snippet":"max-snippet:-1","max-image-preview":"max-image-preview:large","max-video-preview":"max-video-preview:-1"},"canonical":"https:\/\/marktxxl.de\/markt\/produkt\/ansio-rotierende-selbstheilende-schneidematte-basteln-quilten-naehen-scrapbooking-stoffen-und-papieren-imperial-13-zoll-x-13-zoll-gruen\/","og_locale":"de_DE","og_type":"article","og_title":"ANSIO Rotierende Selbstheilende Schneidematte - Basteln, Quilten, N\u00e4hen, Scrapbooking, Stoffen und Papieren - Imperial\u2026 - Markt-XXL","og_description":"Markt-XXL ANSIO Rotierende Selbstheilende Schneidematte - Basteln, Quilten, N\u00e4hen, Scrapbooking, Stoffen und Papieren - Imperial\u2026","og_url":"https:\/\/marktxxl.de\/markt\/produkt\/ansio-rotierende-selbstheilende-schneidematte-basteln-quilten-naehen-scrapbooking-stoffen-und-papieren-imperial-13-zoll-x-13-zoll-gruen\/","og_site_name":"Markt-XXL","article_modified_time":"2023-04-11T00:25:20+00:00","og_image":[{"width":500,"height":500,"url":"https:\/\/m.media-amazon.com\/images\/I\/512YdWISOYL._SL500_.jpg","type":"image\/jpeg"}],"twitter_card":"summary_large_image","twitter_misc":{"Gesch\u00e4tzte Lesezeit":"1\u00a0Minute"},"schema":{"@context":"https:\/\/schema.org","@graph":[{"@type":"WebPage","@id":"https:\/\/marktxxl.de\/markt\/produkt\/ansio-rotierende-selbstheilende-schneidematte-basteln-quilten-naehen-scrapbooking-stoffen-und-papieren-imperial-13-zoll-x-13-zoll-gruen\/","url":"https:\/\/marktxxl.de\/markt\/produkt\/ansio-rotierende-selbstheilende-schneidematte-basteln-quilten-naehen-scrapbooking-stoffen-und-papieren-imperial-13-zoll-x-13-zoll-gruen\/","name":"ANSIO Rotierende Selbstheilende Schneidematte - Basteln, Quilten, N\u00e4hen, Scrapbooking, Stoffen und Papieren - Imperial\u2026 - Markt-XXL","isPartOf":{"@id":"https:\/\/marktxxl.de\/markt\/#website"},"primaryImageOfPage":{"@id":"https:\/\/marktxxl.de\/markt\/produkt\/ansio-rotierende-selbstheilende-schneidematte-basteln-quilten-naehen-scrapbooking-stoffen-und-papieren-imperial-13-zoll-x-13-zoll-gruen\/#primaryimage"},"image":{"@id":"https:\/\/marktxxl.de\/markt\/produkt\/ansio-rotierende-selbstheilende-schneidematte-basteln-quilten-naehen-scrapbooking-stoffen-und-papieren-imperial-13-zoll-x-13-zoll-gruen\/#primaryimage"},"thumbnailUrl":"https:\/\/m.media-amazon.com\/images\/I\/512YdWISOYL._SL500_.jpg","datePublished":"2021-10-26T13:16:13+00:00","dateModified":"2023-04-11T00:25:20+00:00","description":"Markt-XXL ANSIO Rotierende Selbstheilende Schneidematte - Basteln, Quilten, N\u00e4hen, Scrapbooking, Stoffen und Papieren - Imperial\u2026","breadcrumb":{"@id":"https:\/\/marktxxl.de\/markt\/produkt\/ansio-rotierende-selbstheilende-schneidematte-basteln-quilten-naehen-scrapbooking-stoffen-und-papieren-imperial-13-zoll-x-13-zoll-gruen\/#breadcrumb"},"inLanguage":"de","potentialAction":[{"@type":"ReadAction","target":["https:\/\/marktxxl.de\/markt\/produkt\/ansio-rotierende-selbstheilende-schneidematte-basteln-quilten-naehen-scrapbooking-stoffen-und-papieren-imperial-13-zoll-x-13-zoll-gruen\/"]}]},{"@type":"ImageObject","inLanguage":"de","@id":"https:\/\/marktxxl.de\/markt\/produkt\/ansio-rotierende-selbstheilende-schneidematte-basteln-quilten-naehen-scrapbooking-stoffen-und-papieren-imperial-13-zoll-x-13-zoll-gruen\/#primaryimage","url":"https:\/\/m.media-amazon.com\/images\/I\/512YdWISOYL._SL500_.jpg","contentUrl":"https:\/\/m.media-amazon.com\/images\/I\/512YdWISOYL._SL500_.jpg","width":500,"height":500},{"@type":"BreadcrumbList","@id":"https:\/\/marktxxl.de\/markt\/produkt\/ansio-rotierende-selbstheilende-schneidematte-basteln-quilten-naehen-scrapbooking-stoffen-und-papieren-imperial-13-zoll-x-13-zoll-gruen\/#breadcrumb","itemListElement":[{"@type":"ListItem","position":1,"name":"Startseite","item":"https:\/\/marktxxl.de\/markt\/"},{"@type":"ListItem","position":2,"name":"Markt","item":"https:\/\/marktxxl.de\/markt\/"},{"@type":"ListItem","position":3,"name":"ANSIO Rotierende Selbstheilende Schneidematte &#8211; Basteln, Quilten, N\u00e4hen, Scrapbooking, Stoffen und Papieren &#8211; Imperial\u2026"}]},{"@type":"WebSite","@id":"https:\/\/marktxxl.de\/markt\/#website","url":"https:\/\/marktxxl.de\/markt\/","name":"Markt-XXL","description":"Ihr Markt Online","publisher":{"@id":"https:\/\/marktxxl.de\/markt\/#organization"},"potentialAction":[{"@type":"SearchAction","target":{"@type":"EntryPoint","urlTemplate":"https:\/\/marktxxl.de\/markt\/?s={search_term_string}"},"query-input":{"@type":"PropertyValueSpecification","valueRequired":true,"valueName":"search_term_string"}}],"inLanguage":"de"},{"@type":"Organization","@id":"https:\/\/marktxxl.de\/markt\/#organization","name":"Markt-XXL","url":"https:\/\/marktxxl.de\/markt\/","logo":{"@type":"ImageObject","inLanguage":"de","@id":"https:\/\/marktxxl.de\/markt\/#\/schema\/logo\/image\/","url":"https:\/\/marktxxl.de\/markt\/wp-content\/uploads\/sites\/3\/2020\/12\/logo.png","contentUrl":"https:\/\/marktxxl.de\/markt\/wp-content\/uploads\/sites\/3\/2020\/12\/logo.png","width":200,"height":70,"caption":"Markt-XXL"},"image":{"@id":"https:\/\/marktxxl.de\/markt\/#\/schema\/logo\/image\/"}}]}},"_links":{"self":[{"href":"https:\/\/marktxxl.de\/markt\/wp-json\/wp\/v2\/product\/58473","targetHints":{"allow":["GET"]}}],"collection":[{"href":"https:\/\/marktxxl.de\/markt\/wp-json\/wp\/v2\/product"}],"about":[{"href":"https:\/\/marktxxl.de\/markt\/wp-json\/wp\/v2\/types\/product"}],"replies":[{"embeddable":true,"href":"https:\/\/marktxxl.de\/markt\/wp-json\/wp\/v2\/comments?post=58473"}],"wp:featuredmedia":[{"embeddable":true,"href":"https:\/\/marktxxl.de\/markt\/wp-json\/wp\/v2\/media\/58474"}],"wp:attachment":[{"href":"https:\/\/marktxxl.de\/markt\/wp-json\/wp\/v2\/media?parent=58473"}],"wp:term":[{"taxonomy":"product_brand","embeddable":true,"href":"https:\/\/marktxxl.de\/markt\/wp-json\/wp\/v2\/product_brand?post=58473"},{"taxonomy":"product_cat","embeddable":true,"href":"https:\/\/marktxxl.de\/markt\/wp-json\/wp\/v2\/product_cat?post=58473"},{"taxonomy":"product_tag","embeddable":true,"href":"https:\/\/marktxxl.de\/markt\/wp-json\/wp\/v2\/product_tag?post=58473"}],"curies":[{"name":"wp","href":"https:\/\/api.w.org\/{rel}","templated":true}]}}