{"id":58450,"date":"2021-10-26T15:16:06","date_gmt":"2021-10-26T13:16:06","guid":{"rendered":"https:\/\/marktxxl.de\/markt\/produkt\/logitech-presenter-roter-laserpointer-intuitive-bedienelemente\/"},"modified":"2023-04-11T02:25:20","modified_gmt":"2023-04-11T00:25:20","slug":"logitech-presenter-roter-laserpointer-intuitive-bedienelemente","status":"publish","type":"product","link":"https:\/\/marktxxl.de\/markt\/produkt\/logitech-presenter-roter-laserpointer-intuitive-bedienelemente\/","title":{"rendered":"Logitech Presenter, Roter Laserpointer, Intuitive Bedienelemente"},"content":{"rendered":"<p>Intuitive Bedienelemente: Helfen dabei, sich mit dem Presenter schnell und fl\u00fcssig durch Pr\u00e4sentationen zu navigieren<br \/>\nLogitech Presenter: Handlicher und kabelloser Logitech Laserpointer mit rotem Laser zur Verwendung in Pr\u00e4sentationen<br \/>\nPunktgenau: Der Laser der kabellosen Pr\u00e4sentations-Fernbedienung hat eine 15 Meter Reichweite und ist auch aus der Entfernung gut sichtbar<br \/>\nUSB-Empf\u00e4nger mit Plug&amp;Play: Einfach den Logitech USB-Empf\u00e4nger in den USB-Anschluss des Computers stecken und schon kann es mit der Powerpoint Pr\u00e4sentation losgehen<br \/>\nLieferumfang: Logitech R400 Presenter mit rotem Laserpointer; Mini-USB-Empf\u00e4nger, zwei Batterien vom Typ AAA, Reise-Etui, Bedienungsanleitung<br \/>\nWir empfehlen auch: Unseren Logitech R500 Presenter f\u00fcr mehr Kompatibilit\u00e4t \u2013 USB &amp; Bluetooth, Windows &amp; Mac, PowerPoint, Keynote, Google Slides, PDF \u2013 und anpassbare Tasten<br \/>\n<div class=\"main-cross-sell\" data-asin=\"B09GWC6XRB\">\n\n\t<div class=\"WooZone-cross-sell-loader\">\n\t\t<div>\n\t\t\t<div id=\"floatingBarsG\">\n\t\t\t\t<div class=\"blockG\" id=\"rotateG_01\"><\/div>\n\t\t\t\t<div class=\"blockG\" id=\"rotateG_02\"><\/div>\n\t\t\t\t<div class=\"blockG\" id=\"rotateG_03\"><\/div>\n\t\t\t\t<div class=\"blockG\" id=\"rotateG_04\"><\/div>\n\t\t\t\t<div class=\"blockG\" id=\"rotateG_05\"><\/div>\n\t\t\t\t<div class=\"blockG\" id=\"rotateG_06\"><\/div>\n\t\t\t\t<div class=\"blockG\" id=\"rotateG_07\"><\/div>\n\t\t\t\t<div class=\"blockG\" id=\"rotateG_08\"><\/div>\n\t\t\t<\/div>\n\t\t\t<div class=\"WooZone-cross-sell-loader-text\"><\/div>\n\t\t<\/div>\n\t<\/div>\n\n\t\t\n<\/div>\n<div style=\"clear:both;\"><\/div><\/p>\n","protected":false},"excerpt":{"rendered":"<p>Intuitive Bedienelemente: Helfen dabei, sich mit dem Presenter schnell und fl\u00fcssig durch Pr\u00e4sentationen zu navigieren<br \/>\nLogitech Presenter: Handlicher und kabelloser Logitech Laserpointer mit rotem Laser zur Verwendung in Pr\u00e4sentationen<br \/>\nPunktgenau: Der Laser der kabellosen Pr\u00e4sentations-Fernbedienung hat eine 15 Meter Reichweite und ist auch aus der Entfernung gut sichtbar<\/p>\n","protected":false},"featured_media":58452,"comment_status":"open","ping_status":"closed","template":"","meta":[],"product_brand":[],"product_cat":[504,8208],"product_tag":[],"class_list":{"0":"post-58450","1":"product","2":"type-product","3":"status-publish","4":"has-post-thumbnail","6":"product_cat-buerobedarf-schreibwaren","7":"product_cat-bueroelektronik","8":"pa_binding-personal-computers","9":"pa_brand-logitech","10":"pa_manufacturer-logitech","11":"pa_pattern-name-wireless-presenter-usb-cordless","13":"first","14":"instock","15":"shipping-taxable","16":"purchasable","17":"product-type-variable","18":"customify-col","19":"product-has-gallery"},"yoast_head":"<!-- This site is optimized with the Yoast SEO plugin v27.3 - https:\/\/yoast.com\/product\/yoast-seo-wordpress\/ -->\n<title>Logitech Presenter, Roter Laserpointer, Intuitive Bedienelemente - Markt-XXL<\/title>\n<meta name=\"description\" content=\"Markt-XXL Logitech Presenter, Roter Laserpointer, Intuitive Bedienelemente\" \/>\n<meta name=\"robots\" content=\"index, follow, max-snippet:-1, max-image-preview:large, max-video-preview:-1\" \/>\n<link rel=\"canonical\" href=\"https:\/\/marktxxl.de\/markt\/produkt\/logitech-presenter-roter-laserpointer-intuitive-bedienelemente\/\" \/>\n<meta property=\"og:locale\" content=\"de_DE\" \/>\n<meta property=\"og:type\" content=\"article\" \/>\n<meta property=\"og:title\" content=\"Logitech Presenter, Roter Laserpointer, Intuitive Bedienelemente - Markt-XXL\" \/>\n<meta property=\"og:description\" content=\"Markt-XXL Logitech Presenter, Roter Laserpointer, Intuitive Bedienelemente\" \/>\n<meta property=\"og:url\" content=\"https:\/\/marktxxl.de\/markt\/produkt\/logitech-presenter-roter-laserpointer-intuitive-bedienelemente\/\" \/>\n<meta property=\"og:site_name\" content=\"Markt-XXL\" \/>\n<meta property=\"article:modified_time\" content=\"2023-04-11T00:25:20+00:00\" \/>\n<meta property=\"og:image\" content=\"https:\/\/m.media-amazon.com\/images\/I\/31ldVUBwBFL._SL500_.jpg\" \/>\n\t<meta property=\"og:image:width\" content=\"500\" \/>\n\t<meta property=\"og:image:height\" content=\"500\" \/>\n\t<meta property=\"og:image:type\" content=\"image\/jpeg\" \/>\n<meta name=\"twitter:card\" content=\"summary_large_image\" \/>\n<meta name=\"twitter:label1\" content=\"Gesch\u00e4tzte Lesezeit\" \/>\n\t<meta name=\"twitter:data1\" content=\"1\u00a0Minute\" \/>\n<script type=\"application\/ld+json\" class=\"yoast-schema-graph\">{\"@context\":\"https:\\\/\\\/schema.org\",\"@graph\":[{\"@type\":\"WebPage\",\"@id\":\"https:\\\/\\\/marktxxl.de\\\/markt\\\/produkt\\\/logitech-presenter-roter-laserpointer-intuitive-bedienelemente\\\/\",\"url\":\"https:\\\/\\\/marktxxl.de\\\/markt\\\/produkt\\\/logitech-presenter-roter-laserpointer-intuitive-bedienelemente\\\/\",\"name\":\"Logitech Presenter, Roter Laserpointer, Intuitive Bedienelemente - Markt-XXL\",\"isPartOf\":{\"@id\":\"https:\\\/\\\/marktxxl.de\\\/markt\\\/#website\"},\"primaryImageOfPage\":{\"@id\":\"https:\\\/\\\/marktxxl.de\\\/markt\\\/produkt\\\/logitech-presenter-roter-laserpointer-intuitive-bedienelemente\\\/#primaryimage\"},\"image\":{\"@id\":\"https:\\\/\\\/marktxxl.de\\\/markt\\\/produkt\\\/logitech-presenter-roter-laserpointer-intuitive-bedienelemente\\\/#primaryimage\"},\"thumbnailUrl\":\"https:\\\/\\\/m.media-amazon.com\\\/images\\\/I\\\/31ldVUBwBFL._SL500_.jpg\",\"datePublished\":\"2021-10-26T13:16:06+00:00\",\"dateModified\":\"2023-04-11T00:25:20+00:00\",\"description\":\"Markt-XXL Logitech Presenter, Roter Laserpointer, Intuitive Bedienelemente\",\"breadcrumb\":{\"@id\":\"https:\\\/\\\/marktxxl.de\\\/markt\\\/produkt\\\/logitech-presenter-roter-laserpointer-intuitive-bedienelemente\\\/#breadcrumb\"},\"inLanguage\":\"de\",\"potentialAction\":[{\"@type\":\"ReadAction\",\"target\":[\"https:\\\/\\\/marktxxl.de\\\/markt\\\/produkt\\\/logitech-presenter-roter-laserpointer-intuitive-bedienelemente\\\/\"]}]},{\"@type\":\"ImageObject\",\"inLanguage\":\"de\",\"@id\":\"https:\\\/\\\/marktxxl.de\\\/markt\\\/produkt\\\/logitech-presenter-roter-laserpointer-intuitive-bedienelemente\\\/#primaryimage\",\"url\":\"https:\\\/\\\/m.media-amazon.com\\\/images\\\/I\\\/31ldVUBwBFL._SL500_.jpg\",\"contentUrl\":\"https:\\\/\\\/m.media-amazon.com\\\/images\\\/I\\\/31ldVUBwBFL._SL500_.jpg\",\"width\":500,\"height\":500},{\"@type\":\"BreadcrumbList\",\"@id\":\"https:\\\/\\\/marktxxl.de\\\/markt\\\/produkt\\\/logitech-presenter-roter-laserpointer-intuitive-bedienelemente\\\/#breadcrumb\",\"itemListElement\":[{\"@type\":\"ListItem\",\"position\":1,\"name\":\"Startseite\",\"item\":\"https:\\\/\\\/marktxxl.de\\\/markt\\\/\"},{\"@type\":\"ListItem\",\"position\":2,\"name\":\"Markt\",\"item\":\"https:\\\/\\\/marktxxl.de\\\/markt\\\/\"},{\"@type\":\"ListItem\",\"position\":3,\"name\":\"Logitech Presenter, Roter Laserpointer, Intuitive Bedienelemente\"}]},{\"@type\":\"WebSite\",\"@id\":\"https:\\\/\\\/marktxxl.de\\\/markt\\\/#website\",\"url\":\"https:\\\/\\\/marktxxl.de\\\/markt\\\/\",\"name\":\"Markt-XXL\",\"description\":\"Ihr Markt Online\",\"publisher\":{\"@id\":\"https:\\\/\\\/marktxxl.de\\\/markt\\\/#organization\"},\"potentialAction\":[{\"@type\":\"SearchAction\",\"target\":{\"@type\":\"EntryPoint\",\"urlTemplate\":\"https:\\\/\\\/marktxxl.de\\\/markt\\\/?s={search_term_string}\"},\"query-input\":{\"@type\":\"PropertyValueSpecification\",\"valueRequired\":true,\"valueName\":\"search_term_string\"}}],\"inLanguage\":\"de\"},{\"@type\":\"Organization\",\"@id\":\"https:\\\/\\\/marktxxl.de\\\/markt\\\/#organization\",\"name\":\"Markt-XXL\",\"url\":\"https:\\\/\\\/marktxxl.de\\\/markt\\\/\",\"logo\":{\"@type\":\"ImageObject\",\"inLanguage\":\"de\",\"@id\":\"https:\\\/\\\/marktxxl.de\\\/markt\\\/#\\\/schema\\\/logo\\\/image\\\/\",\"url\":\"https:\\\/\\\/marktxxl.de\\\/markt\\\/wp-content\\\/uploads\\\/sites\\\/3\\\/2020\\\/12\\\/logo.png\",\"contentUrl\":\"https:\\\/\\\/marktxxl.de\\\/markt\\\/wp-content\\\/uploads\\\/sites\\\/3\\\/2020\\\/12\\\/logo.png\",\"width\":200,\"height\":70,\"caption\":\"Markt-XXL\"},\"image\":{\"@id\":\"https:\\\/\\\/marktxxl.de\\\/markt\\\/#\\\/schema\\\/logo\\\/image\\\/\"}}]}<\/script>\n<!-- \/ Yoast SEO plugin. -->","yoast_head_json":{"title":"Logitech Presenter, Roter Laserpointer, Intuitive Bedienelemente - Markt-XXL","description":"Markt-XXL Logitech Presenter, Roter Laserpointer, Intuitive Bedienelemente","robots":{"index":"index","follow":"follow","max-snippet":"max-snippet:-1","max-image-preview":"max-image-preview:large","max-video-preview":"max-video-preview:-1"},"canonical":"https:\/\/marktxxl.de\/markt\/produkt\/logitech-presenter-roter-laserpointer-intuitive-bedienelemente\/","og_locale":"de_DE","og_type":"article","og_title":"Logitech Presenter, Roter Laserpointer, Intuitive Bedienelemente - Markt-XXL","og_description":"Markt-XXL Logitech Presenter, Roter Laserpointer, Intuitive Bedienelemente","og_url":"https:\/\/marktxxl.de\/markt\/produkt\/logitech-presenter-roter-laserpointer-intuitive-bedienelemente\/","og_site_name":"Markt-XXL","article_modified_time":"2023-04-11T00:25:20+00:00","og_image":[{"width":500,"height":500,"url":"https:\/\/m.media-amazon.com\/images\/I\/31ldVUBwBFL._SL500_.jpg","type":"image\/jpeg"}],"twitter_card":"summary_large_image","twitter_misc":{"Gesch\u00e4tzte Lesezeit":"1\u00a0Minute"},"schema":{"@context":"https:\/\/schema.org","@graph":[{"@type":"WebPage","@id":"https:\/\/marktxxl.de\/markt\/produkt\/logitech-presenter-roter-laserpointer-intuitive-bedienelemente\/","url":"https:\/\/marktxxl.de\/markt\/produkt\/logitech-presenter-roter-laserpointer-intuitive-bedienelemente\/","name":"Logitech Presenter, Roter Laserpointer, Intuitive Bedienelemente - Markt-XXL","isPartOf":{"@id":"https:\/\/marktxxl.de\/markt\/#website"},"primaryImageOfPage":{"@id":"https:\/\/marktxxl.de\/markt\/produkt\/logitech-presenter-roter-laserpointer-intuitive-bedienelemente\/#primaryimage"},"image":{"@id":"https:\/\/marktxxl.de\/markt\/produkt\/logitech-presenter-roter-laserpointer-intuitive-bedienelemente\/#primaryimage"},"thumbnailUrl":"https:\/\/m.media-amazon.com\/images\/I\/31ldVUBwBFL._SL500_.jpg","datePublished":"2021-10-26T13:16:06+00:00","dateModified":"2023-04-11T00:25:20+00:00","description":"Markt-XXL Logitech Presenter, Roter Laserpointer, Intuitive Bedienelemente","breadcrumb":{"@id":"https:\/\/marktxxl.de\/markt\/produkt\/logitech-presenter-roter-laserpointer-intuitive-bedienelemente\/#breadcrumb"},"inLanguage":"de","potentialAction":[{"@type":"ReadAction","target":["https:\/\/marktxxl.de\/markt\/produkt\/logitech-presenter-roter-laserpointer-intuitive-bedienelemente\/"]}]},{"@type":"ImageObject","inLanguage":"de","@id":"https:\/\/marktxxl.de\/markt\/produkt\/logitech-presenter-roter-laserpointer-intuitive-bedienelemente\/#primaryimage","url":"https:\/\/m.media-amazon.com\/images\/I\/31ldVUBwBFL._SL500_.jpg","contentUrl":"https:\/\/m.media-amazon.com\/images\/I\/31ldVUBwBFL._SL500_.jpg","width":500,"height":500},{"@type":"BreadcrumbList","@id":"https:\/\/marktxxl.de\/markt\/produkt\/logitech-presenter-roter-laserpointer-intuitive-bedienelemente\/#breadcrumb","itemListElement":[{"@type":"ListItem","position":1,"name":"Startseite","item":"https:\/\/marktxxl.de\/markt\/"},{"@type":"ListItem","position":2,"name":"Markt","item":"https:\/\/marktxxl.de\/markt\/"},{"@type":"ListItem","position":3,"name":"Logitech Presenter, Roter Laserpointer, Intuitive Bedienelemente"}]},{"@type":"WebSite","@id":"https:\/\/marktxxl.de\/markt\/#website","url":"https:\/\/marktxxl.de\/markt\/","name":"Markt-XXL","description":"Ihr Markt Online","publisher":{"@id":"https:\/\/marktxxl.de\/markt\/#organization"},"potentialAction":[{"@type":"SearchAction","target":{"@type":"EntryPoint","urlTemplate":"https:\/\/marktxxl.de\/markt\/?s={search_term_string}"},"query-input":{"@type":"PropertyValueSpecification","valueRequired":true,"valueName":"search_term_string"}}],"inLanguage":"de"},{"@type":"Organization","@id":"https:\/\/marktxxl.de\/markt\/#organization","name":"Markt-XXL","url":"https:\/\/marktxxl.de\/markt\/","logo":{"@type":"ImageObject","inLanguage":"de","@id":"https:\/\/marktxxl.de\/markt\/#\/schema\/logo\/image\/","url":"https:\/\/marktxxl.de\/markt\/wp-content\/uploads\/sites\/3\/2020\/12\/logo.png","contentUrl":"https:\/\/marktxxl.de\/markt\/wp-content\/uploads\/sites\/3\/2020\/12\/logo.png","width":200,"height":70,"caption":"Markt-XXL"},"image":{"@id":"https:\/\/marktxxl.de\/markt\/#\/schema\/logo\/image\/"}}]}},"_links":{"self":[{"href":"https:\/\/marktxxl.de\/markt\/wp-json\/wp\/v2\/product\/58450","targetHints":{"allow":["GET"]}}],"collection":[{"href":"https:\/\/marktxxl.de\/markt\/wp-json\/wp\/v2\/product"}],"about":[{"href":"https:\/\/marktxxl.de\/markt\/wp-json\/wp\/v2\/types\/product"}],"replies":[{"embeddable":true,"href":"https:\/\/marktxxl.de\/markt\/wp-json\/wp\/v2\/comments?post=58450"}],"wp:featuredmedia":[{"embeddable":true,"href":"https:\/\/marktxxl.de\/markt\/wp-json\/wp\/v2\/media\/58452"}],"wp:attachment":[{"href":"https:\/\/marktxxl.de\/markt\/wp-json\/wp\/v2\/media?parent=58450"}],"wp:term":[{"taxonomy":"product_brand","embeddable":true,"href":"https:\/\/marktxxl.de\/markt\/wp-json\/wp\/v2\/product_brand?post=58450"},{"taxonomy":"product_cat","embeddable":true,"href":"https:\/\/marktxxl.de\/markt\/wp-json\/wp\/v2\/product_cat?post=58450"},{"taxonomy":"product_tag","embeddable":true,"href":"https:\/\/marktxxl.de\/markt\/wp-json\/wp\/v2\/product_tag?post=58450"}],"curies":[{"name":"wp","href":"https:\/\/api.w.org\/{rel}","templated":true}]}}