{"id":58311,"date":"2021-10-26T14:46:11","date_gmt":"2021-10-26T12:46:11","guid":{"rendered":"https:\/\/marktxxl.de\/markt\/produkt\/aproca-hartschalen-reisetasche-kompatibel-mit-brother-p-touch-cube-plus-pt-p710bt\/"},"modified":"2023-04-11T02:25:18","modified_gmt":"2023-04-11T00:25:18","slug":"aproca-hartschalen-reisetasche-kompatibel-mit-brother-p-touch-cube-plus-pt-p710bt","status":"publish","type":"product","link":"https:\/\/marktxxl.de\/markt\/produkt\/aproca-hartschalen-reisetasche-kompatibel-mit-brother-p-touch-cube-plus-pt-p710bt\/","title":{"rendered":"Aproca Hartschalen-Reisetasche, kompatibel mit Brother P-Touch Cube Plus PT-P710BT"},"content":{"rendered":"<p>Umweltfreundliches Material: Hergestellt aus hochdichtem EVA und 1680D Material, Premium-Hart-EVA f\u00fcr Langlebigkeit und eine langlebige Leistung.<br \/>\nPerfekte Passform: Speziell f\u00fcr Ihren Brother P-Touch Cube Plus PT-P710BT vielseitigen Etikettierer.<br \/>\nPraktisches Design: Bequemer Handgriff f\u00fcr einfachen Transport, kommt mit einer speziellen Netztasche f\u00fcr anderes Zubeh\u00f6r, glatte, aber starke Doppelrei\u00c3\u0178verschl\u00fcsse sind einfach zu \u00f6ffnen und zu schlie\u00c3\u0178en, f\u00fcr eine bessere Nutzung.<br \/>\nGro\u00c3\u0178artiger Schutz: Die H\u00fclle ist halbwasserdicht, antistatisch, sto\u00c3\u0178fest, stilvoll und langlebig, verhindert Sch\u00e4den oder Kratzer, die durch versehentliches St\u00f6\u00c3\u0178en, St\u00fcrzen verursacht werden, sichert das Ger\u00e4t in gutem Zustand auf Reisen oder im Freien.<br \/>\nInternational products have separate terms, are sold from abroad and may differ from local products, including fit, age ratings, and language of product, labeling or instructions.<br \/>\n<div class=\"main-cross-sell\" data-asin=\"B07THW54TF\">\n\n\t<div class=\"WooZone-cross-sell-loader\">\n\t\t<div>\n\t\t\t<div id=\"floatingBarsG\">\n\t\t\t\t<div class=\"blockG\" id=\"rotateG_01\"><\/div>\n\t\t\t\t<div class=\"blockG\" id=\"rotateG_02\"><\/div>\n\t\t\t\t<div class=\"blockG\" id=\"rotateG_03\"><\/div>\n\t\t\t\t<div class=\"blockG\" id=\"rotateG_04\"><\/div>\n\t\t\t\t<div class=\"blockG\" id=\"rotateG_05\"><\/div>\n\t\t\t\t<div class=\"blockG\" id=\"rotateG_06\"><\/div>\n\t\t\t\t<div class=\"blockG\" id=\"rotateG_07\"><\/div>\n\t\t\t\t<div class=\"blockG\" id=\"rotateG_08\"><\/div>\n\t\t\t<\/div>\n\t\t\t<div class=\"WooZone-cross-sell-loader-text\"><\/div>\n\t\t<\/div>\n\t<\/div>\n\n\t\t\n<\/div>\n<div style=\"clear:both;\"><\/div><\/p>\n","protected":false},"excerpt":{"rendered":"<p>Umweltfreundliches Material: Hergestellt aus hochdichtem EVA und 1680D Material, Premium-Hart-EVA f\u00fcr Langlebigkeit und eine langlebige Leistung.<br \/>\nPerfekte Passform: Speziell f\u00fcr Ihren Brother P-Touch Cube Plus PT-P710BT vielseitigen Etikettierer.<br \/>\nPraktisches Design: Bequemer Handgriff f\u00fcr einfachen Transport, kommt mit einer speziellen Netztasche f\u00fcr anderes Zubeh\u00f6r, glatte, aber starke Doppelrei\u00c3\u0178verschl\u00fcsse sind einfach zu \u00f6ffnen und zu schlie\u00c3\u0178en, f\u00fcr eine bessere Nutzung.<\/p>\n","protected":false},"featured_media":58312,"comment_status":"open","ping_status":"closed","template":"","meta":[],"product_brand":[],"product_cat":[504,8208],"product_tag":[],"class_list":{"0":"post-58311","1":"product","2":"type-product","3":"status-publish","4":"has-post-thumbnail","6":"product_cat-buerobedarf-schreibwaren","7":"product_cat-bueroelektronik","8":"pa_binding-unbekannter-einband","9":"pa_brand-aproca","10":"pa_manufacturer-aproca","11":"pa_model-s452","13":"first","14":"instock","15":"shipping-taxable","16":"purchasable","17":"product-type-simple","18":"customify-col","19":"product-has-gallery"},"yoast_head":"<!-- This site is optimized with the Yoast SEO plugin v27.4 - https:\/\/yoast.com\/product\/yoast-seo-wordpress\/ -->\n<title>Aproca Hartschalen-Reisetasche, kompatibel mit Brother P-Touch Cube Plus PT-P710BT - Markt-XXL<\/title>\n<meta name=\"description\" content=\"Markt-XXL Aproca Hartschalen-Reisetasche, kompatibel mit Brother P-Touch Cube Plus PT-P710BT\" \/>\n<meta name=\"robots\" content=\"index, follow, max-snippet:-1, max-image-preview:large, max-video-preview:-1\" \/>\n<link rel=\"canonical\" href=\"https:\/\/marktxxl.de\/markt\/produkt\/aproca-hartschalen-reisetasche-kompatibel-mit-brother-p-touch-cube-plus-pt-p710bt\/\" \/>\n<meta property=\"og:locale\" content=\"de_DE\" \/>\n<meta property=\"og:type\" content=\"article\" \/>\n<meta property=\"og:title\" content=\"Aproca Hartschalen-Reisetasche, kompatibel mit Brother P-Touch Cube Plus PT-P710BT - Markt-XXL\" \/>\n<meta property=\"og:description\" content=\"Markt-XXL Aproca Hartschalen-Reisetasche, kompatibel mit Brother P-Touch Cube Plus PT-P710BT\" \/>\n<meta property=\"og:url\" content=\"https:\/\/marktxxl.de\/markt\/produkt\/aproca-hartschalen-reisetasche-kompatibel-mit-brother-p-touch-cube-plus-pt-p710bt\/\" \/>\n<meta property=\"og:site_name\" content=\"Markt-XXL\" \/>\n<meta property=\"article:modified_time\" content=\"2023-04-11T00:25:18+00:00\" \/>\n<meta property=\"og:image\" content=\"https:\/\/m.media-amazon.com\/images\/I\/51jLxZMa5ZL._SL500_.jpg\" \/>\n\t<meta property=\"og:image:width\" content=\"500\" \/>\n\t<meta property=\"og:image:height\" content=\"500\" \/>\n\t<meta property=\"og:image:type\" content=\"image\/jpeg\" \/>\n<meta name=\"twitter:card\" content=\"summary_large_image\" \/>\n<meta name=\"twitter:label1\" content=\"Gesch\u00e4tzte Lesezeit\" \/>\n\t<meta name=\"twitter:data1\" content=\"1\u00a0Minute\" \/>\n<script type=\"application\/ld+json\" class=\"yoast-schema-graph\">{\"@context\":\"https:\\\/\\\/schema.org\",\"@graph\":[{\"@type\":\"WebPage\",\"@id\":\"https:\\\/\\\/marktxxl.de\\\/markt\\\/produkt\\\/aproca-hartschalen-reisetasche-kompatibel-mit-brother-p-touch-cube-plus-pt-p710bt\\\/\",\"url\":\"https:\\\/\\\/marktxxl.de\\\/markt\\\/produkt\\\/aproca-hartschalen-reisetasche-kompatibel-mit-brother-p-touch-cube-plus-pt-p710bt\\\/\",\"name\":\"Aproca Hartschalen-Reisetasche, kompatibel mit Brother P-Touch Cube Plus PT-P710BT - Markt-XXL\",\"isPartOf\":{\"@id\":\"https:\\\/\\\/marktxxl.de\\\/markt\\\/#website\"},\"primaryImageOfPage\":{\"@id\":\"https:\\\/\\\/marktxxl.de\\\/markt\\\/produkt\\\/aproca-hartschalen-reisetasche-kompatibel-mit-brother-p-touch-cube-plus-pt-p710bt\\\/#primaryimage\"},\"image\":{\"@id\":\"https:\\\/\\\/marktxxl.de\\\/markt\\\/produkt\\\/aproca-hartschalen-reisetasche-kompatibel-mit-brother-p-touch-cube-plus-pt-p710bt\\\/#primaryimage\"},\"thumbnailUrl\":\"https:\\\/\\\/m.media-amazon.com\\\/images\\\/I\\\/51jLxZMa5ZL._SL500_.jpg\",\"datePublished\":\"2021-10-26T12:46:11+00:00\",\"dateModified\":\"2023-04-11T00:25:18+00:00\",\"description\":\"Markt-XXL Aproca Hartschalen-Reisetasche, kompatibel mit Brother P-Touch Cube Plus PT-P710BT\",\"breadcrumb\":{\"@id\":\"https:\\\/\\\/marktxxl.de\\\/markt\\\/produkt\\\/aproca-hartschalen-reisetasche-kompatibel-mit-brother-p-touch-cube-plus-pt-p710bt\\\/#breadcrumb\"},\"inLanguage\":\"de\",\"potentialAction\":[{\"@type\":\"ReadAction\",\"target\":[\"https:\\\/\\\/marktxxl.de\\\/markt\\\/produkt\\\/aproca-hartschalen-reisetasche-kompatibel-mit-brother-p-touch-cube-plus-pt-p710bt\\\/\"]}]},{\"@type\":\"ImageObject\",\"inLanguage\":\"de\",\"@id\":\"https:\\\/\\\/marktxxl.de\\\/markt\\\/produkt\\\/aproca-hartschalen-reisetasche-kompatibel-mit-brother-p-touch-cube-plus-pt-p710bt\\\/#primaryimage\",\"url\":\"https:\\\/\\\/m.media-amazon.com\\\/images\\\/I\\\/51jLxZMa5ZL._SL500_.jpg\",\"contentUrl\":\"https:\\\/\\\/m.media-amazon.com\\\/images\\\/I\\\/51jLxZMa5ZL._SL500_.jpg\",\"width\":500,\"height\":500},{\"@type\":\"BreadcrumbList\",\"@id\":\"https:\\\/\\\/marktxxl.de\\\/markt\\\/produkt\\\/aproca-hartschalen-reisetasche-kompatibel-mit-brother-p-touch-cube-plus-pt-p710bt\\\/#breadcrumb\",\"itemListElement\":[{\"@type\":\"ListItem\",\"position\":1,\"name\":\"Startseite\",\"item\":\"https:\\\/\\\/marktxxl.de\\\/markt\\\/\"},{\"@type\":\"ListItem\",\"position\":2,\"name\":\"Markt\",\"item\":\"https:\\\/\\\/marktxxl.de\\\/markt\\\/\"},{\"@type\":\"ListItem\",\"position\":3,\"name\":\"Aproca Hartschalen-Reisetasche, kompatibel mit Brother P-Touch Cube Plus PT-P710BT\"}]},{\"@type\":\"WebSite\",\"@id\":\"https:\\\/\\\/marktxxl.de\\\/markt\\\/#website\",\"url\":\"https:\\\/\\\/marktxxl.de\\\/markt\\\/\",\"name\":\"Markt-XXL\",\"description\":\"Ihr Markt Online\",\"publisher\":{\"@id\":\"https:\\\/\\\/marktxxl.de\\\/markt\\\/#organization\"},\"potentialAction\":[{\"@type\":\"SearchAction\",\"target\":{\"@type\":\"EntryPoint\",\"urlTemplate\":\"https:\\\/\\\/marktxxl.de\\\/markt\\\/?s={search_term_string}\"},\"query-input\":{\"@type\":\"PropertyValueSpecification\",\"valueRequired\":true,\"valueName\":\"search_term_string\"}}],\"inLanguage\":\"de\"},{\"@type\":\"Organization\",\"@id\":\"https:\\\/\\\/marktxxl.de\\\/markt\\\/#organization\",\"name\":\"Markt-XXL\",\"url\":\"https:\\\/\\\/marktxxl.de\\\/markt\\\/\",\"logo\":{\"@type\":\"ImageObject\",\"inLanguage\":\"de\",\"@id\":\"https:\\\/\\\/marktxxl.de\\\/markt\\\/#\\\/schema\\\/logo\\\/image\\\/\",\"url\":\"https:\\\/\\\/marktxxl.de\\\/markt\\\/wp-content\\\/uploads\\\/sites\\\/3\\\/2020\\\/12\\\/logo.png\",\"contentUrl\":\"https:\\\/\\\/marktxxl.de\\\/markt\\\/wp-content\\\/uploads\\\/sites\\\/3\\\/2020\\\/12\\\/logo.png\",\"width\":200,\"height\":70,\"caption\":\"Markt-XXL\"},\"image\":{\"@id\":\"https:\\\/\\\/marktxxl.de\\\/markt\\\/#\\\/schema\\\/logo\\\/image\\\/\"}}]}<\/script>\n<!-- \/ Yoast SEO plugin. -->","yoast_head_json":{"title":"Aproca Hartschalen-Reisetasche, kompatibel mit Brother P-Touch Cube Plus PT-P710BT - Markt-XXL","description":"Markt-XXL Aproca Hartschalen-Reisetasche, kompatibel mit Brother P-Touch Cube Plus PT-P710BT","robots":{"index":"index","follow":"follow","max-snippet":"max-snippet:-1","max-image-preview":"max-image-preview:large","max-video-preview":"max-video-preview:-1"},"canonical":"https:\/\/marktxxl.de\/markt\/produkt\/aproca-hartschalen-reisetasche-kompatibel-mit-brother-p-touch-cube-plus-pt-p710bt\/","og_locale":"de_DE","og_type":"article","og_title":"Aproca Hartschalen-Reisetasche, kompatibel mit Brother P-Touch Cube Plus PT-P710BT - Markt-XXL","og_description":"Markt-XXL Aproca Hartschalen-Reisetasche, kompatibel mit Brother P-Touch Cube Plus PT-P710BT","og_url":"https:\/\/marktxxl.de\/markt\/produkt\/aproca-hartschalen-reisetasche-kompatibel-mit-brother-p-touch-cube-plus-pt-p710bt\/","og_site_name":"Markt-XXL","article_modified_time":"2023-04-11T00:25:18+00:00","og_image":[{"width":500,"height":500,"url":"https:\/\/m.media-amazon.com\/images\/I\/51jLxZMa5ZL._SL500_.jpg","type":"image\/jpeg"}],"twitter_card":"summary_large_image","twitter_misc":{"Gesch\u00e4tzte Lesezeit":"1\u00a0Minute"},"schema":{"@context":"https:\/\/schema.org","@graph":[{"@type":"WebPage","@id":"https:\/\/marktxxl.de\/markt\/produkt\/aproca-hartschalen-reisetasche-kompatibel-mit-brother-p-touch-cube-plus-pt-p710bt\/","url":"https:\/\/marktxxl.de\/markt\/produkt\/aproca-hartschalen-reisetasche-kompatibel-mit-brother-p-touch-cube-plus-pt-p710bt\/","name":"Aproca Hartschalen-Reisetasche, kompatibel mit Brother P-Touch Cube Plus PT-P710BT - Markt-XXL","isPartOf":{"@id":"https:\/\/marktxxl.de\/markt\/#website"},"primaryImageOfPage":{"@id":"https:\/\/marktxxl.de\/markt\/produkt\/aproca-hartschalen-reisetasche-kompatibel-mit-brother-p-touch-cube-plus-pt-p710bt\/#primaryimage"},"image":{"@id":"https:\/\/marktxxl.de\/markt\/produkt\/aproca-hartschalen-reisetasche-kompatibel-mit-brother-p-touch-cube-plus-pt-p710bt\/#primaryimage"},"thumbnailUrl":"https:\/\/m.media-amazon.com\/images\/I\/51jLxZMa5ZL._SL500_.jpg","datePublished":"2021-10-26T12:46:11+00:00","dateModified":"2023-04-11T00:25:18+00:00","description":"Markt-XXL Aproca Hartschalen-Reisetasche, kompatibel mit Brother P-Touch Cube Plus PT-P710BT","breadcrumb":{"@id":"https:\/\/marktxxl.de\/markt\/produkt\/aproca-hartschalen-reisetasche-kompatibel-mit-brother-p-touch-cube-plus-pt-p710bt\/#breadcrumb"},"inLanguage":"de","potentialAction":[{"@type":"ReadAction","target":["https:\/\/marktxxl.de\/markt\/produkt\/aproca-hartschalen-reisetasche-kompatibel-mit-brother-p-touch-cube-plus-pt-p710bt\/"]}]},{"@type":"ImageObject","inLanguage":"de","@id":"https:\/\/marktxxl.de\/markt\/produkt\/aproca-hartschalen-reisetasche-kompatibel-mit-brother-p-touch-cube-plus-pt-p710bt\/#primaryimage","url":"https:\/\/m.media-amazon.com\/images\/I\/51jLxZMa5ZL._SL500_.jpg","contentUrl":"https:\/\/m.media-amazon.com\/images\/I\/51jLxZMa5ZL._SL500_.jpg","width":500,"height":500},{"@type":"BreadcrumbList","@id":"https:\/\/marktxxl.de\/markt\/produkt\/aproca-hartschalen-reisetasche-kompatibel-mit-brother-p-touch-cube-plus-pt-p710bt\/#breadcrumb","itemListElement":[{"@type":"ListItem","position":1,"name":"Startseite","item":"https:\/\/marktxxl.de\/markt\/"},{"@type":"ListItem","position":2,"name":"Markt","item":"https:\/\/marktxxl.de\/markt\/"},{"@type":"ListItem","position":3,"name":"Aproca Hartschalen-Reisetasche, kompatibel mit Brother P-Touch Cube Plus PT-P710BT"}]},{"@type":"WebSite","@id":"https:\/\/marktxxl.de\/markt\/#website","url":"https:\/\/marktxxl.de\/markt\/","name":"Markt-XXL","description":"Ihr Markt Online","publisher":{"@id":"https:\/\/marktxxl.de\/markt\/#organization"},"potentialAction":[{"@type":"SearchAction","target":{"@type":"EntryPoint","urlTemplate":"https:\/\/marktxxl.de\/markt\/?s={search_term_string}"},"query-input":{"@type":"PropertyValueSpecification","valueRequired":true,"valueName":"search_term_string"}}],"inLanguage":"de"},{"@type":"Organization","@id":"https:\/\/marktxxl.de\/markt\/#organization","name":"Markt-XXL","url":"https:\/\/marktxxl.de\/markt\/","logo":{"@type":"ImageObject","inLanguage":"de","@id":"https:\/\/marktxxl.de\/markt\/#\/schema\/logo\/image\/","url":"https:\/\/marktxxl.de\/markt\/wp-content\/uploads\/sites\/3\/2020\/12\/logo.png","contentUrl":"https:\/\/marktxxl.de\/markt\/wp-content\/uploads\/sites\/3\/2020\/12\/logo.png","width":200,"height":70,"caption":"Markt-XXL"},"image":{"@id":"https:\/\/marktxxl.de\/markt\/#\/schema\/logo\/image\/"}}]}},"_links":{"self":[{"href":"https:\/\/marktxxl.de\/markt\/wp-json\/wp\/v2\/product\/58311","targetHints":{"allow":["GET"]}}],"collection":[{"href":"https:\/\/marktxxl.de\/markt\/wp-json\/wp\/v2\/product"}],"about":[{"href":"https:\/\/marktxxl.de\/markt\/wp-json\/wp\/v2\/types\/product"}],"replies":[{"embeddable":true,"href":"https:\/\/marktxxl.de\/markt\/wp-json\/wp\/v2\/comments?post=58311"}],"wp:featuredmedia":[{"embeddable":true,"href":"https:\/\/marktxxl.de\/markt\/wp-json\/wp\/v2\/media\/58312"}],"wp:attachment":[{"href":"https:\/\/marktxxl.de\/markt\/wp-json\/wp\/v2\/media?parent=58311"}],"wp:term":[{"taxonomy":"product_brand","embeddable":true,"href":"https:\/\/marktxxl.de\/markt\/wp-json\/wp\/v2\/product_brand?post=58311"},{"taxonomy":"product_cat","embeddable":true,"href":"https:\/\/marktxxl.de\/markt\/wp-json\/wp\/v2\/product_cat?post=58311"},{"taxonomy":"product_tag","embeddable":true,"href":"https:\/\/marktxxl.de\/markt\/wp-json\/wp\/v2\/product_tag?post=58311"}],"curies":[{"name":"wp","href":"https:\/\/api.w.org\/{rel}","templated":true}]}}