{"id":57825,"date":"2021-10-16T09:03:49","date_gmt":"2021-10-16T07:03:49","guid":{"rendered":"https:\/\/marktxxl.de\/markt\/produkt\/giesswein-stans-slim-fit-hohe-hausschuhe-maedchen-blau-24-eu\/"},"modified":"2023-04-11T02:24:36","modified_gmt":"2023-04-11T00:24:36","slug":"giesswein-stans-slim-fit-hohe-hausschuhe-maedchen-blau-24-eu","status":"publish","type":"product","link":"https:\/\/marktxxl.de\/markt\/produkt\/giesswein-stans-slim-fit-hohe-hausschuhe-maedchen-blau-24-eu\/","title":{"rendered":"GIESSWEIN Stans \u2013 Kinder Hausschuhe Unisex, Bequeme Baumwoll Slipper, Pantoffeln mit Punkten, Gummizug, Rutschfest"},"content":{"rendered":"<p>\u2705 [ 100% BAUMWOLLE ]: Der niedliche Hausschuh f\u00fcr Kinder wurde aus hochwertiger Baumwolle hergestellt und ist deshalb besonders atmungsaktiv und hautfreundlich. Sie sorgt f\u00fcr ein rundum gesundes und vor allem trockenes Hautgef\u00fchl der kleinen Kinderf\u00fc\u00dfe.<br \/>\n\u2705 [ STABIL &amp; RUTSCHFEST ]: Die feste Sohle aus Gummi gibt optimalen Halt und verspricht absolute Trittsicherheit \u2013 sowohl bei den ersten Schritten als auch beim Herumtoben im Kindergarten.<br \/>\n\u2705 [ PERFECT-FIT ]: Die Slim-fit Sohle ist eher schmal geschnitten und eignet sich daher perfekt f\u00fcr schm\u00e4lere F\u00fc\u00dfe. Die verst\u00e4rkte Ferse und der Klettverschluss sorgen f\u00fcr optimalen Halt, eine schnelle Weitenverstellung und eine individuelle Passform.<br \/>\n\u2705 [ DECKSOHLE AUS LEDER ]: Eine d\u00fcnne Einlegesohle aus Leder bietet zus\u00e4tzlichen Tragekomfort, denn sie absorbiert Feuchtigkeit schnell nach drau\u00dfen und unterst\u00fctzt ein gesundes Fu\u00dfklima.<br \/>\nInnenfutter: Baumwolle<br \/>\n<div class=\"main-cross-sell\" data-asin=\"B016BAXIMY\">\n\n\t<div class=\"WooZone-cross-sell-loader\">\n\t\t<div>\n\t\t\t<div id=\"floatingBarsG\">\n\t\t\t\t<div class=\"blockG\" id=\"rotateG_01\"><\/div>\n\t\t\t\t<div class=\"blockG\" id=\"rotateG_02\"><\/div>\n\t\t\t\t<div class=\"blockG\" id=\"rotateG_03\"><\/div>\n\t\t\t\t<div class=\"blockG\" id=\"rotateG_04\"><\/div>\n\t\t\t\t<div class=\"blockG\" id=\"rotateG_05\"><\/div>\n\t\t\t\t<div class=\"blockG\" id=\"rotateG_06\"><\/div>\n\t\t\t\t<div class=\"blockG\" id=\"rotateG_07\"><\/div>\n\t\t\t\t<div class=\"blockG\" id=\"rotateG_08\"><\/div>\n\t\t\t<\/div>\n\t\t\t<div class=\"WooZone-cross-sell-loader-text\"><\/div>\n\t\t<\/div>\n\t<\/div>\n\n\t\t\n<\/div>\n<div style=\"clear:both;\"><\/div><\/p>\n","protected":false},"excerpt":{"rendered":"<p>\u2705 [ 100% BAUMWOLLE ]: Der niedliche Hausschuh f\u00fcr Kinder wurde aus hochwertiger Baumwolle hergestellt und ist deshalb besonders atmungsaktiv und hautfreundlich. Sie sorgt f\u00fcr ein rundum gesundes und vor allem trockenes Hautgef\u00fchl der kleinen Kinderf\u00fc\u00dfe.<br \/>\n\u2705 [ STABIL &amp; RUTSCHFEST ]: Die feste Sohle aus Gummi gibt optimalen Halt und verspricht absolute Trittsicherheit \u2013 sowohl bei den ersten Schritten als auch beim Herumtoben im Kindergarten.<br \/>\n\u2705 [ PERFECT-FIT ]: Die Slim-fit Sohle ist eher schmal geschnitten und eignet sich daher perfekt f\u00fcr schm\u00e4lere F\u00fc\u00dfe. Die verst\u00e4rkte Ferse und der Klettverschluss sorgen f\u00fcr optimalen Halt, eine schnelle Weitenverstellung und eine individuelle Passform.<\/p>\n","protected":false},"featured_media":57826,"comment_status":"open","ping_status":"closed","template":"","meta":[],"product_brand":[],"product_cat":[21,9036],"product_tag":[],"class_list":{"0":"post-57825","1":"product","2":"type-product","3":"status-publish","4":"has-post-thumbnail","6":"product_cat-baby","7":"product_cat-babyschuhe-baby","8":"pa_binding-schuhe","9":"pa_brand-giesswein","10":"pa_color-blau","11":"pa_color-dk-blau-548","12":"pa_height-3-93700787-zoll","13":"pa_length-11-81102361-zoll","14":"pa_manufacturer-giesswein","15":"pa_model-63-10-44701","16":"pa_size-24-eu","17":"pa_width-7-87401574-zoll","19":"first","20":"instock","21":"shipping-taxable","22":"purchasable","23":"product-type-simple","24":"customify-col","25":"product-has-gallery"},"yoast_head":"<!-- This site is optimized with the Yoast SEO plugin v27.3 - https:\/\/yoast.com\/product\/yoast-seo-wordpress\/ -->\n<title>GIESSWEIN Stans \u2013 Kinder Hausschuhe Unisex, Bequeme Baumwoll Slipper, Pantoffeln mit Punkten, Gummizug, Rutschfest - Markt-XXL<\/title>\n<meta name=\"description\" content=\"Markt-XXL GIESSWEIN Stans \u2013 Kinder Hausschuhe Unisex, Bequeme Baumwoll Slipper, Pantoffeln mit Punkten, Gummizug, Rutschfest\" \/>\n<meta name=\"robots\" content=\"index, follow, max-snippet:-1, max-image-preview:large, max-video-preview:-1\" \/>\n<link rel=\"canonical\" href=\"https:\/\/marktxxl.de\/markt\/produkt\/giesswein-stans-slim-fit-hohe-hausschuhe-maedchen-blau-24-eu\/\" \/>\n<meta property=\"og:locale\" content=\"de_DE\" \/>\n<meta property=\"og:type\" content=\"article\" \/>\n<meta property=\"og:title\" content=\"GIESSWEIN Stans \u2013 Kinder Hausschuhe Unisex, Bequeme Baumwoll Slipper, Pantoffeln mit Punkten, Gummizug, Rutschfest - Markt-XXL\" \/>\n<meta property=\"og:description\" content=\"Markt-XXL GIESSWEIN Stans \u2013 Kinder Hausschuhe Unisex, Bequeme Baumwoll Slipper, Pantoffeln mit Punkten, Gummizug, Rutschfest\" \/>\n<meta property=\"og:url\" content=\"https:\/\/marktxxl.de\/markt\/produkt\/giesswein-stans-slim-fit-hohe-hausschuhe-maedchen-blau-24-eu\/\" \/>\n<meta property=\"og:site_name\" content=\"Markt-XXL\" \/>\n<meta property=\"article:modified_time\" content=\"2023-04-11T00:24:36+00:00\" \/>\n<meta property=\"og:image\" content=\"https:\/\/m.media-amazon.com\/images\/I\/51dInzyX-SL._SL500_.jpg\" \/>\n\t<meta property=\"og:image:width\" content=\"500\" \/>\n\t<meta property=\"og:image:height\" content=\"500\" \/>\n\t<meta property=\"og:image:type\" content=\"image\/jpeg\" \/>\n<meta name=\"twitter:card\" content=\"summary_large_image\" \/>\n<meta name=\"twitter:label1\" content=\"Gesch\u00e4tzte Lesezeit\" \/>\n\t<meta name=\"twitter:data1\" content=\"1\u00a0Minute\" \/>\n<script type=\"application\/ld+json\" class=\"yoast-schema-graph\">{\"@context\":\"https:\\\/\\\/schema.org\",\"@graph\":[{\"@type\":\"WebPage\",\"@id\":\"https:\\\/\\\/marktxxl.de\\\/markt\\\/produkt\\\/giesswein-stans-slim-fit-hohe-hausschuhe-maedchen-blau-24-eu\\\/\",\"url\":\"https:\\\/\\\/marktxxl.de\\\/markt\\\/produkt\\\/giesswein-stans-slim-fit-hohe-hausschuhe-maedchen-blau-24-eu\\\/\",\"name\":\"GIESSWEIN Stans \u2013 Kinder Hausschuhe Unisex, Bequeme Baumwoll Slipper, Pantoffeln mit Punkten, Gummizug, Rutschfest - Markt-XXL\",\"isPartOf\":{\"@id\":\"https:\\\/\\\/marktxxl.de\\\/markt\\\/#website\"},\"primaryImageOfPage\":{\"@id\":\"https:\\\/\\\/marktxxl.de\\\/markt\\\/produkt\\\/giesswein-stans-slim-fit-hohe-hausschuhe-maedchen-blau-24-eu\\\/#primaryimage\"},\"image\":{\"@id\":\"https:\\\/\\\/marktxxl.de\\\/markt\\\/produkt\\\/giesswein-stans-slim-fit-hohe-hausschuhe-maedchen-blau-24-eu\\\/#primaryimage\"},\"thumbnailUrl\":\"https:\\\/\\\/m.media-amazon.com\\\/images\\\/I\\\/51dInzyX-SL._SL500_.jpg\",\"datePublished\":\"2021-10-16T07:03:49+00:00\",\"dateModified\":\"2023-04-11T00:24:36+00:00\",\"description\":\"Markt-XXL GIESSWEIN Stans \u2013 Kinder Hausschuhe Unisex, Bequeme Baumwoll Slipper, Pantoffeln mit Punkten, Gummizug, Rutschfest\",\"breadcrumb\":{\"@id\":\"https:\\\/\\\/marktxxl.de\\\/markt\\\/produkt\\\/giesswein-stans-slim-fit-hohe-hausschuhe-maedchen-blau-24-eu\\\/#breadcrumb\"},\"inLanguage\":\"de\",\"potentialAction\":[{\"@type\":\"ReadAction\",\"target\":[\"https:\\\/\\\/marktxxl.de\\\/markt\\\/produkt\\\/giesswein-stans-slim-fit-hohe-hausschuhe-maedchen-blau-24-eu\\\/\"]}]},{\"@type\":\"ImageObject\",\"inLanguage\":\"de\",\"@id\":\"https:\\\/\\\/marktxxl.de\\\/markt\\\/produkt\\\/giesswein-stans-slim-fit-hohe-hausschuhe-maedchen-blau-24-eu\\\/#primaryimage\",\"url\":\"https:\\\/\\\/m.media-amazon.com\\\/images\\\/I\\\/51dInzyX-SL._SL500_.jpg\",\"contentUrl\":\"https:\\\/\\\/m.media-amazon.com\\\/images\\\/I\\\/51dInzyX-SL._SL500_.jpg\",\"width\":500,\"height\":500},{\"@type\":\"BreadcrumbList\",\"@id\":\"https:\\\/\\\/marktxxl.de\\\/markt\\\/produkt\\\/giesswein-stans-slim-fit-hohe-hausschuhe-maedchen-blau-24-eu\\\/#breadcrumb\",\"itemListElement\":[{\"@type\":\"ListItem\",\"position\":1,\"name\":\"Startseite\",\"item\":\"https:\\\/\\\/marktxxl.de\\\/markt\\\/\"},{\"@type\":\"ListItem\",\"position\":2,\"name\":\"Markt\",\"item\":\"https:\\\/\\\/marktxxl.de\\\/markt\\\/\"},{\"@type\":\"ListItem\",\"position\":3,\"name\":\"GIESSWEIN Stans \u2013 Kinder Hausschuhe Unisex, Bequeme Baumwoll Slipper, Pantoffeln mit Punkten, Gummizug, Rutschfest\"}]},{\"@type\":\"WebSite\",\"@id\":\"https:\\\/\\\/marktxxl.de\\\/markt\\\/#website\",\"url\":\"https:\\\/\\\/marktxxl.de\\\/markt\\\/\",\"name\":\"Markt-XXL\",\"description\":\"Ihr Markt Online\",\"publisher\":{\"@id\":\"https:\\\/\\\/marktxxl.de\\\/markt\\\/#organization\"},\"potentialAction\":[{\"@type\":\"SearchAction\",\"target\":{\"@type\":\"EntryPoint\",\"urlTemplate\":\"https:\\\/\\\/marktxxl.de\\\/markt\\\/?s={search_term_string}\"},\"query-input\":{\"@type\":\"PropertyValueSpecification\",\"valueRequired\":true,\"valueName\":\"search_term_string\"}}],\"inLanguage\":\"de\"},{\"@type\":\"Organization\",\"@id\":\"https:\\\/\\\/marktxxl.de\\\/markt\\\/#organization\",\"name\":\"Markt-XXL\",\"url\":\"https:\\\/\\\/marktxxl.de\\\/markt\\\/\",\"logo\":{\"@type\":\"ImageObject\",\"inLanguage\":\"de\",\"@id\":\"https:\\\/\\\/marktxxl.de\\\/markt\\\/#\\\/schema\\\/logo\\\/image\\\/\",\"url\":\"https:\\\/\\\/marktxxl.de\\\/markt\\\/wp-content\\\/uploads\\\/sites\\\/3\\\/2020\\\/12\\\/logo.png\",\"contentUrl\":\"https:\\\/\\\/marktxxl.de\\\/markt\\\/wp-content\\\/uploads\\\/sites\\\/3\\\/2020\\\/12\\\/logo.png\",\"width\":200,\"height\":70,\"caption\":\"Markt-XXL\"},\"image\":{\"@id\":\"https:\\\/\\\/marktxxl.de\\\/markt\\\/#\\\/schema\\\/logo\\\/image\\\/\"}}]}<\/script>\n<!-- \/ Yoast SEO plugin. -->","yoast_head_json":{"title":"GIESSWEIN Stans \u2013 Kinder Hausschuhe Unisex, Bequeme Baumwoll Slipper, Pantoffeln mit Punkten, Gummizug, Rutschfest - Markt-XXL","description":"Markt-XXL GIESSWEIN Stans \u2013 Kinder Hausschuhe Unisex, Bequeme Baumwoll Slipper, Pantoffeln mit Punkten, Gummizug, Rutschfest","robots":{"index":"index","follow":"follow","max-snippet":"max-snippet:-1","max-image-preview":"max-image-preview:large","max-video-preview":"max-video-preview:-1"},"canonical":"https:\/\/marktxxl.de\/markt\/produkt\/giesswein-stans-slim-fit-hohe-hausschuhe-maedchen-blau-24-eu\/","og_locale":"de_DE","og_type":"article","og_title":"GIESSWEIN Stans \u2013 Kinder Hausschuhe Unisex, Bequeme Baumwoll Slipper, Pantoffeln mit Punkten, Gummizug, Rutschfest - Markt-XXL","og_description":"Markt-XXL GIESSWEIN Stans \u2013 Kinder Hausschuhe Unisex, Bequeme Baumwoll Slipper, Pantoffeln mit Punkten, Gummizug, Rutschfest","og_url":"https:\/\/marktxxl.de\/markt\/produkt\/giesswein-stans-slim-fit-hohe-hausschuhe-maedchen-blau-24-eu\/","og_site_name":"Markt-XXL","article_modified_time":"2023-04-11T00:24:36+00:00","og_image":[{"width":500,"height":500,"url":"https:\/\/m.media-amazon.com\/images\/I\/51dInzyX-SL._SL500_.jpg","type":"image\/jpeg"}],"twitter_card":"summary_large_image","twitter_misc":{"Gesch\u00e4tzte Lesezeit":"1\u00a0Minute"},"schema":{"@context":"https:\/\/schema.org","@graph":[{"@type":"WebPage","@id":"https:\/\/marktxxl.de\/markt\/produkt\/giesswein-stans-slim-fit-hohe-hausschuhe-maedchen-blau-24-eu\/","url":"https:\/\/marktxxl.de\/markt\/produkt\/giesswein-stans-slim-fit-hohe-hausschuhe-maedchen-blau-24-eu\/","name":"GIESSWEIN Stans \u2013 Kinder Hausschuhe Unisex, Bequeme Baumwoll Slipper, Pantoffeln mit Punkten, Gummizug, Rutschfest - Markt-XXL","isPartOf":{"@id":"https:\/\/marktxxl.de\/markt\/#website"},"primaryImageOfPage":{"@id":"https:\/\/marktxxl.de\/markt\/produkt\/giesswein-stans-slim-fit-hohe-hausschuhe-maedchen-blau-24-eu\/#primaryimage"},"image":{"@id":"https:\/\/marktxxl.de\/markt\/produkt\/giesswein-stans-slim-fit-hohe-hausschuhe-maedchen-blau-24-eu\/#primaryimage"},"thumbnailUrl":"https:\/\/m.media-amazon.com\/images\/I\/51dInzyX-SL._SL500_.jpg","datePublished":"2021-10-16T07:03:49+00:00","dateModified":"2023-04-11T00:24:36+00:00","description":"Markt-XXL GIESSWEIN Stans \u2013 Kinder Hausschuhe Unisex, Bequeme Baumwoll Slipper, Pantoffeln mit Punkten, Gummizug, Rutschfest","breadcrumb":{"@id":"https:\/\/marktxxl.de\/markt\/produkt\/giesswein-stans-slim-fit-hohe-hausschuhe-maedchen-blau-24-eu\/#breadcrumb"},"inLanguage":"de","potentialAction":[{"@type":"ReadAction","target":["https:\/\/marktxxl.de\/markt\/produkt\/giesswein-stans-slim-fit-hohe-hausschuhe-maedchen-blau-24-eu\/"]}]},{"@type":"ImageObject","inLanguage":"de","@id":"https:\/\/marktxxl.de\/markt\/produkt\/giesswein-stans-slim-fit-hohe-hausschuhe-maedchen-blau-24-eu\/#primaryimage","url":"https:\/\/m.media-amazon.com\/images\/I\/51dInzyX-SL._SL500_.jpg","contentUrl":"https:\/\/m.media-amazon.com\/images\/I\/51dInzyX-SL._SL500_.jpg","width":500,"height":500},{"@type":"BreadcrumbList","@id":"https:\/\/marktxxl.de\/markt\/produkt\/giesswein-stans-slim-fit-hohe-hausschuhe-maedchen-blau-24-eu\/#breadcrumb","itemListElement":[{"@type":"ListItem","position":1,"name":"Startseite","item":"https:\/\/marktxxl.de\/markt\/"},{"@type":"ListItem","position":2,"name":"Markt","item":"https:\/\/marktxxl.de\/markt\/"},{"@type":"ListItem","position":3,"name":"GIESSWEIN Stans \u2013 Kinder Hausschuhe Unisex, Bequeme Baumwoll Slipper, Pantoffeln mit Punkten, Gummizug, Rutschfest"}]},{"@type":"WebSite","@id":"https:\/\/marktxxl.de\/markt\/#website","url":"https:\/\/marktxxl.de\/markt\/","name":"Markt-XXL","description":"Ihr Markt Online","publisher":{"@id":"https:\/\/marktxxl.de\/markt\/#organization"},"potentialAction":[{"@type":"SearchAction","target":{"@type":"EntryPoint","urlTemplate":"https:\/\/marktxxl.de\/markt\/?s={search_term_string}"},"query-input":{"@type":"PropertyValueSpecification","valueRequired":true,"valueName":"search_term_string"}}],"inLanguage":"de"},{"@type":"Organization","@id":"https:\/\/marktxxl.de\/markt\/#organization","name":"Markt-XXL","url":"https:\/\/marktxxl.de\/markt\/","logo":{"@type":"ImageObject","inLanguage":"de","@id":"https:\/\/marktxxl.de\/markt\/#\/schema\/logo\/image\/","url":"https:\/\/marktxxl.de\/markt\/wp-content\/uploads\/sites\/3\/2020\/12\/logo.png","contentUrl":"https:\/\/marktxxl.de\/markt\/wp-content\/uploads\/sites\/3\/2020\/12\/logo.png","width":200,"height":70,"caption":"Markt-XXL"},"image":{"@id":"https:\/\/marktxxl.de\/markt\/#\/schema\/logo\/image\/"}}]}},"_links":{"self":[{"href":"https:\/\/marktxxl.de\/markt\/wp-json\/wp\/v2\/product\/57825","targetHints":{"allow":["GET"]}}],"collection":[{"href":"https:\/\/marktxxl.de\/markt\/wp-json\/wp\/v2\/product"}],"about":[{"href":"https:\/\/marktxxl.de\/markt\/wp-json\/wp\/v2\/types\/product"}],"replies":[{"embeddable":true,"href":"https:\/\/marktxxl.de\/markt\/wp-json\/wp\/v2\/comments?post=57825"}],"wp:featuredmedia":[{"embeddable":true,"href":"https:\/\/marktxxl.de\/markt\/wp-json\/wp\/v2\/media\/57826"}],"wp:attachment":[{"href":"https:\/\/marktxxl.de\/markt\/wp-json\/wp\/v2\/media?parent=57825"}],"wp:term":[{"taxonomy":"product_brand","embeddable":true,"href":"https:\/\/marktxxl.de\/markt\/wp-json\/wp\/v2\/product_brand?post=57825"},{"taxonomy":"product_cat","embeddable":true,"href":"https:\/\/marktxxl.de\/markt\/wp-json\/wp\/v2\/product_cat?post=57825"},{"taxonomy":"product_tag","embeddable":true,"href":"https:\/\/marktxxl.de\/markt\/wp-json\/wp\/v2\/product_tag?post=57825"}],"curies":[{"name":"wp","href":"https:\/\/api.w.org\/{rel}","templated":true}]}}