{"id":57712,"date":"2021-10-14T01:19:20","date_gmt":"2021-10-13T23:19:20","guid":{"rendered":"https:\/\/marktxxl.de\/markt\/produkt\/bxroiu-solar-lichtschlauch-lichterkette10-meter-100-leds-wasserdicht-aussenlichterkette-led-lichterketten-fuer-hochzeit-party-und-weihnachten-weihnachtsbeleuchtung\/"},"modified":"2023-04-11T02:24:35","modified_gmt":"2023-04-11T00:24:35","slug":"bxroiu-solar-lichtschlauch-lichterkette10-meter-100-leds-wasserdicht-aussenlichterkette-led-lichterketten-fuer-hochzeit-party-und-weihnachten-weihnachtsbeleuchtung","status":"publish","type":"product","link":"https:\/\/marktxxl.de\/markt\/produkt\/bxroiu-solar-lichtschlauch-lichterkette10-meter-100-leds-wasserdicht-aussenlichterkette-led-lichterketten-fuer-hochzeit-party-und-weihnachten-weihnachtsbeleuchtung\/","title":{"rendered":"BXROIU Solar Lichtschlauch Lichterkette,10 Meter 100 LEDs Wasserdicht Au\u00dfenlichterkette, LED Lichterketten f\u00fcr Hochzeit\u2026"},"content":{"rendered":"<p>[Betrieben von Solarenergie] \u200bMit der Solar Lichterschlauch Lichterkette f\u00fcr Au\u00dfen k\u00f6nnen Sie viel Stromkosken sparen und die M\u00fche der Suche nach Steckdosen im Freien vermeiden. Die Lichterkette l\u00e4dt sich tags\u00fcber automatisch auf und schaltet sich bei der D\u00e4mmerung automatisch ein. Tipps: 1. Bitte stellen Sie sicher, dass sie beim Einschalten mindestens 6 &#8211; 8 Stunden in der Sonne aufgeladen wird; 2. Die tats\u00e4chliche Arbeitszeit h\u00e4ngt vom Ladezustand des Tages ab (sonnig\/bew\u00f6lkt).<br \/>\n[100 Lampenperlen] Die Solar Lichterkette mit 100er LED ist mit 10m Meter Lichterschlauch ausgestattet , die Lichtwirkung ist sehr stabil. Perfekte Dekoration f\u00fcr Garten, Balkon, Tor, Hof, Hochzeit, Party usw.<br \/>\n[2 Beleuchtungsmodi] Konstantlicht &#8211; Blinken. Sie k\u00f6nnen den gew\u00fcnschten Modus f\u00fcr verschiedene Gelegenheiten ausw\u00e4hlen.<br \/>\n[Wasserdicht] Die Solar Lichterkette wurde speziell f\u00fcr den Einsatz im Au\u00dfenbereich entwickelt, weshalb Sie sich keine Sorgen um regnerische Tage machen m\u00fcssen. Aber bitte beachten, der Solarpanel-Teil nicht in Wasser eingeweicht werden k\u00f6nnen.<br \/>\n[Tipps]: 1. Bitte stellen Sie sicher, dass sie beim Einschalten mindestens 6 &#8211; 8 Stunden in der Sonne aufgeladen wird; 2. Die tats\u00e4chliche Arbeitszeit h\u00e4ngt vom Ladezustand des Tages ab (sonnig\/bew\u00f6lkt).<br \/>\n<div class=\"main-cross-sell\" data-asin=\"B07CV4KFSW\">\n\n\t<div class=\"WooZone-cross-sell-loader\">\n\t\t<div>\n\t\t\t<div id=\"floatingBarsG\">\n\t\t\t\t<div class=\"blockG\" id=\"rotateG_01\"><\/div>\n\t\t\t\t<div class=\"blockG\" id=\"rotateG_02\"><\/div>\n\t\t\t\t<div class=\"blockG\" id=\"rotateG_03\"><\/div>\n\t\t\t\t<div class=\"blockG\" id=\"rotateG_04\"><\/div>\n\t\t\t\t<div class=\"blockG\" id=\"rotateG_05\"><\/div>\n\t\t\t\t<div class=\"blockG\" id=\"rotateG_06\"><\/div>\n\t\t\t\t<div class=\"blockG\" id=\"rotateG_07\"><\/div>\n\t\t\t\t<div class=\"blockG\" id=\"rotateG_08\"><\/div>\n\t\t\t<\/div>\n\t\t\t<div class=\"WooZone-cross-sell-loader-text\"><\/div>\n\t\t<\/div>\n\t<\/div>\n\n\t\t\n<\/div>\n<div style=\"clear:both;\"><\/div><\/p>\n","protected":false},"excerpt":{"rendered":"<p>[Betrieben von Solarenergie] \u200bMit der Solar Lichterschlauch Lichterkette f\u00fcr Au\u00dfen k\u00f6nnen Sie viel Stromkosken sparen und die M\u00fche der Suche nach Steckdosen im Freien vermeiden. Die Lichterkette l\u00e4dt sich tags\u00fcber automatisch auf und schaltet sich bei der D\u00e4mmerung automatisch ein. Tipps: 1. Bitte stellen Sie sicher, dass sie beim Einschalten mindestens 6 &#8211; 8 Stunden in der Sonne aufgeladen wird; 2. Die tats\u00e4chliche Arbeitszeit h\u00e4ngt vom Ladezustand des Tages ab (sonnig\/bew\u00f6lkt).<br \/>\n[100 Lampenperlen] Die Solar Lichterkette mit 100er LED ist mit 10m Meter Lichterschlauch ausgestattet , die Lichtwirkung ist sehr stabil. Perfekte Dekoration f\u00fcr Garten, Balkon, Tor, Hof, Hochzeit, Party usw.<br \/>\n[2 Beleuchtungsmodi] Konstantlicht &#8211; Blinken. Sie k\u00f6nnen den gew\u00fcnschten Modus f\u00fcr verschiedene Gelegenheiten ausw\u00e4hlen.<\/p>\n","protected":false},"featured_media":57713,"comment_status":"open","ping_status":"closed","template":"","meta":[],"product_brand":[],"product_cat":[2108,15623],"product_tag":[],"class_list":{"0":"post-57712","1":"product","2":"type-product","3":"status-publish","4":"has-post-thumbnail","6":"product_cat-beleuchtung","7":"product_cat-lichtschlaeuche","8":"pa_brand-bxroiu","9":"pa_manufacturer-bxroiu","10":"pa_model-vct-slc026","11":"pa_weight-0-8157103694-pfund","13":"first","14":"instock","15":"shipping-taxable","16":"purchasable","17":"product-type-simple","18":"customify-col","19":"product-has-gallery"},"yoast_head":"<!-- This site is optimized with the Yoast SEO plugin v27.4 - https:\/\/yoast.com\/product\/yoast-seo-wordpress\/ -->\n<title>BXROIU Solar Lichtschlauch Lichterkette,10 Meter 100 LEDs Wasserdicht Au\u00dfenlichterkette, LED Lichterketten f\u00fcr Hochzeit\u2026 - Markt-XXL<\/title>\n<meta name=\"description\" content=\"Markt-XXL BXROIU Solar Lichtschlauch Lichterkette,10 Meter 100 LEDs Wasserdicht Au\u00dfenlichterkette, LED Lichterketten f\u00fcr Hochzeit\u2026\" \/>\n<meta name=\"robots\" content=\"index, follow, max-snippet:-1, max-image-preview:large, max-video-preview:-1\" \/>\n<link rel=\"canonical\" href=\"https:\/\/marktxxl.de\/markt\/produkt\/bxroiu-solar-lichtschlauch-lichterkette10-meter-100-leds-wasserdicht-aussenlichterkette-led-lichterketten-fuer-hochzeit-party-und-weihnachten-weihnachtsbeleuchtung\/\" \/>\n<meta property=\"og:locale\" content=\"de_DE\" \/>\n<meta property=\"og:type\" content=\"article\" \/>\n<meta property=\"og:title\" content=\"BXROIU Solar Lichtschlauch Lichterkette,10 Meter 100 LEDs Wasserdicht Au\u00dfenlichterkette, LED Lichterketten f\u00fcr Hochzeit\u2026 - Markt-XXL\" \/>\n<meta property=\"og:description\" content=\"Markt-XXL BXROIU Solar Lichtschlauch Lichterkette,10 Meter 100 LEDs Wasserdicht Au\u00dfenlichterkette, LED Lichterketten f\u00fcr Hochzeit\u2026\" \/>\n<meta property=\"og:url\" content=\"https:\/\/marktxxl.de\/markt\/produkt\/bxroiu-solar-lichtschlauch-lichterkette10-meter-100-leds-wasserdicht-aussenlichterkette-led-lichterketten-fuer-hochzeit-party-und-weihnachten-weihnachtsbeleuchtung\/\" \/>\n<meta property=\"og:site_name\" content=\"Markt-XXL\" \/>\n<meta property=\"article:modified_time\" content=\"2023-04-11T00:24:35+00:00\" \/>\n<meta property=\"og:image\" content=\"https:\/\/m.media-amazon.com\/images\/I\/51eRHRIVoEL._SL500_.jpg\" \/>\n\t<meta property=\"og:image:width\" content=\"500\" \/>\n\t<meta property=\"og:image:height\" content=\"500\" \/>\n\t<meta property=\"og:image:type\" content=\"image\/jpeg\" \/>\n<meta name=\"twitter:card\" content=\"summary_large_image\" \/>\n<meta name=\"twitter:label1\" content=\"Gesch\u00e4tzte Lesezeit\" \/>\n\t<meta name=\"twitter:data1\" content=\"1\u00a0Minute\" \/>\n<script type=\"application\/ld+json\" class=\"yoast-schema-graph\">{\"@context\":\"https:\\\/\\\/schema.org\",\"@graph\":[{\"@type\":\"WebPage\",\"@id\":\"https:\\\/\\\/marktxxl.de\\\/markt\\\/produkt\\\/bxroiu-solar-lichtschlauch-lichterkette10-meter-100-leds-wasserdicht-aussenlichterkette-led-lichterketten-fuer-hochzeit-party-und-weihnachten-weihnachtsbeleuchtung\\\/\",\"url\":\"https:\\\/\\\/marktxxl.de\\\/markt\\\/produkt\\\/bxroiu-solar-lichtschlauch-lichterkette10-meter-100-leds-wasserdicht-aussenlichterkette-led-lichterketten-fuer-hochzeit-party-und-weihnachten-weihnachtsbeleuchtung\\\/\",\"name\":\"BXROIU Solar Lichtschlauch Lichterkette,10 Meter 100 LEDs Wasserdicht Au\u00dfenlichterkette, LED Lichterketten f\u00fcr Hochzeit\u2026 - Markt-XXL\",\"isPartOf\":{\"@id\":\"https:\\\/\\\/marktxxl.de\\\/markt\\\/#website\"},\"primaryImageOfPage\":{\"@id\":\"https:\\\/\\\/marktxxl.de\\\/markt\\\/produkt\\\/bxroiu-solar-lichtschlauch-lichterkette10-meter-100-leds-wasserdicht-aussenlichterkette-led-lichterketten-fuer-hochzeit-party-und-weihnachten-weihnachtsbeleuchtung\\\/#primaryimage\"},\"image\":{\"@id\":\"https:\\\/\\\/marktxxl.de\\\/markt\\\/produkt\\\/bxroiu-solar-lichtschlauch-lichterkette10-meter-100-leds-wasserdicht-aussenlichterkette-led-lichterketten-fuer-hochzeit-party-und-weihnachten-weihnachtsbeleuchtung\\\/#primaryimage\"},\"thumbnailUrl\":\"https:\\\/\\\/m.media-amazon.com\\\/images\\\/I\\\/51eRHRIVoEL._SL500_.jpg\",\"datePublished\":\"2021-10-13T23:19:20+00:00\",\"dateModified\":\"2023-04-11T00:24:35+00:00\",\"description\":\"Markt-XXL BXROIU Solar Lichtschlauch Lichterkette,10 Meter 100 LEDs Wasserdicht Au\u00dfenlichterkette, LED Lichterketten f\u00fcr Hochzeit\u2026\",\"breadcrumb\":{\"@id\":\"https:\\\/\\\/marktxxl.de\\\/markt\\\/produkt\\\/bxroiu-solar-lichtschlauch-lichterkette10-meter-100-leds-wasserdicht-aussenlichterkette-led-lichterketten-fuer-hochzeit-party-und-weihnachten-weihnachtsbeleuchtung\\\/#breadcrumb\"},\"inLanguage\":\"de\",\"potentialAction\":[{\"@type\":\"ReadAction\",\"target\":[\"https:\\\/\\\/marktxxl.de\\\/markt\\\/produkt\\\/bxroiu-solar-lichtschlauch-lichterkette10-meter-100-leds-wasserdicht-aussenlichterkette-led-lichterketten-fuer-hochzeit-party-und-weihnachten-weihnachtsbeleuchtung\\\/\"]}]},{\"@type\":\"ImageObject\",\"inLanguage\":\"de\",\"@id\":\"https:\\\/\\\/marktxxl.de\\\/markt\\\/produkt\\\/bxroiu-solar-lichtschlauch-lichterkette10-meter-100-leds-wasserdicht-aussenlichterkette-led-lichterketten-fuer-hochzeit-party-und-weihnachten-weihnachtsbeleuchtung\\\/#primaryimage\",\"url\":\"https:\\\/\\\/m.media-amazon.com\\\/images\\\/I\\\/51eRHRIVoEL._SL500_.jpg\",\"contentUrl\":\"https:\\\/\\\/m.media-amazon.com\\\/images\\\/I\\\/51eRHRIVoEL._SL500_.jpg\",\"width\":500,\"height\":500},{\"@type\":\"BreadcrumbList\",\"@id\":\"https:\\\/\\\/marktxxl.de\\\/markt\\\/produkt\\\/bxroiu-solar-lichtschlauch-lichterkette10-meter-100-leds-wasserdicht-aussenlichterkette-led-lichterketten-fuer-hochzeit-party-und-weihnachten-weihnachtsbeleuchtung\\\/#breadcrumb\",\"itemListElement\":[{\"@type\":\"ListItem\",\"position\":1,\"name\":\"Startseite\",\"item\":\"https:\\\/\\\/marktxxl.de\\\/markt\\\/\"},{\"@type\":\"ListItem\",\"position\":2,\"name\":\"Markt\",\"item\":\"https:\\\/\\\/marktxxl.de\\\/markt\\\/\"},{\"@type\":\"ListItem\",\"position\":3,\"name\":\"BXROIU Solar Lichtschlauch Lichterkette,10 Meter 100 LEDs Wasserdicht Au\u00dfenlichterkette, LED Lichterketten f\u00fcr Hochzeit\u2026\"}]},{\"@type\":\"WebSite\",\"@id\":\"https:\\\/\\\/marktxxl.de\\\/markt\\\/#website\",\"url\":\"https:\\\/\\\/marktxxl.de\\\/markt\\\/\",\"name\":\"Markt-XXL\",\"description\":\"Ihr Markt Online\",\"publisher\":{\"@id\":\"https:\\\/\\\/marktxxl.de\\\/markt\\\/#organization\"},\"potentialAction\":[{\"@type\":\"SearchAction\",\"target\":{\"@type\":\"EntryPoint\",\"urlTemplate\":\"https:\\\/\\\/marktxxl.de\\\/markt\\\/?s={search_term_string}\"},\"query-input\":{\"@type\":\"PropertyValueSpecification\",\"valueRequired\":true,\"valueName\":\"search_term_string\"}}],\"inLanguage\":\"de\"},{\"@type\":\"Organization\",\"@id\":\"https:\\\/\\\/marktxxl.de\\\/markt\\\/#organization\",\"name\":\"Markt-XXL\",\"url\":\"https:\\\/\\\/marktxxl.de\\\/markt\\\/\",\"logo\":{\"@type\":\"ImageObject\",\"inLanguage\":\"de\",\"@id\":\"https:\\\/\\\/marktxxl.de\\\/markt\\\/#\\\/schema\\\/logo\\\/image\\\/\",\"url\":\"https:\\\/\\\/marktxxl.de\\\/markt\\\/wp-content\\\/uploads\\\/sites\\\/3\\\/2020\\\/12\\\/logo.png\",\"contentUrl\":\"https:\\\/\\\/marktxxl.de\\\/markt\\\/wp-content\\\/uploads\\\/sites\\\/3\\\/2020\\\/12\\\/logo.png\",\"width\":200,\"height\":70,\"caption\":\"Markt-XXL\"},\"image\":{\"@id\":\"https:\\\/\\\/marktxxl.de\\\/markt\\\/#\\\/schema\\\/logo\\\/image\\\/\"}}]}<\/script>\n<!-- \/ Yoast SEO plugin. -->","yoast_head_json":{"title":"BXROIU Solar Lichtschlauch Lichterkette,10 Meter 100 LEDs Wasserdicht Au\u00dfenlichterkette, LED Lichterketten f\u00fcr Hochzeit\u2026 - Markt-XXL","description":"Markt-XXL BXROIU Solar Lichtschlauch Lichterkette,10 Meter 100 LEDs Wasserdicht Au\u00dfenlichterkette, LED Lichterketten f\u00fcr Hochzeit\u2026","robots":{"index":"index","follow":"follow","max-snippet":"max-snippet:-1","max-image-preview":"max-image-preview:large","max-video-preview":"max-video-preview:-1"},"canonical":"https:\/\/marktxxl.de\/markt\/produkt\/bxroiu-solar-lichtschlauch-lichterkette10-meter-100-leds-wasserdicht-aussenlichterkette-led-lichterketten-fuer-hochzeit-party-und-weihnachten-weihnachtsbeleuchtung\/","og_locale":"de_DE","og_type":"article","og_title":"BXROIU Solar Lichtschlauch Lichterkette,10 Meter 100 LEDs Wasserdicht Au\u00dfenlichterkette, LED Lichterketten f\u00fcr Hochzeit\u2026 - Markt-XXL","og_description":"Markt-XXL BXROIU Solar Lichtschlauch Lichterkette,10 Meter 100 LEDs Wasserdicht Au\u00dfenlichterkette, LED Lichterketten f\u00fcr Hochzeit\u2026","og_url":"https:\/\/marktxxl.de\/markt\/produkt\/bxroiu-solar-lichtschlauch-lichterkette10-meter-100-leds-wasserdicht-aussenlichterkette-led-lichterketten-fuer-hochzeit-party-und-weihnachten-weihnachtsbeleuchtung\/","og_site_name":"Markt-XXL","article_modified_time":"2023-04-11T00:24:35+00:00","og_image":[{"width":500,"height":500,"url":"https:\/\/m.media-amazon.com\/images\/I\/51eRHRIVoEL._SL500_.jpg","type":"image\/jpeg"}],"twitter_card":"summary_large_image","twitter_misc":{"Gesch\u00e4tzte Lesezeit":"1\u00a0Minute"},"schema":{"@context":"https:\/\/schema.org","@graph":[{"@type":"WebPage","@id":"https:\/\/marktxxl.de\/markt\/produkt\/bxroiu-solar-lichtschlauch-lichterkette10-meter-100-leds-wasserdicht-aussenlichterkette-led-lichterketten-fuer-hochzeit-party-und-weihnachten-weihnachtsbeleuchtung\/","url":"https:\/\/marktxxl.de\/markt\/produkt\/bxroiu-solar-lichtschlauch-lichterkette10-meter-100-leds-wasserdicht-aussenlichterkette-led-lichterketten-fuer-hochzeit-party-und-weihnachten-weihnachtsbeleuchtung\/","name":"BXROIU Solar Lichtschlauch Lichterkette,10 Meter 100 LEDs Wasserdicht Au\u00dfenlichterkette, LED Lichterketten f\u00fcr Hochzeit\u2026 - Markt-XXL","isPartOf":{"@id":"https:\/\/marktxxl.de\/markt\/#website"},"primaryImageOfPage":{"@id":"https:\/\/marktxxl.de\/markt\/produkt\/bxroiu-solar-lichtschlauch-lichterkette10-meter-100-leds-wasserdicht-aussenlichterkette-led-lichterketten-fuer-hochzeit-party-und-weihnachten-weihnachtsbeleuchtung\/#primaryimage"},"image":{"@id":"https:\/\/marktxxl.de\/markt\/produkt\/bxroiu-solar-lichtschlauch-lichterkette10-meter-100-leds-wasserdicht-aussenlichterkette-led-lichterketten-fuer-hochzeit-party-und-weihnachten-weihnachtsbeleuchtung\/#primaryimage"},"thumbnailUrl":"https:\/\/m.media-amazon.com\/images\/I\/51eRHRIVoEL._SL500_.jpg","datePublished":"2021-10-13T23:19:20+00:00","dateModified":"2023-04-11T00:24:35+00:00","description":"Markt-XXL BXROIU Solar Lichtschlauch Lichterkette,10 Meter 100 LEDs Wasserdicht Au\u00dfenlichterkette, LED Lichterketten f\u00fcr Hochzeit\u2026","breadcrumb":{"@id":"https:\/\/marktxxl.de\/markt\/produkt\/bxroiu-solar-lichtschlauch-lichterkette10-meter-100-leds-wasserdicht-aussenlichterkette-led-lichterketten-fuer-hochzeit-party-und-weihnachten-weihnachtsbeleuchtung\/#breadcrumb"},"inLanguage":"de","potentialAction":[{"@type":"ReadAction","target":["https:\/\/marktxxl.de\/markt\/produkt\/bxroiu-solar-lichtschlauch-lichterkette10-meter-100-leds-wasserdicht-aussenlichterkette-led-lichterketten-fuer-hochzeit-party-und-weihnachten-weihnachtsbeleuchtung\/"]}]},{"@type":"ImageObject","inLanguage":"de","@id":"https:\/\/marktxxl.de\/markt\/produkt\/bxroiu-solar-lichtschlauch-lichterkette10-meter-100-leds-wasserdicht-aussenlichterkette-led-lichterketten-fuer-hochzeit-party-und-weihnachten-weihnachtsbeleuchtung\/#primaryimage","url":"https:\/\/m.media-amazon.com\/images\/I\/51eRHRIVoEL._SL500_.jpg","contentUrl":"https:\/\/m.media-amazon.com\/images\/I\/51eRHRIVoEL._SL500_.jpg","width":500,"height":500},{"@type":"BreadcrumbList","@id":"https:\/\/marktxxl.de\/markt\/produkt\/bxroiu-solar-lichtschlauch-lichterkette10-meter-100-leds-wasserdicht-aussenlichterkette-led-lichterketten-fuer-hochzeit-party-und-weihnachten-weihnachtsbeleuchtung\/#breadcrumb","itemListElement":[{"@type":"ListItem","position":1,"name":"Startseite","item":"https:\/\/marktxxl.de\/markt\/"},{"@type":"ListItem","position":2,"name":"Markt","item":"https:\/\/marktxxl.de\/markt\/"},{"@type":"ListItem","position":3,"name":"BXROIU Solar Lichtschlauch Lichterkette,10 Meter 100 LEDs Wasserdicht Au\u00dfenlichterkette, LED Lichterketten f\u00fcr Hochzeit\u2026"}]},{"@type":"WebSite","@id":"https:\/\/marktxxl.de\/markt\/#website","url":"https:\/\/marktxxl.de\/markt\/","name":"Markt-XXL","description":"Ihr Markt Online","publisher":{"@id":"https:\/\/marktxxl.de\/markt\/#organization"},"potentialAction":[{"@type":"SearchAction","target":{"@type":"EntryPoint","urlTemplate":"https:\/\/marktxxl.de\/markt\/?s={search_term_string}"},"query-input":{"@type":"PropertyValueSpecification","valueRequired":true,"valueName":"search_term_string"}}],"inLanguage":"de"},{"@type":"Organization","@id":"https:\/\/marktxxl.de\/markt\/#organization","name":"Markt-XXL","url":"https:\/\/marktxxl.de\/markt\/","logo":{"@type":"ImageObject","inLanguage":"de","@id":"https:\/\/marktxxl.de\/markt\/#\/schema\/logo\/image\/","url":"https:\/\/marktxxl.de\/markt\/wp-content\/uploads\/sites\/3\/2020\/12\/logo.png","contentUrl":"https:\/\/marktxxl.de\/markt\/wp-content\/uploads\/sites\/3\/2020\/12\/logo.png","width":200,"height":70,"caption":"Markt-XXL"},"image":{"@id":"https:\/\/marktxxl.de\/markt\/#\/schema\/logo\/image\/"}}]}},"_links":{"self":[{"href":"https:\/\/marktxxl.de\/markt\/wp-json\/wp\/v2\/product\/57712","targetHints":{"allow":["GET"]}}],"collection":[{"href":"https:\/\/marktxxl.de\/markt\/wp-json\/wp\/v2\/product"}],"about":[{"href":"https:\/\/marktxxl.de\/markt\/wp-json\/wp\/v2\/types\/product"}],"replies":[{"embeddable":true,"href":"https:\/\/marktxxl.de\/markt\/wp-json\/wp\/v2\/comments?post=57712"}],"wp:featuredmedia":[{"embeddable":true,"href":"https:\/\/marktxxl.de\/markt\/wp-json\/wp\/v2\/media\/57713"}],"wp:attachment":[{"href":"https:\/\/marktxxl.de\/markt\/wp-json\/wp\/v2\/media?parent=57712"}],"wp:term":[{"taxonomy":"product_brand","embeddable":true,"href":"https:\/\/marktxxl.de\/markt\/wp-json\/wp\/v2\/product_brand?post=57712"},{"taxonomy":"product_cat","embeddable":true,"href":"https:\/\/marktxxl.de\/markt\/wp-json\/wp\/v2\/product_cat?post=57712"},{"taxonomy":"product_tag","embeddable":true,"href":"https:\/\/marktxxl.de\/markt\/wp-json\/wp\/v2\/product_tag?post=57712"}],"curies":[{"name":"wp","href":"https:\/\/api.w.org\/{rel}","templated":true}]}}