{"id":57569,"date":"2021-10-14T01:12:42","date_gmt":"2021-10-13T23:12:42","guid":{"rendered":"https:\/\/marktxxl.de\/markt\/produkt\/mifire-led-lichtechlauch-lichterkette-aussen-100er-led-10m-lichtschlauch-aussen-mit-fernbedienung-und-timer-ip65-batteriebetrieben-lichterschlauch-fuer-hochzeit-party-garten-balkon-terrasse\/"},"modified":"2023-04-11T02:24:34","modified_gmt":"2023-04-11T00:24:34","slug":"mifire-led-lichtechlauch-lichterkette-aussen-100er-led-10m-lichtschlauch-aussen-mit-fernbedienung-und-timer-ip65-batteriebetrieben-lichterschlauch-fuer-hochzeit-party-garten-balkon-terrasse","status":"publish","type":"product","link":"https:\/\/marktxxl.de\/markt\/produkt\/mifire-led-lichtechlauch-lichterkette-aussen-100er-led-10m-lichtschlauch-aussen-mit-fernbedienung-und-timer-ip65-batteriebetrieben-lichterschlauch-fuer-hochzeit-party-garten-balkon-terrasse\/","title":{"rendered":"MIFIRE LED Lichtechlauch Lichterkette Au\u00dfen, 100er LED 10M Lichtschlauch Au\u00dfen mit Fernbedienung und Timer, IP65\u2026"},"content":{"rendered":"<p>16 Farben Lichterkette: 100 dimmbare Leds auf 10m Silberdraht batteriebetrieben Lichterkette , mit 20 individuellen Farben, Wasserdicht IP65 Schutzart, 6 AA-Batterien ( NICHT im Lieferumfang )kann im Freien und im Regen verwenden<br \/>\n8 Modi &amp; Fernbedienung: Mit 24-Tasten Fernbedienung k\u00f6nnen Sie 16 Farben mit +\/-Tasten zu wahlen. 5 dynamische Modis: Automatik, Flash, Strobe, Fade, Glatt. Timing-Modi: Dr\u00fccken Sie die Timer-Taste, wird diese Lichterkette von 2-8 Stunden leuchten und ausschalten. 4 Helligkeitsstufen dimmbar: 25%, 50%, 75%, 100%. Fernsteuerungsabstand 5m.<br \/>\nAktualisierte Version mit 4 Dr\u00e4hte: Jeder Strang besteht aus 4 hochwertigen, stabilen und isolierten Silberdr\u00e4hten. Der flexible Silberdraht RGB Lichterkette kann auch leicht gebogen und in die gew\u00fcnschte Form gebracht werden.<br \/>\nAussen UND Innen Benutztung: Der Batteriekasten ist auch IP65 wasserdicht, hohe Abdichtung, sicher und ohne Sorgen \u00fcber Stromversorgung, unserer led Lichtkette kann f\u00fcr Inneneinrichtung, Falschen, Zimmer, Schlafzimmer, Badezimmer und auch Aussenbereich, Garten, Party, Camping usw, als Stimmungslicht und Weinachten Deko benutzen.<br \/>\nQualit\u00e4tsgarantie: Unser Lichterketten ist von guter Qualit\u00e4t, mit CE- und RoHS-Zertifizierung. Z\u00f6gern Sie nicht, unser Produkt zu w\u00e4hlen. Sie werden ein ausgezeichnetes Einkaufserlebnis haben.<br \/>\n<div class=\"main-cross-sell\" data-asin=\"B08FCG2G7N\">\n\n\t<div class=\"WooZone-cross-sell-loader\">\n\t\t<div>\n\t\t\t<div id=\"floatingBarsG\">\n\t\t\t\t<div class=\"blockG\" id=\"rotateG_01\"><\/div>\n\t\t\t\t<div class=\"blockG\" id=\"rotateG_02\"><\/div>\n\t\t\t\t<div class=\"blockG\" id=\"rotateG_03\"><\/div>\n\t\t\t\t<div class=\"blockG\" id=\"rotateG_04\"><\/div>\n\t\t\t\t<div class=\"blockG\" id=\"rotateG_05\"><\/div>\n\t\t\t\t<div class=\"blockG\" id=\"rotateG_06\"><\/div>\n\t\t\t\t<div class=\"blockG\" id=\"rotateG_07\"><\/div>\n\t\t\t\t<div class=\"blockG\" id=\"rotateG_08\"><\/div>\n\t\t\t<\/div>\n\t\t\t<div class=\"WooZone-cross-sell-loader-text\"><\/div>\n\t\t<\/div>\n\t<\/div>\n\n\t\t\n<\/div>\n<div style=\"clear:both;\"><\/div><\/p>\n","protected":false},"excerpt":{"rendered":"<p>16 Farben Lichterkette: 100 dimmbare Leds auf 10m Silberdraht batteriebetrieben Lichterkette , mit 20 individuellen Farben, Wasserdicht IP65 Schutzart, 6 AA-Batterien ( NICHT im Lieferumfang )kann im Freien und im Regen verwenden<br \/>\n8 Modi &amp; Fernbedienung: Mit 24-Tasten Fernbedienung k\u00f6nnen Sie 16 Farben mit +\/-Tasten zu wahlen. 5 dynamische Modis: Automatik, Flash, Strobe, Fade, Glatt. Timing-Modi: Dr\u00fccken Sie die Timer-Taste, wird diese Lichterkette von 2-8 Stunden leuchten und ausschalten. 4 Helligkeitsstufen dimmbar: 25%, 50%, 75%, 100%. Fernsteuerungsabstand 5m.<br \/>\nAktualisierte Version mit 4 Dr\u00e4hte: Jeder Strang besteht aus 4 hochwertigen, stabilen und isolierten Silberdr\u00e4hten. Der flexible Silberdraht RGB Lichterkette kann auch leicht gebogen und in die gew\u00fcnschte Form gebracht werden.<\/p>\n","protected":false},"featured_media":57570,"comment_status":"open","ping_status":"closed","template":"","meta":[],"product_brand":[],"product_cat":[2108,15623],"product_tag":[],"class_list":{"0":"post-57569","1":"product","2":"type-product","3":"status-publish","4":"has-post-thumbnail","6":"product_cat-beleuchtung","7":"product_cat-lichtschlaeuche","8":"pa_brand-mifire","9":"pa_height-2-755905509-zoll","10":"pa_languages-unbekannt-englisch","11":"pa_length-4-724409444-zoll","12":"pa_manufacturer-mifire","13":"pa_weight-0-4188782978-pfund","14":"pa_width-4-724409444-zoll","16":"first","17":"instock","18":"shipping-taxable","19":"purchasable","20":"product-type-simple","21":"customify-col","22":"product-has-gallery"},"yoast_head":"<!-- This site is optimized with the Yoast SEO plugin v27.4 - https:\/\/yoast.com\/product\/yoast-seo-wordpress\/ -->\n<title>MIFIRE LED Lichtechlauch Lichterkette Au\u00dfen, 100er LED 10M Lichtschlauch Au\u00dfen mit Fernbedienung und Timer, IP65\u2026 - Markt-XXL<\/title>\n<meta name=\"description\" content=\"Markt-XXL MIFIRE LED Lichtechlauch Lichterkette Au\u00dfen, 100er LED 10M Lichtschlauch Au\u00dfen mit Fernbedienung und Timer, IP65\u2026\" \/>\n<meta name=\"robots\" content=\"index, follow, max-snippet:-1, max-image-preview:large, max-video-preview:-1\" \/>\n<link rel=\"canonical\" href=\"https:\/\/marktxxl.de\/markt\/produkt\/mifire-led-lichtechlauch-lichterkette-aussen-100er-led-10m-lichtschlauch-aussen-mit-fernbedienung-und-timer-ip65-batteriebetrieben-lichterschlauch-fuer-hochzeit-party-garten-balkon-terrasse\/\" \/>\n<meta property=\"og:locale\" content=\"de_DE\" \/>\n<meta property=\"og:type\" content=\"article\" \/>\n<meta property=\"og:title\" content=\"MIFIRE LED Lichtechlauch Lichterkette Au\u00dfen, 100er LED 10M Lichtschlauch Au\u00dfen mit Fernbedienung und Timer, IP65\u2026 - Markt-XXL\" \/>\n<meta property=\"og:description\" content=\"Markt-XXL MIFIRE LED Lichtechlauch Lichterkette Au\u00dfen, 100er LED 10M Lichtschlauch Au\u00dfen mit Fernbedienung und Timer, IP65\u2026\" \/>\n<meta property=\"og:url\" content=\"https:\/\/marktxxl.de\/markt\/produkt\/mifire-led-lichtechlauch-lichterkette-aussen-100er-led-10m-lichtschlauch-aussen-mit-fernbedienung-und-timer-ip65-batteriebetrieben-lichterschlauch-fuer-hochzeit-party-garten-balkon-terrasse\/\" \/>\n<meta property=\"og:site_name\" content=\"Markt-XXL\" \/>\n<meta property=\"article:modified_time\" content=\"2023-04-11T00:24:34+00:00\" \/>\n<meta property=\"og:image\" content=\"https:\/\/m.media-amazon.com\/images\/I\/51oM3OIheQL._SL500_.jpg\" \/>\n\t<meta property=\"og:image:width\" content=\"500\" \/>\n\t<meta property=\"og:image:height\" content=\"500\" \/>\n\t<meta property=\"og:image:type\" content=\"image\/jpeg\" \/>\n<meta name=\"twitter:card\" content=\"summary_large_image\" \/>\n<meta name=\"twitter:label1\" content=\"Gesch\u00e4tzte Lesezeit\" \/>\n\t<meta name=\"twitter:data1\" content=\"1\u00a0Minute\" \/>\n<script type=\"application\/ld+json\" class=\"yoast-schema-graph\">{\"@context\":\"https:\\\/\\\/schema.org\",\"@graph\":[{\"@type\":\"WebPage\",\"@id\":\"https:\\\/\\\/marktxxl.de\\\/markt\\\/produkt\\\/mifire-led-lichtechlauch-lichterkette-aussen-100er-led-10m-lichtschlauch-aussen-mit-fernbedienung-und-timer-ip65-batteriebetrieben-lichterschlauch-fuer-hochzeit-party-garten-balkon-terrasse\\\/\",\"url\":\"https:\\\/\\\/marktxxl.de\\\/markt\\\/produkt\\\/mifire-led-lichtechlauch-lichterkette-aussen-100er-led-10m-lichtschlauch-aussen-mit-fernbedienung-und-timer-ip65-batteriebetrieben-lichterschlauch-fuer-hochzeit-party-garten-balkon-terrasse\\\/\",\"name\":\"MIFIRE LED Lichtechlauch Lichterkette Au\u00dfen, 100er LED 10M Lichtschlauch Au\u00dfen mit Fernbedienung und Timer, IP65\u2026 - Markt-XXL\",\"isPartOf\":{\"@id\":\"https:\\\/\\\/marktxxl.de\\\/markt\\\/#website\"},\"primaryImageOfPage\":{\"@id\":\"https:\\\/\\\/marktxxl.de\\\/markt\\\/produkt\\\/mifire-led-lichtechlauch-lichterkette-aussen-100er-led-10m-lichtschlauch-aussen-mit-fernbedienung-und-timer-ip65-batteriebetrieben-lichterschlauch-fuer-hochzeit-party-garten-balkon-terrasse\\\/#primaryimage\"},\"image\":{\"@id\":\"https:\\\/\\\/marktxxl.de\\\/markt\\\/produkt\\\/mifire-led-lichtechlauch-lichterkette-aussen-100er-led-10m-lichtschlauch-aussen-mit-fernbedienung-und-timer-ip65-batteriebetrieben-lichterschlauch-fuer-hochzeit-party-garten-balkon-terrasse\\\/#primaryimage\"},\"thumbnailUrl\":\"https:\\\/\\\/m.media-amazon.com\\\/images\\\/I\\\/51oM3OIheQL._SL500_.jpg\",\"datePublished\":\"2021-10-13T23:12:42+00:00\",\"dateModified\":\"2023-04-11T00:24:34+00:00\",\"description\":\"Markt-XXL MIFIRE LED Lichtechlauch Lichterkette Au\u00dfen, 100er LED 10M Lichtschlauch Au\u00dfen mit Fernbedienung und Timer, IP65\u2026\",\"breadcrumb\":{\"@id\":\"https:\\\/\\\/marktxxl.de\\\/markt\\\/produkt\\\/mifire-led-lichtechlauch-lichterkette-aussen-100er-led-10m-lichtschlauch-aussen-mit-fernbedienung-und-timer-ip65-batteriebetrieben-lichterschlauch-fuer-hochzeit-party-garten-balkon-terrasse\\\/#breadcrumb\"},\"inLanguage\":\"de\",\"potentialAction\":[{\"@type\":\"ReadAction\",\"target\":[\"https:\\\/\\\/marktxxl.de\\\/markt\\\/produkt\\\/mifire-led-lichtechlauch-lichterkette-aussen-100er-led-10m-lichtschlauch-aussen-mit-fernbedienung-und-timer-ip65-batteriebetrieben-lichterschlauch-fuer-hochzeit-party-garten-balkon-terrasse\\\/\"]}]},{\"@type\":\"ImageObject\",\"inLanguage\":\"de\",\"@id\":\"https:\\\/\\\/marktxxl.de\\\/markt\\\/produkt\\\/mifire-led-lichtechlauch-lichterkette-aussen-100er-led-10m-lichtschlauch-aussen-mit-fernbedienung-und-timer-ip65-batteriebetrieben-lichterschlauch-fuer-hochzeit-party-garten-balkon-terrasse\\\/#primaryimage\",\"url\":\"https:\\\/\\\/m.media-amazon.com\\\/images\\\/I\\\/51oM3OIheQL._SL500_.jpg\",\"contentUrl\":\"https:\\\/\\\/m.media-amazon.com\\\/images\\\/I\\\/51oM3OIheQL._SL500_.jpg\",\"width\":500,\"height\":500},{\"@type\":\"BreadcrumbList\",\"@id\":\"https:\\\/\\\/marktxxl.de\\\/markt\\\/produkt\\\/mifire-led-lichtechlauch-lichterkette-aussen-100er-led-10m-lichtschlauch-aussen-mit-fernbedienung-und-timer-ip65-batteriebetrieben-lichterschlauch-fuer-hochzeit-party-garten-balkon-terrasse\\\/#breadcrumb\",\"itemListElement\":[{\"@type\":\"ListItem\",\"position\":1,\"name\":\"Startseite\",\"item\":\"https:\\\/\\\/marktxxl.de\\\/markt\\\/\"},{\"@type\":\"ListItem\",\"position\":2,\"name\":\"Markt\",\"item\":\"https:\\\/\\\/marktxxl.de\\\/markt\\\/\"},{\"@type\":\"ListItem\",\"position\":3,\"name\":\"MIFIRE LED Lichtechlauch Lichterkette Au\u00dfen, 100er LED 10M Lichtschlauch Au\u00dfen mit Fernbedienung und Timer, IP65\u2026\"}]},{\"@type\":\"WebSite\",\"@id\":\"https:\\\/\\\/marktxxl.de\\\/markt\\\/#website\",\"url\":\"https:\\\/\\\/marktxxl.de\\\/markt\\\/\",\"name\":\"Markt-XXL\",\"description\":\"Ihr Markt Online\",\"publisher\":{\"@id\":\"https:\\\/\\\/marktxxl.de\\\/markt\\\/#organization\"},\"potentialAction\":[{\"@type\":\"SearchAction\",\"target\":{\"@type\":\"EntryPoint\",\"urlTemplate\":\"https:\\\/\\\/marktxxl.de\\\/markt\\\/?s={search_term_string}\"},\"query-input\":{\"@type\":\"PropertyValueSpecification\",\"valueRequired\":true,\"valueName\":\"search_term_string\"}}],\"inLanguage\":\"de\"},{\"@type\":\"Organization\",\"@id\":\"https:\\\/\\\/marktxxl.de\\\/markt\\\/#organization\",\"name\":\"Markt-XXL\",\"url\":\"https:\\\/\\\/marktxxl.de\\\/markt\\\/\",\"logo\":{\"@type\":\"ImageObject\",\"inLanguage\":\"de\",\"@id\":\"https:\\\/\\\/marktxxl.de\\\/markt\\\/#\\\/schema\\\/logo\\\/image\\\/\",\"url\":\"https:\\\/\\\/marktxxl.de\\\/markt\\\/wp-content\\\/uploads\\\/sites\\\/3\\\/2020\\\/12\\\/logo.png\",\"contentUrl\":\"https:\\\/\\\/marktxxl.de\\\/markt\\\/wp-content\\\/uploads\\\/sites\\\/3\\\/2020\\\/12\\\/logo.png\",\"width\":200,\"height\":70,\"caption\":\"Markt-XXL\"},\"image\":{\"@id\":\"https:\\\/\\\/marktxxl.de\\\/markt\\\/#\\\/schema\\\/logo\\\/image\\\/\"}}]}<\/script>\n<!-- \/ Yoast SEO plugin. -->","yoast_head_json":{"title":"MIFIRE LED Lichtechlauch Lichterkette Au\u00dfen, 100er LED 10M Lichtschlauch Au\u00dfen mit Fernbedienung und Timer, IP65\u2026 - Markt-XXL","description":"Markt-XXL MIFIRE LED Lichtechlauch Lichterkette Au\u00dfen, 100er LED 10M Lichtschlauch Au\u00dfen mit Fernbedienung und Timer, IP65\u2026","robots":{"index":"index","follow":"follow","max-snippet":"max-snippet:-1","max-image-preview":"max-image-preview:large","max-video-preview":"max-video-preview:-1"},"canonical":"https:\/\/marktxxl.de\/markt\/produkt\/mifire-led-lichtechlauch-lichterkette-aussen-100er-led-10m-lichtschlauch-aussen-mit-fernbedienung-und-timer-ip65-batteriebetrieben-lichterschlauch-fuer-hochzeit-party-garten-balkon-terrasse\/","og_locale":"de_DE","og_type":"article","og_title":"MIFIRE LED Lichtechlauch Lichterkette Au\u00dfen, 100er LED 10M Lichtschlauch Au\u00dfen mit Fernbedienung und Timer, IP65\u2026 - Markt-XXL","og_description":"Markt-XXL MIFIRE LED Lichtechlauch Lichterkette Au\u00dfen, 100er LED 10M Lichtschlauch Au\u00dfen mit Fernbedienung und Timer, IP65\u2026","og_url":"https:\/\/marktxxl.de\/markt\/produkt\/mifire-led-lichtechlauch-lichterkette-aussen-100er-led-10m-lichtschlauch-aussen-mit-fernbedienung-und-timer-ip65-batteriebetrieben-lichterschlauch-fuer-hochzeit-party-garten-balkon-terrasse\/","og_site_name":"Markt-XXL","article_modified_time":"2023-04-11T00:24:34+00:00","og_image":[{"width":500,"height":500,"url":"https:\/\/m.media-amazon.com\/images\/I\/51oM3OIheQL._SL500_.jpg","type":"image\/jpeg"}],"twitter_card":"summary_large_image","twitter_misc":{"Gesch\u00e4tzte Lesezeit":"1\u00a0Minute"},"schema":{"@context":"https:\/\/schema.org","@graph":[{"@type":"WebPage","@id":"https:\/\/marktxxl.de\/markt\/produkt\/mifire-led-lichtechlauch-lichterkette-aussen-100er-led-10m-lichtschlauch-aussen-mit-fernbedienung-und-timer-ip65-batteriebetrieben-lichterschlauch-fuer-hochzeit-party-garten-balkon-terrasse\/","url":"https:\/\/marktxxl.de\/markt\/produkt\/mifire-led-lichtechlauch-lichterkette-aussen-100er-led-10m-lichtschlauch-aussen-mit-fernbedienung-und-timer-ip65-batteriebetrieben-lichterschlauch-fuer-hochzeit-party-garten-balkon-terrasse\/","name":"MIFIRE LED Lichtechlauch Lichterkette Au\u00dfen, 100er LED 10M Lichtschlauch Au\u00dfen mit Fernbedienung und Timer, IP65\u2026 - Markt-XXL","isPartOf":{"@id":"https:\/\/marktxxl.de\/markt\/#website"},"primaryImageOfPage":{"@id":"https:\/\/marktxxl.de\/markt\/produkt\/mifire-led-lichtechlauch-lichterkette-aussen-100er-led-10m-lichtschlauch-aussen-mit-fernbedienung-und-timer-ip65-batteriebetrieben-lichterschlauch-fuer-hochzeit-party-garten-balkon-terrasse\/#primaryimage"},"image":{"@id":"https:\/\/marktxxl.de\/markt\/produkt\/mifire-led-lichtechlauch-lichterkette-aussen-100er-led-10m-lichtschlauch-aussen-mit-fernbedienung-und-timer-ip65-batteriebetrieben-lichterschlauch-fuer-hochzeit-party-garten-balkon-terrasse\/#primaryimage"},"thumbnailUrl":"https:\/\/m.media-amazon.com\/images\/I\/51oM3OIheQL._SL500_.jpg","datePublished":"2021-10-13T23:12:42+00:00","dateModified":"2023-04-11T00:24:34+00:00","description":"Markt-XXL MIFIRE LED Lichtechlauch Lichterkette Au\u00dfen, 100er LED 10M Lichtschlauch Au\u00dfen mit Fernbedienung und Timer, IP65\u2026","breadcrumb":{"@id":"https:\/\/marktxxl.de\/markt\/produkt\/mifire-led-lichtechlauch-lichterkette-aussen-100er-led-10m-lichtschlauch-aussen-mit-fernbedienung-und-timer-ip65-batteriebetrieben-lichterschlauch-fuer-hochzeit-party-garten-balkon-terrasse\/#breadcrumb"},"inLanguage":"de","potentialAction":[{"@type":"ReadAction","target":["https:\/\/marktxxl.de\/markt\/produkt\/mifire-led-lichtechlauch-lichterkette-aussen-100er-led-10m-lichtschlauch-aussen-mit-fernbedienung-und-timer-ip65-batteriebetrieben-lichterschlauch-fuer-hochzeit-party-garten-balkon-terrasse\/"]}]},{"@type":"ImageObject","inLanguage":"de","@id":"https:\/\/marktxxl.de\/markt\/produkt\/mifire-led-lichtechlauch-lichterkette-aussen-100er-led-10m-lichtschlauch-aussen-mit-fernbedienung-und-timer-ip65-batteriebetrieben-lichterschlauch-fuer-hochzeit-party-garten-balkon-terrasse\/#primaryimage","url":"https:\/\/m.media-amazon.com\/images\/I\/51oM3OIheQL._SL500_.jpg","contentUrl":"https:\/\/m.media-amazon.com\/images\/I\/51oM3OIheQL._SL500_.jpg","width":500,"height":500},{"@type":"BreadcrumbList","@id":"https:\/\/marktxxl.de\/markt\/produkt\/mifire-led-lichtechlauch-lichterkette-aussen-100er-led-10m-lichtschlauch-aussen-mit-fernbedienung-und-timer-ip65-batteriebetrieben-lichterschlauch-fuer-hochzeit-party-garten-balkon-terrasse\/#breadcrumb","itemListElement":[{"@type":"ListItem","position":1,"name":"Startseite","item":"https:\/\/marktxxl.de\/markt\/"},{"@type":"ListItem","position":2,"name":"Markt","item":"https:\/\/marktxxl.de\/markt\/"},{"@type":"ListItem","position":3,"name":"MIFIRE LED Lichtechlauch Lichterkette Au\u00dfen, 100er LED 10M Lichtschlauch Au\u00dfen mit Fernbedienung und Timer, IP65\u2026"}]},{"@type":"WebSite","@id":"https:\/\/marktxxl.de\/markt\/#website","url":"https:\/\/marktxxl.de\/markt\/","name":"Markt-XXL","description":"Ihr Markt Online","publisher":{"@id":"https:\/\/marktxxl.de\/markt\/#organization"},"potentialAction":[{"@type":"SearchAction","target":{"@type":"EntryPoint","urlTemplate":"https:\/\/marktxxl.de\/markt\/?s={search_term_string}"},"query-input":{"@type":"PropertyValueSpecification","valueRequired":true,"valueName":"search_term_string"}}],"inLanguage":"de"},{"@type":"Organization","@id":"https:\/\/marktxxl.de\/markt\/#organization","name":"Markt-XXL","url":"https:\/\/marktxxl.de\/markt\/","logo":{"@type":"ImageObject","inLanguage":"de","@id":"https:\/\/marktxxl.de\/markt\/#\/schema\/logo\/image\/","url":"https:\/\/marktxxl.de\/markt\/wp-content\/uploads\/sites\/3\/2020\/12\/logo.png","contentUrl":"https:\/\/marktxxl.de\/markt\/wp-content\/uploads\/sites\/3\/2020\/12\/logo.png","width":200,"height":70,"caption":"Markt-XXL"},"image":{"@id":"https:\/\/marktxxl.de\/markt\/#\/schema\/logo\/image\/"}}]}},"_links":{"self":[{"href":"https:\/\/marktxxl.de\/markt\/wp-json\/wp\/v2\/product\/57569","targetHints":{"allow":["GET"]}}],"collection":[{"href":"https:\/\/marktxxl.de\/markt\/wp-json\/wp\/v2\/product"}],"about":[{"href":"https:\/\/marktxxl.de\/markt\/wp-json\/wp\/v2\/types\/product"}],"replies":[{"embeddable":true,"href":"https:\/\/marktxxl.de\/markt\/wp-json\/wp\/v2\/comments?post=57569"}],"wp:featuredmedia":[{"embeddable":true,"href":"https:\/\/marktxxl.de\/markt\/wp-json\/wp\/v2\/media\/57570"}],"wp:attachment":[{"href":"https:\/\/marktxxl.de\/markt\/wp-json\/wp\/v2\/media?parent=57569"}],"wp:term":[{"taxonomy":"product_brand","embeddable":true,"href":"https:\/\/marktxxl.de\/markt\/wp-json\/wp\/v2\/product_brand?post=57569"},{"taxonomy":"product_cat","embeddable":true,"href":"https:\/\/marktxxl.de\/markt\/wp-json\/wp\/v2\/product_cat?post=57569"},{"taxonomy":"product_tag","embeddable":true,"href":"https:\/\/marktxxl.de\/markt\/wp-json\/wp\/v2\/product_tag?post=57569"}],"curies":[{"name":"wp","href":"https:\/\/api.w.org\/{rel}","templated":true}]}}