{"id":57536,"date":"2021-10-14T01:12:35","date_gmt":"2021-10-13T23:12:35","guid":{"rendered":"https:\/\/marktxxl.de\/markt\/produkt\/led-lichtschlauch-200leds-20meter-lichterkette-mit-fernbedienung-warmweiss-8-modi-ip65-wasserdicht-weihnachten-deko-fuer-innen-aussen-garten-party-hochzeit-weihnachts-led-lichtschlauch\/"},"modified":"2023-04-11T02:24:33","modified_gmt":"2023-04-11T00:24:33","slug":"led-lichtschlauch-200leds-20meter-lichterkette-mit-fernbedienung-warmweiss-8-modi-ip65-wasserdicht-weihnachten-deko-fuer-innen-aussen-garten-party-hochzeit-weihnachts-led-lichtschlauch","status":"publish","type":"product","link":"https:\/\/marktxxl.de\/markt\/produkt\/led-lichtschlauch-200leds-20meter-lichterkette-mit-fernbedienung-warmweiss-8-modi-ip65-wasserdicht-weihnachten-deko-fuer-innen-aussen-garten-party-hochzeit-weihnachts-led-lichtschlauch\/","title":{"rendered":"LooHome LED Lichtschlauch 200Leds 20Meter Lichterkette mit Fernbedienung Warmwei\u00df 8 Modi IP65 Wasserdicht Weihnachten\u2026"},"content":{"rendered":"<p>Diese LED-Leuchtketten werden mit einer Fernbedienung geliefert, mit der Sie die Helligkeit und den Modus einstellen, den Timer einstellen und den Strom ein- oder ausschalten k\u00f6nnen; Sie k\u00f6nnen also diese kleine Fernbedienung in der Hand halten und den Betrieb innerhalb einer Entfernung von 5-10M w\u00e4hlen;<br \/>\nMit dem Schutz der durchsichtigen R\u00f6hre sind diese LED-Lichtschlauch-Leuchten bis zu regnerischen Tagen wasserdicht (IP65). Dar\u00fcber hinaus verf\u00fcgen sie \u00fcber eine leistungsstarke Speicherfunktion; Egal, wann Sie sie ausschalten, den Timer einstellen oder sogar versehentlich ausschalten, die Leuchten behalten den Speicher, um die urspr\u00fcngliche Einstellung wiederherzustellen.<br \/>\nDiese Lichterketten im Freien k\u00f6nnen auf die gew\u00fcnschte L\u00e4nge ausgezogen werden; das Maximum kann bis zu 20m betragen; Sie m\u00fcssen nur die Gleichstrombuchse am Ende der R\u00f6hre mit einer anderen Lichterkette verbinden, dann k\u00f6nnen Sie sie im Freien oder in der Halle zur Dekoration Ihrer Wohnung verwenden.<br \/>\nSicher und energiesparend: Die Leuchtdichte dieser LED-Lichtschl\u00e4uche f\u00fcr den Au\u00dfenbereich betr\u00e4gt 2-3 lm; Sie k\u00f6nnen den Adapter direkt an die Steckdose anschlie\u00dfen, anstatt die Batterie zu verwenden, die sicher genug und energiesparend ist;<br \/>\nDiese Lichterkette f\u00fcr den Au\u00dfenbereich hat eine verl\u00e4ngerte L\u00e4nge von ca. 40 m, so dass Sie das Design mit Leichtigkeit abziehen k\u00f6nnen; Sie k\u00f6nnen diese Lichterkette zu Kr\u00e4nzen, B\u00e4umen, Blumen, Hochzeiten mit Blumenstr\u00e4u\u00dfen wickeln und formen, ideal f\u00fcr die Dekoration Ihres Schlafzimmers, Gartens, Terrasse, Weihnachten, Hochzeit, Ferienparty usw;<br \/>\n<div class=\"main-cross-sell\" data-asin=\"B08BPK8SNV\">\n\n\t<div class=\"WooZone-cross-sell-loader\">\n\t\t<div>\n\t\t\t<div id=\"floatingBarsG\">\n\t\t\t\t<div class=\"blockG\" id=\"rotateG_01\"><\/div>\n\t\t\t\t<div class=\"blockG\" id=\"rotateG_02\"><\/div>\n\t\t\t\t<div class=\"blockG\" id=\"rotateG_03\"><\/div>\n\t\t\t\t<div class=\"blockG\" id=\"rotateG_04\"><\/div>\n\t\t\t\t<div class=\"blockG\" id=\"rotateG_05\"><\/div>\n\t\t\t\t<div class=\"blockG\" id=\"rotateG_06\"><\/div>\n\t\t\t\t<div class=\"blockG\" id=\"rotateG_07\"><\/div>\n\t\t\t\t<div class=\"blockG\" id=\"rotateG_08\"><\/div>\n\t\t\t<\/div>\n\t\t\t<div class=\"WooZone-cross-sell-loader-text\"><\/div>\n\t\t<\/div>\n\t<\/div>\n\n\t\t\n<\/div>\n<div style=\"clear:both;\"><\/div><\/p>\n","protected":false},"excerpt":{"rendered":"<p>Diese LED-Leuchtketten werden mit einer Fernbedienung geliefert, mit der Sie die Helligkeit und den Modus einstellen, den Timer einstellen und den Strom ein- oder ausschalten k\u00f6nnen; Sie k\u00f6nnen also diese kleine Fernbedienung in der Hand halten und den Betrieb innerhalb einer Entfernung von 5-10M w\u00e4hlen;<br \/>\nMit dem Schutz der durchsichtigen R\u00f6hre sind diese LED-Lichtschlauch-Leuchten bis zu regnerischen Tagen wasserdicht (IP65). Dar\u00fcber hinaus verf\u00fcgen sie \u00fcber eine leistungsstarke Speicherfunktion; Egal, wann Sie sie ausschalten, den Timer einstellen oder sogar versehentlich ausschalten, die Leuchten behalten den Speicher, um die urspr\u00fcngliche Einstellung wiederherzustellen.<br \/>\nDiese Lichterketten im Freien k\u00f6nnen auf die gew\u00fcnschte L\u00e4nge ausgezogen werden; das Maximum kann bis zu 20m betragen; Sie m\u00fcssen nur die Gleichstrombuchse am Ende der R\u00f6hre mit einer anderen Lichterkette verbinden, dann k\u00f6nnen Sie sie im Freien oder in der Halle zur Dekoration Ihrer Wohnung verwenden.<\/p>\n","protected":false},"featured_media":57537,"comment_status":"open","ping_status":"closed","template":"","meta":[],"product_brand":[],"product_cat":[2108,15623],"product_tag":[],"class_list":{"0":"post-57536","1":"product","2":"type-product","3":"status-publish","4":"has-post-thumbnail","6":"product_cat-beleuchtung","7":"product_cat-lichtschlaeuche","8":"pa_brand-loohome","9":"pa_manufacturer-loohome","10":"pa_size-led-lichtschlauch","12":"first","13":"instock","14":"shipping-taxable","15":"purchasable","16":"product-type-simple","17":"customify-col","18":"product-has-gallery"},"yoast_head":"<!-- This site is optimized with the Yoast SEO plugin v27.4 - https:\/\/yoast.com\/product\/yoast-seo-wordpress\/ -->\n<title>LooHome LED Lichtschlauch 200Leds 20Meter Lichterkette mit Fernbedienung Warmwei\u00df 8 Modi IP65 Wasserdicht Weihnachten\u2026 - Markt-XXL<\/title>\n<meta name=\"description\" content=\"Markt-XXL LooHome LED Lichtschlauch 200Leds 20Meter Lichterkette mit Fernbedienung Warmwei\u00df 8 Modi IP65 Wasserdicht Weihnachten\u2026\" \/>\n<meta name=\"robots\" content=\"index, follow, max-snippet:-1, max-image-preview:large, max-video-preview:-1\" \/>\n<link rel=\"canonical\" href=\"https:\/\/marktxxl.de\/markt\/produkt\/led-lichtschlauch-200leds-20meter-lichterkette-mit-fernbedienung-warmweiss-8-modi-ip65-wasserdicht-weihnachten-deko-fuer-innen-aussen-garten-party-hochzeit-weihnachts-led-lichtschlauch\/\" \/>\n<meta property=\"og:locale\" content=\"de_DE\" \/>\n<meta property=\"og:type\" content=\"article\" \/>\n<meta property=\"og:title\" content=\"LooHome LED Lichtschlauch 200Leds 20Meter Lichterkette mit Fernbedienung Warmwei\u00df 8 Modi IP65 Wasserdicht Weihnachten\u2026 - Markt-XXL\" \/>\n<meta property=\"og:description\" content=\"Markt-XXL LooHome LED Lichtschlauch 200Leds 20Meter Lichterkette mit Fernbedienung Warmwei\u00df 8 Modi IP65 Wasserdicht Weihnachten\u2026\" \/>\n<meta property=\"og:url\" content=\"https:\/\/marktxxl.de\/markt\/produkt\/led-lichtschlauch-200leds-20meter-lichterkette-mit-fernbedienung-warmweiss-8-modi-ip65-wasserdicht-weihnachten-deko-fuer-innen-aussen-garten-party-hochzeit-weihnachts-led-lichtschlauch\/\" \/>\n<meta property=\"og:site_name\" content=\"Markt-XXL\" \/>\n<meta property=\"article:modified_time\" content=\"2023-04-11T00:24:33+00:00\" \/>\n<meta property=\"og:image\" content=\"https:\/\/m.media-amazon.com\/images\/I\/61lEnds2G9L._SL500_.jpg\" \/>\n\t<meta property=\"og:image:width\" content=\"500\" \/>\n\t<meta property=\"og:image:height\" content=\"500\" \/>\n\t<meta property=\"og:image:type\" content=\"image\/jpeg\" \/>\n<meta name=\"twitter:card\" content=\"summary_large_image\" \/>\n<meta name=\"twitter:label1\" content=\"Gesch\u00e4tzte Lesezeit\" \/>\n\t<meta name=\"twitter:data1\" content=\"1\u00a0Minute\" \/>\n<script type=\"application\/ld+json\" class=\"yoast-schema-graph\">{\"@context\":\"https:\\\/\\\/schema.org\",\"@graph\":[{\"@type\":\"WebPage\",\"@id\":\"https:\\\/\\\/marktxxl.de\\\/markt\\\/produkt\\\/led-lichtschlauch-200leds-20meter-lichterkette-mit-fernbedienung-warmweiss-8-modi-ip65-wasserdicht-weihnachten-deko-fuer-innen-aussen-garten-party-hochzeit-weihnachts-led-lichtschlauch\\\/\",\"url\":\"https:\\\/\\\/marktxxl.de\\\/markt\\\/produkt\\\/led-lichtschlauch-200leds-20meter-lichterkette-mit-fernbedienung-warmweiss-8-modi-ip65-wasserdicht-weihnachten-deko-fuer-innen-aussen-garten-party-hochzeit-weihnachts-led-lichtschlauch\\\/\",\"name\":\"LooHome LED Lichtschlauch 200Leds 20Meter Lichterkette mit Fernbedienung Warmwei\u00df 8 Modi IP65 Wasserdicht Weihnachten\u2026 - Markt-XXL\",\"isPartOf\":{\"@id\":\"https:\\\/\\\/marktxxl.de\\\/markt\\\/#website\"},\"primaryImageOfPage\":{\"@id\":\"https:\\\/\\\/marktxxl.de\\\/markt\\\/produkt\\\/led-lichtschlauch-200leds-20meter-lichterkette-mit-fernbedienung-warmweiss-8-modi-ip65-wasserdicht-weihnachten-deko-fuer-innen-aussen-garten-party-hochzeit-weihnachts-led-lichtschlauch\\\/#primaryimage\"},\"image\":{\"@id\":\"https:\\\/\\\/marktxxl.de\\\/markt\\\/produkt\\\/led-lichtschlauch-200leds-20meter-lichterkette-mit-fernbedienung-warmweiss-8-modi-ip65-wasserdicht-weihnachten-deko-fuer-innen-aussen-garten-party-hochzeit-weihnachts-led-lichtschlauch\\\/#primaryimage\"},\"thumbnailUrl\":\"https:\\\/\\\/m.media-amazon.com\\\/images\\\/I\\\/61lEnds2G9L._SL500_.jpg\",\"datePublished\":\"2021-10-13T23:12:35+00:00\",\"dateModified\":\"2023-04-11T00:24:33+00:00\",\"description\":\"Markt-XXL LooHome LED Lichtschlauch 200Leds 20Meter Lichterkette mit Fernbedienung Warmwei\u00df 8 Modi IP65 Wasserdicht Weihnachten\u2026\",\"breadcrumb\":{\"@id\":\"https:\\\/\\\/marktxxl.de\\\/markt\\\/produkt\\\/led-lichtschlauch-200leds-20meter-lichterkette-mit-fernbedienung-warmweiss-8-modi-ip65-wasserdicht-weihnachten-deko-fuer-innen-aussen-garten-party-hochzeit-weihnachts-led-lichtschlauch\\\/#breadcrumb\"},\"inLanguage\":\"de\",\"potentialAction\":[{\"@type\":\"ReadAction\",\"target\":[\"https:\\\/\\\/marktxxl.de\\\/markt\\\/produkt\\\/led-lichtschlauch-200leds-20meter-lichterkette-mit-fernbedienung-warmweiss-8-modi-ip65-wasserdicht-weihnachten-deko-fuer-innen-aussen-garten-party-hochzeit-weihnachts-led-lichtschlauch\\\/\"]}]},{\"@type\":\"ImageObject\",\"inLanguage\":\"de\",\"@id\":\"https:\\\/\\\/marktxxl.de\\\/markt\\\/produkt\\\/led-lichtschlauch-200leds-20meter-lichterkette-mit-fernbedienung-warmweiss-8-modi-ip65-wasserdicht-weihnachten-deko-fuer-innen-aussen-garten-party-hochzeit-weihnachts-led-lichtschlauch\\\/#primaryimage\",\"url\":\"https:\\\/\\\/m.media-amazon.com\\\/images\\\/I\\\/61lEnds2G9L._SL500_.jpg\",\"contentUrl\":\"https:\\\/\\\/m.media-amazon.com\\\/images\\\/I\\\/61lEnds2G9L._SL500_.jpg\",\"width\":500,\"height\":500},{\"@type\":\"BreadcrumbList\",\"@id\":\"https:\\\/\\\/marktxxl.de\\\/markt\\\/produkt\\\/led-lichtschlauch-200leds-20meter-lichterkette-mit-fernbedienung-warmweiss-8-modi-ip65-wasserdicht-weihnachten-deko-fuer-innen-aussen-garten-party-hochzeit-weihnachts-led-lichtschlauch\\\/#breadcrumb\",\"itemListElement\":[{\"@type\":\"ListItem\",\"position\":1,\"name\":\"Startseite\",\"item\":\"https:\\\/\\\/marktxxl.de\\\/markt\\\/\"},{\"@type\":\"ListItem\",\"position\":2,\"name\":\"Markt\",\"item\":\"https:\\\/\\\/marktxxl.de\\\/markt\\\/\"},{\"@type\":\"ListItem\",\"position\":3,\"name\":\"LooHome LED Lichtschlauch 200Leds 20Meter Lichterkette mit Fernbedienung Warmwei\u00df 8 Modi IP65 Wasserdicht Weihnachten\u2026\"}]},{\"@type\":\"WebSite\",\"@id\":\"https:\\\/\\\/marktxxl.de\\\/markt\\\/#website\",\"url\":\"https:\\\/\\\/marktxxl.de\\\/markt\\\/\",\"name\":\"Markt-XXL\",\"description\":\"Ihr Markt Online\",\"publisher\":{\"@id\":\"https:\\\/\\\/marktxxl.de\\\/markt\\\/#organization\"},\"potentialAction\":[{\"@type\":\"SearchAction\",\"target\":{\"@type\":\"EntryPoint\",\"urlTemplate\":\"https:\\\/\\\/marktxxl.de\\\/markt\\\/?s={search_term_string}\"},\"query-input\":{\"@type\":\"PropertyValueSpecification\",\"valueRequired\":true,\"valueName\":\"search_term_string\"}}],\"inLanguage\":\"de\"},{\"@type\":\"Organization\",\"@id\":\"https:\\\/\\\/marktxxl.de\\\/markt\\\/#organization\",\"name\":\"Markt-XXL\",\"url\":\"https:\\\/\\\/marktxxl.de\\\/markt\\\/\",\"logo\":{\"@type\":\"ImageObject\",\"inLanguage\":\"de\",\"@id\":\"https:\\\/\\\/marktxxl.de\\\/markt\\\/#\\\/schema\\\/logo\\\/image\\\/\",\"url\":\"https:\\\/\\\/marktxxl.de\\\/markt\\\/wp-content\\\/uploads\\\/sites\\\/3\\\/2020\\\/12\\\/logo.png\",\"contentUrl\":\"https:\\\/\\\/marktxxl.de\\\/markt\\\/wp-content\\\/uploads\\\/sites\\\/3\\\/2020\\\/12\\\/logo.png\",\"width\":200,\"height\":70,\"caption\":\"Markt-XXL\"},\"image\":{\"@id\":\"https:\\\/\\\/marktxxl.de\\\/markt\\\/#\\\/schema\\\/logo\\\/image\\\/\"}}]}<\/script>\n<!-- \/ Yoast SEO plugin. -->","yoast_head_json":{"title":"LooHome LED Lichtschlauch 200Leds 20Meter Lichterkette mit Fernbedienung Warmwei\u00df 8 Modi IP65 Wasserdicht Weihnachten\u2026 - Markt-XXL","description":"Markt-XXL LooHome LED Lichtschlauch 200Leds 20Meter Lichterkette mit Fernbedienung Warmwei\u00df 8 Modi IP65 Wasserdicht Weihnachten\u2026","robots":{"index":"index","follow":"follow","max-snippet":"max-snippet:-1","max-image-preview":"max-image-preview:large","max-video-preview":"max-video-preview:-1"},"canonical":"https:\/\/marktxxl.de\/markt\/produkt\/led-lichtschlauch-200leds-20meter-lichterkette-mit-fernbedienung-warmweiss-8-modi-ip65-wasserdicht-weihnachten-deko-fuer-innen-aussen-garten-party-hochzeit-weihnachts-led-lichtschlauch\/","og_locale":"de_DE","og_type":"article","og_title":"LooHome LED Lichtschlauch 200Leds 20Meter Lichterkette mit Fernbedienung Warmwei\u00df 8 Modi IP65 Wasserdicht Weihnachten\u2026 - Markt-XXL","og_description":"Markt-XXL LooHome LED Lichtschlauch 200Leds 20Meter Lichterkette mit Fernbedienung Warmwei\u00df 8 Modi IP65 Wasserdicht Weihnachten\u2026","og_url":"https:\/\/marktxxl.de\/markt\/produkt\/led-lichtschlauch-200leds-20meter-lichterkette-mit-fernbedienung-warmweiss-8-modi-ip65-wasserdicht-weihnachten-deko-fuer-innen-aussen-garten-party-hochzeit-weihnachts-led-lichtschlauch\/","og_site_name":"Markt-XXL","article_modified_time":"2023-04-11T00:24:33+00:00","og_image":[{"width":500,"height":500,"url":"https:\/\/m.media-amazon.com\/images\/I\/61lEnds2G9L._SL500_.jpg","type":"image\/jpeg"}],"twitter_card":"summary_large_image","twitter_misc":{"Gesch\u00e4tzte Lesezeit":"1\u00a0Minute"},"schema":{"@context":"https:\/\/schema.org","@graph":[{"@type":"WebPage","@id":"https:\/\/marktxxl.de\/markt\/produkt\/led-lichtschlauch-200leds-20meter-lichterkette-mit-fernbedienung-warmweiss-8-modi-ip65-wasserdicht-weihnachten-deko-fuer-innen-aussen-garten-party-hochzeit-weihnachts-led-lichtschlauch\/","url":"https:\/\/marktxxl.de\/markt\/produkt\/led-lichtschlauch-200leds-20meter-lichterkette-mit-fernbedienung-warmweiss-8-modi-ip65-wasserdicht-weihnachten-deko-fuer-innen-aussen-garten-party-hochzeit-weihnachts-led-lichtschlauch\/","name":"LooHome LED Lichtschlauch 200Leds 20Meter Lichterkette mit Fernbedienung Warmwei\u00df 8 Modi IP65 Wasserdicht Weihnachten\u2026 - Markt-XXL","isPartOf":{"@id":"https:\/\/marktxxl.de\/markt\/#website"},"primaryImageOfPage":{"@id":"https:\/\/marktxxl.de\/markt\/produkt\/led-lichtschlauch-200leds-20meter-lichterkette-mit-fernbedienung-warmweiss-8-modi-ip65-wasserdicht-weihnachten-deko-fuer-innen-aussen-garten-party-hochzeit-weihnachts-led-lichtschlauch\/#primaryimage"},"image":{"@id":"https:\/\/marktxxl.de\/markt\/produkt\/led-lichtschlauch-200leds-20meter-lichterkette-mit-fernbedienung-warmweiss-8-modi-ip65-wasserdicht-weihnachten-deko-fuer-innen-aussen-garten-party-hochzeit-weihnachts-led-lichtschlauch\/#primaryimage"},"thumbnailUrl":"https:\/\/m.media-amazon.com\/images\/I\/61lEnds2G9L._SL500_.jpg","datePublished":"2021-10-13T23:12:35+00:00","dateModified":"2023-04-11T00:24:33+00:00","description":"Markt-XXL LooHome LED Lichtschlauch 200Leds 20Meter Lichterkette mit Fernbedienung Warmwei\u00df 8 Modi IP65 Wasserdicht Weihnachten\u2026","breadcrumb":{"@id":"https:\/\/marktxxl.de\/markt\/produkt\/led-lichtschlauch-200leds-20meter-lichterkette-mit-fernbedienung-warmweiss-8-modi-ip65-wasserdicht-weihnachten-deko-fuer-innen-aussen-garten-party-hochzeit-weihnachts-led-lichtschlauch\/#breadcrumb"},"inLanguage":"de","potentialAction":[{"@type":"ReadAction","target":["https:\/\/marktxxl.de\/markt\/produkt\/led-lichtschlauch-200leds-20meter-lichterkette-mit-fernbedienung-warmweiss-8-modi-ip65-wasserdicht-weihnachten-deko-fuer-innen-aussen-garten-party-hochzeit-weihnachts-led-lichtschlauch\/"]}]},{"@type":"ImageObject","inLanguage":"de","@id":"https:\/\/marktxxl.de\/markt\/produkt\/led-lichtschlauch-200leds-20meter-lichterkette-mit-fernbedienung-warmweiss-8-modi-ip65-wasserdicht-weihnachten-deko-fuer-innen-aussen-garten-party-hochzeit-weihnachts-led-lichtschlauch\/#primaryimage","url":"https:\/\/m.media-amazon.com\/images\/I\/61lEnds2G9L._SL500_.jpg","contentUrl":"https:\/\/m.media-amazon.com\/images\/I\/61lEnds2G9L._SL500_.jpg","width":500,"height":500},{"@type":"BreadcrumbList","@id":"https:\/\/marktxxl.de\/markt\/produkt\/led-lichtschlauch-200leds-20meter-lichterkette-mit-fernbedienung-warmweiss-8-modi-ip65-wasserdicht-weihnachten-deko-fuer-innen-aussen-garten-party-hochzeit-weihnachts-led-lichtschlauch\/#breadcrumb","itemListElement":[{"@type":"ListItem","position":1,"name":"Startseite","item":"https:\/\/marktxxl.de\/markt\/"},{"@type":"ListItem","position":2,"name":"Markt","item":"https:\/\/marktxxl.de\/markt\/"},{"@type":"ListItem","position":3,"name":"LooHome LED Lichtschlauch 200Leds 20Meter Lichterkette mit Fernbedienung Warmwei\u00df 8 Modi IP65 Wasserdicht Weihnachten\u2026"}]},{"@type":"WebSite","@id":"https:\/\/marktxxl.de\/markt\/#website","url":"https:\/\/marktxxl.de\/markt\/","name":"Markt-XXL","description":"Ihr Markt Online","publisher":{"@id":"https:\/\/marktxxl.de\/markt\/#organization"},"potentialAction":[{"@type":"SearchAction","target":{"@type":"EntryPoint","urlTemplate":"https:\/\/marktxxl.de\/markt\/?s={search_term_string}"},"query-input":{"@type":"PropertyValueSpecification","valueRequired":true,"valueName":"search_term_string"}}],"inLanguage":"de"},{"@type":"Organization","@id":"https:\/\/marktxxl.de\/markt\/#organization","name":"Markt-XXL","url":"https:\/\/marktxxl.de\/markt\/","logo":{"@type":"ImageObject","inLanguage":"de","@id":"https:\/\/marktxxl.de\/markt\/#\/schema\/logo\/image\/","url":"https:\/\/marktxxl.de\/markt\/wp-content\/uploads\/sites\/3\/2020\/12\/logo.png","contentUrl":"https:\/\/marktxxl.de\/markt\/wp-content\/uploads\/sites\/3\/2020\/12\/logo.png","width":200,"height":70,"caption":"Markt-XXL"},"image":{"@id":"https:\/\/marktxxl.de\/markt\/#\/schema\/logo\/image\/"}}]}},"_links":{"self":[{"href":"https:\/\/marktxxl.de\/markt\/wp-json\/wp\/v2\/product\/57536","targetHints":{"allow":["GET"]}}],"collection":[{"href":"https:\/\/marktxxl.de\/markt\/wp-json\/wp\/v2\/product"}],"about":[{"href":"https:\/\/marktxxl.de\/markt\/wp-json\/wp\/v2\/types\/product"}],"replies":[{"embeddable":true,"href":"https:\/\/marktxxl.de\/markt\/wp-json\/wp\/v2\/comments?post=57536"}],"wp:featuredmedia":[{"embeddable":true,"href":"https:\/\/marktxxl.de\/markt\/wp-json\/wp\/v2\/media\/57537"}],"wp:attachment":[{"href":"https:\/\/marktxxl.de\/markt\/wp-json\/wp\/v2\/media?parent=57536"}],"wp:term":[{"taxonomy":"product_brand","embeddable":true,"href":"https:\/\/marktxxl.de\/markt\/wp-json\/wp\/v2\/product_brand?post=57536"},{"taxonomy":"product_cat","embeddable":true,"href":"https:\/\/marktxxl.de\/markt\/wp-json\/wp\/v2\/product_cat?post=57536"},{"taxonomy":"product_tag","embeddable":true,"href":"https:\/\/marktxxl.de\/markt\/wp-json\/wp\/v2\/product_tag?post=57536"}],"curies":[{"name":"wp","href":"https:\/\/api.w.org\/{rel}","templated":true}]}}