{"id":57501,"date":"2021-10-14T01:09:18","date_gmt":"2021-10-13T23:09:18","guid":{"rendered":"https:\/\/marktxxl.de\/markt\/produkt\/lichterkette-aussen-beartwo-smart-rgb-led-lichterkette-gluehbirnen-mit-app-und-fernbedienung-7m-25-g40-gluehbirnen-farbwechsel-musikmodus-ip65-dimmbar-lichterkette-aussen-strom-fuer-garten-balk\/"},"modified":"2023-04-11T02:24:33","modified_gmt":"2023-04-11T00:24:33","slug":"lichterkette-aussen-beartwo-smart-rgb-led-lichterkette-gluehbirnen-mit-app-und-fernbedienung-7m-25-g40-gluehbirnen-farbwechsel-musikmodus-ip65-dimmbar-lichterkette-aussen-strom-fuer-garten-balk","status":"publish","type":"product","link":"https:\/\/marktxxl.de\/markt\/produkt\/lichterkette-aussen-beartwo-smart-rgb-led-lichterkette-gluehbirnen-mit-app-und-fernbedienung-7m-25-g40-gluehbirnen-farbwechsel-musikmodus-ip65-dimmbar-lichterkette-aussen-strom-fuer-garten-balk\/","title":{"rendered":"Lichterkette Au\u00dfen, BEARTWO Smart RGB LED Lichterkette Gl\u00fchbirnen mit APP und Fernbedienung, 7m 25 G40 Gl\u00fchbirnen\u2026"},"content":{"rendered":"<p>\u3010Dreifache Steuerungsoptionen\u3011 Sie k\u00f6nnen die 24-Tasten-IR- oder Steuerbox verwenden, um das Ein- und Ausschalten, die Helligkeit und den Modus zu \u00e4ndern. Sie k\u00f6nnen auch eine APP f\u00fcr Bluetooth-Controller herunterladen (sowohl f\u00fcr IOS als auch f\u00fcr Android), die Ihnen eine erweiterte Kontrolle \u00fcber Ihre lichterkette au\u00dfen und Zugriff auf unglaubliche Funktionen wie die unabh\u00e4ngige Steuerung der Farbe jeder LED-Au\u00dfenlichterkette und eine praktische Timer-Funktion bietet.<br \/>\n\u3010Million von Farben\u3011: Lichterkette au\u00dfen strom Mit dem DIY-Modus k\u00f6nnen Sie \u00fcber unsere App Lichteffekte nach Ihren W\u00fcnschen personalisieren. W\u00e4hlen Sie aus 16 Millionen lebendigen Farboptionen und 54 lebendigen Motivprogrammen und erfinden Sie Ihr Schlafzimmer, Wohnzimmer und Ihre Au\u00dfendekoration mit Leichtigkeit neu.<br \/>\n\u3010Musik Synchronisieren\u3011: Lichterkette gl\u00fchbirnen eingebaut ein Sensitivity-Mikro erm\u00f6glicht die Au\u00dfenbeleuchtung automatisch das Spektrum und die Farbe entsprechend der Umgebungsger\u00e4usche anzupassen. Verwenden Sie unsere App oder Control Box und sehen Sie vergn\u00fcgt zu, wie Ihre Lichter zu Ihren Lieblingsliedern tanzen.<br \/>\n\u3010Haltbar und Sicherheit\u3011: Die balkon lichterkette verwenden hochwertige wasserdichte und bruchsichere Kunststoffbirnen, genie\u00dfen Sie das ganze Jahr \u00fcber Terrassenleuchten bei jedem Wetter mit IP65 wasserdicht. Au\u00dferdem ist die LED-Leuchte mit einer Lebensdauer von 20.000 Stunden 10 Mal l\u00e4nger als eine Wolframglasbirne. Der niedrige Adapter wird nach l\u00e4ngerem Gebrauch nicht \u00fcberhitzen und kurzschlie\u00dfen, sicher genug f\u00fcr Familie und Freunde und geeignet f\u00fcr die Innendekoration.<br \/>\n\u3010Timer und Zeitplan\u3011: Unsere APP verf\u00fcgt \u00fcber eine Timer-Funktion, mit der Ihre Lichter automatisch ein- oder ausgeschaltet werden k\u00f6nnen. Automatisieren Sie Ihre lichterkette au\u00dfen, ohne einen Schalter manuell umlegen zu m\u00fcssen. Der voreingestellte Timer bedeutet, dass Sie nie vergessen, sie ein- und auszuschalten, wodurch Energie und Geld gespart werden.<br \/>\n<div class=\"main-cross-sell\" data-asin=\"B09CTK7GR3\">\n\n\t<div class=\"WooZone-cross-sell-loader\">\n\t\t<div>\n\t\t\t<div id=\"floatingBarsG\">\n\t\t\t\t<div class=\"blockG\" id=\"rotateG_01\"><\/div>\n\t\t\t\t<div class=\"blockG\" id=\"rotateG_02\"><\/div>\n\t\t\t\t<div class=\"blockG\" id=\"rotateG_03\"><\/div>\n\t\t\t\t<div class=\"blockG\" id=\"rotateG_04\"><\/div>\n\t\t\t\t<div class=\"blockG\" id=\"rotateG_05\"><\/div>\n\t\t\t\t<div class=\"blockG\" id=\"rotateG_06\"><\/div>\n\t\t\t\t<div class=\"blockG\" id=\"rotateG_07\"><\/div>\n\t\t\t\t<div class=\"blockG\" id=\"rotateG_08\"><\/div>\n\t\t\t<\/div>\n\t\t\t<div class=\"WooZone-cross-sell-loader-text\"><\/div>\n\t\t<\/div>\n\t<\/div>\n\n\t\t\n<\/div>\n<div style=\"clear:both;\"><\/div><\/p>\n","protected":false},"excerpt":{"rendered":"<p>\u3010Dreifache Steuerungsoptionen\u3011 Sie k\u00f6nnen die 24-Tasten-IR- oder Steuerbox verwenden, um das Ein- und Ausschalten, die Helligkeit und den Modus zu \u00e4ndern. Sie k\u00f6nnen auch eine APP f\u00fcr Bluetooth-Controller herunterladen (sowohl f\u00fcr IOS als auch f\u00fcr Android), die Ihnen eine erweiterte Kontrolle \u00fcber Ihre lichterkette au\u00dfen und Zugriff auf unglaubliche Funktionen wie die unabh\u00e4ngige Steuerung der Farbe jeder LED-Au\u00dfenlichterkette und eine praktische Timer-Funktion bietet.<br \/>\n\u3010Million von Farben\u3011: Lichterkette au\u00dfen strom Mit dem DIY-Modus k\u00f6nnen Sie \u00fcber unsere App Lichteffekte nach Ihren W\u00fcnschen personalisieren. W\u00e4hlen Sie aus 16 Millionen lebendigen Farboptionen und 54 lebendigen Motivprogrammen und erfinden Sie Ihr Schlafzimmer, Wohnzimmer und Ihre Au\u00dfendekoration mit Leichtigkeit neu.<br \/>\n\u3010Musik Synchronisieren\u3011: Lichterkette gl\u00fchbirnen eingebaut ein Sensitivity-Mikro erm\u00f6glicht die Au\u00dfenbeleuchtung automatisch das Spektrum und die Farbe entsprechend der Umgebungsger\u00e4usche anzupassen. Verwenden Sie unsere App oder Control Box und sehen Sie vergn\u00fcgt zu, wie Ihre Lichter zu Ihren Lieblingsliedern tanzen.<\/p>\n","protected":false},"featured_media":57502,"comment_status":"open","ping_status":"closed","template":"","meta":[],"product_brand":[],"product_cat":[2108,15624],"product_tag":[],"class_list":{"0":"post-57501","1":"product","2":"type-product","3":"status-publish","4":"has-post-thumbnail","6":"product_cat-beleuchtung","7":"product_cat-weihnachtsbeleuchtung","8":"pa_brand-hobest","9":"pa_manufacturer-shenzhen-huatuo-lighting-co-ltd","11":"first","12":"instock","13":"shipping-taxable","14":"purchasable","15":"product-type-simple","16":"customify-col","17":"product-has-gallery"},"yoast_head":"<!-- This site is optimized with the Yoast SEO plugin v27.4 - https:\/\/yoast.com\/product\/yoast-seo-wordpress\/ -->\n<title>Lichterkette Au\u00dfen, BEARTWO Smart RGB LED Lichterkette Gl\u00fchbirnen mit APP und Fernbedienung, 7m 25 G40 Gl\u00fchbirnen\u2026 - Markt-XXL<\/title>\n<meta name=\"description\" content=\"Markt-XXL Lichterkette Au\u00dfen, BEARTWO Smart RGB LED Lichterkette Gl\u00fchbirnen mit APP und Fernbedienung, 7m 25 G40 Gl\u00fchbirnen\u2026\" \/>\n<meta name=\"robots\" content=\"index, follow, max-snippet:-1, max-image-preview:large, max-video-preview:-1\" \/>\n<link rel=\"canonical\" href=\"https:\/\/marktxxl.de\/markt\/produkt\/lichterkette-aussen-beartwo-smart-rgb-led-lichterkette-gluehbirnen-mit-app-und-fernbedienung-7m-25-g40-gluehbirnen-farbwechsel-musikmodus-ip65-dimmbar-lichterkette-aussen-strom-fuer-garten-balk\/\" \/>\n<meta property=\"og:locale\" content=\"de_DE\" \/>\n<meta property=\"og:type\" content=\"article\" \/>\n<meta property=\"og:title\" content=\"Lichterkette Au\u00dfen, BEARTWO Smart RGB LED Lichterkette Gl\u00fchbirnen mit APP und Fernbedienung, 7m 25 G40 Gl\u00fchbirnen\u2026 - Markt-XXL\" \/>\n<meta property=\"og:description\" content=\"Markt-XXL Lichterkette Au\u00dfen, BEARTWO Smart RGB LED Lichterkette Gl\u00fchbirnen mit APP und Fernbedienung, 7m 25 G40 Gl\u00fchbirnen\u2026\" \/>\n<meta property=\"og:url\" content=\"https:\/\/marktxxl.de\/markt\/produkt\/lichterkette-aussen-beartwo-smart-rgb-led-lichterkette-gluehbirnen-mit-app-und-fernbedienung-7m-25-g40-gluehbirnen-farbwechsel-musikmodus-ip65-dimmbar-lichterkette-aussen-strom-fuer-garten-balk\/\" \/>\n<meta property=\"og:site_name\" content=\"Markt-XXL\" \/>\n<meta property=\"article:modified_time\" content=\"2023-04-11T00:24:33+00:00\" \/>\n<meta property=\"og:image\" content=\"https:\/\/m.media-amazon.com\/images\/I\/61oXcVvOSbL._SL500_.jpg\" \/>\n\t<meta property=\"og:image:width\" content=\"500\" \/>\n\t<meta property=\"og:image:height\" content=\"500\" \/>\n\t<meta property=\"og:image:type\" content=\"image\/jpeg\" \/>\n<meta name=\"twitter:card\" content=\"summary_large_image\" \/>\n<meta name=\"twitter:label1\" content=\"Gesch\u00e4tzte Lesezeit\" \/>\n\t<meta name=\"twitter:data1\" content=\"1\u00a0Minute\" \/>\n<script type=\"application\/ld+json\" class=\"yoast-schema-graph\">{\"@context\":\"https:\\\/\\\/schema.org\",\"@graph\":[{\"@type\":\"WebPage\",\"@id\":\"https:\\\/\\\/marktxxl.de\\\/markt\\\/produkt\\\/lichterkette-aussen-beartwo-smart-rgb-led-lichterkette-gluehbirnen-mit-app-und-fernbedienung-7m-25-g40-gluehbirnen-farbwechsel-musikmodus-ip65-dimmbar-lichterkette-aussen-strom-fuer-garten-balk\\\/\",\"url\":\"https:\\\/\\\/marktxxl.de\\\/markt\\\/produkt\\\/lichterkette-aussen-beartwo-smart-rgb-led-lichterkette-gluehbirnen-mit-app-und-fernbedienung-7m-25-g40-gluehbirnen-farbwechsel-musikmodus-ip65-dimmbar-lichterkette-aussen-strom-fuer-garten-balk\\\/\",\"name\":\"Lichterkette Au\u00dfen, BEARTWO Smart RGB LED Lichterkette Gl\u00fchbirnen mit APP und Fernbedienung, 7m 25 G40 Gl\u00fchbirnen\u2026 - Markt-XXL\",\"isPartOf\":{\"@id\":\"https:\\\/\\\/marktxxl.de\\\/markt\\\/#website\"},\"primaryImageOfPage\":{\"@id\":\"https:\\\/\\\/marktxxl.de\\\/markt\\\/produkt\\\/lichterkette-aussen-beartwo-smart-rgb-led-lichterkette-gluehbirnen-mit-app-und-fernbedienung-7m-25-g40-gluehbirnen-farbwechsel-musikmodus-ip65-dimmbar-lichterkette-aussen-strom-fuer-garten-balk\\\/#primaryimage\"},\"image\":{\"@id\":\"https:\\\/\\\/marktxxl.de\\\/markt\\\/produkt\\\/lichterkette-aussen-beartwo-smart-rgb-led-lichterkette-gluehbirnen-mit-app-und-fernbedienung-7m-25-g40-gluehbirnen-farbwechsel-musikmodus-ip65-dimmbar-lichterkette-aussen-strom-fuer-garten-balk\\\/#primaryimage\"},\"thumbnailUrl\":\"https:\\\/\\\/m.media-amazon.com\\\/images\\\/I\\\/61oXcVvOSbL._SL500_.jpg\",\"datePublished\":\"2021-10-13T23:09:18+00:00\",\"dateModified\":\"2023-04-11T00:24:33+00:00\",\"description\":\"Markt-XXL Lichterkette Au\u00dfen, BEARTWO Smart RGB LED Lichterkette Gl\u00fchbirnen mit APP und Fernbedienung, 7m 25 G40 Gl\u00fchbirnen\u2026\",\"breadcrumb\":{\"@id\":\"https:\\\/\\\/marktxxl.de\\\/markt\\\/produkt\\\/lichterkette-aussen-beartwo-smart-rgb-led-lichterkette-gluehbirnen-mit-app-und-fernbedienung-7m-25-g40-gluehbirnen-farbwechsel-musikmodus-ip65-dimmbar-lichterkette-aussen-strom-fuer-garten-balk\\\/#breadcrumb\"},\"inLanguage\":\"de\",\"potentialAction\":[{\"@type\":\"ReadAction\",\"target\":[\"https:\\\/\\\/marktxxl.de\\\/markt\\\/produkt\\\/lichterkette-aussen-beartwo-smart-rgb-led-lichterkette-gluehbirnen-mit-app-und-fernbedienung-7m-25-g40-gluehbirnen-farbwechsel-musikmodus-ip65-dimmbar-lichterkette-aussen-strom-fuer-garten-balk\\\/\"]}]},{\"@type\":\"ImageObject\",\"inLanguage\":\"de\",\"@id\":\"https:\\\/\\\/marktxxl.de\\\/markt\\\/produkt\\\/lichterkette-aussen-beartwo-smart-rgb-led-lichterkette-gluehbirnen-mit-app-und-fernbedienung-7m-25-g40-gluehbirnen-farbwechsel-musikmodus-ip65-dimmbar-lichterkette-aussen-strom-fuer-garten-balk\\\/#primaryimage\",\"url\":\"https:\\\/\\\/m.media-amazon.com\\\/images\\\/I\\\/61oXcVvOSbL._SL500_.jpg\",\"contentUrl\":\"https:\\\/\\\/m.media-amazon.com\\\/images\\\/I\\\/61oXcVvOSbL._SL500_.jpg\",\"width\":500,\"height\":500},{\"@type\":\"BreadcrumbList\",\"@id\":\"https:\\\/\\\/marktxxl.de\\\/markt\\\/produkt\\\/lichterkette-aussen-beartwo-smart-rgb-led-lichterkette-gluehbirnen-mit-app-und-fernbedienung-7m-25-g40-gluehbirnen-farbwechsel-musikmodus-ip65-dimmbar-lichterkette-aussen-strom-fuer-garten-balk\\\/#breadcrumb\",\"itemListElement\":[{\"@type\":\"ListItem\",\"position\":1,\"name\":\"Startseite\",\"item\":\"https:\\\/\\\/marktxxl.de\\\/markt\\\/\"},{\"@type\":\"ListItem\",\"position\":2,\"name\":\"Markt\",\"item\":\"https:\\\/\\\/marktxxl.de\\\/markt\\\/\"},{\"@type\":\"ListItem\",\"position\":3,\"name\":\"Lichterkette Au\u00dfen, BEARTWO Smart RGB LED Lichterkette Gl\u00fchbirnen mit APP und Fernbedienung, 7m 25 G40 Gl\u00fchbirnen\u2026\"}]},{\"@type\":\"WebSite\",\"@id\":\"https:\\\/\\\/marktxxl.de\\\/markt\\\/#website\",\"url\":\"https:\\\/\\\/marktxxl.de\\\/markt\\\/\",\"name\":\"Markt-XXL\",\"description\":\"Ihr Markt Online\",\"publisher\":{\"@id\":\"https:\\\/\\\/marktxxl.de\\\/markt\\\/#organization\"},\"potentialAction\":[{\"@type\":\"SearchAction\",\"target\":{\"@type\":\"EntryPoint\",\"urlTemplate\":\"https:\\\/\\\/marktxxl.de\\\/markt\\\/?s={search_term_string}\"},\"query-input\":{\"@type\":\"PropertyValueSpecification\",\"valueRequired\":true,\"valueName\":\"search_term_string\"}}],\"inLanguage\":\"de\"},{\"@type\":\"Organization\",\"@id\":\"https:\\\/\\\/marktxxl.de\\\/markt\\\/#organization\",\"name\":\"Markt-XXL\",\"url\":\"https:\\\/\\\/marktxxl.de\\\/markt\\\/\",\"logo\":{\"@type\":\"ImageObject\",\"inLanguage\":\"de\",\"@id\":\"https:\\\/\\\/marktxxl.de\\\/markt\\\/#\\\/schema\\\/logo\\\/image\\\/\",\"url\":\"https:\\\/\\\/marktxxl.de\\\/markt\\\/wp-content\\\/uploads\\\/sites\\\/3\\\/2020\\\/12\\\/logo.png\",\"contentUrl\":\"https:\\\/\\\/marktxxl.de\\\/markt\\\/wp-content\\\/uploads\\\/sites\\\/3\\\/2020\\\/12\\\/logo.png\",\"width\":200,\"height\":70,\"caption\":\"Markt-XXL\"},\"image\":{\"@id\":\"https:\\\/\\\/marktxxl.de\\\/markt\\\/#\\\/schema\\\/logo\\\/image\\\/\"}}]}<\/script>\n<!-- \/ Yoast SEO plugin. -->","yoast_head_json":{"title":"Lichterkette Au\u00dfen, BEARTWO Smart RGB LED Lichterkette Gl\u00fchbirnen mit APP und Fernbedienung, 7m 25 G40 Gl\u00fchbirnen\u2026 - Markt-XXL","description":"Markt-XXL Lichterkette Au\u00dfen, BEARTWO Smart RGB LED Lichterkette Gl\u00fchbirnen mit APP und Fernbedienung, 7m 25 G40 Gl\u00fchbirnen\u2026","robots":{"index":"index","follow":"follow","max-snippet":"max-snippet:-1","max-image-preview":"max-image-preview:large","max-video-preview":"max-video-preview:-1"},"canonical":"https:\/\/marktxxl.de\/markt\/produkt\/lichterkette-aussen-beartwo-smart-rgb-led-lichterkette-gluehbirnen-mit-app-und-fernbedienung-7m-25-g40-gluehbirnen-farbwechsel-musikmodus-ip65-dimmbar-lichterkette-aussen-strom-fuer-garten-balk\/","og_locale":"de_DE","og_type":"article","og_title":"Lichterkette Au\u00dfen, BEARTWO Smart RGB LED Lichterkette Gl\u00fchbirnen mit APP und Fernbedienung, 7m 25 G40 Gl\u00fchbirnen\u2026 - Markt-XXL","og_description":"Markt-XXL Lichterkette Au\u00dfen, BEARTWO Smart RGB LED Lichterkette Gl\u00fchbirnen mit APP und Fernbedienung, 7m 25 G40 Gl\u00fchbirnen\u2026","og_url":"https:\/\/marktxxl.de\/markt\/produkt\/lichterkette-aussen-beartwo-smart-rgb-led-lichterkette-gluehbirnen-mit-app-und-fernbedienung-7m-25-g40-gluehbirnen-farbwechsel-musikmodus-ip65-dimmbar-lichterkette-aussen-strom-fuer-garten-balk\/","og_site_name":"Markt-XXL","article_modified_time":"2023-04-11T00:24:33+00:00","og_image":[{"width":500,"height":500,"url":"https:\/\/m.media-amazon.com\/images\/I\/61oXcVvOSbL._SL500_.jpg","type":"image\/jpeg"}],"twitter_card":"summary_large_image","twitter_misc":{"Gesch\u00e4tzte Lesezeit":"1\u00a0Minute"},"schema":{"@context":"https:\/\/schema.org","@graph":[{"@type":"WebPage","@id":"https:\/\/marktxxl.de\/markt\/produkt\/lichterkette-aussen-beartwo-smart-rgb-led-lichterkette-gluehbirnen-mit-app-und-fernbedienung-7m-25-g40-gluehbirnen-farbwechsel-musikmodus-ip65-dimmbar-lichterkette-aussen-strom-fuer-garten-balk\/","url":"https:\/\/marktxxl.de\/markt\/produkt\/lichterkette-aussen-beartwo-smart-rgb-led-lichterkette-gluehbirnen-mit-app-und-fernbedienung-7m-25-g40-gluehbirnen-farbwechsel-musikmodus-ip65-dimmbar-lichterkette-aussen-strom-fuer-garten-balk\/","name":"Lichterkette Au\u00dfen, BEARTWO Smart RGB LED Lichterkette Gl\u00fchbirnen mit APP und Fernbedienung, 7m 25 G40 Gl\u00fchbirnen\u2026 - Markt-XXL","isPartOf":{"@id":"https:\/\/marktxxl.de\/markt\/#website"},"primaryImageOfPage":{"@id":"https:\/\/marktxxl.de\/markt\/produkt\/lichterkette-aussen-beartwo-smart-rgb-led-lichterkette-gluehbirnen-mit-app-und-fernbedienung-7m-25-g40-gluehbirnen-farbwechsel-musikmodus-ip65-dimmbar-lichterkette-aussen-strom-fuer-garten-balk\/#primaryimage"},"image":{"@id":"https:\/\/marktxxl.de\/markt\/produkt\/lichterkette-aussen-beartwo-smart-rgb-led-lichterkette-gluehbirnen-mit-app-und-fernbedienung-7m-25-g40-gluehbirnen-farbwechsel-musikmodus-ip65-dimmbar-lichterkette-aussen-strom-fuer-garten-balk\/#primaryimage"},"thumbnailUrl":"https:\/\/m.media-amazon.com\/images\/I\/61oXcVvOSbL._SL500_.jpg","datePublished":"2021-10-13T23:09:18+00:00","dateModified":"2023-04-11T00:24:33+00:00","description":"Markt-XXL Lichterkette Au\u00dfen, BEARTWO Smart RGB LED Lichterkette Gl\u00fchbirnen mit APP und Fernbedienung, 7m 25 G40 Gl\u00fchbirnen\u2026","breadcrumb":{"@id":"https:\/\/marktxxl.de\/markt\/produkt\/lichterkette-aussen-beartwo-smart-rgb-led-lichterkette-gluehbirnen-mit-app-und-fernbedienung-7m-25-g40-gluehbirnen-farbwechsel-musikmodus-ip65-dimmbar-lichterkette-aussen-strom-fuer-garten-balk\/#breadcrumb"},"inLanguage":"de","potentialAction":[{"@type":"ReadAction","target":["https:\/\/marktxxl.de\/markt\/produkt\/lichterkette-aussen-beartwo-smart-rgb-led-lichterkette-gluehbirnen-mit-app-und-fernbedienung-7m-25-g40-gluehbirnen-farbwechsel-musikmodus-ip65-dimmbar-lichterkette-aussen-strom-fuer-garten-balk\/"]}]},{"@type":"ImageObject","inLanguage":"de","@id":"https:\/\/marktxxl.de\/markt\/produkt\/lichterkette-aussen-beartwo-smart-rgb-led-lichterkette-gluehbirnen-mit-app-und-fernbedienung-7m-25-g40-gluehbirnen-farbwechsel-musikmodus-ip65-dimmbar-lichterkette-aussen-strom-fuer-garten-balk\/#primaryimage","url":"https:\/\/m.media-amazon.com\/images\/I\/61oXcVvOSbL._SL500_.jpg","contentUrl":"https:\/\/m.media-amazon.com\/images\/I\/61oXcVvOSbL._SL500_.jpg","width":500,"height":500},{"@type":"BreadcrumbList","@id":"https:\/\/marktxxl.de\/markt\/produkt\/lichterkette-aussen-beartwo-smart-rgb-led-lichterkette-gluehbirnen-mit-app-und-fernbedienung-7m-25-g40-gluehbirnen-farbwechsel-musikmodus-ip65-dimmbar-lichterkette-aussen-strom-fuer-garten-balk\/#breadcrumb","itemListElement":[{"@type":"ListItem","position":1,"name":"Startseite","item":"https:\/\/marktxxl.de\/markt\/"},{"@type":"ListItem","position":2,"name":"Markt","item":"https:\/\/marktxxl.de\/markt\/"},{"@type":"ListItem","position":3,"name":"Lichterkette Au\u00dfen, BEARTWO Smart RGB LED Lichterkette Gl\u00fchbirnen mit APP und Fernbedienung, 7m 25 G40 Gl\u00fchbirnen\u2026"}]},{"@type":"WebSite","@id":"https:\/\/marktxxl.de\/markt\/#website","url":"https:\/\/marktxxl.de\/markt\/","name":"Markt-XXL","description":"Ihr Markt Online","publisher":{"@id":"https:\/\/marktxxl.de\/markt\/#organization"},"potentialAction":[{"@type":"SearchAction","target":{"@type":"EntryPoint","urlTemplate":"https:\/\/marktxxl.de\/markt\/?s={search_term_string}"},"query-input":{"@type":"PropertyValueSpecification","valueRequired":true,"valueName":"search_term_string"}}],"inLanguage":"de"},{"@type":"Organization","@id":"https:\/\/marktxxl.de\/markt\/#organization","name":"Markt-XXL","url":"https:\/\/marktxxl.de\/markt\/","logo":{"@type":"ImageObject","inLanguage":"de","@id":"https:\/\/marktxxl.de\/markt\/#\/schema\/logo\/image\/","url":"https:\/\/marktxxl.de\/markt\/wp-content\/uploads\/sites\/3\/2020\/12\/logo.png","contentUrl":"https:\/\/marktxxl.de\/markt\/wp-content\/uploads\/sites\/3\/2020\/12\/logo.png","width":200,"height":70,"caption":"Markt-XXL"},"image":{"@id":"https:\/\/marktxxl.de\/markt\/#\/schema\/logo\/image\/"}}]}},"_links":{"self":[{"href":"https:\/\/marktxxl.de\/markt\/wp-json\/wp\/v2\/product\/57501","targetHints":{"allow":["GET"]}}],"collection":[{"href":"https:\/\/marktxxl.de\/markt\/wp-json\/wp\/v2\/product"}],"about":[{"href":"https:\/\/marktxxl.de\/markt\/wp-json\/wp\/v2\/types\/product"}],"replies":[{"embeddable":true,"href":"https:\/\/marktxxl.de\/markt\/wp-json\/wp\/v2\/comments?post=57501"}],"wp:featuredmedia":[{"embeddable":true,"href":"https:\/\/marktxxl.de\/markt\/wp-json\/wp\/v2\/media\/57502"}],"wp:attachment":[{"href":"https:\/\/marktxxl.de\/markt\/wp-json\/wp\/v2\/media?parent=57501"}],"wp:term":[{"taxonomy":"product_brand","embeddable":true,"href":"https:\/\/marktxxl.de\/markt\/wp-json\/wp\/v2\/product_brand?post=57501"},{"taxonomy":"product_cat","embeddable":true,"href":"https:\/\/marktxxl.de\/markt\/wp-json\/wp\/v2\/product_cat?post=57501"},{"taxonomy":"product_tag","embeddable":true,"href":"https:\/\/marktxxl.de\/markt\/wp-json\/wp\/v2\/product_tag?post=57501"}],"curies":[{"name":"wp","href":"https:\/\/api.w.org\/{rel}","templated":true}]}}