{"id":57494,"date":"2021-10-14T01:09:16","date_gmt":"2021-10-13T23:09:16","guid":{"rendered":"https:\/\/marktxxl.de\/markt\/produkt\/idena-30441-led-lichterkette-mit-300-led-in-warmweiss-mit-8-stunden-timer-funktion-und-transformator-ca-379-m-lang-innen-und-aussenbereich-als-deko-fuer-partys-weihnachten-hochzeit\/"},"modified":"2023-04-11T02:24:33","modified_gmt":"2023-04-11T00:24:33","slug":"idena-30441-led-lichterkette-mit-300-led-in-warmweiss-mit-8-stunden-timer-funktion-und-transformator-ca-379-m-lang-innen-und-aussenbereich-als-deko-fuer-partys-weihnachten-hochzeit","status":"publish","type":"product","link":"https:\/\/marktxxl.de\/markt\/produkt\/idena-30441-led-lichterkette-mit-300-led-in-warmweiss-mit-8-stunden-timer-funktion-und-transformator-ca-379-m-lang-innen-und-aussenbereich-als-deko-fuer-partys-weihnachten-hochzeit\/","title":{"rendered":"Idena 30441 &#8211; LED Lichterkette mit 300 LED in warmwei\u00df, mit 8 Stunden Timer Funktion und Transformator, ca. 37,9 m lang\u2026"},"content":{"rendered":"<p>Dekorative Lichterkette mit 300 LED in warm wei\u00dfer Lichtfarbe (Farbtemperatur 2700k), mit Stecker und Transformator, Gesamtl\u00e4nge ca. 37,9 m (davon 8 m Zuleitung), geeignet f\u00fcr den Innen- und Au\u00dfenbereich<br \/>\nDie LED L\u00e4mpchen sind in einem Abstand von 10 cm angebracht, das gr\u00fcne Kabel wird vor einem dunklen Hintergrund wie den Zweigen des Weihnachtsbaums unsichtbar und nur die vielen Lichter strahlen hell<br \/>\nMit Timerfunktion ausgestattet: aktiviert man die Zeitschaltuhr, so schaltet sich das Licht jeden Tag zur gleichen Zeit ein und leuchtet dann f\u00fcr 8 Stunden, ist der Timer deaktiviert, leuchtet die Lichterkette ununterbrochen<br \/>\nIdeal geeignet zur Dekoration von Garten, Terrasse und Balkon, Fenstern, B\u00e4umen, Str\u00e4uchern, T\u00fcren und W\u00e4nden, f\u00fcr stimmungsvolle Beleuchtung zu Hause, auf Partys, Hochzeiten, Geburtstagen, zu Weihnachten und anderen Feierlichkeiten<br \/>\nSchaffen Sie mit wenigen Handgriffen ganz einfach selbst eine romantische, friedliche und warme Atmosph\u00e4re<br \/>\n<div class=\"main-cross-sell\" data-asin=\"B00MAAOEK0\">\n\n\t<div class=\"WooZone-cross-sell-loader\">\n\t\t<div>\n\t\t\t<div id=\"floatingBarsG\">\n\t\t\t\t<div class=\"blockG\" id=\"rotateG_01\"><\/div>\n\t\t\t\t<div class=\"blockG\" id=\"rotateG_02\"><\/div>\n\t\t\t\t<div class=\"blockG\" id=\"rotateG_03\"><\/div>\n\t\t\t\t<div class=\"blockG\" id=\"rotateG_04\"><\/div>\n\t\t\t\t<div class=\"blockG\" id=\"rotateG_05\"><\/div>\n\t\t\t\t<div class=\"blockG\" id=\"rotateG_06\"><\/div>\n\t\t\t\t<div class=\"blockG\" id=\"rotateG_07\"><\/div>\n\t\t\t\t<div class=\"blockG\" id=\"rotateG_08\"><\/div>\n\t\t\t<\/div>\n\t\t\t<div class=\"WooZone-cross-sell-loader-text\"><\/div>\n\t\t<\/div>\n\t<\/div>\n\n\t\t\n<\/div>\n<div style=\"clear:both;\"><\/div><\/p>\n","protected":false},"excerpt":{"rendered":"<p>Dekorative Lichterkette mit 300 LED in warm wei\u00dfer Lichtfarbe (Farbtemperatur 2700k), mit Stecker und Transformator, Gesamtl\u00e4nge ca. 37,9 m (davon 8 m Zuleitung), geeignet f\u00fcr den Innen- und Au\u00dfenbereich<br \/>\nDie LED L\u00e4mpchen sind in einem Abstand von 10 cm angebracht, das gr\u00fcne Kabel wird vor einem dunklen Hintergrund wie den Zweigen des Weihnachtsbaums unsichtbar und nur die vielen Lichter strahlen hell<br \/>\nMit Timerfunktion ausgestattet: aktiviert man die Zeitschaltuhr, so schaltet sich das Licht jeden Tag zur gleichen Zeit ein und leuchtet dann f\u00fcr 8 Stunden, ist der Timer deaktiviert, leuchtet die Lichterkette ununterbrochen<\/p>\n","protected":false},"featured_media":57495,"comment_status":"open","ping_status":"closed","template":"","meta":[],"product_brand":[],"product_cat":[2108,15624],"product_tag":[],"class_list":{"0":"post-57494","1":"product","2":"type-product","3":"status-publish","4":"has-post-thumbnail","6":"product_cat-beleuchtung","7":"product_cat-weihnachtsbeleuchtung","8":"pa_binding-gartenartikel","9":"pa_brand-idena","10":"pa_color-warm-weiss","11":"pa_height-3-94-zoll","12":"pa_languages-uebersetzung-spanisch-handbuch-italienisch-handbuch-deutsch-handbuch-franzoesisch-handbuch-englisch-handbuch-spanisch","13":"pa_length-149-21-zoll","14":"pa_manufacturer-idena","15":"pa_model-21767","16":"pa_size-300er","17":"pa_warranty-gesetzliche-gewaehrleistung","18":"pa_width-3-94-zoll","20":"first","21":"instock","22":"shipping-taxable","23":"purchasable","24":"product-type-simple","25":"customify-col","26":"product-has-gallery"},"yoast_head":"<!-- This site is optimized with the Yoast SEO plugin v27.4 - https:\/\/yoast.com\/product\/yoast-seo-wordpress\/ -->\n<title>Idena 30441 - LED Lichterkette mit 300 LED in warmwei\u00df, mit 8 Stunden Timer Funktion und Transformator, ca. 37,9 m lang\u2026 - Markt-XXL<\/title>\n<meta name=\"description\" content=\"Markt-XXL Idena 30441 - LED Lichterkette mit 300 LED in warmwei\u00df, mit 8 Stunden Timer Funktion und Transformator, ca. 37,9 m lang\u2026\" \/>\n<meta name=\"robots\" content=\"index, follow, max-snippet:-1, max-image-preview:large, max-video-preview:-1\" \/>\n<link rel=\"canonical\" href=\"https:\/\/marktxxl.de\/markt\/produkt\/idena-30441-led-lichterkette-mit-300-led-in-warmweiss-mit-8-stunden-timer-funktion-und-transformator-ca-379-m-lang-innen-und-aussenbereich-als-deko-fuer-partys-weihnachten-hochzeit\/\" \/>\n<meta property=\"og:locale\" content=\"de_DE\" \/>\n<meta property=\"og:type\" content=\"article\" \/>\n<meta property=\"og:title\" content=\"Idena 30441 - LED Lichterkette mit 300 LED in warmwei\u00df, mit 8 Stunden Timer Funktion und Transformator, ca. 37,9 m lang\u2026 - Markt-XXL\" \/>\n<meta property=\"og:description\" content=\"Markt-XXL Idena 30441 - LED Lichterkette mit 300 LED in warmwei\u00df, mit 8 Stunden Timer Funktion und Transformator, ca. 37,9 m lang\u2026\" \/>\n<meta property=\"og:url\" content=\"https:\/\/marktxxl.de\/markt\/produkt\/idena-30441-led-lichterkette-mit-300-led-in-warmweiss-mit-8-stunden-timer-funktion-und-transformator-ca-379-m-lang-innen-und-aussenbereich-als-deko-fuer-partys-weihnachten-hochzeit\/\" \/>\n<meta property=\"og:site_name\" content=\"Markt-XXL\" \/>\n<meta property=\"article:modified_time\" content=\"2023-04-11T00:24:33+00:00\" \/>\n<meta property=\"og:image\" content=\"https:\/\/m.media-amazon.com\/images\/I\/51Mpxi3iyQL._SL500_.jpg\" \/>\n\t<meta property=\"og:image:width\" content=\"500\" \/>\n\t<meta property=\"og:image:height\" content=\"500\" \/>\n\t<meta property=\"og:image:type\" content=\"image\/jpeg\" \/>\n<meta name=\"twitter:card\" content=\"summary_large_image\" \/>\n<meta name=\"twitter:label1\" content=\"Gesch\u00e4tzte Lesezeit\" \/>\n\t<meta name=\"twitter:data1\" content=\"1\u00a0Minute\" \/>\n<script type=\"application\/ld+json\" class=\"yoast-schema-graph\">{\"@context\":\"https:\\\/\\\/schema.org\",\"@graph\":[{\"@type\":\"WebPage\",\"@id\":\"https:\\\/\\\/marktxxl.de\\\/markt\\\/produkt\\\/idena-30441-led-lichterkette-mit-300-led-in-warmweiss-mit-8-stunden-timer-funktion-und-transformator-ca-379-m-lang-innen-und-aussenbereich-als-deko-fuer-partys-weihnachten-hochzeit\\\/\",\"url\":\"https:\\\/\\\/marktxxl.de\\\/markt\\\/produkt\\\/idena-30441-led-lichterkette-mit-300-led-in-warmweiss-mit-8-stunden-timer-funktion-und-transformator-ca-379-m-lang-innen-und-aussenbereich-als-deko-fuer-partys-weihnachten-hochzeit\\\/\",\"name\":\"Idena 30441 - LED Lichterkette mit 300 LED in warmwei\u00df, mit 8 Stunden Timer Funktion und Transformator, ca. 37,9 m lang\u2026 - Markt-XXL\",\"isPartOf\":{\"@id\":\"https:\\\/\\\/marktxxl.de\\\/markt\\\/#website\"},\"primaryImageOfPage\":{\"@id\":\"https:\\\/\\\/marktxxl.de\\\/markt\\\/produkt\\\/idena-30441-led-lichterkette-mit-300-led-in-warmweiss-mit-8-stunden-timer-funktion-und-transformator-ca-379-m-lang-innen-und-aussenbereich-als-deko-fuer-partys-weihnachten-hochzeit\\\/#primaryimage\"},\"image\":{\"@id\":\"https:\\\/\\\/marktxxl.de\\\/markt\\\/produkt\\\/idena-30441-led-lichterkette-mit-300-led-in-warmweiss-mit-8-stunden-timer-funktion-und-transformator-ca-379-m-lang-innen-und-aussenbereich-als-deko-fuer-partys-weihnachten-hochzeit\\\/#primaryimage\"},\"thumbnailUrl\":\"https:\\\/\\\/m.media-amazon.com\\\/images\\\/I\\\/51Mpxi3iyQL._SL500_.jpg\",\"datePublished\":\"2021-10-13T23:09:16+00:00\",\"dateModified\":\"2023-04-11T00:24:33+00:00\",\"description\":\"Markt-XXL Idena 30441 - LED Lichterkette mit 300 LED in warmwei\u00df, mit 8 Stunden Timer Funktion und Transformator, ca. 37,9 m lang\u2026\",\"breadcrumb\":{\"@id\":\"https:\\\/\\\/marktxxl.de\\\/markt\\\/produkt\\\/idena-30441-led-lichterkette-mit-300-led-in-warmweiss-mit-8-stunden-timer-funktion-und-transformator-ca-379-m-lang-innen-und-aussenbereich-als-deko-fuer-partys-weihnachten-hochzeit\\\/#breadcrumb\"},\"inLanguage\":\"de\",\"potentialAction\":[{\"@type\":\"ReadAction\",\"target\":[\"https:\\\/\\\/marktxxl.de\\\/markt\\\/produkt\\\/idena-30441-led-lichterkette-mit-300-led-in-warmweiss-mit-8-stunden-timer-funktion-und-transformator-ca-379-m-lang-innen-und-aussenbereich-als-deko-fuer-partys-weihnachten-hochzeit\\\/\"]}]},{\"@type\":\"ImageObject\",\"inLanguage\":\"de\",\"@id\":\"https:\\\/\\\/marktxxl.de\\\/markt\\\/produkt\\\/idena-30441-led-lichterkette-mit-300-led-in-warmweiss-mit-8-stunden-timer-funktion-und-transformator-ca-379-m-lang-innen-und-aussenbereich-als-deko-fuer-partys-weihnachten-hochzeit\\\/#primaryimage\",\"url\":\"https:\\\/\\\/m.media-amazon.com\\\/images\\\/I\\\/51Mpxi3iyQL._SL500_.jpg\",\"contentUrl\":\"https:\\\/\\\/m.media-amazon.com\\\/images\\\/I\\\/51Mpxi3iyQL._SL500_.jpg\",\"width\":500,\"height\":500},{\"@type\":\"BreadcrumbList\",\"@id\":\"https:\\\/\\\/marktxxl.de\\\/markt\\\/produkt\\\/idena-30441-led-lichterkette-mit-300-led-in-warmweiss-mit-8-stunden-timer-funktion-und-transformator-ca-379-m-lang-innen-und-aussenbereich-als-deko-fuer-partys-weihnachten-hochzeit\\\/#breadcrumb\",\"itemListElement\":[{\"@type\":\"ListItem\",\"position\":1,\"name\":\"Startseite\",\"item\":\"https:\\\/\\\/marktxxl.de\\\/markt\\\/\"},{\"@type\":\"ListItem\",\"position\":2,\"name\":\"Markt\",\"item\":\"https:\\\/\\\/marktxxl.de\\\/markt\\\/\"},{\"@type\":\"ListItem\",\"position\":3,\"name\":\"Idena 30441 &#8211; LED Lichterkette mit 300 LED in warmwei\u00df, mit 8 Stunden Timer Funktion und Transformator, ca. 37,9 m lang\u2026\"}]},{\"@type\":\"WebSite\",\"@id\":\"https:\\\/\\\/marktxxl.de\\\/markt\\\/#website\",\"url\":\"https:\\\/\\\/marktxxl.de\\\/markt\\\/\",\"name\":\"Markt-XXL\",\"description\":\"Ihr Markt Online\",\"publisher\":{\"@id\":\"https:\\\/\\\/marktxxl.de\\\/markt\\\/#organization\"},\"potentialAction\":[{\"@type\":\"SearchAction\",\"target\":{\"@type\":\"EntryPoint\",\"urlTemplate\":\"https:\\\/\\\/marktxxl.de\\\/markt\\\/?s={search_term_string}\"},\"query-input\":{\"@type\":\"PropertyValueSpecification\",\"valueRequired\":true,\"valueName\":\"search_term_string\"}}],\"inLanguage\":\"de\"},{\"@type\":\"Organization\",\"@id\":\"https:\\\/\\\/marktxxl.de\\\/markt\\\/#organization\",\"name\":\"Markt-XXL\",\"url\":\"https:\\\/\\\/marktxxl.de\\\/markt\\\/\",\"logo\":{\"@type\":\"ImageObject\",\"inLanguage\":\"de\",\"@id\":\"https:\\\/\\\/marktxxl.de\\\/markt\\\/#\\\/schema\\\/logo\\\/image\\\/\",\"url\":\"https:\\\/\\\/marktxxl.de\\\/markt\\\/wp-content\\\/uploads\\\/sites\\\/3\\\/2020\\\/12\\\/logo.png\",\"contentUrl\":\"https:\\\/\\\/marktxxl.de\\\/markt\\\/wp-content\\\/uploads\\\/sites\\\/3\\\/2020\\\/12\\\/logo.png\",\"width\":200,\"height\":70,\"caption\":\"Markt-XXL\"},\"image\":{\"@id\":\"https:\\\/\\\/marktxxl.de\\\/markt\\\/#\\\/schema\\\/logo\\\/image\\\/\"}}]}<\/script>\n<!-- \/ Yoast SEO plugin. -->","yoast_head_json":{"title":"Idena 30441 - LED Lichterkette mit 300 LED in warmwei\u00df, mit 8 Stunden Timer Funktion und Transformator, ca. 37,9 m lang\u2026 - Markt-XXL","description":"Markt-XXL Idena 30441 - LED Lichterkette mit 300 LED in warmwei\u00df, mit 8 Stunden Timer Funktion und Transformator, ca. 37,9 m lang\u2026","robots":{"index":"index","follow":"follow","max-snippet":"max-snippet:-1","max-image-preview":"max-image-preview:large","max-video-preview":"max-video-preview:-1"},"canonical":"https:\/\/marktxxl.de\/markt\/produkt\/idena-30441-led-lichterkette-mit-300-led-in-warmweiss-mit-8-stunden-timer-funktion-und-transformator-ca-379-m-lang-innen-und-aussenbereich-als-deko-fuer-partys-weihnachten-hochzeit\/","og_locale":"de_DE","og_type":"article","og_title":"Idena 30441 - LED Lichterkette mit 300 LED in warmwei\u00df, mit 8 Stunden Timer Funktion und Transformator, ca. 37,9 m lang\u2026 - Markt-XXL","og_description":"Markt-XXL Idena 30441 - LED Lichterkette mit 300 LED in warmwei\u00df, mit 8 Stunden Timer Funktion und Transformator, ca. 37,9 m lang\u2026","og_url":"https:\/\/marktxxl.de\/markt\/produkt\/idena-30441-led-lichterkette-mit-300-led-in-warmweiss-mit-8-stunden-timer-funktion-und-transformator-ca-379-m-lang-innen-und-aussenbereich-als-deko-fuer-partys-weihnachten-hochzeit\/","og_site_name":"Markt-XXL","article_modified_time":"2023-04-11T00:24:33+00:00","og_image":[{"width":500,"height":500,"url":"https:\/\/m.media-amazon.com\/images\/I\/51Mpxi3iyQL._SL500_.jpg","type":"image\/jpeg"}],"twitter_card":"summary_large_image","twitter_misc":{"Gesch\u00e4tzte Lesezeit":"1\u00a0Minute"},"schema":{"@context":"https:\/\/schema.org","@graph":[{"@type":"WebPage","@id":"https:\/\/marktxxl.de\/markt\/produkt\/idena-30441-led-lichterkette-mit-300-led-in-warmweiss-mit-8-stunden-timer-funktion-und-transformator-ca-379-m-lang-innen-und-aussenbereich-als-deko-fuer-partys-weihnachten-hochzeit\/","url":"https:\/\/marktxxl.de\/markt\/produkt\/idena-30441-led-lichterkette-mit-300-led-in-warmweiss-mit-8-stunden-timer-funktion-und-transformator-ca-379-m-lang-innen-und-aussenbereich-als-deko-fuer-partys-weihnachten-hochzeit\/","name":"Idena 30441 - LED Lichterkette mit 300 LED in warmwei\u00df, mit 8 Stunden Timer Funktion und Transformator, ca. 37,9 m lang\u2026 - Markt-XXL","isPartOf":{"@id":"https:\/\/marktxxl.de\/markt\/#website"},"primaryImageOfPage":{"@id":"https:\/\/marktxxl.de\/markt\/produkt\/idena-30441-led-lichterkette-mit-300-led-in-warmweiss-mit-8-stunden-timer-funktion-und-transformator-ca-379-m-lang-innen-und-aussenbereich-als-deko-fuer-partys-weihnachten-hochzeit\/#primaryimage"},"image":{"@id":"https:\/\/marktxxl.de\/markt\/produkt\/idena-30441-led-lichterkette-mit-300-led-in-warmweiss-mit-8-stunden-timer-funktion-und-transformator-ca-379-m-lang-innen-und-aussenbereich-als-deko-fuer-partys-weihnachten-hochzeit\/#primaryimage"},"thumbnailUrl":"https:\/\/m.media-amazon.com\/images\/I\/51Mpxi3iyQL._SL500_.jpg","datePublished":"2021-10-13T23:09:16+00:00","dateModified":"2023-04-11T00:24:33+00:00","description":"Markt-XXL Idena 30441 - LED Lichterkette mit 300 LED in warmwei\u00df, mit 8 Stunden Timer Funktion und Transformator, ca. 37,9 m lang\u2026","breadcrumb":{"@id":"https:\/\/marktxxl.de\/markt\/produkt\/idena-30441-led-lichterkette-mit-300-led-in-warmweiss-mit-8-stunden-timer-funktion-und-transformator-ca-379-m-lang-innen-und-aussenbereich-als-deko-fuer-partys-weihnachten-hochzeit\/#breadcrumb"},"inLanguage":"de","potentialAction":[{"@type":"ReadAction","target":["https:\/\/marktxxl.de\/markt\/produkt\/idena-30441-led-lichterkette-mit-300-led-in-warmweiss-mit-8-stunden-timer-funktion-und-transformator-ca-379-m-lang-innen-und-aussenbereich-als-deko-fuer-partys-weihnachten-hochzeit\/"]}]},{"@type":"ImageObject","inLanguage":"de","@id":"https:\/\/marktxxl.de\/markt\/produkt\/idena-30441-led-lichterkette-mit-300-led-in-warmweiss-mit-8-stunden-timer-funktion-und-transformator-ca-379-m-lang-innen-und-aussenbereich-als-deko-fuer-partys-weihnachten-hochzeit\/#primaryimage","url":"https:\/\/m.media-amazon.com\/images\/I\/51Mpxi3iyQL._SL500_.jpg","contentUrl":"https:\/\/m.media-amazon.com\/images\/I\/51Mpxi3iyQL._SL500_.jpg","width":500,"height":500},{"@type":"BreadcrumbList","@id":"https:\/\/marktxxl.de\/markt\/produkt\/idena-30441-led-lichterkette-mit-300-led-in-warmweiss-mit-8-stunden-timer-funktion-und-transformator-ca-379-m-lang-innen-und-aussenbereich-als-deko-fuer-partys-weihnachten-hochzeit\/#breadcrumb","itemListElement":[{"@type":"ListItem","position":1,"name":"Startseite","item":"https:\/\/marktxxl.de\/markt\/"},{"@type":"ListItem","position":2,"name":"Markt","item":"https:\/\/marktxxl.de\/markt\/"},{"@type":"ListItem","position":3,"name":"Idena 30441 &#8211; LED Lichterkette mit 300 LED in warmwei\u00df, mit 8 Stunden Timer Funktion und Transformator, ca. 37,9 m lang\u2026"}]},{"@type":"WebSite","@id":"https:\/\/marktxxl.de\/markt\/#website","url":"https:\/\/marktxxl.de\/markt\/","name":"Markt-XXL","description":"Ihr Markt Online","publisher":{"@id":"https:\/\/marktxxl.de\/markt\/#organization"},"potentialAction":[{"@type":"SearchAction","target":{"@type":"EntryPoint","urlTemplate":"https:\/\/marktxxl.de\/markt\/?s={search_term_string}"},"query-input":{"@type":"PropertyValueSpecification","valueRequired":true,"valueName":"search_term_string"}}],"inLanguage":"de"},{"@type":"Organization","@id":"https:\/\/marktxxl.de\/markt\/#organization","name":"Markt-XXL","url":"https:\/\/marktxxl.de\/markt\/","logo":{"@type":"ImageObject","inLanguage":"de","@id":"https:\/\/marktxxl.de\/markt\/#\/schema\/logo\/image\/","url":"https:\/\/marktxxl.de\/markt\/wp-content\/uploads\/sites\/3\/2020\/12\/logo.png","contentUrl":"https:\/\/marktxxl.de\/markt\/wp-content\/uploads\/sites\/3\/2020\/12\/logo.png","width":200,"height":70,"caption":"Markt-XXL"},"image":{"@id":"https:\/\/marktxxl.de\/markt\/#\/schema\/logo\/image\/"}}]}},"_links":{"self":[{"href":"https:\/\/marktxxl.de\/markt\/wp-json\/wp\/v2\/product\/57494","targetHints":{"allow":["GET"]}}],"collection":[{"href":"https:\/\/marktxxl.de\/markt\/wp-json\/wp\/v2\/product"}],"about":[{"href":"https:\/\/marktxxl.de\/markt\/wp-json\/wp\/v2\/types\/product"}],"replies":[{"embeddable":true,"href":"https:\/\/marktxxl.de\/markt\/wp-json\/wp\/v2\/comments?post=57494"}],"wp:featuredmedia":[{"embeddable":true,"href":"https:\/\/marktxxl.de\/markt\/wp-json\/wp\/v2\/media\/57495"}],"wp:attachment":[{"href":"https:\/\/marktxxl.de\/markt\/wp-json\/wp\/v2\/media?parent=57494"}],"wp:term":[{"taxonomy":"product_brand","embeddable":true,"href":"https:\/\/marktxxl.de\/markt\/wp-json\/wp\/v2\/product_brand?post=57494"},{"taxonomy":"product_cat","embeddable":true,"href":"https:\/\/marktxxl.de\/markt\/wp-json\/wp\/v2\/product_cat?post=57494"},{"taxonomy":"product_tag","embeddable":true,"href":"https:\/\/marktxxl.de\/markt\/wp-json\/wp\/v2\/product_tag?post=57494"}],"curies":[{"name":"wp","href":"https:\/\/api.w.org\/{rel}","templated":true}]}}