{"id":57447,"date":"2021-10-14T01:06:19","date_gmt":"2021-10-13T23:06:19","guid":{"rendered":"https:\/\/marktxxl.de\/markt\/produkt\/2-set-lichterketten-10m-100-led-batteriebetriebene-lichterketten-mit-fernbedienung-batterie-usb-led-lichterketten-firefly-lights-fuer-gartenhochzeitsfeier-weihnachten-indoor-outdoor-dekora\/"},"modified":"2023-04-11T02:24:32","modified_gmt":"2023-04-11T00:24:32","slug":"2-set-lichterketten-10m-100-led-batteriebetriebene-lichterketten-mit-fernbedienung-batterie-usb-led-lichterketten-firefly-lights-fuer-gartenhochzeitsfeier-weihnachten-indoor-outdoor-dekora","status":"publish","type":"product","link":"https:\/\/marktxxl.de\/markt\/produkt\/2-set-lichterketten-10m-100-led-batteriebetriebene-lichterketten-mit-fernbedienung-batterie-usb-led-lichterketten-firefly-lights-fuer-gartenhochzeitsfeier-weihnachten-indoor-outdoor-dekora\/","title":{"rendered":"2 Set Lichterketten 10m 100 LED Batteriebetriebene Lichterketten mit Fernbedienung &amp; Batterie &amp; USB LED Lichterketten\u2026"},"content":{"rendered":"<p>\u3010USB-Stecker und batteriebetriebene Lichterketten\u3011 Ben\u00f6tigen Sie 3 AA-Batterien f\u00fcr jeden Strang; kann f\u00fcr bis zu 5 Tage mit DAUERHAFTEN AN-Lichtern dauern, l\u00e4sst auf blinkendem Modus mit; Wenn der Timer an jedem Tag auf 6 Stunden eingestellt ist, halten sie problemlos l\u00e4nger als einen halben Monat.<br \/>\n\u30108 Leucht- und Blinkmodi verf\u00fcgbar\u3011Kombination; In Welle; Sequentiell; Slo Glo; Jagen \/ Flash; Langsames Verblassen; Funkeln \/ Blitz; Dauerlicht.<br \/>\n\u3010Lichterketten mit Fernbedienung\u3011 Sie k\u00f6nnen die Lichter leicht ein \/ ausschalten; Stellen Sie sie in der Zeitschaltuhr so ein, dass sie jeden Tag automatisch ein- und ausgeschaltet werden. Passen Sie die Helligkeit an, wechseln Sie von Blitz auf Funkeln, um langsam zu blenden, um stetig zu bleiben usw.<br \/>\n\u3010Wasserdichte Batterie-Lichterketten\u3011 Die Drahtteile der Lichterketten sind vollst\u00e4ndig versiegelt, sodass sie untergetaucht werden k\u00f6nnen. Das Batteriegeh\u00e4use kann nicht unter Wasser gestellt werden, da es nur die Schutzart IP44 aufweist. Wir empfehlen die Verwendung im Innenbereich. Bei gelegentlichen Veranstaltungen im Freien sollte das Batteriegeh\u00e4use an einem trockenen Ort aufbewahrt werden .<br \/>\n\u3010Kundendienst\u3011Bitte z\u00f6gern Sie nicht, uns zu kontaktieren, wenn Ihr Paket Qualit\u00e4ts- oder Quantit\u00e4tsprobleme aufweist. Wir w\u00fcrden unser bestes versuchen, um das problem f\u00fcr sie zu l\u00f6sen. Probieren Sie es aus und Sie werden es nicht bereuen!<br \/>\n<div class=\"main-cross-sell\" data-asin=\"B07YP19FTL\">\n\n\t<div class=\"WooZone-cross-sell-loader\">\n\t\t<div>\n\t\t\t<div id=\"floatingBarsG\">\n\t\t\t\t<div class=\"blockG\" id=\"rotateG_01\"><\/div>\n\t\t\t\t<div class=\"blockG\" id=\"rotateG_02\"><\/div>\n\t\t\t\t<div class=\"blockG\" id=\"rotateG_03\"><\/div>\n\t\t\t\t<div class=\"blockG\" id=\"rotateG_04\"><\/div>\n\t\t\t\t<div class=\"blockG\" id=\"rotateG_05\"><\/div>\n\t\t\t\t<div class=\"blockG\" id=\"rotateG_06\"><\/div>\n\t\t\t\t<div class=\"blockG\" id=\"rotateG_07\"><\/div>\n\t\t\t\t<div class=\"blockG\" id=\"rotateG_08\"><\/div>\n\t\t\t<\/div>\n\t\t\t<div class=\"WooZone-cross-sell-loader-text\"><\/div>\n\t\t<\/div>\n\t<\/div>\n\n\t\t\n<\/div>\n<div style=\"clear:both;\"><\/div><\/p>\n","protected":false},"excerpt":{"rendered":"<p>\u3010USB-Stecker und batteriebetriebene Lichterketten\u3011 Ben\u00f6tigen Sie 3 AA-Batterien f\u00fcr jeden Strang; kann f\u00fcr bis zu 5 Tage mit DAUERHAFTEN AN-Lichtern dauern, l\u00e4sst auf blinkendem Modus mit; Wenn der Timer an jedem Tag auf 6 Stunden eingestellt ist, halten sie problemlos l\u00e4nger als einen halben Monat.<br \/>\n\u30108 Leucht- und Blinkmodi verf\u00fcgbar\u3011Kombination; In Welle; Sequentiell; Slo Glo; Jagen \/ Flash; Langsames Verblassen; Funkeln \/ Blitz; Dauerlicht.<br \/>\n\u3010Lichterketten mit Fernbedienung\u3011 Sie k\u00f6nnen die Lichter leicht ein \/ ausschalten; Stellen Sie sie in der Zeitschaltuhr so ein, dass sie jeden Tag automatisch ein- und ausgeschaltet werden. Passen Sie die Helligkeit an, wechseln Sie von Blitz auf Funkeln, um langsam zu blenden, um stetig zu bleiben usw.<\/p>\n","protected":false},"featured_media":57448,"comment_status":"open","ping_status":"closed","template":"","meta":[],"product_brand":[],"product_cat":[2108,15623],"product_tag":[],"class_list":{"0":"post-57447","1":"product","2":"type-product","3":"status-publish","4":"has-post-thumbnail","6":"product_cat-beleuchtung","7":"product_cat-lichtschlaeuche","8":"pa_brand-san-jison","9":"pa_color-weiss","10":"pa_height-2-755905509-zoll","11":"pa_length-4-724409444-zoll","12":"pa_weight-0-110231131-pfund","13":"pa_width-2-755905509-zoll","15":"first","16":"instock","17":"shipping-taxable","18":"purchasable","19":"product-type-simple","20":"customify-col","21":"product-has-gallery"},"yoast_head":"<!-- This site is optimized with the Yoast SEO plugin v27.4 - https:\/\/yoast.com\/product\/yoast-seo-wordpress\/ -->\n<title>2 Set Lichterketten 10m 100 LED Batteriebetriebene Lichterketten mit Fernbedienung &amp; Batterie &amp; USB LED Lichterketten\u2026 - Markt-XXL<\/title>\n<meta name=\"description\" content=\"Markt-XXL 2 Set Lichterketten 10m 100 LED Batteriebetriebene Lichterketten mit Fernbedienung &amp; Batterie &amp; USB LED Lichterketten\u2026\" \/>\n<meta name=\"robots\" content=\"index, follow, max-snippet:-1, max-image-preview:large, max-video-preview:-1\" \/>\n<link rel=\"canonical\" href=\"https:\/\/marktxxl.de\/markt\/produkt\/2-set-lichterketten-10m-100-led-batteriebetriebene-lichterketten-mit-fernbedienung-batterie-usb-led-lichterketten-firefly-lights-fuer-gartenhochzeitsfeier-weihnachten-indoor-outdoor-dekora\/\" \/>\n<meta property=\"og:locale\" content=\"de_DE\" \/>\n<meta property=\"og:type\" content=\"article\" \/>\n<meta property=\"og:title\" content=\"2 Set Lichterketten 10m 100 LED Batteriebetriebene Lichterketten mit Fernbedienung &amp; Batterie &amp; USB LED Lichterketten\u2026 - Markt-XXL\" \/>\n<meta property=\"og:description\" content=\"Markt-XXL 2 Set Lichterketten 10m 100 LED Batteriebetriebene Lichterketten mit Fernbedienung &amp; Batterie &amp; USB LED Lichterketten\u2026\" \/>\n<meta property=\"og:url\" content=\"https:\/\/marktxxl.de\/markt\/produkt\/2-set-lichterketten-10m-100-led-batteriebetriebene-lichterketten-mit-fernbedienung-batterie-usb-led-lichterketten-firefly-lights-fuer-gartenhochzeitsfeier-weihnachten-indoor-outdoor-dekora\/\" \/>\n<meta property=\"og:site_name\" content=\"Markt-XXL\" \/>\n<meta property=\"article:modified_time\" content=\"2023-04-11T00:24:32+00:00\" \/>\n<meta property=\"og:image\" content=\"https:\/\/m.media-amazon.com\/images\/I\/51IOeHoSKwL._SL500_.jpg\" \/>\n\t<meta property=\"og:image:width\" content=\"500\" \/>\n\t<meta property=\"og:image:height\" content=\"500\" \/>\n\t<meta property=\"og:image:type\" content=\"image\/jpeg\" \/>\n<meta name=\"twitter:card\" content=\"summary_large_image\" \/>\n<meta name=\"twitter:label1\" content=\"Gesch\u00e4tzte Lesezeit\" \/>\n\t<meta name=\"twitter:data1\" content=\"1\u00a0Minute\" \/>\n<script type=\"application\/ld+json\" class=\"yoast-schema-graph\">{\"@context\":\"https:\\\/\\\/schema.org\",\"@graph\":[{\"@type\":\"WebPage\",\"@id\":\"https:\\\/\\\/marktxxl.de\\\/markt\\\/produkt\\\/2-set-lichterketten-10m-100-led-batteriebetriebene-lichterketten-mit-fernbedienung-batterie-usb-led-lichterketten-firefly-lights-fuer-gartenhochzeitsfeier-weihnachten-indoor-outdoor-dekora\\\/\",\"url\":\"https:\\\/\\\/marktxxl.de\\\/markt\\\/produkt\\\/2-set-lichterketten-10m-100-led-batteriebetriebene-lichterketten-mit-fernbedienung-batterie-usb-led-lichterketten-firefly-lights-fuer-gartenhochzeitsfeier-weihnachten-indoor-outdoor-dekora\\\/\",\"name\":\"2 Set Lichterketten 10m 100 LED Batteriebetriebene Lichterketten mit Fernbedienung &amp; Batterie &amp; USB LED Lichterketten\u2026 - Markt-XXL\",\"isPartOf\":{\"@id\":\"https:\\\/\\\/marktxxl.de\\\/markt\\\/#website\"},\"primaryImageOfPage\":{\"@id\":\"https:\\\/\\\/marktxxl.de\\\/markt\\\/produkt\\\/2-set-lichterketten-10m-100-led-batteriebetriebene-lichterketten-mit-fernbedienung-batterie-usb-led-lichterketten-firefly-lights-fuer-gartenhochzeitsfeier-weihnachten-indoor-outdoor-dekora\\\/#primaryimage\"},\"image\":{\"@id\":\"https:\\\/\\\/marktxxl.de\\\/markt\\\/produkt\\\/2-set-lichterketten-10m-100-led-batteriebetriebene-lichterketten-mit-fernbedienung-batterie-usb-led-lichterketten-firefly-lights-fuer-gartenhochzeitsfeier-weihnachten-indoor-outdoor-dekora\\\/#primaryimage\"},\"thumbnailUrl\":\"https:\\\/\\\/m.media-amazon.com\\\/images\\\/I\\\/51IOeHoSKwL._SL500_.jpg\",\"datePublished\":\"2021-10-13T23:06:19+00:00\",\"dateModified\":\"2023-04-11T00:24:32+00:00\",\"description\":\"Markt-XXL 2 Set Lichterketten 10m 100 LED Batteriebetriebene Lichterketten mit Fernbedienung &amp; Batterie &amp; USB LED Lichterketten\u2026\",\"breadcrumb\":{\"@id\":\"https:\\\/\\\/marktxxl.de\\\/markt\\\/produkt\\\/2-set-lichterketten-10m-100-led-batteriebetriebene-lichterketten-mit-fernbedienung-batterie-usb-led-lichterketten-firefly-lights-fuer-gartenhochzeitsfeier-weihnachten-indoor-outdoor-dekora\\\/#breadcrumb\"},\"inLanguage\":\"de\",\"potentialAction\":[{\"@type\":\"ReadAction\",\"target\":[\"https:\\\/\\\/marktxxl.de\\\/markt\\\/produkt\\\/2-set-lichterketten-10m-100-led-batteriebetriebene-lichterketten-mit-fernbedienung-batterie-usb-led-lichterketten-firefly-lights-fuer-gartenhochzeitsfeier-weihnachten-indoor-outdoor-dekora\\\/\"]}]},{\"@type\":\"ImageObject\",\"inLanguage\":\"de\",\"@id\":\"https:\\\/\\\/marktxxl.de\\\/markt\\\/produkt\\\/2-set-lichterketten-10m-100-led-batteriebetriebene-lichterketten-mit-fernbedienung-batterie-usb-led-lichterketten-firefly-lights-fuer-gartenhochzeitsfeier-weihnachten-indoor-outdoor-dekora\\\/#primaryimage\",\"url\":\"https:\\\/\\\/m.media-amazon.com\\\/images\\\/I\\\/51IOeHoSKwL._SL500_.jpg\",\"contentUrl\":\"https:\\\/\\\/m.media-amazon.com\\\/images\\\/I\\\/51IOeHoSKwL._SL500_.jpg\",\"width\":500,\"height\":500},{\"@type\":\"BreadcrumbList\",\"@id\":\"https:\\\/\\\/marktxxl.de\\\/markt\\\/produkt\\\/2-set-lichterketten-10m-100-led-batteriebetriebene-lichterketten-mit-fernbedienung-batterie-usb-led-lichterketten-firefly-lights-fuer-gartenhochzeitsfeier-weihnachten-indoor-outdoor-dekora\\\/#breadcrumb\",\"itemListElement\":[{\"@type\":\"ListItem\",\"position\":1,\"name\":\"Startseite\",\"item\":\"https:\\\/\\\/marktxxl.de\\\/markt\\\/\"},{\"@type\":\"ListItem\",\"position\":2,\"name\":\"Markt\",\"item\":\"https:\\\/\\\/marktxxl.de\\\/markt\\\/\"},{\"@type\":\"ListItem\",\"position\":3,\"name\":\"2 Set Lichterketten 10m 100 LED Batteriebetriebene Lichterketten mit Fernbedienung &amp; Batterie &amp; USB LED Lichterketten\u2026\"}]},{\"@type\":\"WebSite\",\"@id\":\"https:\\\/\\\/marktxxl.de\\\/markt\\\/#website\",\"url\":\"https:\\\/\\\/marktxxl.de\\\/markt\\\/\",\"name\":\"Markt-XXL\",\"description\":\"Ihr Markt Online\",\"publisher\":{\"@id\":\"https:\\\/\\\/marktxxl.de\\\/markt\\\/#organization\"},\"potentialAction\":[{\"@type\":\"SearchAction\",\"target\":{\"@type\":\"EntryPoint\",\"urlTemplate\":\"https:\\\/\\\/marktxxl.de\\\/markt\\\/?s={search_term_string}\"},\"query-input\":{\"@type\":\"PropertyValueSpecification\",\"valueRequired\":true,\"valueName\":\"search_term_string\"}}],\"inLanguage\":\"de\"},{\"@type\":\"Organization\",\"@id\":\"https:\\\/\\\/marktxxl.de\\\/markt\\\/#organization\",\"name\":\"Markt-XXL\",\"url\":\"https:\\\/\\\/marktxxl.de\\\/markt\\\/\",\"logo\":{\"@type\":\"ImageObject\",\"inLanguage\":\"de\",\"@id\":\"https:\\\/\\\/marktxxl.de\\\/markt\\\/#\\\/schema\\\/logo\\\/image\\\/\",\"url\":\"https:\\\/\\\/marktxxl.de\\\/markt\\\/wp-content\\\/uploads\\\/sites\\\/3\\\/2020\\\/12\\\/logo.png\",\"contentUrl\":\"https:\\\/\\\/marktxxl.de\\\/markt\\\/wp-content\\\/uploads\\\/sites\\\/3\\\/2020\\\/12\\\/logo.png\",\"width\":200,\"height\":70,\"caption\":\"Markt-XXL\"},\"image\":{\"@id\":\"https:\\\/\\\/marktxxl.de\\\/markt\\\/#\\\/schema\\\/logo\\\/image\\\/\"}}]}<\/script>\n<!-- \/ Yoast SEO plugin. -->","yoast_head_json":{"title":"2 Set Lichterketten 10m 100 LED Batteriebetriebene Lichterketten mit Fernbedienung &amp; Batterie &amp; USB LED Lichterketten\u2026 - Markt-XXL","description":"Markt-XXL 2 Set Lichterketten 10m 100 LED Batteriebetriebene Lichterketten mit Fernbedienung &amp; Batterie &amp; USB LED Lichterketten\u2026","robots":{"index":"index","follow":"follow","max-snippet":"max-snippet:-1","max-image-preview":"max-image-preview:large","max-video-preview":"max-video-preview:-1"},"canonical":"https:\/\/marktxxl.de\/markt\/produkt\/2-set-lichterketten-10m-100-led-batteriebetriebene-lichterketten-mit-fernbedienung-batterie-usb-led-lichterketten-firefly-lights-fuer-gartenhochzeitsfeier-weihnachten-indoor-outdoor-dekora\/","og_locale":"de_DE","og_type":"article","og_title":"2 Set Lichterketten 10m 100 LED Batteriebetriebene Lichterketten mit Fernbedienung &amp; Batterie &amp; USB LED Lichterketten\u2026 - Markt-XXL","og_description":"Markt-XXL 2 Set Lichterketten 10m 100 LED Batteriebetriebene Lichterketten mit Fernbedienung &amp; Batterie &amp; USB LED Lichterketten\u2026","og_url":"https:\/\/marktxxl.de\/markt\/produkt\/2-set-lichterketten-10m-100-led-batteriebetriebene-lichterketten-mit-fernbedienung-batterie-usb-led-lichterketten-firefly-lights-fuer-gartenhochzeitsfeier-weihnachten-indoor-outdoor-dekora\/","og_site_name":"Markt-XXL","article_modified_time":"2023-04-11T00:24:32+00:00","og_image":[{"width":500,"height":500,"url":"https:\/\/m.media-amazon.com\/images\/I\/51IOeHoSKwL._SL500_.jpg","type":"image\/jpeg"}],"twitter_card":"summary_large_image","twitter_misc":{"Gesch\u00e4tzte Lesezeit":"1\u00a0Minute"},"schema":{"@context":"https:\/\/schema.org","@graph":[{"@type":"WebPage","@id":"https:\/\/marktxxl.de\/markt\/produkt\/2-set-lichterketten-10m-100-led-batteriebetriebene-lichterketten-mit-fernbedienung-batterie-usb-led-lichterketten-firefly-lights-fuer-gartenhochzeitsfeier-weihnachten-indoor-outdoor-dekora\/","url":"https:\/\/marktxxl.de\/markt\/produkt\/2-set-lichterketten-10m-100-led-batteriebetriebene-lichterketten-mit-fernbedienung-batterie-usb-led-lichterketten-firefly-lights-fuer-gartenhochzeitsfeier-weihnachten-indoor-outdoor-dekora\/","name":"2 Set Lichterketten 10m 100 LED Batteriebetriebene Lichterketten mit Fernbedienung &amp; Batterie &amp; USB LED Lichterketten\u2026 - Markt-XXL","isPartOf":{"@id":"https:\/\/marktxxl.de\/markt\/#website"},"primaryImageOfPage":{"@id":"https:\/\/marktxxl.de\/markt\/produkt\/2-set-lichterketten-10m-100-led-batteriebetriebene-lichterketten-mit-fernbedienung-batterie-usb-led-lichterketten-firefly-lights-fuer-gartenhochzeitsfeier-weihnachten-indoor-outdoor-dekora\/#primaryimage"},"image":{"@id":"https:\/\/marktxxl.de\/markt\/produkt\/2-set-lichterketten-10m-100-led-batteriebetriebene-lichterketten-mit-fernbedienung-batterie-usb-led-lichterketten-firefly-lights-fuer-gartenhochzeitsfeier-weihnachten-indoor-outdoor-dekora\/#primaryimage"},"thumbnailUrl":"https:\/\/m.media-amazon.com\/images\/I\/51IOeHoSKwL._SL500_.jpg","datePublished":"2021-10-13T23:06:19+00:00","dateModified":"2023-04-11T00:24:32+00:00","description":"Markt-XXL 2 Set Lichterketten 10m 100 LED Batteriebetriebene Lichterketten mit Fernbedienung &amp; Batterie &amp; USB LED Lichterketten\u2026","breadcrumb":{"@id":"https:\/\/marktxxl.de\/markt\/produkt\/2-set-lichterketten-10m-100-led-batteriebetriebene-lichterketten-mit-fernbedienung-batterie-usb-led-lichterketten-firefly-lights-fuer-gartenhochzeitsfeier-weihnachten-indoor-outdoor-dekora\/#breadcrumb"},"inLanguage":"de","potentialAction":[{"@type":"ReadAction","target":["https:\/\/marktxxl.de\/markt\/produkt\/2-set-lichterketten-10m-100-led-batteriebetriebene-lichterketten-mit-fernbedienung-batterie-usb-led-lichterketten-firefly-lights-fuer-gartenhochzeitsfeier-weihnachten-indoor-outdoor-dekora\/"]}]},{"@type":"ImageObject","inLanguage":"de","@id":"https:\/\/marktxxl.de\/markt\/produkt\/2-set-lichterketten-10m-100-led-batteriebetriebene-lichterketten-mit-fernbedienung-batterie-usb-led-lichterketten-firefly-lights-fuer-gartenhochzeitsfeier-weihnachten-indoor-outdoor-dekora\/#primaryimage","url":"https:\/\/m.media-amazon.com\/images\/I\/51IOeHoSKwL._SL500_.jpg","contentUrl":"https:\/\/m.media-amazon.com\/images\/I\/51IOeHoSKwL._SL500_.jpg","width":500,"height":500},{"@type":"BreadcrumbList","@id":"https:\/\/marktxxl.de\/markt\/produkt\/2-set-lichterketten-10m-100-led-batteriebetriebene-lichterketten-mit-fernbedienung-batterie-usb-led-lichterketten-firefly-lights-fuer-gartenhochzeitsfeier-weihnachten-indoor-outdoor-dekora\/#breadcrumb","itemListElement":[{"@type":"ListItem","position":1,"name":"Startseite","item":"https:\/\/marktxxl.de\/markt\/"},{"@type":"ListItem","position":2,"name":"Markt","item":"https:\/\/marktxxl.de\/markt\/"},{"@type":"ListItem","position":3,"name":"2 Set Lichterketten 10m 100 LED Batteriebetriebene Lichterketten mit Fernbedienung &amp; Batterie &amp; USB LED Lichterketten\u2026"}]},{"@type":"WebSite","@id":"https:\/\/marktxxl.de\/markt\/#website","url":"https:\/\/marktxxl.de\/markt\/","name":"Markt-XXL","description":"Ihr Markt Online","publisher":{"@id":"https:\/\/marktxxl.de\/markt\/#organization"},"potentialAction":[{"@type":"SearchAction","target":{"@type":"EntryPoint","urlTemplate":"https:\/\/marktxxl.de\/markt\/?s={search_term_string}"},"query-input":{"@type":"PropertyValueSpecification","valueRequired":true,"valueName":"search_term_string"}}],"inLanguage":"de"},{"@type":"Organization","@id":"https:\/\/marktxxl.de\/markt\/#organization","name":"Markt-XXL","url":"https:\/\/marktxxl.de\/markt\/","logo":{"@type":"ImageObject","inLanguage":"de","@id":"https:\/\/marktxxl.de\/markt\/#\/schema\/logo\/image\/","url":"https:\/\/marktxxl.de\/markt\/wp-content\/uploads\/sites\/3\/2020\/12\/logo.png","contentUrl":"https:\/\/marktxxl.de\/markt\/wp-content\/uploads\/sites\/3\/2020\/12\/logo.png","width":200,"height":70,"caption":"Markt-XXL"},"image":{"@id":"https:\/\/marktxxl.de\/markt\/#\/schema\/logo\/image\/"}}]}},"_links":{"self":[{"href":"https:\/\/marktxxl.de\/markt\/wp-json\/wp\/v2\/product\/57447","targetHints":{"allow":["GET"]}}],"collection":[{"href":"https:\/\/marktxxl.de\/markt\/wp-json\/wp\/v2\/product"}],"about":[{"href":"https:\/\/marktxxl.de\/markt\/wp-json\/wp\/v2\/types\/product"}],"replies":[{"embeddable":true,"href":"https:\/\/marktxxl.de\/markt\/wp-json\/wp\/v2\/comments?post=57447"}],"wp:featuredmedia":[{"embeddable":true,"href":"https:\/\/marktxxl.de\/markt\/wp-json\/wp\/v2\/media\/57448"}],"wp:attachment":[{"href":"https:\/\/marktxxl.de\/markt\/wp-json\/wp\/v2\/media?parent=57447"}],"wp:term":[{"taxonomy":"product_brand","embeddable":true,"href":"https:\/\/marktxxl.de\/markt\/wp-json\/wp\/v2\/product_brand?post=57447"},{"taxonomy":"product_cat","embeddable":true,"href":"https:\/\/marktxxl.de\/markt\/wp-json\/wp\/v2\/product_cat?post=57447"},{"taxonomy":"product_tag","embeddable":true,"href":"https:\/\/marktxxl.de\/markt\/wp-json\/wp\/v2\/product_tag?post=57447"}],"curies":[{"name":"wp","href":"https:\/\/api.w.org\/{rel}","templated":true}]}}