{"id":57375,"date":"2021-10-14T01:06:06","date_gmt":"2021-10-13T23:06:06","guid":{"rendered":"https:\/\/marktxxl.de\/markt\/produkt\/yeelight-aurora-lightstrip-plus-wi-fi-licht-streifen-mehrfarbig-16-milionen-farben-dimmerbar-2m-erweiterbar-auf-10-m-kompatibel-mit-amazon-alexa-und-google-home\/"},"modified":"2023-04-11T02:24:32","modified_gmt":"2023-04-11T00:24:32","slug":"yeelight-aurora-lightstrip-plus-wi-fi-licht-streifen-mehrfarbig-16-milionen-farben-dimmerbar-2m-erweiterbar-auf-10-m-kompatibel-mit-amazon-alexa-und-google-home","status":"publish","type":"product","link":"https:\/\/marktxxl.de\/markt\/produkt\/yeelight-aurora-lightstrip-plus-wi-fi-licht-streifen-mehrfarbig-16-milionen-farben-dimmerbar-2m-erweiterbar-auf-10-m-kompatibel-mit-amazon-alexa-und-google-home\/","title":{"rendered":"Aurora Lightstrip Plus Erweiterung | EU-Version | Yeelight"},"content":{"rendered":"<p>Smart Sprachsteuerung&#8212;AI Steuerung funktioniert mit Amazon Alexa und Google Home<br \/>\nFreie Wahl der L\u00e4nge&#8211;Hauptteil ist Basis(2m),Nebenteil ist Erweitung(1m)und kann mit den 2m K\u00f6rper verkn\u00fcpft werden,am l\u00e4ngste kann mit 8 Ertweitung erweiterbar auf 10m<br \/>\nColor Life&#8211;mehr als 16 Millionen Farben und Szene-Muster, neue Farbe Erkennungsmerkmale, kann jede m\u00f6gliche Farbe ausstrahlen<br \/>\nEinfach zu installieren: &#8212;auf der R\u00fcckseite mit dem 3M Klebeband kann aufgeklebt werden, je nach Ihren Bed\u00fcrfnissen k\u00f6nnen \u00fcberall sein, um jede Form zu erstellen<br \/>\nHandy Kontrolle &#8211; download &#8220;Yeelight&#8221; APP, kontrolle auf mobilen Ger\u00e4ten jederzeit und \u00fcberall<br \/>\n<div class=\"main-cross-sell\" data-asin=\"B0798P7PR5\">\n\n\t<div class=\"WooZone-cross-sell-loader\">\n\t\t<div>\n\t\t\t<div id=\"floatingBarsG\">\n\t\t\t\t<div class=\"blockG\" id=\"rotateG_01\"><\/div>\n\t\t\t\t<div class=\"blockG\" id=\"rotateG_02\"><\/div>\n\t\t\t\t<div class=\"blockG\" id=\"rotateG_03\"><\/div>\n\t\t\t\t<div class=\"blockG\" id=\"rotateG_04\"><\/div>\n\t\t\t\t<div class=\"blockG\" id=\"rotateG_05\"><\/div>\n\t\t\t\t<div class=\"blockG\" id=\"rotateG_06\"><\/div>\n\t\t\t\t<div class=\"blockG\" id=\"rotateG_07\"><\/div>\n\t\t\t\t<div class=\"blockG\" id=\"rotateG_08\"><\/div>\n\t\t\t<\/div>\n\t\t\t<div class=\"WooZone-cross-sell-loader-text\"><\/div>\n\t\t<\/div>\n\t<\/div>\n\n\t\t\n<\/div>\n<div style=\"clear:both;\"><\/div><\/p>\n","protected":false},"excerpt":{"rendered":"<p>Smart Sprachsteuerung&#8212;AI Steuerung funktioniert mit Amazon Alexa und Google Home<br \/>\nFreie Wahl der L\u00e4nge&#8211;Hauptteil ist Basis(2m),Nebenteil ist Erweitung(1m)und kann mit den 2m K\u00f6rper verkn\u00fcpft werden,am l\u00e4ngste kann mit 8 Ertweitung erweiterbar auf 10m<br \/>\nColor Life&#8211;mehr als 16 Millionen Farben und Szene-Muster, neue Farbe Erkennungsmerkmale, kann jede m\u00f6gliche Farbe ausstrahlen<\/p>\n","protected":false},"featured_media":57376,"comment_status":"open","ping_status":"closed","template":"","meta":[],"product_brand":[],"product_cat":[2108,15623],"product_tag":[],"class_list":{"0":"post-57375","1":"product","2":"type-product","3":"status-publish","4":"has-post-thumbnail","6":"product_cat-beleuchtung","7":"product_cat-lichtschlaeuche","8":"pa_brand-thames-hudson","9":"pa_brand-yeelight","10":"pa_manufacturer-yeelight","12":"first","13":"instock","14":"shipping-taxable","15":"purchasable","16":"product-type-simple","17":"customify-col","18":"product-has-gallery"},"yoast_head":"<!-- This site is optimized with the Yoast SEO plugin v27.4 - https:\/\/yoast.com\/product\/yoast-seo-wordpress\/ -->\n<title>Aurora Lightstrip Plus Erweiterung | EU-Version | Yeelight - Markt-XXL<\/title>\n<meta name=\"description\" content=\"Markt-XXL Aurora Lightstrip Plus Erweiterung | EU-Version | Yeelight\" \/>\n<meta name=\"robots\" content=\"index, follow, max-snippet:-1, max-image-preview:large, max-video-preview:-1\" \/>\n<link rel=\"canonical\" href=\"https:\/\/marktxxl.de\/markt\/produkt\/yeelight-aurora-lightstrip-plus-wi-fi-licht-streifen-mehrfarbig-16-milionen-farben-dimmerbar-2m-erweiterbar-auf-10-m-kompatibel-mit-amazon-alexa-und-google-home\/\" \/>\n<meta property=\"og:locale\" content=\"de_DE\" \/>\n<meta property=\"og:type\" content=\"article\" \/>\n<meta property=\"og:title\" content=\"Aurora Lightstrip Plus Erweiterung | EU-Version | Yeelight - Markt-XXL\" \/>\n<meta property=\"og:description\" content=\"Markt-XXL Aurora Lightstrip Plus Erweiterung | EU-Version | Yeelight\" \/>\n<meta property=\"og:url\" content=\"https:\/\/marktxxl.de\/markt\/produkt\/yeelight-aurora-lightstrip-plus-wi-fi-licht-streifen-mehrfarbig-16-milionen-farben-dimmerbar-2m-erweiterbar-auf-10-m-kompatibel-mit-amazon-alexa-und-google-home\/\" \/>\n<meta property=\"og:site_name\" content=\"Markt-XXL\" \/>\n<meta property=\"article:modified_time\" content=\"2023-04-11T00:24:32+00:00\" \/>\n<meta property=\"og:image\" content=\"https:\/\/m.media-amazon.com\/images\/I\/413xM8fc19L._SL500_.jpg\" \/>\n\t<meta property=\"og:image:width\" content=\"500\" \/>\n\t<meta property=\"og:image:height\" content=\"500\" \/>\n\t<meta property=\"og:image:type\" content=\"image\/jpeg\" \/>\n<meta name=\"twitter:card\" content=\"summary_large_image\" \/>\n<meta name=\"twitter:label1\" content=\"Gesch\u00e4tzte Lesezeit\" \/>\n\t<meta name=\"twitter:data1\" content=\"1\u00a0Minute\" \/>\n<script type=\"application\/ld+json\" class=\"yoast-schema-graph\">{\"@context\":\"https:\\\/\\\/schema.org\",\"@graph\":[{\"@type\":\"WebPage\",\"@id\":\"https:\\\/\\\/marktxxl.de\\\/markt\\\/produkt\\\/yeelight-aurora-lightstrip-plus-wi-fi-licht-streifen-mehrfarbig-16-milionen-farben-dimmerbar-2m-erweiterbar-auf-10-m-kompatibel-mit-amazon-alexa-und-google-home\\\/\",\"url\":\"https:\\\/\\\/marktxxl.de\\\/markt\\\/produkt\\\/yeelight-aurora-lightstrip-plus-wi-fi-licht-streifen-mehrfarbig-16-milionen-farben-dimmerbar-2m-erweiterbar-auf-10-m-kompatibel-mit-amazon-alexa-und-google-home\\\/\",\"name\":\"Aurora Lightstrip Plus Erweiterung | EU-Version | Yeelight - Markt-XXL\",\"isPartOf\":{\"@id\":\"https:\\\/\\\/marktxxl.de\\\/markt\\\/#website\"},\"primaryImageOfPage\":{\"@id\":\"https:\\\/\\\/marktxxl.de\\\/markt\\\/produkt\\\/yeelight-aurora-lightstrip-plus-wi-fi-licht-streifen-mehrfarbig-16-milionen-farben-dimmerbar-2m-erweiterbar-auf-10-m-kompatibel-mit-amazon-alexa-und-google-home\\\/#primaryimage\"},\"image\":{\"@id\":\"https:\\\/\\\/marktxxl.de\\\/markt\\\/produkt\\\/yeelight-aurora-lightstrip-plus-wi-fi-licht-streifen-mehrfarbig-16-milionen-farben-dimmerbar-2m-erweiterbar-auf-10-m-kompatibel-mit-amazon-alexa-und-google-home\\\/#primaryimage\"},\"thumbnailUrl\":\"https:\\\/\\\/m.media-amazon.com\\\/images\\\/I\\\/413xM8fc19L._SL500_.jpg\",\"datePublished\":\"2021-10-13T23:06:06+00:00\",\"dateModified\":\"2023-04-11T00:24:32+00:00\",\"description\":\"Markt-XXL Aurora Lightstrip Plus Erweiterung | EU-Version | Yeelight\",\"breadcrumb\":{\"@id\":\"https:\\\/\\\/marktxxl.de\\\/markt\\\/produkt\\\/yeelight-aurora-lightstrip-plus-wi-fi-licht-streifen-mehrfarbig-16-milionen-farben-dimmerbar-2m-erweiterbar-auf-10-m-kompatibel-mit-amazon-alexa-und-google-home\\\/#breadcrumb\"},\"inLanguage\":\"de\",\"potentialAction\":[{\"@type\":\"ReadAction\",\"target\":[\"https:\\\/\\\/marktxxl.de\\\/markt\\\/produkt\\\/yeelight-aurora-lightstrip-plus-wi-fi-licht-streifen-mehrfarbig-16-milionen-farben-dimmerbar-2m-erweiterbar-auf-10-m-kompatibel-mit-amazon-alexa-und-google-home\\\/\"]}]},{\"@type\":\"ImageObject\",\"inLanguage\":\"de\",\"@id\":\"https:\\\/\\\/marktxxl.de\\\/markt\\\/produkt\\\/yeelight-aurora-lightstrip-plus-wi-fi-licht-streifen-mehrfarbig-16-milionen-farben-dimmerbar-2m-erweiterbar-auf-10-m-kompatibel-mit-amazon-alexa-und-google-home\\\/#primaryimage\",\"url\":\"https:\\\/\\\/m.media-amazon.com\\\/images\\\/I\\\/413xM8fc19L._SL500_.jpg\",\"contentUrl\":\"https:\\\/\\\/m.media-amazon.com\\\/images\\\/I\\\/413xM8fc19L._SL500_.jpg\",\"width\":500,\"height\":500},{\"@type\":\"BreadcrumbList\",\"@id\":\"https:\\\/\\\/marktxxl.de\\\/markt\\\/produkt\\\/yeelight-aurora-lightstrip-plus-wi-fi-licht-streifen-mehrfarbig-16-milionen-farben-dimmerbar-2m-erweiterbar-auf-10-m-kompatibel-mit-amazon-alexa-und-google-home\\\/#breadcrumb\",\"itemListElement\":[{\"@type\":\"ListItem\",\"position\":1,\"name\":\"Startseite\",\"item\":\"https:\\\/\\\/marktxxl.de\\\/markt\\\/\"},{\"@type\":\"ListItem\",\"position\":2,\"name\":\"Markt\",\"item\":\"https:\\\/\\\/marktxxl.de\\\/markt\\\/\"},{\"@type\":\"ListItem\",\"position\":3,\"name\":\"Aurora Lightstrip Plus Erweiterung | EU-Version | Yeelight\"}]},{\"@type\":\"WebSite\",\"@id\":\"https:\\\/\\\/marktxxl.de\\\/markt\\\/#website\",\"url\":\"https:\\\/\\\/marktxxl.de\\\/markt\\\/\",\"name\":\"Markt-XXL\",\"description\":\"Ihr Markt Online\",\"publisher\":{\"@id\":\"https:\\\/\\\/marktxxl.de\\\/markt\\\/#organization\"},\"potentialAction\":[{\"@type\":\"SearchAction\",\"target\":{\"@type\":\"EntryPoint\",\"urlTemplate\":\"https:\\\/\\\/marktxxl.de\\\/markt\\\/?s={search_term_string}\"},\"query-input\":{\"@type\":\"PropertyValueSpecification\",\"valueRequired\":true,\"valueName\":\"search_term_string\"}}],\"inLanguage\":\"de\"},{\"@type\":\"Organization\",\"@id\":\"https:\\\/\\\/marktxxl.de\\\/markt\\\/#organization\",\"name\":\"Markt-XXL\",\"url\":\"https:\\\/\\\/marktxxl.de\\\/markt\\\/\",\"logo\":{\"@type\":\"ImageObject\",\"inLanguage\":\"de\",\"@id\":\"https:\\\/\\\/marktxxl.de\\\/markt\\\/#\\\/schema\\\/logo\\\/image\\\/\",\"url\":\"https:\\\/\\\/marktxxl.de\\\/markt\\\/wp-content\\\/uploads\\\/sites\\\/3\\\/2020\\\/12\\\/logo.png\",\"contentUrl\":\"https:\\\/\\\/marktxxl.de\\\/markt\\\/wp-content\\\/uploads\\\/sites\\\/3\\\/2020\\\/12\\\/logo.png\",\"width\":200,\"height\":70,\"caption\":\"Markt-XXL\"},\"image\":{\"@id\":\"https:\\\/\\\/marktxxl.de\\\/markt\\\/#\\\/schema\\\/logo\\\/image\\\/\"}}]}<\/script>\n<!-- \/ Yoast SEO plugin. -->","yoast_head_json":{"title":"Aurora Lightstrip Plus Erweiterung | EU-Version | Yeelight - Markt-XXL","description":"Markt-XXL Aurora Lightstrip Plus Erweiterung | EU-Version | Yeelight","robots":{"index":"index","follow":"follow","max-snippet":"max-snippet:-1","max-image-preview":"max-image-preview:large","max-video-preview":"max-video-preview:-1"},"canonical":"https:\/\/marktxxl.de\/markt\/produkt\/yeelight-aurora-lightstrip-plus-wi-fi-licht-streifen-mehrfarbig-16-milionen-farben-dimmerbar-2m-erweiterbar-auf-10-m-kompatibel-mit-amazon-alexa-und-google-home\/","og_locale":"de_DE","og_type":"article","og_title":"Aurora Lightstrip Plus Erweiterung | EU-Version | Yeelight - Markt-XXL","og_description":"Markt-XXL Aurora Lightstrip Plus Erweiterung | EU-Version | Yeelight","og_url":"https:\/\/marktxxl.de\/markt\/produkt\/yeelight-aurora-lightstrip-plus-wi-fi-licht-streifen-mehrfarbig-16-milionen-farben-dimmerbar-2m-erweiterbar-auf-10-m-kompatibel-mit-amazon-alexa-und-google-home\/","og_site_name":"Markt-XXL","article_modified_time":"2023-04-11T00:24:32+00:00","og_image":[{"width":500,"height":500,"url":"https:\/\/m.media-amazon.com\/images\/I\/413xM8fc19L._SL500_.jpg","type":"image\/jpeg"}],"twitter_card":"summary_large_image","twitter_misc":{"Gesch\u00e4tzte Lesezeit":"1\u00a0Minute"},"schema":{"@context":"https:\/\/schema.org","@graph":[{"@type":"WebPage","@id":"https:\/\/marktxxl.de\/markt\/produkt\/yeelight-aurora-lightstrip-plus-wi-fi-licht-streifen-mehrfarbig-16-milionen-farben-dimmerbar-2m-erweiterbar-auf-10-m-kompatibel-mit-amazon-alexa-und-google-home\/","url":"https:\/\/marktxxl.de\/markt\/produkt\/yeelight-aurora-lightstrip-plus-wi-fi-licht-streifen-mehrfarbig-16-milionen-farben-dimmerbar-2m-erweiterbar-auf-10-m-kompatibel-mit-amazon-alexa-und-google-home\/","name":"Aurora Lightstrip Plus Erweiterung | EU-Version | Yeelight - Markt-XXL","isPartOf":{"@id":"https:\/\/marktxxl.de\/markt\/#website"},"primaryImageOfPage":{"@id":"https:\/\/marktxxl.de\/markt\/produkt\/yeelight-aurora-lightstrip-plus-wi-fi-licht-streifen-mehrfarbig-16-milionen-farben-dimmerbar-2m-erweiterbar-auf-10-m-kompatibel-mit-amazon-alexa-und-google-home\/#primaryimage"},"image":{"@id":"https:\/\/marktxxl.de\/markt\/produkt\/yeelight-aurora-lightstrip-plus-wi-fi-licht-streifen-mehrfarbig-16-milionen-farben-dimmerbar-2m-erweiterbar-auf-10-m-kompatibel-mit-amazon-alexa-und-google-home\/#primaryimage"},"thumbnailUrl":"https:\/\/m.media-amazon.com\/images\/I\/413xM8fc19L._SL500_.jpg","datePublished":"2021-10-13T23:06:06+00:00","dateModified":"2023-04-11T00:24:32+00:00","description":"Markt-XXL Aurora Lightstrip Plus Erweiterung | EU-Version | Yeelight","breadcrumb":{"@id":"https:\/\/marktxxl.de\/markt\/produkt\/yeelight-aurora-lightstrip-plus-wi-fi-licht-streifen-mehrfarbig-16-milionen-farben-dimmerbar-2m-erweiterbar-auf-10-m-kompatibel-mit-amazon-alexa-und-google-home\/#breadcrumb"},"inLanguage":"de","potentialAction":[{"@type":"ReadAction","target":["https:\/\/marktxxl.de\/markt\/produkt\/yeelight-aurora-lightstrip-plus-wi-fi-licht-streifen-mehrfarbig-16-milionen-farben-dimmerbar-2m-erweiterbar-auf-10-m-kompatibel-mit-amazon-alexa-und-google-home\/"]}]},{"@type":"ImageObject","inLanguage":"de","@id":"https:\/\/marktxxl.de\/markt\/produkt\/yeelight-aurora-lightstrip-plus-wi-fi-licht-streifen-mehrfarbig-16-milionen-farben-dimmerbar-2m-erweiterbar-auf-10-m-kompatibel-mit-amazon-alexa-und-google-home\/#primaryimage","url":"https:\/\/m.media-amazon.com\/images\/I\/413xM8fc19L._SL500_.jpg","contentUrl":"https:\/\/m.media-amazon.com\/images\/I\/413xM8fc19L._SL500_.jpg","width":500,"height":500},{"@type":"BreadcrumbList","@id":"https:\/\/marktxxl.de\/markt\/produkt\/yeelight-aurora-lightstrip-plus-wi-fi-licht-streifen-mehrfarbig-16-milionen-farben-dimmerbar-2m-erweiterbar-auf-10-m-kompatibel-mit-amazon-alexa-und-google-home\/#breadcrumb","itemListElement":[{"@type":"ListItem","position":1,"name":"Startseite","item":"https:\/\/marktxxl.de\/markt\/"},{"@type":"ListItem","position":2,"name":"Markt","item":"https:\/\/marktxxl.de\/markt\/"},{"@type":"ListItem","position":3,"name":"Aurora Lightstrip Plus Erweiterung | EU-Version | Yeelight"}]},{"@type":"WebSite","@id":"https:\/\/marktxxl.de\/markt\/#website","url":"https:\/\/marktxxl.de\/markt\/","name":"Markt-XXL","description":"Ihr Markt Online","publisher":{"@id":"https:\/\/marktxxl.de\/markt\/#organization"},"potentialAction":[{"@type":"SearchAction","target":{"@type":"EntryPoint","urlTemplate":"https:\/\/marktxxl.de\/markt\/?s={search_term_string}"},"query-input":{"@type":"PropertyValueSpecification","valueRequired":true,"valueName":"search_term_string"}}],"inLanguage":"de"},{"@type":"Organization","@id":"https:\/\/marktxxl.de\/markt\/#organization","name":"Markt-XXL","url":"https:\/\/marktxxl.de\/markt\/","logo":{"@type":"ImageObject","inLanguage":"de","@id":"https:\/\/marktxxl.de\/markt\/#\/schema\/logo\/image\/","url":"https:\/\/marktxxl.de\/markt\/wp-content\/uploads\/sites\/3\/2020\/12\/logo.png","contentUrl":"https:\/\/marktxxl.de\/markt\/wp-content\/uploads\/sites\/3\/2020\/12\/logo.png","width":200,"height":70,"caption":"Markt-XXL"},"image":{"@id":"https:\/\/marktxxl.de\/markt\/#\/schema\/logo\/image\/"}}]}},"_links":{"self":[{"href":"https:\/\/marktxxl.de\/markt\/wp-json\/wp\/v2\/product\/57375","targetHints":{"allow":["GET"]}}],"collection":[{"href":"https:\/\/marktxxl.de\/markt\/wp-json\/wp\/v2\/product"}],"about":[{"href":"https:\/\/marktxxl.de\/markt\/wp-json\/wp\/v2\/types\/product"}],"replies":[{"embeddable":true,"href":"https:\/\/marktxxl.de\/markt\/wp-json\/wp\/v2\/comments?post=57375"}],"wp:featuredmedia":[{"embeddable":true,"href":"https:\/\/marktxxl.de\/markt\/wp-json\/wp\/v2\/media\/57376"}],"wp:attachment":[{"href":"https:\/\/marktxxl.de\/markt\/wp-json\/wp\/v2\/media?parent=57375"}],"wp:term":[{"taxonomy":"product_brand","embeddable":true,"href":"https:\/\/marktxxl.de\/markt\/wp-json\/wp\/v2\/product_brand?post=57375"},{"taxonomy":"product_cat","embeddable":true,"href":"https:\/\/marktxxl.de\/markt\/wp-json\/wp\/v2\/product_cat?post=57375"},{"taxonomy":"product_tag","embeddable":true,"href":"https:\/\/marktxxl.de\/markt\/wp-json\/wp\/v2\/product_tag?post=57375"}],"curies":[{"name":"wp","href":"https:\/\/api.w.org\/{rel}","templated":true}]}}