{"id":57357,"date":"2021-10-14T01:06:02","date_gmt":"2021-10-13T23:06:02","guid":{"rendered":"https:\/\/marktxxl.de\/markt\/produkt\/solar-lichterkette-fuer-den-aussenbereich-8-modi-200-leds-solarbetrieben-wasserdicht-kupferdraht-lichterkette-fuer-garten-zaun-terrasse-hof-sommer-party-hochzeit-innendekoration\/"},"modified":"2023-04-11T02:24:32","modified_gmt":"2023-04-11T00:24:32","slug":"solar-lichterkette-fuer-den-aussenbereich-8-modi-200-leds-solarbetrieben-wasserdicht-kupferdraht-lichterkette-fuer-garten-zaun-terrasse-hof-sommer-party-hochzeit-innendekoration","status":"publish","type":"product","link":"https:\/\/marktxxl.de\/markt\/produkt\/solar-lichterkette-fuer-den-aussenbereich-8-modi-200-leds-solarbetrieben-wasserdicht-kupferdraht-lichterkette-fuer-garten-zaun-terrasse-hof-sommer-party-hochzeit-innendekoration\/","title":{"rendered":"FANSIR Solar-Lichterkette f\u00fcr den Au\u00dfenbereich, 8 Modi, 100 LEDs, solarbetrieben, wasserdicht, Kupferdraht, Lichterkette\u2026"},"content":{"rendered":"<p>\u3010Hohe Akkukapazit\u00e4t und IP65 wasserdicht\u3011 Entworfen mit verstellbarem Solarpanel und wiederaufladbarem Akku, k\u00f6nnen unsere Solarleuchten kontinuierlich f\u00fcr mehr als 12 Stunden arbeiten, wenn sie vollst\u00e4ndig aufgeladen sind. H\u00e4lt leichten Regen oder Wasserflecken stand. Globes sind nicht sch\u00e4dlicher als Glaskugeln, da sie aus durchsichtigem Kunststoff hergestellt sind.<br \/>\n\u3010Formbare PVC-Rohrabdeckung\u3011 Dieses Outdoor-Lichtschlauch ist mit 10 m langem Kupferdraht, der vollst\u00e4ndig von transparenten PVC-Rohren bedeckt ist. Der Schlauch der Gl\u00fchw\u00fcrmchen-Lichter ist langlebig und flexibel, aber d\u00fcnn genug, um jede Art zu verpacken, um einen leuchtenden Charakter als Schneemann oder Superhelden oder einzigartige Wordings zu kreieren, was Ihrem Outdoor- oder Indoor-Events zus\u00e4tzlichen Spa\u00df verleiht. 60 leuchtende LEDs mit konstantem 360-Grad-Blickwinkel leuchten in jede Richtung. Lassen Sie Ihrer Fantasie freien Lauf<br \/>\n\u3010Hohe Akkukapazit\u00e4t &amp; IP65 wasserdichter Vorteil\u3011 Entworfen mit verstellbarem Solarpanel und wiederaufladbarem Akku, kann unsere Solar-Lichterkette kontinuierlich f\u00fcr mehr als 12 Stunden in der Nacht arbeiten, wenn das Panel tags\u00fcber genug Sonnenlicht absorbiert. Der Schlauch ist so konzipiert, dass er leichtem Regen oder Wasserspritzern standh\u00e4lt. Ideal f\u00fcr Partys, Hochzeiten, Zuhause, Fenster, Badezimmer, Shows, Restaurant, Hotel, Hof, Garten, Terrassen, Gesch\u00e4ftsgeb\u00e4ude, Einkaufszentrum usw.<br \/>\n\u3010Hochwertige Solar-Lichterkette\u3011 Unsere Solar-Lichterkette mit 100 LED-Gl\u00fchbirnen mit niedriger W\u00e4rmeabgabe, bis zu 19 % hohe Energieumwandlungsrate im Vergleich zu anderen 13 %. Sie sind umweltfreundlich und energieunersch\u00f6pfbar; langlebig und sicher zu bedienen, die LEDs werden nach vielen Stunden nicht \u00fcberhitzen. Sie k\u00f6nnen einige Gl\u00fchw\u00fcrmchen-Lichter in Ihrem Garten jederzeit sehen, machen Sie Ihren Hof charmant. Der super flexible Draht kann leicht um Pflanzen, Schilder, M\u00f6bel und fast alles andere gebogen und geformt werden.<br \/>\n\u30108 Beleuchtungsmodi f\u00fcr viel Spa\u00df\u3011 Wundersch\u00f6ne 8 Beleuchtungsmodi einschlie\u00dflich Kombination, blinkende Gl\u00fchw\u00fcrmchen, Wellen, Verblassen, Verjagen \/ Blinken, langsames Verblassen, Funkeln\/Blinken und Dauerleuchten, die verschiedene Atmosph\u00e4ren f\u00fcr Ihr Leben schaffen k\u00f6nnen. Flexible Dr\u00e4hte k\u00f6nnen leicht die Formen aufbauen, die Sie wollen, um Baumst\u00e4mme oder Pavillons wickeln; im Dunkeln verblasst der Draht unsichtbar, sodass nur die hellen Lichter bleiben. Diese dekorative Solar-Lichterkette macht Ihr Haus und Garten charmant und romantisch.<br \/>\n<div class=\"main-cross-sell\" data-asin=\"B098JNRQ5C\">\n\n\t<div class=\"WooZone-cross-sell-loader\">\n\t\t<div>\n\t\t\t<div id=\"floatingBarsG\">\n\t\t\t\t<div class=\"blockG\" id=\"rotateG_01\"><\/div>\n\t\t\t\t<div class=\"blockG\" id=\"rotateG_02\"><\/div>\n\t\t\t\t<div class=\"blockG\" id=\"rotateG_03\"><\/div>\n\t\t\t\t<div class=\"blockG\" id=\"rotateG_04\"><\/div>\n\t\t\t\t<div class=\"blockG\" id=\"rotateG_05\"><\/div>\n\t\t\t\t<div class=\"blockG\" id=\"rotateG_06\"><\/div>\n\t\t\t\t<div class=\"blockG\" id=\"rotateG_07\"><\/div>\n\t\t\t\t<div class=\"blockG\" id=\"rotateG_08\"><\/div>\n\t\t\t<\/div>\n\t\t\t<div class=\"WooZone-cross-sell-loader-text\"><\/div>\n\t\t<\/div>\n\t<\/div>\n\n\t\t\n<\/div>\n<div style=\"clear:both;\"><\/div><\/p>\n","protected":false},"excerpt":{"rendered":"<p>\u3010Hohe Akkukapazit\u00e4t und IP65 wasserdicht\u3011 Entworfen mit verstellbarem Solarpanel und wiederaufladbarem Akku, k\u00f6nnen unsere Solarleuchten kontinuierlich f\u00fcr mehr als 12 Stunden arbeiten, wenn sie vollst\u00e4ndig aufgeladen sind. H\u00e4lt leichten Regen oder Wasserflecken stand. Globes sind nicht sch\u00e4dlicher als Glaskugeln, da sie aus durchsichtigem Kunststoff hergestellt sind.<br \/>\n\u3010Formbare PVC-Rohrabdeckung\u3011 Dieses Outdoor-Lichtschlauch ist mit 10 m langem Kupferdraht, der vollst\u00e4ndig von transparenten PVC-Rohren bedeckt ist. Der Schlauch der Gl\u00fchw\u00fcrmchen-Lichter ist langlebig und flexibel, aber d\u00fcnn genug, um jede Art zu verpacken, um einen leuchtenden Charakter als Schneemann oder Superhelden oder einzigartige Wordings zu kreieren, was Ihrem Outdoor- oder Indoor-Events zus\u00e4tzlichen Spa\u00df verleiht. 60 leuchtende LEDs mit konstantem 360-Grad-Blickwinkel leuchten in jede Richtung. Lassen Sie Ihrer Fantasie freien Lauf<br \/>\n\u3010Hohe Akkukapazit\u00e4t &amp; IP65 wasserdichter Vorteil\u3011 Entworfen mit verstellbarem Solarpanel und wiederaufladbarem Akku, kann unsere Solar-Lichterkette kontinuierlich f\u00fcr mehr als 12 Stunden in der Nacht arbeiten, wenn das Panel tags\u00fcber genug Sonnenlicht absorbiert. Der Schlauch ist so konzipiert, dass er leichtem Regen oder Wasserspritzern standh\u00e4lt. Ideal f\u00fcr Partys, Hochzeiten, Zuhause, Fenster, Badezimmer, Shows, Restaurant, Hotel, Hof, Garten, Terrassen, Gesch\u00e4ftsgeb\u00e4ude, Einkaufszentrum usw.<\/p>\n","protected":false},"featured_media":57358,"comment_status":"open","ping_status":"closed","template":"","meta":[],"product_brand":[],"product_cat":[2108,15623],"product_tag":[],"class_list":{"0":"post-57357","1":"product","2":"type-product","3":"status-publish","4":"has-post-thumbnail","6":"product_cat-beleuchtung","7":"product_cat-lichtschlaeuche","8":"pa_brand-fansir","9":"pa_manufacturer-yyunshan","11":"first","12":"instock","13":"shipping-taxable","14":"purchasable","15":"product-type-simple","16":"customify-col","17":"product-has-gallery"},"yoast_head":"<!-- This site is optimized with the Yoast SEO plugin v27.4 - https:\/\/yoast.com\/product\/yoast-seo-wordpress\/ -->\n<title>FANSIR Solar-Lichterkette f\u00fcr den Au\u00dfenbereich, 8 Modi, 100 LEDs, solarbetrieben, wasserdicht, Kupferdraht, Lichterkette\u2026 - Markt-XXL<\/title>\n<meta name=\"description\" content=\"Markt-XXL FANSIR Solar-Lichterkette f\u00fcr den Au\u00dfenbereich, 8 Modi, 100 LEDs, solarbetrieben, wasserdicht, Kupferdraht, Lichterkette\u2026\" \/>\n<meta name=\"robots\" content=\"index, follow, max-snippet:-1, max-image-preview:large, max-video-preview:-1\" \/>\n<link rel=\"canonical\" href=\"https:\/\/marktxxl.de\/markt\/produkt\/solar-lichterkette-fuer-den-aussenbereich-8-modi-200-leds-solarbetrieben-wasserdicht-kupferdraht-lichterkette-fuer-garten-zaun-terrasse-hof-sommer-party-hochzeit-innendekoration\/\" \/>\n<meta property=\"og:locale\" content=\"de_DE\" \/>\n<meta property=\"og:type\" content=\"article\" \/>\n<meta property=\"og:title\" content=\"FANSIR Solar-Lichterkette f\u00fcr den Au\u00dfenbereich, 8 Modi, 100 LEDs, solarbetrieben, wasserdicht, Kupferdraht, Lichterkette\u2026 - Markt-XXL\" \/>\n<meta property=\"og:description\" content=\"Markt-XXL FANSIR Solar-Lichterkette f\u00fcr den Au\u00dfenbereich, 8 Modi, 100 LEDs, solarbetrieben, wasserdicht, Kupferdraht, Lichterkette\u2026\" \/>\n<meta property=\"og:url\" content=\"https:\/\/marktxxl.de\/markt\/produkt\/solar-lichterkette-fuer-den-aussenbereich-8-modi-200-leds-solarbetrieben-wasserdicht-kupferdraht-lichterkette-fuer-garten-zaun-terrasse-hof-sommer-party-hochzeit-innendekoration\/\" \/>\n<meta property=\"og:site_name\" content=\"Markt-XXL\" \/>\n<meta property=\"article:modified_time\" content=\"2023-04-11T00:24:32+00:00\" \/>\n<meta property=\"og:image\" content=\"https:\/\/m.media-amazon.com\/images\/I\/41rJ9hD2oXL._SL500_.jpg\" \/>\n\t<meta property=\"og:image:width\" content=\"500\" \/>\n\t<meta property=\"og:image:height\" content=\"500\" \/>\n\t<meta property=\"og:image:type\" content=\"image\/jpeg\" \/>\n<meta name=\"twitter:card\" content=\"summary_large_image\" \/>\n<meta name=\"twitter:label1\" content=\"Gesch\u00e4tzte Lesezeit\" \/>\n\t<meta name=\"twitter:data1\" content=\"2\u00a0Minuten\" \/>\n<script type=\"application\/ld+json\" class=\"yoast-schema-graph\">{\"@context\":\"https:\\\/\\\/schema.org\",\"@graph\":[{\"@type\":\"WebPage\",\"@id\":\"https:\\\/\\\/marktxxl.de\\\/markt\\\/produkt\\\/solar-lichterkette-fuer-den-aussenbereich-8-modi-200-leds-solarbetrieben-wasserdicht-kupferdraht-lichterkette-fuer-garten-zaun-terrasse-hof-sommer-party-hochzeit-innendekoration\\\/\",\"url\":\"https:\\\/\\\/marktxxl.de\\\/markt\\\/produkt\\\/solar-lichterkette-fuer-den-aussenbereich-8-modi-200-leds-solarbetrieben-wasserdicht-kupferdraht-lichterkette-fuer-garten-zaun-terrasse-hof-sommer-party-hochzeit-innendekoration\\\/\",\"name\":\"FANSIR Solar-Lichterkette f\u00fcr den Au\u00dfenbereich, 8 Modi, 100 LEDs, solarbetrieben, wasserdicht, Kupferdraht, Lichterkette\u2026 - Markt-XXL\",\"isPartOf\":{\"@id\":\"https:\\\/\\\/marktxxl.de\\\/markt\\\/#website\"},\"primaryImageOfPage\":{\"@id\":\"https:\\\/\\\/marktxxl.de\\\/markt\\\/produkt\\\/solar-lichterkette-fuer-den-aussenbereich-8-modi-200-leds-solarbetrieben-wasserdicht-kupferdraht-lichterkette-fuer-garten-zaun-terrasse-hof-sommer-party-hochzeit-innendekoration\\\/#primaryimage\"},\"image\":{\"@id\":\"https:\\\/\\\/marktxxl.de\\\/markt\\\/produkt\\\/solar-lichterkette-fuer-den-aussenbereich-8-modi-200-leds-solarbetrieben-wasserdicht-kupferdraht-lichterkette-fuer-garten-zaun-terrasse-hof-sommer-party-hochzeit-innendekoration\\\/#primaryimage\"},\"thumbnailUrl\":\"https:\\\/\\\/m.media-amazon.com\\\/images\\\/I\\\/41rJ9hD2oXL._SL500_.jpg\",\"datePublished\":\"2021-10-13T23:06:02+00:00\",\"dateModified\":\"2023-04-11T00:24:32+00:00\",\"description\":\"Markt-XXL FANSIR Solar-Lichterkette f\u00fcr den Au\u00dfenbereich, 8 Modi, 100 LEDs, solarbetrieben, wasserdicht, Kupferdraht, Lichterkette\u2026\",\"breadcrumb\":{\"@id\":\"https:\\\/\\\/marktxxl.de\\\/markt\\\/produkt\\\/solar-lichterkette-fuer-den-aussenbereich-8-modi-200-leds-solarbetrieben-wasserdicht-kupferdraht-lichterkette-fuer-garten-zaun-terrasse-hof-sommer-party-hochzeit-innendekoration\\\/#breadcrumb\"},\"inLanguage\":\"de\",\"potentialAction\":[{\"@type\":\"ReadAction\",\"target\":[\"https:\\\/\\\/marktxxl.de\\\/markt\\\/produkt\\\/solar-lichterkette-fuer-den-aussenbereich-8-modi-200-leds-solarbetrieben-wasserdicht-kupferdraht-lichterkette-fuer-garten-zaun-terrasse-hof-sommer-party-hochzeit-innendekoration\\\/\"]}]},{\"@type\":\"ImageObject\",\"inLanguage\":\"de\",\"@id\":\"https:\\\/\\\/marktxxl.de\\\/markt\\\/produkt\\\/solar-lichterkette-fuer-den-aussenbereich-8-modi-200-leds-solarbetrieben-wasserdicht-kupferdraht-lichterkette-fuer-garten-zaun-terrasse-hof-sommer-party-hochzeit-innendekoration\\\/#primaryimage\",\"url\":\"https:\\\/\\\/m.media-amazon.com\\\/images\\\/I\\\/41rJ9hD2oXL._SL500_.jpg\",\"contentUrl\":\"https:\\\/\\\/m.media-amazon.com\\\/images\\\/I\\\/41rJ9hD2oXL._SL500_.jpg\",\"width\":500,\"height\":500},{\"@type\":\"BreadcrumbList\",\"@id\":\"https:\\\/\\\/marktxxl.de\\\/markt\\\/produkt\\\/solar-lichterkette-fuer-den-aussenbereich-8-modi-200-leds-solarbetrieben-wasserdicht-kupferdraht-lichterkette-fuer-garten-zaun-terrasse-hof-sommer-party-hochzeit-innendekoration\\\/#breadcrumb\",\"itemListElement\":[{\"@type\":\"ListItem\",\"position\":1,\"name\":\"Startseite\",\"item\":\"https:\\\/\\\/marktxxl.de\\\/markt\\\/\"},{\"@type\":\"ListItem\",\"position\":2,\"name\":\"Markt\",\"item\":\"https:\\\/\\\/marktxxl.de\\\/markt\\\/\"},{\"@type\":\"ListItem\",\"position\":3,\"name\":\"FANSIR Solar-Lichterkette f\u00fcr den Au\u00dfenbereich, 8 Modi, 100 LEDs, solarbetrieben, wasserdicht, Kupferdraht, Lichterkette\u2026\"}]},{\"@type\":\"WebSite\",\"@id\":\"https:\\\/\\\/marktxxl.de\\\/markt\\\/#website\",\"url\":\"https:\\\/\\\/marktxxl.de\\\/markt\\\/\",\"name\":\"Markt-XXL\",\"description\":\"Ihr Markt Online\",\"publisher\":{\"@id\":\"https:\\\/\\\/marktxxl.de\\\/markt\\\/#organization\"},\"potentialAction\":[{\"@type\":\"SearchAction\",\"target\":{\"@type\":\"EntryPoint\",\"urlTemplate\":\"https:\\\/\\\/marktxxl.de\\\/markt\\\/?s={search_term_string}\"},\"query-input\":{\"@type\":\"PropertyValueSpecification\",\"valueRequired\":true,\"valueName\":\"search_term_string\"}}],\"inLanguage\":\"de\"},{\"@type\":\"Organization\",\"@id\":\"https:\\\/\\\/marktxxl.de\\\/markt\\\/#organization\",\"name\":\"Markt-XXL\",\"url\":\"https:\\\/\\\/marktxxl.de\\\/markt\\\/\",\"logo\":{\"@type\":\"ImageObject\",\"inLanguage\":\"de\",\"@id\":\"https:\\\/\\\/marktxxl.de\\\/markt\\\/#\\\/schema\\\/logo\\\/image\\\/\",\"url\":\"https:\\\/\\\/marktxxl.de\\\/markt\\\/wp-content\\\/uploads\\\/sites\\\/3\\\/2020\\\/12\\\/logo.png\",\"contentUrl\":\"https:\\\/\\\/marktxxl.de\\\/markt\\\/wp-content\\\/uploads\\\/sites\\\/3\\\/2020\\\/12\\\/logo.png\",\"width\":200,\"height\":70,\"caption\":\"Markt-XXL\"},\"image\":{\"@id\":\"https:\\\/\\\/marktxxl.de\\\/markt\\\/#\\\/schema\\\/logo\\\/image\\\/\"}}]}<\/script>\n<!-- \/ Yoast SEO plugin. -->","yoast_head_json":{"title":"FANSIR Solar-Lichterkette f\u00fcr den Au\u00dfenbereich, 8 Modi, 100 LEDs, solarbetrieben, wasserdicht, Kupferdraht, Lichterkette\u2026 - Markt-XXL","description":"Markt-XXL FANSIR Solar-Lichterkette f\u00fcr den Au\u00dfenbereich, 8 Modi, 100 LEDs, solarbetrieben, wasserdicht, Kupferdraht, Lichterkette\u2026","robots":{"index":"index","follow":"follow","max-snippet":"max-snippet:-1","max-image-preview":"max-image-preview:large","max-video-preview":"max-video-preview:-1"},"canonical":"https:\/\/marktxxl.de\/markt\/produkt\/solar-lichterkette-fuer-den-aussenbereich-8-modi-200-leds-solarbetrieben-wasserdicht-kupferdraht-lichterkette-fuer-garten-zaun-terrasse-hof-sommer-party-hochzeit-innendekoration\/","og_locale":"de_DE","og_type":"article","og_title":"FANSIR Solar-Lichterkette f\u00fcr den Au\u00dfenbereich, 8 Modi, 100 LEDs, solarbetrieben, wasserdicht, Kupferdraht, Lichterkette\u2026 - Markt-XXL","og_description":"Markt-XXL FANSIR Solar-Lichterkette f\u00fcr den Au\u00dfenbereich, 8 Modi, 100 LEDs, solarbetrieben, wasserdicht, Kupferdraht, Lichterkette\u2026","og_url":"https:\/\/marktxxl.de\/markt\/produkt\/solar-lichterkette-fuer-den-aussenbereich-8-modi-200-leds-solarbetrieben-wasserdicht-kupferdraht-lichterkette-fuer-garten-zaun-terrasse-hof-sommer-party-hochzeit-innendekoration\/","og_site_name":"Markt-XXL","article_modified_time":"2023-04-11T00:24:32+00:00","og_image":[{"width":500,"height":500,"url":"https:\/\/m.media-amazon.com\/images\/I\/41rJ9hD2oXL._SL500_.jpg","type":"image\/jpeg"}],"twitter_card":"summary_large_image","twitter_misc":{"Gesch\u00e4tzte Lesezeit":"2\u00a0Minuten"},"schema":{"@context":"https:\/\/schema.org","@graph":[{"@type":"WebPage","@id":"https:\/\/marktxxl.de\/markt\/produkt\/solar-lichterkette-fuer-den-aussenbereich-8-modi-200-leds-solarbetrieben-wasserdicht-kupferdraht-lichterkette-fuer-garten-zaun-terrasse-hof-sommer-party-hochzeit-innendekoration\/","url":"https:\/\/marktxxl.de\/markt\/produkt\/solar-lichterkette-fuer-den-aussenbereich-8-modi-200-leds-solarbetrieben-wasserdicht-kupferdraht-lichterkette-fuer-garten-zaun-terrasse-hof-sommer-party-hochzeit-innendekoration\/","name":"FANSIR Solar-Lichterkette f\u00fcr den Au\u00dfenbereich, 8 Modi, 100 LEDs, solarbetrieben, wasserdicht, Kupferdraht, Lichterkette\u2026 - Markt-XXL","isPartOf":{"@id":"https:\/\/marktxxl.de\/markt\/#website"},"primaryImageOfPage":{"@id":"https:\/\/marktxxl.de\/markt\/produkt\/solar-lichterkette-fuer-den-aussenbereich-8-modi-200-leds-solarbetrieben-wasserdicht-kupferdraht-lichterkette-fuer-garten-zaun-terrasse-hof-sommer-party-hochzeit-innendekoration\/#primaryimage"},"image":{"@id":"https:\/\/marktxxl.de\/markt\/produkt\/solar-lichterkette-fuer-den-aussenbereich-8-modi-200-leds-solarbetrieben-wasserdicht-kupferdraht-lichterkette-fuer-garten-zaun-terrasse-hof-sommer-party-hochzeit-innendekoration\/#primaryimage"},"thumbnailUrl":"https:\/\/m.media-amazon.com\/images\/I\/41rJ9hD2oXL._SL500_.jpg","datePublished":"2021-10-13T23:06:02+00:00","dateModified":"2023-04-11T00:24:32+00:00","description":"Markt-XXL FANSIR Solar-Lichterkette f\u00fcr den Au\u00dfenbereich, 8 Modi, 100 LEDs, solarbetrieben, wasserdicht, Kupferdraht, Lichterkette\u2026","breadcrumb":{"@id":"https:\/\/marktxxl.de\/markt\/produkt\/solar-lichterkette-fuer-den-aussenbereich-8-modi-200-leds-solarbetrieben-wasserdicht-kupferdraht-lichterkette-fuer-garten-zaun-terrasse-hof-sommer-party-hochzeit-innendekoration\/#breadcrumb"},"inLanguage":"de","potentialAction":[{"@type":"ReadAction","target":["https:\/\/marktxxl.de\/markt\/produkt\/solar-lichterkette-fuer-den-aussenbereich-8-modi-200-leds-solarbetrieben-wasserdicht-kupferdraht-lichterkette-fuer-garten-zaun-terrasse-hof-sommer-party-hochzeit-innendekoration\/"]}]},{"@type":"ImageObject","inLanguage":"de","@id":"https:\/\/marktxxl.de\/markt\/produkt\/solar-lichterkette-fuer-den-aussenbereich-8-modi-200-leds-solarbetrieben-wasserdicht-kupferdraht-lichterkette-fuer-garten-zaun-terrasse-hof-sommer-party-hochzeit-innendekoration\/#primaryimage","url":"https:\/\/m.media-amazon.com\/images\/I\/41rJ9hD2oXL._SL500_.jpg","contentUrl":"https:\/\/m.media-amazon.com\/images\/I\/41rJ9hD2oXL._SL500_.jpg","width":500,"height":500},{"@type":"BreadcrumbList","@id":"https:\/\/marktxxl.de\/markt\/produkt\/solar-lichterkette-fuer-den-aussenbereich-8-modi-200-leds-solarbetrieben-wasserdicht-kupferdraht-lichterkette-fuer-garten-zaun-terrasse-hof-sommer-party-hochzeit-innendekoration\/#breadcrumb","itemListElement":[{"@type":"ListItem","position":1,"name":"Startseite","item":"https:\/\/marktxxl.de\/markt\/"},{"@type":"ListItem","position":2,"name":"Markt","item":"https:\/\/marktxxl.de\/markt\/"},{"@type":"ListItem","position":3,"name":"FANSIR Solar-Lichterkette f\u00fcr den Au\u00dfenbereich, 8 Modi, 100 LEDs, solarbetrieben, wasserdicht, Kupferdraht, Lichterkette\u2026"}]},{"@type":"WebSite","@id":"https:\/\/marktxxl.de\/markt\/#website","url":"https:\/\/marktxxl.de\/markt\/","name":"Markt-XXL","description":"Ihr Markt Online","publisher":{"@id":"https:\/\/marktxxl.de\/markt\/#organization"},"potentialAction":[{"@type":"SearchAction","target":{"@type":"EntryPoint","urlTemplate":"https:\/\/marktxxl.de\/markt\/?s={search_term_string}"},"query-input":{"@type":"PropertyValueSpecification","valueRequired":true,"valueName":"search_term_string"}}],"inLanguage":"de"},{"@type":"Organization","@id":"https:\/\/marktxxl.de\/markt\/#organization","name":"Markt-XXL","url":"https:\/\/marktxxl.de\/markt\/","logo":{"@type":"ImageObject","inLanguage":"de","@id":"https:\/\/marktxxl.de\/markt\/#\/schema\/logo\/image\/","url":"https:\/\/marktxxl.de\/markt\/wp-content\/uploads\/sites\/3\/2020\/12\/logo.png","contentUrl":"https:\/\/marktxxl.de\/markt\/wp-content\/uploads\/sites\/3\/2020\/12\/logo.png","width":200,"height":70,"caption":"Markt-XXL"},"image":{"@id":"https:\/\/marktxxl.de\/markt\/#\/schema\/logo\/image\/"}}]}},"_links":{"self":[{"href":"https:\/\/marktxxl.de\/markt\/wp-json\/wp\/v2\/product\/57357","targetHints":{"allow":["GET"]}}],"collection":[{"href":"https:\/\/marktxxl.de\/markt\/wp-json\/wp\/v2\/product"}],"about":[{"href":"https:\/\/marktxxl.de\/markt\/wp-json\/wp\/v2\/types\/product"}],"replies":[{"embeddable":true,"href":"https:\/\/marktxxl.de\/markt\/wp-json\/wp\/v2\/comments?post=57357"}],"wp:featuredmedia":[{"embeddable":true,"href":"https:\/\/marktxxl.de\/markt\/wp-json\/wp\/v2\/media\/57358"}],"wp:attachment":[{"href":"https:\/\/marktxxl.de\/markt\/wp-json\/wp\/v2\/media?parent=57357"}],"wp:term":[{"taxonomy":"product_brand","embeddable":true,"href":"https:\/\/marktxxl.de\/markt\/wp-json\/wp\/v2\/product_brand?post=57357"},{"taxonomy":"product_cat","embeddable":true,"href":"https:\/\/marktxxl.de\/markt\/wp-json\/wp\/v2\/product_cat?post=57357"},{"taxonomy":"product_tag","embeddable":true,"href":"https:\/\/marktxxl.de\/markt\/wp-json\/wp\/v2\/product_tag?post=57357"}],"curies":[{"name":"wp","href":"https:\/\/api.w.org\/{rel}","templated":true}]}}