{"id":57349,"date":"2021-10-14T01:04:21","date_gmt":"2021-10-13T23:04:21","guid":{"rendered":"https:\/\/marktxxl.de\/markt\/produkt\/sunenvoy-led-lichterkette-batteriebetrieben-120-leds-8-modi-wasserdicht-dimmbar-timer-mit-fernbedienung-fuer-garten-camping-party-dekoration-mehrfarbig\/"},"modified":"2023-04-11T02:24:31","modified_gmt":"2023-04-11T00:24:31","slug":"sunenvoy-led-lichterkette-batteriebetrieben-120-leds-8-modi-wasserdicht-dimmbar-timer-mit-fernbedienung-fuer-garten-camping-party-dekoration-mehrfarbig","status":"publish","type":"product","link":"https:\/\/marktxxl.de\/markt\/produkt\/sunenvoy-led-lichterkette-batteriebetrieben-120-leds-8-modi-wasserdicht-dimmbar-timer-mit-fernbedienung-fuer-garten-camping-party-dekoration-mehrfarbig\/","title":{"rendered":"LED-Lichterkette, batteriebetrieben, 120 LEDs, 8 Modi, wasserdicht, dimmbar, Timer, mit Fernbedienung, f\u00fcr Garten\u2026"},"content":{"rendered":"<p>Lichterschlauch f\u00fcr kreatives Design &#8212; Die 12,2 m langen Lichterkette mit 120 LEDs ist biegbar und kann flexibel installiert werden. Nutzen Sie einfach Ihre Phantasie und Kreation, um es in verschiedenen speziellen Stilen zu kreieren, einfach in jede beliebige Form zu formen, wie viele Gl\u00fchw\u00fcrmchen, die um Sie herum funkeln. F\u00fcgen Sie Ihrem Outdoor- oder Indoor-Events zus\u00e4tzlichen Spa\u00df hinzu.<br \/>\nFunktion: Fernbedienung, Timer (Leuchtdauer f\u00fcr 8 Stunden, 16 Stunden aus \u00fcber jeden 24 Stunden Zeitraum), 8 Modi (Kombination, in Welle, slo glo, sequentiell, jagen \/ blinken, langsam verblassen, funkeln und Dauerlicht), Anpassung der Helligkeit, um lebendige Atmosph\u00e4re zu schaffen.<br \/>\nWasserdicht und langlebig \u2013 Die wasserdichte Bewertung des Lichtschlauchs ist IP67, Kupferdr\u00e4hte und Gl\u00fchbirnen dieser Lichter sind vollst\u00e4ndig abgedichtet, wodurch das Eintauchen m\u00f6glich ist. Das Batteriegeh\u00e4use ist wasserdicht nach IP44.<br \/>\nBatteriebetrieben f\u00fcr Portabilit\u00e4t und Zuverl\u00e4ssigkeit \u2013 die Lichterkette wird mit 3 AA-Batterien betrieben (nicht im Lieferumfang enthalten), keine Strahlung, geringer Verbrauch, sie ist tragbar und kann \u00fcberall f\u00fcr eine stimmungsvolle Dekoration montiert werden.<br \/>\nVielseitige dekorative Lichter \u2013 bietet romantische dekorative Beleuchtung f\u00fcr drinnen und drau\u00dfen; schafft ein warmes, fr\u00f6hliches und festliches Ambiente, um Weihnachten, Partys, Halloween, Bar, Clubs, Caf\u00e9, Schlafzimmer, B\u00fchne, Gehweg, Terrasse, Garten, Zaun, Veranden usw. zu erfreuen.<br \/>\n<div class=\"main-cross-sell\" data-asin=\"B07YV3LPBF\">\n\n\t<div class=\"WooZone-cross-sell-loader\">\n\t\t<div>\n\t\t\t<div id=\"floatingBarsG\">\n\t\t\t\t<div class=\"blockG\" id=\"rotateG_01\"><\/div>\n\t\t\t\t<div class=\"blockG\" id=\"rotateG_02\"><\/div>\n\t\t\t\t<div class=\"blockG\" id=\"rotateG_03\"><\/div>\n\t\t\t\t<div class=\"blockG\" id=\"rotateG_04\"><\/div>\n\t\t\t\t<div class=\"blockG\" id=\"rotateG_05\"><\/div>\n\t\t\t\t<div class=\"blockG\" id=\"rotateG_06\"><\/div>\n\t\t\t\t<div class=\"blockG\" id=\"rotateG_07\"><\/div>\n\t\t\t\t<div class=\"blockG\" id=\"rotateG_08\"><\/div>\n\t\t\t<\/div>\n\t\t\t<div class=\"WooZone-cross-sell-loader-text\"><\/div>\n\t\t<\/div>\n\t<\/div>\n\n\t\t\n<\/div>\n<div style=\"clear:both;\"><\/div><\/p>\n","protected":false},"excerpt":{"rendered":"<p>Lichterschlauch f\u00fcr kreatives Design &#8212; Die 12,2 m langen Lichterkette mit 120 LEDs ist biegbar und kann flexibel installiert werden. Nutzen Sie einfach Ihre Phantasie und Kreation, um es in verschiedenen speziellen Stilen zu kreieren, einfach in jede beliebige Form zu formen, wie viele Gl\u00fchw\u00fcrmchen, die um Sie herum funkeln. F\u00fcgen Sie Ihrem Outdoor- oder Indoor-Events zus\u00e4tzlichen Spa\u00df hinzu.<br \/>\nFunktion: Fernbedienung, Timer (Leuchtdauer f\u00fcr 8 Stunden, 16 Stunden aus \u00fcber jeden 24 Stunden Zeitraum), 8 Modi (Kombination, in Welle, slo glo, sequentiell, jagen \/ blinken, langsam verblassen, funkeln und Dauerlicht), Anpassung der Helligkeit, um lebendige Atmosph\u00e4re zu schaffen.<br \/>\nWasserdicht und langlebig \u2013 Die wasserdichte Bewertung des Lichtschlauchs ist IP67, Kupferdr\u00e4hte und Gl\u00fchbirnen dieser Lichter sind vollst\u00e4ndig abgedichtet, wodurch das Eintauchen m\u00f6glich ist. Das Batteriegeh\u00e4use ist wasserdicht nach IP44.<\/p>\n","protected":false},"featured_media":57350,"comment_status":"open","ping_status":"closed","template":"","meta":[],"product_brand":[],"product_cat":[2108,15623],"product_tag":[],"class_list":{"0":"post-57349","1":"product","2":"type-product","3":"status-publish","4":"has-post-thumbnail","6":"product_cat-beleuchtung","7":"product_cat-lichtschlaeuche","8":"pa_brand-sunenvoy","9":"pa_color-4-stueck","10":"pa_manufacturer-sunenvoy","11":"pa_size-color","12":"pa_weight-0-44-pfund","14":"first","15":"instock","16":"shipping-taxable","17":"purchasable","18":"product-type-simple","19":"customify-col","20":"product-has-gallery"},"yoast_head":"<!-- This site is optimized with the Yoast SEO plugin v27.4 - https:\/\/yoast.com\/product\/yoast-seo-wordpress\/ -->\n<title>LED-Lichterkette, batteriebetrieben, 120 LEDs, 8 Modi, wasserdicht, dimmbar, Timer, mit Fernbedienung, f\u00fcr Garten\u2026 - Markt-XXL<\/title>\n<meta name=\"description\" content=\"Markt-XXL LED-Lichterkette, batteriebetrieben, 120 LEDs, 8 Modi, wasserdicht, dimmbar, Timer, mit Fernbedienung, f\u00fcr Garten\u2026\" \/>\n<meta name=\"robots\" content=\"index, follow, max-snippet:-1, max-image-preview:large, max-video-preview:-1\" \/>\n<link rel=\"canonical\" href=\"https:\/\/marktxxl.de\/markt\/produkt\/sunenvoy-led-lichterkette-batteriebetrieben-120-leds-8-modi-wasserdicht-dimmbar-timer-mit-fernbedienung-fuer-garten-camping-party-dekoration-mehrfarbig\/\" \/>\n<meta property=\"og:locale\" content=\"de_DE\" \/>\n<meta property=\"og:type\" content=\"article\" \/>\n<meta property=\"og:title\" content=\"LED-Lichterkette, batteriebetrieben, 120 LEDs, 8 Modi, wasserdicht, dimmbar, Timer, mit Fernbedienung, f\u00fcr Garten\u2026 - Markt-XXL\" \/>\n<meta property=\"og:description\" content=\"Markt-XXL LED-Lichterkette, batteriebetrieben, 120 LEDs, 8 Modi, wasserdicht, dimmbar, Timer, mit Fernbedienung, f\u00fcr Garten\u2026\" \/>\n<meta property=\"og:url\" content=\"https:\/\/marktxxl.de\/markt\/produkt\/sunenvoy-led-lichterkette-batteriebetrieben-120-leds-8-modi-wasserdicht-dimmbar-timer-mit-fernbedienung-fuer-garten-camping-party-dekoration-mehrfarbig\/\" \/>\n<meta property=\"og:site_name\" content=\"Markt-XXL\" \/>\n<meta property=\"article:modified_time\" content=\"2023-04-11T00:24:31+00:00\" \/>\n<meta property=\"og:image\" content=\"https:\/\/m.media-amazon.com\/images\/I\/51YZsBzv3+L._SL500_.jpg\" \/>\n\t<meta property=\"og:image:width\" content=\"500\" \/>\n\t<meta property=\"og:image:height\" content=\"500\" \/>\n\t<meta property=\"og:image:type\" content=\"image\/jpeg\" \/>\n<meta name=\"twitter:card\" content=\"summary_large_image\" \/>\n<meta name=\"twitter:label1\" content=\"Gesch\u00e4tzte Lesezeit\" \/>\n\t<meta name=\"twitter:data1\" content=\"1\u00a0Minute\" \/>\n<script type=\"application\/ld+json\" class=\"yoast-schema-graph\">{\"@context\":\"https:\\\/\\\/schema.org\",\"@graph\":[{\"@type\":\"WebPage\",\"@id\":\"https:\\\/\\\/marktxxl.de\\\/markt\\\/produkt\\\/sunenvoy-led-lichterkette-batteriebetrieben-120-leds-8-modi-wasserdicht-dimmbar-timer-mit-fernbedienung-fuer-garten-camping-party-dekoration-mehrfarbig\\\/\",\"url\":\"https:\\\/\\\/marktxxl.de\\\/markt\\\/produkt\\\/sunenvoy-led-lichterkette-batteriebetrieben-120-leds-8-modi-wasserdicht-dimmbar-timer-mit-fernbedienung-fuer-garten-camping-party-dekoration-mehrfarbig\\\/\",\"name\":\"LED-Lichterkette, batteriebetrieben, 120 LEDs, 8 Modi, wasserdicht, dimmbar, Timer, mit Fernbedienung, f\u00fcr Garten\u2026 - Markt-XXL\",\"isPartOf\":{\"@id\":\"https:\\\/\\\/marktxxl.de\\\/markt\\\/#website\"},\"primaryImageOfPage\":{\"@id\":\"https:\\\/\\\/marktxxl.de\\\/markt\\\/produkt\\\/sunenvoy-led-lichterkette-batteriebetrieben-120-leds-8-modi-wasserdicht-dimmbar-timer-mit-fernbedienung-fuer-garten-camping-party-dekoration-mehrfarbig\\\/#primaryimage\"},\"image\":{\"@id\":\"https:\\\/\\\/marktxxl.de\\\/markt\\\/produkt\\\/sunenvoy-led-lichterkette-batteriebetrieben-120-leds-8-modi-wasserdicht-dimmbar-timer-mit-fernbedienung-fuer-garten-camping-party-dekoration-mehrfarbig\\\/#primaryimage\"},\"thumbnailUrl\":\"https:\\\/\\\/m.media-amazon.com\\\/images\\\/I\\\/51YZsBzv3+L._SL500_.jpg\",\"datePublished\":\"2021-10-13T23:04:21+00:00\",\"dateModified\":\"2023-04-11T00:24:31+00:00\",\"description\":\"Markt-XXL LED-Lichterkette, batteriebetrieben, 120 LEDs, 8 Modi, wasserdicht, dimmbar, Timer, mit Fernbedienung, f\u00fcr Garten\u2026\",\"breadcrumb\":{\"@id\":\"https:\\\/\\\/marktxxl.de\\\/markt\\\/produkt\\\/sunenvoy-led-lichterkette-batteriebetrieben-120-leds-8-modi-wasserdicht-dimmbar-timer-mit-fernbedienung-fuer-garten-camping-party-dekoration-mehrfarbig\\\/#breadcrumb\"},\"inLanguage\":\"de\",\"potentialAction\":[{\"@type\":\"ReadAction\",\"target\":[\"https:\\\/\\\/marktxxl.de\\\/markt\\\/produkt\\\/sunenvoy-led-lichterkette-batteriebetrieben-120-leds-8-modi-wasserdicht-dimmbar-timer-mit-fernbedienung-fuer-garten-camping-party-dekoration-mehrfarbig\\\/\"]}]},{\"@type\":\"ImageObject\",\"inLanguage\":\"de\",\"@id\":\"https:\\\/\\\/marktxxl.de\\\/markt\\\/produkt\\\/sunenvoy-led-lichterkette-batteriebetrieben-120-leds-8-modi-wasserdicht-dimmbar-timer-mit-fernbedienung-fuer-garten-camping-party-dekoration-mehrfarbig\\\/#primaryimage\",\"url\":\"https:\\\/\\\/m.media-amazon.com\\\/images\\\/I\\\/51YZsBzv3+L._SL500_.jpg\",\"contentUrl\":\"https:\\\/\\\/m.media-amazon.com\\\/images\\\/I\\\/51YZsBzv3+L._SL500_.jpg\",\"width\":500,\"height\":500},{\"@type\":\"BreadcrumbList\",\"@id\":\"https:\\\/\\\/marktxxl.de\\\/markt\\\/produkt\\\/sunenvoy-led-lichterkette-batteriebetrieben-120-leds-8-modi-wasserdicht-dimmbar-timer-mit-fernbedienung-fuer-garten-camping-party-dekoration-mehrfarbig\\\/#breadcrumb\",\"itemListElement\":[{\"@type\":\"ListItem\",\"position\":1,\"name\":\"Startseite\",\"item\":\"https:\\\/\\\/marktxxl.de\\\/markt\\\/\"},{\"@type\":\"ListItem\",\"position\":2,\"name\":\"Markt\",\"item\":\"https:\\\/\\\/marktxxl.de\\\/markt\\\/\"},{\"@type\":\"ListItem\",\"position\":3,\"name\":\"LED-Lichterkette, batteriebetrieben, 120 LEDs, 8 Modi, wasserdicht, dimmbar, Timer, mit Fernbedienung, f\u00fcr Garten\u2026\"}]},{\"@type\":\"WebSite\",\"@id\":\"https:\\\/\\\/marktxxl.de\\\/markt\\\/#website\",\"url\":\"https:\\\/\\\/marktxxl.de\\\/markt\\\/\",\"name\":\"Markt-XXL\",\"description\":\"Ihr Markt Online\",\"publisher\":{\"@id\":\"https:\\\/\\\/marktxxl.de\\\/markt\\\/#organization\"},\"potentialAction\":[{\"@type\":\"SearchAction\",\"target\":{\"@type\":\"EntryPoint\",\"urlTemplate\":\"https:\\\/\\\/marktxxl.de\\\/markt\\\/?s={search_term_string}\"},\"query-input\":{\"@type\":\"PropertyValueSpecification\",\"valueRequired\":true,\"valueName\":\"search_term_string\"}}],\"inLanguage\":\"de\"},{\"@type\":\"Organization\",\"@id\":\"https:\\\/\\\/marktxxl.de\\\/markt\\\/#organization\",\"name\":\"Markt-XXL\",\"url\":\"https:\\\/\\\/marktxxl.de\\\/markt\\\/\",\"logo\":{\"@type\":\"ImageObject\",\"inLanguage\":\"de\",\"@id\":\"https:\\\/\\\/marktxxl.de\\\/markt\\\/#\\\/schema\\\/logo\\\/image\\\/\",\"url\":\"https:\\\/\\\/marktxxl.de\\\/markt\\\/wp-content\\\/uploads\\\/sites\\\/3\\\/2020\\\/12\\\/logo.png\",\"contentUrl\":\"https:\\\/\\\/marktxxl.de\\\/markt\\\/wp-content\\\/uploads\\\/sites\\\/3\\\/2020\\\/12\\\/logo.png\",\"width\":200,\"height\":70,\"caption\":\"Markt-XXL\"},\"image\":{\"@id\":\"https:\\\/\\\/marktxxl.de\\\/markt\\\/#\\\/schema\\\/logo\\\/image\\\/\"}}]}<\/script>\n<!-- \/ Yoast SEO plugin. -->","yoast_head_json":{"title":"LED-Lichterkette, batteriebetrieben, 120 LEDs, 8 Modi, wasserdicht, dimmbar, Timer, mit Fernbedienung, f\u00fcr Garten\u2026 - Markt-XXL","description":"Markt-XXL LED-Lichterkette, batteriebetrieben, 120 LEDs, 8 Modi, wasserdicht, dimmbar, Timer, mit Fernbedienung, f\u00fcr Garten\u2026","robots":{"index":"index","follow":"follow","max-snippet":"max-snippet:-1","max-image-preview":"max-image-preview:large","max-video-preview":"max-video-preview:-1"},"canonical":"https:\/\/marktxxl.de\/markt\/produkt\/sunenvoy-led-lichterkette-batteriebetrieben-120-leds-8-modi-wasserdicht-dimmbar-timer-mit-fernbedienung-fuer-garten-camping-party-dekoration-mehrfarbig\/","og_locale":"de_DE","og_type":"article","og_title":"LED-Lichterkette, batteriebetrieben, 120 LEDs, 8 Modi, wasserdicht, dimmbar, Timer, mit Fernbedienung, f\u00fcr Garten\u2026 - Markt-XXL","og_description":"Markt-XXL LED-Lichterkette, batteriebetrieben, 120 LEDs, 8 Modi, wasserdicht, dimmbar, Timer, mit Fernbedienung, f\u00fcr Garten\u2026","og_url":"https:\/\/marktxxl.de\/markt\/produkt\/sunenvoy-led-lichterkette-batteriebetrieben-120-leds-8-modi-wasserdicht-dimmbar-timer-mit-fernbedienung-fuer-garten-camping-party-dekoration-mehrfarbig\/","og_site_name":"Markt-XXL","article_modified_time":"2023-04-11T00:24:31+00:00","og_image":[{"width":500,"height":500,"url":"https:\/\/m.media-amazon.com\/images\/I\/51YZsBzv3+L._SL500_.jpg","type":"image\/jpeg"}],"twitter_card":"summary_large_image","twitter_misc":{"Gesch\u00e4tzte Lesezeit":"1\u00a0Minute"},"schema":{"@context":"https:\/\/schema.org","@graph":[{"@type":"WebPage","@id":"https:\/\/marktxxl.de\/markt\/produkt\/sunenvoy-led-lichterkette-batteriebetrieben-120-leds-8-modi-wasserdicht-dimmbar-timer-mit-fernbedienung-fuer-garten-camping-party-dekoration-mehrfarbig\/","url":"https:\/\/marktxxl.de\/markt\/produkt\/sunenvoy-led-lichterkette-batteriebetrieben-120-leds-8-modi-wasserdicht-dimmbar-timer-mit-fernbedienung-fuer-garten-camping-party-dekoration-mehrfarbig\/","name":"LED-Lichterkette, batteriebetrieben, 120 LEDs, 8 Modi, wasserdicht, dimmbar, Timer, mit Fernbedienung, f\u00fcr Garten\u2026 - Markt-XXL","isPartOf":{"@id":"https:\/\/marktxxl.de\/markt\/#website"},"primaryImageOfPage":{"@id":"https:\/\/marktxxl.de\/markt\/produkt\/sunenvoy-led-lichterkette-batteriebetrieben-120-leds-8-modi-wasserdicht-dimmbar-timer-mit-fernbedienung-fuer-garten-camping-party-dekoration-mehrfarbig\/#primaryimage"},"image":{"@id":"https:\/\/marktxxl.de\/markt\/produkt\/sunenvoy-led-lichterkette-batteriebetrieben-120-leds-8-modi-wasserdicht-dimmbar-timer-mit-fernbedienung-fuer-garten-camping-party-dekoration-mehrfarbig\/#primaryimage"},"thumbnailUrl":"https:\/\/m.media-amazon.com\/images\/I\/51YZsBzv3+L._SL500_.jpg","datePublished":"2021-10-13T23:04:21+00:00","dateModified":"2023-04-11T00:24:31+00:00","description":"Markt-XXL LED-Lichterkette, batteriebetrieben, 120 LEDs, 8 Modi, wasserdicht, dimmbar, Timer, mit Fernbedienung, f\u00fcr Garten\u2026","breadcrumb":{"@id":"https:\/\/marktxxl.de\/markt\/produkt\/sunenvoy-led-lichterkette-batteriebetrieben-120-leds-8-modi-wasserdicht-dimmbar-timer-mit-fernbedienung-fuer-garten-camping-party-dekoration-mehrfarbig\/#breadcrumb"},"inLanguage":"de","potentialAction":[{"@type":"ReadAction","target":["https:\/\/marktxxl.de\/markt\/produkt\/sunenvoy-led-lichterkette-batteriebetrieben-120-leds-8-modi-wasserdicht-dimmbar-timer-mit-fernbedienung-fuer-garten-camping-party-dekoration-mehrfarbig\/"]}]},{"@type":"ImageObject","inLanguage":"de","@id":"https:\/\/marktxxl.de\/markt\/produkt\/sunenvoy-led-lichterkette-batteriebetrieben-120-leds-8-modi-wasserdicht-dimmbar-timer-mit-fernbedienung-fuer-garten-camping-party-dekoration-mehrfarbig\/#primaryimage","url":"https:\/\/m.media-amazon.com\/images\/I\/51YZsBzv3+L._SL500_.jpg","contentUrl":"https:\/\/m.media-amazon.com\/images\/I\/51YZsBzv3+L._SL500_.jpg","width":500,"height":500},{"@type":"BreadcrumbList","@id":"https:\/\/marktxxl.de\/markt\/produkt\/sunenvoy-led-lichterkette-batteriebetrieben-120-leds-8-modi-wasserdicht-dimmbar-timer-mit-fernbedienung-fuer-garten-camping-party-dekoration-mehrfarbig\/#breadcrumb","itemListElement":[{"@type":"ListItem","position":1,"name":"Startseite","item":"https:\/\/marktxxl.de\/markt\/"},{"@type":"ListItem","position":2,"name":"Markt","item":"https:\/\/marktxxl.de\/markt\/"},{"@type":"ListItem","position":3,"name":"LED-Lichterkette, batteriebetrieben, 120 LEDs, 8 Modi, wasserdicht, dimmbar, Timer, mit Fernbedienung, f\u00fcr Garten\u2026"}]},{"@type":"WebSite","@id":"https:\/\/marktxxl.de\/markt\/#website","url":"https:\/\/marktxxl.de\/markt\/","name":"Markt-XXL","description":"Ihr Markt Online","publisher":{"@id":"https:\/\/marktxxl.de\/markt\/#organization"},"potentialAction":[{"@type":"SearchAction","target":{"@type":"EntryPoint","urlTemplate":"https:\/\/marktxxl.de\/markt\/?s={search_term_string}"},"query-input":{"@type":"PropertyValueSpecification","valueRequired":true,"valueName":"search_term_string"}}],"inLanguage":"de"},{"@type":"Organization","@id":"https:\/\/marktxxl.de\/markt\/#organization","name":"Markt-XXL","url":"https:\/\/marktxxl.de\/markt\/","logo":{"@type":"ImageObject","inLanguage":"de","@id":"https:\/\/marktxxl.de\/markt\/#\/schema\/logo\/image\/","url":"https:\/\/marktxxl.de\/markt\/wp-content\/uploads\/sites\/3\/2020\/12\/logo.png","contentUrl":"https:\/\/marktxxl.de\/markt\/wp-content\/uploads\/sites\/3\/2020\/12\/logo.png","width":200,"height":70,"caption":"Markt-XXL"},"image":{"@id":"https:\/\/marktxxl.de\/markt\/#\/schema\/logo\/image\/"}}]}},"_links":{"self":[{"href":"https:\/\/marktxxl.de\/markt\/wp-json\/wp\/v2\/product\/57349","targetHints":{"allow":["GET"]}}],"collection":[{"href":"https:\/\/marktxxl.de\/markt\/wp-json\/wp\/v2\/product"}],"about":[{"href":"https:\/\/marktxxl.de\/markt\/wp-json\/wp\/v2\/types\/product"}],"replies":[{"embeddable":true,"href":"https:\/\/marktxxl.de\/markt\/wp-json\/wp\/v2\/comments?post=57349"}],"wp:featuredmedia":[{"embeddable":true,"href":"https:\/\/marktxxl.de\/markt\/wp-json\/wp\/v2\/media\/57350"}],"wp:attachment":[{"href":"https:\/\/marktxxl.de\/markt\/wp-json\/wp\/v2\/media?parent=57349"}],"wp:term":[{"taxonomy":"product_brand","embeddable":true,"href":"https:\/\/marktxxl.de\/markt\/wp-json\/wp\/v2\/product_brand?post=57349"},{"taxonomy":"product_cat","embeddable":true,"href":"https:\/\/marktxxl.de\/markt\/wp-json\/wp\/v2\/product_cat?post=57349"},{"taxonomy":"product_tag","embeddable":true,"href":"https:\/\/marktxxl.de\/markt\/wp-json\/wp\/v2\/product_tag?post=57349"}],"curies":[{"name":"wp","href":"https:\/\/api.w.org\/{rel}","templated":true}]}}