{"id":57332,"date":"2021-10-14T01:04:18","date_gmt":"2021-10-13T23:04:18","guid":{"rendered":"https:\/\/marktxxl.de\/markt\/produkt\/ifcow-solarbetriebener-gefuehrter-wasserdichter-ball-kolibri-des-windglockenspiels-der-gefuehrten-windglockenspiel-fuer-hauptbalkongarten-aendert\/"},"modified":"2023-04-11T02:24:31","modified_gmt":"2023-04-11T00:24:31","slug":"ifcow-solarbetriebener-gefuehrter-wasserdichter-ball-kolibri-des-windglockenspiels-der-gefuehrten-windglockenspiel-fuer-hauptbalkongarten-aendert","status":"publish","type":"product","link":"https:\/\/marktxxl.de\/markt\/produkt\/ifcow-solarbetriebener-gefuehrter-wasserdichter-ball-kolibri-des-windglockenspiels-der-gefuehrten-windglockenspiel-fuer-hauptbalkongarten-aendert\/","title":{"rendered":"iFCOW Solarbetriebener gef\u00fchrter wasserdichter Ball\/Kolibri des Windglockenspiels der gef\u00fchrten Windglockenspiel f\u00fcr\u2026"},"content":{"rendered":"<p>\u30107 Farbwechsel-LED-Windspiel\u3011: Dieses Windspiel mit einer Farbaufladung LED wird tags\u00fcber aufgeladen und gibt nachts automatisch buntes Licht ab, schafft m\u00fchelos einen romantischen und geheimnisvollen Raum<br \/>\n\u3010Gr\u00fcne Solarenergie\u3011: Das LED-Windspiel wird absolut mit gr\u00fcner Solarenergie betrieben. Schalten Sie einfach den Schalter auf &#8220;ON&#8221; Seite, stellen Sie das Windspiel unter Sonnenschein, es l\u00e4dt sich selbst auf und leuchtet nachts f\u00fcr 6\u20138 Stunden, wenn es voll aufgeladen ist<br \/>\nEinfache Installation: Keine Verkabelung und externe Elektrizit\u00e4t erforderlich, einfach an Fenster, Balkon, Veranda oder Garten h\u00e4ngen, machen Sie Ihren Raum zu einer Oase der Romantik, Ruhe und Geschmack<br \/>\nPerfektes Geschenk und Dekoration: Diese Solar-LED-Lampe aus hochwertigem, stabilem Kunststoff f\u00fcr lange Haltbarkeit; perfekte Dekoration f\u00fcr Garten, Fenster, Balkon, auch ideal als Geschenk f\u00fcr Freundinnen, Ehefrau, Kind zum Geburtstag und Festival<br \/>\n\u3010Innen und Au\u00dfen LED-Licht\u3011: Das LED-Windspiel kann drinnen oder drau\u00dfen als Dekoration aufgeh\u00e4ngt werden, es wird tags\u00fcber in der Sonne gl\u00e4nzen und nach Einbruch der Dunkelheit als Nachtlicht leuchten. Ideal f\u00fcr Garten, Terrasse, Hof, Flur, Dach, Wohnzimmer, Schlafzimmer<br \/>\n<div class=\"main-cross-sell\" data-asin=\"B07YG5WCSR\">\n\n\t<div class=\"WooZone-cross-sell-loader\">\n\t\t<div>\n\t\t\t<div id=\"floatingBarsG\">\n\t\t\t\t<div class=\"blockG\" id=\"rotateG_01\"><\/div>\n\t\t\t\t<div class=\"blockG\" id=\"rotateG_02\"><\/div>\n\t\t\t\t<div class=\"blockG\" id=\"rotateG_03\"><\/div>\n\t\t\t\t<div class=\"blockG\" id=\"rotateG_04\"><\/div>\n\t\t\t\t<div class=\"blockG\" id=\"rotateG_05\"><\/div>\n\t\t\t\t<div class=\"blockG\" id=\"rotateG_06\"><\/div>\n\t\t\t\t<div class=\"blockG\" id=\"rotateG_07\"><\/div>\n\t\t\t\t<div class=\"blockG\" id=\"rotateG_08\"><\/div>\n\t\t\t<\/div>\n\t\t\t<div class=\"WooZone-cross-sell-loader-text\"><\/div>\n\t\t<\/div>\n\t<\/div>\n\n\t\t\n<\/div>\n<div style=\"clear:both;\"><\/div><\/p>\n","protected":false},"excerpt":{"rendered":"<p>\u30107 Farbwechsel-LED-Windspiel\u3011: Dieses Windspiel mit einer Farbaufladung LED wird tags\u00fcber aufgeladen und gibt nachts automatisch buntes Licht ab, schafft m\u00fchelos einen romantischen und geheimnisvollen Raum<br \/>\n\u3010Gr\u00fcne Solarenergie\u3011: Das LED-Windspiel wird absolut mit gr\u00fcner Solarenergie betrieben. Schalten Sie einfach den Schalter auf &#8220;ON&#8221; Seite, stellen Sie das Windspiel unter Sonnenschein, es l\u00e4dt sich selbst auf und leuchtet nachts f\u00fcr 6\u20138 Stunden, wenn es voll aufgeladen ist<br \/>\nEinfache Installation: Keine Verkabelung und externe Elektrizit\u00e4t erforderlich, einfach an Fenster, Balkon, Veranda oder Garten h\u00e4ngen, machen Sie Ihren Raum zu einer Oase der Romantik, Ruhe und Geschmack<\/p>\n","protected":false},"featured_media":57333,"comment_status":"open","ping_status":"closed","template":"","meta":[],"product_brand":[],"product_cat":[2108,15623],"product_tag":[],"class_list":{"0":"post-57332","1":"product","2":"type-product","3":"status-publish","4":"has-post-thumbnail","6":"product_cat-beleuchtung","7":"product_cat-lichtschlaeuche","8":"pa_brand-ifcow","9":"pa_height-5-118110231-zoll","10":"pa_length-5-511811018-zoll","11":"pa_model-1194642-12043501","12":"pa_width-5-3149606245-zoll","14":"first","15":"instock","16":"shipping-taxable","17":"purchasable","18":"product-type-simple","19":"customify-col","20":"product-has-gallery"},"yoast_head":"<!-- This site is optimized with the Yoast SEO plugin v27.4 - https:\/\/yoast.com\/product\/yoast-seo-wordpress\/ -->\n<title>iFCOW Solarbetriebener gef\u00fchrter wasserdichter Ball\/Kolibri des Windglockenspiels der gef\u00fchrten Windglockenspiel f\u00fcr\u2026 - Markt-XXL<\/title>\n<meta name=\"description\" content=\"Markt-XXL iFCOW Solarbetriebener gef\u00fchrter wasserdichter Ball\/Kolibri des Windglockenspiels der gef\u00fchrten Windglockenspiel f\u00fcr\u2026\" \/>\n<meta name=\"robots\" content=\"index, follow, max-snippet:-1, max-image-preview:large, max-video-preview:-1\" \/>\n<link rel=\"canonical\" href=\"https:\/\/marktxxl.de\/markt\/produkt\/ifcow-solarbetriebener-gefuehrter-wasserdichter-ball-kolibri-des-windglockenspiels-der-gefuehrten-windglockenspiel-fuer-hauptbalkongarten-aendert\/\" \/>\n<meta property=\"og:locale\" content=\"de_DE\" \/>\n<meta property=\"og:type\" content=\"article\" \/>\n<meta property=\"og:title\" content=\"iFCOW Solarbetriebener gef\u00fchrter wasserdichter Ball\/Kolibri des Windglockenspiels der gef\u00fchrten Windglockenspiel f\u00fcr\u2026 - Markt-XXL\" \/>\n<meta property=\"og:description\" content=\"Markt-XXL iFCOW Solarbetriebener gef\u00fchrter wasserdichter Ball\/Kolibri des Windglockenspiels der gef\u00fchrten Windglockenspiel f\u00fcr\u2026\" \/>\n<meta property=\"og:url\" content=\"https:\/\/marktxxl.de\/markt\/produkt\/ifcow-solarbetriebener-gefuehrter-wasserdichter-ball-kolibri-des-windglockenspiels-der-gefuehrten-windglockenspiel-fuer-hauptbalkongarten-aendert\/\" \/>\n<meta property=\"og:site_name\" content=\"Markt-XXL\" \/>\n<meta property=\"article:modified_time\" content=\"2023-04-11T00:24:31+00:00\" \/>\n<meta property=\"og:image\" content=\"https:\/\/m.media-amazon.com\/images\/I\/41KzndExk+L._SL500_.jpg\" \/>\n\t<meta property=\"og:image:width\" content=\"500\" \/>\n\t<meta property=\"og:image:height\" content=\"500\" \/>\n\t<meta property=\"og:image:type\" content=\"image\/jpeg\" \/>\n<meta name=\"twitter:card\" content=\"summary_large_image\" \/>\n<meta name=\"twitter:label1\" content=\"Gesch\u00e4tzte Lesezeit\" \/>\n\t<meta name=\"twitter:data1\" content=\"1\u00a0Minute\" \/>\n<script type=\"application\/ld+json\" class=\"yoast-schema-graph\">{\"@context\":\"https:\\\/\\\/schema.org\",\"@graph\":[{\"@type\":\"WebPage\",\"@id\":\"https:\\\/\\\/marktxxl.de\\\/markt\\\/produkt\\\/ifcow-solarbetriebener-gefuehrter-wasserdichter-ball-kolibri-des-windglockenspiels-der-gefuehrten-windglockenspiel-fuer-hauptbalkongarten-aendert\\\/\",\"url\":\"https:\\\/\\\/marktxxl.de\\\/markt\\\/produkt\\\/ifcow-solarbetriebener-gefuehrter-wasserdichter-ball-kolibri-des-windglockenspiels-der-gefuehrten-windglockenspiel-fuer-hauptbalkongarten-aendert\\\/\",\"name\":\"iFCOW Solarbetriebener gef\u00fchrter wasserdichter Ball\\\/Kolibri des Windglockenspiels der gef\u00fchrten Windglockenspiel f\u00fcr\u2026 - Markt-XXL\",\"isPartOf\":{\"@id\":\"https:\\\/\\\/marktxxl.de\\\/markt\\\/#website\"},\"primaryImageOfPage\":{\"@id\":\"https:\\\/\\\/marktxxl.de\\\/markt\\\/produkt\\\/ifcow-solarbetriebener-gefuehrter-wasserdichter-ball-kolibri-des-windglockenspiels-der-gefuehrten-windglockenspiel-fuer-hauptbalkongarten-aendert\\\/#primaryimage\"},\"image\":{\"@id\":\"https:\\\/\\\/marktxxl.de\\\/markt\\\/produkt\\\/ifcow-solarbetriebener-gefuehrter-wasserdichter-ball-kolibri-des-windglockenspiels-der-gefuehrten-windglockenspiel-fuer-hauptbalkongarten-aendert\\\/#primaryimage\"},\"thumbnailUrl\":\"https:\\\/\\\/m.media-amazon.com\\\/images\\\/I\\\/41KzndExk+L._SL500_.jpg\",\"datePublished\":\"2021-10-13T23:04:18+00:00\",\"dateModified\":\"2023-04-11T00:24:31+00:00\",\"description\":\"Markt-XXL iFCOW Solarbetriebener gef\u00fchrter wasserdichter Ball\\\/Kolibri des Windglockenspiels der gef\u00fchrten Windglockenspiel f\u00fcr\u2026\",\"breadcrumb\":{\"@id\":\"https:\\\/\\\/marktxxl.de\\\/markt\\\/produkt\\\/ifcow-solarbetriebener-gefuehrter-wasserdichter-ball-kolibri-des-windglockenspiels-der-gefuehrten-windglockenspiel-fuer-hauptbalkongarten-aendert\\\/#breadcrumb\"},\"inLanguage\":\"de\",\"potentialAction\":[{\"@type\":\"ReadAction\",\"target\":[\"https:\\\/\\\/marktxxl.de\\\/markt\\\/produkt\\\/ifcow-solarbetriebener-gefuehrter-wasserdichter-ball-kolibri-des-windglockenspiels-der-gefuehrten-windglockenspiel-fuer-hauptbalkongarten-aendert\\\/\"]}]},{\"@type\":\"ImageObject\",\"inLanguage\":\"de\",\"@id\":\"https:\\\/\\\/marktxxl.de\\\/markt\\\/produkt\\\/ifcow-solarbetriebener-gefuehrter-wasserdichter-ball-kolibri-des-windglockenspiels-der-gefuehrten-windglockenspiel-fuer-hauptbalkongarten-aendert\\\/#primaryimage\",\"url\":\"https:\\\/\\\/m.media-amazon.com\\\/images\\\/I\\\/41KzndExk+L._SL500_.jpg\",\"contentUrl\":\"https:\\\/\\\/m.media-amazon.com\\\/images\\\/I\\\/41KzndExk+L._SL500_.jpg\",\"width\":500,\"height\":500},{\"@type\":\"BreadcrumbList\",\"@id\":\"https:\\\/\\\/marktxxl.de\\\/markt\\\/produkt\\\/ifcow-solarbetriebener-gefuehrter-wasserdichter-ball-kolibri-des-windglockenspiels-der-gefuehrten-windglockenspiel-fuer-hauptbalkongarten-aendert\\\/#breadcrumb\",\"itemListElement\":[{\"@type\":\"ListItem\",\"position\":1,\"name\":\"Startseite\",\"item\":\"https:\\\/\\\/marktxxl.de\\\/markt\\\/\"},{\"@type\":\"ListItem\",\"position\":2,\"name\":\"Markt\",\"item\":\"https:\\\/\\\/marktxxl.de\\\/markt\\\/\"},{\"@type\":\"ListItem\",\"position\":3,\"name\":\"iFCOW Solarbetriebener gef\u00fchrter wasserdichter Ball\\\/Kolibri des Windglockenspiels der gef\u00fchrten Windglockenspiel f\u00fcr\u2026\"}]},{\"@type\":\"WebSite\",\"@id\":\"https:\\\/\\\/marktxxl.de\\\/markt\\\/#website\",\"url\":\"https:\\\/\\\/marktxxl.de\\\/markt\\\/\",\"name\":\"Markt-XXL\",\"description\":\"Ihr Markt Online\",\"publisher\":{\"@id\":\"https:\\\/\\\/marktxxl.de\\\/markt\\\/#organization\"},\"potentialAction\":[{\"@type\":\"SearchAction\",\"target\":{\"@type\":\"EntryPoint\",\"urlTemplate\":\"https:\\\/\\\/marktxxl.de\\\/markt\\\/?s={search_term_string}\"},\"query-input\":{\"@type\":\"PropertyValueSpecification\",\"valueRequired\":true,\"valueName\":\"search_term_string\"}}],\"inLanguage\":\"de\"},{\"@type\":\"Organization\",\"@id\":\"https:\\\/\\\/marktxxl.de\\\/markt\\\/#organization\",\"name\":\"Markt-XXL\",\"url\":\"https:\\\/\\\/marktxxl.de\\\/markt\\\/\",\"logo\":{\"@type\":\"ImageObject\",\"inLanguage\":\"de\",\"@id\":\"https:\\\/\\\/marktxxl.de\\\/markt\\\/#\\\/schema\\\/logo\\\/image\\\/\",\"url\":\"https:\\\/\\\/marktxxl.de\\\/markt\\\/wp-content\\\/uploads\\\/sites\\\/3\\\/2020\\\/12\\\/logo.png\",\"contentUrl\":\"https:\\\/\\\/marktxxl.de\\\/markt\\\/wp-content\\\/uploads\\\/sites\\\/3\\\/2020\\\/12\\\/logo.png\",\"width\":200,\"height\":70,\"caption\":\"Markt-XXL\"},\"image\":{\"@id\":\"https:\\\/\\\/marktxxl.de\\\/markt\\\/#\\\/schema\\\/logo\\\/image\\\/\"}}]}<\/script>\n<!-- \/ Yoast SEO plugin. -->","yoast_head_json":{"title":"iFCOW Solarbetriebener gef\u00fchrter wasserdichter Ball\/Kolibri des Windglockenspiels der gef\u00fchrten Windglockenspiel f\u00fcr\u2026 - Markt-XXL","description":"Markt-XXL iFCOW Solarbetriebener gef\u00fchrter wasserdichter Ball\/Kolibri des Windglockenspiels der gef\u00fchrten Windglockenspiel f\u00fcr\u2026","robots":{"index":"index","follow":"follow","max-snippet":"max-snippet:-1","max-image-preview":"max-image-preview:large","max-video-preview":"max-video-preview:-1"},"canonical":"https:\/\/marktxxl.de\/markt\/produkt\/ifcow-solarbetriebener-gefuehrter-wasserdichter-ball-kolibri-des-windglockenspiels-der-gefuehrten-windglockenspiel-fuer-hauptbalkongarten-aendert\/","og_locale":"de_DE","og_type":"article","og_title":"iFCOW Solarbetriebener gef\u00fchrter wasserdichter Ball\/Kolibri des Windglockenspiels der gef\u00fchrten Windglockenspiel f\u00fcr\u2026 - Markt-XXL","og_description":"Markt-XXL iFCOW Solarbetriebener gef\u00fchrter wasserdichter Ball\/Kolibri des Windglockenspiels der gef\u00fchrten Windglockenspiel f\u00fcr\u2026","og_url":"https:\/\/marktxxl.de\/markt\/produkt\/ifcow-solarbetriebener-gefuehrter-wasserdichter-ball-kolibri-des-windglockenspiels-der-gefuehrten-windglockenspiel-fuer-hauptbalkongarten-aendert\/","og_site_name":"Markt-XXL","article_modified_time":"2023-04-11T00:24:31+00:00","og_image":[{"width":500,"height":500,"url":"https:\/\/m.media-amazon.com\/images\/I\/41KzndExk+L._SL500_.jpg","type":"image\/jpeg"}],"twitter_card":"summary_large_image","twitter_misc":{"Gesch\u00e4tzte Lesezeit":"1\u00a0Minute"},"schema":{"@context":"https:\/\/schema.org","@graph":[{"@type":"WebPage","@id":"https:\/\/marktxxl.de\/markt\/produkt\/ifcow-solarbetriebener-gefuehrter-wasserdichter-ball-kolibri-des-windglockenspiels-der-gefuehrten-windglockenspiel-fuer-hauptbalkongarten-aendert\/","url":"https:\/\/marktxxl.de\/markt\/produkt\/ifcow-solarbetriebener-gefuehrter-wasserdichter-ball-kolibri-des-windglockenspiels-der-gefuehrten-windglockenspiel-fuer-hauptbalkongarten-aendert\/","name":"iFCOW Solarbetriebener gef\u00fchrter wasserdichter Ball\/Kolibri des Windglockenspiels der gef\u00fchrten Windglockenspiel f\u00fcr\u2026 - Markt-XXL","isPartOf":{"@id":"https:\/\/marktxxl.de\/markt\/#website"},"primaryImageOfPage":{"@id":"https:\/\/marktxxl.de\/markt\/produkt\/ifcow-solarbetriebener-gefuehrter-wasserdichter-ball-kolibri-des-windglockenspiels-der-gefuehrten-windglockenspiel-fuer-hauptbalkongarten-aendert\/#primaryimage"},"image":{"@id":"https:\/\/marktxxl.de\/markt\/produkt\/ifcow-solarbetriebener-gefuehrter-wasserdichter-ball-kolibri-des-windglockenspiels-der-gefuehrten-windglockenspiel-fuer-hauptbalkongarten-aendert\/#primaryimage"},"thumbnailUrl":"https:\/\/m.media-amazon.com\/images\/I\/41KzndExk+L._SL500_.jpg","datePublished":"2021-10-13T23:04:18+00:00","dateModified":"2023-04-11T00:24:31+00:00","description":"Markt-XXL iFCOW Solarbetriebener gef\u00fchrter wasserdichter Ball\/Kolibri des Windglockenspiels der gef\u00fchrten Windglockenspiel f\u00fcr\u2026","breadcrumb":{"@id":"https:\/\/marktxxl.de\/markt\/produkt\/ifcow-solarbetriebener-gefuehrter-wasserdichter-ball-kolibri-des-windglockenspiels-der-gefuehrten-windglockenspiel-fuer-hauptbalkongarten-aendert\/#breadcrumb"},"inLanguage":"de","potentialAction":[{"@type":"ReadAction","target":["https:\/\/marktxxl.de\/markt\/produkt\/ifcow-solarbetriebener-gefuehrter-wasserdichter-ball-kolibri-des-windglockenspiels-der-gefuehrten-windglockenspiel-fuer-hauptbalkongarten-aendert\/"]}]},{"@type":"ImageObject","inLanguage":"de","@id":"https:\/\/marktxxl.de\/markt\/produkt\/ifcow-solarbetriebener-gefuehrter-wasserdichter-ball-kolibri-des-windglockenspiels-der-gefuehrten-windglockenspiel-fuer-hauptbalkongarten-aendert\/#primaryimage","url":"https:\/\/m.media-amazon.com\/images\/I\/41KzndExk+L._SL500_.jpg","contentUrl":"https:\/\/m.media-amazon.com\/images\/I\/41KzndExk+L._SL500_.jpg","width":500,"height":500},{"@type":"BreadcrumbList","@id":"https:\/\/marktxxl.de\/markt\/produkt\/ifcow-solarbetriebener-gefuehrter-wasserdichter-ball-kolibri-des-windglockenspiels-der-gefuehrten-windglockenspiel-fuer-hauptbalkongarten-aendert\/#breadcrumb","itemListElement":[{"@type":"ListItem","position":1,"name":"Startseite","item":"https:\/\/marktxxl.de\/markt\/"},{"@type":"ListItem","position":2,"name":"Markt","item":"https:\/\/marktxxl.de\/markt\/"},{"@type":"ListItem","position":3,"name":"iFCOW Solarbetriebener gef\u00fchrter wasserdichter Ball\/Kolibri des Windglockenspiels der gef\u00fchrten Windglockenspiel f\u00fcr\u2026"}]},{"@type":"WebSite","@id":"https:\/\/marktxxl.de\/markt\/#website","url":"https:\/\/marktxxl.de\/markt\/","name":"Markt-XXL","description":"Ihr Markt Online","publisher":{"@id":"https:\/\/marktxxl.de\/markt\/#organization"},"potentialAction":[{"@type":"SearchAction","target":{"@type":"EntryPoint","urlTemplate":"https:\/\/marktxxl.de\/markt\/?s={search_term_string}"},"query-input":{"@type":"PropertyValueSpecification","valueRequired":true,"valueName":"search_term_string"}}],"inLanguage":"de"},{"@type":"Organization","@id":"https:\/\/marktxxl.de\/markt\/#organization","name":"Markt-XXL","url":"https:\/\/marktxxl.de\/markt\/","logo":{"@type":"ImageObject","inLanguage":"de","@id":"https:\/\/marktxxl.de\/markt\/#\/schema\/logo\/image\/","url":"https:\/\/marktxxl.de\/markt\/wp-content\/uploads\/sites\/3\/2020\/12\/logo.png","contentUrl":"https:\/\/marktxxl.de\/markt\/wp-content\/uploads\/sites\/3\/2020\/12\/logo.png","width":200,"height":70,"caption":"Markt-XXL"},"image":{"@id":"https:\/\/marktxxl.de\/markt\/#\/schema\/logo\/image\/"}}]}},"_links":{"self":[{"href":"https:\/\/marktxxl.de\/markt\/wp-json\/wp\/v2\/product\/57332","targetHints":{"allow":["GET"]}}],"collection":[{"href":"https:\/\/marktxxl.de\/markt\/wp-json\/wp\/v2\/product"}],"about":[{"href":"https:\/\/marktxxl.de\/markt\/wp-json\/wp\/v2\/types\/product"}],"replies":[{"embeddable":true,"href":"https:\/\/marktxxl.de\/markt\/wp-json\/wp\/v2\/comments?post=57332"}],"wp:featuredmedia":[{"embeddable":true,"href":"https:\/\/marktxxl.de\/markt\/wp-json\/wp\/v2\/media\/57333"}],"wp:attachment":[{"href":"https:\/\/marktxxl.de\/markt\/wp-json\/wp\/v2\/media?parent=57332"}],"wp:term":[{"taxonomy":"product_brand","embeddable":true,"href":"https:\/\/marktxxl.de\/markt\/wp-json\/wp\/v2\/product_brand?post=57332"},{"taxonomy":"product_cat","embeddable":true,"href":"https:\/\/marktxxl.de\/markt\/wp-json\/wp\/v2\/product_cat?post=57332"},{"taxonomy":"product_tag","embeddable":true,"href":"https:\/\/marktxxl.de\/markt\/wp-json\/wp\/v2\/product_tag?post=57332"}],"curies":[{"name":"wp","href":"https:\/\/api.w.org\/{rel}","templated":true}]}}