{"id":57312,"date":"2021-10-14T01:04:14","date_gmt":"2021-10-13T23:04:14","guid":{"rendered":"https:\/\/marktxxl.de\/markt\/produkt\/solar-lichterkette-fuer-den-aussenbereich-2-stueck-100-leds-8-modi-wasserdicht-kupferdraht-lichterkette-fuer-garten-zaun-terrasse-hof-sommer-party-hochzeit-innendekoration\/"},"modified":"2023-04-11T02:24:31","modified_gmt":"2023-04-11T00:24:31","slug":"solar-lichterkette-fuer-den-aussenbereich-2-stueck-100-leds-8-modi-wasserdicht-kupferdraht-lichterkette-fuer-garten-zaun-terrasse-hof-sommer-party-hochzeit-innendekoration","status":"publish","type":"product","link":"https:\/\/marktxxl.de\/markt\/produkt\/solar-lichterkette-fuer-den-aussenbereich-2-stueck-100-leds-8-modi-wasserdicht-kupferdraht-lichterkette-fuer-garten-zaun-terrasse-hof-sommer-party-hochzeit-innendekoration\/","title":{"rendered":"Chipark Solar-Lichterkette f\u00fcr den Au\u00dfenbereich, 2 St\u00fcck, 100 LEDs, 8 Modi, wasserdicht, Kupferdraht, Lichterkette f\u00fcr\u2026"},"content":{"rendered":"<p>\u3010Formbare PVC-Rohrabdeckung\u3011 Diese Au\u00dfenschlauchleuchte ist mit 10 m Kupferdraht ausgestattet, der vollst\u00e4ndig von transparenten PVC-Rohren bedeckt ist. Die R\u00f6hren der Gl\u00fchw\u00fcrmchen-Lichter sind langlebig und flexibel, aber d\u00fcnn genug, um jede Art zu verpacken, um einen leuchtenden Charakter als Schneemann oder Superhelden oder einzigartige Wordings zu kreieren, was zus\u00e4tzlichen Spa\u00df zu Ihren Veranstaltungen im Freien oder im Innenbereich verleiht. 100 leuchtende LEDs mit konstantem 360-Grad-Blickwinkel leuchten in jede Richtung. Lassen Sie Ihrer Fantasie freien Lauf<br \/>\n\u3010Hochwertige Solar-Lichterkette\u3011 Unsere Solar-Lichterketten mit 2 St\u00fcck 100 St\u00fcck LED-Gl\u00fchbirnen mit niedriger W\u00e4rmeabgabe, bis zu 19% hohe Energieumwandlungsrate im Vergleich zu anderen nur 13%. Sie sind umweltfreundlich und sicher mit extra Niederspannung, die den Benutzer vor Stromschl\u00e4gen und Kurzschl\u00fcssen verursachen kann. Die flexiblen Dr\u00e4hte k\u00f6nnen leicht um Pflanzen, Schilder, M\u00f6bel und so weiter gebogen werden.<br \/>\n\u30108 verschiedene Beleuchtungsmodi\u3011 Wundersch\u00f6ne Beleuchtungsmodi einschlie\u00dflich Kombination, Gl\u00fchw\u00fcrmchen blinken, Wellen, verblassen, jagen \/ blinken, langsames Verblassen, Funkeln \/ Blinken und Dauerlicht, die verschiedene Atmosph\u00e4ren f\u00fcr Ihr Leben schaffen k\u00f6nnen. Netzschalter (halten Sie den Netzschalter die ganze Zeit auf &#8220;ON&#8221;, die Lichter k\u00f6nnen es w\u00e4hrend des Tages aufladen und in der D\u00e4mmerung eingeschaltet werden), Modus-Schalter (Blinkmodus-Konvertierungsschalter)<br \/>\nHohe Akkukapazit\u00e4t und wasserdicht nach IP65: Entworfen mit verstellbarem Solarmodul und wiederaufladbarem Akku. Und die Solarpanel Speicherkapazit\u00e4t 800mAh, unsere Solarleuchten k\u00f6nnen kontinuierlich f\u00fcr mehr als 12 Stunden arbeiten, wenn sie vollst\u00e4ndig aufgeladen sind. Mit 2 Pack 100 niedlichen R\u00f6hrenlichtern ist entworfen, um leichten Regen oder Wasserflecken standzuhalten. Ideal f\u00fcr Partys, Hochzeiten, Zuhause, Fenster, Badezimmer, Shows, Restaurant, Hotel, Hof, Garten, Terrassen, Gesch\u00e4ftsgeb\u00e4ude, Einkaufszentrum usw.<br \/>\nVielseitig einsetzbar: Diese Solar-Lichterkette ist wasserdicht, aber stabil, kann leicht gebogen werden, was perfekt f\u00fcr die Dekoration von Haus f\u00fcr Festivals, Halloween, Weihnachten, Erntedankfest, Party, Hochzeit, Konzert, drinnen oder drau\u00dfen ist.<br \/>\n<div class=\"main-cross-sell\" data-asin=\"B08DK57FN1\">\n\n\t<div class=\"WooZone-cross-sell-loader\">\n\t\t<div>\n\t\t\t<div id=\"floatingBarsG\">\n\t\t\t\t<div class=\"blockG\" id=\"rotateG_01\"><\/div>\n\t\t\t\t<div class=\"blockG\" id=\"rotateG_02\"><\/div>\n\t\t\t\t<div class=\"blockG\" id=\"rotateG_03\"><\/div>\n\t\t\t\t<div class=\"blockG\" id=\"rotateG_04\"><\/div>\n\t\t\t\t<div class=\"blockG\" id=\"rotateG_05\"><\/div>\n\t\t\t\t<div class=\"blockG\" id=\"rotateG_06\"><\/div>\n\t\t\t\t<div class=\"blockG\" id=\"rotateG_07\"><\/div>\n\t\t\t\t<div class=\"blockG\" id=\"rotateG_08\"><\/div>\n\t\t\t<\/div>\n\t\t\t<div class=\"WooZone-cross-sell-loader-text\"><\/div>\n\t\t<\/div>\n\t<\/div>\n\n\t\t\n<\/div>\n<div style=\"clear:both;\"><\/div><\/p>\n","protected":false},"excerpt":{"rendered":"<p>\u3010Formbare PVC-Rohrabdeckung\u3011 Diese Au\u00dfenschlauchleuchte ist mit 10 m Kupferdraht ausgestattet, der vollst\u00e4ndig von transparenten PVC-Rohren bedeckt ist. Die R\u00f6hren der Gl\u00fchw\u00fcrmchen-Lichter sind langlebig und flexibel, aber d\u00fcnn genug, um jede Art zu verpacken, um einen leuchtenden Charakter als Schneemann oder Superhelden oder einzigartige Wordings zu kreieren, was zus\u00e4tzlichen Spa\u00df zu Ihren Veranstaltungen im Freien oder im Innenbereich verleiht. 100 leuchtende LEDs mit konstantem 360-Grad-Blickwinkel leuchten in jede Richtung. Lassen Sie Ihrer Fantasie freien Lauf<br \/>\n\u3010Hochwertige Solar-Lichterkette\u3011 Unsere Solar-Lichterketten mit 2 St\u00fcck 100 St\u00fcck LED-Gl\u00fchbirnen mit niedriger W\u00e4rmeabgabe, bis zu 19% hohe Energieumwandlungsrate im Vergleich zu anderen nur 13%. Sie sind umweltfreundlich und sicher mit extra Niederspannung, die den Benutzer vor Stromschl\u00e4gen und Kurzschl\u00fcssen verursachen kann. Die flexiblen Dr\u00e4hte k\u00f6nnen leicht um Pflanzen, Schilder, M\u00f6bel und so weiter gebogen werden.<br \/>\n\u30108 verschiedene Beleuchtungsmodi\u3011 Wundersch\u00f6ne Beleuchtungsmodi einschlie\u00dflich Kombination, Gl\u00fchw\u00fcrmchen blinken, Wellen, verblassen, jagen \/ blinken, langsames Verblassen, Funkeln \/ Blinken und Dauerlicht, die verschiedene Atmosph\u00e4ren f\u00fcr Ihr Leben schaffen k\u00f6nnen. Netzschalter (halten Sie den Netzschalter die ganze Zeit auf &#8220;ON&#8221;, die Lichter k\u00f6nnen es w\u00e4hrend des Tages aufladen und in der D\u00e4mmerung eingeschaltet werden), Modus-Schalter (Blinkmodus-Konvertierungsschalter)<\/p>\n","protected":false},"featured_media":57314,"comment_status":"open","ping_status":"closed","template":"","meta":[],"product_brand":[],"product_cat":[2108,15623],"product_tag":[],"class_list":{"0":"post-57312","1":"product","2":"type-product","3":"status-publish","4":"has-post-thumbnail","6":"product_cat-beleuchtung","7":"product_cat-lichtschlaeuche","8":"pa_brand-chipark","9":"pa_farbe-warmweiss","11":"first","12":"instock","13":"shipping-taxable","14":"purchasable","15":"product-type-variable","16":"customify-col","17":"product-has-gallery"},"yoast_head":"<!-- This site is optimized with the Yoast SEO plugin v27.4 - https:\/\/yoast.com\/product\/yoast-seo-wordpress\/ -->\n<title>Chipark Solar-Lichterkette f\u00fcr den Au\u00dfenbereich, 2 St\u00fcck, 100 LEDs, 8 Modi, wasserdicht, Kupferdraht, Lichterkette f\u00fcr\u2026 - Markt-XXL<\/title>\n<meta name=\"description\" content=\"Markt-XXL Chipark Solar-Lichterkette f\u00fcr den Au\u00dfenbereich, 2 St\u00fcck, 100 LEDs, 8 Modi, wasserdicht, Kupferdraht, Lichterkette f\u00fcr\u2026\" \/>\n<meta name=\"robots\" content=\"index, follow, max-snippet:-1, max-image-preview:large, max-video-preview:-1\" \/>\n<link rel=\"canonical\" href=\"https:\/\/marktxxl.de\/markt\/produkt\/solar-lichterkette-fuer-den-aussenbereich-2-stueck-100-leds-8-modi-wasserdicht-kupferdraht-lichterkette-fuer-garten-zaun-terrasse-hof-sommer-party-hochzeit-innendekoration\/\" \/>\n<meta property=\"og:locale\" content=\"de_DE\" \/>\n<meta property=\"og:type\" content=\"article\" \/>\n<meta property=\"og:title\" content=\"Chipark Solar-Lichterkette f\u00fcr den Au\u00dfenbereich, 2 St\u00fcck, 100 LEDs, 8 Modi, wasserdicht, Kupferdraht, Lichterkette f\u00fcr\u2026 - Markt-XXL\" \/>\n<meta property=\"og:description\" content=\"Markt-XXL Chipark Solar-Lichterkette f\u00fcr den Au\u00dfenbereich, 2 St\u00fcck, 100 LEDs, 8 Modi, wasserdicht, Kupferdraht, Lichterkette f\u00fcr\u2026\" \/>\n<meta property=\"og:url\" content=\"https:\/\/marktxxl.de\/markt\/produkt\/solar-lichterkette-fuer-den-aussenbereich-2-stueck-100-leds-8-modi-wasserdicht-kupferdraht-lichterkette-fuer-garten-zaun-terrasse-hof-sommer-party-hochzeit-innendekoration\/\" \/>\n<meta property=\"og:site_name\" content=\"Markt-XXL\" \/>\n<meta property=\"article:modified_time\" content=\"2023-04-11T00:24:31+00:00\" \/>\n<meta property=\"og:image\" content=\"https:\/\/m.media-amazon.com\/images\/I\/51LUxxawGQL._SL500_.jpg\" \/>\n\t<meta property=\"og:image:width\" content=\"500\" \/>\n\t<meta property=\"og:image:height\" content=\"500\" \/>\n\t<meta property=\"og:image:type\" content=\"image\/jpeg\" \/>\n<meta name=\"twitter:card\" content=\"summary_large_image\" \/>\n<meta name=\"twitter:label1\" content=\"Gesch\u00e4tzte Lesezeit\" \/>\n\t<meta name=\"twitter:data1\" content=\"2\u00a0Minuten\" \/>\n<script type=\"application\/ld+json\" class=\"yoast-schema-graph\">{\"@context\":\"https:\\\/\\\/schema.org\",\"@graph\":[{\"@type\":\"WebPage\",\"@id\":\"https:\\\/\\\/marktxxl.de\\\/markt\\\/produkt\\\/solar-lichterkette-fuer-den-aussenbereich-2-stueck-100-leds-8-modi-wasserdicht-kupferdraht-lichterkette-fuer-garten-zaun-terrasse-hof-sommer-party-hochzeit-innendekoration\\\/\",\"url\":\"https:\\\/\\\/marktxxl.de\\\/markt\\\/produkt\\\/solar-lichterkette-fuer-den-aussenbereich-2-stueck-100-leds-8-modi-wasserdicht-kupferdraht-lichterkette-fuer-garten-zaun-terrasse-hof-sommer-party-hochzeit-innendekoration\\\/\",\"name\":\"Chipark Solar-Lichterkette f\u00fcr den Au\u00dfenbereich, 2 St\u00fcck, 100 LEDs, 8 Modi, wasserdicht, Kupferdraht, Lichterkette f\u00fcr\u2026 - Markt-XXL\",\"isPartOf\":{\"@id\":\"https:\\\/\\\/marktxxl.de\\\/markt\\\/#website\"},\"primaryImageOfPage\":{\"@id\":\"https:\\\/\\\/marktxxl.de\\\/markt\\\/produkt\\\/solar-lichterkette-fuer-den-aussenbereich-2-stueck-100-leds-8-modi-wasserdicht-kupferdraht-lichterkette-fuer-garten-zaun-terrasse-hof-sommer-party-hochzeit-innendekoration\\\/#primaryimage\"},\"image\":{\"@id\":\"https:\\\/\\\/marktxxl.de\\\/markt\\\/produkt\\\/solar-lichterkette-fuer-den-aussenbereich-2-stueck-100-leds-8-modi-wasserdicht-kupferdraht-lichterkette-fuer-garten-zaun-terrasse-hof-sommer-party-hochzeit-innendekoration\\\/#primaryimage\"},\"thumbnailUrl\":\"https:\\\/\\\/m.media-amazon.com\\\/images\\\/I\\\/51LUxxawGQL._SL500_.jpg\",\"datePublished\":\"2021-10-13T23:04:14+00:00\",\"dateModified\":\"2023-04-11T00:24:31+00:00\",\"description\":\"Markt-XXL Chipark Solar-Lichterkette f\u00fcr den Au\u00dfenbereich, 2 St\u00fcck, 100 LEDs, 8 Modi, wasserdicht, Kupferdraht, Lichterkette f\u00fcr\u2026\",\"breadcrumb\":{\"@id\":\"https:\\\/\\\/marktxxl.de\\\/markt\\\/produkt\\\/solar-lichterkette-fuer-den-aussenbereich-2-stueck-100-leds-8-modi-wasserdicht-kupferdraht-lichterkette-fuer-garten-zaun-terrasse-hof-sommer-party-hochzeit-innendekoration\\\/#breadcrumb\"},\"inLanguage\":\"de\",\"potentialAction\":[{\"@type\":\"ReadAction\",\"target\":[\"https:\\\/\\\/marktxxl.de\\\/markt\\\/produkt\\\/solar-lichterkette-fuer-den-aussenbereich-2-stueck-100-leds-8-modi-wasserdicht-kupferdraht-lichterkette-fuer-garten-zaun-terrasse-hof-sommer-party-hochzeit-innendekoration\\\/\"]}]},{\"@type\":\"ImageObject\",\"inLanguage\":\"de\",\"@id\":\"https:\\\/\\\/marktxxl.de\\\/markt\\\/produkt\\\/solar-lichterkette-fuer-den-aussenbereich-2-stueck-100-leds-8-modi-wasserdicht-kupferdraht-lichterkette-fuer-garten-zaun-terrasse-hof-sommer-party-hochzeit-innendekoration\\\/#primaryimage\",\"url\":\"https:\\\/\\\/m.media-amazon.com\\\/images\\\/I\\\/51LUxxawGQL._SL500_.jpg\",\"contentUrl\":\"https:\\\/\\\/m.media-amazon.com\\\/images\\\/I\\\/51LUxxawGQL._SL500_.jpg\",\"width\":500,\"height\":500},{\"@type\":\"BreadcrumbList\",\"@id\":\"https:\\\/\\\/marktxxl.de\\\/markt\\\/produkt\\\/solar-lichterkette-fuer-den-aussenbereich-2-stueck-100-leds-8-modi-wasserdicht-kupferdraht-lichterkette-fuer-garten-zaun-terrasse-hof-sommer-party-hochzeit-innendekoration\\\/#breadcrumb\",\"itemListElement\":[{\"@type\":\"ListItem\",\"position\":1,\"name\":\"Startseite\",\"item\":\"https:\\\/\\\/marktxxl.de\\\/markt\\\/\"},{\"@type\":\"ListItem\",\"position\":2,\"name\":\"Markt\",\"item\":\"https:\\\/\\\/marktxxl.de\\\/markt\\\/\"},{\"@type\":\"ListItem\",\"position\":3,\"name\":\"Chipark Solar-Lichterkette f\u00fcr den Au\u00dfenbereich, 2 St\u00fcck, 100 LEDs, 8 Modi, wasserdicht, Kupferdraht, Lichterkette f\u00fcr\u2026\"}]},{\"@type\":\"WebSite\",\"@id\":\"https:\\\/\\\/marktxxl.de\\\/markt\\\/#website\",\"url\":\"https:\\\/\\\/marktxxl.de\\\/markt\\\/\",\"name\":\"Markt-XXL\",\"description\":\"Ihr Markt Online\",\"publisher\":{\"@id\":\"https:\\\/\\\/marktxxl.de\\\/markt\\\/#organization\"},\"potentialAction\":[{\"@type\":\"SearchAction\",\"target\":{\"@type\":\"EntryPoint\",\"urlTemplate\":\"https:\\\/\\\/marktxxl.de\\\/markt\\\/?s={search_term_string}\"},\"query-input\":{\"@type\":\"PropertyValueSpecification\",\"valueRequired\":true,\"valueName\":\"search_term_string\"}}],\"inLanguage\":\"de\"},{\"@type\":\"Organization\",\"@id\":\"https:\\\/\\\/marktxxl.de\\\/markt\\\/#organization\",\"name\":\"Markt-XXL\",\"url\":\"https:\\\/\\\/marktxxl.de\\\/markt\\\/\",\"logo\":{\"@type\":\"ImageObject\",\"inLanguage\":\"de\",\"@id\":\"https:\\\/\\\/marktxxl.de\\\/markt\\\/#\\\/schema\\\/logo\\\/image\\\/\",\"url\":\"https:\\\/\\\/marktxxl.de\\\/markt\\\/wp-content\\\/uploads\\\/sites\\\/3\\\/2020\\\/12\\\/logo.png\",\"contentUrl\":\"https:\\\/\\\/marktxxl.de\\\/markt\\\/wp-content\\\/uploads\\\/sites\\\/3\\\/2020\\\/12\\\/logo.png\",\"width\":200,\"height\":70,\"caption\":\"Markt-XXL\"},\"image\":{\"@id\":\"https:\\\/\\\/marktxxl.de\\\/markt\\\/#\\\/schema\\\/logo\\\/image\\\/\"}}]}<\/script>\n<!-- \/ Yoast SEO plugin. -->","yoast_head_json":{"title":"Chipark Solar-Lichterkette f\u00fcr den Au\u00dfenbereich, 2 St\u00fcck, 100 LEDs, 8 Modi, wasserdicht, Kupferdraht, Lichterkette f\u00fcr\u2026 - Markt-XXL","description":"Markt-XXL Chipark Solar-Lichterkette f\u00fcr den Au\u00dfenbereich, 2 St\u00fcck, 100 LEDs, 8 Modi, wasserdicht, Kupferdraht, Lichterkette f\u00fcr\u2026","robots":{"index":"index","follow":"follow","max-snippet":"max-snippet:-1","max-image-preview":"max-image-preview:large","max-video-preview":"max-video-preview:-1"},"canonical":"https:\/\/marktxxl.de\/markt\/produkt\/solar-lichterkette-fuer-den-aussenbereich-2-stueck-100-leds-8-modi-wasserdicht-kupferdraht-lichterkette-fuer-garten-zaun-terrasse-hof-sommer-party-hochzeit-innendekoration\/","og_locale":"de_DE","og_type":"article","og_title":"Chipark Solar-Lichterkette f\u00fcr den Au\u00dfenbereich, 2 St\u00fcck, 100 LEDs, 8 Modi, wasserdicht, Kupferdraht, Lichterkette f\u00fcr\u2026 - Markt-XXL","og_description":"Markt-XXL Chipark Solar-Lichterkette f\u00fcr den Au\u00dfenbereich, 2 St\u00fcck, 100 LEDs, 8 Modi, wasserdicht, Kupferdraht, Lichterkette f\u00fcr\u2026","og_url":"https:\/\/marktxxl.de\/markt\/produkt\/solar-lichterkette-fuer-den-aussenbereich-2-stueck-100-leds-8-modi-wasserdicht-kupferdraht-lichterkette-fuer-garten-zaun-terrasse-hof-sommer-party-hochzeit-innendekoration\/","og_site_name":"Markt-XXL","article_modified_time":"2023-04-11T00:24:31+00:00","og_image":[{"width":500,"height":500,"url":"https:\/\/m.media-amazon.com\/images\/I\/51LUxxawGQL._SL500_.jpg","type":"image\/jpeg"}],"twitter_card":"summary_large_image","twitter_misc":{"Gesch\u00e4tzte Lesezeit":"2\u00a0Minuten"},"schema":{"@context":"https:\/\/schema.org","@graph":[{"@type":"WebPage","@id":"https:\/\/marktxxl.de\/markt\/produkt\/solar-lichterkette-fuer-den-aussenbereich-2-stueck-100-leds-8-modi-wasserdicht-kupferdraht-lichterkette-fuer-garten-zaun-terrasse-hof-sommer-party-hochzeit-innendekoration\/","url":"https:\/\/marktxxl.de\/markt\/produkt\/solar-lichterkette-fuer-den-aussenbereich-2-stueck-100-leds-8-modi-wasserdicht-kupferdraht-lichterkette-fuer-garten-zaun-terrasse-hof-sommer-party-hochzeit-innendekoration\/","name":"Chipark Solar-Lichterkette f\u00fcr den Au\u00dfenbereich, 2 St\u00fcck, 100 LEDs, 8 Modi, wasserdicht, Kupferdraht, Lichterkette f\u00fcr\u2026 - Markt-XXL","isPartOf":{"@id":"https:\/\/marktxxl.de\/markt\/#website"},"primaryImageOfPage":{"@id":"https:\/\/marktxxl.de\/markt\/produkt\/solar-lichterkette-fuer-den-aussenbereich-2-stueck-100-leds-8-modi-wasserdicht-kupferdraht-lichterkette-fuer-garten-zaun-terrasse-hof-sommer-party-hochzeit-innendekoration\/#primaryimage"},"image":{"@id":"https:\/\/marktxxl.de\/markt\/produkt\/solar-lichterkette-fuer-den-aussenbereich-2-stueck-100-leds-8-modi-wasserdicht-kupferdraht-lichterkette-fuer-garten-zaun-terrasse-hof-sommer-party-hochzeit-innendekoration\/#primaryimage"},"thumbnailUrl":"https:\/\/m.media-amazon.com\/images\/I\/51LUxxawGQL._SL500_.jpg","datePublished":"2021-10-13T23:04:14+00:00","dateModified":"2023-04-11T00:24:31+00:00","description":"Markt-XXL Chipark Solar-Lichterkette f\u00fcr den Au\u00dfenbereich, 2 St\u00fcck, 100 LEDs, 8 Modi, wasserdicht, Kupferdraht, Lichterkette f\u00fcr\u2026","breadcrumb":{"@id":"https:\/\/marktxxl.de\/markt\/produkt\/solar-lichterkette-fuer-den-aussenbereich-2-stueck-100-leds-8-modi-wasserdicht-kupferdraht-lichterkette-fuer-garten-zaun-terrasse-hof-sommer-party-hochzeit-innendekoration\/#breadcrumb"},"inLanguage":"de","potentialAction":[{"@type":"ReadAction","target":["https:\/\/marktxxl.de\/markt\/produkt\/solar-lichterkette-fuer-den-aussenbereich-2-stueck-100-leds-8-modi-wasserdicht-kupferdraht-lichterkette-fuer-garten-zaun-terrasse-hof-sommer-party-hochzeit-innendekoration\/"]}]},{"@type":"ImageObject","inLanguage":"de","@id":"https:\/\/marktxxl.de\/markt\/produkt\/solar-lichterkette-fuer-den-aussenbereich-2-stueck-100-leds-8-modi-wasserdicht-kupferdraht-lichterkette-fuer-garten-zaun-terrasse-hof-sommer-party-hochzeit-innendekoration\/#primaryimage","url":"https:\/\/m.media-amazon.com\/images\/I\/51LUxxawGQL._SL500_.jpg","contentUrl":"https:\/\/m.media-amazon.com\/images\/I\/51LUxxawGQL._SL500_.jpg","width":500,"height":500},{"@type":"BreadcrumbList","@id":"https:\/\/marktxxl.de\/markt\/produkt\/solar-lichterkette-fuer-den-aussenbereich-2-stueck-100-leds-8-modi-wasserdicht-kupferdraht-lichterkette-fuer-garten-zaun-terrasse-hof-sommer-party-hochzeit-innendekoration\/#breadcrumb","itemListElement":[{"@type":"ListItem","position":1,"name":"Startseite","item":"https:\/\/marktxxl.de\/markt\/"},{"@type":"ListItem","position":2,"name":"Markt","item":"https:\/\/marktxxl.de\/markt\/"},{"@type":"ListItem","position":3,"name":"Chipark Solar-Lichterkette f\u00fcr den Au\u00dfenbereich, 2 St\u00fcck, 100 LEDs, 8 Modi, wasserdicht, Kupferdraht, Lichterkette f\u00fcr\u2026"}]},{"@type":"WebSite","@id":"https:\/\/marktxxl.de\/markt\/#website","url":"https:\/\/marktxxl.de\/markt\/","name":"Markt-XXL","description":"Ihr Markt Online","publisher":{"@id":"https:\/\/marktxxl.de\/markt\/#organization"},"potentialAction":[{"@type":"SearchAction","target":{"@type":"EntryPoint","urlTemplate":"https:\/\/marktxxl.de\/markt\/?s={search_term_string}"},"query-input":{"@type":"PropertyValueSpecification","valueRequired":true,"valueName":"search_term_string"}}],"inLanguage":"de"},{"@type":"Organization","@id":"https:\/\/marktxxl.de\/markt\/#organization","name":"Markt-XXL","url":"https:\/\/marktxxl.de\/markt\/","logo":{"@type":"ImageObject","inLanguage":"de","@id":"https:\/\/marktxxl.de\/markt\/#\/schema\/logo\/image\/","url":"https:\/\/marktxxl.de\/markt\/wp-content\/uploads\/sites\/3\/2020\/12\/logo.png","contentUrl":"https:\/\/marktxxl.de\/markt\/wp-content\/uploads\/sites\/3\/2020\/12\/logo.png","width":200,"height":70,"caption":"Markt-XXL"},"image":{"@id":"https:\/\/marktxxl.de\/markt\/#\/schema\/logo\/image\/"}}]}},"_links":{"self":[{"href":"https:\/\/marktxxl.de\/markt\/wp-json\/wp\/v2\/product\/57312","targetHints":{"allow":["GET"]}}],"collection":[{"href":"https:\/\/marktxxl.de\/markt\/wp-json\/wp\/v2\/product"}],"about":[{"href":"https:\/\/marktxxl.de\/markt\/wp-json\/wp\/v2\/types\/product"}],"replies":[{"embeddable":true,"href":"https:\/\/marktxxl.de\/markt\/wp-json\/wp\/v2\/comments?post=57312"}],"wp:featuredmedia":[{"embeddable":true,"href":"https:\/\/marktxxl.de\/markt\/wp-json\/wp\/v2\/media\/57314"}],"wp:attachment":[{"href":"https:\/\/marktxxl.de\/markt\/wp-json\/wp\/v2\/media?parent=57312"}],"wp:term":[{"taxonomy":"product_brand","embeddable":true,"href":"https:\/\/marktxxl.de\/markt\/wp-json\/wp\/v2\/product_brand?post=57312"},{"taxonomy":"product_cat","embeddable":true,"href":"https:\/\/marktxxl.de\/markt\/wp-json\/wp\/v2\/product_cat?post=57312"},{"taxonomy":"product_tag","embeddable":true,"href":"https:\/\/marktxxl.de\/markt\/wp-json\/wp\/v2\/product_tag?post=57312"}],"curies":[{"name":"wp","href":"https:\/\/api.w.org\/{rel}","templated":true}]}}