{"id":57208,"date":"2021-10-14T01:01:10","date_gmt":"2021-10-13T23:01:10","guid":{"rendered":"https:\/\/marktxxl.de\/markt\/produkt\/e14-led-lampe-5w-ersetzt-40w-rgbw-mit-fernbedienung-warmweiss-2700k-ambiente-rgb-farbwechsel-farbige-birne-leuchtmittel-dimmbare-4er-pack\/"},"modified":"2023-04-10T02:11:17","modified_gmt":"2023-04-10T00:11:17","slug":"e14-led-lampe-5w-ersetzt-40w-rgbw-mit-fernbedienung-warmweiss-2700k-ambiente-rgb-farbwechsel-farbige-birne-leuchtmittel-dimmbare-4er-pack","status":"publish","type":"product","link":"https:\/\/marktxxl.de\/markt\/produkt\/e14-led-lampe-5w-ersetzt-40w-rgbw-mit-fernbedienung-warmweiss-2700k-ambiente-rgb-farbwechsel-farbige-birne-leuchtmittel-dimmbare-4er-pack\/","title":{"rendered":"E14 Led Lampe 5W (ersetzt 40W ) RGBW mit Fernbedienung Warmwei\u00df 2700K Ambiente RGB Farbwechsel Farbige Birne\u2026"},"content":{"rendered":"<p>Die iLC 5W LED RGBW Lampe ist eine Fernbedienungslampe, die t\u00e4gliches Licht und Farbwechsel kombiniert. Es verf\u00fcgt \u00fcber eine helle, warmwei\u00dfe (2700K) Tagesbeleuchtung mit einem CRI von&gt; 85, 450 Lumen, was einer 40-Watt-Gl\u00fchlampe entspricht. Es gibt auch 12 Farb- und Helligkeitsanpassungen. Dar\u00fcber hinaus bietet es eine Garantie von 2 Jahren sowie eine 90-Tage-R\u00fcckerstattungsgarantie, die einen hohen Qualit\u00e4tsstandard gew\u00e4hrleistet und einen freundlichen Kundenservice gew\u00e4hrleistet.<br \/>\nDie Lampen sind in 12 Farben erh\u00e4ltlich und bieten eine Vielzahl von Lichteffekten, um unterschiedliche Emotionen widerzuspiegeln. 3 Arten Helligkeit k\u00f6nnen justiert werden, Helligkeit 100%&gt; 30% Helligkeit&gt; 1% Helligkeit, um verschiedenen Klimaanforderungen zu gen\u00fcgen. Es gibt auch eine Ein-Knopf-Nachtlichtfunktion, die direkt das dunkelste Licht liefern kann, um die Schlafbed\u00fcrfnisse zu befriedigen.<br \/>\nBlitzmodus und Smooth-Modus: Mit zwei Beleuchtungsmodi k\u00f6nnen Sie jederzeit die richtige Atmosph\u00e4re einstellen. Im Flash-Modus erhalten Sie einen B\u00fchneneffekt, wenn Sie Konzert- oder B\u00fchnenauftritte genie\u00dfen. Der Smooth-Modus erm\u00f6glicht das automatische Einschalten der Lichtfarbe in verschiedenen Umgebungen. Es passt auch den Rhythmus an und sorgt f\u00fcr mehr \u00dcberraschungen und Romantik.<br \/>\nSpeicher &amp; Synchronisation: Diese Gl\u00fchbirne kann die zuletzt verwendete Farbe oder den zuletzt verwendeten Modus speichern. Die Synchronisierung ist f\u00fcr Umgebungen vorgesehen, in denen mehrere Gl\u00fchbirnen zusammen verwendet werden, z. B. F\u00e4cherleuchten, Kronleuchter und mehr. Wenn wir den Blitz- und den Gl\u00e4ttungsmodus verwenden, kann der Rhythmus des Farbwechsels der Gl\u00fchbirne immer gleichbleibend sein. Hinweis: Eine Fernbedienung kann alle Lampen steuern.<br \/>\nZeitfunktion: Die Gl\u00fchbirne kann so eingestellt werden, dass sie das Licht nach einigen Stunden automatisch ausschaltet. Eine weitere \u00fcberraschende Timing-Option ist das 24-Stunden-Timing. Wir k\u00f6nnen das Licht im Hof, im Hof \u200b\u200bund im Korridor installieren und die Zykluszeit (24 Stunden) einstellen. Dann schaltete sich das Licht jeden Tag automatisch ein und aus.<br \/>\n<div class=\"main-cross-sell\" data-asin=\"B07SJFDDGD\">\n\n\t<div class=\"WooZone-cross-sell-loader\">\n\t\t<div>\n\t\t\t<div id=\"floatingBarsG\">\n\t\t\t\t<div class=\"blockG\" id=\"rotateG_01\"><\/div>\n\t\t\t\t<div class=\"blockG\" id=\"rotateG_02\"><\/div>\n\t\t\t\t<div class=\"blockG\" id=\"rotateG_03\"><\/div>\n\t\t\t\t<div class=\"blockG\" id=\"rotateG_04\"><\/div>\n\t\t\t\t<div class=\"blockG\" id=\"rotateG_05\"><\/div>\n\t\t\t\t<div class=\"blockG\" id=\"rotateG_06\"><\/div>\n\t\t\t\t<div class=\"blockG\" id=\"rotateG_07\"><\/div>\n\t\t\t\t<div class=\"blockG\" id=\"rotateG_08\"><\/div>\n\t\t\t<\/div>\n\t\t\t<div class=\"WooZone-cross-sell-loader-text\"><\/div>\n\t\t<\/div>\n\t<\/div>\n\n\t\t\n<\/div>\n<div style=\"clear:both;\"><\/div><\/p>\n","protected":false},"excerpt":{"rendered":"<p>Die iLC 5W LED RGBW Lampe ist eine Fernbedienungslampe, die t\u00e4gliches Licht und Farbwechsel kombiniert. Es verf\u00fcgt \u00fcber eine helle, warmwei\u00dfe (2700K) Tagesbeleuchtung mit einem CRI von&gt; 85, 450 Lumen, was einer 40-Watt-Gl\u00fchlampe entspricht. Es gibt auch 12 Farb- und Helligkeitsanpassungen. Dar\u00fcber hinaus bietet es eine Garantie von 2 Jahren sowie eine 90-Tage-R\u00fcckerstattungsgarantie, die einen hohen Qualit\u00e4tsstandard gew\u00e4hrleistet und einen freundlichen Kundenservice gew\u00e4hrleistet.<br \/>\nDie Lampen sind in 12 Farben erh\u00e4ltlich und bieten eine Vielzahl von Lichteffekten, um unterschiedliche Emotionen widerzuspiegeln. 3 Arten Helligkeit k\u00f6nnen justiert werden, Helligkeit 100%&gt; 30% Helligkeit&gt; 1% Helligkeit, um verschiedenen Klimaanforderungen zu gen\u00fcgen. Es gibt auch eine Ein-Knopf-Nachtlichtfunktion, die direkt das dunkelste Licht liefern kann, um die Schlafbed\u00fcrfnisse zu befriedigen.<br \/>\nBlitzmodus und Smooth-Modus: Mit zwei Beleuchtungsmodi k\u00f6nnen Sie jederzeit die richtige Atmosph\u00e4re einstellen. Im Flash-Modus erhalten Sie einen B\u00fchneneffekt, wenn Sie Konzert- oder B\u00fchnenauftritte genie\u00dfen. Der Smooth-Modus erm\u00f6glicht das automatische Einschalten der Lichtfarbe in verschiedenen Umgebungen. Es passt auch den Rhythmus an und sorgt f\u00fcr mehr \u00dcberraschungen und Romantik.<\/p>\n","protected":false},"featured_media":57209,"comment_status":"open","ping_status":"closed","template":"","meta":[],"product_brand":[],"product_cat":[2108,11521],"product_tag":[],"class_list":{"0":"post-57208","1":"product","2":"type-product","3":"status-publish","4":"has-post-thumbnail","6":"product_cat-beleuchtung","7":"product_cat-leuchtmittel","8":"pa_brand-ilc","9":"pa_manufacturer-ilc","10":"pa_model-yu17","11":"pa_size-4-stueck-1er-pack","13":"first","14":"instock","15":"shipping-taxable","16":"purchasable","17":"product-type-simple","18":"customify-col","19":"product-has-gallery"},"yoast_head":"<!-- This site is optimized with the Yoast SEO plugin v27.4 - https:\/\/yoast.com\/product\/yoast-seo-wordpress\/ -->\n<title>E14 Led Lampe 5W (ersetzt 40W ) RGBW mit Fernbedienung Warmwei\u00df 2700K Ambiente RGB Farbwechsel Farbige Birne\u2026 - Markt-XXL<\/title>\n<meta name=\"description\" content=\"Markt-XXL E14 Led Lampe 5W (ersetzt 40W ) RGBW mit Fernbedienung Warmwei\u00df 2700K Ambiente RGB Farbwechsel Farbige Birne\u2026\" \/>\n<meta name=\"robots\" content=\"index, follow, max-snippet:-1, max-image-preview:large, max-video-preview:-1\" \/>\n<link rel=\"canonical\" href=\"https:\/\/marktxxl.de\/markt\/produkt\/e14-led-lampe-5w-ersetzt-40w-rgbw-mit-fernbedienung-warmweiss-2700k-ambiente-rgb-farbwechsel-farbige-birne-leuchtmittel-dimmbare-4er-pack\/\" \/>\n<meta property=\"og:locale\" content=\"de_DE\" \/>\n<meta property=\"og:type\" content=\"article\" \/>\n<meta property=\"og:title\" content=\"E14 Led Lampe 5W (ersetzt 40W ) RGBW mit Fernbedienung Warmwei\u00df 2700K Ambiente RGB Farbwechsel Farbige Birne\u2026 - Markt-XXL\" \/>\n<meta property=\"og:description\" content=\"Markt-XXL E14 Led Lampe 5W (ersetzt 40W ) RGBW mit Fernbedienung Warmwei\u00df 2700K Ambiente RGB Farbwechsel Farbige Birne\u2026\" \/>\n<meta property=\"og:url\" content=\"https:\/\/marktxxl.de\/markt\/produkt\/e14-led-lampe-5w-ersetzt-40w-rgbw-mit-fernbedienung-warmweiss-2700k-ambiente-rgb-farbwechsel-farbige-birne-leuchtmittel-dimmbare-4er-pack\/\" \/>\n<meta property=\"og:site_name\" content=\"Markt-XXL\" \/>\n<meta property=\"article:modified_time\" content=\"2023-04-10T00:11:17+00:00\" \/>\n<meta property=\"og:image\" content=\"https:\/\/m.media-amazon.com\/images\/I\/412388lLy2L._SL500_.jpg\" \/>\n\t<meta property=\"og:image:width\" content=\"500\" \/>\n\t<meta property=\"og:image:height\" content=\"500\" \/>\n\t<meta property=\"og:image:type\" content=\"image\/jpeg\" \/>\n<meta name=\"twitter:card\" content=\"summary_large_image\" \/>\n<meta name=\"twitter:label1\" content=\"Gesch\u00e4tzte Lesezeit\" \/>\n\t<meta name=\"twitter:data1\" content=\"2\u00a0Minuten\" \/>\n<script type=\"application\/ld+json\" class=\"yoast-schema-graph\">{\"@context\":\"https:\\\/\\\/schema.org\",\"@graph\":[{\"@type\":\"WebPage\",\"@id\":\"https:\\\/\\\/marktxxl.de\\\/markt\\\/produkt\\\/e14-led-lampe-5w-ersetzt-40w-rgbw-mit-fernbedienung-warmweiss-2700k-ambiente-rgb-farbwechsel-farbige-birne-leuchtmittel-dimmbare-4er-pack\\\/\",\"url\":\"https:\\\/\\\/marktxxl.de\\\/markt\\\/produkt\\\/e14-led-lampe-5w-ersetzt-40w-rgbw-mit-fernbedienung-warmweiss-2700k-ambiente-rgb-farbwechsel-farbige-birne-leuchtmittel-dimmbare-4er-pack\\\/\",\"name\":\"E14 Led Lampe 5W (ersetzt 40W ) RGBW mit Fernbedienung Warmwei\u00df 2700K Ambiente RGB Farbwechsel Farbige Birne\u2026 - Markt-XXL\",\"isPartOf\":{\"@id\":\"https:\\\/\\\/marktxxl.de\\\/markt\\\/#website\"},\"primaryImageOfPage\":{\"@id\":\"https:\\\/\\\/marktxxl.de\\\/markt\\\/produkt\\\/e14-led-lampe-5w-ersetzt-40w-rgbw-mit-fernbedienung-warmweiss-2700k-ambiente-rgb-farbwechsel-farbige-birne-leuchtmittel-dimmbare-4er-pack\\\/#primaryimage\"},\"image\":{\"@id\":\"https:\\\/\\\/marktxxl.de\\\/markt\\\/produkt\\\/e14-led-lampe-5w-ersetzt-40w-rgbw-mit-fernbedienung-warmweiss-2700k-ambiente-rgb-farbwechsel-farbige-birne-leuchtmittel-dimmbare-4er-pack\\\/#primaryimage\"},\"thumbnailUrl\":\"https:\\\/\\\/m.media-amazon.com\\\/images\\\/I\\\/412388lLy2L._SL500_.jpg\",\"datePublished\":\"2021-10-13T23:01:10+00:00\",\"dateModified\":\"2023-04-10T00:11:17+00:00\",\"description\":\"Markt-XXL E14 Led Lampe 5W (ersetzt 40W ) RGBW mit Fernbedienung Warmwei\u00df 2700K Ambiente RGB Farbwechsel Farbige Birne\u2026\",\"breadcrumb\":{\"@id\":\"https:\\\/\\\/marktxxl.de\\\/markt\\\/produkt\\\/e14-led-lampe-5w-ersetzt-40w-rgbw-mit-fernbedienung-warmweiss-2700k-ambiente-rgb-farbwechsel-farbige-birne-leuchtmittel-dimmbare-4er-pack\\\/#breadcrumb\"},\"inLanguage\":\"de\",\"potentialAction\":[{\"@type\":\"ReadAction\",\"target\":[\"https:\\\/\\\/marktxxl.de\\\/markt\\\/produkt\\\/e14-led-lampe-5w-ersetzt-40w-rgbw-mit-fernbedienung-warmweiss-2700k-ambiente-rgb-farbwechsel-farbige-birne-leuchtmittel-dimmbare-4er-pack\\\/\"]}]},{\"@type\":\"ImageObject\",\"inLanguage\":\"de\",\"@id\":\"https:\\\/\\\/marktxxl.de\\\/markt\\\/produkt\\\/e14-led-lampe-5w-ersetzt-40w-rgbw-mit-fernbedienung-warmweiss-2700k-ambiente-rgb-farbwechsel-farbige-birne-leuchtmittel-dimmbare-4er-pack\\\/#primaryimage\",\"url\":\"https:\\\/\\\/m.media-amazon.com\\\/images\\\/I\\\/412388lLy2L._SL500_.jpg\",\"contentUrl\":\"https:\\\/\\\/m.media-amazon.com\\\/images\\\/I\\\/412388lLy2L._SL500_.jpg\",\"width\":500,\"height\":500},{\"@type\":\"BreadcrumbList\",\"@id\":\"https:\\\/\\\/marktxxl.de\\\/markt\\\/produkt\\\/e14-led-lampe-5w-ersetzt-40w-rgbw-mit-fernbedienung-warmweiss-2700k-ambiente-rgb-farbwechsel-farbige-birne-leuchtmittel-dimmbare-4er-pack\\\/#breadcrumb\",\"itemListElement\":[{\"@type\":\"ListItem\",\"position\":1,\"name\":\"Startseite\",\"item\":\"https:\\\/\\\/marktxxl.de\\\/markt\\\/\"},{\"@type\":\"ListItem\",\"position\":2,\"name\":\"Markt\",\"item\":\"https:\\\/\\\/marktxxl.de\\\/markt\\\/\"},{\"@type\":\"ListItem\",\"position\":3,\"name\":\"E14 Led Lampe 5W (ersetzt 40W ) RGBW mit Fernbedienung Warmwei\u00df 2700K Ambiente RGB Farbwechsel Farbige Birne\u2026\"}]},{\"@type\":\"WebSite\",\"@id\":\"https:\\\/\\\/marktxxl.de\\\/markt\\\/#website\",\"url\":\"https:\\\/\\\/marktxxl.de\\\/markt\\\/\",\"name\":\"Markt-XXL\",\"description\":\"Ihr Markt Online\",\"publisher\":{\"@id\":\"https:\\\/\\\/marktxxl.de\\\/markt\\\/#organization\"},\"potentialAction\":[{\"@type\":\"SearchAction\",\"target\":{\"@type\":\"EntryPoint\",\"urlTemplate\":\"https:\\\/\\\/marktxxl.de\\\/markt\\\/?s={search_term_string}\"},\"query-input\":{\"@type\":\"PropertyValueSpecification\",\"valueRequired\":true,\"valueName\":\"search_term_string\"}}],\"inLanguage\":\"de\"},{\"@type\":\"Organization\",\"@id\":\"https:\\\/\\\/marktxxl.de\\\/markt\\\/#organization\",\"name\":\"Markt-XXL\",\"url\":\"https:\\\/\\\/marktxxl.de\\\/markt\\\/\",\"logo\":{\"@type\":\"ImageObject\",\"inLanguage\":\"de\",\"@id\":\"https:\\\/\\\/marktxxl.de\\\/markt\\\/#\\\/schema\\\/logo\\\/image\\\/\",\"url\":\"https:\\\/\\\/marktxxl.de\\\/markt\\\/wp-content\\\/uploads\\\/sites\\\/3\\\/2020\\\/12\\\/logo.png\",\"contentUrl\":\"https:\\\/\\\/marktxxl.de\\\/markt\\\/wp-content\\\/uploads\\\/sites\\\/3\\\/2020\\\/12\\\/logo.png\",\"width\":200,\"height\":70,\"caption\":\"Markt-XXL\"},\"image\":{\"@id\":\"https:\\\/\\\/marktxxl.de\\\/markt\\\/#\\\/schema\\\/logo\\\/image\\\/\"}}]}<\/script>\n<!-- \/ Yoast SEO plugin. -->","yoast_head_json":{"title":"E14 Led Lampe 5W (ersetzt 40W ) RGBW mit Fernbedienung Warmwei\u00df 2700K Ambiente RGB Farbwechsel Farbige Birne\u2026 - Markt-XXL","description":"Markt-XXL E14 Led Lampe 5W (ersetzt 40W ) RGBW mit Fernbedienung Warmwei\u00df 2700K Ambiente RGB Farbwechsel Farbige Birne\u2026","robots":{"index":"index","follow":"follow","max-snippet":"max-snippet:-1","max-image-preview":"max-image-preview:large","max-video-preview":"max-video-preview:-1"},"canonical":"https:\/\/marktxxl.de\/markt\/produkt\/e14-led-lampe-5w-ersetzt-40w-rgbw-mit-fernbedienung-warmweiss-2700k-ambiente-rgb-farbwechsel-farbige-birne-leuchtmittel-dimmbare-4er-pack\/","og_locale":"de_DE","og_type":"article","og_title":"E14 Led Lampe 5W (ersetzt 40W ) RGBW mit Fernbedienung Warmwei\u00df 2700K Ambiente RGB Farbwechsel Farbige Birne\u2026 - Markt-XXL","og_description":"Markt-XXL E14 Led Lampe 5W (ersetzt 40W ) RGBW mit Fernbedienung Warmwei\u00df 2700K Ambiente RGB Farbwechsel Farbige Birne\u2026","og_url":"https:\/\/marktxxl.de\/markt\/produkt\/e14-led-lampe-5w-ersetzt-40w-rgbw-mit-fernbedienung-warmweiss-2700k-ambiente-rgb-farbwechsel-farbige-birne-leuchtmittel-dimmbare-4er-pack\/","og_site_name":"Markt-XXL","article_modified_time":"2023-04-10T00:11:17+00:00","og_image":[{"width":500,"height":500,"url":"https:\/\/m.media-amazon.com\/images\/I\/412388lLy2L._SL500_.jpg","type":"image\/jpeg"}],"twitter_card":"summary_large_image","twitter_misc":{"Gesch\u00e4tzte Lesezeit":"2\u00a0Minuten"},"schema":{"@context":"https:\/\/schema.org","@graph":[{"@type":"WebPage","@id":"https:\/\/marktxxl.de\/markt\/produkt\/e14-led-lampe-5w-ersetzt-40w-rgbw-mit-fernbedienung-warmweiss-2700k-ambiente-rgb-farbwechsel-farbige-birne-leuchtmittel-dimmbare-4er-pack\/","url":"https:\/\/marktxxl.de\/markt\/produkt\/e14-led-lampe-5w-ersetzt-40w-rgbw-mit-fernbedienung-warmweiss-2700k-ambiente-rgb-farbwechsel-farbige-birne-leuchtmittel-dimmbare-4er-pack\/","name":"E14 Led Lampe 5W (ersetzt 40W ) RGBW mit Fernbedienung Warmwei\u00df 2700K Ambiente RGB Farbwechsel Farbige Birne\u2026 - Markt-XXL","isPartOf":{"@id":"https:\/\/marktxxl.de\/markt\/#website"},"primaryImageOfPage":{"@id":"https:\/\/marktxxl.de\/markt\/produkt\/e14-led-lampe-5w-ersetzt-40w-rgbw-mit-fernbedienung-warmweiss-2700k-ambiente-rgb-farbwechsel-farbige-birne-leuchtmittel-dimmbare-4er-pack\/#primaryimage"},"image":{"@id":"https:\/\/marktxxl.de\/markt\/produkt\/e14-led-lampe-5w-ersetzt-40w-rgbw-mit-fernbedienung-warmweiss-2700k-ambiente-rgb-farbwechsel-farbige-birne-leuchtmittel-dimmbare-4er-pack\/#primaryimage"},"thumbnailUrl":"https:\/\/m.media-amazon.com\/images\/I\/412388lLy2L._SL500_.jpg","datePublished":"2021-10-13T23:01:10+00:00","dateModified":"2023-04-10T00:11:17+00:00","description":"Markt-XXL E14 Led Lampe 5W (ersetzt 40W ) RGBW mit Fernbedienung Warmwei\u00df 2700K Ambiente RGB Farbwechsel Farbige Birne\u2026","breadcrumb":{"@id":"https:\/\/marktxxl.de\/markt\/produkt\/e14-led-lampe-5w-ersetzt-40w-rgbw-mit-fernbedienung-warmweiss-2700k-ambiente-rgb-farbwechsel-farbige-birne-leuchtmittel-dimmbare-4er-pack\/#breadcrumb"},"inLanguage":"de","potentialAction":[{"@type":"ReadAction","target":["https:\/\/marktxxl.de\/markt\/produkt\/e14-led-lampe-5w-ersetzt-40w-rgbw-mit-fernbedienung-warmweiss-2700k-ambiente-rgb-farbwechsel-farbige-birne-leuchtmittel-dimmbare-4er-pack\/"]}]},{"@type":"ImageObject","inLanguage":"de","@id":"https:\/\/marktxxl.de\/markt\/produkt\/e14-led-lampe-5w-ersetzt-40w-rgbw-mit-fernbedienung-warmweiss-2700k-ambiente-rgb-farbwechsel-farbige-birne-leuchtmittel-dimmbare-4er-pack\/#primaryimage","url":"https:\/\/m.media-amazon.com\/images\/I\/412388lLy2L._SL500_.jpg","contentUrl":"https:\/\/m.media-amazon.com\/images\/I\/412388lLy2L._SL500_.jpg","width":500,"height":500},{"@type":"BreadcrumbList","@id":"https:\/\/marktxxl.de\/markt\/produkt\/e14-led-lampe-5w-ersetzt-40w-rgbw-mit-fernbedienung-warmweiss-2700k-ambiente-rgb-farbwechsel-farbige-birne-leuchtmittel-dimmbare-4er-pack\/#breadcrumb","itemListElement":[{"@type":"ListItem","position":1,"name":"Startseite","item":"https:\/\/marktxxl.de\/markt\/"},{"@type":"ListItem","position":2,"name":"Markt","item":"https:\/\/marktxxl.de\/markt\/"},{"@type":"ListItem","position":3,"name":"E14 Led Lampe 5W (ersetzt 40W ) RGBW mit Fernbedienung Warmwei\u00df 2700K Ambiente RGB Farbwechsel Farbige Birne\u2026"}]},{"@type":"WebSite","@id":"https:\/\/marktxxl.de\/markt\/#website","url":"https:\/\/marktxxl.de\/markt\/","name":"Markt-XXL","description":"Ihr Markt Online","publisher":{"@id":"https:\/\/marktxxl.de\/markt\/#organization"},"potentialAction":[{"@type":"SearchAction","target":{"@type":"EntryPoint","urlTemplate":"https:\/\/marktxxl.de\/markt\/?s={search_term_string}"},"query-input":{"@type":"PropertyValueSpecification","valueRequired":true,"valueName":"search_term_string"}}],"inLanguage":"de"},{"@type":"Organization","@id":"https:\/\/marktxxl.de\/markt\/#organization","name":"Markt-XXL","url":"https:\/\/marktxxl.de\/markt\/","logo":{"@type":"ImageObject","inLanguage":"de","@id":"https:\/\/marktxxl.de\/markt\/#\/schema\/logo\/image\/","url":"https:\/\/marktxxl.de\/markt\/wp-content\/uploads\/sites\/3\/2020\/12\/logo.png","contentUrl":"https:\/\/marktxxl.de\/markt\/wp-content\/uploads\/sites\/3\/2020\/12\/logo.png","width":200,"height":70,"caption":"Markt-XXL"},"image":{"@id":"https:\/\/marktxxl.de\/markt\/#\/schema\/logo\/image\/"}}]}},"_links":{"self":[{"href":"https:\/\/marktxxl.de\/markt\/wp-json\/wp\/v2\/product\/57208","targetHints":{"allow":["GET"]}}],"collection":[{"href":"https:\/\/marktxxl.de\/markt\/wp-json\/wp\/v2\/product"}],"about":[{"href":"https:\/\/marktxxl.de\/markt\/wp-json\/wp\/v2\/types\/product"}],"replies":[{"embeddable":true,"href":"https:\/\/marktxxl.de\/markt\/wp-json\/wp\/v2\/comments?post=57208"}],"wp:featuredmedia":[{"embeddable":true,"href":"https:\/\/marktxxl.de\/markt\/wp-json\/wp\/v2\/media\/57209"}],"wp:attachment":[{"href":"https:\/\/marktxxl.de\/markt\/wp-json\/wp\/v2\/media?parent=57208"}],"wp:term":[{"taxonomy":"product_brand","embeddable":true,"href":"https:\/\/marktxxl.de\/markt\/wp-json\/wp\/v2\/product_brand?post=57208"},{"taxonomy":"product_cat","embeddable":true,"href":"https:\/\/marktxxl.de\/markt\/wp-json\/wp\/v2\/product_cat?post=57208"},{"taxonomy":"product_tag","embeddable":true,"href":"https:\/\/marktxxl.de\/markt\/wp-json\/wp\/v2\/product_tag?post=57208"}],"curies":[{"name":"wp","href":"https:\/\/api.w.org\/{rel}","templated":true}]}}