{"id":56964,"date":"2021-10-14T00:54:02","date_gmt":"2021-10-13T22:54:02","guid":{"rendered":"https:\/\/marktxxl.de\/markt\/produkt\/lvwit-b22-led-gluehbirne-a60-plastik-matt\/"},"modified":"2023-04-10T02:11:15","modified_gmt":"2023-04-10T00:11:15","slug":"lvwit-b22-led-gluehbirne-a60-plastik-matt","status":"publish","type":"product","link":"https:\/\/marktxxl.de\/markt\/produkt\/lvwit-b22-led-gluehbirne-a60-plastik-matt\/","title":{"rendered":"LVWIT 8.5W B22 LED Gl\u00fchbirne A60, 6500K Kaltwei\u00df, Ersatz f\u00fcr 60W Gl\u00fchlampe, ultrahell 806 lm, matt (6er Pack)"},"content":{"rendered":"<p>\u2605 Geringer Energieverbrauch: Die B22 neutralwei\u00dfe Lampen verf\u00fcgen \u00fcber eine hohe Lichtleistung von 806 Lumen. Mit einem geringen Stromverbrauch von 8.5 Watt ersetzt sie 60 Watt;<br \/>\n\u2605 Langer Lebenslauf: Die Leuchtmittel besitzen die Energieeffizienzklasse A+, sie leuchten 20.000 Stunden und halten 20-mal l\u00e4nger als Gl\u00fchlampen;<br \/>\n\u2605 Hohe Farbwiedergabe: Der CRI von LVWIT LED 60W Leuchtmittel ist immer h\u00f6her als 80, Farben werden daher unverf\u00e4lscht und auf nat\u00fcrliche Weise wiedergegeben;<br \/>\n\u2605 Sofort 100 % Licht: Die Gl\u00fchbirne 60W ben\u00f6tigt keine Aufw\u00e4rmzeit und scheint beim Einschalten sofort hell;<br \/>\n\u2605 Qualit\u00e4t und Garantie: Die LED Lampen besitzen eine h\u00f6chste Qualit\u00e4t mit bis zu 3 Jahren Garantie.<br \/>\n<div class=\"main-cross-sell\" data-asin=\"B082DQLTRG\">\n\n\t<div class=\"WooZone-cross-sell-loader\">\n\t\t<div>\n\t\t\t<div id=\"floatingBarsG\">\n\t\t\t\t<div class=\"blockG\" id=\"rotateG_01\"><\/div>\n\t\t\t\t<div class=\"blockG\" id=\"rotateG_02\"><\/div>\n\t\t\t\t<div class=\"blockG\" id=\"rotateG_03\"><\/div>\n\t\t\t\t<div class=\"blockG\" id=\"rotateG_04\"><\/div>\n\t\t\t\t<div class=\"blockG\" id=\"rotateG_05\"><\/div>\n\t\t\t\t<div class=\"blockG\" id=\"rotateG_06\"><\/div>\n\t\t\t\t<div class=\"blockG\" id=\"rotateG_07\"><\/div>\n\t\t\t\t<div class=\"blockG\" id=\"rotateG_08\"><\/div>\n\t\t\t<\/div>\n\t\t\t<div class=\"WooZone-cross-sell-loader-text\"><\/div>\n\t\t<\/div>\n\t<\/div>\n\n\t\t\n<\/div>\n<div style=\"clear:both;\"><\/div><\/p>\n","protected":false},"excerpt":{"rendered":"<p>\u2605 Geringer Energieverbrauch: Die B22 neutralwei\u00dfe Lampen verf\u00fcgen \u00fcber eine hohe Lichtleistung von 806 Lumen. Mit einem geringen Stromverbrauch von 8.5 Watt ersetzt sie 60 Watt;<br \/>\n\u2605 Langer Lebenslauf: Die Leuchtmittel besitzen die Energieeffizienzklasse A+, sie leuchten 20.000 Stunden und halten 20-mal l\u00e4nger als Gl\u00fchlampen;<br \/>\n\u2605 Hohe Farbwiedergabe: Der CRI von LVWIT LED 60W Leuchtmittel ist immer h\u00f6her als 80, Farben werden daher unverf\u00e4lscht und auf nat\u00fcrliche Weise wiedergegeben;<\/p>\n","protected":false},"featured_media":56968,"comment_status":"open","ping_status":"closed","template":"","meta":[],"product_brand":[],"product_cat":[2108,11521],"product_tag":[],"class_list":{"0":"post-56964","1":"product","2":"type-product","3":"status-publish","4":"has-post-thumbnail","6":"product_cat-beleuchtung","7":"product_cat-leuchtmittel","8":"pa_brand-lvwit","9":"pa_groesse-6er-set-14w-kaltweiss-a60","10":"pa_groesse-6er-set-8-5w-kaltweiss-a60","11":"pa_groesse-6er-set-8-5w-neutralweiss-a60","12":"pa_manufacturer-lvwit","14":"first","15":"instock","16":"shipping-taxable","17":"purchasable","18":"product-type-variable","19":"customify-col","20":"product-has-gallery"},"yoast_head":"<!-- This site is optimized with the Yoast SEO plugin v27.3 - https:\/\/yoast.com\/product\/yoast-seo-wordpress\/ -->\n<title>LVWIT 8.5W B22 LED Gl\u00fchbirne A60, 6500K Kaltwei\u00df, Ersatz f\u00fcr 60W Gl\u00fchlampe, ultrahell 806 lm, matt (6er Pack) - Markt-XXL<\/title>\n<meta name=\"description\" content=\"Markt-XXL LVWIT 8.5W B22 LED Gl\u00fchbirne A60, 6500K Kaltwei\u00df, Ersatz f\u00fcr 60W Gl\u00fchlampe, ultrahell 806 lm, matt (6er Pack)\" \/>\n<meta name=\"robots\" content=\"index, follow, max-snippet:-1, max-image-preview:large, max-video-preview:-1\" \/>\n<link rel=\"canonical\" href=\"https:\/\/marktxxl.de\/markt\/produkt\/lvwit-b22-led-gluehbirne-a60-plastik-matt\/\" \/>\n<meta property=\"og:locale\" content=\"de_DE\" \/>\n<meta property=\"og:type\" content=\"article\" \/>\n<meta property=\"og:title\" content=\"LVWIT 8.5W B22 LED Gl\u00fchbirne A60, 6500K Kaltwei\u00df, Ersatz f\u00fcr 60W Gl\u00fchlampe, ultrahell 806 lm, matt (6er Pack) - Markt-XXL\" \/>\n<meta property=\"og:description\" content=\"Markt-XXL LVWIT 8.5W B22 LED Gl\u00fchbirne A60, 6500K Kaltwei\u00df, Ersatz f\u00fcr 60W Gl\u00fchlampe, ultrahell 806 lm, matt (6er Pack)\" \/>\n<meta property=\"og:url\" content=\"https:\/\/marktxxl.de\/markt\/produkt\/lvwit-b22-led-gluehbirne-a60-plastik-matt\/\" \/>\n<meta property=\"og:site_name\" content=\"Markt-XXL\" \/>\n<meta property=\"article:modified_time\" content=\"2023-04-10T00:11:15+00:00\" \/>\n<meta property=\"og:image\" content=\"https:\/\/m.media-amazon.com\/images\/I\/31YxoZtYstL._SL500_.jpg\" \/>\n\t<meta property=\"og:image:width\" content=\"500\" \/>\n\t<meta property=\"og:image:height\" content=\"500\" \/>\n\t<meta property=\"og:image:type\" content=\"image\/jpeg\" \/>\n<meta name=\"twitter:card\" content=\"summary_large_image\" \/>\n<meta name=\"twitter:label1\" content=\"Gesch\u00e4tzte Lesezeit\" \/>\n\t<meta name=\"twitter:data1\" content=\"1\u00a0Minute\" \/>\n<script type=\"application\/ld+json\" class=\"yoast-schema-graph\">{\"@context\":\"https:\\\/\\\/schema.org\",\"@graph\":[{\"@type\":\"WebPage\",\"@id\":\"https:\\\/\\\/marktxxl.de\\\/markt\\\/produkt\\\/lvwit-b22-led-gluehbirne-a60-plastik-matt\\\/\",\"url\":\"https:\\\/\\\/marktxxl.de\\\/markt\\\/produkt\\\/lvwit-b22-led-gluehbirne-a60-plastik-matt\\\/\",\"name\":\"LVWIT 8.5W B22 LED Gl\u00fchbirne A60, 6500K Kaltwei\u00df, Ersatz f\u00fcr 60W Gl\u00fchlampe, ultrahell 806 lm, matt (6er Pack) - Markt-XXL\",\"isPartOf\":{\"@id\":\"https:\\\/\\\/marktxxl.de\\\/markt\\\/#website\"},\"primaryImageOfPage\":{\"@id\":\"https:\\\/\\\/marktxxl.de\\\/markt\\\/produkt\\\/lvwit-b22-led-gluehbirne-a60-plastik-matt\\\/#primaryimage\"},\"image\":{\"@id\":\"https:\\\/\\\/marktxxl.de\\\/markt\\\/produkt\\\/lvwit-b22-led-gluehbirne-a60-plastik-matt\\\/#primaryimage\"},\"thumbnailUrl\":\"https:\\\/\\\/m.media-amazon.com\\\/images\\\/I\\\/31YxoZtYstL._SL500_.jpg\",\"datePublished\":\"2021-10-13T22:54:02+00:00\",\"dateModified\":\"2023-04-10T00:11:15+00:00\",\"description\":\"Markt-XXL LVWIT 8.5W B22 LED Gl\u00fchbirne A60, 6500K Kaltwei\u00df, Ersatz f\u00fcr 60W Gl\u00fchlampe, ultrahell 806 lm, matt (6er Pack)\",\"breadcrumb\":{\"@id\":\"https:\\\/\\\/marktxxl.de\\\/markt\\\/produkt\\\/lvwit-b22-led-gluehbirne-a60-plastik-matt\\\/#breadcrumb\"},\"inLanguage\":\"de\",\"potentialAction\":[{\"@type\":\"ReadAction\",\"target\":[\"https:\\\/\\\/marktxxl.de\\\/markt\\\/produkt\\\/lvwit-b22-led-gluehbirne-a60-plastik-matt\\\/\"]}]},{\"@type\":\"ImageObject\",\"inLanguage\":\"de\",\"@id\":\"https:\\\/\\\/marktxxl.de\\\/markt\\\/produkt\\\/lvwit-b22-led-gluehbirne-a60-plastik-matt\\\/#primaryimage\",\"url\":\"https:\\\/\\\/m.media-amazon.com\\\/images\\\/I\\\/31YxoZtYstL._SL500_.jpg\",\"contentUrl\":\"https:\\\/\\\/m.media-amazon.com\\\/images\\\/I\\\/31YxoZtYstL._SL500_.jpg\",\"width\":500,\"height\":500},{\"@type\":\"BreadcrumbList\",\"@id\":\"https:\\\/\\\/marktxxl.de\\\/markt\\\/produkt\\\/lvwit-b22-led-gluehbirne-a60-plastik-matt\\\/#breadcrumb\",\"itemListElement\":[{\"@type\":\"ListItem\",\"position\":1,\"name\":\"Startseite\",\"item\":\"https:\\\/\\\/marktxxl.de\\\/markt\\\/\"},{\"@type\":\"ListItem\",\"position\":2,\"name\":\"Markt\",\"item\":\"https:\\\/\\\/marktxxl.de\\\/markt\\\/\"},{\"@type\":\"ListItem\",\"position\":3,\"name\":\"LVWIT 8.5W B22 LED Gl\u00fchbirne A60, 6500K Kaltwei\u00df, Ersatz f\u00fcr 60W Gl\u00fchlampe, ultrahell 806 lm, matt (6er Pack)\"}]},{\"@type\":\"WebSite\",\"@id\":\"https:\\\/\\\/marktxxl.de\\\/markt\\\/#website\",\"url\":\"https:\\\/\\\/marktxxl.de\\\/markt\\\/\",\"name\":\"Markt-XXL\",\"description\":\"Ihr Markt Online\",\"publisher\":{\"@id\":\"https:\\\/\\\/marktxxl.de\\\/markt\\\/#organization\"},\"potentialAction\":[{\"@type\":\"SearchAction\",\"target\":{\"@type\":\"EntryPoint\",\"urlTemplate\":\"https:\\\/\\\/marktxxl.de\\\/markt\\\/?s={search_term_string}\"},\"query-input\":{\"@type\":\"PropertyValueSpecification\",\"valueRequired\":true,\"valueName\":\"search_term_string\"}}],\"inLanguage\":\"de\"},{\"@type\":\"Organization\",\"@id\":\"https:\\\/\\\/marktxxl.de\\\/markt\\\/#organization\",\"name\":\"Markt-XXL\",\"url\":\"https:\\\/\\\/marktxxl.de\\\/markt\\\/\",\"logo\":{\"@type\":\"ImageObject\",\"inLanguage\":\"de\",\"@id\":\"https:\\\/\\\/marktxxl.de\\\/markt\\\/#\\\/schema\\\/logo\\\/image\\\/\",\"url\":\"https:\\\/\\\/marktxxl.de\\\/markt\\\/wp-content\\\/uploads\\\/sites\\\/3\\\/2020\\\/12\\\/logo.png\",\"contentUrl\":\"https:\\\/\\\/marktxxl.de\\\/markt\\\/wp-content\\\/uploads\\\/sites\\\/3\\\/2020\\\/12\\\/logo.png\",\"width\":200,\"height\":70,\"caption\":\"Markt-XXL\"},\"image\":{\"@id\":\"https:\\\/\\\/marktxxl.de\\\/markt\\\/#\\\/schema\\\/logo\\\/image\\\/\"}}]}<\/script>\n<!-- \/ Yoast SEO plugin. -->","yoast_head_json":{"title":"LVWIT 8.5W B22 LED Gl\u00fchbirne A60, 6500K Kaltwei\u00df, Ersatz f\u00fcr 60W Gl\u00fchlampe, ultrahell 806 lm, matt (6er Pack) - Markt-XXL","description":"Markt-XXL LVWIT 8.5W B22 LED Gl\u00fchbirne A60, 6500K Kaltwei\u00df, Ersatz f\u00fcr 60W Gl\u00fchlampe, ultrahell 806 lm, matt (6er Pack)","robots":{"index":"index","follow":"follow","max-snippet":"max-snippet:-1","max-image-preview":"max-image-preview:large","max-video-preview":"max-video-preview:-1"},"canonical":"https:\/\/marktxxl.de\/markt\/produkt\/lvwit-b22-led-gluehbirne-a60-plastik-matt\/","og_locale":"de_DE","og_type":"article","og_title":"LVWIT 8.5W B22 LED Gl\u00fchbirne A60, 6500K Kaltwei\u00df, Ersatz f\u00fcr 60W Gl\u00fchlampe, ultrahell 806 lm, matt (6er Pack) - Markt-XXL","og_description":"Markt-XXL LVWIT 8.5W B22 LED Gl\u00fchbirne A60, 6500K Kaltwei\u00df, Ersatz f\u00fcr 60W Gl\u00fchlampe, ultrahell 806 lm, matt (6er Pack)","og_url":"https:\/\/marktxxl.de\/markt\/produkt\/lvwit-b22-led-gluehbirne-a60-plastik-matt\/","og_site_name":"Markt-XXL","article_modified_time":"2023-04-10T00:11:15+00:00","og_image":[{"width":500,"height":500,"url":"https:\/\/m.media-amazon.com\/images\/I\/31YxoZtYstL._SL500_.jpg","type":"image\/jpeg"}],"twitter_card":"summary_large_image","twitter_misc":{"Gesch\u00e4tzte Lesezeit":"1\u00a0Minute"},"schema":{"@context":"https:\/\/schema.org","@graph":[{"@type":"WebPage","@id":"https:\/\/marktxxl.de\/markt\/produkt\/lvwit-b22-led-gluehbirne-a60-plastik-matt\/","url":"https:\/\/marktxxl.de\/markt\/produkt\/lvwit-b22-led-gluehbirne-a60-plastik-matt\/","name":"LVWIT 8.5W B22 LED Gl\u00fchbirne A60, 6500K Kaltwei\u00df, Ersatz f\u00fcr 60W Gl\u00fchlampe, ultrahell 806 lm, matt (6er Pack) - Markt-XXL","isPartOf":{"@id":"https:\/\/marktxxl.de\/markt\/#website"},"primaryImageOfPage":{"@id":"https:\/\/marktxxl.de\/markt\/produkt\/lvwit-b22-led-gluehbirne-a60-plastik-matt\/#primaryimage"},"image":{"@id":"https:\/\/marktxxl.de\/markt\/produkt\/lvwit-b22-led-gluehbirne-a60-plastik-matt\/#primaryimage"},"thumbnailUrl":"https:\/\/m.media-amazon.com\/images\/I\/31YxoZtYstL._SL500_.jpg","datePublished":"2021-10-13T22:54:02+00:00","dateModified":"2023-04-10T00:11:15+00:00","description":"Markt-XXL LVWIT 8.5W B22 LED Gl\u00fchbirne A60, 6500K Kaltwei\u00df, Ersatz f\u00fcr 60W Gl\u00fchlampe, ultrahell 806 lm, matt (6er Pack)","breadcrumb":{"@id":"https:\/\/marktxxl.de\/markt\/produkt\/lvwit-b22-led-gluehbirne-a60-plastik-matt\/#breadcrumb"},"inLanguage":"de","potentialAction":[{"@type":"ReadAction","target":["https:\/\/marktxxl.de\/markt\/produkt\/lvwit-b22-led-gluehbirne-a60-plastik-matt\/"]}]},{"@type":"ImageObject","inLanguage":"de","@id":"https:\/\/marktxxl.de\/markt\/produkt\/lvwit-b22-led-gluehbirne-a60-plastik-matt\/#primaryimage","url":"https:\/\/m.media-amazon.com\/images\/I\/31YxoZtYstL._SL500_.jpg","contentUrl":"https:\/\/m.media-amazon.com\/images\/I\/31YxoZtYstL._SL500_.jpg","width":500,"height":500},{"@type":"BreadcrumbList","@id":"https:\/\/marktxxl.de\/markt\/produkt\/lvwit-b22-led-gluehbirne-a60-plastik-matt\/#breadcrumb","itemListElement":[{"@type":"ListItem","position":1,"name":"Startseite","item":"https:\/\/marktxxl.de\/markt\/"},{"@type":"ListItem","position":2,"name":"Markt","item":"https:\/\/marktxxl.de\/markt\/"},{"@type":"ListItem","position":3,"name":"LVWIT 8.5W B22 LED Gl\u00fchbirne A60, 6500K Kaltwei\u00df, Ersatz f\u00fcr 60W Gl\u00fchlampe, ultrahell 806 lm, matt (6er Pack)"}]},{"@type":"WebSite","@id":"https:\/\/marktxxl.de\/markt\/#website","url":"https:\/\/marktxxl.de\/markt\/","name":"Markt-XXL","description":"Ihr Markt Online","publisher":{"@id":"https:\/\/marktxxl.de\/markt\/#organization"},"potentialAction":[{"@type":"SearchAction","target":{"@type":"EntryPoint","urlTemplate":"https:\/\/marktxxl.de\/markt\/?s={search_term_string}"},"query-input":{"@type":"PropertyValueSpecification","valueRequired":true,"valueName":"search_term_string"}}],"inLanguage":"de"},{"@type":"Organization","@id":"https:\/\/marktxxl.de\/markt\/#organization","name":"Markt-XXL","url":"https:\/\/marktxxl.de\/markt\/","logo":{"@type":"ImageObject","inLanguage":"de","@id":"https:\/\/marktxxl.de\/markt\/#\/schema\/logo\/image\/","url":"https:\/\/marktxxl.de\/markt\/wp-content\/uploads\/sites\/3\/2020\/12\/logo.png","contentUrl":"https:\/\/marktxxl.de\/markt\/wp-content\/uploads\/sites\/3\/2020\/12\/logo.png","width":200,"height":70,"caption":"Markt-XXL"},"image":{"@id":"https:\/\/marktxxl.de\/markt\/#\/schema\/logo\/image\/"}}]}},"_links":{"self":[{"href":"https:\/\/marktxxl.de\/markt\/wp-json\/wp\/v2\/product\/56964","targetHints":{"allow":["GET"]}}],"collection":[{"href":"https:\/\/marktxxl.de\/markt\/wp-json\/wp\/v2\/product"}],"about":[{"href":"https:\/\/marktxxl.de\/markt\/wp-json\/wp\/v2\/types\/product"}],"replies":[{"embeddable":true,"href":"https:\/\/marktxxl.de\/markt\/wp-json\/wp\/v2\/comments?post=56964"}],"wp:featuredmedia":[{"embeddable":true,"href":"https:\/\/marktxxl.de\/markt\/wp-json\/wp\/v2\/media\/56968"}],"wp:attachment":[{"href":"https:\/\/marktxxl.de\/markt\/wp-json\/wp\/v2\/media?parent=56964"}],"wp:term":[{"taxonomy":"product_brand","embeddable":true,"href":"https:\/\/marktxxl.de\/markt\/wp-json\/wp\/v2\/product_brand?post=56964"},{"taxonomy":"product_cat","embeddable":true,"href":"https:\/\/marktxxl.de\/markt\/wp-json\/wp\/v2\/product_cat?post=56964"},{"taxonomy":"product_tag","embeddable":true,"href":"https:\/\/marktxxl.de\/markt\/wp-json\/wp\/v2\/product_tag?post=56964"}],"curies":[{"name":"wp","href":"https:\/\/api.w.org\/{rel}","templated":true}]}}