{"id":56883,"date":"2021-10-14T00:46:17","date_gmt":"2021-10-13T22:46:17","guid":{"rendered":"https:\/\/marktxxl.de\/markt\/produkt\/philips-led-lampe\/"},"modified":"2023-04-10T02:11:14","modified_gmt":"2023-04-10T00:11:14","slug":"philips-led-lampe","status":"publish","type":"product","link":"https:\/\/marktxxl.de\/markt\/produkt\/philips-led-lampe\/","title":{"rendered":"Philips LED Lampe ersetzt 15W, E14, warmwei\u00df (2700 Kelvin), 150 Lumen, K\u00fchlschranklampe"},"content":{"rendered":"<p>Sofort Warmwei\u00dfes Licht (2700 K), wie bei herk\u00f6mmlichen Gl\u00fchlampen\/ Halogenlampen<br \/>\nZur Verwendung in K\u00fchlschr\u00e4nken und Dunstabzugshauben geeignet<br \/>\nModernste LED Technologie &#8211; Extrem lange Lebensdauer von bis zu 15 Jahren<br \/>\nGeringer Energieverbrauch &#8211; bis zu 90% Energieeinsparung im Vergleich zu herk\u00f6mmlichen Leuchtmitteln<br \/>\nHohe Farbwiedergabe f\u00fcr lebendige Farben (CRI &gt; 80)<br \/>\n<div class=\"main-cross-sell\" data-asin=\"B075DDFJ3H\">\n\n\t<div class=\"WooZone-cross-sell-loader\">\n\t\t<div>\n\t\t\t<div id=\"floatingBarsG\">\n\t\t\t\t<div class=\"blockG\" id=\"rotateG_01\"><\/div>\n\t\t\t\t<div class=\"blockG\" id=\"rotateG_02\"><\/div>\n\t\t\t\t<div class=\"blockG\" id=\"rotateG_03\"><\/div>\n\t\t\t\t<div class=\"blockG\" id=\"rotateG_04\"><\/div>\n\t\t\t\t<div class=\"blockG\" id=\"rotateG_05\"><\/div>\n\t\t\t\t<div class=\"blockG\" id=\"rotateG_06\"><\/div>\n\t\t\t\t<div class=\"blockG\" id=\"rotateG_07\"><\/div>\n\t\t\t\t<div class=\"blockG\" id=\"rotateG_08\"><\/div>\n\t\t\t<\/div>\n\t\t\t<div class=\"WooZone-cross-sell-loader-text\"><\/div>\n\t\t<\/div>\n\t<\/div>\n\n\t\t\n<\/div>\n<div style=\"clear:both;\"><\/div><\/p>\n","protected":false},"excerpt":{"rendered":"<p>Sofort Warmwei\u00dfes Licht (2700 K), wie bei herk\u00f6mmlichen Gl\u00fchlampen\/ Halogenlampen<br \/>\nZur Verwendung in K\u00fchlschr\u00e4nken und Dunstabzugshauben geeignet<br \/>\nModernste LED Technologie &#8211; Extrem lange Lebensdauer von bis zu 15 Jahren<\/p>\n","protected":false},"featured_media":56886,"comment_status":"open","ping_status":"closed","template":"","meta":[],"product_brand":[],"product_cat":[2108,11521],"product_tag":[],"class_list":{"0":"post-56883","1":"product","2":"type-product","3":"status-publish","4":"has-post-thumbnail","6":"product_cat-beleuchtung","7":"product_cat-leuchtmittel","8":"pa_binding-haushaltswaren","9":"pa_groesse-15w","10":"pa_groesse-25w","12":"first","13":"instock","14":"shipping-taxable","15":"purchasable","16":"product-type-simple","17":"customify-col","18":"product-has-gallery"},"yoast_head":"<!-- This site is optimized with the Yoast SEO plugin v27.3 - https:\/\/yoast.com\/product\/yoast-seo-wordpress\/ -->\n<title>Philips LED Lampe ersetzt 15W, E14, warmwei\u00df (2700 Kelvin), 150 Lumen, K\u00fchlschranklampe - Markt-XXL<\/title>\n<meta name=\"description\" content=\"Markt-XXL Philips LED Lampe ersetzt 15W, E14, warmwei\u00df (2700 Kelvin), 150 Lumen, K\u00fchlschranklampe\" \/>\n<meta name=\"robots\" content=\"index, follow, max-snippet:-1, max-image-preview:large, max-video-preview:-1\" \/>\n<link rel=\"canonical\" href=\"https:\/\/marktxxl.de\/markt\/produkt\/philips-led-lampe\/\" \/>\n<meta property=\"og:locale\" content=\"de_DE\" \/>\n<meta property=\"og:type\" content=\"article\" \/>\n<meta property=\"og:title\" content=\"Philips LED Lampe ersetzt 15W, E14, warmwei\u00df (2700 Kelvin), 150 Lumen, K\u00fchlschranklampe - Markt-XXL\" \/>\n<meta property=\"og:description\" content=\"Markt-XXL Philips LED Lampe ersetzt 15W, E14, warmwei\u00df (2700 Kelvin), 150 Lumen, K\u00fchlschranklampe\" \/>\n<meta property=\"og:url\" content=\"https:\/\/marktxxl.de\/markt\/produkt\/philips-led-lampe\/\" \/>\n<meta property=\"og:site_name\" content=\"Markt-XXL\" \/>\n<meta property=\"article:modified_time\" content=\"2023-04-10T00:11:14+00:00\" \/>\n<meta property=\"og:image\" content=\"https:\/\/m.media-amazon.com\/images\/I\/31MTjuYvT-L._SL500_.jpg\" \/>\n\t<meta property=\"og:image:width\" content=\"200\" \/>\n\t<meta property=\"og:image:height\" content=\"500\" \/>\n\t<meta property=\"og:image:type\" content=\"image\/jpeg\" \/>\n<meta name=\"twitter:card\" content=\"summary_large_image\" \/>\n<script type=\"application\/ld+json\" class=\"yoast-schema-graph\">{\"@context\":\"https:\\\/\\\/schema.org\",\"@graph\":[{\"@type\":\"WebPage\",\"@id\":\"https:\\\/\\\/marktxxl.de\\\/markt\\\/produkt\\\/philips-led-lampe\\\/\",\"url\":\"https:\\\/\\\/marktxxl.de\\\/markt\\\/produkt\\\/philips-led-lampe\\\/\",\"name\":\"Philips LED Lampe ersetzt 15W, E14, warmwei\u00df (2700 Kelvin), 150 Lumen, K\u00fchlschranklampe - Markt-XXL\",\"isPartOf\":{\"@id\":\"https:\\\/\\\/marktxxl.de\\\/markt\\\/#website\"},\"primaryImageOfPage\":{\"@id\":\"https:\\\/\\\/marktxxl.de\\\/markt\\\/produkt\\\/philips-led-lampe\\\/#primaryimage\"},\"image\":{\"@id\":\"https:\\\/\\\/marktxxl.de\\\/markt\\\/produkt\\\/philips-led-lampe\\\/#primaryimage\"},\"thumbnailUrl\":\"https:\\\/\\\/m.media-amazon.com\\\/images\\\/I\\\/31MTjuYvT-L._SL500_.jpg\",\"datePublished\":\"2021-10-13T22:46:17+00:00\",\"dateModified\":\"2023-04-10T00:11:14+00:00\",\"description\":\"Markt-XXL Philips LED Lampe ersetzt 15W, E14, warmwei\u00df (2700 Kelvin), 150 Lumen, K\u00fchlschranklampe\",\"breadcrumb\":{\"@id\":\"https:\\\/\\\/marktxxl.de\\\/markt\\\/produkt\\\/philips-led-lampe\\\/#breadcrumb\"},\"inLanguage\":\"de\",\"potentialAction\":[{\"@type\":\"ReadAction\",\"target\":[\"https:\\\/\\\/marktxxl.de\\\/markt\\\/produkt\\\/philips-led-lampe\\\/\"]}]},{\"@type\":\"ImageObject\",\"inLanguage\":\"de\",\"@id\":\"https:\\\/\\\/marktxxl.de\\\/markt\\\/produkt\\\/philips-led-lampe\\\/#primaryimage\",\"url\":\"https:\\\/\\\/m.media-amazon.com\\\/images\\\/I\\\/31MTjuYvT-L._SL500_.jpg\",\"contentUrl\":\"https:\\\/\\\/m.media-amazon.com\\\/images\\\/I\\\/31MTjuYvT-L._SL500_.jpg\",\"width\":200,\"height\":500},{\"@type\":\"BreadcrumbList\",\"@id\":\"https:\\\/\\\/marktxxl.de\\\/markt\\\/produkt\\\/philips-led-lampe\\\/#breadcrumb\",\"itemListElement\":[{\"@type\":\"ListItem\",\"position\":1,\"name\":\"Startseite\",\"item\":\"https:\\\/\\\/marktxxl.de\\\/markt\\\/\"},{\"@type\":\"ListItem\",\"position\":2,\"name\":\"Markt\",\"item\":\"https:\\\/\\\/marktxxl.de\\\/markt\\\/\"},{\"@type\":\"ListItem\",\"position\":3,\"name\":\"Philips LED Lampe ersetzt 15W, E14, warmwei\u00df (2700 Kelvin), 150 Lumen, K\u00fchlschranklampe\"}]},{\"@type\":\"WebSite\",\"@id\":\"https:\\\/\\\/marktxxl.de\\\/markt\\\/#website\",\"url\":\"https:\\\/\\\/marktxxl.de\\\/markt\\\/\",\"name\":\"Markt-XXL\",\"description\":\"Ihr Markt Online\",\"publisher\":{\"@id\":\"https:\\\/\\\/marktxxl.de\\\/markt\\\/#organization\"},\"potentialAction\":[{\"@type\":\"SearchAction\",\"target\":{\"@type\":\"EntryPoint\",\"urlTemplate\":\"https:\\\/\\\/marktxxl.de\\\/markt\\\/?s={search_term_string}\"},\"query-input\":{\"@type\":\"PropertyValueSpecification\",\"valueRequired\":true,\"valueName\":\"search_term_string\"}}],\"inLanguage\":\"de\"},{\"@type\":\"Organization\",\"@id\":\"https:\\\/\\\/marktxxl.de\\\/markt\\\/#organization\",\"name\":\"Markt-XXL\",\"url\":\"https:\\\/\\\/marktxxl.de\\\/markt\\\/\",\"logo\":{\"@type\":\"ImageObject\",\"inLanguage\":\"de\",\"@id\":\"https:\\\/\\\/marktxxl.de\\\/markt\\\/#\\\/schema\\\/logo\\\/image\\\/\",\"url\":\"https:\\\/\\\/marktxxl.de\\\/markt\\\/wp-content\\\/uploads\\\/sites\\\/3\\\/2020\\\/12\\\/logo.png\",\"contentUrl\":\"https:\\\/\\\/marktxxl.de\\\/markt\\\/wp-content\\\/uploads\\\/sites\\\/3\\\/2020\\\/12\\\/logo.png\",\"width\":200,\"height\":70,\"caption\":\"Markt-XXL\"},\"image\":{\"@id\":\"https:\\\/\\\/marktxxl.de\\\/markt\\\/#\\\/schema\\\/logo\\\/image\\\/\"}}]}<\/script>\n<!-- \/ Yoast SEO plugin. -->","yoast_head_json":{"title":"Philips LED Lampe ersetzt 15W, E14, warmwei\u00df (2700 Kelvin), 150 Lumen, K\u00fchlschranklampe - Markt-XXL","description":"Markt-XXL Philips LED Lampe ersetzt 15W, E14, warmwei\u00df (2700 Kelvin), 150 Lumen, K\u00fchlschranklampe","robots":{"index":"index","follow":"follow","max-snippet":"max-snippet:-1","max-image-preview":"max-image-preview:large","max-video-preview":"max-video-preview:-1"},"canonical":"https:\/\/marktxxl.de\/markt\/produkt\/philips-led-lampe\/","og_locale":"de_DE","og_type":"article","og_title":"Philips LED Lampe ersetzt 15W, E14, warmwei\u00df (2700 Kelvin), 150 Lumen, K\u00fchlschranklampe - Markt-XXL","og_description":"Markt-XXL Philips LED Lampe ersetzt 15W, E14, warmwei\u00df (2700 Kelvin), 150 Lumen, K\u00fchlschranklampe","og_url":"https:\/\/marktxxl.de\/markt\/produkt\/philips-led-lampe\/","og_site_name":"Markt-XXL","article_modified_time":"2023-04-10T00:11:14+00:00","og_image":[{"width":200,"height":500,"url":"https:\/\/m.media-amazon.com\/images\/I\/31MTjuYvT-L._SL500_.jpg","type":"image\/jpeg"}],"twitter_card":"summary_large_image","schema":{"@context":"https:\/\/schema.org","@graph":[{"@type":"WebPage","@id":"https:\/\/marktxxl.de\/markt\/produkt\/philips-led-lampe\/","url":"https:\/\/marktxxl.de\/markt\/produkt\/philips-led-lampe\/","name":"Philips LED Lampe ersetzt 15W, E14, warmwei\u00df (2700 Kelvin), 150 Lumen, K\u00fchlschranklampe - Markt-XXL","isPartOf":{"@id":"https:\/\/marktxxl.de\/markt\/#website"},"primaryImageOfPage":{"@id":"https:\/\/marktxxl.de\/markt\/produkt\/philips-led-lampe\/#primaryimage"},"image":{"@id":"https:\/\/marktxxl.de\/markt\/produkt\/philips-led-lampe\/#primaryimage"},"thumbnailUrl":"https:\/\/m.media-amazon.com\/images\/I\/31MTjuYvT-L._SL500_.jpg","datePublished":"2021-10-13T22:46:17+00:00","dateModified":"2023-04-10T00:11:14+00:00","description":"Markt-XXL Philips LED Lampe ersetzt 15W, E14, warmwei\u00df (2700 Kelvin), 150 Lumen, K\u00fchlschranklampe","breadcrumb":{"@id":"https:\/\/marktxxl.de\/markt\/produkt\/philips-led-lampe\/#breadcrumb"},"inLanguage":"de","potentialAction":[{"@type":"ReadAction","target":["https:\/\/marktxxl.de\/markt\/produkt\/philips-led-lampe\/"]}]},{"@type":"ImageObject","inLanguage":"de","@id":"https:\/\/marktxxl.de\/markt\/produkt\/philips-led-lampe\/#primaryimage","url":"https:\/\/m.media-amazon.com\/images\/I\/31MTjuYvT-L._SL500_.jpg","contentUrl":"https:\/\/m.media-amazon.com\/images\/I\/31MTjuYvT-L._SL500_.jpg","width":200,"height":500},{"@type":"BreadcrumbList","@id":"https:\/\/marktxxl.de\/markt\/produkt\/philips-led-lampe\/#breadcrumb","itemListElement":[{"@type":"ListItem","position":1,"name":"Startseite","item":"https:\/\/marktxxl.de\/markt\/"},{"@type":"ListItem","position":2,"name":"Markt","item":"https:\/\/marktxxl.de\/markt\/"},{"@type":"ListItem","position":3,"name":"Philips LED Lampe ersetzt 15W, E14, warmwei\u00df (2700 Kelvin), 150 Lumen, K\u00fchlschranklampe"}]},{"@type":"WebSite","@id":"https:\/\/marktxxl.de\/markt\/#website","url":"https:\/\/marktxxl.de\/markt\/","name":"Markt-XXL","description":"Ihr Markt Online","publisher":{"@id":"https:\/\/marktxxl.de\/markt\/#organization"},"potentialAction":[{"@type":"SearchAction","target":{"@type":"EntryPoint","urlTemplate":"https:\/\/marktxxl.de\/markt\/?s={search_term_string}"},"query-input":{"@type":"PropertyValueSpecification","valueRequired":true,"valueName":"search_term_string"}}],"inLanguage":"de"},{"@type":"Organization","@id":"https:\/\/marktxxl.de\/markt\/#organization","name":"Markt-XXL","url":"https:\/\/marktxxl.de\/markt\/","logo":{"@type":"ImageObject","inLanguage":"de","@id":"https:\/\/marktxxl.de\/markt\/#\/schema\/logo\/image\/","url":"https:\/\/marktxxl.de\/markt\/wp-content\/uploads\/sites\/3\/2020\/12\/logo.png","contentUrl":"https:\/\/marktxxl.de\/markt\/wp-content\/uploads\/sites\/3\/2020\/12\/logo.png","width":200,"height":70,"caption":"Markt-XXL"},"image":{"@id":"https:\/\/marktxxl.de\/markt\/#\/schema\/logo\/image\/"}}]}},"_links":{"self":[{"href":"https:\/\/marktxxl.de\/markt\/wp-json\/wp\/v2\/product\/56883","targetHints":{"allow":["GET"]}}],"collection":[{"href":"https:\/\/marktxxl.de\/markt\/wp-json\/wp\/v2\/product"}],"about":[{"href":"https:\/\/marktxxl.de\/markt\/wp-json\/wp\/v2\/types\/product"}],"replies":[{"embeddable":true,"href":"https:\/\/marktxxl.de\/markt\/wp-json\/wp\/v2\/comments?post=56883"}],"wp:featuredmedia":[{"embeddable":true,"href":"https:\/\/marktxxl.de\/markt\/wp-json\/wp\/v2\/media\/56886"}],"wp:attachment":[{"href":"https:\/\/marktxxl.de\/markt\/wp-json\/wp\/v2\/media?parent=56883"}],"wp:term":[{"taxonomy":"product_brand","embeddable":true,"href":"https:\/\/marktxxl.de\/markt\/wp-json\/wp\/v2\/product_brand?post=56883"},{"taxonomy":"product_cat","embeddable":true,"href":"https:\/\/marktxxl.de\/markt\/wp-json\/wp\/v2\/product_cat?post=56883"},{"taxonomy":"product_tag","embeddable":true,"href":"https:\/\/marktxxl.de\/markt\/wp-json\/wp\/v2\/product_tag?post=56883"}],"curies":[{"name":"wp","href":"https:\/\/api.w.org\/{rel}","templated":true}]}}