{"id":56781,"date":"2021-10-14T00:42:40","date_gmt":"2021-10-13T22:42:40","guid":{"rendered":"https:\/\/marktxxl.de\/markt\/produkt\/e27-led-edison-screw-gluehbirne-9w-entspricht-60w-gluehlampen-led-leuchtmittel-e27-a60-e27-fassung-led-energiesparlampe-warmweiss-3000k-820lm-kein-flimmern-kein-dimmbar-ac-85-265v-6er-pack\/"},"modified":"2023-04-10T02:11:13","modified_gmt":"2023-04-10T00:11:13","slug":"e27-led-edison-screw-gluehbirne-9w-entspricht-60w-gluehlampen-led-leuchtmittel-e27-a60-e27-fassung-led-energiesparlampe-warmweiss-3000k-820lm-kein-flimmern-kein-dimmbar-ac-85-265v-6er-pack","status":"publish","type":"product","link":"https:\/\/marktxxl.de\/markt\/produkt\/e27-led-edison-screw-gluehbirne-9w-entspricht-60w-gluehlampen-led-leuchtmittel-e27-a60-e27-fassung-led-energiesparlampe-warmweiss-3000k-820lm-kein-flimmern-kein-dimmbar-ac-85-265v-6er-pack\/","title":{"rendered":"E27 LED Edison Screw Gl\u00fchbirne 9W Entspricht 60W Gl\u00fchlampen, led leuchtmittel e27, A60 E27 Fassung LED Energiesparlampe\u2026"},"content":{"rendered":"<p>? \u3010<b> ENERGIESPAREN <\/b>\u3011 &#8211; Die LED Lampe E27 bietet Ihnen den perfekten Ersatz f\u00fcr 60W Halogenlampen mit nur 10% Energie, bietet jedoch eine Lichtleistung von 820 Lumen und eine genaue warmwei\u00df Farbe von 3000K. Sparen Sie \u00fcber 90% Ihrer Stromrechnung, plus 30.000 Stunden Lebensdauer, niedrige Wartungskosten.<br \/>\n? \u3010<b> \u00d6KO-FREUNDLICH <\/b>\u3011 &#8211; Diese e27 Energiesparlampe flackert nicht. Diese E27 Edison Screw LED Lampen mit Standard E27 Sockel passen problemlos in alle E27 Lampenfassungen, ohne sich auf volle Helligkeit aufzuw\u00e4rmen. 3000K warmwei\u00df kommt der Halogenlampe sehr nahe.<br \/>\n? \u3010<b> GESUNDE UND ROMANTISCHE UMGEBUNG <\/b>\u3011 &#8211; Die E27 LED Kerzenlampen ohne Blei oder sch\u00e4dliches Quecksilber, ohne sch\u00e4dliche Strahlung, ohne UV oder IR Strahlung. Sorgen Sie f\u00fcr ein weiches und warmes Licht ohne Blendung und scharfe Schatten und schaffen Sie eine romantische Atmosph\u00e4re. Beleuchten Sie Ihr Zuhause mit au\u00dfergew\u00f6hnlicher Farbkonsistenz.<br \/>\n? \u3010<b> EINFACHE INSTALLATION <\/b>\u3011 &#8211; Diese LED Lampe mit E27 Schraube eignet sich f\u00fcr alle Lichtquellen mit E27 Sockel. Setzen Sie die LED Lampen auf den E27 Sockel und ersetzen Sie die Halogenlampen. Ideal f\u00fcr beide Allgemeinbeleuchtungen: Kronleuchter, Deckenventilatoren, Anh\u00e4nger, Wohnzimmer, Esszimmer, Caf\u00e9, Hotels, Schreibtischlampe usw.<br \/>\n? \u3010<b> 100% ZUFRIEDENHEIT <\/b>\u3011 &#8211; Wir versprechen einen 24-monatigen Austausch oder eine R\u00fcckerstattung, wenn etwas mit Ugvmn E27 LED Lampen nicht stimmt. <b> Bitte wenden Sie sich direkt an den Verk\u00e4ufer. Der Ersatz oder die R\u00fcckerstattung des gesamten Geldes wird nach Best\u00e4tigung der Situation f\u00fcr Sie arrangiert. <\/b><br \/>\n<div class=\"main-cross-sell\" data-asin=\"B08HY4TTYD\">\n\n\t<div class=\"WooZone-cross-sell-loader\">\n\t\t<div>\n\t\t\t<div id=\"floatingBarsG\">\n\t\t\t\t<div class=\"blockG\" id=\"rotateG_01\"><\/div>\n\t\t\t\t<div class=\"blockG\" id=\"rotateG_02\"><\/div>\n\t\t\t\t<div class=\"blockG\" id=\"rotateG_03\"><\/div>\n\t\t\t\t<div class=\"blockG\" id=\"rotateG_04\"><\/div>\n\t\t\t\t<div class=\"blockG\" id=\"rotateG_05\"><\/div>\n\t\t\t\t<div class=\"blockG\" id=\"rotateG_06\"><\/div>\n\t\t\t\t<div class=\"blockG\" id=\"rotateG_07\"><\/div>\n\t\t\t\t<div class=\"blockG\" id=\"rotateG_08\"><\/div>\n\t\t\t<\/div>\n\t\t\t<div class=\"WooZone-cross-sell-loader-text\"><\/div>\n\t\t<\/div>\n\t<\/div>\n\n\t\t\n<\/div>\n<div style=\"clear:both;\"><\/div><\/p>\n","protected":false},"excerpt":{"rendered":"<p>? \u3010 ENERGIESPAREN \u3011 &#8211; Die LED Lampe E27 bietet Ihnen den perfekten Ersatz f\u00fcr 60W Halogenlampen mit nur 10% Energie, bietet jedoch eine Lichtleistung von 820 Lumen und eine genaue warmwei\u00df Farbe von 3000K. Sparen Sie \u00fcber 90% Ihrer Stromrechnung, plus 30.000 Stunden Lebensdauer, niedrige Wartungskosten.<br \/>\n? \u3010 \u00d6KO-FREUNDLICH \u3011 &#8211; Diese e27 Energiesparlampe flackert nicht. Diese E27 Edison Screw LED Lampen mit Standard E27 Sockel passen problemlos in alle E27 Lampenfassungen, ohne sich auf volle Helligkeit aufzuw\u00e4rmen. 3000K warmwei\u00df kommt der Halogenlampe sehr nahe.<br \/>\n? \u3010 GESUNDE UND ROMANTISCHE UMGEBUNG \u3011 &#8211; Die E27 LED Kerzenlampen ohne Blei oder sch\u00e4dliches Quecksilber, ohne sch\u00e4dliche Strahlung, ohne UV oder IR Strahlung. Sorgen Sie f\u00fcr ein weiches und warmes Licht ohne Blendung und scharfe Schatten und schaffen Sie eine romantische Atmosph\u00e4re. Beleuchten Sie Ihr Zuhause mit au\u00dfergew\u00f6hnlicher Farbkonsistenz.<\/p>\n","protected":false},"featured_media":56782,"comment_status":"open","ping_status":"closed","template":"","meta":[],"product_brand":[],"product_cat":[2108,11521],"product_tag":[],"class_list":{"0":"post-56781","1":"product","2":"type-product","3":"status-publish","4":"has-post-thumbnail","6":"product_cat-beleuchtung","7":"product_cat-leuchtmittel","8":"pa_binding-haushaltswaren","9":"pa_brand-ugvmn","10":"pa_color-e27-warmweiss-3000k","11":"pa_height-4-3307-zoll","12":"pa_length-2-3622-zoll","13":"pa_manufacturer-iled-lighting-technology-ltd","14":"pa_size-6-stueck-1er-pack","15":"pa_weight-0-125-pfund","16":"pa_width-2-3622-zoll","18":"first","19":"instock","20":"shipping-taxable","21":"purchasable","22":"product-type-simple","23":"customify-col","24":"product-has-gallery"},"yoast_head":"<!-- This site is optimized with the Yoast SEO plugin v27.4 - https:\/\/yoast.com\/product\/yoast-seo-wordpress\/ -->\n<title>E27 LED Edison Screw Gl\u00fchbirne 9W Entspricht 60W Gl\u00fchlampen, led leuchtmittel e27, A60 E27 Fassung LED Energiesparlampe\u2026 - Markt-XXL<\/title>\n<meta name=\"description\" content=\"Markt-XXL E27 LED Edison Screw Gl\u00fchbirne 9W Entspricht 60W Gl\u00fchlampen, led leuchtmittel e27, A60 E27 Fassung LED Energiesparlampe\u2026\" \/>\n<meta name=\"robots\" content=\"index, follow, max-snippet:-1, max-image-preview:large, max-video-preview:-1\" \/>\n<link rel=\"canonical\" href=\"https:\/\/marktxxl.de\/markt\/produkt\/e27-led-edison-screw-gluehbirne-9w-entspricht-60w-gluehlampen-led-leuchtmittel-e27-a60-e27-fassung-led-energiesparlampe-warmweiss-3000k-820lm-kein-flimmern-kein-dimmbar-ac-85-265v-6er-pack\/\" \/>\n<meta property=\"og:locale\" content=\"de_DE\" \/>\n<meta property=\"og:type\" content=\"article\" \/>\n<meta property=\"og:title\" content=\"E27 LED Edison Screw Gl\u00fchbirne 9W Entspricht 60W Gl\u00fchlampen, led leuchtmittel e27, A60 E27 Fassung LED Energiesparlampe\u2026 - Markt-XXL\" \/>\n<meta property=\"og:description\" content=\"Markt-XXL E27 LED Edison Screw Gl\u00fchbirne 9W Entspricht 60W Gl\u00fchlampen, led leuchtmittel e27, A60 E27 Fassung LED Energiesparlampe\u2026\" \/>\n<meta property=\"og:url\" content=\"https:\/\/marktxxl.de\/markt\/produkt\/e27-led-edison-screw-gluehbirne-9w-entspricht-60w-gluehlampen-led-leuchtmittel-e27-a60-e27-fassung-led-energiesparlampe-warmweiss-3000k-820lm-kein-flimmern-kein-dimmbar-ac-85-265v-6er-pack\/\" \/>\n<meta property=\"og:site_name\" content=\"Markt-XXL\" \/>\n<meta property=\"article:modified_time\" content=\"2023-04-10T00:11:13+00:00\" \/>\n<meta property=\"og:image\" content=\"https:\/\/m.media-amazon.com\/images\/I\/41WhyjVCepL._SL500_.jpg\" \/>\n\t<meta property=\"og:image:width\" content=\"500\" \/>\n\t<meta property=\"og:image:height\" content=\"500\" \/>\n\t<meta property=\"og:image:type\" content=\"image\/jpeg\" \/>\n<meta name=\"twitter:card\" content=\"summary_large_image\" \/>\n<meta name=\"twitter:label1\" content=\"Gesch\u00e4tzte Lesezeit\" \/>\n\t<meta name=\"twitter:data1\" content=\"1\u00a0Minute\" \/>\n<script type=\"application\/ld+json\" class=\"yoast-schema-graph\">{\"@context\":\"https:\\\/\\\/schema.org\",\"@graph\":[{\"@type\":\"WebPage\",\"@id\":\"https:\\\/\\\/marktxxl.de\\\/markt\\\/produkt\\\/e27-led-edison-screw-gluehbirne-9w-entspricht-60w-gluehlampen-led-leuchtmittel-e27-a60-e27-fassung-led-energiesparlampe-warmweiss-3000k-820lm-kein-flimmern-kein-dimmbar-ac-85-265v-6er-pack\\\/\",\"url\":\"https:\\\/\\\/marktxxl.de\\\/markt\\\/produkt\\\/e27-led-edison-screw-gluehbirne-9w-entspricht-60w-gluehlampen-led-leuchtmittel-e27-a60-e27-fassung-led-energiesparlampe-warmweiss-3000k-820lm-kein-flimmern-kein-dimmbar-ac-85-265v-6er-pack\\\/\",\"name\":\"E27 LED Edison Screw Gl\u00fchbirne 9W Entspricht 60W Gl\u00fchlampen, led leuchtmittel e27, A60 E27 Fassung LED Energiesparlampe\u2026 - Markt-XXL\",\"isPartOf\":{\"@id\":\"https:\\\/\\\/marktxxl.de\\\/markt\\\/#website\"},\"primaryImageOfPage\":{\"@id\":\"https:\\\/\\\/marktxxl.de\\\/markt\\\/produkt\\\/e27-led-edison-screw-gluehbirne-9w-entspricht-60w-gluehlampen-led-leuchtmittel-e27-a60-e27-fassung-led-energiesparlampe-warmweiss-3000k-820lm-kein-flimmern-kein-dimmbar-ac-85-265v-6er-pack\\\/#primaryimage\"},\"image\":{\"@id\":\"https:\\\/\\\/marktxxl.de\\\/markt\\\/produkt\\\/e27-led-edison-screw-gluehbirne-9w-entspricht-60w-gluehlampen-led-leuchtmittel-e27-a60-e27-fassung-led-energiesparlampe-warmweiss-3000k-820lm-kein-flimmern-kein-dimmbar-ac-85-265v-6er-pack\\\/#primaryimage\"},\"thumbnailUrl\":\"https:\\\/\\\/m.media-amazon.com\\\/images\\\/I\\\/41WhyjVCepL._SL500_.jpg\",\"datePublished\":\"2021-10-13T22:42:40+00:00\",\"dateModified\":\"2023-04-10T00:11:13+00:00\",\"description\":\"Markt-XXL E27 LED Edison Screw Gl\u00fchbirne 9W Entspricht 60W Gl\u00fchlampen, led leuchtmittel e27, A60 E27 Fassung LED Energiesparlampe\u2026\",\"breadcrumb\":{\"@id\":\"https:\\\/\\\/marktxxl.de\\\/markt\\\/produkt\\\/e27-led-edison-screw-gluehbirne-9w-entspricht-60w-gluehlampen-led-leuchtmittel-e27-a60-e27-fassung-led-energiesparlampe-warmweiss-3000k-820lm-kein-flimmern-kein-dimmbar-ac-85-265v-6er-pack\\\/#breadcrumb\"},\"inLanguage\":\"de\",\"potentialAction\":[{\"@type\":\"ReadAction\",\"target\":[\"https:\\\/\\\/marktxxl.de\\\/markt\\\/produkt\\\/e27-led-edison-screw-gluehbirne-9w-entspricht-60w-gluehlampen-led-leuchtmittel-e27-a60-e27-fassung-led-energiesparlampe-warmweiss-3000k-820lm-kein-flimmern-kein-dimmbar-ac-85-265v-6er-pack\\\/\"]}]},{\"@type\":\"ImageObject\",\"inLanguage\":\"de\",\"@id\":\"https:\\\/\\\/marktxxl.de\\\/markt\\\/produkt\\\/e27-led-edison-screw-gluehbirne-9w-entspricht-60w-gluehlampen-led-leuchtmittel-e27-a60-e27-fassung-led-energiesparlampe-warmweiss-3000k-820lm-kein-flimmern-kein-dimmbar-ac-85-265v-6er-pack\\\/#primaryimage\",\"url\":\"https:\\\/\\\/m.media-amazon.com\\\/images\\\/I\\\/41WhyjVCepL._SL500_.jpg\",\"contentUrl\":\"https:\\\/\\\/m.media-amazon.com\\\/images\\\/I\\\/41WhyjVCepL._SL500_.jpg\",\"width\":500,\"height\":500},{\"@type\":\"BreadcrumbList\",\"@id\":\"https:\\\/\\\/marktxxl.de\\\/markt\\\/produkt\\\/e27-led-edison-screw-gluehbirne-9w-entspricht-60w-gluehlampen-led-leuchtmittel-e27-a60-e27-fassung-led-energiesparlampe-warmweiss-3000k-820lm-kein-flimmern-kein-dimmbar-ac-85-265v-6er-pack\\\/#breadcrumb\",\"itemListElement\":[{\"@type\":\"ListItem\",\"position\":1,\"name\":\"Startseite\",\"item\":\"https:\\\/\\\/marktxxl.de\\\/markt\\\/\"},{\"@type\":\"ListItem\",\"position\":2,\"name\":\"Markt\",\"item\":\"https:\\\/\\\/marktxxl.de\\\/markt\\\/\"},{\"@type\":\"ListItem\",\"position\":3,\"name\":\"E27 LED Edison Screw Gl\u00fchbirne 9W Entspricht 60W Gl\u00fchlampen, led leuchtmittel e27, A60 E27 Fassung LED Energiesparlampe\u2026\"}]},{\"@type\":\"WebSite\",\"@id\":\"https:\\\/\\\/marktxxl.de\\\/markt\\\/#website\",\"url\":\"https:\\\/\\\/marktxxl.de\\\/markt\\\/\",\"name\":\"Markt-XXL\",\"description\":\"Ihr Markt Online\",\"publisher\":{\"@id\":\"https:\\\/\\\/marktxxl.de\\\/markt\\\/#organization\"},\"potentialAction\":[{\"@type\":\"SearchAction\",\"target\":{\"@type\":\"EntryPoint\",\"urlTemplate\":\"https:\\\/\\\/marktxxl.de\\\/markt\\\/?s={search_term_string}\"},\"query-input\":{\"@type\":\"PropertyValueSpecification\",\"valueRequired\":true,\"valueName\":\"search_term_string\"}}],\"inLanguage\":\"de\"},{\"@type\":\"Organization\",\"@id\":\"https:\\\/\\\/marktxxl.de\\\/markt\\\/#organization\",\"name\":\"Markt-XXL\",\"url\":\"https:\\\/\\\/marktxxl.de\\\/markt\\\/\",\"logo\":{\"@type\":\"ImageObject\",\"inLanguage\":\"de\",\"@id\":\"https:\\\/\\\/marktxxl.de\\\/markt\\\/#\\\/schema\\\/logo\\\/image\\\/\",\"url\":\"https:\\\/\\\/marktxxl.de\\\/markt\\\/wp-content\\\/uploads\\\/sites\\\/3\\\/2020\\\/12\\\/logo.png\",\"contentUrl\":\"https:\\\/\\\/marktxxl.de\\\/markt\\\/wp-content\\\/uploads\\\/sites\\\/3\\\/2020\\\/12\\\/logo.png\",\"width\":200,\"height\":70,\"caption\":\"Markt-XXL\"},\"image\":{\"@id\":\"https:\\\/\\\/marktxxl.de\\\/markt\\\/#\\\/schema\\\/logo\\\/image\\\/\"}}]}<\/script>\n<!-- \/ Yoast SEO plugin. -->","yoast_head_json":{"title":"E27 LED Edison Screw Gl\u00fchbirne 9W Entspricht 60W Gl\u00fchlampen, led leuchtmittel e27, A60 E27 Fassung LED Energiesparlampe\u2026 - Markt-XXL","description":"Markt-XXL E27 LED Edison Screw Gl\u00fchbirne 9W Entspricht 60W Gl\u00fchlampen, led leuchtmittel e27, A60 E27 Fassung LED Energiesparlampe\u2026","robots":{"index":"index","follow":"follow","max-snippet":"max-snippet:-1","max-image-preview":"max-image-preview:large","max-video-preview":"max-video-preview:-1"},"canonical":"https:\/\/marktxxl.de\/markt\/produkt\/e27-led-edison-screw-gluehbirne-9w-entspricht-60w-gluehlampen-led-leuchtmittel-e27-a60-e27-fassung-led-energiesparlampe-warmweiss-3000k-820lm-kein-flimmern-kein-dimmbar-ac-85-265v-6er-pack\/","og_locale":"de_DE","og_type":"article","og_title":"E27 LED Edison Screw Gl\u00fchbirne 9W Entspricht 60W Gl\u00fchlampen, led leuchtmittel e27, A60 E27 Fassung LED Energiesparlampe\u2026 - Markt-XXL","og_description":"Markt-XXL E27 LED Edison Screw Gl\u00fchbirne 9W Entspricht 60W Gl\u00fchlampen, led leuchtmittel e27, A60 E27 Fassung LED Energiesparlampe\u2026","og_url":"https:\/\/marktxxl.de\/markt\/produkt\/e27-led-edison-screw-gluehbirne-9w-entspricht-60w-gluehlampen-led-leuchtmittel-e27-a60-e27-fassung-led-energiesparlampe-warmweiss-3000k-820lm-kein-flimmern-kein-dimmbar-ac-85-265v-6er-pack\/","og_site_name":"Markt-XXL","article_modified_time":"2023-04-10T00:11:13+00:00","og_image":[{"width":500,"height":500,"url":"https:\/\/m.media-amazon.com\/images\/I\/41WhyjVCepL._SL500_.jpg","type":"image\/jpeg"}],"twitter_card":"summary_large_image","twitter_misc":{"Gesch\u00e4tzte Lesezeit":"1\u00a0Minute"},"schema":{"@context":"https:\/\/schema.org","@graph":[{"@type":"WebPage","@id":"https:\/\/marktxxl.de\/markt\/produkt\/e27-led-edison-screw-gluehbirne-9w-entspricht-60w-gluehlampen-led-leuchtmittel-e27-a60-e27-fassung-led-energiesparlampe-warmweiss-3000k-820lm-kein-flimmern-kein-dimmbar-ac-85-265v-6er-pack\/","url":"https:\/\/marktxxl.de\/markt\/produkt\/e27-led-edison-screw-gluehbirne-9w-entspricht-60w-gluehlampen-led-leuchtmittel-e27-a60-e27-fassung-led-energiesparlampe-warmweiss-3000k-820lm-kein-flimmern-kein-dimmbar-ac-85-265v-6er-pack\/","name":"E27 LED Edison Screw Gl\u00fchbirne 9W Entspricht 60W Gl\u00fchlampen, led leuchtmittel e27, A60 E27 Fassung LED Energiesparlampe\u2026 - Markt-XXL","isPartOf":{"@id":"https:\/\/marktxxl.de\/markt\/#website"},"primaryImageOfPage":{"@id":"https:\/\/marktxxl.de\/markt\/produkt\/e27-led-edison-screw-gluehbirne-9w-entspricht-60w-gluehlampen-led-leuchtmittel-e27-a60-e27-fassung-led-energiesparlampe-warmweiss-3000k-820lm-kein-flimmern-kein-dimmbar-ac-85-265v-6er-pack\/#primaryimage"},"image":{"@id":"https:\/\/marktxxl.de\/markt\/produkt\/e27-led-edison-screw-gluehbirne-9w-entspricht-60w-gluehlampen-led-leuchtmittel-e27-a60-e27-fassung-led-energiesparlampe-warmweiss-3000k-820lm-kein-flimmern-kein-dimmbar-ac-85-265v-6er-pack\/#primaryimage"},"thumbnailUrl":"https:\/\/m.media-amazon.com\/images\/I\/41WhyjVCepL._SL500_.jpg","datePublished":"2021-10-13T22:42:40+00:00","dateModified":"2023-04-10T00:11:13+00:00","description":"Markt-XXL E27 LED Edison Screw Gl\u00fchbirne 9W Entspricht 60W Gl\u00fchlampen, led leuchtmittel e27, A60 E27 Fassung LED Energiesparlampe\u2026","breadcrumb":{"@id":"https:\/\/marktxxl.de\/markt\/produkt\/e27-led-edison-screw-gluehbirne-9w-entspricht-60w-gluehlampen-led-leuchtmittel-e27-a60-e27-fassung-led-energiesparlampe-warmweiss-3000k-820lm-kein-flimmern-kein-dimmbar-ac-85-265v-6er-pack\/#breadcrumb"},"inLanguage":"de","potentialAction":[{"@type":"ReadAction","target":["https:\/\/marktxxl.de\/markt\/produkt\/e27-led-edison-screw-gluehbirne-9w-entspricht-60w-gluehlampen-led-leuchtmittel-e27-a60-e27-fassung-led-energiesparlampe-warmweiss-3000k-820lm-kein-flimmern-kein-dimmbar-ac-85-265v-6er-pack\/"]}]},{"@type":"ImageObject","inLanguage":"de","@id":"https:\/\/marktxxl.de\/markt\/produkt\/e27-led-edison-screw-gluehbirne-9w-entspricht-60w-gluehlampen-led-leuchtmittel-e27-a60-e27-fassung-led-energiesparlampe-warmweiss-3000k-820lm-kein-flimmern-kein-dimmbar-ac-85-265v-6er-pack\/#primaryimage","url":"https:\/\/m.media-amazon.com\/images\/I\/41WhyjVCepL._SL500_.jpg","contentUrl":"https:\/\/m.media-amazon.com\/images\/I\/41WhyjVCepL._SL500_.jpg","width":500,"height":500},{"@type":"BreadcrumbList","@id":"https:\/\/marktxxl.de\/markt\/produkt\/e27-led-edison-screw-gluehbirne-9w-entspricht-60w-gluehlampen-led-leuchtmittel-e27-a60-e27-fassung-led-energiesparlampe-warmweiss-3000k-820lm-kein-flimmern-kein-dimmbar-ac-85-265v-6er-pack\/#breadcrumb","itemListElement":[{"@type":"ListItem","position":1,"name":"Startseite","item":"https:\/\/marktxxl.de\/markt\/"},{"@type":"ListItem","position":2,"name":"Markt","item":"https:\/\/marktxxl.de\/markt\/"},{"@type":"ListItem","position":3,"name":"E27 LED Edison Screw Gl\u00fchbirne 9W Entspricht 60W Gl\u00fchlampen, led leuchtmittel e27, A60 E27 Fassung LED Energiesparlampe\u2026"}]},{"@type":"WebSite","@id":"https:\/\/marktxxl.de\/markt\/#website","url":"https:\/\/marktxxl.de\/markt\/","name":"Markt-XXL","description":"Ihr Markt Online","publisher":{"@id":"https:\/\/marktxxl.de\/markt\/#organization"},"potentialAction":[{"@type":"SearchAction","target":{"@type":"EntryPoint","urlTemplate":"https:\/\/marktxxl.de\/markt\/?s={search_term_string}"},"query-input":{"@type":"PropertyValueSpecification","valueRequired":true,"valueName":"search_term_string"}}],"inLanguage":"de"},{"@type":"Organization","@id":"https:\/\/marktxxl.de\/markt\/#organization","name":"Markt-XXL","url":"https:\/\/marktxxl.de\/markt\/","logo":{"@type":"ImageObject","inLanguage":"de","@id":"https:\/\/marktxxl.de\/markt\/#\/schema\/logo\/image\/","url":"https:\/\/marktxxl.de\/markt\/wp-content\/uploads\/sites\/3\/2020\/12\/logo.png","contentUrl":"https:\/\/marktxxl.de\/markt\/wp-content\/uploads\/sites\/3\/2020\/12\/logo.png","width":200,"height":70,"caption":"Markt-XXL"},"image":{"@id":"https:\/\/marktxxl.de\/markt\/#\/schema\/logo\/image\/"}}]}},"_links":{"self":[{"href":"https:\/\/marktxxl.de\/markt\/wp-json\/wp\/v2\/product\/56781","targetHints":{"allow":["GET"]}}],"collection":[{"href":"https:\/\/marktxxl.de\/markt\/wp-json\/wp\/v2\/product"}],"about":[{"href":"https:\/\/marktxxl.de\/markt\/wp-json\/wp\/v2\/types\/product"}],"replies":[{"embeddable":true,"href":"https:\/\/marktxxl.de\/markt\/wp-json\/wp\/v2\/comments?post=56781"}],"wp:featuredmedia":[{"embeddable":true,"href":"https:\/\/marktxxl.de\/markt\/wp-json\/wp\/v2\/media\/56782"}],"wp:attachment":[{"href":"https:\/\/marktxxl.de\/markt\/wp-json\/wp\/v2\/media?parent=56781"}],"wp:term":[{"taxonomy":"product_brand","embeddable":true,"href":"https:\/\/marktxxl.de\/markt\/wp-json\/wp\/v2\/product_brand?post=56781"},{"taxonomy":"product_cat","embeddable":true,"href":"https:\/\/marktxxl.de\/markt\/wp-json\/wp\/v2\/product_cat?post=56781"},{"taxonomy":"product_tag","embeddable":true,"href":"https:\/\/marktxxl.de\/markt\/wp-json\/wp\/v2\/product_tag?post=56781"}],"curies":[{"name":"wp","href":"https:\/\/api.w.org\/{rel}","templated":true}]}}