{"id":56722,"date":"2021-10-14T00:42:24","date_gmt":"2021-10-13T22:42:24","guid":{"rendered":"https:\/\/marktxxl.de\/markt\/produkt\/talking-tables-boho-papierservietten-mit-buntem-blumenmotiv-33-cm-20-stueck-in-1-design\/"},"modified":"2023-04-10T02:11:13","modified_gmt":"2023-04-10T00:11:13","slug":"talking-tables-boho-papierservietten-mit-buntem-blumenmotiv-33-cm-20-stueck-in-1-design","status":"publish","type":"product","link":"https:\/\/marktxxl.de\/markt\/produkt\/talking-tables-boho-papierservietten-mit-buntem-blumenmotiv-33-cm-20-stueck-in-1-design\/","title":{"rendered":"20 bunte Papierservietten mit Blumenmotiv von Talking Tables. Einweg Servietten ideal zum Grillen, f\u00fcr Picknicks, Garten\u2026"},"content":{"rendered":"<p>ELEGANZ \u2013 Mit unseren eleganten Designs gelingt m\u00fchelos eine gem\u00fctliche Teerunde oder ein Kaffeeklatsch zuhause, im Garten oder sogar ein Mini-Festival im Freien!<br \/>\nGR\u00d6SSE \u2013 Gr\u00f6\u00dfe von ungefalteten Servietten 25 cm x 25 cm. Erh\u00e4ltlich in einer Packung zu 20 St\u00fcck.<br \/>\nMIX &amp; MATCH \u2013 Um den Look zu vervollst\u00e4ndigen, f\u00fchren wir auch Pappteller, Tassen und ein passendes Sortiment anderer Artikel im gleichen Design. Diese Artikel sind in unserem Amazon-Shop verf\u00fcgbar und passen perfekt zum Partymotto.<br \/>\nUMWELTFREUNDLICH \u2013 Talking Tables setzt sich f\u00fcr nachhaltige Praktiken und den Umweltschutz ein. Wir entwickeln unsere eigenen Produkte und arbeiten mit gleichgesinnten Lieferanten zusammen, um umweltfreundliche Verfahren zu gew\u00e4hrleisten; angefangen bei den von uns verwendeten Materialien \u00fcber den Produktionsprozess bis hin zur kunststofffreien Verpackung. Wir setzen uns st\u00e4ndig ein, um unsere Produkte und Produktionsmethoden proaktiv zu aktualisieren, damit unsere Auswirkungen auf die Umwelt reduziert werden.<br \/>\nPARTYZUBEH\u00d6R -\u2013 Talking Tables spezialisiert sich auf hochwertige Partydekorationen, die jeder Feier mehr Glanz und Zauber verleihen. Besuchen Sie unseren Amazon-Shop, um die gesamte Produktpalette zu sehen!<br \/>\n<div class=\"main-cross-sell\" data-asin=\"B078HT8CL2\">\n\n\t<div class=\"WooZone-cross-sell-loader\">\n\t\t<div>\n\t\t\t<div id=\"floatingBarsG\">\n\t\t\t\t<div class=\"blockG\" id=\"rotateG_01\"><\/div>\n\t\t\t\t<div class=\"blockG\" id=\"rotateG_02\"><\/div>\n\t\t\t\t<div class=\"blockG\" id=\"rotateG_03\"><\/div>\n\t\t\t\t<div class=\"blockG\" id=\"rotateG_04\"><\/div>\n\t\t\t\t<div class=\"blockG\" id=\"rotateG_05\"><\/div>\n\t\t\t\t<div class=\"blockG\" id=\"rotateG_06\"><\/div>\n\t\t\t\t<div class=\"blockG\" id=\"rotateG_07\"><\/div>\n\t\t\t\t<div class=\"blockG\" id=\"rotateG_08\"><\/div>\n\t\t\t<\/div>\n\t\t\t<div class=\"WooZone-cross-sell-loader-text\"><\/div>\n\t\t<\/div>\n\t<\/div>\n\n\t\t\n<\/div>\n<div style=\"clear:both;\"><\/div><\/p>\n","protected":false},"excerpt":{"rendered":"<p>ELEGANZ \u2013 Mit unseren eleganten Designs gelingt m\u00fchelos eine gem\u00fctliche Teerunde oder ein Kaffeeklatsch zuhause, im Garten oder sogar ein Mini-Festival im Freien!<br \/>\nGR\u00d6SSE \u2013 Gr\u00f6\u00dfe von ungefalteten Servietten 25 cm x 25 cm. Erh\u00e4ltlich in einer Packung zu 20 St\u00fcck.<br \/>\nMIX &amp; MATCH \u2013 Um den Look zu vervollst\u00e4ndigen, f\u00fchren wir auch Pappteller, Tassen und ein passendes Sortiment anderer Artikel im gleichen Design. Diese Artikel sind in unserem Amazon-Shop verf\u00fcgbar und passen perfekt zum Partymotto.<\/p>\n","protected":false},"featured_media":56723,"comment_status":"open","ping_status":"closed","template":"","meta":[],"product_brand":[],"product_cat":[2108,15622],"product_tag":[],"class_list":{"0":"post-56722","1":"product","2":"type-product","3":"status-publish","4":"has-post-thumbnail","6":"product_cat-beleuchtung","7":"product_cat-lichterketten","8":"pa_binding-haushaltswaren","9":"pa_brand-talking-tables","10":"pa_brand-thames-hudson","11":"pa_height-7-87-zoll","12":"pa_length-0-59-zoll","13":"pa_manufacturer-talking-tables","14":"pa_model-boho-napkin-floral","15":"pa_size-pack-of-20-33-x-33cm-13-x-13","16":"pa_weight-0-12-pfund","17":"pa_width-7-87-zoll","19":"first","20":"instock","21":"shipping-taxable","22":"purchasable","23":"product-type-simple","24":"customify-col","25":"product-has-gallery"},"yoast_head":"<!-- This site is optimized with the Yoast SEO plugin v27.4 - https:\/\/yoast.com\/product\/yoast-seo-wordpress\/ -->\n<title>20 bunte Papierservietten mit Blumenmotiv von Talking Tables. Einweg Servietten ideal zum Grillen, f\u00fcr Picknicks, Garten\u2026 - Markt-XXL<\/title>\n<meta name=\"description\" content=\"Markt-XXL 20 bunte Papierservietten mit Blumenmotiv von Talking Tables. Einweg Servietten ideal zum Grillen, f\u00fcr Picknicks, Garten\u2026\" \/>\n<meta name=\"robots\" content=\"index, follow, max-snippet:-1, max-image-preview:large, max-video-preview:-1\" \/>\n<link rel=\"canonical\" href=\"https:\/\/marktxxl.de\/markt\/produkt\/talking-tables-boho-papierservietten-mit-buntem-blumenmotiv-33-cm-20-stueck-in-1-design\/\" \/>\n<meta property=\"og:locale\" content=\"de_DE\" \/>\n<meta property=\"og:type\" content=\"article\" \/>\n<meta property=\"og:title\" content=\"20 bunte Papierservietten mit Blumenmotiv von Talking Tables. Einweg Servietten ideal zum Grillen, f\u00fcr Picknicks, Garten\u2026 - Markt-XXL\" \/>\n<meta property=\"og:description\" content=\"Markt-XXL 20 bunte Papierservietten mit Blumenmotiv von Talking Tables. Einweg Servietten ideal zum Grillen, f\u00fcr Picknicks, Garten\u2026\" \/>\n<meta property=\"og:url\" content=\"https:\/\/marktxxl.de\/markt\/produkt\/talking-tables-boho-papierservietten-mit-buntem-blumenmotiv-33-cm-20-stueck-in-1-design\/\" \/>\n<meta property=\"og:site_name\" content=\"Markt-XXL\" \/>\n<meta property=\"article:modified_time\" content=\"2023-04-10T00:11:13+00:00\" \/>\n<meta property=\"og:image\" content=\"https:\/\/m.media-amazon.com\/images\/I\/51jAEnSZN2L._SL500_.jpg\" \/>\n\t<meta property=\"og:image:width\" content=\"500\" \/>\n\t<meta property=\"og:image:height\" content=\"500\" \/>\n\t<meta property=\"og:image:type\" content=\"image\/jpeg\" \/>\n<meta name=\"twitter:card\" content=\"summary_large_image\" \/>\n<meta name=\"twitter:label1\" content=\"Gesch\u00e4tzte Lesezeit\" \/>\n\t<meta name=\"twitter:data1\" content=\"1\u00a0Minute\" \/>\n<script type=\"application\/ld+json\" class=\"yoast-schema-graph\">{\"@context\":\"https:\\\/\\\/schema.org\",\"@graph\":[{\"@type\":\"WebPage\",\"@id\":\"https:\\\/\\\/marktxxl.de\\\/markt\\\/produkt\\\/talking-tables-boho-papierservietten-mit-buntem-blumenmotiv-33-cm-20-stueck-in-1-design\\\/\",\"url\":\"https:\\\/\\\/marktxxl.de\\\/markt\\\/produkt\\\/talking-tables-boho-papierservietten-mit-buntem-blumenmotiv-33-cm-20-stueck-in-1-design\\\/\",\"name\":\"20 bunte Papierservietten mit Blumenmotiv von Talking Tables. Einweg Servietten ideal zum Grillen, f\u00fcr Picknicks, Garten\u2026 - Markt-XXL\",\"isPartOf\":{\"@id\":\"https:\\\/\\\/marktxxl.de\\\/markt\\\/#website\"},\"primaryImageOfPage\":{\"@id\":\"https:\\\/\\\/marktxxl.de\\\/markt\\\/produkt\\\/talking-tables-boho-papierservietten-mit-buntem-blumenmotiv-33-cm-20-stueck-in-1-design\\\/#primaryimage\"},\"image\":{\"@id\":\"https:\\\/\\\/marktxxl.de\\\/markt\\\/produkt\\\/talking-tables-boho-papierservietten-mit-buntem-blumenmotiv-33-cm-20-stueck-in-1-design\\\/#primaryimage\"},\"thumbnailUrl\":\"https:\\\/\\\/m.media-amazon.com\\\/images\\\/I\\\/51jAEnSZN2L._SL500_.jpg\",\"datePublished\":\"2021-10-13T22:42:24+00:00\",\"dateModified\":\"2023-04-10T00:11:13+00:00\",\"description\":\"Markt-XXL 20 bunte Papierservietten mit Blumenmotiv von Talking Tables. Einweg Servietten ideal zum Grillen, f\u00fcr Picknicks, Garten\u2026\",\"breadcrumb\":{\"@id\":\"https:\\\/\\\/marktxxl.de\\\/markt\\\/produkt\\\/talking-tables-boho-papierservietten-mit-buntem-blumenmotiv-33-cm-20-stueck-in-1-design\\\/#breadcrumb\"},\"inLanguage\":\"de\",\"potentialAction\":[{\"@type\":\"ReadAction\",\"target\":[\"https:\\\/\\\/marktxxl.de\\\/markt\\\/produkt\\\/talking-tables-boho-papierservietten-mit-buntem-blumenmotiv-33-cm-20-stueck-in-1-design\\\/\"]}]},{\"@type\":\"ImageObject\",\"inLanguage\":\"de\",\"@id\":\"https:\\\/\\\/marktxxl.de\\\/markt\\\/produkt\\\/talking-tables-boho-papierservietten-mit-buntem-blumenmotiv-33-cm-20-stueck-in-1-design\\\/#primaryimage\",\"url\":\"https:\\\/\\\/m.media-amazon.com\\\/images\\\/I\\\/51jAEnSZN2L._SL500_.jpg\",\"contentUrl\":\"https:\\\/\\\/m.media-amazon.com\\\/images\\\/I\\\/51jAEnSZN2L._SL500_.jpg\",\"width\":500,\"height\":500},{\"@type\":\"BreadcrumbList\",\"@id\":\"https:\\\/\\\/marktxxl.de\\\/markt\\\/produkt\\\/talking-tables-boho-papierservietten-mit-buntem-blumenmotiv-33-cm-20-stueck-in-1-design\\\/#breadcrumb\",\"itemListElement\":[{\"@type\":\"ListItem\",\"position\":1,\"name\":\"Startseite\",\"item\":\"https:\\\/\\\/marktxxl.de\\\/markt\\\/\"},{\"@type\":\"ListItem\",\"position\":2,\"name\":\"Markt\",\"item\":\"https:\\\/\\\/marktxxl.de\\\/markt\\\/\"},{\"@type\":\"ListItem\",\"position\":3,\"name\":\"20 bunte Papierservietten mit Blumenmotiv von Talking Tables. Einweg Servietten ideal zum Grillen, f\u00fcr Picknicks, Garten\u2026\"}]},{\"@type\":\"WebSite\",\"@id\":\"https:\\\/\\\/marktxxl.de\\\/markt\\\/#website\",\"url\":\"https:\\\/\\\/marktxxl.de\\\/markt\\\/\",\"name\":\"Markt-XXL\",\"description\":\"Ihr Markt Online\",\"publisher\":{\"@id\":\"https:\\\/\\\/marktxxl.de\\\/markt\\\/#organization\"},\"potentialAction\":[{\"@type\":\"SearchAction\",\"target\":{\"@type\":\"EntryPoint\",\"urlTemplate\":\"https:\\\/\\\/marktxxl.de\\\/markt\\\/?s={search_term_string}\"},\"query-input\":{\"@type\":\"PropertyValueSpecification\",\"valueRequired\":true,\"valueName\":\"search_term_string\"}}],\"inLanguage\":\"de\"},{\"@type\":\"Organization\",\"@id\":\"https:\\\/\\\/marktxxl.de\\\/markt\\\/#organization\",\"name\":\"Markt-XXL\",\"url\":\"https:\\\/\\\/marktxxl.de\\\/markt\\\/\",\"logo\":{\"@type\":\"ImageObject\",\"inLanguage\":\"de\",\"@id\":\"https:\\\/\\\/marktxxl.de\\\/markt\\\/#\\\/schema\\\/logo\\\/image\\\/\",\"url\":\"https:\\\/\\\/marktxxl.de\\\/markt\\\/wp-content\\\/uploads\\\/sites\\\/3\\\/2020\\\/12\\\/logo.png\",\"contentUrl\":\"https:\\\/\\\/marktxxl.de\\\/markt\\\/wp-content\\\/uploads\\\/sites\\\/3\\\/2020\\\/12\\\/logo.png\",\"width\":200,\"height\":70,\"caption\":\"Markt-XXL\"},\"image\":{\"@id\":\"https:\\\/\\\/marktxxl.de\\\/markt\\\/#\\\/schema\\\/logo\\\/image\\\/\"}}]}<\/script>\n<!-- \/ Yoast SEO plugin. -->","yoast_head_json":{"title":"20 bunte Papierservietten mit Blumenmotiv von Talking Tables. Einweg Servietten ideal zum Grillen, f\u00fcr Picknicks, Garten\u2026 - Markt-XXL","description":"Markt-XXL 20 bunte Papierservietten mit Blumenmotiv von Talking Tables. Einweg Servietten ideal zum Grillen, f\u00fcr Picknicks, Garten\u2026","robots":{"index":"index","follow":"follow","max-snippet":"max-snippet:-1","max-image-preview":"max-image-preview:large","max-video-preview":"max-video-preview:-1"},"canonical":"https:\/\/marktxxl.de\/markt\/produkt\/talking-tables-boho-papierservietten-mit-buntem-blumenmotiv-33-cm-20-stueck-in-1-design\/","og_locale":"de_DE","og_type":"article","og_title":"20 bunte Papierservietten mit Blumenmotiv von Talking Tables. Einweg Servietten ideal zum Grillen, f\u00fcr Picknicks, Garten\u2026 - Markt-XXL","og_description":"Markt-XXL 20 bunte Papierservietten mit Blumenmotiv von Talking Tables. Einweg Servietten ideal zum Grillen, f\u00fcr Picknicks, Garten\u2026","og_url":"https:\/\/marktxxl.de\/markt\/produkt\/talking-tables-boho-papierservietten-mit-buntem-blumenmotiv-33-cm-20-stueck-in-1-design\/","og_site_name":"Markt-XXL","article_modified_time":"2023-04-10T00:11:13+00:00","og_image":[{"width":500,"height":500,"url":"https:\/\/m.media-amazon.com\/images\/I\/51jAEnSZN2L._SL500_.jpg","type":"image\/jpeg"}],"twitter_card":"summary_large_image","twitter_misc":{"Gesch\u00e4tzte Lesezeit":"1\u00a0Minute"},"schema":{"@context":"https:\/\/schema.org","@graph":[{"@type":"WebPage","@id":"https:\/\/marktxxl.de\/markt\/produkt\/talking-tables-boho-papierservietten-mit-buntem-blumenmotiv-33-cm-20-stueck-in-1-design\/","url":"https:\/\/marktxxl.de\/markt\/produkt\/talking-tables-boho-papierservietten-mit-buntem-blumenmotiv-33-cm-20-stueck-in-1-design\/","name":"20 bunte Papierservietten mit Blumenmotiv von Talking Tables. Einweg Servietten ideal zum Grillen, f\u00fcr Picknicks, Garten\u2026 - Markt-XXL","isPartOf":{"@id":"https:\/\/marktxxl.de\/markt\/#website"},"primaryImageOfPage":{"@id":"https:\/\/marktxxl.de\/markt\/produkt\/talking-tables-boho-papierservietten-mit-buntem-blumenmotiv-33-cm-20-stueck-in-1-design\/#primaryimage"},"image":{"@id":"https:\/\/marktxxl.de\/markt\/produkt\/talking-tables-boho-papierservietten-mit-buntem-blumenmotiv-33-cm-20-stueck-in-1-design\/#primaryimage"},"thumbnailUrl":"https:\/\/m.media-amazon.com\/images\/I\/51jAEnSZN2L._SL500_.jpg","datePublished":"2021-10-13T22:42:24+00:00","dateModified":"2023-04-10T00:11:13+00:00","description":"Markt-XXL 20 bunte Papierservietten mit Blumenmotiv von Talking Tables. Einweg Servietten ideal zum Grillen, f\u00fcr Picknicks, Garten\u2026","breadcrumb":{"@id":"https:\/\/marktxxl.de\/markt\/produkt\/talking-tables-boho-papierservietten-mit-buntem-blumenmotiv-33-cm-20-stueck-in-1-design\/#breadcrumb"},"inLanguage":"de","potentialAction":[{"@type":"ReadAction","target":["https:\/\/marktxxl.de\/markt\/produkt\/talking-tables-boho-papierservietten-mit-buntem-blumenmotiv-33-cm-20-stueck-in-1-design\/"]}]},{"@type":"ImageObject","inLanguage":"de","@id":"https:\/\/marktxxl.de\/markt\/produkt\/talking-tables-boho-papierservietten-mit-buntem-blumenmotiv-33-cm-20-stueck-in-1-design\/#primaryimage","url":"https:\/\/m.media-amazon.com\/images\/I\/51jAEnSZN2L._SL500_.jpg","contentUrl":"https:\/\/m.media-amazon.com\/images\/I\/51jAEnSZN2L._SL500_.jpg","width":500,"height":500},{"@type":"BreadcrumbList","@id":"https:\/\/marktxxl.de\/markt\/produkt\/talking-tables-boho-papierservietten-mit-buntem-blumenmotiv-33-cm-20-stueck-in-1-design\/#breadcrumb","itemListElement":[{"@type":"ListItem","position":1,"name":"Startseite","item":"https:\/\/marktxxl.de\/markt\/"},{"@type":"ListItem","position":2,"name":"Markt","item":"https:\/\/marktxxl.de\/markt\/"},{"@type":"ListItem","position":3,"name":"20 bunte Papierservietten mit Blumenmotiv von Talking Tables. Einweg Servietten ideal zum Grillen, f\u00fcr Picknicks, Garten\u2026"}]},{"@type":"WebSite","@id":"https:\/\/marktxxl.de\/markt\/#website","url":"https:\/\/marktxxl.de\/markt\/","name":"Markt-XXL","description":"Ihr Markt Online","publisher":{"@id":"https:\/\/marktxxl.de\/markt\/#organization"},"potentialAction":[{"@type":"SearchAction","target":{"@type":"EntryPoint","urlTemplate":"https:\/\/marktxxl.de\/markt\/?s={search_term_string}"},"query-input":{"@type":"PropertyValueSpecification","valueRequired":true,"valueName":"search_term_string"}}],"inLanguage":"de"},{"@type":"Organization","@id":"https:\/\/marktxxl.de\/markt\/#organization","name":"Markt-XXL","url":"https:\/\/marktxxl.de\/markt\/","logo":{"@type":"ImageObject","inLanguage":"de","@id":"https:\/\/marktxxl.de\/markt\/#\/schema\/logo\/image\/","url":"https:\/\/marktxxl.de\/markt\/wp-content\/uploads\/sites\/3\/2020\/12\/logo.png","contentUrl":"https:\/\/marktxxl.de\/markt\/wp-content\/uploads\/sites\/3\/2020\/12\/logo.png","width":200,"height":70,"caption":"Markt-XXL"},"image":{"@id":"https:\/\/marktxxl.de\/markt\/#\/schema\/logo\/image\/"}}]}},"_links":{"self":[{"href":"https:\/\/marktxxl.de\/markt\/wp-json\/wp\/v2\/product\/56722","targetHints":{"allow":["GET"]}}],"collection":[{"href":"https:\/\/marktxxl.de\/markt\/wp-json\/wp\/v2\/product"}],"about":[{"href":"https:\/\/marktxxl.de\/markt\/wp-json\/wp\/v2\/types\/product"}],"replies":[{"embeddable":true,"href":"https:\/\/marktxxl.de\/markt\/wp-json\/wp\/v2\/comments?post=56722"}],"wp:featuredmedia":[{"embeddable":true,"href":"https:\/\/marktxxl.de\/markt\/wp-json\/wp\/v2\/media\/56723"}],"wp:attachment":[{"href":"https:\/\/marktxxl.de\/markt\/wp-json\/wp\/v2\/media?parent=56722"}],"wp:term":[{"taxonomy":"product_brand","embeddable":true,"href":"https:\/\/marktxxl.de\/markt\/wp-json\/wp\/v2\/product_brand?post=56722"},{"taxonomy":"product_cat","embeddable":true,"href":"https:\/\/marktxxl.de\/markt\/wp-json\/wp\/v2\/product_cat?post=56722"},{"taxonomy":"product_tag","embeddable":true,"href":"https:\/\/marktxxl.de\/markt\/wp-json\/wp\/v2\/product_tag?post=56722"}],"curies":[{"name":"wp","href":"https:\/\/api.w.org\/{rel}","templated":true}]}}