{"id":56647,"date":"2021-10-14T00:39:45","date_gmt":"2021-10-13T22:39:45","guid":{"rendered":"https:\/\/marktxxl.de\/markt\/produkt\/led-pyramide-lichterkegel-beleuchtung-fuer-weihnachten-innen-aussen-acryl-figur-mit-trafo-ip44-timer-60-led-warm-weiss-90-cm-hoch-xmas-deko\/"},"modified":"2023-04-10T02:11:13","modified_gmt":"2023-04-10T00:11:13","slug":"led-pyramide-lichterkegel-beleuchtung-fuer-weihnachten-innen-aussen-acryl-figur-mit-trafo-ip44-timer-60-led-warm-weiss-90-cm-hoch-xmas-deko","status":"publish","type":"product","link":"https:\/\/marktxxl.de\/markt\/produkt\/led-pyramide-lichterkegel-beleuchtung-fuer-weihnachten-innen-aussen-acryl-figur-mit-trafo-ip44-timer-60-led-warm-weiss-90-cm-hoch-xmas-deko\/","title":{"rendered":"LED Pyramide Lichterkegel \u2013 Beleuchtung f\u00fcr Weihnachten innen au\u00dfen \u2013 Acryl-Figur mit Trafo IP44 Timer 60 LED warm-wei\u00df\u2026"},"content":{"rendered":"<p>Umwerfende Leuchtpyramide zur Winter- oder Weihnachts-Dekoration im Haus, in der Wohnung oder drau\u00dfen auf dem Balkon oder im Garten. Die Figur aus klarem Acryl funkelt wundersch\u00f6n, es spiegeln sich darin die Lichtpunkte der LED Beleuchtung.<br \/>\nDie Lichterpyramide ist mit einem wetterfesten Netzteil ausgestattet, so dass Sie die Lichtfigur auch in Ihrem Au\u00dfenbereich platzieren k\u00f6nnen &#8211; die Deko ist witterungsbest\u00e4ndig und trotzt W\u00e4rme, Sonne, Regen, Schnee und K\u00e4lte.<br \/>\nDie Installation der Lichtpyramide ist kinderleicht \u2013 einfach aufstellen und an der Steckdose anschlie\u00dfen. Integriert ist ein praktischer Timer \/ Zeitschaltuhr. Stellen Sie 6 Stunden Leuchtdauer ein, danach folgt eine 18 st\u00fcndige Pause. Somit m\u00fcssen Sie abends in der D\u00e4mmerung nicht einschalten und mitten in der Nacht im Dunkeln nicht ans Ausschalten denken. Timer und Dauerleuchtfunktion sind frei w\u00e4hlbar.<br \/>\n60 stromsparende warm wei\u00dfe LED\u00b4s sorgen f\u00fcr eine stimmungsvolle und gem\u00fctliche Atmosph\u00e4re. Zuleitung 5 Meter, transparentes Kabel, Schutzklasse IP44 CE. Bitte beachten: Das Design des Trafos kann leicht variieren.<br \/>\nErg\u00e4nzen Sie die Pyramide durch weitere tolle winterliche, weihnachtliche und sommerliche Leuchtdekorationen wie Lichterketten, Leuchtb\u00e4ume, Lichternetze, Leuchtvorh\u00e4nge, LED-Zweige, Kugeln, Sterne, Rentiere, Laternen und Kerzen aus unserem Sortiment.<br \/>\n<div class=\"main-cross-sell\" data-asin=\"B00DFVAT84\">\n\n\t<div class=\"WooZone-cross-sell-loader\">\n\t\t<div>\n\t\t\t<div id=\"floatingBarsG\">\n\t\t\t\t<div class=\"blockG\" id=\"rotateG_01\"><\/div>\n\t\t\t\t<div class=\"blockG\" id=\"rotateG_02\"><\/div>\n\t\t\t\t<div class=\"blockG\" id=\"rotateG_03\"><\/div>\n\t\t\t\t<div class=\"blockG\" id=\"rotateG_04\"><\/div>\n\t\t\t\t<div class=\"blockG\" id=\"rotateG_05\"><\/div>\n\t\t\t\t<div class=\"blockG\" id=\"rotateG_06\"><\/div>\n\t\t\t\t<div class=\"blockG\" id=\"rotateG_07\"><\/div>\n\t\t\t\t<div class=\"blockG\" id=\"rotateG_08\"><\/div>\n\t\t\t<\/div>\n\t\t\t<div class=\"WooZone-cross-sell-loader-text\"><\/div>\n\t\t<\/div>\n\t<\/div>\n\n\t\t\n<\/div>\n<div style=\"clear:both;\"><\/div><\/p>\n","protected":false},"excerpt":{"rendered":"<p>Umwerfende Leuchtpyramide zur Winter- oder Weihnachts-Dekoration im Haus, in der Wohnung oder drau\u00dfen auf dem Balkon oder im Garten. Die Figur aus klarem Acryl funkelt wundersch\u00f6n, es spiegeln sich darin die Lichtpunkte der LED Beleuchtung.<br \/>\nDie Lichterpyramide ist mit einem wetterfesten Netzteil ausgestattet, so dass Sie die Lichtfigur auch in Ihrem Au\u00dfenbereich platzieren k\u00f6nnen &#8211; die Deko ist witterungsbest\u00e4ndig und trotzt W\u00e4rme, Sonne, Regen, Schnee und K\u00e4lte.<br \/>\nDie Installation der Lichtpyramide ist kinderleicht \u2013 einfach aufstellen und an der Steckdose anschlie\u00dfen. Integriert ist ein praktischer Timer \/ Zeitschaltuhr. Stellen Sie 6 Stunden Leuchtdauer ein, danach folgt eine 18 st\u00fcndige Pause. Somit m\u00fcssen Sie abends in der D\u00e4mmerung nicht einschalten und mitten in der Nacht im Dunkeln nicht ans Ausschalten denken. Timer und Dauerleuchtfunktion sind frei w\u00e4hlbar.<\/p>\n","protected":false},"featured_media":56648,"comment_status":"open","ping_status":"closed","template":"","meta":[],"product_brand":[],"product_cat":[2108,15622],"product_tag":[],"class_list":{"0":"post-56647","1":"product","2":"type-product","3":"status-publish","4":"has-post-thumbnail","6":"product_cat-beleuchtung","7":"product_cat-lichterketten","8":"pa_brand-nipach-gmbh","9":"pa_manufacturer-nipach-gmbh","11":"first","12":"instock","13":"shipping-taxable","14":"purchasable","15":"product-type-simple","16":"customify-col","17":"product-has-gallery"},"yoast_head":"<!-- This site is optimized with the Yoast SEO plugin v27.4 - https:\/\/yoast.com\/product\/yoast-seo-wordpress\/ -->\n<title>LED Pyramide Lichterkegel \u2013 Beleuchtung f\u00fcr Weihnachten innen au\u00dfen \u2013 Acryl-Figur mit Trafo IP44 Timer 60 LED warm-wei\u00df\u2026 - Markt-XXL<\/title>\n<meta name=\"description\" content=\"Markt-XXL LED Pyramide Lichterkegel \u2013 Beleuchtung f\u00fcr Weihnachten innen au\u00dfen \u2013 Acryl-Figur mit Trafo IP44 Timer 60 LED warm-wei\u00df\u2026\" \/>\n<meta name=\"robots\" content=\"index, follow, max-snippet:-1, max-image-preview:large, max-video-preview:-1\" \/>\n<link rel=\"canonical\" href=\"https:\/\/marktxxl.de\/markt\/produkt\/led-pyramide-lichterkegel-beleuchtung-fuer-weihnachten-innen-aussen-acryl-figur-mit-trafo-ip44-timer-60-led-warm-weiss-90-cm-hoch-xmas-deko\/\" \/>\n<meta property=\"og:locale\" content=\"de_DE\" \/>\n<meta property=\"og:type\" content=\"article\" \/>\n<meta property=\"og:title\" content=\"LED Pyramide Lichterkegel \u2013 Beleuchtung f\u00fcr Weihnachten innen au\u00dfen \u2013 Acryl-Figur mit Trafo IP44 Timer 60 LED warm-wei\u00df\u2026 - Markt-XXL\" \/>\n<meta property=\"og:description\" content=\"Markt-XXL LED Pyramide Lichterkegel \u2013 Beleuchtung f\u00fcr Weihnachten innen au\u00dfen \u2013 Acryl-Figur mit Trafo IP44 Timer 60 LED warm-wei\u00df\u2026\" \/>\n<meta property=\"og:url\" content=\"https:\/\/marktxxl.de\/markt\/produkt\/led-pyramide-lichterkegel-beleuchtung-fuer-weihnachten-innen-aussen-acryl-figur-mit-trafo-ip44-timer-60-led-warm-weiss-90-cm-hoch-xmas-deko\/\" \/>\n<meta property=\"og:site_name\" content=\"Markt-XXL\" \/>\n<meta property=\"article:modified_time\" content=\"2023-04-10T00:11:13+00:00\" \/>\n<meta property=\"og:image\" content=\"https:\/\/m.media-amazon.com\/images\/I\/31OG1XOWsTL._SL500_.jpg\" \/>\n\t<meta property=\"og:image:width\" content=\"500\" \/>\n\t<meta property=\"og:image:height\" content=\"500\" \/>\n\t<meta property=\"og:image:type\" content=\"image\/jpeg\" \/>\n<meta name=\"twitter:card\" content=\"summary_large_image\" \/>\n<meta name=\"twitter:label1\" content=\"Gesch\u00e4tzte Lesezeit\" \/>\n\t<meta name=\"twitter:data1\" content=\"1\u00a0Minute\" \/>\n<script type=\"application\/ld+json\" class=\"yoast-schema-graph\">{\"@context\":\"https:\\\/\\\/schema.org\",\"@graph\":[{\"@type\":\"WebPage\",\"@id\":\"https:\\\/\\\/marktxxl.de\\\/markt\\\/produkt\\\/led-pyramide-lichterkegel-beleuchtung-fuer-weihnachten-innen-aussen-acryl-figur-mit-trafo-ip44-timer-60-led-warm-weiss-90-cm-hoch-xmas-deko\\\/\",\"url\":\"https:\\\/\\\/marktxxl.de\\\/markt\\\/produkt\\\/led-pyramide-lichterkegel-beleuchtung-fuer-weihnachten-innen-aussen-acryl-figur-mit-trafo-ip44-timer-60-led-warm-weiss-90-cm-hoch-xmas-deko\\\/\",\"name\":\"LED Pyramide Lichterkegel \u2013 Beleuchtung f\u00fcr Weihnachten innen au\u00dfen \u2013 Acryl-Figur mit Trafo IP44 Timer 60 LED warm-wei\u00df\u2026 - Markt-XXL\",\"isPartOf\":{\"@id\":\"https:\\\/\\\/marktxxl.de\\\/markt\\\/#website\"},\"primaryImageOfPage\":{\"@id\":\"https:\\\/\\\/marktxxl.de\\\/markt\\\/produkt\\\/led-pyramide-lichterkegel-beleuchtung-fuer-weihnachten-innen-aussen-acryl-figur-mit-trafo-ip44-timer-60-led-warm-weiss-90-cm-hoch-xmas-deko\\\/#primaryimage\"},\"image\":{\"@id\":\"https:\\\/\\\/marktxxl.de\\\/markt\\\/produkt\\\/led-pyramide-lichterkegel-beleuchtung-fuer-weihnachten-innen-aussen-acryl-figur-mit-trafo-ip44-timer-60-led-warm-weiss-90-cm-hoch-xmas-deko\\\/#primaryimage\"},\"thumbnailUrl\":\"https:\\\/\\\/m.media-amazon.com\\\/images\\\/I\\\/31OG1XOWsTL._SL500_.jpg\",\"datePublished\":\"2021-10-13T22:39:45+00:00\",\"dateModified\":\"2023-04-10T00:11:13+00:00\",\"description\":\"Markt-XXL LED Pyramide Lichterkegel \u2013 Beleuchtung f\u00fcr Weihnachten innen au\u00dfen \u2013 Acryl-Figur mit Trafo IP44 Timer 60 LED warm-wei\u00df\u2026\",\"breadcrumb\":{\"@id\":\"https:\\\/\\\/marktxxl.de\\\/markt\\\/produkt\\\/led-pyramide-lichterkegel-beleuchtung-fuer-weihnachten-innen-aussen-acryl-figur-mit-trafo-ip44-timer-60-led-warm-weiss-90-cm-hoch-xmas-deko\\\/#breadcrumb\"},\"inLanguage\":\"de\",\"potentialAction\":[{\"@type\":\"ReadAction\",\"target\":[\"https:\\\/\\\/marktxxl.de\\\/markt\\\/produkt\\\/led-pyramide-lichterkegel-beleuchtung-fuer-weihnachten-innen-aussen-acryl-figur-mit-trafo-ip44-timer-60-led-warm-weiss-90-cm-hoch-xmas-deko\\\/\"]}]},{\"@type\":\"ImageObject\",\"inLanguage\":\"de\",\"@id\":\"https:\\\/\\\/marktxxl.de\\\/markt\\\/produkt\\\/led-pyramide-lichterkegel-beleuchtung-fuer-weihnachten-innen-aussen-acryl-figur-mit-trafo-ip44-timer-60-led-warm-weiss-90-cm-hoch-xmas-deko\\\/#primaryimage\",\"url\":\"https:\\\/\\\/m.media-amazon.com\\\/images\\\/I\\\/31OG1XOWsTL._SL500_.jpg\",\"contentUrl\":\"https:\\\/\\\/m.media-amazon.com\\\/images\\\/I\\\/31OG1XOWsTL._SL500_.jpg\",\"width\":500,\"height\":500},{\"@type\":\"BreadcrumbList\",\"@id\":\"https:\\\/\\\/marktxxl.de\\\/markt\\\/produkt\\\/led-pyramide-lichterkegel-beleuchtung-fuer-weihnachten-innen-aussen-acryl-figur-mit-trafo-ip44-timer-60-led-warm-weiss-90-cm-hoch-xmas-deko\\\/#breadcrumb\",\"itemListElement\":[{\"@type\":\"ListItem\",\"position\":1,\"name\":\"Startseite\",\"item\":\"https:\\\/\\\/marktxxl.de\\\/markt\\\/\"},{\"@type\":\"ListItem\",\"position\":2,\"name\":\"Markt\",\"item\":\"https:\\\/\\\/marktxxl.de\\\/markt\\\/\"},{\"@type\":\"ListItem\",\"position\":3,\"name\":\"LED Pyramide Lichterkegel \u2013 Beleuchtung f\u00fcr Weihnachten innen au\u00dfen \u2013 Acryl-Figur mit Trafo IP44 Timer 60 LED warm-wei\u00df\u2026\"}]},{\"@type\":\"WebSite\",\"@id\":\"https:\\\/\\\/marktxxl.de\\\/markt\\\/#website\",\"url\":\"https:\\\/\\\/marktxxl.de\\\/markt\\\/\",\"name\":\"Markt-XXL\",\"description\":\"Ihr Markt Online\",\"publisher\":{\"@id\":\"https:\\\/\\\/marktxxl.de\\\/markt\\\/#organization\"},\"potentialAction\":[{\"@type\":\"SearchAction\",\"target\":{\"@type\":\"EntryPoint\",\"urlTemplate\":\"https:\\\/\\\/marktxxl.de\\\/markt\\\/?s={search_term_string}\"},\"query-input\":{\"@type\":\"PropertyValueSpecification\",\"valueRequired\":true,\"valueName\":\"search_term_string\"}}],\"inLanguage\":\"de\"},{\"@type\":\"Organization\",\"@id\":\"https:\\\/\\\/marktxxl.de\\\/markt\\\/#organization\",\"name\":\"Markt-XXL\",\"url\":\"https:\\\/\\\/marktxxl.de\\\/markt\\\/\",\"logo\":{\"@type\":\"ImageObject\",\"inLanguage\":\"de\",\"@id\":\"https:\\\/\\\/marktxxl.de\\\/markt\\\/#\\\/schema\\\/logo\\\/image\\\/\",\"url\":\"https:\\\/\\\/marktxxl.de\\\/markt\\\/wp-content\\\/uploads\\\/sites\\\/3\\\/2020\\\/12\\\/logo.png\",\"contentUrl\":\"https:\\\/\\\/marktxxl.de\\\/markt\\\/wp-content\\\/uploads\\\/sites\\\/3\\\/2020\\\/12\\\/logo.png\",\"width\":200,\"height\":70,\"caption\":\"Markt-XXL\"},\"image\":{\"@id\":\"https:\\\/\\\/marktxxl.de\\\/markt\\\/#\\\/schema\\\/logo\\\/image\\\/\"}}]}<\/script>\n<!-- \/ Yoast SEO plugin. -->","yoast_head_json":{"title":"LED Pyramide Lichterkegel \u2013 Beleuchtung f\u00fcr Weihnachten innen au\u00dfen \u2013 Acryl-Figur mit Trafo IP44 Timer 60 LED warm-wei\u00df\u2026 - Markt-XXL","description":"Markt-XXL LED Pyramide Lichterkegel \u2013 Beleuchtung f\u00fcr Weihnachten innen au\u00dfen \u2013 Acryl-Figur mit Trafo IP44 Timer 60 LED warm-wei\u00df\u2026","robots":{"index":"index","follow":"follow","max-snippet":"max-snippet:-1","max-image-preview":"max-image-preview:large","max-video-preview":"max-video-preview:-1"},"canonical":"https:\/\/marktxxl.de\/markt\/produkt\/led-pyramide-lichterkegel-beleuchtung-fuer-weihnachten-innen-aussen-acryl-figur-mit-trafo-ip44-timer-60-led-warm-weiss-90-cm-hoch-xmas-deko\/","og_locale":"de_DE","og_type":"article","og_title":"LED Pyramide Lichterkegel \u2013 Beleuchtung f\u00fcr Weihnachten innen au\u00dfen \u2013 Acryl-Figur mit Trafo IP44 Timer 60 LED warm-wei\u00df\u2026 - Markt-XXL","og_description":"Markt-XXL LED Pyramide Lichterkegel \u2013 Beleuchtung f\u00fcr Weihnachten innen au\u00dfen \u2013 Acryl-Figur mit Trafo IP44 Timer 60 LED warm-wei\u00df\u2026","og_url":"https:\/\/marktxxl.de\/markt\/produkt\/led-pyramide-lichterkegel-beleuchtung-fuer-weihnachten-innen-aussen-acryl-figur-mit-trafo-ip44-timer-60-led-warm-weiss-90-cm-hoch-xmas-deko\/","og_site_name":"Markt-XXL","article_modified_time":"2023-04-10T00:11:13+00:00","og_image":[{"width":500,"height":500,"url":"https:\/\/m.media-amazon.com\/images\/I\/31OG1XOWsTL._SL500_.jpg","type":"image\/jpeg"}],"twitter_card":"summary_large_image","twitter_misc":{"Gesch\u00e4tzte Lesezeit":"1\u00a0Minute"},"schema":{"@context":"https:\/\/schema.org","@graph":[{"@type":"WebPage","@id":"https:\/\/marktxxl.de\/markt\/produkt\/led-pyramide-lichterkegel-beleuchtung-fuer-weihnachten-innen-aussen-acryl-figur-mit-trafo-ip44-timer-60-led-warm-weiss-90-cm-hoch-xmas-deko\/","url":"https:\/\/marktxxl.de\/markt\/produkt\/led-pyramide-lichterkegel-beleuchtung-fuer-weihnachten-innen-aussen-acryl-figur-mit-trafo-ip44-timer-60-led-warm-weiss-90-cm-hoch-xmas-deko\/","name":"LED Pyramide Lichterkegel \u2013 Beleuchtung f\u00fcr Weihnachten innen au\u00dfen \u2013 Acryl-Figur mit Trafo IP44 Timer 60 LED warm-wei\u00df\u2026 - Markt-XXL","isPartOf":{"@id":"https:\/\/marktxxl.de\/markt\/#website"},"primaryImageOfPage":{"@id":"https:\/\/marktxxl.de\/markt\/produkt\/led-pyramide-lichterkegel-beleuchtung-fuer-weihnachten-innen-aussen-acryl-figur-mit-trafo-ip44-timer-60-led-warm-weiss-90-cm-hoch-xmas-deko\/#primaryimage"},"image":{"@id":"https:\/\/marktxxl.de\/markt\/produkt\/led-pyramide-lichterkegel-beleuchtung-fuer-weihnachten-innen-aussen-acryl-figur-mit-trafo-ip44-timer-60-led-warm-weiss-90-cm-hoch-xmas-deko\/#primaryimage"},"thumbnailUrl":"https:\/\/m.media-amazon.com\/images\/I\/31OG1XOWsTL._SL500_.jpg","datePublished":"2021-10-13T22:39:45+00:00","dateModified":"2023-04-10T00:11:13+00:00","description":"Markt-XXL LED Pyramide Lichterkegel \u2013 Beleuchtung f\u00fcr Weihnachten innen au\u00dfen \u2013 Acryl-Figur mit Trafo IP44 Timer 60 LED warm-wei\u00df\u2026","breadcrumb":{"@id":"https:\/\/marktxxl.de\/markt\/produkt\/led-pyramide-lichterkegel-beleuchtung-fuer-weihnachten-innen-aussen-acryl-figur-mit-trafo-ip44-timer-60-led-warm-weiss-90-cm-hoch-xmas-deko\/#breadcrumb"},"inLanguage":"de","potentialAction":[{"@type":"ReadAction","target":["https:\/\/marktxxl.de\/markt\/produkt\/led-pyramide-lichterkegel-beleuchtung-fuer-weihnachten-innen-aussen-acryl-figur-mit-trafo-ip44-timer-60-led-warm-weiss-90-cm-hoch-xmas-deko\/"]}]},{"@type":"ImageObject","inLanguage":"de","@id":"https:\/\/marktxxl.de\/markt\/produkt\/led-pyramide-lichterkegel-beleuchtung-fuer-weihnachten-innen-aussen-acryl-figur-mit-trafo-ip44-timer-60-led-warm-weiss-90-cm-hoch-xmas-deko\/#primaryimage","url":"https:\/\/m.media-amazon.com\/images\/I\/31OG1XOWsTL._SL500_.jpg","contentUrl":"https:\/\/m.media-amazon.com\/images\/I\/31OG1XOWsTL._SL500_.jpg","width":500,"height":500},{"@type":"BreadcrumbList","@id":"https:\/\/marktxxl.de\/markt\/produkt\/led-pyramide-lichterkegel-beleuchtung-fuer-weihnachten-innen-aussen-acryl-figur-mit-trafo-ip44-timer-60-led-warm-weiss-90-cm-hoch-xmas-deko\/#breadcrumb","itemListElement":[{"@type":"ListItem","position":1,"name":"Startseite","item":"https:\/\/marktxxl.de\/markt\/"},{"@type":"ListItem","position":2,"name":"Markt","item":"https:\/\/marktxxl.de\/markt\/"},{"@type":"ListItem","position":3,"name":"LED Pyramide Lichterkegel \u2013 Beleuchtung f\u00fcr Weihnachten innen au\u00dfen \u2013 Acryl-Figur mit Trafo IP44 Timer 60 LED warm-wei\u00df\u2026"}]},{"@type":"WebSite","@id":"https:\/\/marktxxl.de\/markt\/#website","url":"https:\/\/marktxxl.de\/markt\/","name":"Markt-XXL","description":"Ihr Markt Online","publisher":{"@id":"https:\/\/marktxxl.de\/markt\/#organization"},"potentialAction":[{"@type":"SearchAction","target":{"@type":"EntryPoint","urlTemplate":"https:\/\/marktxxl.de\/markt\/?s={search_term_string}"},"query-input":{"@type":"PropertyValueSpecification","valueRequired":true,"valueName":"search_term_string"}}],"inLanguage":"de"},{"@type":"Organization","@id":"https:\/\/marktxxl.de\/markt\/#organization","name":"Markt-XXL","url":"https:\/\/marktxxl.de\/markt\/","logo":{"@type":"ImageObject","inLanguage":"de","@id":"https:\/\/marktxxl.de\/markt\/#\/schema\/logo\/image\/","url":"https:\/\/marktxxl.de\/markt\/wp-content\/uploads\/sites\/3\/2020\/12\/logo.png","contentUrl":"https:\/\/marktxxl.de\/markt\/wp-content\/uploads\/sites\/3\/2020\/12\/logo.png","width":200,"height":70,"caption":"Markt-XXL"},"image":{"@id":"https:\/\/marktxxl.de\/markt\/#\/schema\/logo\/image\/"}}]}},"_links":{"self":[{"href":"https:\/\/marktxxl.de\/markt\/wp-json\/wp\/v2\/product\/56647","targetHints":{"allow":["GET"]}}],"collection":[{"href":"https:\/\/marktxxl.de\/markt\/wp-json\/wp\/v2\/product"}],"about":[{"href":"https:\/\/marktxxl.de\/markt\/wp-json\/wp\/v2\/types\/product"}],"replies":[{"embeddable":true,"href":"https:\/\/marktxxl.de\/markt\/wp-json\/wp\/v2\/comments?post=56647"}],"wp:featuredmedia":[{"embeddable":true,"href":"https:\/\/marktxxl.de\/markt\/wp-json\/wp\/v2\/media\/56648"}],"wp:attachment":[{"href":"https:\/\/marktxxl.de\/markt\/wp-json\/wp\/v2\/media?parent=56647"}],"wp:term":[{"taxonomy":"product_brand","embeddable":true,"href":"https:\/\/marktxxl.de\/markt\/wp-json\/wp\/v2\/product_brand?post=56647"},{"taxonomy":"product_cat","embeddable":true,"href":"https:\/\/marktxxl.de\/markt\/wp-json\/wp\/v2\/product_cat?post=56647"},{"taxonomy":"product_tag","embeddable":true,"href":"https:\/\/marktxxl.de\/markt\/wp-json\/wp\/v2\/product_tag?post=56647"}],"curies":[{"name":"wp","href":"https:\/\/api.w.org\/{rel}","templated":true}]}}