{"id":56605,"date":"2021-10-14T00:39:33","date_gmt":"2021-10-13T22:39:33","guid":{"rendered":"https:\/\/marktxxl.de\/markt\/produkt\/clgarden-premium-eisregen-lichterkette-mit-timer-5-jahre-garantie-aussen-haus-balkon-dachueberstand-lichtervorhang\/"},"modified":"2023-04-10T02:11:12","modified_gmt":"2023-04-10T00:11:12","slug":"clgarden-premium-eisregen-lichterkette-mit-timer-5-jahre-garantie-aussen-haus-balkon-dachueberstand-lichtervorhang","status":"publish","type":"product","link":"https:\/\/marktxxl.de\/markt\/produkt\/clgarden-premium-eisregen-lichterkette-mit-timer-5-jahre-garantie-aussen-haus-balkon-dachueberstand-lichtervorhang\/","title":{"rendered":"CLGarden LED Eisregen Premium Lichterkette ERN400 kaltwei\u00df Weihnachtsbeleuchtung au\u00dfen Haus 5 Jahre Garantie kein Rost\u2026"},"content":{"rendered":"<p>Qualit\u00e4t statt billig China! Mit dem Modell ERN von CLGarden erhalten Sie eine Premium Eisregen Lichterkette mit 5 Jahren Garantie.<br \/>\nFast jeder kennt das Problem: eine rostende Lichterkette die schon oft nach der ersten Saison keine richtige Funktion mehr zeigt. Standard Lichterketten entsprechen h\u00e4ufig nur der Schutzklasse IP44 und sind dadurch nur bedingt f\u00fcr den Au\u00dfenbereich geeignet.<br \/>\nMit dem hier angebotenen Eisregen erhalten Sie einen Lichtervorhang dessen LEDs inkl. Anschlusskabel komplett in einer Schutzh\u00fclle vergossen sind. Diese Schutzh\u00fclle ist mit einer weiteren Au\u00dfenh\u00fclle verpresst. Dadurch ist die Lichterkette komplett wasserdicht und entspricht der Schutzklasse IP68.<br \/>\nDer Sicherheitstransformator wandelt die gef\u00e4hrliche 230V Netzspannung in 31V DC und sorgt so f\u00fcr den sicheren Betrieb der Eisregen Beleuchtung. Zudem ist eine Timerfunktion (6h AN \/ 18h AUS) integriert, die bei Bedarf aktiviert werden kann.<br \/>\nDer Eisregen eignet sich hervorragend zur stimmungsvollen Weihnachtsbeleuchtung am Haus, Balkon, Dach\u00fcberstand etc. Aber auch in den Sommermonaten l\u00e4sst sich die Eisregen Lichterkette als Party oder Dekorationsbeleuchtung verwenden.<br \/>\n<div class=\"main-cross-sell\" data-asin=\"B08MWTTFHV\">\n\n\t<div class=\"WooZone-cross-sell-loader\">\n\t\t<div>\n\t\t\t<div id=\"floatingBarsG\">\n\t\t\t\t<div class=\"blockG\" id=\"rotateG_01\"><\/div>\n\t\t\t\t<div class=\"blockG\" id=\"rotateG_02\"><\/div>\n\t\t\t\t<div class=\"blockG\" id=\"rotateG_03\"><\/div>\n\t\t\t\t<div class=\"blockG\" id=\"rotateG_04\"><\/div>\n\t\t\t\t<div class=\"blockG\" id=\"rotateG_05\"><\/div>\n\t\t\t\t<div class=\"blockG\" id=\"rotateG_06\"><\/div>\n\t\t\t\t<div class=\"blockG\" id=\"rotateG_07\"><\/div>\n\t\t\t\t<div class=\"blockG\" id=\"rotateG_08\"><\/div>\n\t\t\t<\/div>\n\t\t\t<div class=\"WooZone-cross-sell-loader-text\"><\/div>\n\t\t<\/div>\n\t<\/div>\n\n\t\t\n<\/div>\n<div style=\"clear:both;\"><\/div><\/p>\n","protected":false},"excerpt":{"rendered":"<p>Qualit\u00e4t statt billig China! Mit dem Modell ERN von CLGarden erhalten Sie eine Premium Eisregen Lichterkette mit 5 Jahren Garantie.<br \/>\nFast jeder kennt das Problem: eine rostende Lichterkette die schon oft nach der ersten Saison keine richtige Funktion mehr zeigt. Standard Lichterketten entsprechen h\u00e4ufig nur der Schutzklasse IP44 und sind dadurch nur bedingt f\u00fcr den Au\u00dfenbereich geeignet.<br \/>\nMit dem hier angebotenen Eisregen erhalten Sie einen Lichtervorhang dessen LEDs inkl. Anschlusskabel komplett in einer Schutzh\u00fclle vergossen sind. Diese Schutzh\u00fclle ist mit einer weiteren Au\u00dfenh\u00fclle verpresst. Dadurch ist die Lichterkette komplett wasserdicht und entspricht der Schutzklasse IP68.<\/p>\n","protected":false},"featured_media":56609,"comment_status":"open","ping_status":"closed","template":"","meta":[],"product_brand":[],"product_cat":[2108,15622],"product_tag":[],"class_list":{"0":"post-56605","1":"product","2":"type-product","3":"status-publish","4":"has-post-thumbnail","6":"product_cat-beleuchtung","7":"product_cat-lichterketten","8":"pa_brand-clgarden","9":"pa_farbe-kaltweiss","10":"pa_farbe-warmweiss","11":"pa_groesse-ern400","12":"pa_groesse-ern600","13":"pa_manufacturer-clgarden","14":"pa_model-ern","16":"first","17":"instock","18":"shipping-taxable","19":"purchasable","20":"product-type-variable","21":"customify-col","22":"product-has-gallery"},"yoast_head":"<!-- This site is optimized with the Yoast SEO plugin v27.4 - https:\/\/yoast.com\/product\/yoast-seo-wordpress\/ -->\n<title>CLGarden LED Eisregen Premium Lichterkette ERN400 kaltwei\u00df Weihnachtsbeleuchtung au\u00dfen Haus 5 Jahre Garantie kein Rost\u2026 - Markt-XXL<\/title>\n<meta name=\"description\" content=\"Markt-XXL CLGarden LED Eisregen Premium Lichterkette ERN400 kaltwei\u00df Weihnachtsbeleuchtung au\u00dfen Haus 5 Jahre Garantie kein Rost\u2026\" \/>\n<meta name=\"robots\" content=\"index, follow, max-snippet:-1, max-image-preview:large, max-video-preview:-1\" \/>\n<link rel=\"canonical\" href=\"https:\/\/marktxxl.de\/markt\/produkt\/clgarden-premium-eisregen-lichterkette-mit-timer-5-jahre-garantie-aussen-haus-balkon-dachueberstand-lichtervorhang\/\" \/>\n<meta property=\"og:locale\" content=\"de_DE\" \/>\n<meta property=\"og:type\" content=\"article\" \/>\n<meta property=\"og:title\" content=\"CLGarden LED Eisregen Premium Lichterkette ERN400 kaltwei\u00df Weihnachtsbeleuchtung au\u00dfen Haus 5 Jahre Garantie kein Rost\u2026 - Markt-XXL\" \/>\n<meta property=\"og:description\" content=\"Markt-XXL CLGarden LED Eisregen Premium Lichterkette ERN400 kaltwei\u00df Weihnachtsbeleuchtung au\u00dfen Haus 5 Jahre Garantie kein Rost\u2026\" \/>\n<meta property=\"og:url\" content=\"https:\/\/marktxxl.de\/markt\/produkt\/clgarden-premium-eisregen-lichterkette-mit-timer-5-jahre-garantie-aussen-haus-balkon-dachueberstand-lichtervorhang\/\" \/>\n<meta property=\"og:site_name\" content=\"Markt-XXL\" \/>\n<meta property=\"article:modified_time\" content=\"2023-04-10T00:11:12+00:00\" \/>\n<meta property=\"og:image\" content=\"https:\/\/m.media-amazon.com\/images\/I\/51fYAamZfcL._SL500_.jpg\" \/>\n\t<meta property=\"og:image:width\" content=\"500\" \/>\n\t<meta property=\"og:image:height\" content=\"500\" \/>\n\t<meta property=\"og:image:type\" content=\"image\/jpeg\" \/>\n<meta name=\"twitter:card\" content=\"summary_large_image\" \/>\n<meta name=\"twitter:label1\" content=\"Gesch\u00e4tzte Lesezeit\" \/>\n\t<meta name=\"twitter:data1\" content=\"1\u00a0Minute\" \/>\n<script type=\"application\/ld+json\" class=\"yoast-schema-graph\">{\"@context\":\"https:\\\/\\\/schema.org\",\"@graph\":[{\"@type\":\"WebPage\",\"@id\":\"https:\\\/\\\/marktxxl.de\\\/markt\\\/produkt\\\/clgarden-premium-eisregen-lichterkette-mit-timer-5-jahre-garantie-aussen-haus-balkon-dachueberstand-lichtervorhang\\\/\",\"url\":\"https:\\\/\\\/marktxxl.de\\\/markt\\\/produkt\\\/clgarden-premium-eisregen-lichterkette-mit-timer-5-jahre-garantie-aussen-haus-balkon-dachueberstand-lichtervorhang\\\/\",\"name\":\"CLGarden LED Eisregen Premium Lichterkette ERN400 kaltwei\u00df Weihnachtsbeleuchtung au\u00dfen Haus 5 Jahre Garantie kein Rost\u2026 - Markt-XXL\",\"isPartOf\":{\"@id\":\"https:\\\/\\\/marktxxl.de\\\/markt\\\/#website\"},\"primaryImageOfPage\":{\"@id\":\"https:\\\/\\\/marktxxl.de\\\/markt\\\/produkt\\\/clgarden-premium-eisregen-lichterkette-mit-timer-5-jahre-garantie-aussen-haus-balkon-dachueberstand-lichtervorhang\\\/#primaryimage\"},\"image\":{\"@id\":\"https:\\\/\\\/marktxxl.de\\\/markt\\\/produkt\\\/clgarden-premium-eisregen-lichterkette-mit-timer-5-jahre-garantie-aussen-haus-balkon-dachueberstand-lichtervorhang\\\/#primaryimage\"},\"thumbnailUrl\":\"https:\\\/\\\/m.media-amazon.com\\\/images\\\/I\\\/51fYAamZfcL._SL500_.jpg\",\"datePublished\":\"2021-10-13T22:39:33+00:00\",\"dateModified\":\"2023-04-10T00:11:12+00:00\",\"description\":\"Markt-XXL CLGarden LED Eisregen Premium Lichterkette ERN400 kaltwei\u00df Weihnachtsbeleuchtung au\u00dfen Haus 5 Jahre Garantie kein Rost\u2026\",\"breadcrumb\":{\"@id\":\"https:\\\/\\\/marktxxl.de\\\/markt\\\/produkt\\\/clgarden-premium-eisregen-lichterkette-mit-timer-5-jahre-garantie-aussen-haus-balkon-dachueberstand-lichtervorhang\\\/#breadcrumb\"},\"inLanguage\":\"de\",\"potentialAction\":[{\"@type\":\"ReadAction\",\"target\":[\"https:\\\/\\\/marktxxl.de\\\/markt\\\/produkt\\\/clgarden-premium-eisregen-lichterkette-mit-timer-5-jahre-garantie-aussen-haus-balkon-dachueberstand-lichtervorhang\\\/\"]}]},{\"@type\":\"ImageObject\",\"inLanguage\":\"de\",\"@id\":\"https:\\\/\\\/marktxxl.de\\\/markt\\\/produkt\\\/clgarden-premium-eisregen-lichterkette-mit-timer-5-jahre-garantie-aussen-haus-balkon-dachueberstand-lichtervorhang\\\/#primaryimage\",\"url\":\"https:\\\/\\\/m.media-amazon.com\\\/images\\\/I\\\/51fYAamZfcL._SL500_.jpg\",\"contentUrl\":\"https:\\\/\\\/m.media-amazon.com\\\/images\\\/I\\\/51fYAamZfcL._SL500_.jpg\",\"width\":500,\"height\":500},{\"@type\":\"BreadcrumbList\",\"@id\":\"https:\\\/\\\/marktxxl.de\\\/markt\\\/produkt\\\/clgarden-premium-eisregen-lichterkette-mit-timer-5-jahre-garantie-aussen-haus-balkon-dachueberstand-lichtervorhang\\\/#breadcrumb\",\"itemListElement\":[{\"@type\":\"ListItem\",\"position\":1,\"name\":\"Startseite\",\"item\":\"https:\\\/\\\/marktxxl.de\\\/markt\\\/\"},{\"@type\":\"ListItem\",\"position\":2,\"name\":\"Markt\",\"item\":\"https:\\\/\\\/marktxxl.de\\\/markt\\\/\"},{\"@type\":\"ListItem\",\"position\":3,\"name\":\"CLGarden LED Eisregen Premium Lichterkette ERN400 kaltwei\u00df Weihnachtsbeleuchtung au\u00dfen Haus 5 Jahre Garantie kein Rost\u2026\"}]},{\"@type\":\"WebSite\",\"@id\":\"https:\\\/\\\/marktxxl.de\\\/markt\\\/#website\",\"url\":\"https:\\\/\\\/marktxxl.de\\\/markt\\\/\",\"name\":\"Markt-XXL\",\"description\":\"Ihr Markt Online\",\"publisher\":{\"@id\":\"https:\\\/\\\/marktxxl.de\\\/markt\\\/#organization\"},\"potentialAction\":[{\"@type\":\"SearchAction\",\"target\":{\"@type\":\"EntryPoint\",\"urlTemplate\":\"https:\\\/\\\/marktxxl.de\\\/markt\\\/?s={search_term_string}\"},\"query-input\":{\"@type\":\"PropertyValueSpecification\",\"valueRequired\":true,\"valueName\":\"search_term_string\"}}],\"inLanguage\":\"de\"},{\"@type\":\"Organization\",\"@id\":\"https:\\\/\\\/marktxxl.de\\\/markt\\\/#organization\",\"name\":\"Markt-XXL\",\"url\":\"https:\\\/\\\/marktxxl.de\\\/markt\\\/\",\"logo\":{\"@type\":\"ImageObject\",\"inLanguage\":\"de\",\"@id\":\"https:\\\/\\\/marktxxl.de\\\/markt\\\/#\\\/schema\\\/logo\\\/image\\\/\",\"url\":\"https:\\\/\\\/marktxxl.de\\\/markt\\\/wp-content\\\/uploads\\\/sites\\\/3\\\/2020\\\/12\\\/logo.png\",\"contentUrl\":\"https:\\\/\\\/marktxxl.de\\\/markt\\\/wp-content\\\/uploads\\\/sites\\\/3\\\/2020\\\/12\\\/logo.png\",\"width\":200,\"height\":70,\"caption\":\"Markt-XXL\"},\"image\":{\"@id\":\"https:\\\/\\\/marktxxl.de\\\/markt\\\/#\\\/schema\\\/logo\\\/image\\\/\"}}]}<\/script>\n<!-- \/ Yoast SEO plugin. -->","yoast_head_json":{"title":"CLGarden LED Eisregen Premium Lichterkette ERN400 kaltwei\u00df Weihnachtsbeleuchtung au\u00dfen Haus 5 Jahre Garantie kein Rost\u2026 - Markt-XXL","description":"Markt-XXL CLGarden LED Eisregen Premium Lichterkette ERN400 kaltwei\u00df Weihnachtsbeleuchtung au\u00dfen Haus 5 Jahre Garantie kein Rost\u2026","robots":{"index":"index","follow":"follow","max-snippet":"max-snippet:-1","max-image-preview":"max-image-preview:large","max-video-preview":"max-video-preview:-1"},"canonical":"https:\/\/marktxxl.de\/markt\/produkt\/clgarden-premium-eisregen-lichterkette-mit-timer-5-jahre-garantie-aussen-haus-balkon-dachueberstand-lichtervorhang\/","og_locale":"de_DE","og_type":"article","og_title":"CLGarden LED Eisregen Premium Lichterkette ERN400 kaltwei\u00df Weihnachtsbeleuchtung au\u00dfen Haus 5 Jahre Garantie kein Rost\u2026 - Markt-XXL","og_description":"Markt-XXL CLGarden LED Eisregen Premium Lichterkette ERN400 kaltwei\u00df Weihnachtsbeleuchtung au\u00dfen Haus 5 Jahre Garantie kein Rost\u2026","og_url":"https:\/\/marktxxl.de\/markt\/produkt\/clgarden-premium-eisregen-lichterkette-mit-timer-5-jahre-garantie-aussen-haus-balkon-dachueberstand-lichtervorhang\/","og_site_name":"Markt-XXL","article_modified_time":"2023-04-10T00:11:12+00:00","og_image":[{"width":500,"height":500,"url":"https:\/\/m.media-amazon.com\/images\/I\/51fYAamZfcL._SL500_.jpg","type":"image\/jpeg"}],"twitter_card":"summary_large_image","twitter_misc":{"Gesch\u00e4tzte Lesezeit":"1\u00a0Minute"},"schema":{"@context":"https:\/\/schema.org","@graph":[{"@type":"WebPage","@id":"https:\/\/marktxxl.de\/markt\/produkt\/clgarden-premium-eisregen-lichterkette-mit-timer-5-jahre-garantie-aussen-haus-balkon-dachueberstand-lichtervorhang\/","url":"https:\/\/marktxxl.de\/markt\/produkt\/clgarden-premium-eisregen-lichterkette-mit-timer-5-jahre-garantie-aussen-haus-balkon-dachueberstand-lichtervorhang\/","name":"CLGarden LED Eisregen Premium Lichterkette ERN400 kaltwei\u00df Weihnachtsbeleuchtung au\u00dfen Haus 5 Jahre Garantie kein Rost\u2026 - Markt-XXL","isPartOf":{"@id":"https:\/\/marktxxl.de\/markt\/#website"},"primaryImageOfPage":{"@id":"https:\/\/marktxxl.de\/markt\/produkt\/clgarden-premium-eisregen-lichterkette-mit-timer-5-jahre-garantie-aussen-haus-balkon-dachueberstand-lichtervorhang\/#primaryimage"},"image":{"@id":"https:\/\/marktxxl.de\/markt\/produkt\/clgarden-premium-eisregen-lichterkette-mit-timer-5-jahre-garantie-aussen-haus-balkon-dachueberstand-lichtervorhang\/#primaryimage"},"thumbnailUrl":"https:\/\/m.media-amazon.com\/images\/I\/51fYAamZfcL._SL500_.jpg","datePublished":"2021-10-13T22:39:33+00:00","dateModified":"2023-04-10T00:11:12+00:00","description":"Markt-XXL CLGarden LED Eisregen Premium Lichterkette ERN400 kaltwei\u00df Weihnachtsbeleuchtung au\u00dfen Haus 5 Jahre Garantie kein Rost\u2026","breadcrumb":{"@id":"https:\/\/marktxxl.de\/markt\/produkt\/clgarden-premium-eisregen-lichterkette-mit-timer-5-jahre-garantie-aussen-haus-balkon-dachueberstand-lichtervorhang\/#breadcrumb"},"inLanguage":"de","potentialAction":[{"@type":"ReadAction","target":["https:\/\/marktxxl.de\/markt\/produkt\/clgarden-premium-eisregen-lichterkette-mit-timer-5-jahre-garantie-aussen-haus-balkon-dachueberstand-lichtervorhang\/"]}]},{"@type":"ImageObject","inLanguage":"de","@id":"https:\/\/marktxxl.de\/markt\/produkt\/clgarden-premium-eisregen-lichterkette-mit-timer-5-jahre-garantie-aussen-haus-balkon-dachueberstand-lichtervorhang\/#primaryimage","url":"https:\/\/m.media-amazon.com\/images\/I\/51fYAamZfcL._SL500_.jpg","contentUrl":"https:\/\/m.media-amazon.com\/images\/I\/51fYAamZfcL._SL500_.jpg","width":500,"height":500},{"@type":"BreadcrumbList","@id":"https:\/\/marktxxl.de\/markt\/produkt\/clgarden-premium-eisregen-lichterkette-mit-timer-5-jahre-garantie-aussen-haus-balkon-dachueberstand-lichtervorhang\/#breadcrumb","itemListElement":[{"@type":"ListItem","position":1,"name":"Startseite","item":"https:\/\/marktxxl.de\/markt\/"},{"@type":"ListItem","position":2,"name":"Markt","item":"https:\/\/marktxxl.de\/markt\/"},{"@type":"ListItem","position":3,"name":"CLGarden LED Eisregen Premium Lichterkette ERN400 kaltwei\u00df Weihnachtsbeleuchtung au\u00dfen Haus 5 Jahre Garantie kein Rost\u2026"}]},{"@type":"WebSite","@id":"https:\/\/marktxxl.de\/markt\/#website","url":"https:\/\/marktxxl.de\/markt\/","name":"Markt-XXL","description":"Ihr Markt Online","publisher":{"@id":"https:\/\/marktxxl.de\/markt\/#organization"},"potentialAction":[{"@type":"SearchAction","target":{"@type":"EntryPoint","urlTemplate":"https:\/\/marktxxl.de\/markt\/?s={search_term_string}"},"query-input":{"@type":"PropertyValueSpecification","valueRequired":true,"valueName":"search_term_string"}}],"inLanguage":"de"},{"@type":"Organization","@id":"https:\/\/marktxxl.de\/markt\/#organization","name":"Markt-XXL","url":"https:\/\/marktxxl.de\/markt\/","logo":{"@type":"ImageObject","inLanguage":"de","@id":"https:\/\/marktxxl.de\/markt\/#\/schema\/logo\/image\/","url":"https:\/\/marktxxl.de\/markt\/wp-content\/uploads\/sites\/3\/2020\/12\/logo.png","contentUrl":"https:\/\/marktxxl.de\/markt\/wp-content\/uploads\/sites\/3\/2020\/12\/logo.png","width":200,"height":70,"caption":"Markt-XXL"},"image":{"@id":"https:\/\/marktxxl.de\/markt\/#\/schema\/logo\/image\/"}}]}},"_links":{"self":[{"href":"https:\/\/marktxxl.de\/markt\/wp-json\/wp\/v2\/product\/56605","targetHints":{"allow":["GET"]}}],"collection":[{"href":"https:\/\/marktxxl.de\/markt\/wp-json\/wp\/v2\/product"}],"about":[{"href":"https:\/\/marktxxl.de\/markt\/wp-json\/wp\/v2\/types\/product"}],"replies":[{"embeddable":true,"href":"https:\/\/marktxxl.de\/markt\/wp-json\/wp\/v2\/comments?post=56605"}],"wp:featuredmedia":[{"embeddable":true,"href":"https:\/\/marktxxl.de\/markt\/wp-json\/wp\/v2\/media\/56609"}],"wp:attachment":[{"href":"https:\/\/marktxxl.de\/markt\/wp-json\/wp\/v2\/media?parent=56605"}],"wp:term":[{"taxonomy":"product_brand","embeddable":true,"href":"https:\/\/marktxxl.de\/markt\/wp-json\/wp\/v2\/product_brand?post=56605"},{"taxonomy":"product_cat","embeddable":true,"href":"https:\/\/marktxxl.de\/markt\/wp-json\/wp\/v2\/product_cat?post=56605"},{"taxonomy":"product_tag","embeddable":true,"href":"https:\/\/marktxxl.de\/markt\/wp-json\/wp\/v2\/product_tag?post=56605"}],"curies":[{"name":"wp","href":"https:\/\/api.w.org\/{rel}","templated":true}]}}